{"id":11322,"date":"2021-06-03T01:48:24","date_gmt":"2021-06-02T22:48:24","guid":{"rendered":"https:\/\/sachviet.eu\/shop\/bo-hop-van-nhan-viet-nam-1930-1945-tac-pham-tuyen-chon-truyen-ki-phong-su-bo-6-quyen\/"},"modified":"2021-08-08T15:34:11","modified_gmt":"2021-08-08T12:34:11","slug":"bo-hop-van-nhan-viet-nam-1930-1945-tac-pham-tuyen-chon-truyen-ki-phong-su-bo-6-quyen","status":"publish","type":"product","link":"https:\/\/sachviet.eu\/en\/shop\/bo-hop-van-nhan-viet-nam-1930-1945-tac-pham-tuyen-chon-truyen-ki-phong-su-bo-6-quyen\/","title":{"rendered":"B\u1ed9 H\u1ed9p V\u0103n Nh\u00e2n Vi\u1ec7t Nam (1930-1945) &#8211; T\u00e1c Ph\u1ea9m Tuy\u1ec3n Ch\u1ecdn (Truy\u1ec7n &#8211; K\u00ed &#8211; Ph\u00f3ng S\u1ef1) &#8211;  B\u1ed9 6 quy\u1ec3n"},"content":{"rendered":"<p>B\u1ed9 H\u1ed9p V\u0103n Nh\u00e2n Vi\u1ec7t Nam (1930-1945) &#8211; T\u00e1c Ph\u1ea9m Tuy\u1ec3n Ch\u1ecdn (Truy\u1ec7n &#8211; K\u00ed &#8211; Ph\u00f3ng S\u1ef1) (B\u1ed9 6 Cu\u1ed1n)<br \/>\nTi\u1ebfp nh\u1eadn nh\u1eefng thay \u0111\u1ed5i c\u1ee7a th\u1eddi \u0111\u1ea1i v\u00e0 \u0111\u01b0\u1ee3c \u0111\u1eb7t n\u1ec1n m\u00f3ng v\u1eefng ch\u1eafc t\u1eeb nh\u1eefng n\u0103m \u0111\u1ea7u th\u1ebf k\u1ec9 XX, b\u01b0\u1edbc sang giai \u0111o\u1ea1n 1930-1945, V\u0103n h\u1ecdc Vi\u1ec7t Nam \u0111\u00e3 \u0111\u1ea1t t\u1edbi tr\u00ecnh \u0111\u1ed9 ph\u00e1t tri\u1ec3n v\u01b0\u1ee3t b\u1eadc &#8220;m\u1ed9t n\u0103m k\u1ec3 nh\u01b0 ba m\u01b0\u01a1i n\u0103m&#8221; c\u1ea3 \u1edf s\u1ed1 l\u01b0\u1ee3ng v\u00e0 ch\u1ea5t l\u01b0\u1ee3ng t\u00e1c ph\u1ea9m.<\/p>\n<p>Truy\u1ec7n ng\u1eafn, h\u1ed3i k\u00ed, ph\u00f3ng s\u1ef1&#8230; l\u00e0 nh\u1eefng th\u1ec3 lo\u1ea1i v\u0103n h\u1ecdc c\u00f3 c\u0169 c\u00f3 m\u1edbi, v\u1eeba k\u1ebf th\u1eeba t\u1eeb truy\u1ec1n th\u1ed1ng v\u1eeba hi\u1ec7n \u0111\u1ea1i h\u00f3a nh\u1eefng \u0111\u1eb7c s\u1eafc c\u1ee7a V\u0103n h\u1ecdc Vi\u1ec7t Nam th\u1ebf k\u1ec9 XX, \u0111\u1eb7c bi\u1ec7t \u0111\u1ebfn giai \u0111o\u1ea1n 1930-1945 nh\u1eefng th\u1ec3 lo\u1ea1i n\u00e0y \u0111\u00e3 ph\u00e1t tri\u1ec3n \u0111\u1ebfn \u0111\u1ec9nh cao v\u1edbi nhi\u1ec1u t\u00e1c ph\u1ea9m \u0111\u01b0\u1ee3c \u0111\u01b0a v\u00e0o h\u1ecdc trong nh\u00e0 tr\u01b0\u1eddng c\u0169ng nh\u01b0 \u0111\u01b0\u1ee3c \u0111\u00f4ng \u0111\u1ea3o b\u1ea1n \u0111\u1ecdc \u0111\u00f3n nh\u1eadn \u0111\u1ebfn nay.<\/p>\n<p>Combo V\u0103n Nh\u00e2n Vi\u1ec7t Nam (1930-1945) &#8211; T\u00e1c Ph\u1ea9m Tuy\u1ec3n Ch\u1ecdn (Truy\u1ec7n &#8211; K\u00ed &#8211; Ph\u00f3ng S\u1ef1) t\u1eadp h\u1ee3p 6 t\u00e1c ph\u1ea9m xu\u1ea5t s\u1eafc g\u1eafn li\u1ec1n v\u1edbi s\u00e1u t\u00ean tu\u1ed5i quen thu\u1ed9c:<\/p>\n<p>1. Vi\u1ec7c l\u00e0ng (Ph\u00f3ng s\u1ef1) &#8211; Ng\u00f4 T\u1ea5t T\u1ed1<\/p>\n<p>Ra \u0111\u1eddi c\u00e1ch \u0111\u00e2y ba ph\u1ea7n t\u01b0 th\u1ebf k\u1ef7, Ph\u00f3ng s\u1ef1 Vi\u1ec7c l\u00e0ng gi\u1edbi thi\u1ec7u v\u1edbi b\u1ea1n \u0111\u1ecdc nh\u1ea5t l\u00e0 th\u1ebf h\u1ec7 tr\u1ebb v\u00e0 v\u1edbi \u0111\u1ed9c gi\u1ea3 \u1edf c\u00e1c v\u00f9ng mi\u1ec1n kh\u00e1c trong c\u1ea3 n\u01b0\u1edbc ta v\u1ec1 &#8220;cu\u1ed9c \u0111\u1eddi v\u00e0 con ng\u01b0\u1eddi trong b\u1ee9c tranh l\u00e0ng qu\u00ea B\u1eafc B\u1ed9&#8221;.<\/p>\n<p>Tr\u1ea3i qua bi\u1ebft bao bi\u1ebfn \u0111\u1ed5i, Vi\u1ec7c l\u00e0ng v\u1eabn c\u00f2n \u00fd ngh\u0129a l\u1edbn v\u00e0 \u0111\u1ec3 l\u1ea1i nhi\u1ec1u b\u00e0i h\u1ecdc c\u00f3 gi\u00e1 tr\u1ecb trong qu\u00e1 tr\u00ecnh ch\u1ecdn l\u1ecdc, c\u1ea3i bi\u1ebfn v\u00e0 x\u00e2y d\u1ef1ng \u0111\u1eddi s\u1ed1ng v\u0103n ho\u00e1 m\u1edbi trong x\u00e3 h\u1ed9i n\u00f4ng th\u00f4n hi\u1ec7n nay.<\/p>\n<p>2. V\u1ee3 nh\u1eb7t (T\u1eadp truy\u1ec7n ng\u1eafn) &#8211; Kim L\u00e2n<\/p>\n<p>T\u1eadp truy\u1ec7n ng\u1eafn V\u1ee3 nh\u1eb7t t\u1eadp h\u1ee3p nh\u1eefng truy\u1ec7n ng\u1eafn \u0111\u1eb7c s\u1eafc nh\u1ea5t c\u1ee7a Kim L\u00e2n &#8211; m\u1ed9t c\u00e2y b\u00fat truy\u1ec7n ng\u1eafn v\u1eefng v\u00e0ng, vi\u1ebft v\u1ec1 cu\u1ed9c s\u1ed1ng v\u00e0 con ng\u01b0\u1eddi \u1edf n\u00f4ng th\u00f4n b\u1eb1ng t\u00ecnh c\u1ea3m, t\u00e2m h\u1ed3n c\u1ee7a m\u1ed9t ng\u01b0\u1eddi v\u1ed1n l\u00e0 con \u0111\u1ebb c\u1ee7a \u0111\u1ed3ng ru\u1ed9ng.3.3. Nh\u1eefng ng\u00e0y th\u01a1 \u1ea5u (H\u1ed3i k\u00ed) \u2013 Nguy\u00ean H\u1ed3ngT\u00e1c ph\u1ea9m Nh\u1eefng ng\u00e0y th\u01a1 \u1ea5u \u0111\u01b0\u1ee3c vi\u1ebft d\u01b0\u1edbi d\u1ea1ng h\u1ed3i k\u00ed c\u1ee7a nh\u00e2n v\u1eadt x\u01b0ng t\u00f4i, c\u00f3 t\u00ean H\u1ed3ng. Nh\u1eefng ng\u00e0y th\u01a1 \u1ea5u g\u1ed3m 9 ch\u01b0\u01a1ng thu g\u1ecdn m\u1ed9t c\u1ea3nh ng\u1ed9; v\u00e0 m\u1ed7i c\u1ea3nh ng\u1ed9 c\u0169ng nh\u01b0 l\u00e0 s\u1ef1 thu nh\u1ecf g\u01b0\u01a1ng m\u1eb7t x\u00e3 h\u1ed9i. Sau m\u1ed7i ch\u01b0\u01a1ng l\u00e0 s\u1ef1 t\u0103ng c\u1ea5p nh\u1eefng kh\u00f3 kh\u0103n v\u00e0 t\u00e0n l\u1ee5i c\u1ee7a gia \u0111\u00ecnh. Nh\u1eefng ng\u00e0y th\u01a1 \u1ea5u mang ch\u1ea5t t\u1ef1 truy\u1ec7n \u0111\u01b0\u1ee3c vi\u1ebft trong kho\u1ea3ng l\u00f9i th\u1eddi gian tr\u00ean 10 n\u0103m. Ch\u00e2n th\u1ef1c, ch\u00e2n th\u1ef1c \u0111\u1ebfn c\u00f9ng trong t\u1ef1 k\u1ec3 v\u1ec1 m\u00ecnh, \u0111\u00f3 l\u00e0 gi\u00e1 tr\u1ecb s\u1edbm c\u00f3 trong v\u0103n Nguy\u00ean H\u1ed3ng, khi\u1ebfn cho Th\u1ea1ch Lam, trong l\u1eddi t\u1ef1a s\u00e1ch in n\u0103m 1941 \u0111\u00e3 c\u00f3 th\u1ec3 vi\u1ebft: &#8220;\u0110\u00e2y l\u00e0 s\u1ef1 rung \u0111\u1ed9ng c\u1ef1c \u0111i\u1ec3m c\u1ee7a m\u1ed9t linh h\u1ed3n tr\u1ebb d\u1ea1i&#8221;.<\/p>\n<p>4. Gi\u00f3 l\u1ea1nh \u0111\u1ea7u m\u00f9a (T\u1eadp truy\u1ec7n ng\u1eafn) &#8211; Th\u1ea1ch Lam<\/p>\n<p>T\u1eadp truy\u1ec7n ng\u1eafn Gi\u00f3 l\u1ea1nh \u0111\u1ea7u m\u00f9a t\u1eadp h\u1ee3p tr\u1ecdn v\u1eb9n nh\u1eefng truy\u1ec7n ng\u1eafn \u0111\u00e3 \u0111\u0103ng b\u00e1o c\u1ee7a Th\u1ea1ch Lam, thu\u1ed9c c\u00e1c t\u1eadp Gi\u00f3 \u0111\u1ea7u m\u00f9a, N\u1eafng trong v\u01b0\u1eddnv\u00e0 S\u1ee3i t\u00f3c. L\u1eddi v\u0103n Th\u1ea1ch Lam nhi\u1ec1u h\u00ecnh \u1ea3nh, nhi\u1ec1u t\u00ecm t\u00f2i, c\u00f3 m\u1ed9t c\u00e1ch \u0111i\u1ec7u thanh th\u1ea3n, b\u00ecnh d\u1ecb v\u00e0 s\u00e2u s\u1eafc. V\u0103n Th\u1ea1ch Lam \u0111\u1ecdng nhi\u1ec1u suy nghi\u1ec7m, l\u00e0 c\u00e1i k\u1ebft tinh c\u1ee7a m\u1ed9t t\u00e2m h\u1ed3n nh\u1ea1y c\u1ea3m v\u00e0 t\u1eebng tr\u1ea3i v\u1ec1 s\u1ef1 \u0111\u1eddi. Th\u1ea1ch Lam c\u00f3 nh\u1eefng nh\u1eadn x\u00e9t tinh t\u1ebf v\u1ec1 cu\u1ed9c s\u1ed1ng h\u1eb1ng ng\u00e0y. X\u00fac c\u1ea3m c\u1ee7a nh\u00e0 v\u0103n Th\u1ea1ch Lam th\u01b0\u1eddng b\u1eaft ngu\u1ed3n v\u00e0 n\u1ea3y n\u1edf l\u00ean t\u1eeb nh\u1eefng ch\u00e2n c\u1ea3m \u0111\u1ed1i v\u1edbi nh\u1eefng con ng\u01b0\u1eddi \u1edf t\u1ea7ng l\u1edbp d\u00e2n ngh\u00e8o th\u00e0nh th\u1ecb v\u00e0 th\u00f4n qu\u00ea. Th\u1ea1ch Lam l\u00e0 m\u1ed9t nh\u00e0 v\u0103n qu\u00fd m\u1ebfn cu\u1ed9c s\u1ed1ng, trang tr\u1ecdng tr\u01b0\u1edbc s\u1ef1 s\u1ed1ng c\u1ee7a m\u1ecdi ng\u01b0\u1eddi chung quanh. Ng\u00e0y nay \u0111\u1ecdc l\u1ea1i Th\u1ea1ch Lam, v\u1eabn th\u1ea5y \u0111\u1ea7y \u0111\u1ee7 c\u00e1i d\u01b0 v\u1ecb v\u00e0 c\u00e1i nh\u00e3 th\u00fa c\u1ee7a nh\u1eefng t\u00e1c ph\u1ea9m c\u00f3 c\u1ed1t c\u00e1ch v\u00e0 ph\u1ea9m ch\u1ea5t v\u0103n h\u1ecdc.<\/p>\n<p>5. \u0110\u1eddi th\u1eeba (T\u1eadp truy\u1ec7n ng\u1eafn) &#8211; Nam Cao<\/p>\n<p>\u0110\u1eddi th\u1eeba &#8211; \u1ea5n b\u1ea3n m\u1edbi ph\u00e1t h\u00e0nh 2016 c\u1ee7a Minh Long Book tuy\u1ec3n ch\u1ecdn nh\u1eefng truy\u1ec7n ng\u1eafn \u0111\u1eb7c s\u1eafc c\u1ee7a Nam Cao xoay quanh cu\u1ed9c s\u1ed1ng ng\u01b0\u1eddi tr\u00ed th\u1ee9c, v\u1edbi nh\u1eefng tuy\u00ean ng\u00f4n \u0111\u1ec3 \u0111\u1eddi c\u1ee7a nh\u00e0 v\u0103n Nam Cao v\u1ec1 v\u0103n ch\u01b0\u01a1ng, ngh\u1ec7 thu\u1eadt.Qua s\u00e1ng t\u00e1c c\u1ee7a m\u00ecnh, Nam Cao th\u1ec3 hi\u1ec7n quan \u0111i\u1ec3m ngh\u1ec7 thu\u1eadt r\u1eb1ng, m\u1ed9t t\u00e1c ph\u1ea9m v\u0103n h\u1ecdc ph\u1ea3i v\u01b0\u1ee3t l\u00ean tr\u00ean t\u1ea5t c\u1ea3 c\u00e1c b\u1edd c\u00f5i v\u00e0 gi\u1edbi h\u1ea1n, ph\u1ea3i l\u00e0 m\u1ed9t t\u00e1c ph\u1ea9m chung cho c\u1ea3 lo\u00e0i ng\u01b0\u1eddi. &#8220;N\u00f3 ph\u1ea3i ch\u1ee9a \u0111\u1ef1ng \u0111\u01b0\u1ee3c m\u1ed9t c\u00e1i g\u00ec l\u1edbn lao, m\u1ea1nh m\u1ebd, v\u1eeba \u0111au \u0111\u1edbn, l\u1ea1i v\u1eeba ph\u1ea5n kh\u1edfi; ca t\u1ee5ng t\u00ecnh y\u00eau, b\u00e1c \u00e1i, c\u00f4ng b\u1eb1ng&#8221; v\u00e0 &#8220;V\u0103n ch\u01b0\u01a1ng kh\u00f4ng c\u1ea7n \u0111\u1ebfn s\u1ef1 kh\u00e9o tay, l\u00e0m theo m\u1ed9t c\u00e1i khu\u00f4n m\u1eabu. V\u0103n ch\u01b0\u01a1ng ch\u1ec9 dung n\u1ea1p nh\u1eefng ng\u01b0\u1eddi bi\u1ebft \u0111\u00e0o s\u00e2u, bi\u1ebft t\u00ecm t\u00f2i, kh\u01a1i nh\u1eefng ngu\u1ed3n ch\u01b0a ai kh\u01a1i v\u00e0 s\u00e1ng t\u1ea1o ra c\u00e1i g\u00ec ch\u01b0a c\u00f3&#8221;. \u00d4ng \u0111\u00f2i h\u1ecfi nh\u00e0 v\u0103n ph\u1ea3i c\u00f3 l\u01b0\u01a1ng t\u00e2m, c\u00f3 nh\u00e2n c\u00e1ch x\u1ee9ng v\u1edbi ngh\u1ec1; v\u00e0 cho r\u1eb1ng s\u1ef1 c\u1ea9u th\u1ea3 trong v\u0103n ch\u01b0\u01a1ng ch\u1eb3ng nh\u1eefng l\u00e0 b\u1ea5t l\u01b0\u01a1ng m\u00e0 c\u00f2n l\u00e0 \u0111\u00ea ti\u1ec7n.<\/p>\n<p>6. Ch\u00ed Ph\u00e8o (T\u1eadp truy\u1ec7n ng\u1eafn) &#8211; Nam Cao<\/p>\n<p>Ch\u00ed Ph\u00e8o &#8211; t\u1eadp truy\u1ec7n ng\u1eafn t\u00e1i hi\u1ec7n b\u1ee9c tranh ch\u00e2n th\u1ef1c n\u00f4ng th\u00f4n Vi\u1ec7t Nam tr\u01b0\u1edbc 1945, ngh\u00e8o \u0111\u00f3i, x\u01a1 x\u00e1c tr\u00ean con \u0111\u01b0\u1eddng ph\u00e1 s\u1ea3n, b\u1ea7n c\u00f9ng, h\u1ebft s\u1ee9c th\u00ea th\u1ea3m, ng\u01b0\u1eddi n\u00f4ng d\u00e2n b\u1ecb \u0111\u1ea9y v\u00e0o con \u0111\u01b0\u1eddng tha h\u00f3a, l\u01b0u manh h\u00f3a. Nam Cao kh\u00f4ng h\u1ec1 b\u00f4i nh\u1ecd ng\u01b0\u1eddi n\u00f4ng d\u00e2n, tr\u00e1i l\u1ea1i nh\u00e0 v\u0103n \u0111i s\u00e2u v\u00e0o n\u1ed9i t\u00e2m nh\u00e2n v\u1eadt \u0111\u1ec3 kh\u1eb3ng \u0111\u1ecbnh nh\u00e2n ph\u1ea9m v\u00e0 b\u1ea3n ch\u1ea5t l\u01b0\u01a1ng thi\u1ec7n ngay c\u1ea3 khi b\u1ecb v\u00f9i d\u1eadp, c\u01b0\u1edbp m\u1ea5t c\u00e0 nh\u00e2n h\u00ecnh, nh\u00e2n t\u00ednh c\u1ee7a ng\u01b0\u1eddi n\u00f4ng d\u00e2n, \u0111\u1ed3ng th\u1eddi k\u1ebft \u00e1n \u0111anh th\u00e9p c\u00e1i x\u00e3 h\u1ed9i t\u00e0n b\u1ea1o \u0111\u00f3 tr\u01b0\u1edbc 1945. Nh\u1eefng s\u00e1ng t\u00e1c c\u1ee7a Nam Cao ngo\u00e0i gi\u00e1 tr\u1ecb hi\u1ec7n th\u1ef1c s\u00e2u s\u1eafc, c\u00e1c t\u00e1c ph\u1ea9m \u0111i s\u00e2u v\u00e0o n\u1ed9i t\u00e2m nh\u00e2n v\u1eadt, \u0111\u1ec3 l\u1ea1i nh\u1eefng c\u1ea3m x\u00fac s\u00e2u l\u1eafng trong l\u00f2ng ng\u01b0\u1eddi \u0111\u1ecdc.<\/p>\n","protected":false},"excerpt":{"rendered":"<p>B\u1ed9 H\u1ed9p V\u0103n Nh\u00e2n Vi\u1ec7t Nam (1930-1945) &#8211; T\u00e1c Ph\u1ea9m Tuy\u1ec3n Ch\u1ecdn (Truy\u1ec7n &#8211; K\u00ed &#8211; Ph\u00f3ng S\u1ef1) (B\u1ed9 6 Cu\u1ed1n)<br \/>\nTi\u1ebfp nh\u1eadn nh\u1eefng thay \u0111\u1ed5i c\u1ee7a th\u1eddi \u0111\u1ea1i v\u00e0 \u0111\u01b0\u1ee3c \u0111\u1eb7t n\u1ec1n m\u00f3ng v\u1eefng ch\u1eafc t\u1eeb nh\u1eefng n\u0103m \u0111\u1ea7u th\u1ebf k\u1ec9 XX, b\u01b0\u1edbc sang giai \u0111o\u1ea1n 1930-1945, V\u0103n h\u1ecdc Vi\u1ec7t Nam \u0111\u00e3 \u0111\u1ea1t t\u1edbi tr\u00ecnh \u0111\u1ed9 ph\u00e1t tri\u1ec3n v\u01b0\u1ee3t b\u1eadc &#8220;m\u1ed9t n\u0103m k\u1ec3 nh\u01b0 ba m\u01b0\u01a1i n\u0103m&#8221; c\u1ea3 \u1edf s\u1ed1 l\u01b0\u1ee3ng v\u00e0 ch\u1ea5t l\u01b0\u1ee3ng t\u00e1c ph\u1ea9m.<\/p>\n<p>Truy\u1ec7n ng\u1eafn, h\u1ed3i k\u00ed, ph\u00f3ng s\u1ef1&#8230; l\u00e0 nh\u1eefng th\u1ec3 lo\u1ea1i v\u0103n h\u1ecdc c\u00f3 c\u0169 c\u00f3 m\u1edbi, v\u1eeba k\u1ebf th\u1eeba t\u1eeb truy\u1ec1n th\u1ed1ng v\u1eeba hi\u1ec7n \u0111\u1ea1i h\u00f3a nh\u1eefng \u0111\u1eb7c s\u1eafc c\u1ee7a V\u0103n h\u1ecdc Vi\u1ec7t Nam th\u1ebf k\u1ec9 XX, \u0111\u1eb7c bi\u1ec7t \u0111\u1ebfn giai \u0111o\u1ea1n 1930-1945 nh\u1eefng th\u1ec3 lo\u1ea1i n\u00e0y \u0111\u00e3 ph\u00e1t tri\u1ec3n \u0111\u1ebfn \u0111\u1ec9nh cao v\u1edbi nhi\u1ec1u t\u00e1c ph\u1ea9m \u0111\u01b0\u1ee3c \u0111\u01b0a v\u00e0o h\u1ecdc trong nh\u00e0 tr\u01b0\u1eddng c\u0169ng nh\u01b0 \u0111\u01b0\u1ee3c \u0111\u00f4ng \u0111\u1ea3o b\u1ea1n \u0111\u1ecdc \u0111\u00f3n nh\u1eadn \u0111\u1ebfn nay.<\/p>\n<p>Combo V\u0103n Nh\u00e2n Vi\u1ec7t Nam (1930-1945) &#8211; T\u00e1c Ph\u1ea9m Tuy\u1ec3n Ch\u1ecdn (Truy\u1ec7n &#8211; K\u00ed &#8211; Ph\u00f3ng S\u1ef1) t\u1eadp h\u1ee3p 6 t\u00e1c ph\u1ea9m xu\u1ea5t s\u1eafc g\u1eafn li\u1ec1n v\u1edbi s\u00e1u t\u00ean tu\u1ed5i quen thu\u1ed9c<\/p>\n","protected":false},"featured_media":11321,"template":"","meta":{"_acf_changed":false},"product_brand":[],"product_cat":[15,45],"product_tag":[],"class_list":{"0":"post-11322","1":"product","2":"type-product","3":"status-publish","4":"has-post-thumbnail","6":"product_cat-sach-danh-cho-nguoi-lon","7":"product_cat-tieu-thuyet","9":"first","10":"outofstock","11":"taxable","12":"shipping-taxable","13":"purchasable","14":"product-type-simple"},"supplier_id":null,"supplier_sku":"","barcode":null,"atum_controlled":true,"out_stock_date":"2021-08-08 12:34:11","out_stock_threshold":null,"inheritable":false,"inbound_stock":1,"stock_on_hold":0,"sold_today":0,"sales_last_days":0,"reserved_stock":0,"customer_returns":0,"warehouse_damage":0,"lost_in_post":0,"other_logs":0,"out_stock_days":1634,"lost_sales":0,"has_location":false,"update_date":"2026-01-28T23:10:49","atum_locations":[],"atum_stock_status":"outofstock","restock_status":false,"low_stock_amount":"","sales_update_date":"2026-01-28T23:10:49","calc_backorders":null,"acf":{"publisher":{"ID":9667,"post_author":"1","post_date":"2021-06-02 01:30:53","post_date_gmt":"2021-06-01 22:30:53","post_content":"","post_title":"Minh Long","post_excerpt":"","post_status":"publish","comment_status":"closed","ping_status":"closed","post_password":"","post_name":"minh-long","to_ping":"","pinged":"","post_modified":"2021-06-02 01:30:53","post_modified_gmt":"2021-06-01 22:30:53","post_content_filtered":"","post_parent":0,"guid":"https:\/\/sachviet.eu\/nha-phat-hanh\/minh-long\/","menu_order":0,"post_type":"publisher","post_mime_type":"","comment_count":"0","filter":"raw"}},"_links":{"self":[{"href":"https:\/\/sachviet.eu\/en\/wp-json\/wp\/v2\/product\/11322","targetHints":{"allow":["GET"]}}],"collection":[{"href":"https:\/\/sachviet.eu\/en\/wp-json\/wp\/v2\/product"}],"about":[{"href":"https:\/\/sachviet.eu\/en\/wp-json\/wp\/v2\/types\/product"}],"wp:featuredmedia":[{"embeddable":true,"href":"https:\/\/sachviet.eu\/en\/wp-json\/wp\/v2\/media\/11321"}],"wp:attachment":[{"href":"https:\/\/sachviet.eu\/en\/wp-json\/wp\/v2\/media?parent=11322"}],"wp:term":[{"taxonomy":"product_brand","embeddable":true,"href":"https:\/\/sachviet.eu\/en\/wp-json\/wp\/v2\/product_brand?post=11322"},{"taxonomy":"product_cat","embeddable":true,"href":"https:\/\/sachviet.eu\/en\/wp-json\/wp\/v2\/product_cat?post=11322"},{"taxonomy":"product_tag","embeddable":true,"href":"https:\/\/sachviet.eu\/en\/wp-json\/wp\/v2\/product_tag?post=11322"}],"curies":[{"name":"wp","href":"https:\/\/api.w.org\/{rel}","templated":true}]}}