{"id":11320,"date":"2021-06-03T01:48:15","date_gmt":"2021-06-02T22:48:15","guid":{"rendered":"https:\/\/sachviet.eu\/shop\/lu-tre-lang-on-ao\/"},"modified":"2022-03-13T00:36:19","modified_gmt":"2022-03-12T22:36:19","slug":"lu-tre-lang-on-ao","status":"publish","type":"product","link":"https:\/\/sachviet.eu\/en\/shop\/lu-tre-lang-on-ao\/","title":{"rendered":"L\u0169 tr\u1ebb l\u00e0ng \u1ed3n \u00e0o"},"content":{"rendered":"<p>  \u201cT\u00f4i vi\u1ebft \u0111\u1ec3 l\u00e0m vui \u0111\u1ee9a tr\u1ebb trong t\u00f4i, v\u00e0 t\u00f4i ch\u1ec9 c\u00f3 th\u1ec3 hi v\u1ecdng r\u1eb1ng nh\u1eefng \u0111\u1ee9a tr\u1ebb kh\u00e1c c\u0169ng c\u1ea3m th\u1ea5y vui theo c\u00e1ch \u0111\u00f3.\u201d \u2013 ni\u1ec1m hi v\u1ecdng c\u1ee7a Astrid Lindgren \u0111\u00e3 ho\u00e0n to\u00e0n tr\u1edf th\u00e0nh hi\u1ec7n th\u1ef1c, ng\u00e0y nay, tr\u1ebb em \u1edf nhi\u1ec1u n\u01b0\u1edbc tr\u00ean to\u00e0n c\u1ea7u v\u1eabn \u0111ang vui th\u00edch khi \u0111\u1ecdc nh\u1eefng cu\u1ed1n truy\u1ec7n m\u00e0 b\u00e0 s\u00e1ng t\u00e1c t\u1eeb nhi\u1ec1u nhi\u1ec1u n\u0103m tr\u01b0\u1edbc.  <\/p>\n<p>Astrid Lindgren t\u1ea1o n\u00ean th\u1ebf gi\u1edbi tr\u1ebb th\u01a1 trong veo, tinh ngh\u1ecbch, ch\u1eb3ng khi n\u00e0o to t\u00e1t nh\u01b0ng r\u00f5 r\u00e0ng l\u1ea1i \u0111\u1ea7y \u201cuy l\u1ef1c\u201d. Tr\u1ebb em m\u00ea th\u00edch truy\u1ec7n b\u00e0 vi\u1ebft b\u1edfi l\u1ebd ch\u00fang \u0111\u01b0\u1ee3c l\u00e0m quen v\u1edbi nh\u1eefng \u201c\u00f4ng b\u1ea1n\u201d, \u201cb\u00e0 b\u1ea1n\u201d \u0111\u1ed3ng \u0111i\u1ec7u \u1edf t\u00edt m\u1ed9t \u0111\u1ea5t n\u01b0\u1edbc xa x\u00f4i; c\u00f2n ng\u01b0\u1eddi l\u1edbn \u2013 ch\u00fang t\u00f4i tin r\u1eb1ng ng\u01b0\u1eddi l\u1edbn c\u0169ng kho\u00e1i ch\u00ed h\u1ec5 c\u00f3 d\u1ecbp \u0111\u1ecdc nh\u1eefng s\u00e1ng t\u00e1c cho tr\u1ebb em c\u1ee7a Astrid Lindgren, b\u1edfi h\u1ecd s\u1ebd th\u1ea5y l\u1ea1i tu\u1ed5i th\u01a1 t\u00ed to\u00e1y \u0111\u00e1ng y\u00eau n\u0103m n\u00e0o.<\/p>\n<p>L\u0169 tr\u1ebb l\u00e0ng \u1ed2n \u00c0o g\u1ed3m 6 \u0111\u1ee9a tr\u1ebb, v\u1edbi c\u00f4 b\u00e9 Lisa 7 tu\u1ed5i d\u1eabn chuy\u1ec7n. Phe con g\u00e1i c\u00f3 Lisa, Anna v\u00e0 ch\u1ecb Britta; phe c\u00f2n trai th\u00ec t\u1eadp h\u1ee3p Lasse, Bosse (hai anh trai c\u1ee7a Lisa) v\u00e0 b\u1ea1n Olle. Hai phe tr\u00eau \u0111\u00f9a, gi\u1ec5u c\u1ee3t nhau c\u1ea3 ng\u00e0y kh\u00f4ng bi\u1ebft ch\u00e1n: Lasse v\u00e0 Bosse th\u01b0\u1eddng n\u00f3i \u0111\u00e1m con g\u00e1i kh\u00f4ng \u0111\u1ee7 tr\u00ecnh \u0111\u1ec3 ch\u01a1i tr\u00f2 ng\u01b0\u1eddi da \u0111\u1ecf, r\u1ed3i 3 c\u00f4 con g\u00e1i th\u00ec cho r\u1eb1ng \u0111\u00e1m con trai c\u00f2n l\u00e2u m\u1edbi bi\u1ebft gi\u1eef b\u00ed m\u1eadt \u2013 c\u00f2n l\u00e2u!<\/p>\n<p>C\u1ee9 th\u1ebf, c\u1ee9 th\u1ebf, cu\u1ed9c s\u1ed1ng c\u1ee7a l\u0169 tr\u1ebb \u1edf l\u00e0ng l\u00fac n\u00e0o c\u0169ng s\u00f4i \u0111\u1ed9ng, t\u01b0\u01a1i vui: thi nhau t\u1ec9a c\u1ee7 c\u1ea3i, thi nhau nh\u1ea3y v\u00e0o \u0111\u1ed1ng c\u1ecf kh\u00f4 \u201cth\u00e2m th\u1ea5p ph\u0103ng ph\u1eb3ng nh\u01b0 t\u1ea5m n\u1ec7m\u201d, x\u00e2y \u0111\u01b0\u1eddng h\u1ea7m, th\u1eadm ch\u00ed l\u00ean k\u1ebf ho\u1ea1ch \u201cb\u1ecf nh\u00e0 ra \u0111i\u201d. Th\u1eadt \u0111\u00e1ng ng\u1ea1c nhi\u00ean \u2013 \u0111\u00e3 c\u00f3 th\u1eddi l\u0169 tr\u1ebb kh\u00f4ng c\u1ea7n t\u1edbi \u0111i\u1ec7n tho\u1ea1i, t\u1edbi nh\u1eefng thi\u1ebft b\u1ecb th\u00f4ng minh m\u00e0 v\u1eabn vui n\u1ed5 tr\u1eddi \u0111\u1ebfn th\u1ebf.<\/p>\n<p>\u0110i\u1ec1u gi\u00e1 tr\u1ecb b\u1eadc nh\u1ea5t l\u00e0 truy\u1ec7n c\u1ee7a Astrid Lindgren kh\u00f4ng ch\u1ec9 m\u00f4 t\u1ea3 nh\u1eefng tr\u00f2 \u0111\u00f9a vui thu\u1edf \u1ea5u th\u01a1 m\u00e0 c\u00f2n ng\u1eadp tr\u00e0n t\u00ecnh y\u00eau th\u01b0\u01a1ng \u0111\u01b0\u1ee3c l\u0169 tr\u1ebb lan t\u1ecfa trong cu\u1ed9c s\u1ed1ng. 6 b\u1ea1n nh\u1ecf t\u1ea1i l\u00e0ng \u1ed2n \u00c0o r\u1ea5t th\u00edch ch\u01a1i v\u1edbi \u00d4ng, \u0111\u1ecdc s\u00e1ch b\u00e1o cho ng\u01b0\u1eddi \u00f4ng m\u1eaft k\u00e9m nghe; c\u00e1c em kh\u00f4ng ng\u1ea1i t\u1edbi nh\u00e0 c\u00f4 gi\u00e1o \u0111\u1ec3 ch\u0103m c\u00f4 b\u1ecb \u1ed1m; r\u1ed3i c\u00e1c em c\u00f3 th\u1ec3 \u201cc\u1ea3m h\u00f3a\u201d ch\u00fa ch\u00f3 h\u01b0 b\u1eb1ng s\u1ef1 ch\u0103m s\u00f3c, v\u1ed7 v\u1ec1 \u0111\u1ea7y n\u1ed3ng \u1ea5m v.v.<\/p>\n<p>Xu\u1ea5t ph\u00e1t t\u1eeb ao \u01b0\u1edbc \u0111\u01b0\u1ee3c \u201cl\u00e0m vui\u201d \u0111\u1ee9a tr\u1ebb b\u00ean trong ch\u00ednh m\u00ecnh n\u00ean nh\u1eefng c\u00e2u chuy\u1ec7n m\u00e0 Astrid Lindgren vi\u1ebft \u0111\u1ec1u qu\u00e1 \u0111\u1ed7i t\u1ef1 nhi\u00ean, h\u1ed3n nhi\u00ean, kh\u00f4ng ph\u1ea3i m\u1ed9t ng\u01b0\u1eddi l\u1edbn \u0111\u00f3ng vai con tr\u1ebb. L\u00e0m \u0111i\u1ec1u \u1ea5y kh\u00f3, b\u1edfi v\u00ec l\u0169 tr\u1ebb r\u1ea5t \u201ctinh\u201d: Ch\u00fang y\u00eau m\u1ebfn nh\u1eefng g\u00ec t\u1ef1 nhi\u00ean, trong tr\u1ebbo, ch\u00e2n th\u00e0nh. Ni\u1ec1m m\u1ebfn y\u00eau c\u1ee7a tr\u1ebb th\u01a1 t\u1ea1o n\u00ean s\u1ee9c s\u1ed1ng t\u01b0\u01a1i xanh cho truy\u1ec7n c\u1ee7a Astrid Lindgren.<\/p>\n<p>T\u00e1c gi\u1ea3<\/p>\n<p>Astrid Lindgren ch\u00e0o \u0111\u1eddi \u1edf Vimmerby, Th\u1ee5y \u0110i\u1ec3n v\u00e0o n\u0103m 1907. Trong cu\u1ed9c \u0111\u1eddi m\u00ecnh b\u00e0 \u0111\u00e3 vi\u1ebft h\u01a1n 40 cu\u1ed1n s\u00e1ch cho thi\u1ebfu nhi, v\u00e0 \u0111\u00e3 b\u00e1n \u0111\u01b0\u1ee3c h\u01a1n 145 tri\u1ec7u b\u1ea3n s\u00e1ch tr\u00ean kh\u1eafp th\u1ebf gi\u1edbi. B\u00e0 t\u1eebng chia s\u1ebb r\u1eb1ng: \u201cT\u00f4i vi\u1ebft \u0111\u1ec3 l\u00e0m vui \u0111\u1ee9a tr\u1ebb trong t\u00f4i, v\u00e0 t\u00f4i ch\u1ec9 c\u00f3 th\u1ec3 hi v\u1ecdng r\u1eb1ng nh\u1eefng \u0111\u1ee9a tr\u1ebb kh\u00e1c c\u0169ng c\u1ea3m th\u1ea5y vui theo c\u00e1ch \u0111\u00f3.\u201d<\/p>\n<p>Nhi\u1ec1u truy\u1ec7n c\u1ee7a Astrid Lindgren d\u1ef1a tr\u00ean nh\u1eefng k\u00ed \u1ee9c th\u1eddi th\u01a1 \u1ea5u c\u1ee7a b\u00e0, trong nh\u1eefng truy\u1ec7n \u0111\u00f3 \u0111\u1ea7y \u1eafp c\u00e1c nh\u00e2n v\u1eadt \u0111\u1ed9c \u0111\u00e1o v\u00e0 s\u1ed1ng \u0111\u1ed9ng. C\u00f3 l\u1ebd cu\u1ed1n truy\u1ec7n n\u1ed5i ti\u1ebfng nh\u1ea5t c\u1ee7a b\u00e0 l\u00e0 t\u00e1c ph\u1ea9m Pippi T\u1ea5t D\u00e0i, xu\u1ea5t b\u1ea3n l\u1ea7n \u0111\u1ea7u \u1edf Th\u1ee5y \u0110i\u1ec3n v\u00e0o n\u0103m 1945. N\u00f3 th\u00e0nh c\u00f4ng ngay l\u1eadp t\u1ee9c v\u00e0 \u0111\u01b0\u1ee3c xu\u1ea5t b\u1ea3n \u1edf Anh v\u00e0o n\u0103m 1954.<\/p>\n<p>C\u00e1c gi\u1ea3i th\u01b0\u1edfng d\u00e0nh cho s\u00e1ng t\u00e1c v\u0103n ch\u01b0\u01a1ng c\u1ee7a Astrid Lindgren bao g\u1ed3m Gi\u1ea3i th\u01b0\u1edfng Hans Christian Andersen danh gi\u00e1. N\u0103m 1989, m\u1ed9t c\u00f4ng vi\u00ean ch\u1ee7 \u0111\u1ec1 d\u00e0nh ri\u00eang \u0111\u1ec3 t\u01b0\u1edfng nh\u1edb b\u00e0 \u2013 Astrid Lindgren V\u00e4rld (Th\u1ebf Gi\u1edbi Astrid Lindgren) \u2013 ch\u00ednh th\u1ee9c m\u1edf c\u1eeda t\u1ea1i Vimmerby. B\u00e0 qua \u0111\u1eddi n\u0103m 2002 \u1edf tu\u1ed5i 94.<\/p>\n","protected":false},"excerpt":{"rendered":"<p>\u201cT\u00f4i vi\u1ebft \u0111\u1ec3 l\u00e0m vui \u0111\u1ee9a tr\u1ebb trong t\u00f4i, v\u00e0 t\u00f4i ch\u1ec9 c\u00f3 th\u1ec3 hi v\u1ecdng r\u1eb1ng nh\u1eefng \u0111\u1ee9a tr\u1ebb kh\u00e1c c\u0169ng c\u1ea3m th\u1ea5y vui theo c\u00e1ch \u0111\u00f3.\u201d \u2013 ni\u1ec1m hi v\u1ecdng c\u1ee7a Astrid Lindgren \u0111\u00e3 ho\u00e0n to\u00e0n tr\u1edf th\u00e0nh hi\u1ec7n th\u1ef1c, ng\u00e0y nay, tr\u1ebb em \u1edf nhi\u1ec1u n\u01b0\u1edbc tr\u00ean to\u00e0n c\u1ea7u v\u1eabn \u0111ang vui th\u00edch khi \u0111\u1ecdc nh\u1eefng cu\u1ed1n truy\u1ec7n m\u00e0 b\u00e0 s\u00e1ng t\u00e1c t\u1eeb nhi\u1ec1u nhi\u1ec1u n\u0103m tr\u01b0\u1edbc.  <\/p>\n<p>Astrid Lindgren t\u1ea1o n\u00ean th\u1ebf gi\u1edbi tr\u1ebb th\u01a1 trong veo, tinh ngh\u1ecbch, ch\u1eb3ng khi n\u00e0o to t\u00e1t nh\u01b0ng r\u00f5 r\u00e0ng l\u1ea1i \u0111\u1ea7y \u201cuy l\u1ef1c\u201d. Tr\u1ebb em m\u00ea th\u00edch truy\u1ec7n b\u00e0 vi\u1ebft b\u1edfi l\u1ebd ch\u00fang \u0111\u01b0\u1ee3c l\u00e0m quen v\u1edbi nh\u1eefng \u201c\u00f4ng b\u1ea1n\u201d, \u201cb\u00e0 b\u1ea1n\u201d \u0111\u1ed3ng \u0111i\u1ec7u \u1edf t\u00edt m\u1ed9t \u0111\u1ea5t n\u01b0\u1edbc xa x\u00f4i; c\u00f2n ng\u01b0\u1eddi l\u1edbn \u2013 ch\u00fang t\u00f4i tin r\u1eb1ng ng\u01b0\u1eddi l\u1edbn c\u0169ng kho\u00e1i ch\u00ed h\u1ec5 c\u00f3 d\u1ecbp \u0111\u1ecdc nh\u1eefng s\u00e1ng t\u00e1c cho tr\u1ebb em c\u1ee7a Astrid Lindgren, b\u1edfi h\u1ecd s\u1ebd th\u1ea5y l\u1ea1i tu\u1ed5i th\u01a1 t\u00ed to\u00e1y \u0111\u00e1ng y\u00eau n\u0103m n\u00e0o.<\/p>\n<p>L\u0169 tr\u1ebb l\u00e0ng \u1ed2n \u00c0o g\u1ed3m 6 \u0111\u1ee9a tr\u1ebb, v\u1edbi c\u00f4 b\u00e9 Lisa 7 tu\u1ed5i d\u1eabn chuy\u1ec7n. Phe con g\u00e1i c\u00f3 Lisa, Anna v\u00e0 ch\u1ecb Britta; phe c\u00f2n trai th\u00ec t\u1eadp h\u1ee3p Lasse, Bosse (hai anh trai c\u1ee7a Lisa) v\u00e0 b\u1ea1n Olle. Hai phe tr\u00eau \u0111\u00f9a, gi\u1ec5u c\u1ee3t nhau c\u1ea3 ng\u00e0y kh\u00f4ng bi\u1ebft ch\u00e1n: Lasse v\u00e0 Bosse th\u01b0\u1eddng n\u00f3i \u0111\u00e1m con g\u00e1i kh\u00f4ng \u0111\u1ee7 tr\u00ecnh \u0111\u1ec3 ch\u01a1i tr\u00f2 ng\u01b0\u1eddi da \u0111\u1ecf, r\u1ed3i 3 c\u00f4 con g\u00e1i th\u00ec cho r\u1eb1ng \u0111\u00e1m con trai c\u00f2n l\u00e2u m\u1edbi bi\u1ebft gi\u1eef b\u00ed m\u1eadt \u2013 c\u00f2n l\u00e2u!<\/p>\n<p>C\u1ee9 th\u1ebf, c\u1ee9 th\u1ebf, cu\u1ed9c s\u1ed1ng c\u1ee7a l\u0169 tr\u1ebb \u1edf l\u00e0ng l\u00fac n\u00e0o c\u0169ng s\u00f4i \u0111\u1ed9ng, t\u01b0\u01a1i vui: thi nhau t\u1ec9a c\u1ee7 c\u1ea3i, thi nhau nh\u1ea3y v\u00e0o \u0111\u1ed1ng c\u1ecf kh\u00f4 \u201cth\u00e2m th\u1ea5p ph\u0103ng ph\u1eb3ng nh\u01b0 t\u1ea5m n\u1ec7m\u201d, x\u00e2y \u0111\u01b0\u1eddng h\u1ea7m, th\u1eadm ch\u00ed l\u00ean k\u1ebf ho\u1ea1ch \u201cb\u1ecf nh\u00e0 ra \u0111i\u201d. Th\u1eadt \u0111\u00e1ng ng\u1ea1c nhi\u00ean \u2013 \u0111\u00e3 c\u00f3 th\u1eddi l\u0169 tr\u1ebb kh\u00f4ng c\u1ea7n t\u1edbi \u0111i\u1ec7n tho\u1ea1i, t\u1edbi nh\u1eefng thi\u1ebft b\u1ecb th\u00f4ng minh m\u00e0 v\u1eabn vui n\u1ed5 tr\u1eddi \u0111\u1ebfn th\u1ebf.<\/p>\n<p>\u0110i\u1ec1u gi\u00e1 tr\u1ecb b\u1eadc nh\u1ea5t l\u00e0 truy\u1ec7n c\u1ee7a Astrid Lindgren kh\u00f4ng ch\u1ec9 m\u00f4 t\u1ea3 nh\u1eefng tr\u00f2 \u0111\u00f9a vui thu\u1edf \u1ea5u th\u01a1 m\u00e0 c\u00f2n ng\u1eadp tr\u00e0n t\u00ecnh y\u00eau th\u01b0\u01a1ng \u0111\u01b0\u1ee3c l\u0169 tr\u1ebb lan t\u1ecfa trong cu\u1ed9c s\u1ed1ng. 6 b\u1ea1n nh\u1ecf t\u1ea1i l\u00e0ng \u1ed2n \u00c0o r\u1ea5t th\u00edch ch\u01a1i v\u1edbi \u00d4ng, \u0111\u1ecdc s\u00e1ch b\u00e1o cho ng\u01b0\u1eddi \u00f4ng m\u1eaft k\u00e9m nghe; c\u00e1c em kh\u00f4ng ng\u1ea1i t\u1edbi nh\u00e0 c\u00f4 gi\u00e1o \u0111\u1ec3 ch\u0103m c\u00f4 b\u1ecb \u1ed1m; r\u1ed3i c\u00e1c em c\u00f3 th\u1ec3 \u201cc\u1ea3m h\u00f3a\u201d ch\u00fa ch\u00f3 h\u01b0 b\u1eb1ng s\u1ef1 ch\u0103m s\u00f3c, v\u1ed7 v\u1ec1 \u0111\u1ea7y n\u1ed3ng \u1ea5m v.v.<\/p>\n<p>Xu\u1ea5t ph\u00e1t t\u1eeb ao \u01b0\u1edbc \u0111\u01b0\u1ee3c \u201cl\u00e0m vui\u201d \u0111\u1ee9a tr\u1ebb b\u00ean trong ch\u00ednh m\u00ecnh n\u00ean nh\u1eefng c\u00e2u chuy\u1ec7n m\u00e0 Astrid Lindgren vi\u1ebft \u0111\u1ec1u qu\u00e1 \u0111\u1ed7i t\u1ef1 nhi\u00ean, h\u1ed3n nhi\u00ean, kh\u00f4ng ph\u1ea3i m\u1ed9t ng\u01b0\u1eddi l\u1edbn \u0111\u00f3ng vai con tr\u1ebb. L\u00e0m \u0111i\u1ec1u \u1ea5y kh\u00f3, b\u1edfi v\u00ec l\u0169 tr\u1ebb r\u1ea5t \u201ctinh\u201d: Ch\u00fang y\u00eau m\u1ebfn nh\u1eefng g\u00ec t\u1ef1 nhi\u00ean, trong tr\u1ebbo, ch\u00e2n th\u00e0nh. Ni\u1ec1m m\u1ebfn y\u00eau c\u1ee7a tr\u1ebb th\u01a1 t\u1ea1o n\u00ean s\u1ee9c s\u1ed1ng t\u01b0\u01a1i xanh cho truy\u1ec7n c\u1ee7a Astrid Lindgren.<\/p>\n","protected":false},"featured_media":11318,"template":"","meta":{"_acf_changed":false},"product_brand":[],"product_cat":[17,71,26],"product_tag":[],"class_list":{"0":"post-11320","1":"product","2":"type-product","3":"status-publish","4":"has-post-thumbnail","6":"product_cat-sach-danh-cho-cac-be","7":"product_cat-sach-tre-em-thuan-viet","8":"product_cat-thieu-nien-11-tuoi-18-tuoi","10":"first","11":"outofstock","12":"taxable","13":"shipping-taxable","14":"purchasable","15":"product-type-simple"},"supplier_id":null,"supplier_sku":"","barcode":null,"atum_controlled":true,"out_stock_date":"2022-03-12 20:36:19","out_stock_threshold":null,"inheritable":false,"inbound_stock":0,"stock_on_hold":0,"sold_today":0,"sales_last_days":0,"reserved_stock":0,"customer_returns":0,"warehouse_damage":0,"lost_in_post":0,"other_logs":0,"out_stock_days":1418,"lost_sales":0,"has_location":false,"update_date":"2026-01-28T23:10:49","atum_locations":[],"atum_stock_status":"outofstock","restock_status":false,"low_stock_amount":"","sales_update_date":"2026-01-28T23:10:49","calc_backorders":null,"acf":{"publisher":{"ID":8682,"post_author":"1","post_date":"2021-04-28 14:30:43","post_date_gmt":"2021-04-28 11:30:43","post_content":"","post_title":"NXB Ph\u1ee5 N\u1eef","post_excerpt":"","post_status":"publish","comment_status":"closed","ping_status":"closed","post_password":"","post_name":"nxb-phu-nu","to_ping":"","pinged":"","post_modified":"2021-04-28 14:30:43","post_modified_gmt":"2021-04-28 11:30:43","post_content_filtered":"","post_parent":0,"guid":"https:\/\/sachviet.eu\/nha-phat-hanh\/nxb-phu-nu\/","menu_order":0,"post_type":"publisher","post_mime_type":"","comment_count":"0","filter":"raw"}},"_links":{"self":[{"href":"https:\/\/sachviet.eu\/en\/wp-json\/wp\/v2\/product\/11320","targetHints":{"allow":["GET"]}}],"collection":[{"href":"https:\/\/sachviet.eu\/en\/wp-json\/wp\/v2\/product"}],"about":[{"href":"https:\/\/sachviet.eu\/en\/wp-json\/wp\/v2\/types\/product"}],"wp:featuredmedia":[{"embeddable":true,"href":"https:\/\/sachviet.eu\/en\/wp-json\/wp\/v2\/media\/11318"}],"wp:attachment":[{"href":"https:\/\/sachviet.eu\/en\/wp-json\/wp\/v2\/media?parent=11320"}],"wp:term":[{"taxonomy":"product_brand","embeddable":true,"href":"https:\/\/sachviet.eu\/en\/wp-json\/wp\/v2\/product_brand?post=11320"},{"taxonomy":"product_cat","embeddable":true,"href":"https:\/\/sachviet.eu\/en\/wp-json\/wp\/v2\/product_cat?post=11320"},{"taxonomy":"product_tag","embeddable":true,"href":"https:\/\/sachviet.eu\/en\/wp-json\/wp\/v2\/product_tag?post=11320"}],"curies":[{"name":"wp","href":"https:\/\/api.w.org\/{rel}","templated":true}]}}