{"id":11315,"date":"2021-06-03T01:48:00","date_gmt":"2021-06-02T22:48:00","guid":{"rendered":"https:\/\/sachviet.eu\/shop\/vit-con-vung-ve-gau-bu-hoi-ham-chu-meo-cau-kinh-set-3-quyen\/"},"modified":"2021-06-14T20:21:02","modified_gmt":"2021-06-14T17:21:02","slug":"vit-con-vung-ve-gau-bu-hoi-ham-chu-meo-cau-kinh-set-3-quyen","status":"publish","type":"product","link":"https:\/\/sachviet.eu\/en\/shop\/vit-con-vung-ve-gau-bu-hoi-ham-chu-meo-cau-kinh-set-3-quyen\/","title":{"rendered":"V\u1ecbt con v\u1ee5ng v\u1ec1, G\u1ea5u b\u1ef1 h\u00f4i h\u00e1m, Ch\u00fa m\u00e8o c\u00e1u k\u1ec9nh &#8211; Set 3 quy\u1ec3n"},"content":{"rendered":"<p>1. V\u1ecbt Con v\u1ee5ng v\u1ec1<\/p>\n<p>V\u1ecbt Con V\u1ee5ng V\u1ec1 lu\u00f4n bu\u1ed3n r\u1ea7u v\u1ec1 s\u1ef1 v\u1ee5ng v\u1ec1 v\u00e0 \u0111\u00f4i ch\u00e2n to l\u1edbn c\u1ee7a m\u00ecnh. C\u00f4 li\u00ean t\u1ee5c v\u1ea5p ng\u00e3, c\u00f4 ch\u1eb3ng th\u1ec3 ch\u1ea1y nhanh, c\u0169ng ch\u1eb3ng th\u1ec3 nh\u1ea3y xa hay \u0111\u1eadu l\u00ean tr\u00ean c\u00e0nh c\u00e2y.<\/p>\n<p>B\u1ed7ng m\u1ed9t ng\u00e0y n\u1ecd, c\u00f4 \u0111\u01b0\u1ee3c h\u1ecdc b\u01a1i. D\u01b0\u1edbi l\u00e0n n\u01b0\u1edbc xanh trong, c\u00f4 ph\u00e1t hi\u1ec7n ra \u0111\u00f4i ch\u00e2n to l\u1edbn c\u1ee7a m\u00ecnh th\u1eadt k\u00ec di\u1ec7u. C\u00f4 c\u00f3 th\u1ec3 b\u01a1i r\u1ea5t uy\u1ec3n chuy\u1ec3n v\u00e0 tuy\u1ec7t v\u1eddi.<\/p>\n<p>B\u1eb1ng h\u00ecnh \u1ea3nh minh h\u1ecda d\u1ec5 th\u01b0\u01a1ng, nh\u1eefng nh\u00e2n v\u1eadt \u0111\u00e1ng y\u00eau c\u00f9ng l\u1eddi k\u1ec3 th\u1ee7 th\u1ec9, nh\u1eb9 nh\u00e0ng, Britta Teckentrup \u0111\u00e3 t\u1ea1o n\u00ean m\u1ed9t c\u00e2u chuy\u1ec7n h\u1ea5p d\u1eabn \u0111\u1ea7y c\u1ea3m x\u00fac v\u1ec1 \u00fd ngh\u0129a t\u1ed1t \u0111\u1eb9p c\u1ee7a t\u00ecnh b\u1ea1n v\u00e0 \u00fd ngh\u0129a \u0111\u1ea7y nh\u00e2n v\u0103n c\u1ee7a vi\u1ec7c t\u00ecm ki\u1ebfm nh\u1eefng t\u00e0i n\u0103ng \u0111\u1eb7c bi\u1ec7t \u1edf ri\u00eang m\u1ed7i ng\u01b0\u1eddi d\u00e0nh cho c\u00e1c b\u1ea1n nh\u1ecf, t\u1eeb \u0111\u00f3 kh\u01a1i g\u1ee3i s\u1ef1 t\u1ef1 tin v\u00e0o b\u1ea3n th\u00e2n m\u00e0 b\u1ea5t k\u1ef3 ai c\u0169ng n\u00ean c\u00f3.<\/p>\n<p>2. Ch\u00fa M\u00e8o c\u00e1u k\u1ec9nh<\/p>\n<p>C\u00f3 m\u1ed9t Ch\u00fa M\u00e8o lu\u00f4n mang khu\u00f4n m\u1eb7t c\u00e1u k\u1ec9nh, kh\u00f3 ch\u1ecbu. Ch\u1eb3ng con m\u00e8o n\u00e0o mu\u1ed1n ch\u01a1i v\u1edbi ch\u00fa. Ch\u00fa v\u00f4 c\u00f9ng c\u00f4 \u0111\u01a1n.<\/p>\n<p>B\u1ed7ng m\u1ed9t ng\u00e0y, m\u1ed9t c\u00f4 Miu nh\u1ecf xu\u1ea5t hi\u1ec7n. C\u00f4 mu\u1ed1n l\u00e0m b\u1ea1n v\u1edbi Ch\u00fa M\u00e8o. Nh\u01b0ng Ch\u00fa M\u00e8o t\u1ecf v\u1ebb c\u00e1u k\u1ec9nh v\u00e0 kh\u00f4ng \u0111\u1ed3ng \u00fd.<\/p>\n<p>Li\u1ec7u Ch\u00fa M\u00e8o C\u00e1u K\u1ec9nh c\u00f3 thay \u0111\u1ed5i v\u00e0 tr\u1edf th\u00e0nh b\u1ea1n c\u1ee7a c\u00f4 Miu Nh\u1ecf kh\u00f4ng nh\u1ec9? N\u1ebfu th\u1ebf th\u00ec Ch\u00fa M\u00e8o s\u1ebd ch\u1eb3ng con c\u00f4 \u0111\u01a1n n\u1eefa.<\/p>\n<p>B\u1eb1ng h\u00ecnh \u1ea3nh minh h\u1ecda \u0111\u00e1ng y\u00eau, nh\u1eefng nh\u00e2n v\u1eadt th\u00fa v\u1ecb, gi\u00e0u bi\u1ec3u c\u1ea3m c\u00f9ng l\u1eddi k\u1ec3 th\u1ee7 th\u1ec9, nh\u1eb9 nh\u00e0ng, Britta Teckentrup \u0111\u00e3 t\u1ea1o n\u00ean m\u1ed9t c\u00e2u chuy\u1ec7n h\u1ea5p d\u1eabn \u0111\u1ea7y c\u1ea3m x\u00fac v\u1ec1 gi\u00e1 tr\u1ecb \u0111\u00e1ng qu\u00fd c\u1ee7a t\u00ecnh b\u1ea1n v\u00e0 khuy\u1ebfn kh\u00edch s\u1ef1 th\u00e2n thi\u1ec7n, t\u00ecnh y\u00eau th\u01b0\u01a1ng v\u1edbi nh\u1eefng ng\u01b0\u1eddi xung quanh. Ai c\u0169ng c\u00f3 ng\u01b0\u1eddi b\u1ea1n \u0111\u1eb7c bi\u1ec7t d\u00e0nh cho m\u00ecnh.<\/p>\n<p>3. G\u1ea5u B\u1ef1 h\u00f4i h\u00e1m<\/p>\n<p>Trong khu r\u1eebng n\u1ecd c\u00f3 m\u1ed9t ch\u00fa G\u1ea5u B\u1ef1 H\u00f4i H\u00e1m. Ch\u00fa kh\u00f4ng bao gi\u1edd t\u1eafm, c\u0169ng ch\u1eb3ng th\u00edch \u0111\u00e1nh r\u0103ng. M\u1ecdi lo\u00e0i v\u1eadt \u0111\u1ec1u tr\u00e1nh xa ch\u00fa.<\/p>\n<p>M\u1ed9t ng\u00e0y n\u1ecd ch\u00fa ph\u1ea3i ch\u1ecbu c\u01a1n ng\u1ee9a ng\u00e1y kh\u1ee7ng khi\u1ebfp nh\u1ea5t tr\u1ea7n \u0111\u1eddi. ch\u00fa kh\u00f4ng bi\u1ebft ph\u1ea3i l\u00e0m sao. L\u01b0ng ch\u00fa qu\u00e1 to \u0111\u1ec3 g\u00e3i v\u00e0 kh\u00f4ng c\u00f3 ai l\u1ea1i g\u1ea7n ch\u00fa.<\/p>\n<p>Nh\u01b0ng r\u1ed3i m\u1ed9t ng\u01b0\u1eddi b\u1ea1n m\u1edbi xu\u1ea5t hi\u1ec7n. Ng\u01b0\u1eddi b\u1ea1n \u1ea5y \u0111\u00e3 thuy\u1ebft ph\u1ee5c G\u1ea5u B\u1ef1 H\u00f4i H\u00e1m l\u00e0m m\u1ed9t vi\u1ec7c v\u00e0 c\u01a1n ng\u1ee9a ng\u00e1y l\u1eadp t\u1ee9c bi\u1ebfn m\u1ea5t.<\/p>\n<p>B\u1ea1n c\u00f3 \u0111o\u00e1n \u0111\u01b0\u1ee3c \u0111\u00f3 l\u00e0 vi\u1ec7c g\u00ec kh\u00f4ng?<\/p>\n<p>B\u1eb1ng h\u00ecnh \u1ea3nh minh h\u1ecda \u0111\u00e1ng y\u00eau, nh\u1eefng nh\u00e2n v\u1eadt d\u1ec5 th\u01b0\u01a1ng c\u00f9ng l\u1eddi k\u1ec3 th\u1ee7 th\u1ec9, nh\u1eb9 nh\u00e0ng, Britta Teckentrup \u0111\u00e3 t\u1ea1o n\u00ean m\u1ed9t c\u00e2u chuy\u1ec7n th\u00fa v\u1ecb, vui v\u1ebb v\u1ec1 vi\u1ec7c gi\u1eef g\u00ecn v\u1ec7 sinh c\u00e1 nh\u00e2n m\u00e0 b\u1ea1n nh\u1ecf n\u00e0o c\u0169ng y\u00eau th\u00edch. C\u00e1c b\u1ea1n nh\u1ecf c\u0169ng th\u1ea5y \u0111\u01b0\u1ee3c m\u1ed9t ng\u01b0\u1eddi b\u1ea1n t\u1ed1t l\u00e0 nh\u01b0 th\u1ebf n\u00e0o: l\u00e0 ng\u01b0\u1eddi mu\u1ed1n ch\u00fang m\u00ecnh t\u1ed1t h\u01a1n v\u00e0 kh\u00f4ng ng\u1ea1i gi\u00fap \u0111\u1ee1 ch\u00fang m\u00ecnh th\u1ef1c hi\u1ec7n \u0111i\u1ec1u \u0111\u00f3.<\/p>\n","protected":false},"excerpt":{"rendered":"<p>1. V\u1ecbt Con v\u1ee5ng v\u1ec1<\/p>\n<p>V\u1ecbt Con V\u1ee5ng V\u1ec1 lu\u00f4n bu\u1ed3n r\u1ea7u v\u1ec1 s\u1ef1 v\u1ee5ng v\u1ec1 v\u00e0 \u0111\u00f4i ch\u00e2n to l\u1edbn c\u1ee7a m\u00ecnh. C\u00f4 li\u00ean t\u1ee5c v\u1ea5p ng\u00e3, c\u00f4 ch\u1eb3ng th\u1ec3 ch\u1ea1y nhanh, c\u0169ng ch\u1eb3ng th\u1ec3 nh\u1ea3y xa hay \u0111\u1eadu l\u00ean tr\u00ean c\u00e0nh c\u00e2y.<\/p>\n<p>B\u1ed7ng m\u1ed9t ng\u00e0y n\u1ecd, c\u00f4 \u0111\u01b0\u1ee3c h\u1ecdc b\u01a1i. D\u01b0\u1edbi l\u00e0n n\u01b0\u1edbc xanh trong, c\u00f4 ph\u00e1t hi\u1ec7n ra \u0111\u00f4i ch\u00e2n to l\u1edbn c\u1ee7a m\u00ecnh th\u1eadt k\u00ec di\u1ec7u. C\u00f4 c\u00f3 th\u1ec3 b\u01a1i r\u1ea5t uy\u1ec3n chuy\u1ec3n v\u00e0 tuy\u1ec7t v\u1eddi.<\/p>\n<p>B\u1eb1ng h\u00ecnh \u1ea3nh minh h\u1ecda d\u1ec5 th\u01b0\u01a1ng, nh\u1eefng nh\u00e2n v\u1eadt \u0111\u00e1ng y\u00eau c\u00f9ng l\u1eddi k\u1ec3 th\u1ee7 th\u1ec9, nh\u1eb9 nh\u00e0ng, Britta Teckentrup \u0111\u00e3 t\u1ea1o n\u00ean m\u1ed9t c\u00e2u chuy\u1ec7n h\u1ea5p d\u1eabn \u0111\u1ea7y c\u1ea3m x\u00fac v\u1ec1 \u00fd ngh\u0129a t\u1ed1t \u0111\u1eb9p c\u1ee7a t\u00ecnh b\u1ea1n v\u00e0 \u00fd ngh\u0129a \u0111\u1ea7y nh\u00e2n v\u0103n c\u1ee7a vi\u1ec7c t\u00ecm ki\u1ebfm nh\u1eefng t\u00e0i n\u0103ng \u0111\u1eb7c bi\u1ec7t \u1edf ri\u00eang m\u1ed7i ng\u01b0\u1eddi d\u00e0nh cho c\u00e1c b\u1ea1n nh\u1ecf, t\u1eeb \u0111\u00f3 kh\u01a1i g\u1ee3i s\u1ef1 t\u1ef1 tin v\u00e0o b\u1ea3n th\u00e2n m\u00e0 b\u1ea5t k\u1ef3 ai c\u0169ng n\u00ean c\u00f3.<\/p>\n<p>2. Ch\u00fa M\u00e8o c\u00e1u k\u1ec9nh<\/p>\n<p>C\u00f3 m\u1ed9t Ch\u00fa M\u00e8o lu\u00f4n mang khu\u00f4n m\u1eb7t c\u00e1u k\u1ec9nh, kh\u00f3 ch\u1ecbu. Ch\u1eb3ng con m\u00e8o n\u00e0o mu\u1ed1n ch\u01a1i v\u1edbi ch\u00fa. Ch\u00fa v\u00f4 c\u00f9ng c\u00f4 \u0111\u01a1n.<\/p>\n<p>B\u1ed7ng m\u1ed9t ng\u00e0y, m\u1ed9t c\u00f4 Miu nh\u1ecf xu\u1ea5t hi\u1ec7n. C\u00f4 mu\u1ed1n l\u00e0m b\u1ea1n v\u1edbi Ch\u00fa M\u00e8o. Nh\u01b0ng Ch\u00fa M\u00e8o t\u1ecf v\u1ebb c\u00e1u k\u1ec9nh v\u00e0 kh\u00f4ng \u0111\u1ed3ng \u00fd.<\/p>\n<p>Li\u1ec7u Ch\u00fa M\u00e8o C\u00e1u K\u1ec9nh c\u00f3 thay \u0111\u1ed5i v\u00e0 tr\u1edf th\u00e0nh b\u1ea1n c\u1ee7a c\u00f4 Miu Nh\u1ecf kh\u00f4ng nh\u1ec9? N\u1ebfu th\u1ebf th\u00ec Ch\u00fa M\u00e8o s\u1ebd ch\u1eb3ng con c\u00f4 \u0111\u01a1n n\u1eefa.<\/p>\n<p>B\u1eb1ng h\u00ecnh \u1ea3nh minh h\u1ecda \u0111\u00e1ng y\u00eau, nh\u1eefng nh\u00e2n v\u1eadt th\u00fa v\u1ecb, gi\u00e0u bi\u1ec3u c\u1ea3m c\u00f9ng l\u1eddi k\u1ec3 th\u1ee7 th\u1ec9, nh\u1eb9 nh\u00e0ng, Britta Teckentrup \u0111\u00e3 t\u1ea1o n\u00ean m\u1ed9t c\u00e2u chuy\u1ec7n h\u1ea5p d\u1eabn \u0111\u1ea7y c\u1ea3m x\u00fac v\u1ec1 gi\u00e1 tr\u1ecb \u0111\u00e1ng qu\u00fd c\u1ee7a t\u00ecnh b\u1ea1n v\u00e0 khuy\u1ebfn kh\u00edch s\u1ef1 th\u00e2n thi\u1ec7n, t\u00ecnh y\u00eau th\u01b0\u01a1ng v\u1edbi nh\u1eefng ng\u01b0\u1eddi xung quanh. Ai c\u0169ng c\u00f3 ng\u01b0\u1eddi b\u1ea1n \u0111\u1eb7c bi\u1ec7t d\u00e0nh cho m\u00ecnh.<\/p>\n<p>3. G\u1ea5u B\u1ef1 h\u00f4i h\u00e1m<\/p>\n<p>Trong khu r\u1eebng n\u1ecd c\u00f3 m\u1ed9t ch\u00fa G\u1ea5u B\u1ef1 H\u00f4i H\u00e1m. Ch\u00fa kh\u00f4ng bao gi\u1edd t\u1eafm, c\u0169ng ch\u1eb3ng th\u00edch \u0111\u00e1nh r\u0103ng. M\u1ecdi lo\u00e0i v\u1eadt \u0111\u1ec1u tr\u00e1nh xa ch\u00fa.<\/p>\n<p>M\u1ed9t ng\u00e0y n\u1ecd ch\u00fa ph\u1ea3i ch\u1ecbu c\u01a1n ng\u1ee9a ng\u00e1y kh\u1ee7ng khi\u1ebfp nh\u1ea5t tr\u1ea7n \u0111\u1eddi. ch\u00fa kh\u00f4ng bi\u1ebft ph\u1ea3i l\u00e0m sao. L\u01b0ng ch\u00fa qu\u00e1 to \u0111\u1ec3 g\u00e3i v\u00e0 kh\u00f4ng c\u00f3 ai l\u1ea1i g\u1ea7n ch\u00fa.<\/p>\n<p>Nh\u01b0ng r\u1ed3i m\u1ed9t ng\u01b0\u1eddi b\u1ea1n m\u1edbi xu\u1ea5t hi\u1ec7n. Ng\u01b0\u1eddi b\u1ea1n \u1ea5y \u0111\u00e3 thuy\u1ebft ph\u1ee5c G\u1ea5u B\u1ef1 H\u00f4i H\u00e1m l\u00e0m m\u1ed9t vi\u1ec7c v\u00e0 c\u01a1n ng\u1ee9a ng\u00e1y l\u1eadp t\u1ee9c bi\u1ebfn m\u1ea5t.<\/p>\n<p>B\u1ea1n c\u00f3 \u0111o\u00e1n \u0111\u01b0\u1ee3c \u0111\u00f3 l\u00e0 vi\u1ec7c g\u00ec kh\u00f4ng?<\/p>\n<p>B\u1eb1ng h\u00ecnh \u1ea3nh minh h\u1ecda \u0111\u00e1ng y\u00eau, nh\u1eefng nh\u00e2n v\u1eadt d\u1ec5 th\u01b0\u01a1ng c\u00f9ng l\u1eddi k\u1ec3 th\u1ee7 th\u1ec9, nh\u1eb9 nh\u00e0ng, Britta Teckentrup \u0111\u00e3 t\u1ea1o n\u00ean m\u1ed9t c\u00e2u chuy\u1ec7n th\u00fa v\u1ecb, vui v\u1ebb v\u1ec1 vi\u1ec7c gi\u1eef g\u00ecn v\u1ec7 sinh c\u00e1 nh\u00e2n m\u00e0 b\u1ea1n nh\u1ecf n\u00e0o c\u0169ng y\u00eau th\u00edch. C\u00e1c b\u1ea1n nh\u1ecf c\u0169ng th\u1ea5y \u0111\u01b0\u1ee3c m\u1ed9t ng\u01b0\u1eddi b\u1ea1n t\u1ed1t l\u00e0 nh\u01b0 th\u1ebf n\u00e0o: l\u00e0 ng\u01b0\u1eddi mu\u1ed1n ch\u00fang m\u00ecnh t\u1ed1t h\u01a1n v\u00e0 kh\u00f4ng ng\u1ea1i gi\u00fap \u0111\u1ee1 ch\u00fang m\u00ecnh th\u1ef1c hi\u1ec7n \u0111i\u1ec1u \u0111\u00f3.<\/p>\n","protected":false},"featured_media":11311,"template":"","meta":{"_acf_changed":false},"product_brand":[],"product_cat":[25,17],"product_tag":[],"class_list":{"0":"post-11315","1":"product","2":"type-product","3":"status-publish","4":"has-post-thumbnail","6":"product_cat-nhi-dong-6-tuoi-12-tuoi","7":"product_cat-sach-danh-cho-cac-be","9":"first","10":"instock","11":"taxable","12":"shipping-taxable","13":"purchasable","14":"product-type-simple"},"supplier_id":null,"supplier_sku":"","barcode":null,"atum_controlled":true,"out_stock_date":null,"out_stock_threshold":null,"inheritable":false,"inbound_stock":0,"stock_on_hold":0,"sold_today":0,"sales_last_days":0,"reserved_stock":0,"customer_returns":0,"warehouse_damage":0,"lost_in_post":0,"other_logs":0,"out_stock_days":0,"lost_sales":0,"has_location":false,"update_date":"2026-01-28T23:10:49","atum_locations":[],"atum_stock_status":"instock","restock_status":false,"low_stock_amount":"","sales_update_date":"2026-01-28T23:10:49","calc_backorders":null,"acf":{"publisher":{"ID":11310,"post_author":"1","post_date":"2021-06-03 01:47:48","post_date_gmt":"2021-06-02 22:47:48","post_content":"","post_title":"FUJIKIDS","post_excerpt":"","post_status":"publish","comment_status":"closed","ping_status":"closed","post_password":"","post_name":"fujikids","to_ping":"","pinged":"","post_modified":"2021-06-03 01:47:48","post_modified_gmt":"2021-06-02 22:47:48","post_content_filtered":"","post_parent":0,"guid":"https:\/\/sachviet.eu\/nha-phat-hanh\/fujikids\/","menu_order":0,"post_type":"publisher","post_mime_type":"","comment_count":"0","filter":"raw"}},"_links":{"self":[{"href":"https:\/\/sachviet.eu\/en\/wp-json\/wp\/v2\/product\/11315","targetHints":{"allow":["GET"]}}],"collection":[{"href":"https:\/\/sachviet.eu\/en\/wp-json\/wp\/v2\/product"}],"about":[{"href":"https:\/\/sachviet.eu\/en\/wp-json\/wp\/v2\/types\/product"}],"wp:featuredmedia":[{"embeddable":true,"href":"https:\/\/sachviet.eu\/en\/wp-json\/wp\/v2\/media\/11311"}],"wp:attachment":[{"href":"https:\/\/sachviet.eu\/en\/wp-json\/wp\/v2\/media?parent=11315"}],"wp:term":[{"taxonomy":"product_brand","embeddable":true,"href":"https:\/\/sachviet.eu\/en\/wp-json\/wp\/v2\/product_brand?post=11315"},{"taxonomy":"product_cat","embeddable":true,"href":"https:\/\/sachviet.eu\/en\/wp-json\/wp\/v2\/product_cat?post=11315"},{"taxonomy":"product_tag","embeddable":true,"href":"https:\/\/sachviet.eu\/en\/wp-json\/wp\/v2\/product_tag?post=11315"}],"curies":[{"name":"wp","href":"https:\/\/api.w.org\/{rel}","templated":true}]}}