{"id":11303,"date":"2021-06-03T01:47:25","date_gmt":"2021-06-02T22:47:25","guid":{"rendered":"https:\/\/sachviet.eu\/shop\/mamma-moo-va-chu-qua-rac-roi-bundle-3-quyen\/"},"modified":"2024-08-19T11:24:53","modified_gmt":"2024-08-19T08:24:53","slug":"mamma-moo-va-chu-qua-rac-roi-bundle-3-quyen","status":"publish","type":"product","link":"https:\/\/sachviet.eu\/en\/shop\/mamma-moo-va-chu-qua-rac-roi-bundle-3-quyen\/","title":{"rendered":"Mamma Moo v\u00e0 ch\u00fa qu\u1ea1 r\u1eafc r\u1ed1i &#8211; Bundle 3 quy\u1ec3n"},"content":{"rendered":"<p>T\u00ecnh c\u1edd b\u1eaft g\u1eb7p m\u1ed9t c\u00e1i ch\u00f2i do b\u1ecdn tr\u1ebb d\u1ef1ng tr\u00ean c\u00e2y, Mamma Moo th\u00edch th\u00fa l\u1eafm v\u00e0 ki\u00ean quy\u1ebft mu\u1ed1n l\u00e0m m\u1ed9t c\u00e1i, b\u1ea5t ch\u1ea5p s\u1ef1 lo l\u1eafng v\u00e0 can ng\u0103n c\u1ee7a Qu\u1ea1.<br \/>\nNh\u01b0ng c\u00e1ch d\u00f9ng b\u00faa v\u1edbi c\u01b0a ki\u1ec3u b\u00f2 c\u1ee7a Mamma Moo l\u00e0m Qu\u1ea1 kinh h\u00e3i qu\u00e1, Qu\u1ea1 bu\u1ed9c ph\u1ea3i ra tay cho c\u00f4 bi\u1ebft d\u1ef1ng ch\u00f2i \u0111\u00fang \u0111i\u1ec7u l\u00e0 nh\u01b0 th\u1ebf n\u00e0o.<br \/>\nTay ngh\u1ec1 c\u1ee7a Qu\u1ea1 c\u00f3 kh\u00e1 kh\u1ea9m h\u01a1n Mamma Moo kh\u00f4ng? Ch\u00f2i c\u1ee7a Qu\u1ea1 v\u00e0 ch\u00f2i c\u1ee7a Mammo Moo, c\u00e1i n\u00e0o m\u1edbi \u0111\u1eb9p?<br \/>\nC\u00f9ng \u0111\u1ecdc Mamma Moo d\u1ef1ng ch\u00f2i \u0111\u1ec3 bi\u1ebft r\u1eb1ng \u0111\u00f4i khi, ch\u1ec9 c\u1ea7n b\u1eaft tay l\u00e0m h\u1ebft s\u1ee9c, c\u00f3 v\u1ee5ng m\u1ed9t t\u00ed c\u0169ng kh\u00f4ng h\u1ec1 g\u00ec!<\/p>\n","protected":false},"excerpt":{"rendered":"<p>T\u00ecnh c\u1edd b\u1eaft g\u1eb7p m\u1ed9t c\u00e1i ch\u00f2i do b\u1ecdn tr\u1ebb d\u1ef1ng tr\u00ean c\u00e2y, Mamma Moo th\u00edch th\u00fa l\u1eafm v\u00e0 ki\u00ean quy\u1ebft mu\u1ed1n l\u00e0m m\u1ed9t c\u00e1i, b\u1ea5t ch\u1ea5p s\u1ef1 lo l\u1eafng v\u00e0 can ng\u0103n c\u1ee7a Qu\u1ea1.<br \/>\nNh\u01b0ng c\u00e1ch d\u00f9ng b\u00faa v\u1edbi c\u01b0a ki\u1ec3u b\u00f2 c\u1ee7a Mamma Moo l\u00e0m Qu\u1ea1 kinh h\u00e3i qu\u00e1, Qu\u1ea1 bu\u1ed9c ph\u1ea3i ra tay cho c\u00f4 bi\u1ebft d\u1ef1ng ch\u00f2i \u0111\u00fang \u0111i\u1ec7u l\u00e0 nh\u01b0 th\u1ebf n\u00e0o.<br \/>\nTay ngh\u1ec1 c\u1ee7a Qu\u1ea1 c\u00f3 kh\u00e1 kh\u1ea9m h\u01a1n Mamma Moo kh\u00f4ng? Ch\u00f2i c\u1ee7a Qu\u1ea1 v\u00e0 ch\u00f2i c\u1ee7a Mammo Moo, c\u00e1i n\u00e0o m\u1edbi \u0111\u1eb9p?<br \/>\nC\u00f9ng \u0111\u1ecdc Mamma Moo d\u1ef1ng ch\u00f2i \u0111\u1ec3 bi\u1ebft r\u1eb1ng \u0111\u00f4i khi, ch\u1ec9 c\u1ea7n b\u1eaft tay l\u00e0m h\u1ebft s\u1ee9c, c\u00f3 v\u1ee5ng m\u1ed9t t\u00ed c\u0169ng kh\u00f4ng h\u1ec1 g\u00ec!<\/p>\n","protected":false},"featured_media":11300,"template":"","meta":{"_acf_changed":false},"product_brand":[],"product_cat":[25,17,26],"product_tag":[81],"class_list":{"0":"post-11303","1":"product","2":"type-product","3":"status-publish","4":"has-post-thumbnail","6":"product_cat-nhi-dong-6-tuoi-12-tuoi","7":"product_cat-sach-danh-cho-cac-be","8":"product_cat-thieu-nien-11-tuoi-18-tuoi","9":"product_tag-sach-gia-uu-dai","11":"first","12":"outofstock","13":"sale","14":"taxable","15":"shipping-taxable","16":"purchasable","17":"product-type-woosb"},"supplier_id":null,"supplier_sku":"","barcode":null,"atum_controlled":true,"out_stock_date":"2021-06-02 22:47:25","out_stock_threshold":null,"inheritable":false,"inbound_stock":0,"stock_on_hold":0,"sold_today":0,"sales_last_days":0,"reserved_stock":0,"customer_returns":0,"warehouse_damage":0,"lost_in_post":0,"other_logs":0,"out_stock_days":1701,"lost_sales":0,"has_location":false,"update_date":"2026-01-28T23:11:22","atum_locations":[],"atum_stock_status":"instock","restock_status":false,"low_stock_amount":"","sales_update_date":"2026-01-28T23:11:22","calc_backorders":null,"acf":{"publisher":{"ID":9985,"post_author":"1","post_date":"2021-06-02 18:08:59","post_date_gmt":"2021-06-02 15:08:59","post_content":"","post_title":"Huy Ho\u00e0ng","post_excerpt":"","post_status":"publish","comment_status":"closed","ping_status":"closed","post_password":"","post_name":"huy-hoang","to_ping":"","pinged":"","post_modified":"2021-06-02 18:08:59","post_modified_gmt":"2021-06-02 15:08:59","post_content_filtered":"","post_parent":0,"guid":"https:\/\/sachviet.eu\/nha-phat-hanh\/huy-hoang\/","menu_order":0,"post_type":"publisher","post_mime_type":"","comment_count":"0","filter":"raw"}},"_links":{"self":[{"href":"https:\/\/sachviet.eu\/en\/wp-json\/wp\/v2\/product\/11303","targetHints":{"allow":["GET"]}}],"collection":[{"href":"https:\/\/sachviet.eu\/en\/wp-json\/wp\/v2\/product"}],"about":[{"href":"https:\/\/sachviet.eu\/en\/wp-json\/wp\/v2\/types\/product"}],"wp:featuredmedia":[{"embeddable":true,"href":"https:\/\/sachviet.eu\/en\/wp-json\/wp\/v2\/media\/11300"}],"wp:attachment":[{"href":"https:\/\/sachviet.eu\/en\/wp-json\/wp\/v2\/media?parent=11303"}],"wp:term":[{"taxonomy":"product_brand","embeddable":true,"href":"https:\/\/sachviet.eu\/en\/wp-json\/wp\/v2\/product_brand?post=11303"},{"taxonomy":"product_cat","embeddable":true,"href":"https:\/\/sachviet.eu\/en\/wp-json\/wp\/v2\/product_cat?post=11303"},{"taxonomy":"product_tag","embeddable":true,"href":"https:\/\/sachviet.eu\/en\/wp-json\/wp\/v2\/product_tag?post=11303"}],"curies":[{"name":"wp","href":"https:\/\/api.w.org\/{rel}","templated":true}]}}