{"id":11299,"date":"2021-06-03T01:47:15","date_gmt":"2021-06-02T22:47:15","guid":{"rendered":"https:\/\/sachviet.eu\/shop\/khung-long-nho-bo-thoi-quen-xau-set-6-quyen\/"},"modified":"2025-05-26T21:12:51","modified_gmt":"2025-05-26T18:12:51","slug":"khung-long-nho-bo-thoi-quen-xau-set-6-quyen","status":"publish","type":"product","link":"https:\/\/sachviet.eu\/en\/shop\/khung-long-nho-bo-thoi-quen-xau-set-6-quyen\/","title":{"rendered":"Kh\u1ee7ng long nh\u1ecf b\u1ecf th\u00f3i quen x\u1ea5u &#8211; Set 6 quy\u1ec3n"},"content":{"rendered":"<p>&#8211;        Con th\u01b0\u1eddng xuy\u00ean b\u00e0y b\u1eeba, qu\u1eb3ng \u0111\u1ed3 ch\u01a1i lung tung.<\/p>\n<p>&#8211;        Con ngh\u1ecbch ng\u1ee3m l\u1ea5m lem b\u00f9n \u0111\u1ea5t, nh\u01b0ng kh\u00f4ng ch\u1ecbu t\u1eafm r\u1eeda.<\/p>\n<p>&#8211;        Con hay tr\u00eau b\u1ea1n, c\u1eafn b\u1ea1n, b\u1eaft n\u1ea1t b\u1ea1n.<\/p>\n<p>&#8211;        Con kh\u00f4ng ch\u1ecbu chia s\u1ebb b\u1ea5t c\u1ee9 th\u1ee9 g\u00ec v\u1edbi ng\u01b0\u1eddi kh\u00e1c.<\/p>\n<p>\u2026.<\/p>\n<p>B\u1ea1n nh\u1ecf n\u00e0o m\u00e0 l\u1ea1i ch\u1eb3ng c\u00f3 nh\u1eefng th\u00f3i quen x\u1ea5u kia ch\u1ee9! Quan tr\u1ecdng l\u00e0 b\u1ed1 m\u1eb9, th\u1ea7y c\u00f4 bi\u1ebft c\u00e1ch l\u00e0m th\u1ebf n\u00e0o \u0111\u1ec3 gi\u00fap c\u00e1c b\u1ea1n nh\u1ecf t\u1eeb b\u1ecf nh\u1eefng th\u00f3i quen x\u1ea5u v\u00e0 r\u00e8n luy\u1ec7n nh\u1eefng th\u00f3i quen t\u1ed1t m\u1ed7i ng\u00e0y.<\/p>\n<p>B\u1ed9 s\u00e1ch \u201cKh\u1ee7ng long nh\u1ecf b\u1ecf th\u00f3i quen x\u1ea5u\u201d g\u1ed3m 6 cu\u1ed1n, d\u00e0nh cho c\u00e1c b\u1ea1n nh\u1ecf t\u1eeb 3 tu\u1ed5i tr\u1edf l\u00ean. M\u1ed7i cu\u1ed1n truy\u1ec7n gi\u1ed1ng nh\u01b0 m\u1ed9t \u201cc\u00e2u th\u1ea7n ch\u00fa\u201d, m\u00e0 sau khi \u0111\u1ecdc xong, ch\u1eafc ch\u1eafn em b\u00e9 n\u00e0o c\u0169ng mu\u1ed1n h\u1ecdc theo c\u00e1c b\u1ea1n kh\u1ee7ng long nh\u1ecf \u0111\u1ec3 t\u1eeb b\u1ecf c\u00e1c th\u00f3i quen x\u1ea5u, h\u00ecnh th\u00e0nh v\u00e0 duy tr\u00ec th\u00f3i quen t\u1ed1t.<\/p>\n<p>B\u1ed9 s\u00e1ch ch\u00ednh l\u00e0 c\u1ea9m nang d\u00e0nh cho cha m\u1eb9 gi\u00fap tr\u1ebb x\u00e2y d\u1ef1ng nh\u1eefng th\u00f3i quen t\u1ed1t, \u0111\u1eb7c bi\u1ec7t h\u1eefu \u00edch v\u1edbi nh\u1eefng tr\u1ebb trong giai \u0111o\u1ea1n kh\u1ee7ng ho\u1ea3ng tu\u1ed5i l\u00ean 3.<\/p>\n<p>TR\u1eccN B\u1ed8 06 CU\u1ed0N:<\/p>\n<p>\u00b7        Cu\u1ed1n \u201cXin l\u1ed7i th\u00f4i ch\u01b0a \u0111\u1ee7!\u201d: C\u00e2u chuy\u1ec7n k\u1ec3 v\u1ec1 ch\u00fa kh\u1ee7ng long nh\u1ecf To-to th\u01b0\u1eddng xuy\u00ean m\u1eafc l\u1ed7i v\u1edbi ng\u01b0\u1eddi kh\u00e1c v\u00e0 qua c\u00e2u chuy\u1ec7n n\u00e0y, c\u00e1c b\u1ea1n nh\u1ecf s\u1ebd nh\u1eadn ra r\u1eb1ng: xin l\u1ed7i th\u00f4i ch\u01b0a \u0111\u1ee7, m\u00e0 ch\u00fang ta c\u00f2n c\u1ea7n ph\u1ea3i bi\u1ebft s\u1eeda l\u1ed7i n\u1eefa.<\/p>\n<p>\u00b7        Cu\u1ed1n \u201cCh\u1edb b\u1eaft n\u1ea1t b\u1ea1n!\u201d: C\u00e2u chuy\u1ec7n k\u1ec3 v\u1ec1 ch\u00fa kh\u1ee7ng long nh\u1ecf Po-ni th\u01b0\u1eddng xuy\u00ean tr\u00eau ch\u1ecdc, gi\u1eadt \u0111\u1ed3 ch\u01a1i c\u1ee7a b\u1ea1n&#8230; nh\u01b0ng sau m\u1ed9t s\u1ef1 c\u1ed1 v\u00e0 \u0111\u01b0\u1ee3c c\u00e1c b\u1ea1n gi\u00fap \u0111\u1ee1, Po-ni v\u00e0 c\u00e1c b\u1ea1n nh\u1ecf \u0111\u00e3 nh\u1eadn ra r\u1eb1ng: ch\u00fang ta kh\u00f4ng n\u00ean b\u1eaft n\u1ea1t b\u1ea1n v\u00ec b\u1eaft n\u1ea1t b\u1ea1n l\u00e0 r\u1ea5t x\u1ea5u.<\/p>\n<p>\u00b7        Cu\u1ed1n \u201cC\u00f9ng chia s\u1ebb nh\u00e9!\u201d: C\u00e2u chuy\u1ec7n k\u1ec3 v\u1ec1 kh\u1ee7ng long nh\u1ecf Ni-lo gi\u00fap c\u00e1c b\u1ea1n nh\u1ecf nh\u1eadn ra r\u1eb1ng: khi bi\u1ebft chia s\u1ebb ch\u00fang ta s\u1ebd mang l\u1ea1i ni\u1ec1m vui cho ng\u01b0\u1eddi kh\u00e1c v\u00e0 cho ch\u00ednh m\u00ecnh.<\/p>\n<p>\u00b7        Cu\u1ed1n \u201c\u0110\u1eebng b\u1eeba b\u1ed9n th\u1ebf!\u201d: C\u00e2u chuy\u1ec7n k\u1ec3 v\u1ec1 ch\u00fa kh\u1ee7ng long nh\u1ecf Pe-pa lu\u00f4n b\u1eeba b\u1ed9 v\u00e0 hay g\u1eb7p r\u1eafc r\u1ed1i gi\u00fap c\u00e1c b\u1ea1n nh\u1ecf nh\u1eadn ra r\u1eb1ng: ch\u00fang m\u00ecnh s\u1ebd \u00edt g\u1eb7p r\u1eafc r\u1ed1i h\u01a1n n\u1ebfu ch\u00fang m\u00ecnh bi\u1ebfp s\u1eafp x\u1ebfp m\u1ecdi th\u1ee9 g\u1ecdn g\u00e0ng, ng\u0103n n\u1eafp.<\/p>\n<p>\u00b7        Cu\u1ed1n \u201cKh\u00f4ng n\u00ean khoe khoang \u0111\u00e2u!\u201d: C\u00e2u chuy\u1ec7n c\u1ee7a kh\u1ee7ng long nh\u1ecf Ka-ka gi\u00fap c\u00e1c b\u1ea1n nh\u1ecf nh\u1eadn ra r\u1eb1ng: ai c\u0169ng c\u00f3 \u0111i\u1ec3m m\u1ea1nh, \u0111i\u1ec3m y\u1ebfu, ch\u00fang m\u00ecnh kh\u00f4ng n\u00ean khoe khoang v\u1ec1 \u0111i\u1ec3m m\u1ea1nh c\u1ee7a b\u1ea3n th\u00e2n m\u00e0 ch\u00ea bai \u0111i\u1ec3m y\u1ebfu c\u1ee7a ng\u01b0\u1eddi kh\u00e1c!<\/p>\n<p>\u00b7        Cu\u1ed1n \u201cT\u1eafm r\u1eeda s\u1ea1ch s\u1ebd n\u00e0o!\u201d: C\u00e2u chuy\u1ec7n k\u1ec3 v\u1ec1 ch\u00fa kh\u1ee7ng long Ko-ka ngh\u1ecbch ng\u1ee3m, r\u1ea5t l\u01b0\u1eddi t\u1eafm r\u1eeda khi\u1ebfn b\u1ea1n b\u00e8 th\u1eadm ch\u00ed ngay c\u1ea3 m\u1eb9 c\u1eadu c\u0169ng s\u1ee3 h\u00e3i. C\u00e2u chuy\u1ec7n gi\u00fap c\u00e1c b\u1ea1n nh\u1ecf nh\u1eadn ra r\u1eb1ng: t\u1eafm r\u1eeda th\u01b0\u1eddng xuy\u00ean gi\u00fap ch\u00fang m\u00ecnh kh\u1ecfe kho\u1eafn, xinh \u0111\u1eb9p, s\u1ea3ng kho\u00e1i.!<\/p>\n","protected":false},"excerpt":{"rendered":"<p>&#8211;        Con th\u01b0\u1eddng xuy\u00ean b\u00e0y b\u1eeba, qu\u1eb3ng \u0111\u1ed3 ch\u01a1i lung tung.<\/p>\n<p>&#8211;        Con ngh\u1ecbch ng\u1ee3m l\u1ea5m lem b\u00f9n \u0111\u1ea5t, nh\u01b0ng kh\u00f4ng ch\u1ecbu t\u1eafm r\u1eeda.<\/p>\n<p>&#8211;        Con hay tr\u00eau b\u1ea1n, c\u1eafn b\u1ea1n, b\u1eaft n\u1ea1t b\u1ea1n.<\/p>\n<p>&#8211;        Con kh\u00f4ng ch\u1ecbu chia s\u1ebb b\u1ea5t c\u1ee9 th\u1ee9 g\u00ec v\u1edbi ng\u01b0\u1eddi kh\u00e1c.<\/p>\n<p>\u2026.<\/p>\n<p>B\u1ea1n nh\u1ecf n\u00e0o m\u00e0 l\u1ea1i ch\u1eb3ng c\u00f3 nh\u1eefng th\u00f3i quen x\u1ea5u kia ch\u1ee9! Quan tr\u1ecdng l\u00e0 b\u1ed1 m\u1eb9, th\u1ea7y c\u00f4 bi\u1ebft c\u00e1ch l\u00e0m th\u1ebf n\u00e0o \u0111\u1ec3 gi\u00fap c\u00e1c b\u1ea1n nh\u1ecf t\u1eeb b\u1ecf nh\u1eefng th\u00f3i quen x\u1ea5u v\u00e0 r\u00e8n luy\u1ec7n nh\u1eefng th\u00f3i quen t\u1ed1t m\u1ed7i ng\u00e0y.<\/p>\n<p>B\u1ed9 s\u00e1ch \u201cKh\u1ee7ng long nh\u1ecf b\u1ecf th\u00f3i quen x\u1ea5u\u201d g\u1ed3m 6 cu\u1ed1n, d\u00e0nh cho c\u00e1c b\u1ea1n nh\u1ecf t\u1eeb 3 tu\u1ed5i tr\u1edf l\u00ean. M\u1ed7i cu\u1ed1n truy\u1ec7n gi\u1ed1ng nh\u01b0 m\u1ed9t \u201cc\u00e2u th\u1ea7n ch\u00fa\u201d, m\u00e0 sau khi \u0111\u1ecdc xong, ch\u1eafc ch\u1eafn em b\u00e9 n\u00e0o c\u0169ng mu\u1ed1n h\u1ecdc theo c\u00e1c b\u1ea1n kh\u1ee7ng long nh\u1ecf \u0111\u1ec3 t\u1eeb b\u1ecf c\u00e1c th\u00f3i quen x\u1ea5u, h\u00ecnh th\u00e0nh v\u00e0 duy tr\u00ec th\u00f3i quen t\u1ed1t.<\/p>\n<p>B\u1ed9 s\u00e1ch ch\u00ednh l\u00e0 c\u1ea9m nang d\u00e0nh cho cha m\u1eb9 gi\u00fap tr\u1ebb x\u00e2y d\u1ef1ng nh\u1eefng th\u00f3i quen t\u1ed1t, \u0111\u1eb7c bi\u1ec7t h\u1eefu \u00edch v\u1edbi nh\u1eefng tr\u1ebb trong giai \u0111o\u1ea1n kh\u1ee7ng ho\u1ea3ng tu\u1ed5i l\u00ean 3.<\/p>\n","protected":false},"featured_media":11293,"template":"","meta":{"_acf_changed":false},"product_brand":[],"product_cat":[25,17],"product_tag":[],"class_list":{"0":"post-11299","1":"product","2":"type-product","3":"status-publish","4":"has-post-thumbnail","6":"product_cat-nhi-dong-6-tuoi-12-tuoi","7":"product_cat-sach-danh-cho-cac-be","9":"first","10":"instock","11":"taxable","12":"shipping-taxable","13":"purchasable","14":"product-type-simple"},"supplier_id":null,"supplier_sku":"","barcode":null,"atum_controlled":true,"out_stock_date":null,"out_stock_threshold":null,"inheritable":false,"inbound_stock":0,"stock_on_hold":0,"sold_today":0,"sales_last_days":0,"reserved_stock":0,"customer_returns":0,"warehouse_damage":0,"lost_in_post":0,"other_logs":0,"out_stock_days":0,"lost_sales":0,"has_location":false,"update_date":"2026-01-28T23:11:29","atum_locations":[],"atum_stock_status":"instock","restock_status":false,"low_stock_amount":"","sales_update_date":"2026-01-28T23:11:29","calc_backorders":null,"acf":{"publisher":{"ID":11292,"post_author":"1","post_date":"2021-06-03 01:46:52","post_date_gmt":"2021-06-02 22:46:52","post_content":"","post_title":"NXB Gi\u00e1o d\u1ee5c","post_excerpt":"","post_status":"publish","comment_status":"closed","ping_status":"closed","post_password":"","post_name":"nxb-giao-duc","to_ping":"","pinged":"","post_modified":"2021-06-03 01:46:52","post_modified_gmt":"2021-06-02 22:46:52","post_content_filtered":"","post_parent":0,"guid":"https:\/\/sachviet.eu\/nha-phat-hanh\/nxb-giao-duc\/","menu_order":0,"post_type":"publisher","post_mime_type":"","comment_count":"0","filter":"raw"}},"_links":{"self":[{"href":"https:\/\/sachviet.eu\/en\/wp-json\/wp\/v2\/product\/11299","targetHints":{"allow":["GET"]}}],"collection":[{"href":"https:\/\/sachviet.eu\/en\/wp-json\/wp\/v2\/product"}],"about":[{"href":"https:\/\/sachviet.eu\/en\/wp-json\/wp\/v2\/types\/product"}],"wp:featuredmedia":[{"embeddable":true,"href":"https:\/\/sachviet.eu\/en\/wp-json\/wp\/v2\/media\/11293"}],"wp:attachment":[{"href":"https:\/\/sachviet.eu\/en\/wp-json\/wp\/v2\/media?parent=11299"}],"wp:term":[{"taxonomy":"product_brand","embeddable":true,"href":"https:\/\/sachviet.eu\/en\/wp-json\/wp\/v2\/product_brand?post=11299"},{"taxonomy":"product_cat","embeddable":true,"href":"https:\/\/sachviet.eu\/en\/wp-json\/wp\/v2\/product_cat?post=11299"},{"taxonomy":"product_tag","embeddable":true,"href":"https:\/\/sachviet.eu\/en\/wp-json\/wp\/v2\/product_tag?post=11299"}],"curies":[{"name":"wp","href":"https:\/\/api.w.org\/{rel}","templated":true}]}}