{"id":11291,"date":"2021-06-03T01:46:49","date_gmt":"2021-06-02T22:46:49","guid":{"rendered":"https:\/\/sachviet.eu\/shop\/ehon-ca-voi-con-oi-lon-nhanh-nao\/"},"modified":"2022-12-08T09:29:38","modified_gmt":"2022-12-08T07:29:38","slug":"ehon-ca-voi-con-oi-lon-nhanh-nao","status":"publish","type":"product","link":"https:\/\/sachviet.eu\/en\/shop\/ehon-ca-voi-con-oi-lon-nhanh-nao\/","title":{"rendered":"Ehon: C\u00e1 voi con \u01a1i, l\u1edbn nhanh n\u00e0o"},"content":{"rendered":"<p>\u1ede Nh\u1eadt B\u1ea3n, truy\u1ec7n Ehon \u0111\u01b0\u1ee3c coi l\u00e0 \u201cth\u1ef1c ph\u1ea9m c\u1ee7a t\u00e2m h\u1ed3n\u201d. Truy\u1ec7n d\u00e0nh cho tr\u1ebb em s\u1eed d\u1ee5ng nh\u1eefng ng\u00f4n t\u1eeb phong ph\u00fa nh\u01b0ng d\u1ec5 hi\u1ec3u v\u00ec c\u00f3 k\u00e8m theo tranh v\u1ebd \u0111\u1ec3 di\u1ec5n \u0111\u1ea1t nh\u1eefng n\u1ed9i dung v\u1ec1 \u0111\u1ea1o \u0111\u1ee9c, tri th\u1ee9c, n\u0103ng l\u1ef1c t\u01b0\u1edfng t\u01b0\u1ee3ng. Nh\u1eefng cu\u1ed1n truy\u1ec7n Ehon ch\u00ednh l\u00e0 ng\u01b0\u1eddi b\u1ea1n \u0111\u1ea7u ti\u00ean g\u1eafn b\u00f3 v\u1edbi tr\u1ebb t\u1eeb l\u00fac m\u1edbi sinh ra, l\u00e0 s\u00e1ch gi\u00e1o khoa \u0111\u1ea7u ti\u00ean nu\u00f4i d\u01b0\u1ee1ng t\u00e2m h\u1ed3n, nh\u00e2n c\u00e1ch v\u00e0 tr\u00ed tu\u1ec7 cho tr\u1ebb.<\/p>\n<p>\u1ede Vi\u1ec7t Nam, b\u1ed9 3 truy\u1ec7n Chi\u1ebfn c\u00f4ng \u0111\u1ea7u ti\u00ean c\u1ee7a b\u00e9 Mi, C\u00e1 Voi \u01a1i l\u1edbn nhanh n\u00e0o v\u00e0 Tr\u01b0\u1eddng m\u1eabu gi\u00e1o c\u1ee7a ch\u00fa voi Grumpa l\u00e0 3 truy\u1ec7n Ehon \u0111\u1ea7u ti\u00ean \u0111\u01b0\u1ee3c xu\u1ea5t b\u1ea3n v\u00e0 gi\u1edbi thi\u1ec7u t\u1edbi c\u00e1c b\u1eadc cha m\u1eb9 c\u00f9ng c\u00e1c em nh\u1ecf trong d\u1ecbp \u0111\u1ea7u h\u00e8 n\u00e0y. Hy v\u1ecdng r\u1eb1ng, c\u00f9ng v\u1edbi ph\u01b0\u01a1ng ph\u00e1p nu\u00f4i d\u1ea1y con ki\u1ec3u Nh\u1eadt, vi\u1ec7c c\u00e1c b\u1eadc ph\u1ee5 huynh c\u00f9ng con \u0111\u1ecdc Ehon s\u1ebd s\u1edbm ph\u00e1t huy \u0111\u01b0\u1ee3c hi\u1ec7u qu\u1ea3, nu\u00f4i d\u01b0\u1ee1ng t\u00ecnh y\u00eau th\u01b0\u01a1ng v\u00e0 \u00f4m \u1ea5p t\u00e2m h\u1ed3n c\u00e1c b\u00e9.<\/p>\n<p>\u0110\u1ecdc truy\u1ec7n Ehon kh\u00f4ng ch\u1ec9 gi\u00fap b\u1ed9 n\u00e3o c\u1ee7a tr\u1ebb \u0111\u01b0\u1ee3c ti\u1ebfp nh\u1eadn nhi\u1ec1u k\u00edch th\u00edch phong ph\u00fa d\u1eabn \u0111\u1ebfn ph\u00e1t tri\u1ec3n kh\u1ea3 n\u0103ng bi\u1ec3u c\u1ea3m c\u1ea3m x\u00fac, v\u00e0 ng\u00f4n ng\u1eef, m\u00e0 th\u00f4ng qua \u0111\u00f3 c\u00f2n truy\u1ec1n t\u1ea3i t\u00ecnh y\u00eau th\u01b0\u01a1ng, g\u1eafn k\u1ebft m\u1ed1i quan h\u1ec7 gi\u1eefa cha m\u1eb9 v\u00e0 tr\u1ebb. C\u00f2n g\u00ec \u00fd ngh\u0129a h\u01a1n vi\u1ec7c cha m\u1eb9 d\u00e0nh m\u1ed9t kho\u1ea3ng th\u1eddi gian trong ng\u00e0y \u0111\u1ecdc truy\u1ec7n cho tr\u1ebb nghe, v\u00e0 h\u1ecfi con v\u1ec1 nh\u1eefng b\u00e0i h\u1ecdc sau m\u1ed7i c\u00e2u chuy\u1ec7n gi\u1ea3n d\u1ecb \u1ea5y. B\u1ed9 truy\u1ec7n Ehon ch\u1eafc ch\u1eafn s\u1ebd l\u00e0 m\u00f3n qu\u00e0 tuy\u1ec7t v\u1eddi d\u00e0nh t\u1eb7ng cho c\u1ea3 cha m\u1eb9 v\u00e0 tr\u1ebb trong d\u1ecbp h\u00e8 n\u00e0y.<\/p>\n<p>C\u00e1 voi \u01a1i l\u1edbn nhanh n\u00e0o: L\u00e0 c\u00e2u chuy\u1ec7n r\u1ea5t ng\u1eafn v\u00e0 \u0111\u00e1ng y\u00eau v\u00f4 c\u00f9ng v\u1ec1 m\u1eb9 con nh\u00e0 c\u00e1 voi n\u01a1i \u0111\u1ea1i d\u01b0\u01a1ng s\u00e2u th\u1eb3m, \u1edf \u0111\u00f3 C\u00e1 voi con \u0111\u01b0\u1ee3c m\u1eb9 d\u1ea1y r\u1ea5t nhi\u1ec1u \u0111i\u1ec1u l\u00fd th\u00fa v\u00e0 b\u1ed5 \u00edch.<\/p>\n<p>Chi\u1ebfn c\u00f4ng \u0111\u1ea7u ti\u00ean c\u1ee7a b\u00e9 Mi: L\u00e0 h\u00e0nh tr\u00ecnh b\u00e9 Mi d\u1ec5 th\u01b0\u01a1ng l\u1ea7n \u0111\u1ea7u ti\u00ean m\u1ed9t m\u00ecnh \u0111i mua \u0111\u1ed3 ph\u1ee5 m\u1eb9 &#8211; d\u00f9 ch\u1ec9 l\u00e0 h\u00e0nh tr\u00ecnh ng\u1eafn ng\u1ee7i nh\u01b0ng qua con m\u1eaft c\u1ee7a c\u00e1c em, l\u1ea1i l\u00e0 m\u1ed9t chuy\u1ebfn phi\u00eau l\u01b0u v\u1eeba k\u1ef3 th\u00fa v\u1eeba gian nan.<\/p>\n<p>Tr\u01b0\u1eddng m\u1eabu gi\u00e1o c\u1ee7a ch\u00fa voi Grumpa: S\u1ebd mang \u0111\u1ebfn cho c\u00e1c b\u00e9 v\u00e0 c\u1ea3 cha m\u1eb9 c\u00e1c b\u00e9 m\u1ed9t c\u00e2u chuy\u1ec7n kh\u00f4ng d\u00e0i nh\u01b0ng tr\u00e0n ng\u1eadp ni\u1ec1m vui v\u00e0 tr\u0103n tr\u1edf r\u1ea5t \u201ctr\u1ebb con\u201d c\u1ee7a ch\u00fa voi Grumpa ng\u00e2y th\u01a1 trong cu\u1ed9c t\u00ecm ki\u1ebfm c\u00f4ng vi\u1ec7c m\u00ecnh y\u00eau th\u00edch.<\/p>\n","protected":false},"excerpt":{"rendered":"<p>\u1ede Nh\u1eadt B\u1ea3n, truy\u1ec7n Ehon \u0111\u01b0\u1ee3c coi l\u00e0 \u201cth\u1ef1c ph\u1ea9m c\u1ee7a t\u00e2m h\u1ed3n\u201d. Truy\u1ec7n d\u00e0nh cho tr\u1ebb em s\u1eed d\u1ee5ng nh\u1eefng ng\u00f4n t\u1eeb phong ph\u00fa nh\u01b0ng d\u1ec5 hi\u1ec3u v\u00ec c\u00f3 k\u00e8m theo tranh v\u1ebd \u0111\u1ec3 di\u1ec5n \u0111\u1ea1t nh\u1eefng n\u1ed9i dung v\u1ec1 \u0111\u1ea1o \u0111\u1ee9c, tri th\u1ee9c, n\u0103ng l\u1ef1c t\u01b0\u1edfng t\u01b0\u1ee3ng. Nh\u1eefng cu\u1ed1n truy\u1ec7n Ehon ch\u00ednh l\u00e0 ng\u01b0\u1eddi b\u1ea1n \u0111\u1ea7u ti\u00ean g\u1eafn b\u00f3 v\u1edbi tr\u1ebb t\u1eeb l\u00fac m\u1edbi sinh ra, l\u00e0 s\u00e1ch gi\u00e1o khoa \u0111\u1ea7u ti\u00ean nu\u00f4i d\u01b0\u1ee1ng t\u00e2m h\u1ed3n, nh\u00e2n c\u00e1ch v\u00e0 tr\u00ed tu\u1ec7 cho tr\u1ebb.<\/p>\n<p>\u1ede Vi\u1ec7t Nam, b\u1ed9 3 truy\u1ec7n Chi\u1ebfn c\u00f4ng \u0111\u1ea7u ti\u00ean c\u1ee7a b\u00e9 Mi, C\u00e1 Voi \u01a1i l\u1edbn nhanh n\u00e0o v\u00e0 Tr\u01b0\u1eddng m\u1eabu gi\u00e1o c\u1ee7a ch\u00fa voi Grumpa l\u00e0 3 truy\u1ec7n Ehon \u0111\u1ea7u ti\u00ean \u0111\u01b0\u1ee3c xu\u1ea5t b\u1ea3n v\u00e0 gi\u1edbi thi\u1ec7u t\u1edbi c\u00e1c b\u1eadc cha m\u1eb9 c\u00f9ng c\u00e1c em nh\u1ecf trong d\u1ecbp \u0111\u1ea7u h\u00e8 n\u00e0y. Hy v\u1ecdng r\u1eb1ng, c\u00f9ng v\u1edbi ph\u01b0\u01a1ng ph\u00e1p nu\u00f4i d\u1ea1y con ki\u1ec3u Nh\u1eadt, vi\u1ec7c c\u00e1c b\u1eadc ph\u1ee5 huynh c\u00f9ng con \u0111\u1ecdc Ehon s\u1ebd s\u1edbm ph\u00e1t huy \u0111\u01b0\u1ee3c hi\u1ec7u qu\u1ea3, nu\u00f4i d\u01b0\u1ee1ng t\u00ecnh y\u00eau th\u01b0\u01a1ng v\u00e0 \u00f4m \u1ea5p t\u00e2m h\u1ed3n c\u00e1c b\u00e9.<\/p>\n<p>\u0110\u1ecdc truy\u1ec7n Ehon kh\u00f4ng ch\u1ec9 gi\u00fap b\u1ed9 n\u00e3o c\u1ee7a tr\u1ebb \u0111\u01b0\u1ee3c ti\u1ebfp nh\u1eadn nhi\u1ec1u k\u00edch th\u00edch phong ph\u00fa d\u1eabn \u0111\u1ebfn ph\u00e1t tri\u1ec3n kh\u1ea3 n\u0103ng bi\u1ec3u c\u1ea3m c\u1ea3m x\u00fac, v\u00e0 ng\u00f4n ng\u1eef, m\u00e0 th\u00f4ng qua \u0111\u00f3 c\u00f2n truy\u1ec1n t\u1ea3i t\u00ecnh y\u00eau th\u01b0\u01a1ng, g\u1eafn k\u1ebft m\u1ed1i quan h\u1ec7 gi\u1eefa cha m\u1eb9 v\u00e0 tr\u1ebb. C\u00f2n g\u00ec \u00fd ngh\u0129a h\u01a1n vi\u1ec7c cha m\u1eb9 d\u00e0nh m\u1ed9t kho\u1ea3ng th\u1eddi gian trong ng\u00e0y \u0111\u1ecdc truy\u1ec7n cho tr\u1ebb nghe, v\u00e0 h\u1ecfi con v\u1ec1 nh\u1eefng b\u00e0i h\u1ecdc sau m\u1ed7i c\u00e2u chuy\u1ec7n gi\u1ea3n d\u1ecb \u1ea5y. B\u1ed9 truy\u1ec7n Ehon ch\u1eafc ch\u1eafn s\u1ebd l\u00e0 m\u00f3n qu\u00e0 tuy\u1ec7t v\u1eddi d\u00e0nh t\u1eb7ng cho c\u1ea3 cha m\u1eb9 v\u00e0 tr\u1ebb trong d\u1ecbp h\u00e8 n\u00e0y.<\/p>\n<p>C\u00e1 voi \u01a1i l\u1edbn nhanh n\u00e0o: L\u00e0 c\u00e2u chuy\u1ec7n r\u1ea5t ng\u1eafn v\u00e0 \u0111\u00e1ng y\u00eau v\u00f4 c\u00f9ng v\u1ec1 m\u1eb9 con nh\u00e0 c\u00e1 voi n\u01a1i \u0111\u1ea1i d\u01b0\u01a1ng s\u00e2u th\u1eb3m, \u1edf \u0111\u00f3 C\u00e1 voi con \u0111\u01b0\u1ee3c m\u1eb9 d\u1ea1y r\u1ea5t nhi\u1ec1u \u0111i\u1ec1u l\u00fd th\u00fa v\u00e0 b\u1ed5 \u00edch.<\/p>\n","protected":false},"featured_media":11290,"template":"","meta":{"_acf_changed":false},"product_brand":[],"product_cat":[24,25,17],"product_tag":[],"class_list":{"0":"post-11291","1":"product","2":"type-product","3":"status-publish","4":"has-post-thumbnail","6":"product_cat-nha-tre-mau-giao-0-tuoi-6-tuoi","7":"product_cat-nhi-dong-6-tuoi-12-tuoi","8":"product_cat-sach-danh-cho-cac-be","10":"first","11":"outofstock","12":"taxable","13":"shipping-taxable","14":"purchasable","15":"product-type-simple"},"supplier_id":null,"supplier_sku":"","barcode":null,"atum_controlled":true,"out_stock_date":"2022-12-08 07:29:38","out_stock_threshold":null,"inheritable":false,"inbound_stock":0,"stock_on_hold":0,"sold_today":0,"sales_last_days":0,"reserved_stock":0,"customer_returns":0,"warehouse_damage":0,"lost_in_post":0,"other_logs":0,"out_stock_days":1147,"lost_sales":0,"has_location":false,"update_date":"2026-01-28T23:10:49","atum_locations":[],"atum_stock_status":"outofstock","restock_status":false,"low_stock_amount":"","sales_update_date":"2026-01-28T23:10:49","calc_backorders":null,"acf":{"publisher":{"ID":1453,"post_author":"1","post_date":"2021-02-17 01:11:32","post_date_gmt":"2021-02-16 23:11:32","post_content":"<!-- wp:flatsome\/uxbuilder -->\n<h1 style=\"text-align: center;\"><strong>Qu\u1ea3ng V\u0103n<\/strong><\/h1>\n[row]\n\n[col span=\"6\" span__sm=\"12\"]\n\n[ux_image id=\"1552\" image_size=\"medium\"]\n\n\n[\/col]\n[col span=\"6\" span__sm=\"12\"]\n\n<p><strong>Quangvanbooks<\/strong><br \/>Qu\u1ea3ng V\u0103n l\u00e0 t\u1ed5 h\u1ee3p xu\u1ea5t b\u1ea3n, gi\u00e1o d\u1ee5c v\u00e0 nh\u01b0\u1ee3ng quy\u1ec1n h\u00e0ng \u0111\u1ea7u trong ng\u00e0nh c\u00f4ng nghi\u1ec7p s\u00e1ng t\u1ea1o v\u1edbi c\u00e1c th\u01b0\u01a1ng hi\u1ec7u nh\u00e1nh:<\/p>\n<p>Quangvanbooks - Th\u01b0\u01a1ng hi\u1ec7u s\u00e1ch v\u0103n h\u00f3a gi\u00e1o d\u1ee5c v\u00e0 v\u0103n h\u00f3a gi\u1ea3i tr\u00ed<br \/>Ehomebooks - Th\u01b0\u01a1ng hi\u1ec7u s\u00e1ch gi\u00e1o d\u1ee5c gia \u0111\u00ecnh<br \/>Sakurabooks - Th\u01b0\u01a1ng hi\u1ec7u s\u00e1ch Nh\u1eadt B\u1ea3n<br \/>IPERbooks - Th\u01b0\u01a1ng hi\u1ec7u s\u00e1ch gi\u00e1o d\u1ee5c nh\u00e0 tr\u01b0\u1eddng<br \/>IPER - Vi\u1ec7n nghi\u00ean c\u1ee9u xu\u1ea5t b\u1ea3n v\u00e0 gi\u00e1o d\u1ee5c IPER<\/p>\n<p><strong>T\u1ea7m nh\u00ecn<\/strong><br \/>Tr\u1edf th\u00e0nh th\u01b0\u01a1ng hi\u1ec7u s\u00e1ch v\u0103n h\u00f3a gi\u00e1o d\u1ee5c v\u00e0 v\u0103n h\u00f3a gi\u1ea3i tr\u00ed t\u1ed1t nh\u1ea5t v\u00e0 \u0111a d\u1ea1ng nh\u1ea5t Vi\u1ec7t Nam.<\/p>\n<p><br \/><strong>S\u1ee9 m\u1ec7nh<\/strong><br \/>Mang \u0111\u1ebfn nh\u1eefng cu\u1ed1n s\u00e1ch v\u0103n h\u00f3a gi\u00e1o d\u1ee5c v\u00e0 v\u0103n h\u00f3a gi\u1ea3i tr\u00ed \u0111\u1ebfn v\u1edbi \u0111\u1ed9c gi\u1ea3 Vi\u1ec7t Nam v\u00e0 th\u1ebf gi\u1edbi nh\u1eb1m gi\u00fap \u0111\u1ed9c gi\u1ea3 ph\u00e1t tri\u1ec3n b\u1ea3n th\u00e2n, gi\u00e1o d\u1ee5c, gi\u1ea3i tr\u00ed v\u00e0 khai s\u00e1ng nh\u1eb1m x\u00e2y d\u1ef1ng x\u00e3 h\u1ed9i th\u1ecbnh v\u01b0\u1ee3ng, h\u1ea1nh ph\u00fac.<\/p>\n<p><strong>Gi\u00e1 tr\u1ecb c\u1ed1t l\u00f5i<\/strong><\/p>\n<p>S\u00e1ng t\u1ea1o - Linh ho\u1ea1t - H\u1ee3p t\u00e1c - Ch\u00ednh tr\u1ef1c - Nhi\u1ec7t huy\u1ebft - C\u00e2n b\u1eb1ng - H\u1ea1nh ph\u00fac<\/p>\n\n[\/col]\n\n[\/row]\n\n<!-- \/wp:flatsome\/uxbuilder -->","post_title":"Qu\u1ea3ng V\u0103n","post_excerpt":"","post_status":"publish","comment_status":"closed","ping_status":"closed","post_password":"","post_name":"quang-van","to_ping":"","pinged":"","post_modified":"2021-02-17 01:26:44","post_modified_gmt":"2021-02-16 23:26:44","post_content_filtered":"","post_parent":0,"guid":"https:\/\/sachviet.eu\/nha-phat-hanh\/quang-van\/","menu_order":0,"post_type":"publisher","post_mime_type":"","comment_count":"0","filter":"raw"}},"_links":{"self":[{"href":"https:\/\/sachviet.eu\/en\/wp-json\/wp\/v2\/product\/11291","targetHints":{"allow":["GET"]}}],"collection":[{"href":"https:\/\/sachviet.eu\/en\/wp-json\/wp\/v2\/product"}],"about":[{"href":"https:\/\/sachviet.eu\/en\/wp-json\/wp\/v2\/types\/product"}],"wp:featuredmedia":[{"embeddable":true,"href":"https:\/\/sachviet.eu\/en\/wp-json\/wp\/v2\/media\/11290"}],"wp:attachment":[{"href":"https:\/\/sachviet.eu\/en\/wp-json\/wp\/v2\/media?parent=11291"}],"wp:term":[{"taxonomy":"product_brand","embeddable":true,"href":"https:\/\/sachviet.eu\/en\/wp-json\/wp\/v2\/product_brand?post=11291"},{"taxonomy":"product_cat","embeddable":true,"href":"https:\/\/sachviet.eu\/en\/wp-json\/wp\/v2\/product_cat?post=11291"},{"taxonomy":"product_tag","embeddable":true,"href":"https:\/\/sachviet.eu\/en\/wp-json\/wp\/v2\/product_tag?post=11291"}],"curies":[{"name":"wp","href":"https:\/\/api.w.org\/{rel}","templated":true}]}}