{"id":11289,"date":"2021-06-03T01:46:41","date_gmt":"2021-06-02T22:46:41","guid":{"rendered":"https:\/\/sachviet.eu\/shop\/dung-de-me-khoc\/"},"modified":"2022-11-25T14:13:21","modified_gmt":"2022-11-25T12:13:21","slug":"dung-de-me-khoc","status":"publish","type":"product","link":"https:\/\/sachviet.eu\/en\/shop\/dung-de-me-khoc\/","title":{"rendered":"\u0110\u1eebng \u0110\u1ec3 M\u1eb9 Kh\u00f3c"},"content":{"rendered":"<p>C\u00f3 ai \u0111\u00f3 \u0111\u00e3 t\u1eebng n\u00f3i r\u1eb1ng: \u201cV\u00ec Th\u01b0\u1ee3ng \u0111\u1ebf kh\u00f4ng th\u1ec3 t\u1ea1o ra c\u00e1c thi\u00ean th\u1ea7n \u1edf kh\u1eafp m\u1ecdi n\u01a1i, n\u00ean Ng\u01b0\u1eddi \u0111\u00e3 t\u1ea1o ra nh\u1eefng ng\u01b0\u1eddi m\u1eb9.\u201d \u201c\u0110\u1eebng \u0111\u1ec3 m\u1eb9 kh\u00f3c\u201d c\u1ee7a Kim Joo Young ch\u00ednh l\u00e0 c\u00e2u chuy\u1ec7n v\u1ec1 m\u1ed9t thi\u00ean th\u1ea7n nh\u01b0 th\u1ebf.<\/p>\n<p> Cu\u1ed1n s\u00e1ch m\u1edf ra khung c\u1ea3nh m\u1ed9t mi\u1ec1n qu\u00ea, \u1edf n\u01a1i \u0111\u00f3 c\u00f3 ng\u01b0\u1eddi m\u1eb9 ngh\u00e8o kh\u00f3, t\u1ea3o t\u1ea7n, hy sinh c\u1ea3 tu\u1ed5i xu\u00e2n nh\u1eefng mong \u0111\u1ed5i l\u1ea5y ng\u00e0y th\u00e1ng b\u00ecnh y\u00ean cho c\u00e1c con c\u1ee7a m\u00ecnh. Th\u1ebf nh\u01b0ng v\u00ec nh\u1eefng hi\u1ec3u l\u1ea7m dai d\u1eb3ng trong qu\u00e1 kh\u1ee9 m\u00e0 Bae Kyung-won \u2013 ng\u01b0\u1eddi con trai \u0111\u01b0\u1ee3c b\u00e0 y\u00eau th\u01b0\u01a1ng nh\u1ea5t \u0111\u00e3 xa c\u00e1ch m\u1eb9 m\u00ecnh su\u1ed1t m\u1ea5y ch\u1ee5c n\u0103m.  <\/p>\n<p>N\u1ed7i \u0111au \u0111\u00f3 c\u1ee9 \u00e2m \u1ec9 ch\u00e1y cho \u0111\u1ebfn m\u1ed9t ng\u00e0y Bae Kyung-won hay tin\u2026 m\u1eb9 m\u00ecnh \u0111\u00e3 m\u1ea5t.<\/p>\n<p> Tr\u1edf v\u1ec1 qu\u00ea h\u01b0\u01a1ng \u0111\u01b0a ti\u1ec5n b\u00e0 tr\u00ean ch\u1eb7ng \u0111\u01b0\u1eddng cu\u1ed1i c\u00f9ng, \u0111\u1ebfn l\u00fac n\u00e0y Bae Kyung-won m\u1edbi th\u1ea5u hi\u1ec3u \u0111\u01b0\u1ee3c t\u1ea5t th\u1ea3y nh\u1eefng \u0111\u1eafng cay m\u00e0 b\u00e0 \u0111\u00e3 ph\u1ea3i ch\u1ecbu \u0111\u1ef1ng. Ng\u01b0\u1eddi m\u1eb9 c\u1ee9ng r\u1eafn t\u01b0\u1edfng nh\u01b0 kh\u00f4ng g\u00ec c\u00f3 th\u1ec3 l\u00e0m kh\u00f3 n\u1ed5i c\u1ee7a \u00f4ng\u2026 h\u00f3a ra c\u0169ng ch\u1eb3ng m\u1ea1nh m\u1ebd \u0111\u1ebfn v\u1eady.  T\u1eebng trang k\u00fd \u1ee9c hi\u1ec7n v\u1ec1, nh\u1eefng n\u00fat th\u1eaft d\u1ea7n \u0111\u01b0\u1ee3c th\u00e1o m\u1edf khi\u1ebfn Kyung-won nh\u1eadn ra, nh\u1eefng ng\u00e0y th\u00e1ng \u1ea5u th\u01a1 c\u00f3 b\u00e0n tay \u1ea5m \u00e1p c\u1ee7a m\u1eb9 ch\u1edf che m\u1edbi ch\u00ednh l\u00e0 qu\u00e3ng th\u1eddi gian \u0111\u00e1ng gi\u00e1 v\u00e0 h\u1ea1nh ph\u00fac nh\u1ea5t.<\/p>\n<p>V\u1edbi l\u1ed1i k\u1ec3 chuy\u1ec7n t\u1ef1 nhi\u00ean, ch\u00e2n th\u1eadt, \u201c\u0110\u1eebng \u0111\u1ec3 m\u1eb9 kh\u00f3c\u201d nh\u01b0 m\u1ed9t th\u01b0\u1edbc phim quay ch\u1eadm kh\u1eafc h\u1ecda n\u00ean c\u00e2u chuy\u1ec7n \u0111\u1ea7y n\u01b0\u1edbc m\u1eaft v\u1ec1 t\u00ecnh m\u1eabu t\u1eed. Nh\u1eb9 nh\u00e0ng, \u0111\u1ea7y t\u00ecnh c\u1ea3m nh\u01b0ng l\u1ea1i c\u00f3 th\u1ec3 ch\u1ea1m \u0111\u1ebfn nh\u1eefng g\u00f3c s\u00e2u nh\u1ea5t trong tr\u00e1i tim ng\u01b0\u1eddi \u0111\u1ecdc, cu\u1ed1n ti\u1ec3u thuy\u1ebft \u0111\u00e3 khi\u1ebfn h\u00e0ng tri\u1ec7u tr\u00e1i ph\u1ea3i th\u1ed5n th\u1ee9c v\u00e0 tr\u1edf th\u00e0nh m\u1ed9t trong nh\u1eefng t\u1ef1a s\u00e1ch best seller t\u1ea1i x\u1ee9 s\u1edf kim chi.<\/p>\n","protected":false},"excerpt":{"rendered":"<p>C\u00f3 ai \u0111\u00f3 \u0111\u00e3 t\u1eebng n\u00f3i r\u1eb1ng: \u201cV\u00ec Th\u01b0\u1ee3ng \u0111\u1ebf kh\u00f4ng th\u1ec3 t\u1ea1o ra c\u00e1c thi\u00ean th\u1ea7n \u1edf kh\u1eafp m\u1ecdi n\u01a1i, n\u00ean Ng\u01b0\u1eddi \u0111\u00e3 t\u1ea1o ra nh\u1eefng ng\u01b0\u1eddi m\u1eb9.\u201d \u201c\u0110\u1eebng \u0111\u1ec3 m\u1eb9 kh\u00f3c\u201d c\u1ee7a Kim Joo Young ch\u00ednh l\u00e0 c\u00e2u chuy\u1ec7n v\u1ec1 m\u1ed9t thi\u00ean th\u1ea7n nh\u01b0 th\u1ebf.<\/p>\n<p> Cu\u1ed1n s\u00e1ch m\u1edf ra khung c\u1ea3nh m\u1ed9t mi\u1ec1n qu\u00ea, \u1edf n\u01a1i \u0111\u00f3 c\u00f3 ng\u01b0\u1eddi m\u1eb9 ngh\u00e8o kh\u00f3, t\u1ea3o t\u1ea7n, hy sinh c\u1ea3 tu\u1ed5i xu\u00e2n nh\u1eefng mong \u0111\u1ed5i l\u1ea5y ng\u00e0y th\u00e1ng b\u00ecnh y\u00ean cho c\u00e1c con c\u1ee7a m\u00ecnh. Th\u1ebf nh\u01b0ng v\u00ec nh\u1eefng hi\u1ec3u l\u1ea7m dai d\u1eb3ng trong qu\u00e1 kh\u1ee9 m\u00e0 Bae Kyung-won \u2013 ng\u01b0\u1eddi con trai \u0111\u01b0\u1ee3c b\u00e0 y\u00eau th\u01b0\u01a1ng nh\u1ea5t \u0111\u00e3 xa c\u00e1ch m\u1eb9 m\u00ecnh su\u1ed1t m\u1ea5y ch\u1ee5c n\u0103m.  <\/p>\n<p>N\u1ed7i \u0111au \u0111\u00f3 c\u1ee9 \u00e2m \u1ec9 ch\u00e1y cho \u0111\u1ebfn m\u1ed9t ng\u00e0y Bae Kyung-won hay tin\u2026 m\u1eb9 m\u00ecnh \u0111\u00e3 m\u1ea5t.<\/p>\n<p> Tr\u1edf v\u1ec1 qu\u00ea h\u01b0\u01a1ng \u0111\u01b0a ti\u1ec5n b\u00e0 tr\u00ean ch\u1eb7ng \u0111\u01b0\u1eddng cu\u1ed1i c\u00f9ng, \u0111\u1ebfn l\u00fac n\u00e0y Bae Kyung-won m\u1edbi th\u1ea5u hi\u1ec3u \u0111\u01b0\u1ee3c t\u1ea5t th\u1ea3y nh\u1eefng \u0111\u1eafng cay m\u00e0 b\u00e0 \u0111\u00e3 ph\u1ea3i ch\u1ecbu \u0111\u1ef1ng. Ng\u01b0\u1eddi m\u1eb9 c\u1ee9ng r\u1eafn t\u01b0\u1edfng nh\u01b0 kh\u00f4ng g\u00ec c\u00f3 th\u1ec3 l\u00e0m kh\u00f3 n\u1ed5i c\u1ee7a \u00f4ng\u2026 h\u00f3a ra c\u0169ng ch\u1eb3ng m\u1ea1nh m\u1ebd \u0111\u1ebfn v\u1eady.  T\u1eebng trang k\u00fd \u1ee9c hi\u1ec7n v\u1ec1, nh\u1eefng n\u00fat th\u1eaft d\u1ea7n \u0111\u01b0\u1ee3c th\u00e1o m\u1edf khi\u1ebfn Kyung-won nh\u1eadn ra, nh\u1eefng ng\u00e0y th\u00e1ng \u1ea5u th\u01a1 c\u00f3 b\u00e0n tay \u1ea5m \u00e1p c\u1ee7a m\u1eb9 ch\u1edf che m\u1edbi ch\u00ednh l\u00e0 qu\u00e3ng th\u1eddi gian \u0111\u00e1ng gi\u00e1 v\u00e0 h\u1ea1nh ph\u00fac nh\u1ea5t.<\/p>\n<p>V\u1edbi l\u1ed1i k\u1ec3 chuy\u1ec7n t\u1ef1 nhi\u00ean, ch\u00e2n th\u1eadt, \u201c\u0110\u1eebng \u0111\u1ec3 m\u1eb9 kh\u00f3c\u201d nh\u01b0 m\u1ed9t th\u01b0\u1edbc phim quay ch\u1eadm kh\u1eafc h\u1ecda n\u00ean c\u00e2u chuy\u1ec7n \u0111\u1ea7y n\u01b0\u1edbc m\u1eaft v\u1ec1 t\u00ecnh m\u1eabu t\u1eed. Nh\u1eb9 nh\u00e0ng, \u0111\u1ea7y t\u00ecnh c\u1ea3m nh\u01b0ng l\u1ea1i c\u00f3 th\u1ec3 ch\u1ea1m \u0111\u1ebfn nh\u1eefng g\u00f3c s\u00e2u nh\u1ea5t trong tr\u00e1i tim ng\u01b0\u1eddi \u0111\u1ecdc, cu\u1ed1n ti\u1ec3u thuy\u1ebft \u0111\u00e3 khi\u1ebfn h\u00e0ng tri\u1ec7u tr\u00e1i ph\u1ea3i th\u1ed5n th\u1ee9c v\u00e0 tr\u1edf th\u00e0nh m\u1ed9t trong nh\u1eefng t\u1ef1a s\u00e1ch best seller t\u1ea1i x\u1ee9 s\u1edf kim chi.<\/p>\n","protected":false},"featured_media":11277,"template":"","meta":{"_acf_changed":false},"product_brand":[],"product_cat":[15,47],"product_tag":[],"class_list":{"0":"post-11289","1":"product","2":"type-product","3":"status-publish","4":"has-post-thumbnail","6":"product_cat-sach-danh-cho-nguoi-lon","7":"product_cat-truyen-ngan-tan-van","9":"first","10":"outofstock","11":"taxable","12":"shipping-taxable","13":"purchasable","14":"product-type-simple"},"supplier_id":null,"supplier_sku":"","barcode":null,"atum_controlled":true,"out_stock_date":"2022-11-25 12:13:21","out_stock_threshold":null,"inheritable":false,"inbound_stock":1,"stock_on_hold":0,"sold_today":0,"sales_last_days":0,"reserved_stock":0,"customer_returns":0,"warehouse_damage":0,"lost_in_post":0,"other_logs":0,"out_stock_days":1160,"lost_sales":0,"has_location":false,"update_date":"2026-01-28T23:10:49","atum_locations":[],"atum_stock_status":"outofstock","restock_status":false,"low_stock_amount":"","sales_update_date":"2026-01-28T23:10:49","calc_backorders":null,"acf":{"publisher":{"ID":1460,"post_author":"1","post_date":"2021-02-17 01:12:24","post_date_gmt":"2021-02-16 23:12:24","post_content":"<!-- wp:flatsome\/uxbuilder -->\n<h1 style=\"text-align: center;\"><strong>Skybooks<\/strong><\/h1>\n[row]\n\n[col span=\"7\" span__sm=\"12\"]\n\n<p>C\u00f4ng ty ph\u00e1t h\u00e0nh s\u00e1ch Skybooks. \"T\u00f4i tr\u1ebb, t\u00f4i \u0111am m\u00ea\" v\u1edbi s\u1ee9 m\u1ec7nh lan to\u1ea3 c\u1ea3m x\u00fac v\u00e0 k\u1ebft n\u1ed1i t\u00e2m h\u1ed3n<\/p>\n<p><strong>Skybooks l\u00e0 c\u00e2u chuy\u1ec7n k\u1ec3 v\u1ec1:<\/strong><br \/>M\u1ed9t th\u1ebf h\u1ec7 ng\u01b0\u1eddi vi\u1ebft tr\u1ebb, \u0111am m\u00ea v\u0103n ch\u01b0\u01a1ng v\u00e0 t\u00f4n tr\u1ecdng, g\u00ecn gi\u1eef, s\u00e1ng t\u1ea1o Ti\u1ebfng Vi\u1ec7t. M\u1ed9t th\u1ebf h\u1ec7 \u0111\u1ed9c gi\u1ea3 tr\u1ebb, \u0111am m\u00ea kh\u00e1m ph\u00e1 ng\u00f4n ng\u1eef v\u00e0 say m\u00ea \u0111\u1ebfn v\u1edbi th\u1ebf gi\u1edbi c\u1ee7a nh\u1eefng quy\u1ec3n s\u00e1ch. M\u1ed9t th\u1ebf h\u1ec7 ng\u01b0\u1eddi l\u00e0m s\u00e1ch tr\u1ebb, \u0111am m\u00ea mang nh\u1eefng gi\u00e1 tr\u1ecb tinh th\u1ea7n l\u1ea1i g\u1ea7n ng\u01b0\u1eddi \u0111\u1ecdc.<br \/>Trong b\u1ed9 nh\u1eadn d\u1ea1ng th\u01b0\u01a1ng hi\u1ec7u:<br \/>Skybooks v\u1edbi ch\u1eef Sky m\u00e0u xanh da tr\u1eddi c\u00f3 \u00fd ngh\u0129a l\u00e0 c\u00f4ng ty B\u1ea7u Tr\u1eddi - n\u01a1i t\u1ea5t c\u1ea3 \u01b0\u1edbc m\u01a1 \u0111\u01b0\u1ee3c t\u1ef1 do tung c\u00e1nh.<br \/>V\u1edbi logo h\u00ecnh hoa b\u1ed3 c\u00f4ng anh \u0111ang bay t\u01b0\u1ee3ng tr\u01b0ng cho s\u1ef1 lan to\u1ea3 c\u1ea3m x\u00fac v\u00e0 kh\u00e1t v\u1ecdng bay cao.<br \/>K\u1ebb v\u1ea1ch logo c\u00f3 n\u1ec1n m\u00e0u ghi x\u00e1m xu\u1ea5t hi\u1ec7n tr\u00ean b\u00eca m\u1ecdi \u1ea5n ph\u1ea9m th\u1ec3 hi\u1ec7n con \u0111\u01b0\u1eddng b\u01b0\u1edbc v\u00e0o th\u1ecb tr\u01b0\u1eddng s\u00e1ch v\u00e0 chinh ph\u1ee5c \u0111\u1ed9c gi\u1ea3 l\u00e0 m\u1ed9t h\u00e0nh tr\u00ecnh d\u00e0i, \u0111\u1ea7y gian kh\u00f3, c\u00f3 nhi\u1ec1u b\u00e3o t\u1ed1, nh\u01b0ng ch\u1ec9 c\u1ea7n n\u1ed7 l\u1ef1c c\u1ed1 g\u1eafng nh\u1ea5t \u0111\u1ecbnh s\u1ebd ngo\u1ea1n m\u1ee5c v\u01b0\u1ee3t qua. \u0110\u1ec3 kh\u1eb3ng \u0111\u1ecbnh v\u00e0 ch\u1ee9ng minh ch\u00ednh m\u00ecnh!<\/p>\n\n[\/col]\n[col span=\"5\" span__sm=\"12\"]\n\n[ux_image id=\"1825\" image_size=\"medium\"]\n\n\n[\/col]\n\n[\/row]\n\n<!-- \/wp:flatsome\/uxbuilder -->","post_title":"Skybooks","post_excerpt":"","post_status":"publish","comment_status":"closed","ping_status":"closed","post_password":"","post_name":"skybooks","to_ping":"","pinged":"","post_modified":"2021-02-17 01:57:31","post_modified_gmt":"2021-02-16 23:57:31","post_content_filtered":"","post_parent":0,"guid":"https:\/\/sachviet.eu\/nha-phat-hanh\/skybooks\/","menu_order":0,"post_type":"publisher","post_mime_type":"","comment_count":"0","filter":"raw"}},"_links":{"self":[{"href":"https:\/\/sachviet.eu\/en\/wp-json\/wp\/v2\/product\/11289","targetHints":{"allow":["GET"]}}],"collection":[{"href":"https:\/\/sachviet.eu\/en\/wp-json\/wp\/v2\/product"}],"about":[{"href":"https:\/\/sachviet.eu\/en\/wp-json\/wp\/v2\/types\/product"}],"wp:featuredmedia":[{"embeddable":true,"href":"https:\/\/sachviet.eu\/en\/wp-json\/wp\/v2\/media\/11277"}],"wp:attachment":[{"href":"https:\/\/sachviet.eu\/en\/wp-json\/wp\/v2\/media?parent=11289"}],"wp:term":[{"taxonomy":"product_brand","embeddable":true,"href":"https:\/\/sachviet.eu\/en\/wp-json\/wp\/v2\/product_brand?post=11289"},{"taxonomy":"product_cat","embeddable":true,"href":"https:\/\/sachviet.eu\/en\/wp-json\/wp\/v2\/product_cat?post=11289"},{"taxonomy":"product_tag","embeddable":true,"href":"https:\/\/sachviet.eu\/en\/wp-json\/wp\/v2\/product_tag?post=11289"}],"curies":[{"name":"wp","href":"https:\/\/api.w.org\/{rel}","templated":true}]}}