{"id":11264,"date":"2021-06-03T01:42:55","date_gmt":"2021-06-02T22:42:55","guid":{"rendered":"https:\/\/sachviet.eu\/shop\/combo-flora-tia-chop-set-4-quyen\/"},"modified":"2021-06-03T20:33:22","modified_gmt":"2021-06-03T17:33:22","slug":"combo-flora-tia-chop-set-4-quyen","status":"publish","type":"product","link":"https:\/\/sachviet.eu\/en\/shop\/combo-flora-tia-chop-set-4-quyen\/","title":{"rendered":"Combo Flora Tia Ch\u1edbp &#8211; Set 4 quy\u1ec3n"},"content":{"rendered":"<p>&#8211; T\u1eadp 1: B\u00ed m\u1eadt trong khu r\u1eebng d\u00e2y leo<\/p>\n<p>&#8211; T\u1eadp 2: S\u1ef1 h\u1ed7n lo\u1ea1n c\u1ee7a c\u00e1c ph\u00f9 thu\u1ef7 th\u1eddi ti\u1ebft<\/p>\n<p>&#8211; T\u1eadp 3: C\u00e1c ph\u00f9 thu\u1ef7 b\u1ecb ph\u00f9 ph\u00e9p<\/p>\n<p>&#8211; T\u1eadp 4: Gi\u1ea3i c\u1ee9u thung l\u0169ng hoa h\u1ed3ng<\/p>\n<p>&#8220;Flora tia ch\u1edbp&#8221; c\u00e2u chuy\u1ec7n k\u1ec3 v\u1ec1 c\u00f4 b\u00e9 ph\u00f9 thu\u1ef7 Flora c\u00f3 kh\u1ea3 n\u0103ng bay nhanh nh\u01b0 tia ch\u1edbp v\u1edbi c\u00e2y ch\u1ed5i c\u1ee7a m\u00ecnh. Flora s\u1ed1ng \u1edf Thung l\u0169ng ph\u00f9 thu\u1ef7 Hoa H\u1ed3ng v\u1edbi gia \u0111\u00ecnh, ch\u00fa m\u00e8o Kringel  v\u00e0 nh\u1eefng ng\u01b0\u1eddi b\u1ea1n nh\u1ecf.<\/p>\n<p> Xuy\u00ean su\u1ed1t c\u00e2u chuy\u1ec7n trong th\u1ebf gi\u1edbi ph\u00f9 thu\u1ef7, Flora c\u00f9ng nh\u1eefng ng\u01b0\u1eddi b\u1ea1n c\u1ee7a m\u00ecnh \u0111\u00e3 c\u00f3 qu\u00e3ng th\u1eddi gian r\u1ea5t vui v\u1ebb v\u1edbi nh\u1eefng kh\u00e1m ph\u00e1 m\u1edbi l\u1ea1. B\u00ean c\u1ea1nh \u0111\u00f3, c\u00e1c b\u1ea1n c\u0169ng \u0111\u00e3 ph\u1ea3i tr\u1ea3i qua r\u1ea5t nhi\u1ec1u nh\u1eefng kh\u00f3 kh\u0103n, th\u1eed th\u00e1ch v\u1ec1 l\u00f2ng d\u0169ng c\u1ea3m.<\/p>\n<p> \u0110\u1ee9ng tr\u01b0\u1edbc nh\u1eefng k\u1ebb x\u1ea5u, nh\u1eefng \u00e2m m\u01b0u \u0111\u1ed9c \u00e1c, Flora c\u00f9ng nh\u1eefng ng\u01b0\u1eddi b\u1ea1n \u0111\u00e3 th\u00e0nh l\u1eadp &#8220;T\u1ed5 ch\u1ee9c b\u00ed m\u1eadt&#8221;. &#8220;T\u1ed5 ch\u1ee9c b\u00ed m\u1eadt&#8221; v\u1edbi s\u1ee9c m\u1ea1nh \u0111o\u00e0n k\u1ebft c\u1ee7a c\u00e1c b\u1ea1n nh\u1ecf \u0111\u00e3 l\u1ea7n l\u01b0\u1ee3t l\u1eadt \u0111\u1ed5 nh\u1eefng \u00e2m m\u01b0u x\u1ea5u xa nh\u01b0 l\u00e0 v\u1ea1ch tr\u1ea7n s\u1ef1 gi\u1ea3 d\u1ed1i c\u1ee7a ph\u00f9 th\u1ee7y Turdus Merula, tr\u1ea3 l\u1ea1i s\u1ef1 t\u1ef1 do cho c\u00e1c \u0111\u1ed9ng v\u1eadt th\u1ea7n k\u1ef3 b\u1ecb ng\u01b0\u1ee3c \u0111\u00e3i, hay gi\u1ea3i c\u1ee9u hai d\u01b0\u1ee3c s\u0129 ph\u00f9 th\u1ee7y, gi\u1ea3i tho\u00e1t c\u00e1c ph\u00f9 th\u1ee7y b\u1ecb ph\u00f9 ph\u00e9p.<\/p>\n<p> V\u0103n phong nh\u1eb9 nh\u00e0ng, m\u1ed7i t\u1eadp chia ra l\u00e0m nhi\u1ec1u c\u00e2u chuy\u1ec7n d\u1ec5 th\u01b0\u01a1ng xoay quanh cu\u1ed9c s\u1ed1ng c\u1ee7a Flora v\u00e0 c\u00e1c b\u1ea1n nh\u1ecf trong Thung l\u0169ng ph\u00f9 thu\u1ef7 Hoa H\u1ed3ng. C\u00e1c c\u00e2u chuy\u1ec7n \u0111\u01b0\u1ee3c l\u1ed3ng gh\u00e9p m\u1ed9t c\u00e1ch kh\u00e9o l\u00e9o b\u00e0i h\u1ecdc v\u1ec1 l\u00f2ng d\u0169ng c\u1ea3m v\u01b0\u1ee3t qua th\u1eed th\u00e1ch, t\u00ecnh c\u1ea3m y\u00eau th\u01b0\u01a1ng, nh\u00e2n sinh quan s\u00e2u s\u1eafc.<\/p>\n<p> N\u1ebfu b\u1ea1n \u0111ang t\u00ecm cho m\u00ecnh m\u1ed9t cu\u1ed1n s\u00e1ch \u0111\u1ec3 g\u1ed1i \u0111\u1ea7u gi\u01b0\u1eddng c\u00f9ng con \u0111\u1ecdc m\u1ed7i t\u1ed1i, c\u00f9ng kh\u00e1m ph\u00e1 th\u1ebf gi\u1edbi \u0111\u1ea7y s\u00e1ng t\u1ea1o c\u1ee7a nh\u1eefng ph\u00f9 thu\u1ef7 nh\u1ecf hay  d\u1ea1y c\u00e1c b\u00e0i h\u1ecdc h\u1eefu \u00edch cho tr\u1ebb nh\u1ecf&#8230; th\u00ec Flora ch\u00ednh l\u00e0 cu\u1ed1n s\u00e1ch m\u00e0 b\u1ea1n c\u1ea7n. C\u00e1c c\u00e2u chuy\u1ec7n xuy\u00ean su\u1ed1t s\u1ebd khi\u1ebfn c\u00e1c b\u1ea1n nh\u1ecf lu\u00f4n h\u00e1o h\u1ee9c ch\u1edd \u0111\u1ee3i \u0111\u1ec3 \u0111\u01b0\u1ee3c nghe, \u0111\u01b0\u1ee3c ho\u00e0 nh\u1eadp v\u00e0o th\u1ebf gi\u1edbi c\u1ee7a tr\u00ed t\u01b0\u1edfng t\u01b0\u1ee3ng c\u1ef1c k\u1ef3 phong ph\u00fa!<\/p>\n","protected":false},"excerpt":{"rendered":"<p>&#8211; T\u1eadp 1: B\u00ed m\u1eadt trong khu r\u1eebng d\u00e2y leo<\/p>\n<p>&#8211; T\u1eadp 2: S\u1ef1 h\u1ed7n lo\u1ea1n c\u1ee7a c\u00e1c ph\u00f9 thu\u1ef7 th\u1eddi ti\u1ebft<\/p>\n<p>&#8211; T\u1eadp 3: C\u00e1c ph\u00f9 thu\u1ef7 b\u1ecb ph\u00f9 ph\u00e9p<\/p>\n<p>&#8211; T\u1eadp 4: Gi\u1ea3i c\u1ee9u thung l\u0169ng hoa h\u1ed3ng<\/p>\n<p>&#8220;Flora tia ch\u1edbp&#8221; c\u00e2u chuy\u1ec7n k\u1ec3 v\u1ec1 c\u00f4 b\u00e9 ph\u00f9 thu\u1ef7 Flora c\u00f3 kh\u1ea3 n\u0103ng bay nhanh nh\u01b0 tia ch\u1edbp v\u1edbi c\u00e2y ch\u1ed5i c\u1ee7a m\u00ecnh. Flora s\u1ed1ng \u1edf Thung l\u0169ng ph\u00f9 thu\u1ef7 Hoa H\u1ed3ng v\u1edbi gia \u0111\u00ecnh, ch\u00fa m\u00e8o Kringel  v\u00e0 nh\u1eefng ng\u01b0\u1eddi b\u1ea1n nh\u1ecf.<\/p>\n<p> Xuy\u00ean su\u1ed1t c\u00e2u chuy\u1ec7n trong th\u1ebf gi\u1edbi ph\u00f9 thu\u1ef7, Flora c\u00f9ng nh\u1eefng ng\u01b0\u1eddi b\u1ea1n c\u1ee7a m\u00ecnh \u0111\u00e3 c\u00f3 qu\u00e3ng th\u1eddi gian r\u1ea5t vui v\u1ebb v\u1edbi nh\u1eefng kh\u00e1m ph\u00e1 m\u1edbi l\u1ea1. B\u00ean c\u1ea1nh \u0111\u00f3, c\u00e1c b\u1ea1n c\u0169ng \u0111\u00e3 ph\u1ea3i tr\u1ea3i qua r\u1ea5t nhi\u1ec1u nh\u1eefng kh\u00f3 kh\u0103n, th\u1eed th\u00e1ch v\u1ec1 l\u00f2ng d\u0169ng c\u1ea3m.<\/p>\n<p> \u0110\u1ee9ng tr\u01b0\u1edbc nh\u1eefng k\u1ebb x\u1ea5u, nh\u1eefng \u00e2m m\u01b0u \u0111\u1ed9c \u00e1c, Flora c\u00f9ng nh\u1eefng ng\u01b0\u1eddi b\u1ea1n \u0111\u00e3 th\u00e0nh l\u1eadp &#8220;T\u1ed5 ch\u1ee9c b\u00ed m\u1eadt&#8221;. &#8220;T\u1ed5 ch\u1ee9c b\u00ed m\u1eadt&#8221; v\u1edbi s\u1ee9c m\u1ea1nh \u0111o\u00e0n k\u1ebft c\u1ee7a c\u00e1c b\u1ea1n nh\u1ecf \u0111\u00e3 l\u1ea7n l\u01b0\u1ee3t l\u1eadt \u0111\u1ed5 nh\u1eefng \u00e2m m\u01b0u x\u1ea5u xa nh\u01b0 l\u00e0 v\u1ea1ch tr\u1ea7n s\u1ef1 gi\u1ea3 d\u1ed1i c\u1ee7a ph\u00f9 th\u1ee7y Turdus Merula, tr\u1ea3 l\u1ea1i s\u1ef1 t\u1ef1 do cho c\u00e1c \u0111\u1ed9ng v\u1eadt th\u1ea7n k\u1ef3 b\u1ecb ng\u01b0\u1ee3c \u0111\u00e3i, hay gi\u1ea3i c\u1ee9u hai d\u01b0\u1ee3c s\u0129 ph\u00f9 th\u1ee7y, gi\u1ea3i tho\u00e1t c\u00e1c ph\u00f9 th\u1ee7y b\u1ecb ph\u00f9 ph\u00e9p.<\/p>\n<p> V\u0103n phong nh\u1eb9 nh\u00e0ng, m\u1ed7i t\u1eadp chia ra l\u00e0m nhi\u1ec1u c\u00e2u chuy\u1ec7n d\u1ec5 th\u01b0\u01a1ng xoay quanh cu\u1ed9c s\u1ed1ng c\u1ee7a Flora v\u00e0 c\u00e1c b\u1ea1n nh\u1ecf trong Thung l\u0169ng ph\u00f9 thu\u1ef7 Hoa H\u1ed3ng. C\u00e1c c\u00e2u chuy\u1ec7n \u0111\u01b0\u1ee3c l\u1ed3ng gh\u00e9p m\u1ed9t c\u00e1ch kh\u00e9o l\u00e9o b\u00e0i h\u1ecdc v\u1ec1 l\u00f2ng d\u0169ng c\u1ea3m v\u01b0\u1ee3t qua th\u1eed th\u00e1ch, t\u00ecnh c\u1ea3m y\u00eau th\u01b0\u01a1ng, nh\u00e2n sinh quan s\u00e2u s\u1eafc.<\/p>\n<p> N\u1ebfu b\u1ea1n \u0111ang t\u00ecm cho m\u00ecnh m\u1ed9t cu\u1ed1n s\u00e1ch \u0111\u1ec3 g\u1ed1i \u0111\u1ea7u gi\u01b0\u1eddng c\u00f9ng con \u0111\u1ecdc m\u1ed7i t\u1ed1i, c\u00f9ng kh\u00e1m ph\u00e1 th\u1ebf gi\u1edbi \u0111\u1ea7y s\u00e1ng t\u1ea1o c\u1ee7a nh\u1eefng ph\u00f9 thu\u1ef7 nh\u1ecf hay  d\u1ea1y c\u00e1c b\u00e0i h\u1ecdc h\u1eefu \u00edch cho tr\u1ebb nh\u1ecf&#8230; th\u00ec Flora ch\u00ednh l\u00e0 cu\u1ed1n s\u00e1ch m\u00e0 b\u1ea1n c\u1ea7n. C\u00e1c c\u00e2u chuy\u1ec7n xuy\u00ean su\u1ed1t s\u1ebd khi\u1ebfn c\u00e1c b\u1ea1n nh\u1ecf lu\u00f4n h\u00e1o h\u1ee9c ch\u1edd \u0111\u1ee3i \u0111\u1ec3 \u0111\u01b0\u1ee3c nghe, \u0111\u01b0\u1ee3c ho\u00e0 nh\u1eadp v\u00e0o th\u1ebf gi\u1edbi c\u1ee7a tr\u00ed t\u01b0\u1edfng t\u01b0\u1ee3ng c\u1ef1c k\u1ef3 phong ph\u00fa!<\/p>\n","protected":false},"featured_media":11253,"template":"","meta":{"_acf_changed":false},"product_brand":[],"product_cat":[17,26],"product_tag":[],"class_list":{"0":"post-11264","1":"product","2":"type-product","3":"status-publish","4":"has-post-thumbnail","6":"product_cat-sach-danh-cho-cac-be","7":"product_cat-thieu-nien-11-tuoi-18-tuoi","9":"first","10":"outofstock","11":"taxable","12":"shipping-taxable","13":"purchasable","14":"product-type-simple"},"supplier_id":null,"supplier_sku":"","barcode":null,"atum_controlled":true,"out_stock_date":"2021-06-03 17:33:23","out_stock_threshold":null,"inheritable":false,"inbound_stock":0,"stock_on_hold":0,"sold_today":0,"sales_last_days":0,"reserved_stock":0,"customer_returns":0,"warehouse_damage":0,"lost_in_post":0,"other_logs":0,"out_stock_days":1700,"lost_sales":0,"has_location":false,"update_date":"2026-01-28T23:10:49","atum_locations":[],"atum_stock_status":"outofstock","restock_status":false,"low_stock_amount":"","sales_update_date":"2026-01-28T23:10:49","calc_backorders":null,"acf":{"publisher":{"ID":1785,"post_author":"1","post_date":"2021-02-17 01:54:46","post_date_gmt":"2021-02-16 23:54:46","post_content":"<!-- wp:flatsome\/uxbuilder -->\n<h1 style=\"text-align: center;\"><strong>AZ VIETNAM<\/strong><\/h1>\n[row]\n\n[col span=\"8\" span__sm=\"12\"]\n\n<p>Th\u00e0nh l\u1eadp n\u0103m: 2015<br \/>V\u1ed1n \u0111\u1ea7u t\u01b0: 4,000,000,000 \u0111\u1ed3ng<br \/><strong>L\u0129nh v\u1ef1c:<\/strong><br \/>- Xu\u1ea5t b\u1ea3n v\u00e0 ph\u00e1t h\u00e0nh v\u0103n h\u00f3a ph\u1ea9m<br \/>- Cung c\u1ea5p v\u0103n h\u00f3a ph\u1ea9m, c\u00e1c s\u1ea3n ph\u1ea9m cho in \u1ea5n, trang thi\u1ebft b\u1ecb cho c\u00e1c th\u01b0 vi\u1ec7n v\u00e0 trung t\u00e2m s\u00e1ch tr\u00ean c\u1ea3 n\u01b0\u1edbc.<br \/>- Th\u1eddi trang v\u00e0 c\u00e1c s\u1ea3n ph\u1ea9m li\u00ean quan \u0111\u1ebfn l\u0129nh v\u1ef1c th\u1eddi trang<br \/>- Xu\u1ea5t nh\u1eadp kh\u1ea9u c\u00e1c s\u1ea3n ph\u1ea9m v\u0103n h\u00f3a<\/p>\n<p><strong>Quy m\u00f4:<\/strong> 60 nh\u00e2n vi\u00ean<br \/>Kh\u1edfi ngu\u1ed3n c\u1ee7a AZ Vi\u1ec7t Nam ng\u00e0y nay l\u00e0 C\u00f4ng ty TNHH Trung t\u00e2m S\u00e1ch v\u00e0 Thi\u1ebft b\u1ecb Th\u01b0 vi\u1ec7n, v\u1edbi ho\u1ea1t \u0111\u1ed9ng \u0111\u1ea7u ti\u00ean l\u00e0 cung c\u1ea5p s\u00e1ch, trang thi\u1ebft b\u1ecb, v\u0103n h\u00f3a ph\u1ea9m cho c\u00e1c th\u01b0 vi\u1ec7n v\u00e0 trung t\u00e2m s\u00e1ch tr\u00ean c\u1ea3 n\u01b0\u1edbc. T\u1eeb cu\u1ed1i n\u0103m 2010 \u0111\u1ebfn nay, ch\u00fang t\u00f4i \u0111\u00e3 kh\u00f4ng ng\u1eebng n\u1ed7 l\u1ef1c khai ph\u00e1 v\u00e0 ph\u00e1t tri\u1ec3n c\u00e1c d\u00f2ng s\u1ea3n ph\u1ea9m m\u1edbi v\u1edbi 8 th\u01b0\u01a1ng hi\u1ec7u uy t\u00edn. \u0110\u1ec3 \u0111\u00e1p \u1ee9ng nhu c\u1ea7u ph\u00e1t tri\u1ec3n ng\u00e0y m\u1ed9t l\u1edbn m\u1ea1nh v\u00e0 t\u1eadp h\u1ee3p c\u00e1c th\u01b0\u01a1ng hi\u1ec7u \u0111\u00e3 \u0111\u01b0\u1ee3c ch\u00fang t\u00f4i x\u00e2y d\u1ef1ng, 2015 C\u00f4ng ty TNHH AZ Vi\u1ec7t Nam \u0111\u00e3 ra \u0111\u1eddi v\u1edbi s\u1ee9 m\u1ec7nh mang \u0111\u1ebfn nhi\u1ec1u h\u01a1n n\u1eefa nh\u1eefng gi\u00e1 tr\u1ecb tinh th\u1ea7n, tri th\u1ee9c ti\u00ean ti\u1ebfn cho ng\u01b0\u1eddi ti\u00eau d\u00f9ng b\u1eb1ng vi\u1ec7c cung c\u1ea5p nh\u1eefng s\u1ea3n ph\u1ea9m c\u00f3 ch\u1ea5t l\u01b0\u1ee3ng.<\/p>\n\n[\/col]\n[col span=\"4\" span__sm=\"12\"]\n\n[ux_image id=\"1836\" image_size=\"medium\"]\n\n\n[\/col]\n\n[\/row]\n\n<!-- \/wp:flatsome\/uxbuilder -->","post_title":"AZ Vi\u1ec7t Nam","post_excerpt":"","post_status":"publish","comment_status":"closed","ping_status":"closed","post_password":"","post_name":"az-viet-nam","to_ping":"","pinged":"","post_modified":"2021-02-17 22:07:10","post_modified_gmt":"2021-02-17 20:07:10","post_content_filtered":"","post_parent":0,"guid":"https:\/\/sachviet.eu\/nha-phat-hanh\/az-viet-nam\/","menu_order":0,"post_type":"publisher","post_mime_type":"","comment_count":"0","filter":"raw"}},"_links":{"self":[{"href":"https:\/\/sachviet.eu\/en\/wp-json\/wp\/v2\/product\/11264","targetHints":{"allow":["GET"]}}],"collection":[{"href":"https:\/\/sachviet.eu\/en\/wp-json\/wp\/v2\/product"}],"about":[{"href":"https:\/\/sachviet.eu\/en\/wp-json\/wp\/v2\/types\/product"}],"wp:featuredmedia":[{"embeddable":true,"href":"https:\/\/sachviet.eu\/en\/wp-json\/wp\/v2\/media\/11253"}],"wp:attachment":[{"href":"https:\/\/sachviet.eu\/en\/wp-json\/wp\/v2\/media?parent=11264"}],"wp:term":[{"taxonomy":"product_brand","embeddable":true,"href":"https:\/\/sachviet.eu\/en\/wp-json\/wp\/v2\/product_brand?post=11264"},{"taxonomy":"product_cat","embeddable":true,"href":"https:\/\/sachviet.eu\/en\/wp-json\/wp\/v2\/product_cat?post=11264"},{"taxonomy":"product_tag","embeddable":true,"href":"https:\/\/sachviet.eu\/en\/wp-json\/wp\/v2\/product_tag?post=11264"}],"curies":[{"name":"wp","href":"https:\/\/api.w.org\/{rel}","templated":true}]}}