{"id":11252,"date":"2021-06-03T01:40:50","date_gmt":"2021-06-02T22:40:50","guid":{"rendered":"https:\/\/sachviet.eu\/shop\/julia-donaldson-chen-chuc-luc-nhuc-chang-khong-lo-lich-su-nhat-thanh-pho-cay-choi-than-ky-set-3-quyen\/"},"modified":"2023-12-22T12:50:34","modified_gmt":"2023-12-22T10:50:34","slug":"julia-donaldson-chen-chuc-luc-nhuc-chang-khong-lo-lich-su-nhat-thanh-pho-cay-choi-than-ky-set-3-quyen","status":"publish","type":"product","link":"https:\/\/sachviet.eu\/en\/shop\/julia-donaldson-chen-chuc-luc-nhuc-chang-khong-lo-lich-su-nhat-thanh-pho-cay-choi-than-ky-set-3-quyen\/","title":{"rendered":"Julia Donaldson: Chen ch\u00fac l\u00fac nh\u00fac + Ch\u00e0ng kh\u1ed5ng l\u1ed3 l\u1ecbch s\u1ef1 nh\u1ea5t th\u00e0nh ph\u1ed1 + C\u00e2y ch\u1ed5i th\u1ea7n k\u1ef3 &#8211; Set 3 quy\u1ec3n"},"content":{"rendered":"<p>Chen Ch\u00fac L\u00fac Nh\u00fac<\/p>\n<p>\u201cXin gi\u00fap t\u00f4i t\u00ecm c\u00e1ch<\/p>\n<p>L\u00e0m sao \u0111\u1ec3 tho\u00e1t c\u1ea3nh<\/p>\n<p>Chen ch\u00fac l\u00fac nh\u00fac n\u00e0y?&#8221;<\/p>\n<p>B\u00e0 c\u1ee5 b\u00e9 nh\u1ecf ch\u1eb3ng vui ch\u00fat n\u00e0o &#8211; v\u00ec nh\u00e0 b\u00e0 ch\u1eadt qu\u00e1.<\/p>\n<p>Bi\u1ebft l\u00e0m th\u1ebf n\u00e0o b\u00e2y gi\u1edd? \u00d4ng c\u1ee5 th\u00f4ng th\u00e1i \u0111\u00e3 ngh\u0129 ra m\u1ed9t c\u00e1ch. V\u1eady c\u00e1ch c\u1ee7a \u00f4ng l\u00e0 g\u00ec?<\/p>\n<p>M\u1eddi c\u00e1c em \u0111\u00f3n \u0111\u1ecdc b\u1ed9 s\u00e1ch kinh \u0111i\u1ec3n n\u1ed5i ti\u1ebfng kh\u1eafp th\u1ebf gi\u1edbi n\u00e0y nh\u00e9!<\/p>\n<p>C\u00e2y Ch\u1ed5i Th\u1ea7n K\u00ec<\/p>\n<p>B\u1ea1n c\u1ee7a c\u00f4, m\u00e8o m\u01b0\u1edbp, c\u00f9ng c\u01b0\u1ee1i ch\u1ed5i rong ch\u01a1i. Khi gi\u00f3 hiu hiu th\u1ed5i, m\u00e8o kho\u00e1i, ch\u1ee7 vui c\u01b0\u1eddi.<\/p>\n<p>S\u1ebd vui ph\u1ea3i bi\u1ebft khi c\u00f3 th\u00eam ch\u00f3, chim v\u00e0 \u1ebfch tr\u00ean chuy\u1ebfn du h\u00e0nh b\u1eb1ng ch\u1ed5i th\u1ea7n. Nh\u01b0ng chuy\u1ec7n g\u00ec s\u1ebd x\u1ea3y ra khi c\u00e2y ch\u1ed5i g\u00e3y l\u00e0m \u0111\u00f4i v\u00e0 m\u1ed9t con r\u1ed3ng h\u00e1u \u0103n x\u00f4ng t\u1edbi?<\/p>\n<p>Ch\u00fang m\u00ecnh c\u00f9ng xem nh\u00e9!<\/p>\n<p>\u201cJulia Donaldson v\u00e0 Axel Schefler \u0111\u00e3 tr\u1edf l\u1ea1i v\u1edbi m\u1ed9t vi\u00ean ng\u1ecdc qu\u00fd n\u1eef Ch\u00fang t\u00f4i v\u00f4 c\u00f9ng y\u00eau th\u00edch t\u00e1c ph\u1ea9m n\u00e0y.&#8221;<\/p>\n<p>Ch\u00e0ng Kh\u1ed5ng L\u1ed3 L\u1ecbch S\u1ef1 Nh\u1ea5t Th\u00e0nh Ph\u1ed1<\/p>\n<p>\u201cNh\u01b0ng h\u00e3y nh\u00ecn k\u0129 m\u00e0<\/p>\n<p>M\u00ecnh l\u00e0 ch\u00e0ng kh\u1ed5ng l\u1ed3 l\u1ecbch s\u1ef1 nh\u1ea5t th\u00e0nh ph\u1ed1!&#8221;<\/p>\n<p>George ch\u00e1n c\u00e1ch \u0103n m\u1eb7c l\u00f4i th\u00f4i c\u1ee7a m\u00ecnh l\u1eafm r\u1ed3i. \u0110\u00e3 \u0111\u1ebfn l\u00fac ph\u1ea3i thay m\u1ed9t b\u1ed9 qu\u1ea7n \u00e1o m\u1edbi. Ch\u1eb3ng m\u1ea5y ch\u1ed1c, anh tr\u1edf th\u00e0nh ch\u00e0ng kh\u1ed5ng l\u1ed3 l\u1ecbch s\u1ef1 nh\u1ea5t th\u00e0nh ph\u1ed1. Nh\u01b0ng, t\u00ecnh c\u1edd l\u00e0m sao, anh g\u1eb7p nh\u1eefng ng\u01b0\u1eddi b\u1ea1n \u0111ang c\u1ea7n gi\u00fap \u0111\u1ee1.<\/p>\n<p>George s\u1ebd l\u00e0m g\u00ec nh\u1ec9? Ch\u00fang m\u00ecnh c\u00f9ng \u0111\u1ecdc truy\u1ec7n nh\u00e9!<\/p>\n","protected":false},"excerpt":{"rendered":"<p>Chen Ch\u00fac L\u00fac Nh\u00fac<\/p>\n<p>\u201cXin gi\u00fap t\u00f4i t\u00ecm c\u00e1ch<\/p>\n<p>L\u00e0m sao \u0111\u1ec3 tho\u00e1t c\u1ea3nh<\/p>\n<p>Chen ch\u00fac l\u00fac nh\u00fac n\u00e0y?&#8221;<\/p>\n<p>B\u00e0 c\u1ee5 b\u00e9 nh\u1ecf ch\u1eb3ng vui ch\u00fat n\u00e0o &#8211; v\u00ec nh\u00e0 b\u00e0 ch\u1eadt qu\u00e1.<\/p>\n<p>Bi\u1ebft l\u00e0m th\u1ebf n\u00e0o b\u00e2y gi\u1edd? \u00d4ng c\u1ee5 th\u00f4ng th\u00e1i \u0111\u00e3 ngh\u0129 ra m\u1ed9t c\u00e1ch. V\u1eady c\u00e1ch c\u1ee7a \u00f4ng l\u00e0 g\u00ec?<\/p>\n<p>M\u1eddi c\u00e1c em \u0111\u00f3n \u0111\u1ecdc b\u1ed9 s\u00e1ch kinh \u0111i\u1ec3n n\u1ed5i ti\u1ebfng kh\u1eafp th\u1ebf gi\u1edbi n\u00e0y nh\u00e9!<\/p>\n<p>C\u00e2y Ch\u1ed5i Th\u1ea7n K\u00ec<\/p>\n<p>B\u1ea1n c\u1ee7a c\u00f4, m\u00e8o m\u01b0\u1edbp, c\u00f9ng c\u01b0\u1ee1i ch\u1ed5i rong ch\u01a1i. Khi gi\u00f3 hiu hiu th\u1ed5i, m\u00e8o kho\u00e1i, ch\u1ee7 vui c\u01b0\u1eddi.<\/p>\n<p>S\u1ebd vui ph\u1ea3i bi\u1ebft khi c\u00f3 th\u00eam ch\u00f3, chim v\u00e0 \u1ebfch tr\u00ean chuy\u1ebfn du h\u00e0nh b\u1eb1ng ch\u1ed5i th\u1ea7n. Nh\u01b0ng chuy\u1ec7n g\u00ec s\u1ebd x\u1ea3y ra khi c\u00e2y ch\u1ed5i g\u00e3y l\u00e0m \u0111\u00f4i v\u00e0 m\u1ed9t con r\u1ed3ng h\u00e1u \u0103n x\u00f4ng t\u1edbi?<\/p>\n<p>Ch\u00fang m\u00ecnh c\u00f9ng xem nh\u00e9!<\/p>\n<p>\u201cJulia Donaldson v\u00e0 Axel Schefler \u0111\u00e3 tr\u1edf l\u1ea1i v\u1edbi m\u1ed9t vi\u00ean ng\u1ecdc qu\u00fd n\u1eef Ch\u00fang t\u00f4i v\u00f4 c\u00f9ng y\u00eau th\u00edch t\u00e1c ph\u1ea9m n\u00e0y.&#8221;<\/p>\n<p>Ch\u00e0ng Kh\u1ed5ng L\u1ed3 L\u1ecbch S\u1ef1 Nh\u1ea5t Th\u00e0nh Ph\u1ed1<\/p>\n<p>\u201cNh\u01b0ng h\u00e3y nh\u00ecn k\u0129 m\u00e0<\/p>\n<p>M\u00ecnh l\u00e0 ch\u00e0ng kh\u1ed5ng l\u1ed3 l\u1ecbch s\u1ef1 nh\u1ea5t th\u00e0nh ph\u1ed1!&#8221;<\/p>\n<p>George ch\u00e1n c\u00e1ch \u0103n m\u1eb7c l\u00f4i th\u00f4i c\u1ee7a m\u00ecnh l\u1eafm r\u1ed3i. \u0110\u00e3 \u0111\u1ebfn l\u00fac ph\u1ea3i thay m\u1ed9t b\u1ed9 qu\u1ea7n \u00e1o m\u1edbi. Ch\u1eb3ng m\u1ea5y ch\u1ed1c, anh tr\u1edf th\u00e0nh ch\u00e0ng kh\u1ed5ng l\u1ed3 l\u1ecbch s\u1ef1 nh\u1ea5t th\u00e0nh ph\u1ed1. Nh\u01b0ng, t\u00ecnh c\u1edd l\u00e0m sao, anh g\u1eb7p nh\u1eefng ng\u01b0\u1eddi b\u1ea1n \u0111ang c\u1ea7n gi\u00fap \u0111\u1ee1.<\/p>\n<p>George s\u1ebd l\u00e0m g\u00ec nh\u1ec9? Ch\u00fang m\u00ecnh c\u00f9ng \u0111\u1ecdc truy\u1ec7n nh\u00e9!<\/p>\n","protected":false},"featured_media":11248,"template":"","meta":{"_acf_changed":false},"product_brand":[],"product_cat":[25,17,26],"product_tag":[],"class_list":{"0":"post-11252","1":"product","2":"type-product","3":"status-publish","4":"has-post-thumbnail","6":"product_cat-nhi-dong-6-tuoi-12-tuoi","7":"product_cat-sach-danh-cho-cac-be","8":"product_cat-thieu-nien-11-tuoi-18-tuoi","10":"first","11":"outofstock","12":"taxable","13":"shipping-taxable","14":"purchasable","15":"product-type-simple"},"supplier_id":null,"supplier_sku":"","barcode":null,"atum_controlled":true,"out_stock_date":"2023-12-22 10:50:35","out_stock_threshold":null,"inheritable":false,"inbound_stock":0,"stock_on_hold":0,"sold_today":0,"sales_last_days":0,"reserved_stock":0,"customer_returns":0,"warehouse_damage":0,"lost_in_post":0,"other_logs":0,"out_stock_days":768,"lost_sales":0,"has_location":false,"update_date":"2026-01-28T23:10:49","atum_locations":[],"atum_stock_status":"outofstock","restock_status":false,"low_stock_amount":"","sales_update_date":"2026-01-28T23:10:49","calc_backorders":null,"acf":{"publisher":{"ID":1454,"post_author":"1","post_date":"2021-02-17 01:11:34","post_date_gmt":"2021-02-16 23:11:34","post_content":"<!-- wp:flatsome\/uxbuilder -->\n<h1 style=\"text-align: center;\"><strong>Kim \u0110\u1ed3ng<\/strong><\/h1>\n[row]\n\n[col span=\"3\" span__sm=\"12\"]\n\n[ux_image id=\"1534\" image_size=\"medium\"]\n\n\n[\/col]\n[col span=\"9\" span__sm=\"12\"]\n\n<p>Nh\u00e0 xu\u1ea5t b\u1ea3n Kim \u0110\u1ed3ng tr\u1ef1c thu\u1ed9c Trung \u01b0\u01a1ng \u0110o\u00e0n TNCS H\u1ed3 Ch\u00ed Minh l\u00e0 Nh\u00e0 xu\u1ea5t b\u1ea3n t\u1ed5ng h\u1ee3p c\u00f3 ch\u1ee9c n\u0103ng xu\u1ea5t b\u1ea3n s\u00e1ch v\u00e0 v\u0103n h\u00f3a ph\u1ea9m ph\u1ee5c v\u1ee5 thi\u1ebfu nhi v\u00e0 c\u00e1c b\u1eadc ph\u1ee5 huynh trong c\u1ea3 n\u01b0\u1edbc, qu\u1ea3ng b\u00e1 v\u00e0 gi\u1edbi thi\u1ec7u v\u0103n h\u00f3a Vi\u1ec7t Nam ra th\u1ebf gi\u1edbi.<br \/>Nh\u00e0 xu\u1ea5t b\u1ea3n c\u00f3 nhi\u1ec7m v\u1ee5 t\u1ed5 ch\u1ee9c b\u1ea3n th\u1ea3o, bi\u00ean so\u1ea1n, bi\u00ean d\u1ecbch, xu\u1ea5t b\u1ea3n v\u00e0 ph\u00e1t h\u00e0nh c\u00e1c xu\u1ea5t b\u1ea3n ph\u1ea9m c\u00f3 n\u1ed9i dung: gi\u00e1o d\u1ee5c truy\u1ec1n th\u1ed1ng d\u00e2n t\u1ed9c, gi\u00e1o d\u1ee5c v\u1ec1 tri th\u1ee9c, ki\u1ebfn th\u1ee9c\u2026 tr\u00ean c\u00e1c l\u0129nh v\u1ef1c v\u0103n h\u1ecdc, ngh\u1ec7 thu\u1eadt, khoa h\u1ecdc k\u1ef9 thu\u1eadt nh\u1eb1m cung c\u1ea5p cho c\u00e1c em thi\u1ebfu nhi c\u0169ng nh\u01b0 c\u00e1c b\u1eadc ph\u1ee5 huynh c\u00e1c ki\u1ebfn th\u1ee9c c\u1ea7n thi\u1ebft trong cu\u1ed9c s\u1ed1ng, nh\u1eefng tinh hoa c\u1ee7a tri th\u1ee9c nh\u00e2n lo\u1ea1i nh\u1eb1m g\u00f3p ph\u1ea7n gi\u00e1o d\u1ee5c v\u00e0 h\u00ecnh th\u00e0nh nh\u00e2n c\u00e1ch th\u1ebf h\u1ec7 tr\u1ebb.<br \/>\u0110\u1ed1i t\u01b0\u1ee3ng ph\u1ee5c v\u1ee5 c\u1ee7a Nh\u00e0 xu\u1ea5t b\u1ea3n l\u00e0 c\u00e1c em t\u1eeb tu\u1ed5i nh\u00e0 tr\u1ebb m\u1eabu gi\u00e1o (1 \u0111\u1ebfn 5 tu\u1ed5i), nhi \u0111\u1ed3ng (6 \u0111\u1ebfn 9 tu\u1ed5i), thi\u1ebfu ni\u00ean (10 \u0111\u1ebfn 15 tu\u1ed5i) \u0111\u1ebfn c\u00e1c em tu\u1ed5i m\u1edbi l\u1edbn (16 \u0111\u1ebfn 18 tu\u1ed5i) v\u00e0 c\u00e1c b\u1eadc ph\u1ee5 huynh.<\/p>\n\n[\/col]\n\n[\/row]\n\n<!-- \/wp:flatsome\/uxbuilder -->","post_title":"Kim \u0110\u1ed3ng","post_excerpt":"","post_status":"publish","comment_status":"closed","ping_status":"closed","post_password":"","post_name":"kim-dong","to_ping":"","pinged":"","post_modified":"2021-02-17 01:31:56","post_modified_gmt":"2021-02-16 23:31:56","post_content_filtered":"","post_parent":0,"guid":"https:\/\/sachviet.eu\/nha-phat-hanh\/kim-dong\/","menu_order":0,"post_type":"publisher","post_mime_type":"","comment_count":"0","filter":"raw"}},"_links":{"self":[{"href":"https:\/\/sachviet.eu\/en\/wp-json\/wp\/v2\/product\/11252","targetHints":{"allow":["GET"]}}],"collection":[{"href":"https:\/\/sachviet.eu\/en\/wp-json\/wp\/v2\/product"}],"about":[{"href":"https:\/\/sachviet.eu\/en\/wp-json\/wp\/v2\/types\/product"}],"wp:featuredmedia":[{"embeddable":true,"href":"https:\/\/sachviet.eu\/en\/wp-json\/wp\/v2\/media\/11248"}],"wp:attachment":[{"href":"https:\/\/sachviet.eu\/en\/wp-json\/wp\/v2\/media?parent=11252"}],"wp:term":[{"taxonomy":"product_brand","embeddable":true,"href":"https:\/\/sachviet.eu\/en\/wp-json\/wp\/v2\/product_brand?post=11252"},{"taxonomy":"product_cat","embeddable":true,"href":"https:\/\/sachviet.eu\/en\/wp-json\/wp\/v2\/product_cat?post=11252"},{"taxonomy":"product_tag","embeddable":true,"href":"https:\/\/sachviet.eu\/en\/wp-json\/wp\/v2\/product_tag?post=11252"}],"curies":[{"name":"wp","href":"https:\/\/api.w.org\/{rel}","templated":true}]}}