{"id":11239,"date":"2021-06-03T01:40:11","date_gmt":"2021-06-02T22:40:11","guid":{"rendered":"https:\/\/sachviet.eu\/shop\/hanh-trinh-ky-thu-cua-william-playfair-su-ra-doi-cua-bieu-do-duong-tron-va-cot\/"},"modified":"2021-06-03T22:37:44","modified_gmt":"2021-06-03T19:37:44","slug":"hanh-trinh-ky-thu-cua-william-playfair-su-ra-doi-cua-bieu-do-duong-tron-va-cot","status":"publish","type":"product","link":"https:\/\/sachviet.eu\/en\/shop\/hanh-trinh-ky-thu-cua-william-playfair-su-ra-doi-cua-bieu-do-duong-tron-va-cot\/","title":{"rendered":"H\u00e0nh tr\u00ecnh k\u1ef3 th\u00fa c\u1ee7a William Playfair &#8211; S\u1ef1 ra \u0111\u1eddi c\u1ee7a bi\u1ec3u \u0111\u1ed3 \u0111\u01b0\u1eddng, tr\u00f2n v\u00e0 c\u1ed9t"},"content":{"rendered":"<p>Bi\u1ec3u \u0111\u1ed3 xu\u1ea5t hi\u1ec7n \u1edf kh\u1eafp m\u1ecdi n\u01a1i trong cu\u1ed9c s\u1ed1ng c\u1ee7a ch\u00fang ta. H\u1eb3n l\u00e0 c\u00f3 khi m\u1ed9t tia t\u00f2 m\u00f2 c\u0169ng v\u1ee5t l\u00ean trong \u00f3c: \u201cNh\u1eefng bi\u1ec3u \u0111\u1ed3 n\u00e0y t\u1eeb \u0111\u00e2u ra? Ai l\u00e0 ng\u01b0\u1eddi ph\u00e1t minh ra ch\u00fang? \u0110\u00f3 h\u1eb3n ph\u1ea3i l\u00e0 m\u1ed9t b\u1ed9 \u00f3c \u0111\u1ea1i t\u00e0i!\u201d. \u1ea4y th\u1ebf m\u00e0 ch\u00e2n dung c\u1ee7a ng\u01b0\u1eddi ph\u00e1t minh ra bi\u1ec3u \u0111\u1ed3 \u2013 William Playfair \u2013 l\u1ea1i kh\u00e1c xa v\u1edbi nh\u1eefng g\u00ec b\u1ea5t c\u1ee9 ai trong ch\u00fang ta c\u00f3 th\u1ec3 h\u00ecnh dung \u2013 gi\u1ea3 d\u1ee5 c\u00f3 ai th\u1eed t\u01b0\u1edfng t\u01b0\u1ee3ng ch\u00fat g\u00ec. Th\u1eadm ch\u00ed bi\u1ec3u \u0111\u1ed3 \u0111\u00e3 \u0111\u01b0\u1ee3c ph\u00e1t minh r\u1ea5t s\u1edbm, tr\u01b0\u1edbc c\u1ea3 khi m\u00e1y t\u00ednh v\u00e0 k\u1ef9 thu\u1eadt c\u00f4ng ngh\u1ec7 ra \u0111\u1eddi!<\/p>\n<p>Nh\u00e2n v\u1eadt ch\u00ednh c\u1ee7a ch\u00fang ta \u2013 William Playfair \u2013 l\u00e0 m\u1ed9t nh\u00e0 khoa h\u1ecdc, to\u00e1n h\u1ecdc, doanh nh\u00e2n v\u00e0 nh\u00e0 ph\u00e1t minh ng\u01b0\u1eddi Scotland. M\u1eb7c d\u00f9 c\u00f3 tr\u00ed \u00f3c si\u00eau vi\u1ec7t c\u00f9ng v\u00f4 kh\u1ed1i t\u00e0i l\u1ebb, William Playfair l\u1ea1i l\u00e0 m\u1ed9t ng\u01b0\u1eddi c\u1ef1c k\u1ef3 tai ti\u1ebfng. \u00d4ng th\u1ea5t b\u1ea1i h\u1ebft l\u1ea7n n\u00e0y \u0111\u1ebfn l\u1ea7n kh\u00e1c, v\u1edbi c\u01a1 s\u1ed1 doanh nghi\u1ec7p l\u1ee5n b\u1ea1i, nh\u1eefng v\u1ee5 l\u00f9m x\u00f9m b\u00ea b\u1ed1i do ch\u00ednh b\u1ea3n th\u00e2n \u00f4ng g\u00e2y ra ho\u1eb7c do li\u00ean \u0111\u1edbi nh\u1eefng nh\u00e2n v\u1eadt tai ti\u1ebfng trong l\u1ecbch s\u1eed. Th\u1ebf nh\u01b0ng \u00f4ng l\u1ea1i l\u00e0 m\u1ed9t nh\u00e0 t\u01b0 t\u01b0\u1edfng c\u1ea5p ti\u1ebfn, lu\u00f4n \u0111i \u0111\u1ea7u v\u1edbi nh\u1eefng t\u01b0 duy c\u1ee7a m\u00ecnh. Ngay t\u1eeb khi c\u00f2n l\u00e0 m\u1ed9t c\u1eadu b\u00e9, William \u0111\u00e3 nh\u00ecn nh\u1eadn m\u1ecdi th\u1ee9 kh\u00e1c h\u1eb3n nh\u1eefng ng\u01b0\u1eddi xung quanh. Ch\u1ec9 ti\u1ebfc r\u1eb1ng nh\u1eefng ph\u00e1t ki\u1ebfn c\u1ee7a \u00f4ng \u0111\u00e3 ch\u1eb3ng \u0111\u01b0\u1ee3c ng\u01b0\u1eddi \u0111\u01b0\u01a1ng th\u1eddi coi tr\u1ecdng, v\u00e0 gi\u1ea5c m\u1ed9ng c\u00f3 \u0111\u01b0\u1ee3c s\u1ef1 gi\u00e0u sang, danh ti\u1ebfng c\u00f9ng th\u00e0nh c\u00f4ng c\u1ee7a \u00f4ng m\u00e3i m\u00e3i ch\u1eb3ng th\u00e0nh hi\u1ec7n th\u1ef1c. William Playfair \u0111\u00e3 kh\u00f4ng \u0111\u01b0\u1ee3c c\u00f4ng nh\u1eadn d\u00f9 c\u00f3 t\u1ea7m nh\u00ecn v\u01b0\u1ee3t tr\u01b0\u1edbc th\u1eddi \u0111\u1ea1i c\u1ee7a m\u00ecnh \u0111\u1ebfn 100 n\u0103m!<\/p>\n<p>Cu\u1ed1n s\u00e1ch l\u00e0 m\u1ed9t l\u1ef1a ch\u1ecdn \u0111\u1ea7y th\u00fa v\u1ecb cho t\u1ee7 s\u00e1ch khoa h\u1ecdc, k\u1ebft h\u1ee3p c\u00f9ng l\u00fac nhi\u1ec1u th\u1ec3 lo\u1ea1i t\u1eeb ti\u1ec3u s\u1eed, khoa h\u1ecdc, to\u00e1n h\u1ecdc, l\u1ecbch s\u1eed cho t\u1edbi t\u1ef1 s\u1ef1. D\u00f9 nh\u01b0 v\u1eady nh\u01b0ng s\u00e1ch kh\u00f4ng h\u1ec1 kh\u00f4 khan hay nh\u00e0m ch\u00e1n, m\u00e0 c\u00f3 l\u1ed1i k\u1ec3 chuy\u1ec7n d\u00ed d\u1ecfm, l\u00f4i cu\u1ed1n, c\u00f9ng tranh v\u1ebd h\u00e0i h\u01b0\u1edbc, ch\u1ee9a nhi\u1ec1u li\u00ean t\u01b0\u1edfng th\u00f4ng minh. M\u1eb7c cho nh\u1eefng \u0111i\u1ec1u ti\u1ebfng, th\u00ec William Playfair v\u1eabn l\u00e0 m\u1ed9t nh\u00e2n v\u1eadt \u0111\u1ea7y c\u1ea3m h\u1ee9ng; c\u00e2u chuy\u1ec7n c\u1ee7a \u00f4ng kh\u00edch l\u1ec7 nh\u1eefng t\u01b0 duy m\u1edbi m\u1ebb, v\u01b0\u1ee3t ra ngo\u00e0i khu\u00f4n kh\u1ed5, th\u00f3i quen t\u01b0 duy \u0111\u1ed9c l\u1eadp v\u00e0 kh\u00f4ng ng\u1eebng t\u00ecm t\u00f2i ph\u01b0\u01a1ng c\u00e1ch m\u1edbi, v\u01b0\u1ee3t qua th\u1ea5t b\u1ea1i c\u1ee7a b\u1ea3n th\u00e2n. \u0110\u00e2y c\u0169ng l\u00e0 m\u1ed9t \u201cm\u00f3n \u0103n tinh th\u1ea7n\u201d h\u1ee9a h\u1eb9n \u0111em l\u1ea1i nhi\u1ec1u h\u1ee9ng kh\u1edfi cho vi\u1ec7c h\u1ecdc t\u1eadp to\u00e1n v\u00e0 c\u00e1c b\u1ed9 m\u00f4n khoa h\u1ecdc v\u1edbi c\u00e1c b\u1ea1n nh\u1ecf.<\/p>\n<p>&#8220;\u2026 m\u1ed9t cu\u1ed1n s\u00e1ch \u0111\u1ea7y khi\u00eam t\u1ed1n v\u00e0 l\u1ea1 th\u01b0\u1eddng v\u1ec1 m\u1ed9t nh\u00e2n t\u00e0i b\u1ecb b\u1ecf qu\u00ean v\u00e0 t\u00f4n vinh nh\u1eefng t\u01b0 t\u01b0\u1edfng v\u01b0\u1ee3t ra kh\u1ecfi khu\u00f4n kh\u1ed5 nh\u00e0m ch\u00e1n.&#8221;<\/p>\n<p>\u2015Publishers Weekly<\/p>\n<p>&#8220;M\u1ed9t l\u1ef1a ch\u1ecdn s\u00e1ch \u0111\u1ea7y kh\u00e1c th\u01b0\u1eddng v\u00e0 b\u1ed5 \u00edch cho gi\u1edd h\u1ecdc.&#8221;<\/p>\n<p>\u2015Kirkus Reviews<\/p>\n","protected":false},"excerpt":{"rendered":"<p>C\u00e2u chuy\u1ec7n v\u1ec1 m\u1ed9t danh nh\u00e2n xu\u1ea5t ch\u00fang trong l\u0129nh v\u1ef1c to\u00e1n h\u1ecdc, khoa h\u1ecdc, k\u1ef9 thu\u1eadt v\u00e0 c\u00f4ng ngh\u1ec7, d\u01b0\u1edbi ng\u00f2i b\u00fat c\u1ee7a t\u00e1c gi\u1ea3 b\u00e1n ch\u1ea1y nh\u1ea5t Helaine Becker t\u1ea1o n\u00ean m\u1ed9t tuy\u1ec7t t\u00e1c s\u00e1ch tranh v\u1ec1 gi\u00e1o d\u1ee5c STEM. Cu\u1ed1n s\u00e1ch h\u1ee9a h\u1eb9n s\u1ebd l\u00e0 tr\u1ee3 th\u1ee7 \u0111\u1eafc l\u1ef1c trong nh\u1eefng l\u1edbp h\u1ecdc. M\u1ed9t m\u1eb7t, \u0111\u00e2y l\u00e0 m\u1ed9t cu\u1ed1n ti\u1ec3u s\u1eed \u0111\u1ea7y h\u1ea5p d\u1eabn v\u1ec1 m\u1ed9t nh\u00e2n v\u1eadt \u0111\u1ea7y th\u00fa v\u1ecb, ch\u01b0a k\u1ec3 nh\u1eefng tranh v\u1ebd h\u00f3m h\u1ec9nh c\u1ee7a Marie-\u00c8ve Tremblay. Kh\u00f4ng d\u1eebng l\u1ea1i \u1edf \u0111\u00f3, n\u00f3 c\u00f2n kh\u00e1m ph\u00e1 nhi\u1ec1u ch\u1ee7 \u0111\u1ec1 l\u1edbn v\u1ec1 to\u00e1n h\u1ecdc nh\u01b0 \u0111o \u0111\u1ea1c, h\u00ecnh h\u1ecdc, c\u0169ng nh\u01b0 v\u1ec1 l\u1ecbch s\u1eed, t\u1eeb C\u00e1ch m\u1ea1ng c\u00f4ng nghi\u1ec7p cho t\u1edbi \u0111\u1ea7u m\u00e1y h\u01a1i n\u01b0\u1edbc. Cu\u1ed1n s\u00e1ch c\u0169ng mang \u0111\u1ebfn nh\u1eefng b\u00e0i h\u1ecdc qu\u00fd b\u00e1u, kh\u00edch l\u1ec7 t\u1ea5t c\u1ea3 m\u1ecdi ng\u01b0\u1eddi kh\u00f4ng ng\u1eebng kh\u00e1m ph\u00e1 v\u00e0 \u0111\u1ec3 \u0111am m\u00ea d\u1eabn l\u1ed1i ta \u0111i b\u1ea5t c\u1ee9 \u0111\u00e2u. Ph\u1ea7n cu\u1ed1i cu\u1ed1n s\u00e1ch c\u00f2n \u0111\u00ednh k\u00e8m v\u00e0i s\u1ef1 th\u1eadt l\u1ecbch s\u1eed c\u0169ng nh\u01b0 di\u1ec5n gi\u1ea3i chi ti\u1ebft v\u1ec1 ba lo\u1ea1i bi\u1ec3u \u0111\u1ed3 ph\u1ed5 bi\u1ebfn nh\u1ea5t m\u00e0 William Playfair \u0111\u00e3 ph\u00e1t minh ra.<\/p>\n","protected":false},"featured_media":11235,"template":"","meta":{"_acf_changed":false},"product_brand":[],"product_cat":[25,17,26],"product_tag":[],"class_list":{"0":"post-11239","1":"product","2":"type-product","3":"status-publish","4":"has-post-thumbnail","6":"product_cat-nhi-dong-6-tuoi-12-tuoi","7":"product_cat-sach-danh-cho-cac-be","8":"product_cat-thieu-nien-11-tuoi-18-tuoi","10":"first","11":"instock","12":"taxable","13":"shipping-taxable","14":"purchasable","15":"product-type-simple"},"supplier_id":null,"supplier_sku":"","barcode":null,"atum_controlled":true,"out_stock_date":null,"out_stock_threshold":null,"inheritable":false,"inbound_stock":0,"stock_on_hold":0,"sold_today":0,"sales_last_days":0,"reserved_stock":0,"customer_returns":0,"warehouse_damage":0,"lost_in_post":0,"other_logs":0,"out_stock_days":0,"lost_sales":0,"has_location":false,"update_date":"2026-01-28T23:10:49","atum_locations":[],"atum_stock_status":"instock","restock_status":false,"low_stock_amount":"","sales_update_date":"2026-01-28T23:10:49","calc_backorders":null,"acf":{"publisher":{"ID":9991,"post_author":"1","post_date":"2021-06-02 18:09:17","post_date_gmt":"2021-06-02 15:09:17","post_content":"","post_title":"Crabit","post_excerpt":"","post_status":"publish","comment_status":"closed","ping_status":"closed","post_password":"","post_name":"crabit","to_ping":"","pinged":"","post_modified":"2021-06-02 18:09:17","post_modified_gmt":"2021-06-02 15:09:17","post_content_filtered":"","post_parent":0,"guid":"https:\/\/sachviet.eu\/nha-phat-hanh\/crabit\/","menu_order":0,"post_type":"publisher","post_mime_type":"","comment_count":"0","filter":"raw"}},"_links":{"self":[{"href":"https:\/\/sachviet.eu\/en\/wp-json\/wp\/v2\/product\/11239","targetHints":{"allow":["GET"]}}],"collection":[{"href":"https:\/\/sachviet.eu\/en\/wp-json\/wp\/v2\/product"}],"about":[{"href":"https:\/\/sachviet.eu\/en\/wp-json\/wp\/v2\/types\/product"}],"wp:featuredmedia":[{"embeddable":true,"href":"https:\/\/sachviet.eu\/en\/wp-json\/wp\/v2\/media\/11235"}],"wp:attachment":[{"href":"https:\/\/sachviet.eu\/en\/wp-json\/wp\/v2\/media?parent=11239"}],"wp:term":[{"taxonomy":"product_brand","embeddable":true,"href":"https:\/\/sachviet.eu\/en\/wp-json\/wp\/v2\/product_brand?post=11239"},{"taxonomy":"product_cat","embeddable":true,"href":"https:\/\/sachviet.eu\/en\/wp-json\/wp\/v2\/product_cat?post=11239"},{"taxonomy":"product_tag","embeddable":true,"href":"https:\/\/sachviet.eu\/en\/wp-json\/wp\/v2\/product_tag?post=11239"}],"curies":[{"name":"wp","href":"https:\/\/api.w.org\/{rel}","templated":true}]}}