{"id":11234,"date":"2021-06-03T01:39:47","date_gmt":"2021-06-02T22:39:47","guid":{"rendered":"https:\/\/sachviet.eu\/shop\/nang-tien-ca-va-chiec-giay\/"},"modified":"2022-12-19T18:41:30","modified_gmt":"2022-12-19T16:41:30","slug":"nang-tien-ca-va-chiec-giay","status":"publish","type":"product","link":"https:\/\/sachviet.eu\/en\/shop\/nang-tien-ca-va-chiec-giay\/","title":{"rendered":"N\u00e0ng ti\u00ean c\u00e1 v\u00e0 chi\u1ebfc gi\u00e0y"},"content":{"rendered":"<p>Minnow l\u00e0 n\u00e0ng ti\u00ean c\u00e1 \u00fat \u00edt trong s\u1ed1 50 c\u00f4 con g\u00e1i c\u1ee7a Vua Th\u1ee7y T\u1ec1 &#8211; c\u00f4 n\u00e0o c\u0169ng gi\u1ecfi giang, c\u1ee9 c\u00f4 sau l\u1ea1i c\u00e0ng tr\u00e1c tuy\u1ec7t mu\u00f4n ph\u1ea7n h\u01a1n c\u00f4 tr\u01b0\u1edbc.<\/p>\n<p>Minnow n\u00e0o c\u00f3 mu\u1ed1n, hay n\u00e0o c\u00f3 b\u1eadn l\u00f2ng v\u1ec1 chuy\u1ec7n m\u00ecnh xu\u1ea5t ch\u00fang hay kh\u00f4ng. C\u00f4 b\u00e9 ch\u1ec9 m\u1ea3i m\u00ea v\u1edbi nh\u1eefng c\u00e2u h\u1ecfi, nh\u1eefng th\u1eafc m\u1eafc, c\u1ea3 ng\u00e0y l\u0103ng x\u0103ng h\u1ecfi han h\u1ebft th\u1ea3y c\u00e1c c\u00f4 ch\u1ecb t\u00e0i gi\u1ecfi. Cho \u0111\u1ebfn m\u1ed9t ng\u00e0y kia, m\u1ed9t v\u1eadt l\u1ea1 xu\u1ea5t hi\u1ec7n trong cu\u1ed9c \u0111\u1eddi c\u00f4 b\u00e9 \u2013 m\u00e0 kh\u00f4ng ng\u1edd l\u1ea1i l\u00e0 m\u1ed9t th\u1ee9 mang t\u00ednh b\u01b0\u1edbc ngo\u1eb7t cho cu\u1ed9c \u0111\u1eddi c\u00f4. \u1ea4y m\u00e0 d\u00f9 c\u00e1c ch\u1ecb xu\u1ea5t s\u1eafc nh\u01b0 v\u1eady, l\u1ea1i kh\u00f4ng m\u1ed9t ai c\u00f3 l\u1eddi gi\u1ea3i \u0111\u00e1p cho Minnow. Nh\u1eefng c\u00e2u h\u1ecfi nh\u01b0 v\u1ee1 \u00f2a trong l\u00f2ng; v\u1edbi th\u1eeba hi\u1ebfu k\u1ef3 v\u00e0 may sao, v\u1eeba \u0111\u1ee7 gan d\u1ea1, Minnow l\u00ean \u0111\u01b0\u1eddng t\u00ecm ki\u1ebfm c\u00e2u tr\u1ea3 l\u1eddi cho ch\u00ednh m\u00ecnh.<\/p>\n<p>B\u1eb1ng vi\u1ec7c kh\u00f4ng ng\u1eebng \u0111\u1eb7t ra c\u00e1c c\u00e2u h\u1ecfi, con ng\u01b0\u1eddi m\u1edbi ti\u1ebfn l\u00ean ph\u00eda tr\u01b0\u1edbc. Ch\u00fang ta kh\u00f4ng ng\u1eebng t\u00ecm ki\u1ebfm c\u00e2u tr\u1ea3 l\u1eddi cho m\u1ecdi nghi v\u1ea5n, ngay c\u1ea3 nghi v\u1ea5n v\u1ec1 ch\u00ednh b\u1ea3n th\u00e2n v\u00e0 \u00fd ngh\u0129a t\u1ea1i t\u1ed3n c\u1ee7a m\u00ecnh gi\u1eefa cu\u1ed9c \u0111\u1eddi r\u1ed9ng l\u1edbn. Ch\u1eb3ng b\u1ed1 m\u1eb9 n\u00e0o l\u00e0 kh\u00f4ng mu\u1ed1n con m\u00ecnh tr\u1edf th\u00e0nh m\u1ed9t ai \u0111\u00f3 th\u1eadt phi ph\u00e0m, th\u1eadt v\u0129 \u0111\u1ea1i. Cu\u1ed1n s\u00e1ch n\u00e0y \u0111\u00e3 k\u1ec3 c\u00e2u chuy\u1ec7n theo m\u1ed9t h\u01b0\u1edbng ho\u00e0n to\u00e0n kh\u00e1c: thay v\u00ec n\u00f3i v\u1edbi tr\u1ebb ch\u1ec9 c\u1ea7n c\u1ed1 g\u1eafng, tr\u1ebb s\u1ebd tr\u1edf n\u00ean gi\u1ecfi giang v\u00e0 l\u00e0m \u0111\u01b0\u1ee3c m\u1ecdi th\u1ee9, th\u00ec Minnow \u0111\u00e3 ch\u1ee9ng minh r\u1eb1ng vi\u1ec7c t\u00ecm \u0111\u01b0\u1ee3c s\u1edf tr\u01b0\u1eddng c\u1ee7a m\u00ecnh m\u1edbi l\u00e0 quan tr\u1ecdng h\u01a1n c\u1ea3. Kh\u00f4ng c\u00f3 ai l\u00e0 \u201cv\u00f4 d\u1ee5ng\u201d nh\u01b0 l\u1eddi ch\u1ebf gi\u1ec5u c\u1ee7a ch\u1ecb Calypso \u2013 ch\u01b0a bao gi\u1edd. M\u1ed7i ng\u01b0\u1eddi \u0111\u1ec1u l\u00e0 m\u1ed9t vi\u00ean ng\u1ecdc, ch\u1ec9 c\u1ea7n c\u00f3 th\u1eddi gian v\u00e0 c\u00f4ng s\u1ee9c m\u00e0i gi\u0169a; m\u1ed7i ng\u01b0\u1eddi \u0111\u1ec1u l\u00e0 m\u1ed9t ng\u00f4i sao, \u0111\u1ee9ng tr\u00ean s\u00e2n kh\u1ea5u cu\u1ed9c \u0111\u1eddi, ch\u1edd kho\u1ea3nh kh\u1eafc \u00e1nh \u0111\u00e8n chi\u1ebfu r\u1ecdi \u0111\u1ec3 t\u1ecfa s\u00e1ng r\u1ea1ng r\u1ee1.<\/p>\n<p>Cu\u1ed1n s\u00e1ch l\u00e0 m\u1ed9t tuy\u1ec7t ph\u1ea9m ngh\u1ec7 thu\u1eadt v\u1edbi nh\u1eefng s\u1eafc m\u00e0u \u0111\u1ed1i l\u1eadp: s\u1eafc \u0111\u1ecf r\u1ef1c r\u1ee1 c\u1ee7a chi\u1ebfc gi\u00e0y \u2013 chi ti\u1ebft th\u1eaft n\u00fat c\u1ee7a c\u00e2u chuy\u1ec7n, s\u1eafc xanh th\u1eabm s\u00e2u trong l\u00f2ng n\u01b0\u1edbc, nh\u1eefng n\u00e0ng ti\u00ean c\u00e1 l\u1ea5p l\u00e1nh \u00e1nh v\u1ea3y v\u00e0ng, qu\u1eaby chi\u1ebfc \u0111u\u00f4i b\u1ea1c v\u00e0 su\u1ed1i t\u00f3c t\u01a1 tr\u1eafng mu\u1ed1t. M\u1ed9t \u00e1ng v\u0103n nhi\u1ec7m m\u00e0u c\u1ed5 t\u00edch l\u1ea5y c\u1ea3m h\u1ee9ng t\u1eeb truy\u1ec7n c\u1ed5 Andersen nh\u01b0ng \u0111em \u0111\u1ebfn m\u1ed9t l\u1edbp ngh\u0129a hi\u1ec7n \u0111\u1ea1i, t\u00f4n vinh nh\u1eefng gi\u00e1 tr\u1ecb ch\u00e2n th\u1ef1c v\u00e0 b\u1ec1n v\u1eefng: ca ng\u1ee3i thi\u00ean h\u01b0\u1edbng t\u00f2 m\u00f2 c\u1ee7a tr\u1ebb em, kh\u00edch l\u1ec7 tr\u1ebb bi\u1ebft \u0111\u1eb7t c\u00e2u h\u1ecfi v\u00e0 \u0111i t\u00ecm c\u00e2u tr\u1ea3 l\u1eddi, c\u0169ng nh\u01b0 chia s\u1ebb nh\u1eefng \u0111i\u1ec1u m\u00ecnh h\u1ecdc \u0111\u01b0\u1ee3c v\u1edbi m\u1ecdi ng\u01b0\u1eddi.<\/p>\n<p>&#8220;C\u00f3 bao nhi\u00eau l\u00e0 h\u00e0i h\u01b0\u1edbc \u00fd nh\u1ecb \u1ea9n trong tranh v\u1ebd\u2026 T\u00e1c gi\u1ea3 Campbell \u0111\u00e3 gi\u1ea3i \u0111\u00e1p cho ch\u00fang ta m\u1ed9t ch\u00fa b\u1ea1ch tu\u1ed9c nh\u00fan vai s\u1ebd c\u00f3 b\u1ed9 d\u1ea1ng nh\u01b0 th\u1ebf n\u00e0o \u2013 v\u00e0 c\u00e2u chuy\u1ec7n \u0111i t\u1eebng b\u01b0\u1edbc ki\u00ean \u0111\u1ecbnh \u0111\u1ec3 truy\u1ec1n t\u1ea3i b\u1eb1ng \u0111\u01b0\u1ee3c th\u00f4ng \u0111i\u1ec7p c\u1ee7a m\u00ecnh nh\u1eb1m t\u00f4n vinh l\u00f2ng hi\u1ebfu k\u1ef3, nh\u1eefng chuy\u1ebfn vi\u1ec5n du v\u00e0 nh\u1eefng c\u00e2u chuy\u1ec7n phi\u00eau l\u01b0u h\u1ea5p d\u1eabn.&#8221;<\/p>\n<p>\u2015Publishers Weekly<\/p>\n<p>&#8220;V\u1edbi m\u1ea1ch chuy\u1ec7n cu\u1ed1n h\u00fat v\u00e0 nh\u1eefng tranh v\u1ebd m\u00ea ho\u1eb7c, cu\u1ed1n s\u00e1ch n\u00e0y l\u00e0 m\u1ed9t l\u1ef1a ch\u1ecdn \u0111\u1ea7y kh\u00e9o l\u00e9o cho nh\u1eefng b\u1ea1n nh\u1ecf t\u1eeb 4 \u2013 9 tu\u1ed5i \u0111\u00e3 ch\u00e1n ng\u1ea5y nh\u1eefng c\u00e2u chuy\u1ec7n v\u1ec1 kh\u1ee7ng long.&#8221;<\/p>\n<p>\u2015The Wall Street Journal<\/p>\n","protected":false},"excerpt":{"rendered":"<p>Ch\u1ec9 b\u1eb1ng nh\u1eefng t\u00f4ng m\u00e0u xanh x\u00e1m nh\u00e8 nh\u1eb9, t\u00e1c gi\u1ea3 ki\u00eam h\u1ecda s\u0129 minh h\u1ecda K. G. Campbell \u0111\u00e3 t\u00e1i hi\u1ec7n \u0111\u1ea7y t\u00e0i t\u00ecnh m\u1ed9t th\u1ebf gi\u1edbi d\u01b0\u1edbi n\u01b0\u1edbc c\u1ee7a nh\u1eefng n\u00e0ng ti\u00ean c\u00e1 v\u1edbi m\u00e1i t\u00f3c d\u00e0i g\u1ee3n s\u00f3ng v\u00e0 bong b\u00f3ng kh\u00ed b\u1eadp b\u1ec1nh tr\u00f4i l\u1eefng l\u1edd kh\u1eafp ch\u1ed1n. Vi\u1ec7c Minnow l\u1ea7m t\u01b0\u1edfng v\u1ec1 \u0111\u1ea5t li\u1ec1n l\u00e0 ch\u1ed1n \u201cb\u00ean r\u00eca v\u01b0\u01a1ng qu\u1ed1c, n\u01a1i nh\u1eefng b\u1ecdt kh\u00ed v\u1ee1 ra v\u00e0 th\u1ebf gi\u1edbi tr\u00ean m\u1eb7t n\u01b0\u1edbc b\u1eaft \u0111\u1ea7u tr\u1ea3i d\u00e0i tr\u01b0\u1edbc m\u1eaft\u201d l\u00e0 m\u1ed9t chi ti\u1ebft th\u1ef1c th\u00fa v\u1ecb v\u00e0 s\u1ebd khi\u1ebfn c\u00e1c b\u1ea1n nh\u1ecf b\u1eadt c\u01b0\u1eddi kh\u00fac kh\u00edch, c\u0169ng nh\u01b0 h\u00e1o h\u1ee9c d\u00f5i theo h\u00e0nh tr\u00ecnh c\u00f4 b\u00e9 t\u00ecm ki\u1ebfm m\u1ee5c \u0111\u00edch c\u1ee7a chi\u1ebfc gi\u00e0y. \u0110\u00e2y qu\u1ea3 l\u00e0 m\u1ed9t c\u00e2u chuy\u1ec7n \u0111\u1ea7y vui v\u1ebb, h\u00e0i h\u01b0\u1edbc v\u00e0 l\u1ea1i mang h\u01a1i h\u01b0\u1edbm c\u1ed5 t\u00edch, truy\u1ec1n t\u1ea3i th\u00f4ng \u0111i\u1ec7p gi\u00e1o d\u1ee5c nh\u00e2n c\u00e1ch \u0111\u1ea7y \u00fd ngh\u0129a: t\u1ef1 tin v\u00e0o b\u1ea3n th\u00e2n c\u0169ng nh\u01b0 s\u1ee9c m\u1ea1nh c\u1ee7a l\u00f2ng ki\u00ean tr\u00ec l\u00e0 h\u00e0nh trang thi\u1ebft y\u1ebfu khi m\u00ecnh \u0111i t\u00ecm \u0111\u00e1p \u00e1n cho nh\u1eefng c\u00e2u h\u1ecfi quan tr\u1ecdng nh\u1ea5t trong cu\u1ed9c \u0111\u1eddi.<\/p>\n","protected":false},"featured_media":11230,"template":"","meta":{"_acf_changed":false},"product_brand":[],"product_cat":[25,17,26],"product_tag":[81],"class_list":{"0":"post-11234","1":"product","2":"type-product","3":"status-publish","4":"has-post-thumbnail","6":"product_cat-nhi-dong-6-tuoi-12-tuoi","7":"product_cat-sach-danh-cho-cac-be","8":"product_cat-thieu-nien-11-tuoi-18-tuoi","9":"product_tag-sach-gia-uu-dai","11":"first","12":"instock","13":"sale","14":"taxable","15":"shipping-taxable","16":"purchasable","17":"product-type-simple"},"supplier_id":null,"supplier_sku":"","barcode":null,"atum_controlled":true,"out_stock_date":null,"out_stock_threshold":null,"inheritable":false,"inbound_stock":0,"stock_on_hold":0,"sold_today":0,"sales_last_days":0,"reserved_stock":0,"customer_returns":0,"warehouse_damage":0,"lost_in_post":0,"other_logs":0,"out_stock_days":0,"lost_sales":0,"has_location":false,"update_date":"2026-01-28T23:10:49","atum_locations":[],"atum_stock_status":"instock","restock_status":false,"low_stock_amount":"","sales_update_date":"2026-01-28T23:10:49","calc_backorders":null,"acf":{"publisher":{"ID":9991,"post_author":"1","post_date":"2021-06-02 18:09:17","post_date_gmt":"2021-06-02 15:09:17","post_content":"","post_title":"Crabit","post_excerpt":"","post_status":"publish","comment_status":"closed","ping_status":"closed","post_password":"","post_name":"crabit","to_ping":"","pinged":"","post_modified":"2021-06-02 18:09:17","post_modified_gmt":"2021-06-02 15:09:17","post_content_filtered":"","post_parent":0,"guid":"https:\/\/sachviet.eu\/nha-phat-hanh\/crabit\/","menu_order":0,"post_type":"publisher","post_mime_type":"","comment_count":"0","filter":"raw"}},"_links":{"self":[{"href":"https:\/\/sachviet.eu\/en\/wp-json\/wp\/v2\/product\/11234","targetHints":{"allow":["GET"]}}],"collection":[{"href":"https:\/\/sachviet.eu\/en\/wp-json\/wp\/v2\/product"}],"about":[{"href":"https:\/\/sachviet.eu\/en\/wp-json\/wp\/v2\/types\/product"}],"wp:featuredmedia":[{"embeddable":true,"href":"https:\/\/sachviet.eu\/en\/wp-json\/wp\/v2\/media\/11230"}],"wp:attachment":[{"href":"https:\/\/sachviet.eu\/en\/wp-json\/wp\/v2\/media?parent=11234"}],"wp:term":[{"taxonomy":"product_brand","embeddable":true,"href":"https:\/\/sachviet.eu\/en\/wp-json\/wp\/v2\/product_brand?post=11234"},{"taxonomy":"product_cat","embeddable":true,"href":"https:\/\/sachviet.eu\/en\/wp-json\/wp\/v2\/product_cat?post=11234"},{"taxonomy":"product_tag","embeddable":true,"href":"https:\/\/sachviet.eu\/en\/wp-json\/wp\/v2\/product_tag?post=11234"}],"curies":[{"name":"wp","href":"https:\/\/api.w.org\/{rel}","templated":true}]}}