{"id":1123,"date":"2021-02-14T16:37:20","date_gmt":"2021-02-14T14:37:20","guid":{"rendered":"https:\/\/sachviet.eu\/shop\/dong-dao-tho-cho-be-tap-noi\/"},"modified":"2024-08-11T22:26:27","modified_gmt":"2024-08-11T19:26:27","slug":"dong-dao-tho-cho-be-tap-noi","status":"publish","type":"product","link":"https:\/\/sachviet.eu\/en\/shop\/dong-dao-tho-cho-be-tap-noi\/","title":{"rendered":"\u0110\u1ed3ng dao th\u01a1 cho b\u00e9 t\u1eadp n\u00f3i"},"content":{"rendered":"<p>&#8220;N\u1ebeU CON KH\u00d4NG GI\u1eceI BI\u1ec2U \u0110\u1ea0T, CON S\u1ebc KH\u00d4NG TRUY\u1ec0N T\u1ea2I \u0110\u01af\u1ee2C SUY NGH\u0128 C\u1ee6A M\u00ccNH&#8221;<br \/>\nM\u1ed9t nghi\u00ean c\u1ee9u \u0111\u00e3 cho k\u1ebft qu\u1ea3 r\u1eb1ng, s\u1ed1 l\u01b0\u1ee3ng t\u1eeb v\u1ef1ng m\u00e0 cha m\u1eb9 n\u00f3i v\u1edbi con tr\u01b0\u1edbc khi con \u0111\u1ea1t 2.5 tu\u1ed5i s\u1ebd c\u00f3 \u1ea3nh h\u01b0\u1edfng l\u1edbn t\u1edbi s\u1ef1 ph\u00e1t tri\u1ec3n v\u1ec1 v\u1ed1n t\u1eeb v\u1ef1ng c\u1ee7a con.<br \/>\nB\u00ecnh th\u01b0\u1eddng, n\u1ebfu n\u00f3i chuy\u1ec7n v\u1edbi con th\u00ec cha m\u1eb9 c\u0169ng th\u01b0\u1eddng ch\u1ec9 n\u00f3i nh\u1eefng t\u1eeb ph\u1ed5 th\u00f4ng hay d\u00f9ng h\u1eb1ng ng\u00e0y.<br \/>\nKhi \u0111\u01b0\u1ee3c nghe nhi\u1ec1u t\u1eeb t\u01b0\u1ee3ng thanh, t\u01b0\u1ee3ng h\u00ecnh th\u00ec kh\u1ea3 n\u0103ng bi\u1ec3u \u0111\u1ea1t v\u00e0 v\u1ed1n t\u1eeb v\u1ef1ng c\u1ee7a con s\u1ebd \u0111\u01b0\u1ee3c n\u00e2ng cao.<br \/>\nN\u1ebfu con kh\u00f4ng gi\u1ecfi bi\u1ec3u \u0111\u1ea1t, con s\u1ebd kh\u00f3 m\u00e0 truy\u1ec1n \u0111\u1ea1t \u0111\u01b0\u1ee3c ch\u00ednh x\u00e1c suy ngh\u0129 c\u1ee7a m\u00ecnh v\u00e0 k\u00e9o theo \u0111\u00f3 l\u00e0 nhi\u1ec1u v\u1ea5n \u0111\u1ec1 kh\u00e1c.<br \/>\nV\u00ec v\u1eady, vi\u1ec7c l\u00e0m phong ph\u00fa v\u1ed1n t\u1eeb v\u1ef1ng s\u1ebd l\u00e0m t\u0103ng kh\u1ea3 n\u0103ng bi\u1ec3u \u0111\u1ea1t c\u1ee7a tr\u1ebb, \u0111\u1ed3ng th\u1eddi vi\u1ec7c h\u1ecdc nh\u1eefng ng\u00f4n ng\u1eef kh\u00e1c nhau c\u0169ng c\u00f3 t\u00e1c d\u1ee5ng trong nhi\u1ec1u tr\u01b0\u1eddng h\u1ee3p \u0111\u1eb7c bi\u1ec7t<\/p>\n  <div class=\"banner-grid-wrapper\">\n  <div id=\"banner-grid-644822425\" class=\"banner-grid row row-grid row-small\" data-packery-options=\"\">\n            <style>\n    #banner-grid-644822425 .grid-col-1{height: 600px}\n    #banner-grid-644822425 .grid-col-1-2{height: 300px}\n    #banner-grid-644822425 .grid-col-1-3{height:200px}\n    #banner-grid-644822425 .grid-col-2-3{height: 400px}\n    #banner-grid-644822425 .grid-col-1-4{height: 150px}\n    #banner-grid-644822425 .grid-col-3-4{height: 450px}\n\n\n        \/* Tablet *\/\n    @media (max-width: 850px){\n      #banner-grid-644822425 .grid-col-1{height: 400px}\n      #banner-grid-644822425 .grid-col-1-2{height: 200px}\n      #banner-grid-644822425 .grid-col-1-3{height:133.33333333333px}\n      #banner-grid-644822425 .grid-col-2-3{height: 266.66666666667px}\n      #banner-grid-644822425 .grid-col-1-4{height: 100px}\n      #banner-grid-644822425 .grid-col-3-4{height: 300px}\n    }\n    \n        \/* Mobile *\/\n    @media (max-width: 550px){\n      #banner-grid-644822425 .grid-col-1{height: 400px}\n      #banner-grid-644822425 .grid-col-1-2{height: 200px}\n      #banner-grid-644822425 .grid-col-1-3{height:133.33333333333px}\n      #banner-grid-644822425 .grid-col-2-3{height: 266.66666666667px}\n      #banner-grid-644822425 .grid-col-1-4{height: 100px}\n      #banner-grid-644822425 .grid-col-3-4{height: 300px}\n    }\n    \n\n  <\/style>\n    <\/div>\n    <style>\n    #banner-grid-644822425 .grid-col-1{height: 600px}\n    #banner-grid-644822425 .grid-col-1-2{height: 300px}\n    #banner-grid-644822425 .grid-col-1-3{height:200px}\n    #banner-grid-644822425 .grid-col-2-3{height: 400px}\n    #banner-grid-644822425 .grid-col-1-4{height: 150px}\n    #banner-grid-644822425 .grid-col-3-4{height: 450px}\n\n\n    \n    \n\n  <\/style>\n    <\/div>\n  \n","protected":false},"excerpt":{"rendered":"<p>Ng\u00e0y t\u1eeb n\u0103m \u0111\u1ea7u \u0111\u1eddi, b\u00e9 \u0111\u00e3 c\u00f3 th\u1ec3 b\u1eadp b\u1eb9 nh\u1eefng ti\u1ebfng n\u00f3i \u0111\u1ea7u ti\u00ean. Theo th\u1eddi gian, ng\u00f4n ng\u1eef c\u1ee7a b\u00e9 c\u00e0ng \u0111\u01b0\u1ee3c ho\u00e0n thi\u1ec7n v\u00e0 ph\u00e1t tri\u1ec3n. \u0110\u1ecdc s\u00e1ch cho b\u00e9 nghe \u0111\u1ec3 khuy\u1ebfn kh\u00edch b\u00e9 t\u1eadp n\u00f3i l\u00e0 m\u1ed9t trong nh\u1eefng ph\u01b0\u01a1ng ph\u00e1p t\u1ed1i \u01b0u gi\u00fap b\u00e9 ph\u00e1t tri\u1ec3n ng\u00f4n ng\u1eef.<\/p>\n<p>Cu\u1ed1n s\u00e1ch \u201c\u0110\u1ed3ng Dao Th\u01a1 \u2013 Truy\u1ec7n Cho B\u00e9 T\u1eadp N\u00f3i\u201d tuy\u1ec3n ch\u1ecdn nh\u1eefng b\u00e0i \u0111\u1ed3ng dao, b\u00e0i th\u01a1 v\u00e0 nh\u1eefng c\u00e2u chuy\u1ec7n ph\u00f9 h\u1ee3p cho l\u1ee9a tu\u1ed5i t\u1eadp n\u00f3i.<\/p>\n<p>S\u00e1ch g\u1ed3m c\u00f3 3 ph\u1ea7n:<\/p>\n<p><strong>\u0110\u1ed3ng dao:<\/strong> l\u00e0 th\u01a1 ca truy\u1ec1n mi\u1ec7n d\u00e2n gian, c\u00f3 nh\u1ecbp c\u00f3 v\u1ea5n. Tr\u1ebb em nh\u1ecf ch\u01b0a hi\u1ec3u l\u1eddi, th\u00edch \u0111\u1ed3ng dao v\u00ec ch\u1ec9 c\u1ea7n b\u1ed1 m\u1eb9 \u0111\u1ecdc cho nghe, b\u00e9 d\u1eadm ch\u1eadm ch\u00e2n, v\u1ed7 v\u1ed7 tay theo nh\u1ecbp. B\u00e9 l\u1edbn h\u01a1n c\u00e0ng th\u00edch \u0111\u1ed3ng dao v\u00ec c\u00e1c b\u00e9 c\u00f3 th\u1ec3 v\u1eeba h\u00e1t d\u1ed3ng dao, v\u1eeba ch\u01a1i nh\u1eefng tr\u00f2 ch\u01a1i g\u1eafn v\u1edbi \u0111\u1ed3ng dao\u2026<\/p>\n<p><strong>Ph\u1ea7n th\u01a1<\/strong>: tuy\u1ec3n ch\u1ecdn nh\u1eefng b\u00e0i th\u01a1 hay, ng\u1eafn v\u00e0 ng\u1ed9 ngh\u0129nh.<\/p>\n<p><strong>Ph\u1ea7n truy\u1ec7n:<\/strong> g\u1ed3m nh\u1eefng c\u00e2u chuy\u1ec7n nh\u1ecf d\u1ec5 \u0111\u1ecdc, d\u1ec5 hi\u1ec3u, n\u1ed9i dung phong ph\u00fa. Dung l\u01b0\u1ee3ng ch\u1eef trong m\u1ed7i truy\u1ec7n ph\u00f9 h\u1ee3p v\u1edbi s\u1ef1 ti\u1ebfp nh\u1eadn c\u1ee7a c\u00e1c b\u00e9 trong \u0111\u1ed9 tu\u1ed5i t\u1eadp n\u00f3i.<\/p>\n<p>Cu\u1ed1n s\u00e1ch c\u00f3 tranh minh h\u1ecda sinh \u0111\u1ed9ng, kh\u00f4ng ch\u1ec9 gi\u00fap b\u00e9 ph\u00e1t tri\u1ec3n ng\u00f4n ng\u1eef m\u00e0 c\u00f2n gi\u00fap b\u00e9 th\u00eam v\u1ec1 cu\u1ed9c s\u1ed1ng quan m\u00ecnh. S\u00e1ch ph\u00f9 h\u1ee3p v\u1edbi b\u00e9 t\u1eeb 0-6 tu\u1ed5i.<\/p>\n","protected":false},"featured_media":1115,"template":"","meta":{"_acf_changed":false},"product_brand":[],"product_cat":[25,17,71],"product_tag":[],"class_list":{"0":"post-1123","1":"product","2":"type-product","3":"status-publish","4":"has-post-thumbnail","6":"product_cat-nhi-dong-6-tuoi-12-tuoi","7":"product_cat-sach-danh-cho-cac-be","8":"product_cat-sach-tre-em-thuan-viet","10":"first","11":"outofstock","12":"taxable","13":"shipping-taxable","14":"purchasable","15":"product-type-simple"},"supplier_id":null,"supplier_sku":"","barcode":null,"atum_controlled":true,"out_stock_date":"2024-08-11 19:26:27","out_stock_threshold":null,"inheritable":false,"inbound_stock":0,"stock_on_hold":0,"sold_today":0,"sales_last_days":0,"reserved_stock":0,"customer_returns":0,"warehouse_damage":0,"lost_in_post":0,"other_logs":0,"out_stock_days":535,"lost_sales":916,"has_location":false,"update_date":"2026-01-28T23:11:19","atum_locations":[],"atum_stock_status":"outofstock","restock_status":false,"low_stock_amount":"","sales_update_date":"2026-01-28T23:11:19","calc_backorders":null,"acf":{"publisher":{"ID":1471,"post_author":"1","post_date":"2021-02-17 01:12:48","post_date_gmt":"2021-02-16 23:12:48","post_content":"","post_title":"\u0110\u1ea1i Mai Books","post_excerpt":"","post_status":"publish","comment_status":"closed","ping_status":"closed","post_password":"","post_name":"dai-mai-books","to_ping":"","pinged":"","post_modified":"2021-02-17 01:12:48","post_modified_gmt":"2021-02-16 23:12:48","post_content_filtered":"","post_parent":0,"guid":"https:\/\/sachviet.eu\/nha-phat-hanh\/dai-mai-books\/","menu_order":0,"post_type":"publisher","post_mime_type":"","comment_count":"0","filter":"raw"}},"_links":{"self":[{"href":"https:\/\/sachviet.eu\/en\/wp-json\/wp\/v2\/product\/1123","targetHints":{"allow":["GET"]}}],"collection":[{"href":"https:\/\/sachviet.eu\/en\/wp-json\/wp\/v2\/product"}],"about":[{"href":"https:\/\/sachviet.eu\/en\/wp-json\/wp\/v2\/types\/product"}],"wp:featuredmedia":[{"embeddable":true,"href":"https:\/\/sachviet.eu\/en\/wp-json\/wp\/v2\/media\/1115"}],"wp:attachment":[{"href":"https:\/\/sachviet.eu\/en\/wp-json\/wp\/v2\/media?parent=1123"}],"wp:term":[{"taxonomy":"product_brand","embeddable":true,"href":"https:\/\/sachviet.eu\/en\/wp-json\/wp\/v2\/product_brand?post=1123"},{"taxonomy":"product_cat","embeddable":true,"href":"https:\/\/sachviet.eu\/en\/wp-json\/wp\/v2\/product_cat?post=1123"},{"taxonomy":"product_tag","embeddable":true,"href":"https:\/\/sachviet.eu\/en\/wp-json\/wp\/v2\/product_tag?post=1123"}],"curies":[{"name":"wp","href":"https:\/\/api.w.org\/{rel}","templated":true}]}}