{"id":11229,"date":"2021-06-03T01:39:33","date_gmt":"2021-06-02T22:39:33","guid":{"rendered":"https:\/\/sachviet.eu\/shop\/combo-1-pettson-va-findus-findus-be-bong-mat-tich-findus-ra-rieng-ngay-buon-chang-tay-gang-set-3-quyen\/"},"modified":"2025-01-02T00:16:29","modified_gmt":"2025-01-01T22:16:29","slug":"combo-1-pettson-va-findus-findus-be-bong-mat-tich-findus-ra-rieng-ngay-buon-chang-tay-gang-set-3-quyen","status":"publish","type":"product","link":"https:\/\/sachviet.eu\/en\/shop\/combo-1-pettson-va-findus-findus-be-bong-mat-tich-findus-ra-rieng-ngay-buon-chang-tay-gang-set-3-quyen\/","title":{"rendered":"Combo 1 &#8211; Pettson V\u00e0 Findus: Findus B\u00e9 B\u1ecfng M\u1ea5t T\u00edch + Findus Ra Ri\u00eang + Ng\u00e0y Bu\u1ed3n Ch\u1eb3ng T\u00e0y Gang &#8211; Set 3 quy\u1ec3n"},"content":{"rendered":"<p>N\u1ed9i dung c\u1ea3 b\u1ed9: B\u1ed9 s\u00e1ch l\u00e0 nh\u1eefng m\u1ea9u truy\u1ec7n nh\u1ecf vui t\u01b0\u01a1i, d\u00ed d\u1ecfm v\u1ec1 cu\u1ed9c s\u1ed1ng h\u1eb1ng ng\u00e0y c\u1ee7a l\u00e3o n\u00f4ng d\u00e2n Pettson v\u00e0 ch\u00fa m\u00e8o Findus \u1edf m\u1ed9t v\u00f9ng qu\u00ea. C\u00f9ng nhau, \u00f4ng l\u00e3o th\u00e1o v\u00e1t v\u00e0 ch\u00fa m\u00e8o ngh\u1ecbch ng\u1ee3m c\u00f9ng t\u1eadn h\u01b0\u1edfng \u0111\u1eddi s\u1ed1ng b\u00ecnh d\u1ecb m\u00e0 tr\u00e0n ng\u1eadp ni\u1ec1m vui, ni\u1ec1m vui khi ta s\u1ed1ng chan h\u00f2a v\u1edbi v\u1ea1n v\u1eadt, khi \u0111\u01b0\u1ee3c s\u1eed d\u1ee5ng \u0111\u00f4i tay v\u00e0 kh\u1ed1i \u00f3c \u0111\u1ec3 l\u00e0m sinh \u0111\u1ed9ng v\u00e0 phong ph\u00fa cu\u1ed9c \u0111\u1eddi.<br \/>\nN\u1ed9i dung b\u00eca 4: B\u1ed9 truy\u1ec7n d\u00e0nh cho b\u1ea1n \u0111\u1ecdc y\u00eau m\u00e8o, m\u1ebfn nh\u1eefng \u00f4ng gi\u00e0 l\u1eadp d\u1ecb, \u01b0a c\u00e1c t\u00ecnh hu\u1ed1ng o\u00e1i o\u0103m, th\u00edch tr\u00f2 ngh\u1ecbch ng\u1ee3m v\u00e0 \u0111ang c\u1ea7n l\u1eafm ti\u1ebfng c\u01b0\u1eddi.<br \/>\n\u0110\u00e3 quen v\u1edbi c\u1ea3nh n\u0103m th\u00ec m\u01b0\u1eddi h\u1ecda m\u1edbi c\u00f3 kh\u00e1ch \u0111\u1ebfn th\u0103m, m\u1ed9t ng\u00e0y n\u1ecd, \u00f4ng l\u00e3o Pettson v\u00e0 ch\u00fa m\u00e8o Findus \u0111\u01b0\u1ee3c m\u1ed9t phen gi\u1eadt m\u00ecnh khi \u00f4ng h\u00e0ng x\u00f3m Gustavsson xu\u1ea5t hi\u1ec7n v\u1edbi kh\u1ea9u s\u00fang s\u0103n v\u00e0 mang theo tin x\u1ea5u: M\u1ed9t con c\u00e1o \u0111\u00e3 t\u00ecm \u0111\u1ebfn ch\u1ed7 h\u1ecd, \u00e2m m\u01b0u b\u1eaft tr\u1ed9m g\u00e0.<br \/>\nV\u1edbi ch\u00fat l\u00f4ng v\u0169, h\u1ea1t ti\u00eau, ph\u00e1o n\u1ed5, m\u1ed9t con ma c\u00f9ng s\u1ef1 tr\u1ee3 gi\u00fap b\u1ea5t \u0111\u1eafc d\u0129 c\u1ee7a \u00f4ng h\u00e0ng x\u00f3m, Pettson v\u00e0 Findus s\u1ebd ch\u1ee9ng minh v\u1edbi b\u1ea1n \u0111\u1ecdc r\u1eb1ng: Ta kh\u00f4ng c\u1ea7n \u0111\u1ebfn kh\u1ea9u s\u00fang \u0111\u1ec3 b\u1ea3o v\u1ec7 b\u1ea7y g\u00e0, ch\u1ec9 c\u1ea7n m\u1ed9t ch\u00fat tr\u00ed th\u00f4ng minh. C\u00f9ng \u0111\u1ecdc K\u1ebf \u0111u\u1ed5i c\u00e1o \u0111\u1ec3 kh\u00e1m ph\u00e1 xem h\u1ecd \u0111\u00e3 l\u00e0m th\u1ebf n\u00e0o nh\u00e9!<\/p>\n","protected":false},"excerpt":{"rendered":"<p>B\u1ed9 s\u00e1ch l\u00e0 nh\u1eefng m\u1ea9u truy\u1ec7n nh\u1ecf vui t\u01b0\u01a1i, d\u00ed d\u1ecfm v\u1ec1 cu\u1ed9c s\u1ed1ng h\u1eb1ng ng\u00e0y c\u1ee7a l\u00e3o n\u00f4ng d\u00e2n Pettson v\u00e0 ch\u00fa m\u00e8o Findus \u1edf m\u1ed9t v\u00f9ng qu\u00ea. C\u00f9ng nhau, \u00f4ng l\u00e3o th\u00e1o v\u00e1t v\u00e0 ch\u00fa m\u00e8o ngh\u1ecbch ng\u1ee3m c\u00f9ng t\u1eadn h\u01b0\u1edfng \u0111\u1eddi s\u1ed1ng b\u00ecnh d\u1ecb m\u00e0 tr\u00e0n ng\u1eadp ni\u1ec1m vui, ni\u1ec1m vui khi ta s\u1ed1ng chan h\u00f2a v\u1edbi v\u1ea1n v\u1eadt, khi \u0111\u01b0\u1ee3c s\u1eed d\u1ee5ng \u0111\u00f4i tay v\u00e0 kh\u1ed1i \u00f3c \u0111\u1ec3 l\u00e0m sinh \u0111\u1ed9ng v\u00e0 phong ph\u00fa cu\u1ed9c \u0111\u1eddi.<\/p>\n<p>N\u1ed9i dung b\u00eca 4: B\u1ed9 truy\u1ec7n d\u00e0nh cho b\u1ea1n \u0111\u1ecdc y\u00eau m\u00e8o, m\u1ebfn nh\u1eefng \u00f4ng gi\u00e0 l\u1eadp d\u1ecb, \u01b0a c\u00e1c t\u00ecnh hu\u1ed1ng o\u00e1i o\u0103m, th\u00edch tr\u00f2 ngh\u1ecbch ng\u1ee3m v\u00e0 \u0111ang c\u1ea7n l\u1eafm ti\u1ebfng c\u01b0\u1eddi.<br \/>\n\u0110\u00e3 quen v\u1edbi c\u1ea3nh n\u0103m th\u00ec m\u01b0\u1eddi h\u1ecda m\u1edbi c\u00f3 kh\u00e1ch \u0111\u1ebfn th\u0103m, m\u1ed9t ng\u00e0y n\u1ecd, \u00f4ng l\u00e3o Pettson v\u00e0 ch\u00fa m\u00e8o Findus \u0111\u01b0\u1ee3c m\u1ed9t phen gi\u1eadt m\u00ecnh khi \u00f4ng h\u00e0ng x\u00f3m Gustavsson xu\u1ea5t hi\u1ec7n v\u1edbi kh\u1ea9u s\u00fang s\u0103n v\u00e0 mang theo tin x\u1ea5u: M\u1ed9t con c\u00e1o \u0111\u00e3 t\u00ecm \u0111\u1ebfn ch\u1ed7 h\u1ecd, \u00e2m m\u01b0u b\u1eaft tr\u1ed9m g\u00e0.<br \/>\nV\u1edbi ch\u00fat l\u00f4ng v\u0169, h\u1ea1t ti\u00eau, ph\u00e1o n\u1ed5, m\u1ed9t con ma c\u00f9ng s\u1ef1 tr\u1ee3 gi\u00fap b\u1ea5t \u0111\u1eafc d\u0129 c\u1ee7a \u00f4ng h\u00e0ng x\u00f3m, Pettson v\u00e0 Findus s\u1ebd ch\u1ee9ng minh v\u1edbi b\u1ea1n \u0111\u1ecdc r\u1eb1ng: Ta kh\u00f4ng c\u1ea7n \u0111\u1ebfn kh\u1ea9u s\u00fang \u0111\u1ec3 b\u1ea3o v\u1ec7 b\u1ea7y g\u00e0, ch\u1ec9 c\u1ea7n m\u1ed9t ch\u00fat tr\u00ed th\u00f4ng minh. C\u00f9ng \u0111\u1ecdc K\u1ebf \u0111u\u1ed5i c\u00e1o \u0111\u1ec3 kh\u00e1m ph\u00e1 xem h\u1ecd \u0111\u00e3 l\u00e0m th\u1ebf n\u00e0o nh\u00e9!<\/p>\n","protected":false},"featured_media":11225,"template":"","meta":{"_acf_changed":false},"product_brand":[],"product_cat":[25,17,26],"product_tag":[],"class_list":{"0":"post-11229","1":"product","2":"type-product","3":"status-publish","4":"has-post-thumbnail","6":"product_cat-nhi-dong-6-tuoi-12-tuoi","7":"product_cat-sach-danh-cho-cac-be","8":"product_cat-thieu-nien-11-tuoi-18-tuoi","10":"first","11":"instock","12":"taxable","13":"shipping-taxable","14":"purchasable","15":"product-type-simple"},"supplier_id":null,"supplier_sku":"","barcode":null,"atum_controlled":true,"out_stock_date":null,"out_stock_threshold":null,"inheritable":false,"inbound_stock":0,"stock_on_hold":0,"sold_today":0,"sales_last_days":0,"reserved_stock":0,"customer_returns":0,"warehouse_damage":0,"lost_in_post":0,"other_logs":0,"out_stock_days":0,"lost_sales":0,"has_location":false,"update_date":"2026-01-28T23:11:27","atum_locations":[],"atum_stock_status":"instock","restock_status":false,"low_stock_amount":"","sales_update_date":"2026-01-28T23:11:27","calc_backorders":null,"acf":{"publisher":{"ID":9985,"post_author":"1","post_date":"2021-06-02 18:08:59","post_date_gmt":"2021-06-02 15:08:59","post_content":"","post_title":"Huy Ho\u00e0ng","post_excerpt":"","post_status":"publish","comment_status":"closed","ping_status":"closed","post_password":"","post_name":"huy-hoang","to_ping":"","pinged":"","post_modified":"2021-06-02 18:08:59","post_modified_gmt":"2021-06-02 15:08:59","post_content_filtered":"","post_parent":0,"guid":"https:\/\/sachviet.eu\/nha-phat-hanh\/huy-hoang\/","menu_order":0,"post_type":"publisher","post_mime_type":"","comment_count":"0","filter":"raw"}},"_links":{"self":[{"href":"https:\/\/sachviet.eu\/en\/wp-json\/wp\/v2\/product\/11229","targetHints":{"allow":["GET"]}}],"collection":[{"href":"https:\/\/sachviet.eu\/en\/wp-json\/wp\/v2\/product"}],"about":[{"href":"https:\/\/sachviet.eu\/en\/wp-json\/wp\/v2\/types\/product"}],"wp:featuredmedia":[{"embeddable":true,"href":"https:\/\/sachviet.eu\/en\/wp-json\/wp\/v2\/media\/11225"}],"wp:attachment":[{"href":"https:\/\/sachviet.eu\/en\/wp-json\/wp\/v2\/media?parent=11229"}],"wp:term":[{"taxonomy":"product_brand","embeddable":true,"href":"https:\/\/sachviet.eu\/en\/wp-json\/wp\/v2\/product_brand?post=11229"},{"taxonomy":"product_cat","embeddable":true,"href":"https:\/\/sachviet.eu\/en\/wp-json\/wp\/v2\/product_cat?post=11229"},{"taxonomy":"product_tag","embeddable":true,"href":"https:\/\/sachviet.eu\/en\/wp-json\/wp\/v2\/product_tag?post=11229"}],"curies":[{"name":"wp","href":"https:\/\/api.w.org\/{rel}","templated":true}]}}