{"id":11224,"date":"2021-06-03T01:39:17","date_gmt":"2021-06-02T22:39:17","guid":{"rendered":"https:\/\/sachviet.eu\/shop\/combo-3-pettson-findus-chuyen-da-ngoai-li-ki-giang-sinh-hy-huu-o-banh-sinh-nhat-set-3-quyen\/"},"modified":"2023-10-03T09:00:42","modified_gmt":"2023-10-03T06:00:42","slug":"combo-3-pettson-findus-chuyen-da-ngoai-li-ki-giang-sinh-hy-huu-o-banh-sinh-nhat-set-3-quyen","status":"publish","type":"product","link":"https:\/\/sachviet.eu\/en\/shop\/combo-3-pettson-findus-chuyen-da-ngoai-li-ki-giang-sinh-hy-huu-o-banh-sinh-nhat-set-3-quyen\/","title":{"rendered":"Combo 3 &#8211; Pettson &amp; Findus: Chuy\u1ebfn d\u00e3 ngo\u1ea1i li k\u00ec + Gi\u00e1ng sinh hy h\u1eefu + \u1ed4 b\u00e1nh sinh nh\u1eadt &#8211; Set 3 quy\u1ec3n"},"content":{"rendered":"<p>Pettson v\u00e0 Findus &#8211; b\u1ed9 truy\u1ec7n d\u00e0nh cho b\u1ea1n \u0111\u1ecdc y\u00eau m\u00e8o, m\u1ebfn nh\u1eefng \u00f4ng gi\u00e0 l\u1eadp d\u1ecb, \u01b0a c\u00e1c t\u00ecnh hu\u1ed1ng o\u00e1i o\u0103m, th\u00edch tr\u00f2 ngh\u1ecbch ng\u1ee3m v\u00e0 \u0111ang c\u1ea7n l\u1eafm ti\u1ebfng c\u01b0\u1eddi. M\u1ed9t ng\u00e0y kia, ch\u00fa m\u00e8o Findus t\u00ecnh c\u1edd t\u00ecm \u0111\u01b0\u1ee3c m\u1ed9t c\u00e1i x\u00fac x\u00edch xanh l\u1ee5c n\u1eb1m l\u0103n l\u00f3c tr\u00ean g\u00e1c x\u00e9p. C\u00e1i x\u00fac x\u00edch nguy hi\u1ec3m ph\u1ebft, n\u00f3 d\u1ee5 ch\u00fa m\u00e8o \u0111\u1ee9ng l\u00ean \u0111i th\u0103ng b\u1eb1ng v\u00e0 l\u00e0m ch\u00fa ng\u00e3 l\u0103n l\u00f4ng l\u1ed1c xu\u1ed1ng thang. H\u00f3a ra, nh\u01b0 l\u00e3o Pettson gi\u1ea3ng gi\u1ea3i cho ch\u00fa, \u0111\u00f3 l\u00e0 m\u1ed9t c\u00e1i l\u1ec1u. \u00dd mu\u1ed1n \u0111i d\u00e3 ngo\u1ea1i n\u1ed5i l\u00ean, th\u1ebf l\u00e0 chuy\u1ebfn phi\u00eau l\u01b0u m\u1edbi nh\u1ea5t c\u1ee7a \u0111\u00f4i b\u1ea1n b\u1eaft \u0111\u1ea7u. V\u1edbi \u0111\u00e0n g\u00e0 qu\u1ea5y qu\u1ea3 v\u00e0 ph\u00e1t minh tr\u1edbt qu\u1edbt c\u1ee7a l\u00e3o Pettson, li\u1ec7u k\u1ebf ho\u1ea1ch c\u1eafm tr\u1ea1i c\u1ee7a h\u1ecd c\u00f3 di\u1ec5n ra nh\u01b0 \u00fd? B\u00ed \u1ea9n n\u00e0o \u0111ang ch\u1edd h\u1ecd b\u00ean h\u1ed3 n\u01b0\u1edbc, \u00e2m thanh r\u00f9ng r\u1ee3n n\u00e0o v\u0103ng v\u1eb3ng b\u00ean tai Findus khi ch\u00fa m\u1ed9t m\u00ecnh ng\u1ee7 trong l\u1ec1u? H\u00e3y c\u00f9ng \u0111\u1ecdc \u0111\u1ec3 tham gia v\u00e0o chuy\u1ebfn d\u00e3 ngo\u1ea1i li k\u00ec c\u1ee7a \u0111\u00f4i b\u1ea1n nh\u00e9!<\/p>\n","protected":false},"excerpt":{"rendered":"<p>Pettson v\u00e0 Findus &#8211; b\u1ed9 truy\u1ec7n d\u00e0nh cho b\u1ea1n \u0111\u1ecdc y\u00eau m\u00e8o, m\u1ebfn nh\u1eefng \u00f4ng gi\u00e0 l\u1eadp d\u1ecb, \u01b0a c\u00e1c t\u00ecnh hu\u1ed1ng o\u00e1i o\u0103m, th\u00edch tr\u00f2 ngh\u1ecbch ng\u1ee3m v\u00e0 \u0111ang c\u1ea7n l\u1eafm ti\u1ebfng c\u01b0\u1eddi. M\u1ed9t ng\u00e0y kia, ch\u00fa m\u00e8o Findus t\u00ecnh c\u1edd t\u00ecm \u0111\u01b0\u1ee3c m\u1ed9t c\u00e1i x\u00fac x\u00edch xanh l\u1ee5c n\u1eb1m l\u0103n l\u00f3c tr\u00ean g\u00e1c x\u00e9p. C\u00e1i x\u00fac x\u00edch nguy hi\u1ec3m ph\u1ebft, n\u00f3 d\u1ee5 ch\u00fa m\u00e8o \u0111\u1ee9ng l\u00ean \u0111i th\u0103ng b\u1eb1ng v\u00e0 l\u00e0m ch\u00fa ng\u00e3 l\u0103n l\u00f4ng l\u1ed1c xu\u1ed1ng thang. H\u00f3a ra, nh\u01b0 l\u00e3o Pettson gi\u1ea3ng gi\u1ea3i cho ch\u00fa, \u0111\u00f3 l\u00e0 m\u1ed9t c\u00e1i l\u1ec1u. \u00dd mu\u1ed1n \u0111i d\u00e3 ngo\u1ea1i n\u1ed5i l\u00ean, th\u1ebf l\u00e0 chuy\u1ebfn phi\u00eau l\u01b0u m\u1edbi nh\u1ea5t c\u1ee7a \u0111\u00f4i b\u1ea1n b\u1eaft \u0111\u1ea7u. V\u1edbi \u0111\u00e0n g\u00e0 qu\u1ea5y qu\u1ea3 v\u00e0 ph\u00e1t minh tr\u1edbt qu\u1edbt c\u1ee7a l\u00e3o Pettson, li\u1ec7u k\u1ebf ho\u1ea1ch c\u1eafm tr\u1ea1i c\u1ee7a h\u1ecd c\u00f3 di\u1ec5n ra nh\u01b0 \u00fd? B\u00ed \u1ea9n n\u00e0o \u0111ang ch\u1edd h\u1ecd b\u00ean h\u1ed3 n\u01b0\u1edbc, \u00e2m thanh r\u00f9ng r\u1ee3n n\u00e0o v\u0103ng v\u1eb3ng b\u00ean tai Findus khi ch\u00fa m\u1ed9t m\u00ecnh ng\u1ee7 trong l\u1ec1u? H\u00e3y c\u00f9ng \u0111\u1ecdc \u0111\u1ec3 tham gia v\u00e0o chuy\u1ebfn d\u00e3 ngo\u1ea1i li k\u00ec c\u1ee7a \u0111\u00f4i b\u1ea1n nh\u00e9!<\/p>\n","protected":false},"featured_media":11220,"template":"","meta":{"_acf_changed":false},"product_brand":[],"product_cat":[25,17,26],"product_tag":[],"class_list":{"0":"post-11224","1":"product","2":"type-product","3":"status-publish","4":"has-post-thumbnail","6":"product_cat-nhi-dong-6-tuoi-12-tuoi","7":"product_cat-sach-danh-cho-cac-be","8":"product_cat-thieu-nien-11-tuoi-18-tuoi","10":"first","11":"instock","12":"taxable","13":"shipping-taxable","14":"purchasable","15":"product-type-simple"},"supplier_id":null,"supplier_sku":"","barcode":null,"atum_controlled":true,"out_stock_date":null,"out_stock_threshold":null,"inheritable":false,"inbound_stock":0,"stock_on_hold":0,"sold_today":0,"sales_last_days":0,"reserved_stock":0,"customer_returns":0,"warehouse_damage":0,"lost_in_post":0,"other_logs":0,"out_stock_days":0,"lost_sales":0,"has_location":false,"update_date":"2026-01-28T23:10:49","atum_locations":[],"atum_stock_status":"instock","restock_status":false,"low_stock_amount":"","sales_update_date":"2026-01-28T23:10:49","calc_backorders":null,"acf":{"publisher":{"ID":9985,"post_author":"1","post_date":"2021-06-02 18:08:59","post_date_gmt":"2021-06-02 15:08:59","post_content":"","post_title":"Huy Ho\u00e0ng","post_excerpt":"","post_status":"publish","comment_status":"closed","ping_status":"closed","post_password":"","post_name":"huy-hoang","to_ping":"","pinged":"","post_modified":"2021-06-02 18:08:59","post_modified_gmt":"2021-06-02 15:08:59","post_content_filtered":"","post_parent":0,"guid":"https:\/\/sachviet.eu\/nha-phat-hanh\/huy-hoang\/","menu_order":0,"post_type":"publisher","post_mime_type":"","comment_count":"0","filter":"raw"}},"_links":{"self":[{"href":"https:\/\/sachviet.eu\/en\/wp-json\/wp\/v2\/product\/11224","targetHints":{"allow":["GET"]}}],"collection":[{"href":"https:\/\/sachviet.eu\/en\/wp-json\/wp\/v2\/product"}],"about":[{"href":"https:\/\/sachviet.eu\/en\/wp-json\/wp\/v2\/types\/product"}],"wp:featuredmedia":[{"embeddable":true,"href":"https:\/\/sachviet.eu\/en\/wp-json\/wp\/v2\/media\/11220"}],"wp:attachment":[{"href":"https:\/\/sachviet.eu\/en\/wp-json\/wp\/v2\/media?parent=11224"}],"wp:term":[{"taxonomy":"product_brand","embeddable":true,"href":"https:\/\/sachviet.eu\/en\/wp-json\/wp\/v2\/product_brand?post=11224"},{"taxonomy":"product_cat","embeddable":true,"href":"https:\/\/sachviet.eu\/en\/wp-json\/wp\/v2\/product_cat?post=11224"},{"taxonomy":"product_tag","embeddable":true,"href":"https:\/\/sachviet.eu\/en\/wp-json\/wp\/v2\/product_tag?post=11224"}],"curies":[{"name":"wp","href":"https:\/\/api.w.org\/{rel}","templated":true}]}}