{"id":11219,"date":"2021-06-03T01:38:58","date_gmt":"2021-06-02T22:38:58","guid":{"rendered":"https:\/\/sachviet.eu\/shop\/tham-tu-lung-danh-conan-tron-bo-95-tap-tai-ban\/"},"modified":"2022-12-19T18:41:40","modified_gmt":"2022-12-19T16:41:40","slug":"tham-tu-lung-danh-conan-tron-bo-95-tap-tai-ban","status":"publish","type":"product","link":"https:\/\/sachviet.eu\/en\/shop\/tham-tu-lung-danh-conan-tron-bo-95-tap-tai-ban\/","title":{"rendered":"Th\u00e1m T\u1eed L\u1eebng Danh Conan (Tr\u1ecdn B\u1ed9 95 T\u1eadp) &#8211; T\u00e1i B\u1ea3n"},"content":{"rendered":"<p>M\u1edf \u0111\u1ea7u c\u00e2u truy\u1ec7n, c\u1eadu h\u1ecdc sinh trung h\u1ecdc 17 tu\u1ed5i Shinichi Kudo b\u1ecb bi\u1ebfn th\u00e0nh c\u1eadu b\u00e9 Conan Edogawa. Shinichi trong ph\u1ea7n \u0111\u1ea7u c\u1ee7a Th\u00e1m t\u1eed l\u1eebng danh Conan \u0111\u01b0\u1ee3c mi\u00eau t\u1ea3 l\u00e0 m\u1ed9t th\u00e1m t\u1eed h\u1ecdc \u0111\u01b0\u1eddng xu\u1ea5t s\u1eafc. Trong m\u1ed9t l\u1ea7n \u0111i ch\u01a1i c\u00f4ng vi\u00ean &#8220;Mi\u1ec1n Nhi\u1ec7t \u0111\u1edbi&#8221; v\u1edbi c\u00f4 b\u1ea1n t\u1eeb thu\u1edf nh\u1ecf Ran Mori, c\u1eadu t\u00ecnh c\u1edd ch\u1ee9ng ki\u1ebfn v\u1ee5 m\u1ed9t \u00e1n gi\u1ebft ng\u01b0\u1eddi, Kishida &#8211; m\u1ed9t h\u00e0nh kh\u00e1ch trong tr\u00f2 ch\u01a1i Chuy\u1ebfn t\u00e0u t\u1ed1c h\u00e0nh \u0111\u00e3 b\u1ecb gi\u1ebft m\u1ed9t c\u00e1ch d\u00e3 man. C\u1eadu \u0111\u00e3 gi\u00fap c\u1ea3nh s\u00e1t l\u00e0m s\u00e1ng t\u1ecf v\u1ee5 \u00e1n. Tr\u00ean \u0111\u01b0\u1eddng v\u1ec1 nh\u00e0, c\u1eadu v\u00f4 t\u00ecnh ph\u00e1t hi\u1ec7n m\u1ed9t v\u1ee5 l\u00e0m \u0103n m\u1edd \u00e1m c\u1ee7a nh\u1eefng ng\u01b0\u1eddi \u0111\u00e0n \u00f4ng m\u1eb7c to\u00e0n \u0111\u1ed3 \u0111en. Khi ch\u00fang ph\u00e1t hi\u1ec7n ra c\u1eadu, Shinichi \u0111\u00e3 b\u1ecb \u0111\u00e1nh ng\u1ea5t \u0111i. Sau \u0111\u00f3 nh\u1eefng ng\u01b0\u1eddi \u0111\u00e0n \u00f4ng \u00e1o \u0111en \u0111\u00f3 \u0111\u00e3 cho c\u1eadu u\u1ed1ng m\u1ed9t th\u1ee9 thu\u1ed1c \u0111\u1ed9c ch\u01b0a qua th\u1eed nghi\u1ec7m l\u00e0 Apotoxin-4869 (APTX 4869) v\u1edbi m\u1ee5c \u0111\u00edch th\u1ee7 ti\u00eau c\u1eadu. Tuy nhi\u00ean ch\u1ea5t \u0111\u1ed9c \u0111\u00e3 kh\u00f4ng gi\u1ebft ch\u1ebft Kudo. Khi t\u1ec9nh l\u1ea1i, c\u1eadu b\u00e0ng ho\u00e0ng nh\u1eadn th\u1ea5y m\u00ecnh \u0111\u00e3 b\u1ecb teo nh\u1ecf l\u1ea1i th\u00e0nh h\u00ecnh d\u1ea1ng c\u1ee7a m\u1ed9t c\u1eadu h\u1ecdc sinh ti\u1ec3u h\u1ecdc.<\/p>\n<p>Theo l\u1eddi khuy\u00ean c\u1ee7a Ti\u1ebfn s\u0129 Hiroshi Agasa, Shinichi \u0111\u00e3 che gi\u1ea5u tung t\u00edch, \u0111\u1ec3 tr\u00e1nh vi\u1ec7c T\u1ed5 ch\u1ee9c \u00c1o \u0111en c\u00f3 th\u1ec3 ph\u00e1t hi\u1ec7n ra r\u1eb1ng c\u1eadu v\u1eabn c\u00f2n s\u1ed1ng. Khi Ran h\u1ecfi t\u00ean c\u1eadu, Shinichi \u0111\u00e3 gh\u00e9p &#8220;Conan&#8221; trong t\u00ean c\u1ee7a Sir Arthur Conan Doyle v\u00e0 &#8220;Edogawa&#8221; trong t\u00ean c\u1ee7a Edogawa Rampo, bu\u1ed9t mi\u1ec7ng n\u00f3i ra t\u00ean m\u00ecnh l\u00e0 &#8220;Conan Edogawa&#8221;. Ti\u1ebfn s\u0129 Agasa \u0111\u00e3 n\u00f3i Conan l\u00e0 m\u1ed9t ng\u01b0\u1eddi ch\u00e1u c\u1ee7a m\u00ecnh, nh\u01b0ng hi\u1ec7n \u00f4ng \u0111ang qu\u00e1 b\u1eadn r\u1ed9n kh\u00f4ng th\u1ec3 ch\u0103m s\u00f3c cho ch\u00fa b\u00e9 n\u00ean \u0111\u00e3 nh\u1edd Ran tr\u00f4ng nom Conan gi\u00fap m\u00ecnh. Ran nh\u1eadn l\u1eddi v\u00e0 t\u1eeb \u0111\u00f3 Conan s\u1ed1ng t\u1ea1i nh\u00e0 c\u1ee7a Ran t\u1ee9c v\u0103n ph\u00f2ng th\u00e1m t\u1eed Mori, v\u1eeba che gi\u1ea5u th\u00e2n ph\u1eadn v\u1eeba \u0111i\u1ec1u tra tung t\u00edch c\u1ee7a T\u1ed5 ch\u1ee9c \u00c1o \u0111en v\u00e0 t\u00ecm ki\u1ebfm thu\u1ed1c gi\u1ea3i \u0111\u1ed9c.<\/p>\n<p>Cha c\u1ee7a Ran, Kogoro Mori (Richard Moore) l\u00e0 m\u1ed9t th\u00e1m t\u1eed b\u1ea5t t\u00e0i. T\u1eeb khi Conan gi\u00fap \u00f4ng ph\u00e1 \u00e1n, \u00f4ng tr\u1edf n\u00ean r\u1ea5t n\u1ed5i ti\u1ebfng v\u1edbi bi\u1ec7t danh &#8220;Mori ng\u1ee7 g\u1eadt&#8221;. V\u00ec b\u1ed9 d\u1ea1ng b\u00e9 nh\u1ecf c\u1ee7a Conan, c\u1ea3nh s\u00e1t ch\u1eb3ng m\u1ea5y khi \u0111\u1ec3 t\u00e2m t\u1edbi nh\u1eefng ph\u00e1n \u0111o\u00e1n, suy lu\u1eadn c\u1ee7a c\u1eadu b\u00e9. Conan, b\u1eb1ng c\u00e1ch b\u1eafn s\u00fang g\u00e2y m\u00ea \u0111\u1ec3 cho \u00f4ng Mori ng\u1ee7 say, sau \u0111\u00f3 s\u1eed d\u1ee5ng thi\u1ebft b\u1ecb \u0111\u1ed5i gi\u1ecdng n\u00f3i l\u00e0 chi\u1ebfc n\u01a1 g\u1eafn tr\u00ean c\u1ed5 \u00e1o \u0111\u1ec3 gi\u1ea3 gi\u1ecdng \u00f4ng, \u0111\u00e3 gi\u00fap c\u1ea3nh s\u00e1t ph\u00e1 r\u1ea5t nhi\u1ec1u v\u1ee5 \u00e1n d\u01b0\u1edbi danh ngh\u0129a Mori. C\u0169ng c\u00f3 l\u00fac c\u1eadu g\u1ee3i \u00fd v\u00e0 d\u1eabn d\u1eaft \u00f4ng Mori t\u00ecm ra ch\u00eca kh\u00f3a c\u1ee7a v\u1ee5 \u00e1n hay ph\u00e1 \u00e1n d\u01b0\u1edbi danh ngh\u0129a c\u1ee7a Suzuki Sonoko, b\u1ea1n th\u00e2n c\u1ee7a Ran.<\/p>\n<p>M\u1ed9t s\u1ed1 nh\u00e2n v\u1eadt quan tr\u1ecdng kh\u00e1c xu\u1ea5t hi\u1ec7n v\u1ec1 sau l\u00e0 cha m\u1eb9 c\u1ee7a Shinichi: Yusaku (Booker) v\u00e0 Yukiko Kudo (Vivian), Heiji Hattori &#8211; m\u1ed9t th\u00e1m t\u1eed \u0111\u1ebfn t\u1eeb Osaka, Si\u00eau tr\u1ed9m Kid, nh\u00e0 s\u00e1ng ch\u1ebf ra thu\u1ed1c APTX &#8211; 4869 &#8211; Sherry ( ng\u01b0\u1eddi c\u1ee7a T\u1ed5 ch\u1ee9c \u00c1o \u0111en, c\u0169ng b\u1ecb bi\u1ebfn th\u00e0nh m\u1ed9t \u0111\u1ee9a tr\u1ebb sau khi u\u1ed1ng ch\u00ednh lo\u1ea1i thu\u1ed1c \u0111\u1ed9c m\u00ecnh \u0111\u00e3 s\u00e1ng ch\u1ebf ra v\u1edbi hy v\u1ecdng ch\u1ea1y tr\u1ed1n kh\u1ecfi t\u1ed5 ch\u1ee9c), c\u00e1c th\u00e0nh vi\u00ean c\u1ee7a T\u1ed5 ch\u1ee9c \u00c1o \u0111en: Gin, Vodka, Tequila, Calvados, Pisco, Vermouth, Kir, Chianti, K\u00f6ln, v\u00e0 m\u1ed9t &#8220;\u00f4ng tr\u00f9m&#8221; b\u00ed \u1ea9n ch\u1ec9 \u0111\u01b0\u1ee3c nh\u1eafc \u0111\u1ebfn r\u1ea5t m\u01a1 h\u1ed3.<\/p>\n<p>\u0110\u1ec3 duy tr\u00ec v\u1ecf b\u1ecdc b\u00ean ngo\u00e0i, Conan \u0111i h\u1ecdc \u1edf tr\u01b0\u1eddng Ti\u1ec3u h\u1ecdc Teitan v\u00e0 k\u1ebft b\u1ea1n v\u1edbi ba \u0111\u1ee9a tr\u1ebb \u1edf tr\u01b0\u1eddng: Genta Kojima, Mitsuhiko Tsuburaya, v\u00e0 Ayumi Yoshida, l\u1eadp ra \u0110\u1ed9i th\u00e1m t\u1eed nh\u00ed l\u1edbp 1B. B\u1ed9 t\u1ee9 \u0111\u00e3 c\u00f3 nhi\u1ec1u cu\u1ed9c phi\u00eau l\u01b0u v\u1edbi nhau v\u00e0 ba \u0111\u1ee9a tr\u1ebb \u0111\u00e3 cho th\u1ea5y kh\u1ea3 n\u0103ng l\u00e0m tr\u1ee3 l\u00fd th\u00e1m t\u1eed \u1edf tu\u1ed5i c\u1ee7a ch\u00fang. Sau n\u00e0y, Haibara &#8211; t\u1ee9c Sherry c\u0169ng tr\u1edf th\u00e0nh th\u00e0nh vi\u00ean c\u1ee7a \u0111\u1ed9i th\u00e1m t\u1eed nh\u00ed n\u00e0y.<\/p>\n<p>Tr\u1ea3i qua nhi\u1ec1u v\u1ee5 \u00e1n, Conan kh\u00e1m ph\u00e1 ra r\u1eb1ng FBI v\u00e0 CIA c\u0169ng \u0111ang truy \u0111u\u1ed5i T\u1ed5 ch\u1ee9c \u00c1o \u0111en. C\u00f9ng v\u1edbi c\u00e1c th\u00e0nh vi\u00ean \u00c1o \u0111en \u0111ang d\u1ea7n d\u1ea7n l\u1ed9 m\u1eb7t, truy\u1ec7n xu\u1ea5t hi\u1ec7n th\u00eam m\u1ed9t s\u1ed1 \u0111i\u1ec7p vi\u00ean c\u1ee7a FBI v\u00e0 CIA nh\u01b0 Shuichi Akai, Jodie Starling, James Black, Mizunashi R<\/p>\n","protected":false},"excerpt":{"rendered":"<p>M\u1edf \u0111\u1ea7u c\u00e2u truy\u1ec7n, c\u1eadu h\u1ecdc sinh trung h\u1ecdc 17 tu\u1ed5i Shinichi Kudo b\u1ecb bi\u1ebfn th\u00e0nh c\u1eadu b\u00e9 Conan Edogawa. Shinichi trong ph\u1ea7n \u0111\u1ea7u c\u1ee7a Th\u00e1m t\u1eed l\u1eebng danh Conan \u0111\u01b0\u1ee3c mi\u00eau t\u1ea3 l\u00e0 m\u1ed9t th\u00e1m t\u1eed h\u1ecdc \u0111\u01b0\u1eddng xu\u1ea5t s\u1eafc. Trong m\u1ed9t l\u1ea7n \u0111i ch\u01a1i c\u00f4ng vi\u00ean &#8220;Mi\u1ec1n Nhi\u1ec7t \u0111\u1edbi&#8221; v\u1edbi c\u00f4 b\u1ea1n t\u1eeb thu\u1edf nh\u1ecf Ran Mori, c\u1eadu t\u00ecnh c\u1edd ch\u1ee9ng ki\u1ebfn v\u1ee5 m\u1ed9t \u00e1n gi\u1ebft ng\u01b0\u1eddi, Kishida &#8211; m\u1ed9t h\u00e0nh kh\u00e1ch trong tr\u00f2 ch\u01a1i Chuy\u1ebfn t\u00e0u t\u1ed1c h\u00e0nh \u0111\u00e3 b\u1ecb gi\u1ebft m\u1ed9t c\u00e1ch d\u00e3 man. C\u1eadu \u0111\u00e3 gi\u00fap c\u1ea3nh s\u00e1t l\u00e0m s\u00e1ng t\u1ecf v\u1ee5 \u00e1n. Tr\u00ean \u0111\u01b0\u1eddng v\u1ec1 nh\u00e0, c\u1eadu v\u00f4 t\u00ecnh ph\u00e1t hi\u1ec7n m\u1ed9t v\u1ee5 l\u00e0m \u0103n m\u1edd \u00e1m c\u1ee7a nh\u1eefng ng\u01b0\u1eddi \u0111\u00e0n \u00f4ng m\u1eb7c to\u00e0n \u0111\u1ed3 \u0111en. Khi ch\u00fang ph\u00e1t hi\u1ec7n ra c\u1eadu, Shinichi \u0111\u00e3 b\u1ecb \u0111\u00e1nh ng\u1ea5t \u0111i. Sau \u0111\u00f3 nh\u1eefng ng\u01b0\u1eddi \u0111\u00e0n \u00f4ng \u00e1o \u0111en \u0111\u00f3 \u0111\u00e3 cho c\u1eadu u\u1ed1ng m\u1ed9t th\u1ee9 thu\u1ed1c \u0111\u1ed9c ch\u01b0a qua th\u1eed nghi\u1ec7m l\u00e0 Apotoxin-4869 (APTX 4869) v\u1edbi m\u1ee5c \u0111\u00edch th\u1ee7 ti\u00eau c\u1eadu. Tuy nhi\u00ean ch\u1ea5t \u0111\u1ed9c \u0111\u00e3 kh\u00f4ng gi\u1ebft ch\u1ebft Kudo. Khi t\u1ec9nh l\u1ea1i, c\u1eadu b\u00e0ng ho\u00e0ng nh\u1eadn th\u1ea5y m\u00ecnh \u0111\u00e3 b\u1ecb teo nh\u1ecf l\u1ea1i th\u00e0nh h\u00ecnh d\u1ea1ng c\u1ee7a m\u1ed9t c\u1eadu h\u1ecdc sinh ti\u1ec3u h\u1ecdc.<\/p>\n<p>Theo l\u1eddi khuy\u00ean c\u1ee7a Ti\u1ebfn s\u0129 Hiroshi Agasa, Shinichi \u0111\u00e3 che gi\u1ea5u tung t\u00edch, \u0111\u1ec3 tr\u00e1nh vi\u1ec7c T\u1ed5 ch\u1ee9c \u00c1o \u0111en c\u00f3 th\u1ec3 ph\u00e1t hi\u1ec7n ra r\u1eb1ng c\u1eadu v\u1eabn c\u00f2n s\u1ed1ng. Khi Ran h\u1ecfi t\u00ean c\u1eadu, Shinichi \u0111\u00e3 gh\u00e9p &#8220;Conan&#8221; trong t\u00ean c\u1ee7a Sir Arthur Conan Doyle v\u00e0 &#8220;Edogawa&#8221; trong t\u00ean c\u1ee7a Edogawa Rampo, bu\u1ed9t mi\u1ec7ng n\u00f3i ra t\u00ean m\u00ecnh l\u00e0 &#8220;Conan Edogawa&#8221;. Ti\u1ebfn s\u0129 Agasa \u0111\u00e3 n\u00f3i Conan l\u00e0 m\u1ed9t ng\u01b0\u1eddi ch\u00e1u c\u1ee7a m\u00ecnh, nh\u01b0ng hi\u1ec7n \u00f4ng \u0111ang qu\u00e1 b\u1eadn r\u1ed9n kh\u00f4ng th\u1ec3 ch\u0103m s\u00f3c cho ch\u00fa b\u00e9 n\u00ean \u0111\u00e3 nh\u1edd Ran tr\u00f4ng nom Conan gi\u00fap m\u00ecnh. Ran nh\u1eadn l\u1eddi v\u00e0 t\u1eeb \u0111\u00f3 Conan s\u1ed1ng t\u1ea1i nh\u00e0 c\u1ee7a Ran t\u1ee9c v\u0103n ph\u00f2ng th\u00e1m t\u1eed Mori, v\u1eeba che gi\u1ea5u th\u00e2n ph\u1eadn v\u1eeba \u0111i\u1ec1u tra tung t\u00edch c\u1ee7a T\u1ed5 ch\u1ee9c \u00c1o \u0111en v\u00e0 t\u00ecm ki\u1ebfm thu\u1ed1c gi\u1ea3i \u0111\u1ed9c.<\/p>\n<p>Cha c\u1ee7a Ran, Kogoro Mori (Richard Moore) l\u00e0 m\u1ed9t th\u00e1m t\u1eed b\u1ea5t t\u00e0i. T\u1eeb khi Conan gi\u00fap \u00f4ng ph\u00e1 \u00e1n, \u00f4ng tr\u1edf n\u00ean r\u1ea5t n\u1ed5i ti\u1ebfng v\u1edbi bi\u1ec7t danh &#8220;Mori ng\u1ee7 g\u1eadt&#8221;. V\u00ec b\u1ed9 d\u1ea1ng b\u00e9 nh\u1ecf c\u1ee7a Conan, c\u1ea3nh s\u00e1t ch\u1eb3ng m\u1ea5y khi \u0111\u1ec3 t\u00e2m t\u1edbi nh\u1eefng ph\u00e1n \u0111o\u00e1n, suy lu\u1eadn c\u1ee7a c\u1eadu b\u00e9. Conan, b\u1eb1ng c\u00e1ch b\u1eafn s\u00fang g\u00e2y m\u00ea \u0111\u1ec3 cho \u00f4ng Mori ng\u1ee7 say, sau \u0111\u00f3 s\u1eed d\u1ee5ng thi\u1ebft b\u1ecb \u0111\u1ed5i gi\u1ecdng n\u00f3i l\u00e0 chi\u1ebfc n\u01a1 g\u1eafn tr\u00ean c\u1ed5 \u00e1o \u0111\u1ec3 gi\u1ea3 gi\u1ecdng \u00f4ng, \u0111\u00e3 gi\u00fap c\u1ea3nh s\u00e1t ph\u00e1 r\u1ea5t nhi\u1ec1u v\u1ee5 \u00e1n d\u01b0\u1edbi danh ngh\u0129a Mori. C\u0169ng c\u00f3 l\u00fac c\u1eadu g\u1ee3i \u00fd v\u00e0 d\u1eabn d\u1eaft \u00f4ng Mori t\u00ecm ra ch\u00eca kh\u00f3a c\u1ee7a v\u1ee5 \u00e1n hay ph\u00e1 \u00e1n d\u01b0\u1edbi danh ngh\u0129a c\u1ee7a Suzuki Sonoko, b\u1ea1n th\u00e2n c\u1ee7a Ran.<\/p>\n<p>M\u1ed9t s\u1ed1 nh\u00e2n v\u1eadt quan tr\u1ecdng kh\u00e1c xu\u1ea5t hi\u1ec7n v\u1ec1 sau l\u00e0 cha m\u1eb9 c\u1ee7a Shinichi: Yusaku (Booker) v\u00e0 Yukiko Kudo (Vivian), Heiji Hattori &#8211; m\u1ed9t th\u00e1m t\u1eed \u0111\u1ebfn t\u1eeb Osaka, Si\u00eau tr\u1ed9m Kid, nh\u00e0 s\u00e1ng ch\u1ebf ra thu\u1ed1c APTX &#8211; 4869 &#8211; Sherry ( ng\u01b0\u1eddi c\u1ee7a T\u1ed5 ch\u1ee9c \u00c1o \u0111en, c\u0169ng b\u1ecb bi\u1ebfn th\u00e0nh m\u1ed9t \u0111\u1ee9a tr\u1ebb sau khi u\u1ed1ng ch\u00ednh lo\u1ea1i thu\u1ed1c \u0111\u1ed9c m\u00ecnh \u0111\u00e3 s\u00e1ng ch\u1ebf ra v\u1edbi hy v\u1ecdng ch\u1ea1y tr\u1ed1n kh\u1ecfi t\u1ed5 ch\u1ee9c), c\u00e1c th\u00e0nh vi\u00ean c\u1ee7a T\u1ed5 ch\u1ee9c \u00c1o \u0111en: Gin, Vodka, Tequila, Calvados, Pisco, Vermouth, Kir, Chianti, K\u00f6ln, v\u00e0 m\u1ed9t &#8220;\u00f4ng tr\u00f9m&#8221; b\u00ed \u1ea9n ch\u1ec9 \u0111\u01b0\u1ee3c nh\u1eafc \u0111\u1ebfn r\u1ea5t m\u01a1 h\u1ed3.<\/p>\n<p>\u0110\u1ec3 duy tr\u00ec v\u1ecf b\u1ecdc b\u00ean ngo\u00e0i, Conan \u0111i h\u1ecdc \u1edf tr\u01b0\u1eddng Ti\u1ec3u h\u1ecdc Teitan v\u00e0 k\u1ebft b\u1ea1n v\u1edbi ba \u0111\u1ee9a tr\u1ebb \u1edf tr\u01b0\u1eddng: Genta Kojima, Mitsuhiko Tsuburaya, v\u00e0 Ayumi Yoshida, l\u1eadp ra \u0110\u1ed9i th\u00e1m t\u1eed nh\u00ed l\u1edbp 1B. B\u1ed9 t\u1ee9 \u0111\u00e3 c\u00f3 nhi\u1ec1u cu\u1ed9c phi\u00eau l\u01b0u v\u1edbi nhau v\u00e0 ba \u0111\u1ee9a tr\u1ebb \u0111\u00e3 cho th\u1ea5y kh\u1ea3 n\u0103ng l\u00e0m tr\u1ee3 l\u00fd th\u00e1m t\u1eed \u1edf tu\u1ed5i c\u1ee7a ch\u00fang. Sau n\u00e0y, Haibara &#8211; t\u1ee9c Sherry c\u0169ng tr\u1edf th\u00e0nh th\u00e0nh vi\u00ean c\u1ee7a \u0111\u1ed9i th\u00e1m t\u1eed nh\u00ed n\u00e0y.<\/p>\n<p>Tr\u1ea3i qua nhi\u1ec1u v\u1ee5 \u00e1n, Conan kh\u00e1m ph\u00e1 ra r\u1eb1ng FBI v\u00e0 CIA c\u0169ng \u0111ang truy \u0111u\u1ed5i T\u1ed5 ch\u1ee9c \u00c1o \u0111en. C\u00f9ng v\u1edbi c\u00e1c th\u00e0nh vi\u00ean \u00c1o \u0111en \u0111ang d\u1ea7n d\u1ea7n l\u1ed9 m\u1eb7t, truy\u1ec7n xu\u1ea5t hi\u1ec7n th\u00eam m\u1ed9t s\u1ed1 \u0111i\u1ec7p vi\u00ean c\u1ee7a FBI v\u00e0 CIA nh\u01b0 Shuichi Akai, Jodie Starling, James Black, Mizunashi R<\/p>\n","protected":false},"featured_media":11218,"template":"","meta":{"_acf_changed":false},"product_brand":[],"product_cat":[29],"product_tag":[81],"class_list":{"0":"post-11219","1":"product","2":"type-product","3":"status-publish","4":"has-post-thumbnail","6":"product_cat-manga-comics","7":"product_tag-sach-gia-uu-dai","9":"first","10":"outofstock","11":"sale","12":"featured","13":"taxable","14":"shipping-taxable","15":"purchasable","16":"product-type-simple"},"supplier_id":null,"supplier_sku":"","barcode":null,"atum_controlled":true,"out_stock_date":"2022-05-26 10:25:10","out_stock_threshold":null,"inheritable":false,"inbound_stock":0,"stock_on_hold":0,"sold_today":0,"sales_last_days":0,"reserved_stock":0,"customer_returns":0,"warehouse_damage":0,"lost_in_post":0,"other_logs":0,"out_stock_days":1343,"lost_sales":0,"has_location":false,"update_date":"2026-01-28T23:10:49","atum_locations":[],"atum_stock_status":"outofstock","restock_status":false,"low_stock_amount":"","sales_update_date":"2026-01-28T23:10:49","calc_backorders":null,"acf":{"publisher":{"ID":1454,"post_author":"1","post_date":"2021-02-17 01:11:34","post_date_gmt":"2021-02-16 23:11:34","post_content":"<!-- wp:flatsome\/uxbuilder -->\n<h1 style=\"text-align: center;\"><strong>Kim \u0110\u1ed3ng<\/strong><\/h1>\n[row]\n\n[col span=\"3\" span__sm=\"12\"]\n\n[ux_image id=\"1534\" image_size=\"medium\"]\n\n\n[\/col]\n[col span=\"9\" span__sm=\"12\"]\n\n<p>Nh\u00e0 xu\u1ea5t b\u1ea3n Kim \u0110\u1ed3ng tr\u1ef1c thu\u1ed9c Trung \u01b0\u01a1ng \u0110o\u00e0n TNCS H\u1ed3 Ch\u00ed Minh l\u00e0 Nh\u00e0 xu\u1ea5t b\u1ea3n t\u1ed5ng h\u1ee3p c\u00f3 ch\u1ee9c n\u0103ng xu\u1ea5t b\u1ea3n s\u00e1ch v\u00e0 v\u0103n h\u00f3a ph\u1ea9m ph\u1ee5c v\u1ee5 thi\u1ebfu nhi v\u00e0 c\u00e1c b\u1eadc ph\u1ee5 huynh trong c\u1ea3 n\u01b0\u1edbc, qu\u1ea3ng b\u00e1 v\u00e0 gi\u1edbi thi\u1ec7u v\u0103n h\u00f3a Vi\u1ec7t Nam ra th\u1ebf gi\u1edbi.<br \/>Nh\u00e0 xu\u1ea5t b\u1ea3n c\u00f3 nhi\u1ec7m v\u1ee5 t\u1ed5 ch\u1ee9c b\u1ea3n th\u1ea3o, bi\u00ean so\u1ea1n, bi\u00ean d\u1ecbch, xu\u1ea5t b\u1ea3n v\u00e0 ph\u00e1t h\u00e0nh c\u00e1c xu\u1ea5t b\u1ea3n ph\u1ea9m c\u00f3 n\u1ed9i dung: gi\u00e1o d\u1ee5c truy\u1ec1n th\u1ed1ng d\u00e2n t\u1ed9c, gi\u00e1o d\u1ee5c v\u1ec1 tri th\u1ee9c, ki\u1ebfn th\u1ee9c\u2026 tr\u00ean c\u00e1c l\u0129nh v\u1ef1c v\u0103n h\u1ecdc, ngh\u1ec7 thu\u1eadt, khoa h\u1ecdc k\u1ef9 thu\u1eadt nh\u1eb1m cung c\u1ea5p cho c\u00e1c em thi\u1ebfu nhi c\u0169ng nh\u01b0 c\u00e1c b\u1eadc ph\u1ee5 huynh c\u00e1c ki\u1ebfn th\u1ee9c c\u1ea7n thi\u1ebft trong cu\u1ed9c s\u1ed1ng, nh\u1eefng tinh hoa c\u1ee7a tri th\u1ee9c nh\u00e2n lo\u1ea1i nh\u1eb1m g\u00f3p ph\u1ea7n gi\u00e1o d\u1ee5c v\u00e0 h\u00ecnh th\u00e0nh nh\u00e2n c\u00e1ch th\u1ebf h\u1ec7 tr\u1ebb.<br \/>\u0110\u1ed1i t\u01b0\u1ee3ng ph\u1ee5c v\u1ee5 c\u1ee7a Nh\u00e0 xu\u1ea5t b\u1ea3n l\u00e0 c\u00e1c em t\u1eeb tu\u1ed5i nh\u00e0 tr\u1ebb m\u1eabu gi\u00e1o (1 \u0111\u1ebfn 5 tu\u1ed5i), nhi \u0111\u1ed3ng (6 \u0111\u1ebfn 9 tu\u1ed5i), thi\u1ebfu ni\u00ean (10 \u0111\u1ebfn 15 tu\u1ed5i) \u0111\u1ebfn c\u00e1c em tu\u1ed5i m\u1edbi l\u1edbn (16 \u0111\u1ebfn 18 tu\u1ed5i) v\u00e0 c\u00e1c b\u1eadc ph\u1ee5 huynh.<\/p>\n\n[\/col]\n\n[\/row]\n\n<!-- \/wp:flatsome\/uxbuilder -->","post_title":"Kim \u0110\u1ed3ng","post_excerpt":"","post_status":"publish","comment_status":"closed","ping_status":"closed","post_password":"","post_name":"kim-dong","to_ping":"","pinged":"","post_modified":"2021-02-17 01:31:56","post_modified_gmt":"2021-02-16 23:31:56","post_content_filtered":"","post_parent":0,"guid":"https:\/\/sachviet.eu\/nha-phat-hanh\/kim-dong\/","menu_order":0,"post_type":"publisher","post_mime_type":"","comment_count":"0","filter":"raw"}},"_links":{"self":[{"href":"https:\/\/sachviet.eu\/en\/wp-json\/wp\/v2\/product\/11219","targetHints":{"allow":["GET"]}}],"collection":[{"href":"https:\/\/sachviet.eu\/en\/wp-json\/wp\/v2\/product"}],"about":[{"href":"https:\/\/sachviet.eu\/en\/wp-json\/wp\/v2\/types\/product"}],"wp:featuredmedia":[{"embeddable":true,"href":"https:\/\/sachviet.eu\/en\/wp-json\/wp\/v2\/media\/11218"}],"wp:attachment":[{"href":"https:\/\/sachviet.eu\/en\/wp-json\/wp\/v2\/media?parent=11219"}],"wp:term":[{"taxonomy":"product_brand","embeddable":true,"href":"https:\/\/sachviet.eu\/en\/wp-json\/wp\/v2\/product_brand?post=11219"},{"taxonomy":"product_cat","embeddable":true,"href":"https:\/\/sachviet.eu\/en\/wp-json\/wp\/v2\/product_cat?post=11219"},{"taxonomy":"product_tag","embeddable":true,"href":"https:\/\/sachviet.eu\/en\/wp-json\/wp\/v2\/product_tag?post=11219"}],"curies":[{"name":"wp","href":"https:\/\/api.w.org\/{rel}","templated":true}]}}