{"id":11200,"date":"2021-06-03T01:37:55","date_gmt":"2021-06-02T22:37:55","guid":{"rendered":"https:\/\/sachviet.eu\/shop\/harry-potter-va-dua-tre-bi-nguyen-rua-phan-mot-va-hai\/"},"modified":"2023-04-02T11:38:51","modified_gmt":"2023-04-02T08:38:51","slug":"harry-potter-va-dua-tre-bi-nguyen-rua-phan-mot-va-hai","status":"publish","type":"product","link":"https:\/\/sachviet.eu\/en\/shop\/harry-potter-va-dua-tre-bi-nguyen-rua-phan-mot-va-hai\/","title":{"rendered":"Harry Potter V\u00e0 \u0110\u1ee9a Tr\u1ebb B\u1ecb Nguy\u1ec1n R\u1ee7a: Ph\u1ea7n M\u1ed9t V\u00e0 Hai"},"content":{"rendered":"<p>K\u1ecbch b\u1ea3n Harry Potter v\u00e0 \u0110\u1ee9a tr\u1ebb b\u1ecb nguy\u1ec1n r\u1ee7a \u0111\u01b0\u1ee3c vi\u1ebft d\u1ef1a tr\u00ean c\u00e2u chuy\u1ec7n c\u1ee7a J.K. Rowling, Jack Thorne v\u00e0 John Tiffany.<\/p>\n<p>T\u1eeb nh\u1eefng nh\u00e2n v\u1eadt quen thu\u1ed9c trong b\u1ed9 Harry Potter, k\u1ecbch b\u1ea3n n\u00f3i v\u1ec1 cu\u1ed9c phi\u00eau l\u01b0u c\u1ee7a nh\u1eefng h\u1eadu du\u1ec7, s\u1ef1 can thi\u1ec7p v\u00e0o d\u00f2ng th\u1eddi gian \u0111\u00e3 g\u00e2y ra nh\u1eefng thay \u0111\u1ed5i kh\u00f4ng ng\u1edd cho t\u01b0\u01a1ng lai t\u01b0\u1edfng ch\u1eebng \u0111\u00e3 y\u00ean \u1ed5n sau khi v\u1eafng b\u00f3ng ch\u00faa t\u1ec3 Voldermort<\/p>\n","protected":false},"excerpt":{"rendered":"<p>K\u1ecbch b\u1ea3n Harry Potter v\u00e0 \u0110\u1ee9a tr\u1ebb b\u1ecb nguy\u1ec1n r\u1ee7a \u0111\u01b0\u1ee3c vi\u1ebft d\u1ef1a tr\u00ean c\u00e2u chuy\u1ec7n c\u1ee7a J.K. Rowling, Jack Thorne v\u00e0 John Tiffany.<\/p>\n<p>T\u1eeb nh\u1eefng nh\u00e2n v\u1eadt quen thu\u1ed9c trong b\u1ed9 Harry Potter, k\u1ecbch b\u1ea3n n\u00f3i v\u1ec1 cu\u1ed9c phi\u00eau l\u01b0u c\u1ee7a nh\u1eefng h\u1eadu du\u1ec7, s\u1ef1 can thi\u1ec7p v\u00e0o d\u00f2ng th\u1eddi gian \u0111\u00e3 g\u00e2y ra nh\u1eefng thay \u0111\u1ed5i kh\u00f4ng ng\u1edd cho t\u01b0\u01a1ng lai t\u01b0\u1edfng ch\u1eebng \u0111\u00e3 y\u00ean \u1ed5n sau khi v\u1eafng b\u00f3ng ch\u00faa t\u1ec3 Voldermort<\/p>\n","protected":false},"featured_media":11184,"template":"","meta":{"_acf_changed":false},"product_brand":[],"product_cat":[15,74],"product_tag":[],"class_list":{"0":"post-11200","1":"product","2":"type-product","3":"status-publish","4":"has-post-thumbnail","6":"product_cat-sach-danh-cho-nguoi-lon","7":"product_cat-vien-tuong-kiem-hiep","9":"first","10":"instock","11":"taxable","12":"shipping-taxable","13":"purchasable","14":"product-type-simple"},"supplier_id":null,"supplier_sku":"","barcode":null,"atum_controlled":true,"out_stock_date":null,"out_stock_threshold":null,"inheritable":false,"inbound_stock":1,"stock_on_hold":0,"sold_today":0,"sales_last_days":0,"reserved_stock":0,"customer_returns":0,"warehouse_damage":0,"lost_in_post":0,"other_logs":0,"out_stock_days":0,"lost_sales":0,"has_location":false,"update_date":"2026-01-28T23:10:49","atum_locations":[],"atum_stock_status":"instock","restock_status":false,"low_stock_amount":"","sales_update_date":"2026-01-28T23:10:49","calc_backorders":null,"acf":{"publisher":{"ID":1517,"post_author":"1","post_date":"2021-02-17 01:14:41","post_date_gmt":"2021-02-16 23:14:41","post_content":"","post_title":"NXB Tr\u1ebb","post_excerpt":"","post_status":"publish","comment_status":"closed","ping_status":"closed","post_password":"","post_name":"nxb-tre","to_ping":"","pinged":"","post_modified":"2021-02-17 01:14:41","post_modified_gmt":"2021-02-16 23:14:41","post_content_filtered":"","post_parent":0,"guid":"https:\/\/sachviet.eu\/nha-phat-hanh\/nxb-tre\/","menu_order":0,"post_type":"publisher","post_mime_type":"","comment_count":"0","filter":"raw"}},"_links":{"self":[{"href":"https:\/\/sachviet.eu\/en\/wp-json\/wp\/v2\/product\/11200","targetHints":{"allow":["GET"]}}],"collection":[{"href":"https:\/\/sachviet.eu\/en\/wp-json\/wp\/v2\/product"}],"about":[{"href":"https:\/\/sachviet.eu\/en\/wp-json\/wp\/v2\/types\/product"}],"wp:featuredmedia":[{"embeddable":true,"href":"https:\/\/sachviet.eu\/en\/wp-json\/wp\/v2\/media\/11184"}],"wp:attachment":[{"href":"https:\/\/sachviet.eu\/en\/wp-json\/wp\/v2\/media?parent=11200"}],"wp:term":[{"taxonomy":"product_brand","embeddable":true,"href":"https:\/\/sachviet.eu\/en\/wp-json\/wp\/v2\/product_brand?post=11200"},{"taxonomy":"product_cat","embeddable":true,"href":"https:\/\/sachviet.eu\/en\/wp-json\/wp\/v2\/product_cat?post=11200"},{"taxonomy":"product_tag","embeddable":true,"href":"https:\/\/sachviet.eu\/en\/wp-json\/wp\/v2\/product_tag?post=11200"}],"curies":[{"name":"wp","href":"https:\/\/api.w.org\/{rel}","templated":true}]}}