{"id":11180,"date":"2021-06-03T01:36:29","date_gmt":"2021-06-02T22:36:29","guid":{"rendered":"https:\/\/sachviet.eu\/shop\/combo-chuan-bi-cho-be-vao-lop-1-lam-quen-chu-cai-8-cuon\/"},"modified":"2021-07-03T14:05:57","modified_gmt":"2021-07-03T11:05:57","slug":"combo-chuan-bi-cho-be-vao-lop-1-lam-quen-chu-cai-8-cuon","status":"publish","type":"product","link":"https:\/\/sachviet.eu\/en\/shop\/combo-chuan-bi-cho-be-vao-lop-1-lam-quen-chu-cai-8-cuon\/","title":{"rendered":"Combo Chu\u1ea9n B\u1ecb Cho B\u00e9 V\u00e0o L\u1edbp 1 &#8211; L\u00e0m Quen Ch\u1eef C\u00e1i (8 Cu\u1ed1n)"},"content":{"rendered":"<p>B\u1ed9 s\u00e1ch Chu\u1ea9n b\u1ecb cho b\u00e9 v\u00e0o l\u1edbp 1 v\u1edbi nh\u1eefng h\u00ecnh minh h\u1ecda d\u1ec5 th\u01b0\u01a1ng gi\u00fap b\u00e9 l\u00e0m quen v\u1edbi n\u00e9t ch\u1eef \u0111\u1ea7u ti\u00ean.<br \/>\nCha m\u1eb9 v\u00e0 c\u00e1c em h\u00e3y \u0111\u00f3n mua!<\/p>\n","protected":false},"excerpt":{"rendered":"<p>B\u1ed9 s\u00e1ch Chu\u1ea9n b\u1ecb cho b\u00e9 v\u00e0o l\u1edbp 1 v\u1edbi nh\u1eefng h\u00ecnh minh h\u1ecda d\u1ec5 th\u01b0\u01a1ng gi\u00fap b\u00e9 l\u00e0m quen v\u1edbi n\u00e9t ch\u1eef \u0111\u1ea7u ti\u00ean.<br \/>\nCha m\u1eb9 v\u00e0 c\u00e1c em h\u00e3y \u0111\u00f3n mua!<\/p>\n","protected":false},"featured_media":11171,"template":"","meta":{"_acf_changed":false},"product_brand":[],"product_cat":[20],"product_tag":[],"class_list":{"0":"post-11180","1":"product","2":"type-product","3":"status-publish","4":"has-post-thumbnail","6":"product_cat-be-vua-hoc-vua-choi","8":"first","9":"instock","10":"taxable","11":"shipping-taxable","12":"purchasable","13":"product-type-simple"},"supplier_id":null,"supplier_sku":"","barcode":null,"atum_controlled":true,"out_stock_date":null,"out_stock_threshold":null,"inheritable":false,"inbound_stock":1,"stock_on_hold":0,"sold_today":0,"sales_last_days":0,"reserved_stock":0,"customer_returns":0,"warehouse_damage":0,"lost_in_post":0,"other_logs":0,"out_stock_days":0,"lost_sales":0,"has_location":false,"update_date":"2026-01-28T23:10:49","atum_locations":[],"atum_stock_status":"instock","restock_status":false,"low_stock_amount":"","sales_update_date":"2026-01-28T23:10:49","calc_backorders":null,"acf":{"publisher":{"ID":9985,"post_author":"1","post_date":"2021-06-02 18:08:59","post_date_gmt":"2021-06-02 15:08:59","post_content":"","post_title":"Huy Ho\u00e0ng","post_excerpt":"","post_status":"publish","comment_status":"closed","ping_status":"closed","post_password":"","post_name":"huy-hoang","to_ping":"","pinged":"","post_modified":"2021-06-02 18:08:59","post_modified_gmt":"2021-06-02 15:08:59","post_content_filtered":"","post_parent":0,"guid":"https:\/\/sachviet.eu\/nha-phat-hanh\/huy-hoang\/","menu_order":0,"post_type":"publisher","post_mime_type":"","comment_count":"0","filter":"raw"}},"_links":{"self":[{"href":"https:\/\/sachviet.eu\/en\/wp-json\/wp\/v2\/product\/11180","targetHints":{"allow":["GET"]}}],"collection":[{"href":"https:\/\/sachviet.eu\/en\/wp-json\/wp\/v2\/product"}],"about":[{"href":"https:\/\/sachviet.eu\/en\/wp-json\/wp\/v2\/types\/product"}],"wp:featuredmedia":[{"embeddable":true,"href":"https:\/\/sachviet.eu\/en\/wp-json\/wp\/v2\/media\/11171"}],"wp:attachment":[{"href":"https:\/\/sachviet.eu\/en\/wp-json\/wp\/v2\/media?parent=11180"}],"wp:term":[{"taxonomy":"product_brand","embeddable":true,"href":"https:\/\/sachviet.eu\/en\/wp-json\/wp\/v2\/product_brand?post=11180"},{"taxonomy":"product_cat","embeddable":true,"href":"https:\/\/sachviet.eu\/en\/wp-json\/wp\/v2\/product_cat?post=11180"},{"taxonomy":"product_tag","embeddable":true,"href":"https:\/\/sachviet.eu\/en\/wp-json\/wp\/v2\/product_tag?post=11180"}],"curies":[{"name":"wp","href":"https:\/\/api.w.org\/{rel}","templated":true}]}}