{"id":11170,"date":"2021-06-03T01:33:34","date_gmt":"2021-06-02T22:33:34","guid":{"rendered":"https:\/\/sachviet.eu\/shop\/nguoi-ba-tai-gioi-vung-saga-tap-2\/"},"modified":"2023-10-09T09:16:00","modified_gmt":"2023-10-09T06:16:00","slug":"nguoi-ba-tai-gioi-vung-saga-tap-2","status":"publish","type":"product","link":"https:\/\/sachviet.eu\/en\/shop\/nguoi-ba-tai-gioi-vung-saga-tap-2\/","title":{"rendered":"Ng\u01b0\u1eddi B\u00e0 T\u00e0i Gi\u1ecfi V\u00f9ng Saga &#8211; T\u1eadp 2"},"content":{"rendered":"<p>N\u0103m Chi\u00eau H\u00f2a th\u1ee9 33 (1958), c\u1eadu b\u00e9 Akihiro \u0111\u01b0\u1ee3c m\u1eb9 g\u1eedi t\u1eeb Hiroshima t\u1edbi s\u1ed1ng c\u00f9ng b\u00e0 ngo\u1ea1i t\u1ea1i v\u00f9ng qu\u00ea Saga ngh\u00e8o kh\u00f3. K\u1ec3 t\u1eeb \u0111\u00f3 cu\u1ed9c s\u1ed1ng c\u1ee7a Akihiro ho\u00e0n to\u00e0n thay \u0111\u1ed5i. T\u1eeb m\u1ed9t \u0111\u1ee9a tr\u1ebb nh\u00f5ng nh\u1ebdo m\u00edt \u01b0\u1edbt, gi\u1edd \u0111\u00e2y Akihiro \u0111\u00e3 bi\u1ebft t\u1ef1 l\u00e0m r\u1ea5t nhi\u1ec1u vi\u1ec7c: th\u1ed5i c\u01a1m, x\u00e1ch n\u01b0\u1edbc, qu\u00e9t d\u1ecdn, v\u1edbt th\u1ee9c \u0103n ngo\u00e0i s\u00f4ng,\u2026<\/p>\n<p>Th\u1ea5m tho\u1eaft hai n\u0103m tr\u00f4i qua, m\u1edbi ng\u00e0y n\u00e0o c\u00f2n l\u00e0 c\u1eadu nh\u00f3c b\u1ecb \u00e9p ph\u1ea3i l\u00ea t\u1eebng b\u01b0\u1edbc m\u1ed9t tr\u00ean \u0111\u01b0\u1eddng t\u1edbi nh\u00e0 b\u00e0, v\u1eady m\u00e0 nay \u0111\u00e3 tr\u1edf th\u00e0nh m\u1ed9t \u0111\u1ee9a tr\u1ebb Saga \u0111\u00edch th\u1ef1c. Cu\u1ed9c s\u1ed1ng \u1edf Saga d\u00f9 b\u1eefa \u0111\u00f3i b\u1eefa no, nh\u01b0ng n\u01a1i \u0111\u00e2y c\u00f3 b\u00e0 ngo\u1ea1i, c\u00f3 nh\u1eefng con ng\u01b0\u1eddi n\u1ed3ng h\u1eadu t\u1ed1t t\u00ednh, mang \u0111\u1ebfn cho Akihiro nh\u1eefng th\u00e1ng ng\u00e0y th\u01a1 \u1ea5u \u0111ong \u0111\u1ea7y k\u1ec9 ni\u1ec7m. L\u00e0 b\u00e0i v\u0103n \u0111\u01b0\u1ee3c gi\u1ea3i nh\u1ea5t, l\u00e0 d\u01b0 v\u1ecb c\u1ee7a m\u1ed1i t\u00ecnh \u0111\u1ea7u, l\u00e0 k\u00ec ngh\u1ec9 h\u00e8 b\u00ean anh b\u1ea1n \u0111\u1eb7c bi\u1ec7t, l\u00e0 bu\u1ed5i d\u00e3 ngo\u1ea1i kh\u00f3 qu\u00ean, l\u00e0 nh\u1eefng ng\u00e0y m\u00e0 b\u00e0 ng\u00e3 b\u1ec7nh,\u2026 t\u1ea5t c\u1ea3 \u0111\u1ec1u l\u00e0 nh\u1eefng k\u00ed \u1ee9c kh\u00f3 phai m\u1edd c\u1ee7a Akihiro.<\/p>\n<p>Th\u1ebf nh\u01b0ng nh\u1eefng \u0111i\u1ec1u \u0111\u00f3 v\u1eabn kh\u00f4ng ngu\u00f4i \u0111\u01b0\u1ee3c n\u1ed7i nh\u1edb m\u1eb9 c\u1ee7a Akihiro. C\u00f3 c\u01a1 h\u1ed9i tr\u1edf v\u1ec1 Hiroshima khi\u1ebfn Akihiro vui bi\u1ebft nh\u01b0\u1eddng n\u00e0o, li\u1ec7u c\u1eadu nh\u00f3c c\u00f3 c\u00f2n quay l\u1ea1i Saga n\u1eefa kh\u00f4ng? <\/p>\n<p>T\u1eadp 2 \u201cNg\u01b0\u1eddi b\u00e0 t\u00e0i gi\u1ecfi v\u00f9ng Saga\u201d s\u1ebd ti\u1ebfp t\u1ee5c \u0111\u01b0a ch\u00fang ta \u0111i l\u00ean chuy\u1ebfn t\u00e0u tr\u1edf v\u1ec1 tu\u1ed5i th\u01a1 tr\u00e0n \u0111\u1ea7y c\u1ea3m x\u00fac. H\u00e3y c\u00f9ng c\u1eadu b\u00e9 Akihiro t\u1eadn h\u01b0\u1edfng cu\u1ed9c s\u1ed1ng n\u01a1i v\u00f9ng qu\u00ea Saga y\u00ean b\u00ecnh trong b\u1ed9 truy\u1ec7n \u0111ong \u0111\u1ea7y t\u00ecnh y\u00eau th\u01b0\u01a1ng \u1ea5m \u00e1p n\u00e0y nh\u00e9!<\/p>\n","protected":false},"excerpt":{"rendered":"<p>N\u0103m Chi\u00eau H\u00f2a th\u1ee9 33 (1958), c\u1eadu b\u00e9 Akihiro \u0111\u01b0\u1ee3c m\u1eb9 g\u1eedi t\u1eeb Hiroshima t\u1edbi s\u1ed1ng c\u00f9ng b\u00e0 ngo\u1ea1i t\u1ea1i v\u00f9ng qu\u00ea Saga ngh\u00e8o kh\u00f3. K\u1ec3 t\u1eeb \u0111\u00f3 cu\u1ed9c s\u1ed1ng c\u1ee7a Akihiro ho\u00e0n to\u00e0n thay \u0111\u1ed5i. T\u1eeb m\u1ed9t \u0111\u1ee9a tr\u1ebb nh\u00f5ng nh\u1ebdo m\u00edt \u01b0\u1edbt, gi\u1edd \u0111\u00e2y Akihiro \u0111\u00e3 bi\u1ebft t\u1ef1 l\u00e0m r\u1ea5t nhi\u1ec1u vi\u1ec7c: th\u1ed5i c\u01a1m, x\u00e1ch n\u01b0\u1edbc, qu\u00e9t d\u1ecdn, v\u1edbt th\u1ee9c \u0103n ngo\u00e0i s\u00f4ng,\u2026<\/p>\n<p>Th\u1ea5m tho\u1eaft hai n\u0103m tr\u00f4i qua, m\u1edbi ng\u00e0y n\u00e0o c\u00f2n l\u00e0 c\u1eadu nh\u00f3c b\u1ecb \u00e9p ph\u1ea3i l\u00ea t\u1eebng b\u01b0\u1edbc m\u1ed9t tr\u00ean \u0111\u01b0\u1eddng t\u1edbi nh\u00e0 b\u00e0, v\u1eady m\u00e0 nay \u0111\u00e3 tr\u1edf th\u00e0nh m\u1ed9t \u0111\u1ee9a tr\u1ebb Saga \u0111\u00edch th\u1ef1c. Cu\u1ed9c s\u1ed1ng \u1edf Saga d\u00f9 b\u1eefa \u0111\u00f3i b\u1eefa no, nh\u01b0ng n\u01a1i \u0111\u00e2y c\u00f3 b\u00e0 ngo\u1ea1i, c\u00f3 nh\u1eefng con ng\u01b0\u1eddi n\u1ed3ng h\u1eadu t\u1ed1t t\u00ednh, mang \u0111\u1ebfn cho Akihiro nh\u1eefng th\u00e1ng ng\u00e0y th\u01a1 \u1ea5u \u0111ong \u0111\u1ea7y k\u1ec9 ni\u1ec7m. L\u00e0 b\u00e0i v\u0103n \u0111\u01b0\u1ee3c gi\u1ea3i nh\u1ea5t, l\u00e0 d\u01b0 v\u1ecb c\u1ee7a m\u1ed1i t\u00ecnh \u0111\u1ea7u, l\u00e0 k\u00ec ngh\u1ec9 h\u00e8 b\u00ean anh b\u1ea1n \u0111\u1eb7c bi\u1ec7t, l\u00e0 bu\u1ed5i d\u00e3 ngo\u1ea1i kh\u00f3 qu\u00ean, l\u00e0 nh\u1eefng ng\u00e0y m\u00e0 b\u00e0 ng\u00e3 b\u1ec7nh,\u2026 t\u1ea5t c\u1ea3 \u0111\u1ec1u l\u00e0 nh\u1eefng k\u00ed \u1ee9c kh\u00f3 phai m\u1edd c\u1ee7a Akihiro.<\/p>\n<p>Th\u1ebf nh\u01b0ng nh\u1eefng \u0111i\u1ec1u \u0111\u00f3 v\u1eabn kh\u00f4ng ngu\u00f4i \u0111\u01b0\u1ee3c n\u1ed7i nh\u1edb m\u1eb9 c\u1ee7a Akihiro. C\u00f3 c\u01a1 h\u1ed9i tr\u1edf v\u1ec1 Hiroshima khi\u1ebfn Akihiro vui bi\u1ebft nh\u01b0\u1eddng n\u00e0o, li\u1ec7u c\u1eadu nh\u00f3c c\u00f3 c\u00f2n quay l\u1ea1i Saga n\u1eefa kh\u00f4ng? <\/p>\n<p>T\u1eadp 2 \u201cNg\u01b0\u1eddi b\u00e0 t\u00e0i gi\u1ecfi v\u00f9ng Saga\u201d s\u1ebd ti\u1ebfp t\u1ee5c \u0111\u01b0a ch\u00fang ta \u0111i l\u00ean chuy\u1ebfn t\u00e0u tr\u1edf v\u1ec1 tu\u1ed5i th\u01a1 tr\u00e0n \u0111\u1ea7y c\u1ea3m x\u00fac. H\u00e3y c\u00f9ng c\u1eadu b\u00e9 Akihiro t\u1eadn h\u01b0\u1edfng cu\u1ed9c s\u1ed1ng n\u01a1i v\u00f9ng qu\u00ea Saga y\u00ean b\u00ecnh trong b\u1ed9 truy\u1ec7n \u0111ong \u0111\u1ea7y t\u00ecnh y\u00eau th\u01b0\u01a1ng \u1ea5m \u00e1p n\u00e0y nh\u00e9!<\/p>\n","protected":false},"featured_media":11167,"template":"","meta":{"_acf_changed":false},"product_brand":[],"product_cat":[29],"product_tag":[],"class_list":{"0":"post-11170","1":"product","2":"type-product","3":"status-publish","4":"has-post-thumbnail","6":"product_cat-manga-comics","8":"first","9":"outofstock","10":"taxable","11":"shipping-taxable","12":"purchasable","13":"product-type-simple"},"supplier_id":null,"supplier_sku":"","barcode":null,"atum_controlled":true,"out_stock_date":"2023-10-09 06:16:00","out_stock_threshold":null,"inheritable":false,"inbound_stock":0,"stock_on_hold":0,"sold_today":0,"sales_last_days":0,"reserved_stock":0,"customer_returns":0,"warehouse_damage":0,"lost_in_post":0,"other_logs":0,"out_stock_days":842,"lost_sales":0,"has_location":false,"update_date":"2026-01-28T23:10:49","atum_locations":[],"atum_stock_status":"outofstock","restock_status":false,"low_stock_amount":"","sales_update_date":"2026-01-28T23:10:49","calc_backorders":null,"acf":{"publisher":{"ID":1460,"post_author":"1","post_date":"2021-02-17 01:12:24","post_date_gmt":"2021-02-16 23:12:24","post_content":"<!-- wp:flatsome\/uxbuilder -->\n<h1 style=\"text-align: center;\"><strong>Skybooks<\/strong><\/h1>\n[row]\n\n[col span=\"7\" span__sm=\"12\"]\n\n<p>C\u00f4ng ty ph\u00e1t h\u00e0nh s\u00e1ch Skybooks. \"T\u00f4i tr\u1ebb, t\u00f4i \u0111am m\u00ea\" v\u1edbi s\u1ee9 m\u1ec7nh lan to\u1ea3 c\u1ea3m x\u00fac v\u00e0 k\u1ebft n\u1ed1i t\u00e2m h\u1ed3n<\/p>\n<p><strong>Skybooks l\u00e0 c\u00e2u chuy\u1ec7n k\u1ec3 v\u1ec1:<\/strong><br \/>M\u1ed9t th\u1ebf h\u1ec7 ng\u01b0\u1eddi vi\u1ebft tr\u1ebb, \u0111am m\u00ea v\u0103n ch\u01b0\u01a1ng v\u00e0 t\u00f4n tr\u1ecdng, g\u00ecn gi\u1eef, s\u00e1ng t\u1ea1o Ti\u1ebfng Vi\u1ec7t. M\u1ed9t th\u1ebf h\u1ec7 \u0111\u1ed9c gi\u1ea3 tr\u1ebb, \u0111am m\u00ea kh\u00e1m ph\u00e1 ng\u00f4n ng\u1eef v\u00e0 say m\u00ea \u0111\u1ebfn v\u1edbi th\u1ebf gi\u1edbi c\u1ee7a nh\u1eefng quy\u1ec3n s\u00e1ch. M\u1ed9t th\u1ebf h\u1ec7 ng\u01b0\u1eddi l\u00e0m s\u00e1ch tr\u1ebb, \u0111am m\u00ea mang nh\u1eefng gi\u00e1 tr\u1ecb tinh th\u1ea7n l\u1ea1i g\u1ea7n ng\u01b0\u1eddi \u0111\u1ecdc.<br \/>Trong b\u1ed9 nh\u1eadn d\u1ea1ng th\u01b0\u01a1ng hi\u1ec7u:<br \/>Skybooks v\u1edbi ch\u1eef Sky m\u00e0u xanh da tr\u1eddi c\u00f3 \u00fd ngh\u0129a l\u00e0 c\u00f4ng ty B\u1ea7u Tr\u1eddi - n\u01a1i t\u1ea5t c\u1ea3 \u01b0\u1edbc m\u01a1 \u0111\u01b0\u1ee3c t\u1ef1 do tung c\u00e1nh.<br \/>V\u1edbi logo h\u00ecnh hoa b\u1ed3 c\u00f4ng anh \u0111ang bay t\u01b0\u1ee3ng tr\u01b0ng cho s\u1ef1 lan to\u1ea3 c\u1ea3m x\u00fac v\u00e0 kh\u00e1t v\u1ecdng bay cao.<br \/>K\u1ebb v\u1ea1ch logo c\u00f3 n\u1ec1n m\u00e0u ghi x\u00e1m xu\u1ea5t hi\u1ec7n tr\u00ean b\u00eca m\u1ecdi \u1ea5n ph\u1ea9m th\u1ec3 hi\u1ec7n con \u0111\u01b0\u1eddng b\u01b0\u1edbc v\u00e0o th\u1ecb tr\u01b0\u1eddng s\u00e1ch v\u00e0 chinh ph\u1ee5c \u0111\u1ed9c gi\u1ea3 l\u00e0 m\u1ed9t h\u00e0nh tr\u00ecnh d\u00e0i, \u0111\u1ea7y gian kh\u00f3, c\u00f3 nhi\u1ec1u b\u00e3o t\u1ed1, nh\u01b0ng ch\u1ec9 c\u1ea7n n\u1ed7 l\u1ef1c c\u1ed1 g\u1eafng nh\u1ea5t \u0111\u1ecbnh s\u1ebd ngo\u1ea1n m\u1ee5c v\u01b0\u1ee3t qua. \u0110\u1ec3 kh\u1eb3ng \u0111\u1ecbnh v\u00e0 ch\u1ee9ng minh ch\u00ednh m\u00ecnh!<\/p>\n\n[\/col]\n[col span=\"5\" span__sm=\"12\"]\n\n[ux_image id=\"1825\" image_size=\"medium\"]\n\n\n[\/col]\n\n[\/row]\n\n<!-- \/wp:flatsome\/uxbuilder -->","post_title":"Skybooks","post_excerpt":"","post_status":"publish","comment_status":"closed","ping_status":"closed","post_password":"","post_name":"skybooks","to_ping":"","pinged":"","post_modified":"2021-02-17 01:57:31","post_modified_gmt":"2021-02-16 23:57:31","post_content_filtered":"","post_parent":0,"guid":"https:\/\/sachviet.eu\/nha-phat-hanh\/skybooks\/","menu_order":0,"post_type":"publisher","post_mime_type":"","comment_count":"0","filter":"raw"}},"_links":{"self":[{"href":"https:\/\/sachviet.eu\/en\/wp-json\/wp\/v2\/product\/11170","targetHints":{"allow":["GET"]}}],"collection":[{"href":"https:\/\/sachviet.eu\/en\/wp-json\/wp\/v2\/product"}],"about":[{"href":"https:\/\/sachviet.eu\/en\/wp-json\/wp\/v2\/types\/product"}],"wp:featuredmedia":[{"embeddable":true,"href":"https:\/\/sachviet.eu\/en\/wp-json\/wp\/v2\/media\/11167"}],"wp:attachment":[{"href":"https:\/\/sachviet.eu\/en\/wp-json\/wp\/v2\/media?parent=11170"}],"wp:term":[{"taxonomy":"product_brand","embeddable":true,"href":"https:\/\/sachviet.eu\/en\/wp-json\/wp\/v2\/product_brand?post=11170"},{"taxonomy":"product_cat","embeddable":true,"href":"https:\/\/sachviet.eu\/en\/wp-json\/wp\/v2\/product_cat?post=11170"},{"taxonomy":"product_tag","embeddable":true,"href":"https:\/\/sachviet.eu\/en\/wp-json\/wp\/v2\/product_tag?post=11170"}],"curies":[{"name":"wp","href":"https:\/\/api.w.org\/{rel}","templated":true}]}}