{"id":11151,"date":"2021-06-03T01:28:47","date_gmt":"2021-06-02T22:28:47","guid":{"rendered":"https:\/\/sachviet.eu\/shop\/nhat-ky-cua-mot-co-nang-tu-lap\/"},"modified":"2021-06-03T20:37:02","modified_gmt":"2021-06-03T17:37:02","slug":"nhat-ky-cua-mot-co-nang-tu-lap","status":"publish","type":"product","link":"https:\/\/sachviet.eu\/en\/shop\/nhat-ky-cua-mot-co-nang-tu-lap\/","title":{"rendered":"Nh\u1eadt K\u00fd C\u1ee7a M\u1ed9t C\u00f4 N\u00e0ng T\u1ef1 L\u1eadp"},"content":{"rendered":"<p>Nh\u1eadt K\u00fd C\u1ee7a M\u1ed9t C\u00f4 N\u00e0ng T\u1ef1 L\u1eadp<\/p>\n<p>Sen X\u00e0m X\u00ed l\u00e0 m\u1ed9t c\u00f4 n\u00e0ng 23 tu\u1ed5i thu\u1ed9c d\u00e2n t\u1ed9c \u201c\u1ebe\u201d \u0110\u00ea, n\u1ed5i ti\u1ebfng v\u1edbi bi\u1ec7t t\u00e0i c\u00e0 kh\u1ecba b\u1ed1n ph\u01b0\u01a1ng, \u0103n u\u1ed1ng l\u00e0 \u0111am m\u00ea, v\u00e0 lu\u00f4n khao kh\u00e1t t\u00ecm \u0111\u01b0\u1ee3c ch\u00e0ng trai gi\u00fap c\u00f4 \u201cv\u01b0\u1ee3t \u1ebf\u201d. C\u00f4 t\u00e2m ni\u1ec7m: \u201cNg\u01b0\u1eddi ta n\u00f3i, ng\u1ed3i im t\u00ecnh y\u00eau s\u1ebd t\u1edbi. M\u00e0 ng\u1ed3i bao l\u00e2u th\u00ec ng\u01b0\u1eddi ta kh\u00f4ng n\u00f3i. Nh\u01b0ng t\u00f4i v\u1eabn l\u1ea1c quan, ch\u1edd t\u00ecnh y\u00eau \u1eadp t\u1edbi b\u1ea5t c\u1ee9 khi n\u00e0o\u201d.<\/p>\n<p>Ti\u1ec3u C\u01b0\u1eddng l\u00e0 m\u1ed9t ch\u00fa gi\u00e1n b\u00e9 nh\u1ecf, \u201cb\u1ea1n c\u00f9ng ph\u00f2ng\u201d b\u1ea5t \u0111\u1eafc d\u0129 v\u1edbi Sen. Ch\u00fa ta hi\u1ec3u ti\u1ebfng ng\u01b0\u1eddi, nh\u01b0ng ti\u1ebfc thay m\u1ed9t l\u1eddi n\u00f3i ra lu\u00f4n ng\u1eadp tr\u00e0n kh\u1ea9u nghi\u1ec7p, khi\u1ebfn tr\u00e1i tim \u201ckhao kh\u00e1t tho\u00e1t \u1ebf\u201d c\u1ee7a Sen \u0111au nh\u00f3i: \u201cCu\u1ed9c \u0111\u1eddi lu\u00f4n c\u00f3 m\u1eb7t tr\u00e1i m\u1eb7t ph\u1ea3i. Ch\u1ec9 c\u00f3 c\u00e1i m\u1eb7t m\u00e0y l\u00e0 kh\u00f4ng c\u00f3 ng\u01b0\u1eddi y\u00eau\u201d.<\/p>\n<p>\u201cNh\u1eadt k\u00fd c\u1ee7a m\u1ed9t c\u00f4 n\u00e0ng t\u1ef1 l\u1eadp\u201dl\u00e0 m\u1ed9t cu\u1ed1n truy\u1ec7n tranh \u0111\u01a1n gi\u1ea3n nh\u01b0ng kh\u00f4ng ch\u00e1n, t\u1ed5ng h\u1ee3p nh\u1eefng kho\u1ea3nh kh\u1eafc h\u00e0i h\u01b0\u1edbc, c\u01b0\u1eddi r\u1ee5ng r\u1ed1n c\u1ee7a Sen X\u00e0m X\u00ed v\u00e0 Ti\u1ec3u C\u01b0\u1eddng. Hai nh\u00e2n v\u1eadt ch\u00ednh c\u1ee7a c\u00e2u chuy\u1ec7n, tuy l\u00e0 m\u1ed9t ng\u01b0\u1eddi \u2013 m\u1ed9t v\u1eadt, nh\u01b0ng x\u00e9t v\u1ec1 \u0111\u1ed9 nh\u00e2y v\u00e0 b\u1ef1a \u0111\u1ec1u ngang t\u00e0i ngang s\u1ee9c, h\u1ee9a h\u1eb9n s\u1ebd mang \u0111\u1ebfn cho \u0111\u1ed9c gi\u1ea3 nh\u1eefng ph\u00fat gi\u00e2y th\u01b0 gi\u00e3n hi\u1ec7u qu\u1ea3 sau nh\u1eefng gi\u1edd h\u1ecdc t\u1eadp, l\u00e0m vi\u1ec7c c\u0103ng th\u1eb3ng.<\/p>\n<p>N\u1ebfu b\u1ea1n \u0111ang \u201c\u1ebf\u201d, xin \u0111\u1eebng ngh\u0129 r\u1eb1ng \u0111\u00f3 l\u00e0 m\u1ed9t \u201ct\u1ed9i l\u1ed7i\u201d, c\u0169ng \u0111\u1eebng v\u00ec th\u1ebf m\u00e0 bu\u1ed3n l\u00f2ng. Thay v\u00e0o \u0111\u00f3, h\u00e3y xem \u201c\u1ebf\u201d l\u00e0 m\u1ed9t giai \u0111o\u1ea1n th\u1eed th\u00e1ch c\u1ee7a t\u00ecnh y\u00eau. Ai m\u00e0 ch\u1ea3 \u1ebf tr\u01b0\u1edbc khi c\u00f3 ng\u01b0\u1eddi y\u00eau. H\u00e3y s\u1ed1ng th\u1eadt h\u1ebft m\u00ecnh, th\u1eadt l\u1ea1c quan v\u00e0 th\u1eadt h\u1ea1nh ph\u00fac. \u0110\u1ec3 r\u1ed3i cu\u1ed1i c\u00f9ng, gi\u1eefa th\u1ebf gian m\u00eanh m\u00f4ng r\u1ed9ng l\u1edbn n\u00e0y, b\u1ea1n nh\u1ea5t \u0111\u1ecbnh s\u1ebd t\u00ecm \u0111\u01b0\u1ee3c \u201cch\u00e2n m\u1ec7nh thi\u00ean t\u1eed\u201d \u0111\u00edch th\u1ef1c c\u1ee7a \u0111\u1eddi m\u00ecnh.<\/p>\n<p>2. T\u00e1c gi\u1ea3<\/p>\n<p>Sen x\u00e0m x\u00ed l\u00e0 t\u00e1c gi\u1ea3 c\u1ee7a nh\u1eefng m\u1ea9u truy\u1ec7n tranh n\u1ed5i ti\u1ebfng tr\u00ean m\u1ea1ng x\u00e3 h\u1ed9i hi\u1ec7n nay. T\u00e1c gi\u1ea3 t\u1ef1 nh\u1eadn x\u00e9t blog c\u00e1 nh\u00e2n c\u1ee7a b\u1ea3n th\u00e2n l\u00e0 \u201cPage nh\u1ea1t, v\u1ebd x\u1ea5u, nhi\u1ec1u khi l\u01b0\u1eddi c\u1ea3 v\u1ebd n\u1eefa, mong ki\u1ebfp sau kh\u00f4ng ph\u1ea3i \u0111i l\u00e0m\u201d \u0111\u00fang v\u1edbi xu h\u01b0\u1edbng c\u1ee7a gi\u1edbi tr\u1ebb hi\u1ec7n \u0111\u1ea1i, b\u1edfi v\u1eady, trang Facebook c\u1ed9ng \u0111\u1ed3ng c\u1ee7a Sen x\u00e0m x\u00ed c\u00f3 t\u1edbi g\u1ea7n 600.000 l\u01b0\u1ee3t ng\u01b0\u1eddi \u1ee7ng h\u1ed9.<\/p>\n<p>3. Quotes<\/p>\n<p>&#8211; M\u1ecdi ng\u01b0\u1eddi th\u01b0\u1eddng n\u00f3i t\u00f4i gi\u1ea3m c\u00e2n cho xinh, m\u00e0 qu\u00ean m\u1ea5t t\u00f4i x\u1ea5u v\u00ec c\u00e1i m\u1eb7t.<\/p>\n<p>&#8211; Ngh\u0129 \u0111i ngh\u0129 l\u1ea1i tao ch\u1ea3 h\u1ee3p l\u1ea5y ai c\u1ea3, ch\u1ec9 h\u1ee3p l\u1ea5y l\u01b0\u01a1ng<\/p>\n<p>&#8211; M\u1ecdi ng\u01b0\u1eddi th\u1ea5y t\u00f4i ban ng\u00e0y vui v\u1ebb v\u1eady th\u00f4i, ch\u1ee9 \u0111\u00e2u bi\u1ebft r\u1eb1ng ban \u0111\u00eam \u0111\u1eb7t l\u01b0ng xu\u1ed1ng&#8230; l\u00e0 t\u00f4i ng\u1ee7 t\u1edbi s\u00e1ng.<\/p>\n","protected":false},"excerpt":{"rendered":"<p>Nh\u1eadt K\u00fd C\u1ee7a M\u1ed9t C\u00f4 N\u00e0ng T\u1ef1 L\u1eadp<\/p>\n<p>Sen X\u00e0m X\u00ed l\u00e0 m\u1ed9t c\u00f4 n\u00e0ng 23 tu\u1ed5i thu\u1ed9c d\u00e2n t\u1ed9c \u201c\u1ebe\u201d \u0110\u00ea, n\u1ed5i ti\u1ebfng v\u1edbi bi\u1ec7t t\u00e0i c\u00e0 kh\u1ecba b\u1ed1n ph\u01b0\u01a1ng, \u0103n u\u1ed1ng l\u00e0 \u0111am m\u00ea, v\u00e0 lu\u00f4n khao kh\u00e1t t\u00ecm \u0111\u01b0\u1ee3c ch\u00e0ng trai gi\u00fap c\u00f4 \u201cv\u01b0\u1ee3t \u1ebf\u201d. C\u00f4 t\u00e2m ni\u1ec7m: \u201cNg\u01b0\u1eddi ta n\u00f3i, ng\u1ed3i im t\u00ecnh y\u00eau s\u1ebd t\u1edbi. M\u00e0 ng\u1ed3i bao l\u00e2u th\u00ec ng\u01b0\u1eddi ta kh\u00f4ng n\u00f3i. Nh\u01b0ng t\u00f4i v\u1eabn l\u1ea1c quan, ch\u1edd t\u00ecnh y\u00eau \u1eadp t\u1edbi b\u1ea5t c\u1ee9 khi n\u00e0o\u201d.<\/p>\n<p>Ti\u1ec3u C\u01b0\u1eddng l\u00e0 m\u1ed9t ch\u00fa gi\u00e1n b\u00e9 nh\u1ecf, \u201cb\u1ea1n c\u00f9ng ph\u00f2ng\u201d b\u1ea5t \u0111\u1eafc d\u0129 v\u1edbi Sen. Ch\u00fa ta hi\u1ec3u ti\u1ebfng ng\u01b0\u1eddi, nh\u01b0ng ti\u1ebfc thay m\u1ed9t l\u1eddi n\u00f3i ra lu\u00f4n ng\u1eadp tr\u00e0n kh\u1ea9u nghi\u1ec7p, khi\u1ebfn tr\u00e1i tim \u201ckhao kh\u00e1t tho\u00e1t \u1ebf\u201d c\u1ee7a Sen \u0111au nh\u00f3i: \u201cCu\u1ed9c \u0111\u1eddi lu\u00f4n c\u00f3 m\u1eb7t tr\u00e1i m\u1eb7t ph\u1ea3i. Ch\u1ec9 c\u00f3 c\u00e1i m\u1eb7t m\u00e0y l\u00e0 kh\u00f4ng c\u00f3 ng\u01b0\u1eddi y\u00eau\u201d.<\/p>\n<p>\u201cNh\u1eadt k\u00fd c\u1ee7a m\u1ed9t c\u00f4 n\u00e0ng t\u1ef1 l\u1eadp\u201dl\u00e0 m\u1ed9t cu\u1ed1n truy\u1ec7n tranh \u0111\u01a1n gi\u1ea3n nh\u01b0ng kh\u00f4ng ch\u00e1n, t\u1ed5ng h\u1ee3p nh\u1eefng kho\u1ea3nh kh\u1eafc h\u00e0i h\u01b0\u1edbc, c\u01b0\u1eddi r\u1ee5ng r\u1ed1n c\u1ee7a Sen X\u00e0m X\u00ed v\u00e0 Ti\u1ec3u C\u01b0\u1eddng. Hai nh\u00e2n v\u1eadt ch\u00ednh c\u1ee7a c\u00e2u chuy\u1ec7n, tuy l\u00e0 m\u1ed9t ng\u01b0\u1eddi \u2013 m\u1ed9t v\u1eadt, nh\u01b0ng x\u00e9t v\u1ec1 \u0111\u1ed9 nh\u00e2y v\u00e0 b\u1ef1a \u0111\u1ec1u ngang t\u00e0i ngang s\u1ee9c, h\u1ee9a h\u1eb9n s\u1ebd mang \u0111\u1ebfn cho \u0111\u1ed9c gi\u1ea3 nh\u1eefng ph\u00fat gi\u00e2y th\u01b0 gi\u00e3n hi\u1ec7u qu\u1ea3 sau nh\u1eefng gi\u1edd h\u1ecdc t\u1eadp, l\u00e0m vi\u1ec7c c\u0103ng th\u1eb3ng.<\/p>\n<p>N\u1ebfu b\u1ea1n \u0111ang \u201c\u1ebf\u201d, xin \u0111\u1eebng ngh\u0129 r\u1eb1ng \u0111\u00f3 l\u00e0 m\u1ed9t \u201ct\u1ed9i l\u1ed7i\u201d, c\u0169ng \u0111\u1eebng v\u00ec th\u1ebf m\u00e0 bu\u1ed3n l\u00f2ng. Thay v\u00e0o \u0111\u00f3, h\u00e3y xem \u201c\u1ebf\u201d l\u00e0 m\u1ed9t giai \u0111o\u1ea1n th\u1eed th\u00e1ch c\u1ee7a t\u00ecnh y\u00eau. Ai m\u00e0 ch\u1ea3 \u1ebf tr\u01b0\u1edbc khi c\u00f3 ng\u01b0\u1eddi y\u00eau. H\u00e3y s\u1ed1ng th\u1eadt h\u1ebft m\u00ecnh, th\u1eadt l\u1ea1c quan v\u00e0 th\u1eadt h\u1ea1nh ph\u00fac. \u0110\u1ec3 r\u1ed3i cu\u1ed1i c\u00f9ng, gi\u1eefa th\u1ebf gian m\u00eanh m\u00f4ng r\u1ed9ng l\u1edbn n\u00e0y, b\u1ea1n nh\u1ea5t \u0111\u1ecbnh s\u1ebd t\u00ecm \u0111\u01b0\u1ee3c \u201cch\u00e2n m\u1ec7nh thi\u00ean t\u1eed\u201d \u0111\u00edch th\u1ef1c c\u1ee7a \u0111\u1eddi m\u00ecnh.<\/p>\n","protected":false},"featured_media":11145,"template":"","meta":{"_acf_changed":false},"product_brand":[],"product_cat":[15,47],"product_tag":[],"class_list":{"0":"post-11151","1":"product","2":"type-product","3":"status-publish","4":"has-post-thumbnail","6":"product_cat-sach-danh-cho-nguoi-lon","7":"product_cat-truyen-ngan-tan-van","9":"first","10":"outofstock","11":"taxable","12":"shipping-taxable","13":"purchasable","14":"product-type-simple"},"supplier_id":null,"supplier_sku":"","barcode":null,"atum_controlled":true,"out_stock_date":"2021-06-03 17:37:02","out_stock_threshold":null,"inheritable":false,"inbound_stock":0,"stock_on_hold":0,"sold_today":0,"sales_last_days":0,"reserved_stock":0,"customer_returns":0,"warehouse_damage":0,"lost_in_post":0,"other_logs":0,"out_stock_days":1700,"lost_sales":0,"has_location":false,"update_date":"2026-01-28T23:10:49","atum_locations":[],"atum_stock_status":"outofstock","restock_status":false,"low_stock_amount":"","sales_update_date":"2026-01-28T23:10:49","calc_backorders":null,"acf":{"publisher":{"ID":4030,"post_author":"1","post_date":"2021-03-02 03:51:27","post_date_gmt":"2021-03-02 01:51:27","post_content":"","post_title":"1980 Books","post_excerpt":"","post_status":"publish","comment_status":"closed","ping_status":"closed","post_password":"","post_name":"1980-books","to_ping":"","pinged":"","post_modified":"2021-03-02 03:51:27","post_modified_gmt":"2021-03-02 01:51:27","post_content_filtered":"","post_parent":0,"guid":"https:\/\/sachviet.eu\/nha-phat-hanh\/1980-books\/","menu_order":0,"post_type":"publisher","post_mime_type":"","comment_count":"0","filter":"raw"}},"_links":{"self":[{"href":"https:\/\/sachviet.eu\/en\/wp-json\/wp\/v2\/product\/11151","targetHints":{"allow":["GET"]}}],"collection":[{"href":"https:\/\/sachviet.eu\/en\/wp-json\/wp\/v2\/product"}],"about":[{"href":"https:\/\/sachviet.eu\/en\/wp-json\/wp\/v2\/types\/product"}],"wp:featuredmedia":[{"embeddable":true,"href":"https:\/\/sachviet.eu\/en\/wp-json\/wp\/v2\/media\/11145"}],"wp:attachment":[{"href":"https:\/\/sachviet.eu\/en\/wp-json\/wp\/v2\/media?parent=11151"}],"wp:term":[{"taxonomy":"product_brand","embeddable":true,"href":"https:\/\/sachviet.eu\/en\/wp-json\/wp\/v2\/product_brand?post=11151"},{"taxonomy":"product_cat","embeddable":true,"href":"https:\/\/sachviet.eu\/en\/wp-json\/wp\/v2\/product_cat?post=11151"},{"taxonomy":"product_tag","embeddable":true,"href":"https:\/\/sachviet.eu\/en\/wp-json\/wp\/v2\/product_tag?post=11151"}],"curies":[{"name":"wp","href":"https:\/\/api.w.org\/{rel}","templated":true}]}}