{"id":11108,"date":"2021-06-03T01:23:27","date_gmt":"2021-06-02T22:23:27","guid":{"rendered":"https:\/\/sachviet.eu\/shop\/cuoc-doi-la-mot-tieu-thuyet\/"},"modified":"2023-05-22T13:42:21","modified_gmt":"2023-05-22T10:42:21","slug":"cuoc-doi-la-mot-tieu-thuyet","status":"publish","type":"product","link":"https:\/\/sachviet.eu\/en\/shop\/cuoc-doi-la-mot-tieu-thuyet\/","title":{"rendered":"Cu\u1ed9c \u0110\u1eddi L\u00e0 M\u1ed9t Ti\u1ec3u Thuy\u1ebft"},"content":{"rendered":"<p>V\u1edbi anh, m\u1ecdi th\u1ee9 \u0111\u00e3 \u0111\u01b0\u1ee3c vi\u1ebft s\u1eb5n<br \/>\nV\u1edbi c\u00f4, m\u1ecdi th\u1ee9 \u0111ang \u0111\u1ee3i vi\u1ebft ti\u1ebfp<\/p>\n<p>\u201cS\u00e1u th\u00e1ng tr\u01b0\u1edbc, ng\u00e0y 12 th\u00e1ng T\u01b0 n\u0103m 2010, con g\u00e1i ba tu\u1ed5i c\u1ee7a t\u00f4i, Carrie Conway, \u0111\u00e3 b\u1ecb b\u1eaft c\u00f3c trong l\u00fac hai m\u1eb9 con \u0111ang ch\u01a1i tr\u1ed1n t\u00ecm trong c\u0103n h\u1ed9 nh\u00e0 m\u00ecnh \u1edf Williamsburg.\u201d<\/p>\n<p>C\u00e2u chuy\u1ec7n c\u1ee7a Flora Conway, n\u1eef ti\u1ec3u thuy\u1ebft gia n\u1ed5i ti\u1ebfng s\u1ed1ng k\u00edn \u0111\u00e1o, \u0111\u00e3 b\u1eaft \u0111\u1ea7u nh\u01b0 th\u1ebf. Carrie \u0111\u1ed9t ng\u1ed9t m\u1ea5t t\u00edch, kh\u00f4ng c\u00e1ch n\u00e0o l\u00fd gi\u1ea3i \u0111\u01b0\u1ee3c. C\u1eeda ch\u00ednh v\u00e0 c\u00e1c c\u1eeda s\u1ed5 \u0111\u1ec1u \u0111\u00f3ng k\u00edn, c\u00e1c camera gi\u00e1m s\u00e1t trong t\u00f2a nh\u00e0 kh\u00f4ng ph\u00e1t hi\u1ec7n \u0111i\u1ec1u kh\u1ea3 nghi n\u00e0o. Cu\u1ed9c \u0111i\u1ec1u tra c\u1ee7a c\u1ea3nh s\u00e1t kh\u00f4ng mang l\u1ea1i k\u1ebft qu\u1ea3 g\u00ec.<br \/>\nC\u00f9ng th\u1eddi \u0111i\u1ec3m \u1ea5y, \u1edf b\u1edd kia \u0110\u1ea1i T\u00e2y D\u01b0\u01a1ng, m\u1ed9t nh\u00e0 v\u0103n v\u1edbi tr\u00e1i tim tan n\u00e1t tr\u1ed1n tr\u00e1nh x\u00e3 h\u1ed9i trong m\u1ed9t ng\u00f4i nh\u00e0 x\u1eadp x\u1ec7, b\u1ebf t\u1eafc v\u1edbi ti\u1ec3u thuy\u1ebft \u0111ang vi\u1ebft d\u1edf.<br \/>\nAnh l\u00e0 ng\u01b0\u1eddi duy nh\u1ea5t n\u1eafm gi\u1eef ch\u00eca kh\u00f3a c\u1ee7a b\u00ed \u1ea9n.<\/p>\n<p>V\u00e0 Flora s\u1ebd \u0111\u00e1nh b\u1eadt anh.<\/p>\n<p>V\u1edbi Cu\u1ed9c \u0111\u1eddi l\u00e0 m\u1ed9t ti\u1ec3u thuy\u1ebft, b\u1ea1n s\u1ebd b\u1eaft g\u1eb7p m\u1ed9t Guillaume Musso ho\u00e0n to\u00e0n m\u1edbi, ng\u01b0\u1eddi d\u1eabn b\u1ea1n b\u01b0\u1edbc v\u00e0o m\u00ea cung, d\u1eaft b\u1ea1n \u0111i theo m\u1ea1ch truy\u1ec7n ly k\u1ef3 b\u1eb1ng ngu\u1ed3n s\u1ee9c m\u1ea1nh r\u00fat t\u1eeb quy\u1ec1n n\u0103ng c\u1ee7a nh\u1eefng cu\u1ed1n s\u00e1ch v\u00e0 kh\u00e1t khao m\u00e3nh li\u1ec7t s\u1ed1ng cu\u1ed9c \u0111\u1eddi c\u1ee7a c\u00e1c nh\u00e2n v\u1eadt.<\/p>\n<p>\u201cGuillaume Musso l\u00e0 m\u1ed9t cao th\u1ee7 ph\u00f9 ph\u00e9p, lu\u00f4n bi\u1ebfn h\u00f3a ra \u0111i\u1ec1u b\u1ea5t kh\u1ea3 trong cu\u1ed9c \u0111\u1eddi c\u00e1c nh\u00e2n v\u1eadt gi\u1eefa l\u00fac ta kh\u00f4ng ng\u1edd t\u1edbi.\u201d &#8211; Anne Michelet, Version Femina<\/p>\n<p>\u201cM\u1ed9t c\u00e2u chuy\u1ec7n tuy\u1ec7t v\u1eddi l\u00e0m h\u00e0i l\u00f2ng c\u1ea3 \u0111\u1ed9c gi\u1ea3 s\u00e1ch trinh th\u00e1m l\u1eabn t\u00edn \u0111\u1ed3 v\u0103n ch\u01b0\u01a1ng. (\u2026) Guillaume Musso, ch\u1eafc ch\u1eafn l\u00e0 nh\u00e0 v\u0103n l\u1edbn v\u00e0 \u0111\u1ed9c gi\u1ea3 phi th\u01b0\u1eddng, tr\u1edf l\u1ea1i v\u1edbi ch\u1ee7 \u0111\u1ec1 ngh\u1ec1 vi\u1ebft, ngu\u1ed3n c\u1ea3m h\u1ee9ng, cu\u1ed9c \u0111\u1eddi th\u1ef1c v\u00e0 t\u01b0\u1edfng t\u01b0\u1ee3ng\u2026 m\u1ed9t c\u00e1ch th\u1eadt \u0111i\u00eau luy\u1ec7n (\u2026) Cu\u1ed9c \u0111\u1eddi l\u00e0 m\u1ed9t ti\u1ec3u thuy\u1ebft kh\u00f4ng kh\u1ecfi khi\u1ebfn ta ngh\u0129 t\u1edbi Romain Gary.\u201d &#8211; Alain-Jean Robert, AFP<\/p>\n<p>T\u00c1C GI\u1ea2:<\/p>\n<p>Guillaume Musso sinh n\u0103m 1974 t\u1ea1i Antibes, th\u1ecb tr\u1ea5n nh\u1ecf b\u00ean b\u1edd \u0110\u1ecba Trung H\u1ea3i. Ngay t\u1eeb n\u0103m m\u01b0\u1eddi tu\u1ed5i, c\u1eadu b\u00e9 Guillaume \u0111\u00e3 ph\u1ea3i l\u00f2ng v\u0103n ch\u01b0\u01a1ng v\u00e0 tuy\u00ean b\u1ed1 m\u1ed9t ng\u00e0y n\u00e0o \u0111\u00f3 s\u1ebd vi\u1ebft ti\u1ec3u thuy\u1ebft. L\u1edbn l\u00ean, anh theo h\u1ecdc ng\u00e0nh kinh t\u1ebf r\u1ed3i tr\u1edf th\u00e0nh gi\u00e1o vi\u00ean sau khi t\u1ed1t nghi\u1ec7p, nh\u01b0ng ni\u1ec1m \u0111am m\u00ea thu\u1edf ban \u0111\u1ea7u v\u1eabn tr\u00e0n \u0111\u1ea7y. N\u0103m 2001, ti\u1ec3u thuy\u1ebft \u0111\u1ea7u tay c\u1ee7a anh ra \u0111\u1eddi v\u00e0 nh\u1eadn \u0111\u01b0\u1ee3c t\u00edn hi\u1ec7u t\u1ed1t t\u1eeb gi\u1edbi ph\u00ea b\u00ecnh. T\u00e1c ph\u1ea9m th\u1ee9 hai, R\u1ed3i sau \u0111\u00f3, xu\u1ea5t b\u1ea3n n\u0103m 2004, \u0111\u00e3 g\u00e2y \u1ea5n t\u01b0\u1ee3ng m\u1ea1nh v\u00e0 \u0111\u01b0a t\u00ean tu\u1ed5i Guillaume Musso \u0111\u1ebfn v\u1edbi c\u00f4ng ch\u00fang. T\u1eeb \u0111\u00f3 \u0111\u1ebfn nay, anh \u0111\u1ec1u \u0111\u1eb7n cho ra \u0111\u1eddi c\u00e1c ti\u1ec3u thuy\u1ebft m\u1edbi v\u00e0 gi\u00e0nh \u0111\u01b0\u1ee3c th\u00e0nh c\u00f4ng vang d\u1ed9i kh\u00f4ng ch\u1ec9 t\u1ea1i Ph\u00e1p m\u00e0 c\u00f2n tr\u00ean kh\u1eafp th\u1ebf gi\u1edbi. C\u00e1c t\u00e1c ph\u1ea9m c\u1ee7a Guillaume Musso \u0111\u00e3 \u0111\u01b0\u1ee3c d\u1ecbch ra nhi\u1ec1u th\u1ee9 ti\u1ebfng v\u00e0 \u0111\u01b0\u1ee3c chuy\u1ec3n th\u1ec3 th\u00e0nh phim.<\/p>\n<p>C\u00e1c t\u00e1c ph\u1ea9m c\u1ee7a Guillaume Musso \u0111\u00e3 \u0111\u01b0\u1ee3c Nh\u00e3 Nam xu\u1ea5t b\u1ea3n:<br \/>\n&#8211; R\u1ed3i sau \u0111\u00f3<br \/>\n&#8211; H\u00e3y c\u1ee9u em<br \/>\n&#8211; H\u1eb9n em ng\u00e0y \u0111\u00f3<br \/>\n&#8211; B\u1edfi v\u00ec y\u00eau<br \/>\n&#8211; Tr\u1edf l\u1ea1i t\u00ecm nhau<br \/>\n&#8211; N\u1ebfu \u0111\u1eddi anh v\u1eafng em<br \/>\n&#8211; C\u00f4 g\u00e1i trong trang s\u00e1ch<br \/>\n&#8211; Cu\u1ed9c g\u1ecdi t\u1eeb thi\u00ean th\u1ea7n<br \/>\n&#8211; B\u1ea3y n\u0103m sau<br \/>\n&#8211; Ng\u00e0y mai<br \/>\n&#8211; Central Park<br \/>\n&#8211; Gi\u00e2y ph\u00fat n\u00e0y<br \/>\n&#8211; C\u00f4 g\u00e1i Brooklyn<br \/>\n&#8211; D\u01b0\u1edbi m\u1ed9t m\u00e1i nh\u00e0 \u1edf Paris<br \/>\n&#8211; C\u00f4 g\u00e1i v\u00e0 m\u00e0n \u0111\u00eam<br \/>\n&#8211; Cu\u1ed9c \u0111\u1eddi b\u00ed m\u1eadt c\u1ee7a c\u00e1c nh\u00e0 v\u0103n<\/p>\n","protected":false},"excerpt":{"rendered":"<p>V\u1edbi anh, m\u1ecdi th\u1ee9 \u0111\u00e3 \u0111\u01b0\u1ee3c vi\u1ebft s\u1eb5n<br \/>\nV\u1edbi c\u00f4, m\u1ecdi th\u1ee9 \u0111ang \u0111\u1ee3i vi\u1ebft ti\u1ebfp<\/p>\n<p>\u201cS\u00e1u th\u00e1ng tr\u01b0\u1edbc, ng\u00e0y 12 th\u00e1ng T\u01b0 n\u0103m 2010, con g\u00e1i ba tu\u1ed5i c\u1ee7a t\u00f4i, Carrie Conway, \u0111\u00e3 b\u1ecb b\u1eaft c\u00f3c trong l\u00fac hai m\u1eb9 con \u0111ang ch\u01a1i tr\u1ed1n t\u00ecm trong c\u0103n h\u1ed9 nh\u00e0 m\u00ecnh \u1edf Williamsburg.\u201d<\/p>\n<p>C\u00e2u chuy\u1ec7n c\u1ee7a Flora Conway, n\u1eef ti\u1ec3u thuy\u1ebft gia n\u1ed5i ti\u1ebfng s\u1ed1ng k\u00edn \u0111\u00e1o, \u0111\u00e3 b\u1eaft \u0111\u1ea7u nh\u01b0 th\u1ebf. Carrie \u0111\u1ed9t ng\u1ed9t m\u1ea5t t\u00edch, kh\u00f4ng c\u00e1ch n\u00e0o l\u00fd gi\u1ea3i \u0111\u01b0\u1ee3c. C\u1eeda ch\u00ednh v\u00e0 c\u00e1c c\u1eeda s\u1ed5 \u0111\u1ec1u \u0111\u00f3ng k\u00edn, c\u00e1c camera gi\u00e1m s\u00e1t trong t\u00f2a nh\u00e0 kh\u00f4ng ph\u00e1t hi\u1ec7n \u0111i\u1ec1u kh\u1ea3 nghi n\u00e0o. Cu\u1ed9c \u0111i\u1ec1u tra c\u1ee7a c\u1ea3nh s\u00e1t kh\u00f4ng mang l\u1ea1i k\u1ebft qu\u1ea3 g\u00ec.<br \/>\nC\u00f9ng th\u1eddi \u0111i\u1ec3m \u1ea5y, \u1edf b\u1edd kia \u0110\u1ea1i T\u00e2y D\u01b0\u01a1ng, m\u1ed9t nh\u00e0 v\u0103n v\u1edbi tr\u00e1i tim tan n\u00e1t tr\u1ed1n tr\u00e1nh x\u00e3 h\u1ed9i trong m\u1ed9t ng\u00f4i nh\u00e0 x\u1eadp x\u1ec7, b\u1ebf t\u1eafc v\u1edbi ti\u1ec3u thuy\u1ebft \u0111ang vi\u1ebft d\u1edf.<br \/>\nAnh l\u00e0 ng\u01b0\u1eddi duy nh\u1ea5t n\u1eafm gi\u1eef ch\u00eca kh\u00f3a c\u1ee7a b\u00ed \u1ea9n.<\/p>\n<p>V\u00e0 Flora s\u1ebd \u0111\u00e1nh b\u1eadt anh.<\/p>\n<p>V\u1edbi Cu\u1ed9c \u0111\u1eddi l\u00e0 m\u1ed9t ti\u1ec3u thuy\u1ebft, b\u1ea1n s\u1ebd b\u1eaft g\u1eb7p m\u1ed9t Guillaume Musso ho\u00e0n to\u00e0n m\u1edbi, ng\u01b0\u1eddi d\u1eabn b\u1ea1n b\u01b0\u1edbc v\u00e0o m\u00ea cung, d\u1eaft b\u1ea1n \u0111i theo m\u1ea1ch truy\u1ec7n ly k\u1ef3 b\u1eb1ng ngu\u1ed3n s\u1ee9c m\u1ea1nh r\u00fat t\u1eeb quy\u1ec1n n\u0103ng c\u1ee7a nh\u1eefng cu\u1ed1n s\u00e1ch v\u00e0 kh\u00e1t khao m\u00e3nh li\u1ec7t s\u1ed1ng cu\u1ed9c \u0111\u1eddi c\u1ee7a c\u00e1c nh\u00e2n v\u1eadt.<\/p>\n<p>\u201cGuillaume Musso l\u00e0 m\u1ed9t cao th\u1ee7 ph\u00f9 ph\u00e9p, lu\u00f4n bi\u1ebfn h\u00f3a ra \u0111i\u1ec1u b\u1ea5t kh\u1ea3 trong cu\u1ed9c \u0111\u1eddi c\u00e1c nh\u00e2n v\u1eadt gi\u1eefa l\u00fac ta kh\u00f4ng ng\u1edd t\u1edbi.\u201d &#8211; Anne Michelet, Version Femina<\/p>\n<p>\u201cM\u1ed9t c\u00e2u chuy\u1ec7n tuy\u1ec7t v\u1eddi l\u00e0m h\u00e0i l\u00f2ng c\u1ea3 \u0111\u1ed9c gi\u1ea3 s\u00e1ch trinh th\u00e1m l\u1eabn t\u00edn \u0111\u1ed3 v\u0103n ch\u01b0\u01a1ng. (\u2026) Guillaume Musso, ch\u1eafc ch\u1eafn l\u00e0 nh\u00e0 v\u0103n l\u1edbn v\u00e0 \u0111\u1ed9c gi\u1ea3 phi th\u01b0\u1eddng, tr\u1edf l\u1ea1i v\u1edbi ch\u1ee7 \u0111\u1ec1 ngh\u1ec1 vi\u1ebft, ngu\u1ed3n c\u1ea3m h\u1ee9ng, cu\u1ed9c \u0111\u1eddi th\u1ef1c v\u00e0 t\u01b0\u1edfng t\u01b0\u1ee3ng\u2026 m\u1ed9t c\u00e1ch th\u1eadt \u0111i\u00eau luy\u1ec7n (\u2026) Cu\u1ed9c \u0111\u1eddi l\u00e0 m\u1ed9t ti\u1ec3u thuy\u1ebft kh\u00f4ng kh\u1ecfi khi\u1ebfn ta ngh\u0129 t\u1edbi Romain Gary.\u201d &#8211; Alain-Jean Robert, AFP<\/p>\n","protected":false},"featured_media":11107,"template":"","meta":{"_acf_changed":false},"product_brand":[],"product_cat":[15,45],"product_tag":[81],"class_list":{"0":"post-11108","1":"product","2":"type-product","3":"status-publish","4":"has-post-thumbnail","6":"product_cat-sach-danh-cho-nguoi-lon","7":"product_cat-tieu-thuyet","8":"product_tag-sach-gia-uu-dai","10":"first","11":"outofstock","12":"sale","13":"taxable","14":"shipping-taxable","15":"purchasable","16":"product-type-simple"},"supplier_id":null,"supplier_sku":"","barcode":null,"atum_controlled":true,"out_stock_date":"2023-05-22 10:42:21","out_stock_threshold":null,"inheritable":false,"inbound_stock":0,"stock_on_hold":0,"sold_today":0,"sales_last_days":0,"reserved_stock":0,"customer_returns":0,"warehouse_damage":0,"lost_in_post":0,"other_logs":0,"out_stock_days":982,"lost_sales":0,"has_location":false,"update_date":"2026-01-28T23:10:48","atum_locations":[],"atum_stock_status":"outofstock","restock_status":false,"low_stock_amount":"","sales_update_date":"2026-01-28T23:10:48","calc_backorders":null,"acf":{"publisher":{"ID":1424,"post_author":"1","post_date":"2021-02-17 00:02:29","post_date_gmt":"2021-02-16 22:02:29","post_content":"<!-- wp:flatsome\/uxbuilder -->\n<h1 style=\"text-align: center\"><strong>Nh\u00e3 Nam<\/strong><\/h1>\n[row]\n\n[col span=\"6\" span__sm=\"12\"]\n\n[ux_image id=\"1438\" image_size=\"medium\"]\n\n\n[\/col]\n[col span=\"6\" span__sm=\"12\"]\n\n<p><strong>C\u00f4ng ty c\u1ed5 ph\u1ea7n V\u0103n h\u00f3a v\u00e0 Truy\u1ec1n th\u00f4ng Nh\u00e3 Nam<\/strong><\/p>\n<p>Th\u00e1ng 2 n\u0103m 2005, Nh\u00e3 Nam, t\u00ean \u0111\u1ea7y \u0111\u1ee7 l\u00e0 C\u00f4ng ty C\u1ed5 ph\u1ea7n V\u0103n h\u00f3a v\u00e0 Truy\u1ec1n th\u00f4ng Nh\u00e3 Nam \u0111\u00e3 gia nh\u1eadp th\u1ecb tr\u01b0\u1eddng s\u00e1ch. T\u00e1c ph\u1ea9m \"Balzac v\u00e0 c\u00f4 b\u00e9 th\u1ee3 may Trung hoa\" c\u1ee7a \u0110\u1edbi T\u01b0 Ki\u1ec7t l\u00e0 cu\u1ed1n s\u00e1ch \u0111\u1ea7u ti\u00ean \u0111\u01b0\u1ee3c nh\u1eefng ng\u01b0\u1eddi s\u00e1ng l\u1eadp Nh\u00e3 Nam xu\u1ea5t b\u1ea3n c\u1ea3 tr\u01b0\u1edbc khi c\u00f4ng ty ra \u0111\u1eddi. Ngay l\u1eadp t\u1ee9c t\u1eeb cu\u1ed1n s\u00e1ch \u0111\u1ea7u ti\u00ean, \u0111\u1ed9c gi\u1ea3 \u0111\u00e3 d\u00e0nh s\u1ef1 quan t\u00e2m v\u00e0 y\u00eau m\u1ebfn cho m\u1ed9t th\u01b0\u01a1ng hi\u1ec7u s\u00e1ch m\u1edbi m\u1ebb mang trong m\u00ecnh kh\u00e1t v\u1ecdng g\u00f3p ph\u1ea7n t\u1ea1o l\u1eadp di\u1ec7n m\u1ea1o m\u1edbi cho xu\u1ea5t b\u1ea3n v\u0103n h\u1ecdc t\u1ea1i Vi\u1ec7t Nam.<\/p>\n<p>L\u00f2ng say m\u00ea c\u1ee7a \u0111\u1ed9i ng\u0169 l\u00e0 vi\u00ean \u0111\u00e1 \u0111\u1ea7u ti\u00ean. Tr\u1ea3i qua m\u1ea5y n\u0103m ph\u00e1t tri\u1ec3n, Nh\u00e3 Nam \u0111\u00e3 \u0111\u01b0\u1ee3c x\u00e2y d\u1ef1ng d\u1ea7n l\u00ean trong di\u1ec7n m\u1ea1o m\u1ed9t nh\u00e0 xu\u1ea5t b\u1ea3n v\u1eefng ch\u00e3i v\u00e0 chuy\u00ean nghi\u1ec7p. S\u00e1u th\u00e1ng sau khi th\u00e0nh l\u1eadp c\u00f4ng ty, Nh\u1eadt k\u00fd \u0110\u1eb7ng Th\u00f9y Tr\u00e2m ra \u0111\u1eddi, t\u1ea1o n\u00ean m\u1ed9t c\u01a1n s\u1ed1t trong x\u00e3 h\u1ed9i, v\u1edbi g\u1ea7n 500,000 b\u1ea3n s\u00e1ch \u0111\u01b0\u1ee3c ph\u00e1t h\u00e0nh, ph\u00e1 m\u1ecdi k\u1ef7 l\u1ee5c v\u1ec1 xu\u1ea5t b\u1ea3n tr\u01b0\u1edbc \u0111\u00f3, k\u00e9o theo m\u1ed9t lo\u1ea1t nh\u1eefng hi\u1ec7u \u1ee9ng x\u00e3 h\u1ed9i v\u00e0 d\u01b0 lu\u1eadn c\u00f3 \u00fd ngh\u0129a. T\u1eeb \u0111\u00f3 tr\u1edf \u0111i, th\u00f4ng qua Nh\u00e3 Nam, c\u00e1c cu\u1ed1n s\u00e1ch v\u0103n h\u1ecdc n\u01b0\u1edbc ngo\u00e0i c\u00f3 gi\u00e1 tr\u1ecb \u0111\u01b0\u1ee3c li\u00ean t\u1ee5c mua b\u1ea3n quy\u1ec1n v\u00e0 xu\u1ea5t b\u1ea3n t\u1ea1i Vi\u1ec7t Nam, thu h\u00fat nhi\u1ec1u t\u1ea7ng l\u1edbp \u0111\u1ed9c gi\u1ea3. S\u00e1ch c\u1ee7a Nh\u00e3 Nam n\u1ed5i b\u1eadt b\u1edfi n\u1ed9i dung v\u0103n h\u1ecdc tinh t\u1ebf, b\u1edfi v\u1ebb \u0111\u1eb9p c\u1ee7a thi\u1ebft k\u1ebf hi\u1ec7n \u0111\u1ea1i \u1edf h\u00ecnh th\u1ee9c, b\u1edfi s\u1ef1 ch\u0103m ch\u00fat k\u1ef9 l\u01b0\u1ee1ng cho m\u1ed7i cu\u1ed1n s\u00e1ch nh\u01b0 m\u1ed9t con thuy\u1ec1n mang t\u1edbi ni\u1ec1m vui, tri th\u1ee9c, ng\u1ea1c nhi\u00ean, v\u00e0 \u0111\u1ed3ng c\u1ea3m.<\/p>\n\n[\/col]\n\n[\/row]\n<p style=\"text-align: left\">Hi\u1ec3u th\u1eddi \u0111\u1ea1i \u0111ang s\u1ed1ng th\u00f4ng qua s\u00e1ch, song h\u00e0nh v\u1edbi nh\u1eefng bi\u1ebfn chuy\u1ec3n s\u00e2u s\u1eafc trong l\u00f2ng x\u00e3 h\u1ed9i b\u1eb1ng nh\u1eefng ho\u1ea1t \u0111\u1ed9ng xu\u1ea5t b\u1ea3n mi\u1ec7t m\u00e0i v\u00e0 qu\u1ea3 c\u1ea3m, con \u0111\u01b0\u1eddng Nh\u00e3 Nam \u0111\u00e3 ch\u1ecdn \u0111\u1ec3 \u0111i s\u1ebd c\u00f2n d\u00e0i. Nhi\u1ec1u kh\u00f3 kh\u0103n, th\u1eed th\u00e1ch \u0111ang \u1edf ph\u00eda tr\u01b0\u1edbc. B\u01b0\u1edbc qua th\u1eddi k\u1ef3 s\u01a1 khai v\u1edbi nh\u1eefng b\u00e0i h\u1ecdc v\u00e0 nh\u1eefng kinh nghi\u1ec7m \u0111\u1ea7u ti\u00ean, Nh\u00e3 Nam gi\u1edd \u0111\u00e3 s\u1eb5n s\u00e0ng cho m\u1ed9t ch\u1eb7ng \u0111\u01b0\u1eddng ph\u00e1t tri\u1ec3n m\u1edbi. V\u00e0 ch\u00fang t\u00f4i mu\u1ed1n ho\u00e0n thi\u1ec7n m\u00ecnh trong s\u1ef1 c\u1ea7u th\u1ecb v\u00e0 c\u1ea9n tr\u1ecdng. T\u1ea5t c\u1ea3 v\u00ec m\u1ed9t gia s\u1ea3n s\u00e1ch to l\u1edbn, c\u00f3 s\u1ee9c s\u1ed1ng d\u00e0i l\u00e2u, c\u00f3 \u00fd ngh\u0129a v\u1edbi nhi\u1ec1u th\u1ebf h\u1ec7 b\u1ea1n \u0111\u1ecdc.<br \/>B\u1edfi v\u00ec s\u00e1ch l\u00e0 th\u1ebf gi\u1edbi.<\/p>\n<p><strong>\u0110\u00e2y l\u00e0 m\u1ed9t nh\u00e0 ph\u00e1t h\u00e0nh s\u00e1ch m\u00e0 SACHVIET.EU r\u1ea5t y\u00eau th\u00edch v\u00e0 tin t\u01b0\u1edfng. Nh\u00ecn \u0111\u01b0\u1ee3c t\u1ea7m \u1ea3nh h\u01b0\u1edfng c\u1ee7a Nh\u00e3 Nam qua t\u1eebng cu\u1ed1n s\u00e1ch, SACHVIET.EU li\u00ean h\u1ec7 h\u1ee3p t\u00e1c ngay v\u1edbi Nh\u00e3 Nam \u0111\u1ec3 \u0111em to\u00e0n b\u1ed9 nh\u1eefng t\u00e1c ph\u1ea9m m\u1edbi, hay nh\u1ea5t m\u00e0 Nh\u00e3 Nam c\u00f3 sang Ch\u00e2u \u00c2u, \u0111\u01b0a \u0111\u1ebfn cho \u0111\u1ed9c gi\u1ea3 c\u00f3 nhi\u1ec1u s\u1ef1 l\u1ef1a ch\u1ecdn phong ph\u00fa h\u01a1n c\u1ea3 s\u00e1ch cho tr\u1ebb em l\u1eabn ng\u01b0\u1eddi l\u1edbn.\u00a0<\/strong><\/p>\n\n<!-- \/wp:flatsome\/uxbuilder -->","post_title":"Nh\u00e3 Nam","post_excerpt":"","post_status":"publish","comment_status":"closed","ping_status":"closed","post_password":"","post_name":"nha-nam","to_ping":"","pinged":"","post_modified":"2022-12-19 23:15:33","post_modified_gmt":"2022-12-19 21:15:33","post_content_filtered":"","post_parent":0,"guid":"https:\/\/sachviet.eu\/?post_type=publisher&#038;p=1424","menu_order":0,"post_type":"publisher","post_mime_type":"","comment_count":"0","filter":"raw"}},"_links":{"self":[{"href":"https:\/\/sachviet.eu\/en\/wp-json\/wp\/v2\/product\/11108","targetHints":{"allow":["GET"]}}],"collection":[{"href":"https:\/\/sachviet.eu\/en\/wp-json\/wp\/v2\/product"}],"about":[{"href":"https:\/\/sachviet.eu\/en\/wp-json\/wp\/v2\/types\/product"}],"wp:featuredmedia":[{"embeddable":true,"href":"https:\/\/sachviet.eu\/en\/wp-json\/wp\/v2\/media\/11107"}],"wp:attachment":[{"href":"https:\/\/sachviet.eu\/en\/wp-json\/wp\/v2\/media?parent=11108"}],"wp:term":[{"taxonomy":"product_brand","embeddable":true,"href":"https:\/\/sachviet.eu\/en\/wp-json\/wp\/v2\/product_brand?post=11108"},{"taxonomy":"product_cat","embeddable":true,"href":"https:\/\/sachviet.eu\/en\/wp-json\/wp\/v2\/product_cat?post=11108"},{"taxonomy":"product_tag","embeddable":true,"href":"https:\/\/sachviet.eu\/en\/wp-json\/wp\/v2\/product_tag?post=11108"}],"curies":[{"name":"wp","href":"https:\/\/api.w.org\/{rel}","templated":true}]}}