{"id":11106,"date":"2021-06-03T01:23:21","date_gmt":"2021-06-02T22:23:21","guid":{"rendered":"https:\/\/sachviet.eu\/shop\/co-be-uong-anh-trang\/"},"modified":"2024-10-21T11:12:43","modified_gmt":"2024-10-21T08:12:43","slug":"co-be-uong-anh-trang","status":"publish","type":"product","link":"https:\/\/sachviet.eu\/en\/shop\/co-be-uong-anh-trang\/","title":{"rendered":"C\u00f4 B\u00e9 U\u1ed1ng \u00c1nh Tr\u0103ng"},"content":{"rendered":"<p>B\u1ea3o H\u1ed9 Qu\u1ed1c l\u00e0 m\u1ed9t v\u00f9ng \u0111\u1ea5t b\u1ea5t h\u1ea1nh. N\u01a1i \u0111\u00f3, n\u1ed7i bu\u1ed3n \u0111eo dai d\u1eb3ng tr\u00ean nh\u1eefng m\u00e1i nh\u00e0, cu\u1ed9c s\u1ed1ng kh\u1ed1n kh\u00f3 v\u00e2y ch\u1eb7t ng\u01b0\u1eddi d\u00e2n. \u0110\u1ec3 ng\u0103n tai h\u1ecda \u1eadp \u0111\u1ebfn cho d\u00e2n l\u00e0ng, m\u1ed7i n\u0103m B\u1ea3o H\u1ed9 Qu\u1ed1c c\u00f2n ph\u1ea3i hi\u1ebfn t\u1ebf m\u1ed9t \u0111\u1ee9a tr\u1ebb s\u01a1 sinh cho m\u1ee5 ph\u00f9 th\u1ee7y \u0111\u1ed9c \u00e1c c\u1ee7a v\u00f9ng \u0111\u1ea7m l\u1ea7y, trong n\u1ed7i \u0111au kh\u1ed5 c\u00e2m n\u00edn c\u1ee7a c\u00e1c gia \u0111\u00ecnh.<br \/>\nNh\u01b0ng n\u0103m nay, \u0111i\u1ec1u l\u1ea1 l\u00f9ng \u0111\u00e3 x\u1ea3y ra: c\u00f3 m\u1ed9t b\u00e0 m\u1eb9 \u0111\u00e3 quy\u1ebft li\u1ec7t ch\u1ed1ng tr\u1ea3 l\u1ea1i vi\u1ec7c b\u1eaft con m\u00ecnh. Nh\u01b0ng b\u00e0 \u0111\u00e3 b\u1ecb qu\u00e2n l\u00ednh nhanh ch\u00f3ng kh\u1ed1ng ch\u1ebf, v\u00e0 \u0111\u1ee9a tr\u1ebb s\u01a1 sinh \u0111\u01b0\u1ee3c \u0111\u01b0a v\u00e0o r\u1eebng nh\u01b0 l\u1ec7 th\u01b0\u1eddng&#8230; R\u1ed3i t\u1eeb m\u1ed9t s\u1ef1 c\u1ed1 ng\u1eabu nhi\u00ean, \u0111\u1ee9a b\u00e9 \u0111\u01b0\u1ee3c u\u1ed1ng \u00e1nh tr\u0103ng v\u00e0 tr\u1edf n\u00ean c\u00f3 ph\u00e9p thu\u1eadt. Kh\u00f4ng th\u1ec3 quay v\u1ec1 B\u1ea3o H\u1ed9 Qu\u1ed1c, \u0111\u1ee9a b\u00e9 s\u1ed1ng trong r\u1eebng b\u00ean m\u1ee5 ph\u00f9 th\u1ee7y.<br \/>\nH\u00f3a ra, \u0111\u1eb1ng sau c\u00e1nh r\u1eebng m\u1ecbt m\u00f9, b\u00ean c\u1ea1nh \u0111\u1ea7m l\u1ea7y hun h\u00fat v\u00e0 nh\u1eefng n\u00fai l\u1eeda ch\u1ef1c ch\u1edd phun l\u00e0 c\u1ea3 m\u1ed9t th\u1ebf gi\u1edbi k\u1ef3 di\u1ec7u d\u00e0nh cho c\u00f4 b\u00e9 b\u1ecb hi\u1ebfn t\u1ebf. Qu\u1ea3 th\u1ef1c c\u00f3 ph\u00f9 th\u1ee7y, qu\u00e1i v\u1eadt \u0111\u1ea7m l\u1ea7y, r\u1ed3ng phun l\u1eeda\u2026 nh\u01b0ng kh\u00e1c ho\u00e0n to\u00e0n v\u1edbi t\u01b0\u1edfng t\u01b0\u1ee3ng c\u1ee7a ng\u01b0\u1eddi d\u00e2n trong B\u1ea3o H\u1ed9 Qu\u1ed1c&#8230; V\u00e0 m\u1ee5 ph\u00f9 th\u1ee7y \u0111\u1ed9c \u00e1c, \u0111\u00e1ng s\u1ee3 nh\u1ea5t, l\u1ea1i \u0111ang s\u1ed1ng b\u00ean c\u1ea1nh h\u1ecd.<\/p>\n<p>M\u1edcI B\u1ea0N T\u00ccM \u0110\u1eccC NH\u1eeeNG T\u00c1C PH\u1ea8M \u0110\u1eb6C S\u1eaeC KH\u00c1C \u0110\u00c3 CHINH PH\u1ee4C H\u00c0NG TRI\u1ec6U TR\u1eba EM N\u01af\u1edaC M\u1ef8:<br \/>\n-Ng\u01b0\u1eddi b\u1ea1n \u1ea3o \u1ea3nh<br \/>\n-Bay v\u1edbi \u0111\u00f4i c\u00e1nh g\u00e3y<br \/>\n-Tumble &amp; Blue v\u00e0 l\u1eddi nguy\u1ec1n c\u1ee7a s\u1ed1 ph\u1eadn<br \/>\n-G\u00e1nh xi\u1ebfc d\u1ecb th\u01b0\u1eddng Mirandus<br \/>\n-B\u00e0i ca t\u1eeb n\u01a1i xa l\u1eafm<br \/>\n-C\u00f4 b\u00e9 u\u1ed1ng \u00e1nh tr\u0103ng<br \/>\n-C\u1eadu b\u00e9 ph\u00f9 th\u1ee7y<\/p>\n","protected":false},"excerpt":{"rendered":"<p>B\u1ea3o H\u1ed9 Qu\u1ed1c l\u00e0 m\u1ed9t v\u00f9ng \u0111\u1ea5t b\u1ea5t h\u1ea1nh. N\u01a1i \u0111\u00f3, n\u1ed7i bu\u1ed3n \u0111eo dai d\u1eb3ng tr\u00ean nh\u1eefng m\u00e1i nh\u00e0, cu\u1ed9c s\u1ed1ng kh\u1ed1n kh\u00f3 v\u00e2y ch\u1eb7t ng\u01b0\u1eddi d\u00e2n. \u0110\u1ec3 ng\u0103n tai h\u1ecda \u1eadp \u0111\u1ebfn cho d\u00e2n l\u00e0ng, m\u1ed7i n\u0103m B\u1ea3o H\u1ed9 Qu\u1ed1c c\u00f2n ph\u1ea3i hi\u1ebfn t\u1ebf m\u1ed9t \u0111\u1ee9a tr\u1ebb s\u01a1 sinh cho m\u1ee5 ph\u00f9 th\u1ee7y \u0111\u1ed9c \u00e1c c\u1ee7a v\u00f9ng \u0111\u1ea7m l\u1ea7y, trong n\u1ed7i \u0111au kh\u1ed5 c\u00e2m n\u00edn c\u1ee7a c\u00e1c gia \u0111\u00ecnh.<br \/>\nNh\u01b0ng n\u0103m nay, \u0111i\u1ec1u l\u1ea1 l\u00f9ng \u0111\u00e3 x\u1ea3y ra: c\u00f3 m\u1ed9t b\u00e0 m\u1eb9 \u0111\u00e3 quy\u1ebft li\u1ec7t ch\u1ed1ng tr\u1ea3 l\u1ea1i vi\u1ec7c b\u1eaft con m\u00ecnh. Nh\u01b0ng b\u00e0 \u0111\u00e3 b\u1ecb qu\u00e2n l\u00ednh nhanh ch\u00f3ng kh\u1ed1ng ch\u1ebf, v\u00e0 \u0111\u1ee9a tr\u1ebb s\u01a1 sinh \u0111\u01b0\u1ee3c \u0111\u01b0a v\u00e0o r\u1eebng nh\u01b0 l\u1ec7 th\u01b0\u1eddng&#8230; R\u1ed3i t\u1eeb m\u1ed9t s\u1ef1 c\u1ed1 ng\u1eabu nhi\u00ean, \u0111\u1ee9a b\u00e9 \u0111\u01b0\u1ee3c u\u1ed1ng \u00e1nh tr\u0103ng v\u00e0 tr\u1edf n\u00ean c\u00f3 ph\u00e9p thu\u1eadt. Kh\u00f4ng th\u1ec3 quay v\u1ec1 B\u1ea3o H\u1ed9 Qu\u1ed1c, \u0111\u1ee9a b\u00e9 s\u1ed1ng trong r\u1eebng b\u00ean m\u1ee5 ph\u00f9 th\u1ee7y.<br \/>\nH\u00f3a ra, \u0111\u1eb1ng sau c\u00e1nh r\u1eebng m\u1ecbt m\u00f9, b\u00ean c\u1ea1nh \u0111\u1ea7m l\u1ea7y hun h\u00fat v\u00e0 nh\u1eefng n\u00fai l\u1eeda ch\u1ef1c ch\u1edd phun l\u00e0 c\u1ea3 m\u1ed9t th\u1ebf gi\u1edbi k\u1ef3 di\u1ec7u d\u00e0nh cho c\u00f4 b\u00e9 b\u1ecb hi\u1ebfn t\u1ebf. Qu\u1ea3 th\u1ef1c c\u00f3 ph\u00f9 th\u1ee7y, qu\u00e1i v\u1eadt \u0111\u1ea7m l\u1ea7y, r\u1ed3ng phun l\u1eeda\u2026 nh\u01b0ng kh\u00e1c ho\u00e0n to\u00e0n v\u1edbi t\u01b0\u1edfng t\u01b0\u1ee3ng c\u1ee7a ng\u01b0\u1eddi d\u00e2n trong B\u1ea3o H\u1ed9 Qu\u1ed1c&#8230; V\u00e0 m\u1ee5 ph\u00f9 th\u1ee7y \u0111\u1ed9c \u00e1c, \u0111\u00e1ng s\u1ee3 nh\u1ea5t, l\u1ea1i \u0111ang s\u1ed1ng b\u00ean c\u1ea1nh h\u1ecd.<\/p>\n<p>M\u1edcI B\u1ea0N T\u00ccM \u0110\u1eccC NH\u1eeeNG T\u00c1C PH\u1ea8M \u0110\u1eb6C S\u1eaeC KH\u00c1C \u0110\u00c3 CHINH PH\u1ee4C H\u00c0NG TRI\u1ec6U TR\u1eba EM N\u01af\u1edaC M\u1ef8:<br \/>\n-Ng\u01b0\u1eddi b\u1ea1n \u1ea3o \u1ea3nh<br \/>\n-Bay v\u1edbi \u0111\u00f4i c\u00e1nh g\u00e3y<br \/>\n-Tumble &amp; Blue v\u00e0 l\u1eddi nguy\u1ec1n c\u1ee7a s\u1ed1 ph\u1eadn<br \/>\n-G\u00e1nh xi\u1ebfc d\u1ecb th\u01b0\u1eddng Mirandus<br \/>\n-B\u00e0i ca t\u1eeb n\u01a1i xa l\u1eafm<br \/>\n-C\u00f4 b\u00e9 u\u1ed1ng \u00e1nh tr\u0103ng<br \/>\n-C\u1eadu b\u00e9 ph\u00f9 th\u1ee7y<\/p>\n","protected":false},"featured_media":11095,"template":"","meta":{"_acf_changed":false},"product_brand":[],"product_cat":[77],"product_tag":[],"class_list":{"0":"post-11106","1":"product","2":"type-product","3":"status-publish","4":"has-post-thumbnail","6":"product_cat-van-hoc-kinh-dien","8":"first","9":"outofstock","10":"taxable","11":"shipping-taxable","12":"purchasable","13":"product-type-simple"},"supplier_id":null,"supplier_sku":"","barcode":null,"atum_controlled":true,"out_stock_date":"2024-10-21 08:12:43","out_stock_threshold":null,"inheritable":false,"inbound_stock":1,"stock_on_hold":0,"sold_today":0,"sales_last_days":0,"reserved_stock":0,"customer_returns":0,"warehouse_damage":0,"lost_in_post":0,"other_logs":0,"out_stock_days":464,"lost_sales":0,"has_location":false,"update_date":"2026-01-28T23:11:26","atum_locations":[],"atum_stock_status":"outofstock","restock_status":false,"low_stock_amount":"","sales_update_date":"2026-01-28T23:11:26","calc_backorders":null,"acf":{"publisher":{"ID":1517,"post_author":"1","post_date":"2021-02-17 01:14:41","post_date_gmt":"2021-02-16 23:14:41","post_content":"","post_title":"NXB Tr\u1ebb","post_excerpt":"","post_status":"publish","comment_status":"closed","ping_status":"closed","post_password":"","post_name":"nxb-tre","to_ping":"","pinged":"","post_modified":"2021-02-17 01:14:41","post_modified_gmt":"2021-02-16 23:14:41","post_content_filtered":"","post_parent":0,"guid":"https:\/\/sachviet.eu\/nha-phat-hanh\/nxb-tre\/","menu_order":0,"post_type":"publisher","post_mime_type":"","comment_count":"0","filter":"raw"}},"_links":{"self":[{"href":"https:\/\/sachviet.eu\/en\/wp-json\/wp\/v2\/product\/11106","targetHints":{"allow":["GET"]}}],"collection":[{"href":"https:\/\/sachviet.eu\/en\/wp-json\/wp\/v2\/product"}],"about":[{"href":"https:\/\/sachviet.eu\/en\/wp-json\/wp\/v2\/types\/product"}],"wp:featuredmedia":[{"embeddable":true,"href":"https:\/\/sachviet.eu\/en\/wp-json\/wp\/v2\/media\/11095"}],"wp:attachment":[{"href":"https:\/\/sachviet.eu\/en\/wp-json\/wp\/v2\/media?parent=11106"}],"wp:term":[{"taxonomy":"product_brand","embeddable":true,"href":"https:\/\/sachviet.eu\/en\/wp-json\/wp\/v2\/product_brand?post=11106"},{"taxonomy":"product_cat","embeddable":true,"href":"https:\/\/sachviet.eu\/en\/wp-json\/wp\/v2\/product_cat?post=11106"},{"taxonomy":"product_tag","embeddable":true,"href":"https:\/\/sachviet.eu\/en\/wp-json\/wp\/v2\/product_tag?post=11106"}],"curies":[{"name":"wp","href":"https:\/\/api.w.org\/{rel}","templated":true}]}}