{"id":11094,"date":"2021-06-03T01:22:35","date_gmt":"2021-06-02T22:22:35","guid":{"rendered":"https:\/\/sachviet.eu\/shop\/con-trai-phu-thuy\/"},"modified":"2022-11-30T14:09:31","modified_gmt":"2022-11-30T12:09:31","slug":"con-trai-phu-thuy","status":"publish","type":"product","link":"https:\/\/sachviet.eu\/en\/shop\/con-trai-phu-thuy\/","title":{"rendered":"Con Trai Ph\u00f9 Thu\u1ef7"},"content":{"rendered":"<p>\u1ede m\u1ed9t \u0111\u1ea5t n\u01b0\u1edbc xa x\u00f4i kh\u00f4ng ai bi\u1ebft t\u1edbi c\u00f3 m\u1ed9t c\u00f4 ph\u00f9 th\u1ee7y t\u1ed1t b\u1ee5ng v\u00e0 \u0111\u1ea7y quy\u1ec1n n\u0103ng canh gi\u1eef kho ph\u00e9p thu\u1eadt c\u1ed5 x\u01b0a. C\u00f4 c\u00f3 hai c\u1eadu con trai sinh \u0111\u00f4i Ned v\u00e0 Tam.Hai c\u1eadu b\u00e9 tinh anh v\u00e0 \u0111\u00e1ng y\u00eau \u0111\u01b0\u1ee3c ng\u01b0\u1eddi ng\u01b0\u1eddi y\u00eau m\u1ebfn. Cho \u0111\u1ebfn n\u0103m 7 tu\u1ed5i, Ned v\u00e0 Tam g\u1eb7p n\u1ea1n khi dong b\u00e8 d\u1ea1o ch\u01a1i tr\u00ean d\u00f2ng s\u00f4ng b\u1ecb ph\u00f9 ph\u00e9p. K\u1ebft qu\u1ea3 l\u00e0 ch\u1ec9 m\u00ecnh Ned tho\u00e1t ch\u1ebft. Ng\u01b0\u1eddi m\u1eb9 ph\u00f9 th\u1ee7y v\u00ec qu\u00e1 \u0111au l\u00f2ng, kh\u00f4ng mu\u1ed1n m\u1ea5t con n\u00ean \u0111\u00e3 gi\u1eef linh h\u1ed3n c\u1ee7a \u0111\u1ee9a con \u0111\u00e3 m\u1ea5t trong th\u00e2n x\u00e1c c\u1ee7a \u0111\u1ee9a c\u00f2n s\u1ed1ng &#8211; vi\u1ec7c n\u00e0y d\u1eabn \u0111\u1ebfn h\u1eadu qu\u1ea3 l\u00e0 Ned b\u1ecb c\u00e0 l\u0103m v\u00e0 kh\u00f4ng th\u1ec3 \u0111\u1ecdc ch\u1eef \u0111\u01b0\u1ee3c cho \u0111\u00e0ng ho\u00e0ng. D\u00e2n l\u00e0ng Ned cho r\u1eb1ng c\u1eadu m\u1edbi l\u00e0 \u0111\u1ee9a ph\u1ea3i ch\u1ebft \u0111i v\u00e0 gh\u00e9t b\u1ecf c\u1eadu. C\u1eadu b\u00e9 ph\u00e1t tri\u1ec3n r\u1ea5t ch\u1eadm v\u00e0 lu\u00f4n \u0111au y\u1ebfu, cho \u0111\u1ebfn 1 ng\u00e0y, m\u1ed9t b\u0103ng c\u01b0\u1edbp \u0111\u00e1nh h\u01a1i th\u1ea5y kho ph\u00e9p thu\u1eadt v\u00e0 m\u00f2 t\u1edbi l\u00e0ng v\u1edbi \u00fd \u0111\u1ecbnh c\u01b0\u1edbp \u0111i ph\u00e9p thu\u1eadt c\u1ee7a m\u1eb9 Ned, ch\u00ednh Ned l\u1ea1i l\u00e0 ng\u01b0\u1eddi h\u00f9ng b\u1ea3o v\u1ec7 ph\u00e9p thu\u1eadt. Cu\u1ed9c phi\u00eau l\u01b0u c\u1ee7a Ned b\u1eaft \u0111\u1ea7u t\u1eeb \u0111\u00e2y.<\/p>\n<p>C\u00f3 l\u1eddi ti\u00ean tri r\u1eb1ng, Ned s\u1ebd g\u1eb7p v\u00e0 c\u1ee9u con g\u00e1i Vua t\u01b0\u1edbng c\u01b0\u1edbp, v\u00e0 c\u00f4 b\u00e9 c\u0169ng s\u1ebd c\u1ee9u m\u1ea1ng c\u1eadu l\u1ea1i. \u0110\u1ebfn khi Ned g\u1eb7p con g\u00e1i vua t\u01b0\u1edbng c\u01b0\u1edbp, c\u00e2u h\u1ecfi l\u1edbn \u0111\u1eb7t ra l\u00e0 li\u1ec7u c\u1ea3 hai c\u00f3 c\u00f9ng nhau v\u01b0\u1ee3t qua \u0111\u01b0\u1ee3c khu r\u1eebng ma qu\u00e1i, x\u00f3a b\u1ecf cu\u1ed9c chi\u1ebfn tranh \u0111ang c\u00f3 nguy c\u01a1 di\u1ec5n ra \u0111e d\u1ecda ph\u00e1 ho\u1ea1i h\u1ebft m\u1ecdi th\u1ee9 t\u01b0\u01a1i \u0111\u1eb9p hay kh\u00f4ng?<\/p>\n","protected":false},"excerpt":{"rendered":"<p>\u1ede m\u1ed9t \u0111\u1ea5t n\u01b0\u1edbc xa x\u00f4i kh\u00f4ng ai bi\u1ebft t\u1edbi c\u00f3 m\u1ed9t c\u00f4 ph\u00f9 th\u1ee7y t\u1ed1t b\u1ee5ng v\u00e0 \u0111\u1ea7y quy\u1ec1n n\u0103ng canh gi\u1eef kho ph\u00e9p thu\u1eadt c\u1ed5 x\u01b0a. C\u00f4 c\u00f3 hai c\u1eadu con trai sinh \u0111\u00f4i Ned v\u00e0 Tam.Hai c\u1eadu b\u00e9 tinh anh v\u00e0 \u0111\u00e1ng y\u00eau \u0111\u01b0\u1ee3c ng\u01b0\u1eddi ng\u01b0\u1eddi y\u00eau m\u1ebfn. Cho \u0111\u1ebfn n\u0103m 7 tu\u1ed5i, Ned v\u00e0 Tam g\u1eb7p n\u1ea1n khi dong b\u00e8 d\u1ea1o ch\u01a1i tr\u00ean d\u00f2ng s\u00f4ng b\u1ecb ph\u00f9 ph\u00e9p. K\u1ebft qu\u1ea3 l\u00e0 ch\u1ec9 m\u00ecnh Ned tho\u00e1t ch\u1ebft. Ng\u01b0\u1eddi m\u1eb9 ph\u00f9 th\u1ee7y v\u00ec qu\u00e1 \u0111au l\u00f2ng, kh\u00f4ng mu\u1ed1n m\u1ea5t con n\u00ean \u0111\u00e3 gi\u1eef linh h\u1ed3n c\u1ee7a \u0111\u1ee9a con \u0111\u00e3 m\u1ea5t trong th\u00e2n x\u00e1c c\u1ee7a \u0111\u1ee9a c\u00f2n s\u1ed1ng &#8211; vi\u1ec7c n\u00e0y d\u1eabn \u0111\u1ebfn h\u1eadu qu\u1ea3 l\u00e0 Ned b\u1ecb c\u00e0 l\u0103m v\u00e0 kh\u00f4ng th\u1ec3 \u0111\u1ecdc ch\u1eef \u0111\u01b0\u1ee3c cho \u0111\u00e0ng ho\u00e0ng. D\u00e2n l\u00e0ng Ned cho r\u1eb1ng c\u1eadu m\u1edbi l\u00e0 \u0111\u1ee9a ph\u1ea3i ch\u1ebft \u0111i v\u00e0 gh\u00e9t b\u1ecf c\u1eadu. C\u1eadu b\u00e9 ph\u00e1t tri\u1ec3n r\u1ea5t ch\u1eadm v\u00e0 lu\u00f4n \u0111au y\u1ebfu, cho \u0111\u1ebfn 1 ng\u00e0y, m\u1ed9t b\u0103ng c\u01b0\u1edbp \u0111\u00e1nh h\u01a1i th\u1ea5y kho ph\u00e9p thu\u1eadt v\u00e0 m\u00f2 t\u1edbi l\u00e0ng v\u1edbi \u00fd \u0111\u1ecbnh c\u01b0\u1edbp \u0111i ph\u00e9p thu\u1eadt c\u1ee7a m\u1eb9 Ned, ch\u00ednh Ned l\u1ea1i l\u00e0 ng\u01b0\u1eddi h\u00f9ng b\u1ea3o v\u1ec7 ph\u00e9p thu\u1eadt. Cu\u1ed9c phi\u00eau l\u01b0u c\u1ee7a Ned b\u1eaft \u0111\u1ea7u t\u1eeb \u0111\u00e2y.<\/p>\n<p>C\u00f3 l\u1eddi ti\u00ean tri r\u1eb1ng, Ned s\u1ebd g\u1eb7p v\u00e0 c\u1ee9u con g\u00e1i Vua t\u01b0\u1edbng c\u01b0\u1edbp, v\u00e0 c\u00f4 b\u00e9 c\u0169ng s\u1ebd c\u1ee9u m\u1ea1ng c\u1eadu l\u1ea1i. \u0110\u1ebfn khi Ned g\u1eb7p con g\u00e1i vua t\u01b0\u1edbng c\u01b0\u1edbp, c\u00e2u h\u1ecfi l\u1edbn \u0111\u1eb7t ra l\u00e0 li\u1ec7u c\u1ea3 hai c\u00f3 c\u00f9ng nhau v\u01b0\u1ee3t qua \u0111\u01b0\u1ee3c khu r\u1eebng ma qu\u00e1i, x\u00f3a b\u1ecf cu\u1ed9c chi\u1ebfn tranh \u0111ang c\u00f3 nguy c\u01a1 di\u1ec5n ra \u0111e d\u1ecda ph\u00e1 ho\u1ea1i h\u1ebft m\u1ecdi th\u1ee9 t\u01b0\u01a1i \u0111\u1eb9p hay kh\u00f4ng?<\/p>\n","protected":false},"featured_media":11093,"template":"","meta":{"_acf_changed":false},"product_brand":[],"product_cat":[77],"product_tag":[],"class_list":{"0":"post-11094","1":"product","2":"type-product","3":"status-publish","4":"has-post-thumbnail","6":"product_cat-van-hoc-kinh-dien","8":"first","9":"outofstock","10":"taxable","11":"shipping-taxable","12":"purchasable","13":"product-type-simple"},"supplier_id":null,"supplier_sku":"","barcode":null,"atum_controlled":true,"out_stock_date":"2022-11-30 12:09:31","out_stock_threshold":null,"inheritable":false,"inbound_stock":0,"stock_on_hold":0,"sold_today":0,"sales_last_days":0,"reserved_stock":0,"customer_returns":0,"warehouse_damage":0,"lost_in_post":0,"other_logs":0,"out_stock_days":1155,"lost_sales":0,"has_location":false,"update_date":"2026-01-28T23:10:48","atum_locations":[],"atum_stock_status":"outofstock","restock_status":false,"low_stock_amount":"","sales_update_date":"2026-01-28T23:10:48","calc_backorders":null,"acf":{"publisher":{"ID":1517,"post_author":"1","post_date":"2021-02-17 01:14:41","post_date_gmt":"2021-02-16 23:14:41","post_content":"","post_title":"NXB Tr\u1ebb","post_excerpt":"","post_status":"publish","comment_status":"closed","ping_status":"closed","post_password":"","post_name":"nxb-tre","to_ping":"","pinged":"","post_modified":"2021-02-17 01:14:41","post_modified_gmt":"2021-02-16 23:14:41","post_content_filtered":"","post_parent":0,"guid":"https:\/\/sachviet.eu\/nha-phat-hanh\/nxb-tre\/","menu_order":0,"post_type":"publisher","post_mime_type":"","comment_count":"0","filter":"raw"}},"_links":{"self":[{"href":"https:\/\/sachviet.eu\/en\/wp-json\/wp\/v2\/product\/11094","targetHints":{"allow":["GET"]}}],"collection":[{"href":"https:\/\/sachviet.eu\/en\/wp-json\/wp\/v2\/product"}],"about":[{"href":"https:\/\/sachviet.eu\/en\/wp-json\/wp\/v2\/types\/product"}],"wp:featuredmedia":[{"embeddable":true,"href":"https:\/\/sachviet.eu\/en\/wp-json\/wp\/v2\/media\/11093"}],"wp:attachment":[{"href":"https:\/\/sachviet.eu\/en\/wp-json\/wp\/v2\/media?parent=11094"}],"wp:term":[{"taxonomy":"product_brand","embeddable":true,"href":"https:\/\/sachviet.eu\/en\/wp-json\/wp\/v2\/product_brand?post=11094"},{"taxonomy":"product_cat","embeddable":true,"href":"https:\/\/sachviet.eu\/en\/wp-json\/wp\/v2\/product_cat?post=11094"},{"taxonomy":"product_tag","embeddable":true,"href":"https:\/\/sachviet.eu\/en\/wp-json\/wp\/v2\/product_tag?post=11094"}],"curies":[{"name":"wp","href":"https:\/\/api.w.org\/{rel}","templated":true}]}}