{"id":11092,"date":"2021-06-03T01:22:28","date_gmt":"2021-06-02T22:22:28","guid":{"rendered":"https:\/\/sachviet.eu\/shop\/tuoi-tho-du-doi-set-2-quyen\/"},"modified":"2024-08-10T11:47:40","modified_gmt":"2024-08-10T08:47:40","slug":"tuoi-tho-du-doi-set-2-quyen","status":"publish","type":"product","link":"https:\/\/sachviet.eu\/en\/shop\/tuoi-tho-du-doi-set-2-quyen\/","title":{"rendered":"Tu\u1ed5i Th\u01a1 D\u1eef \u0110\u1ed9i &#8211; Set 2 quy\u1ec3n"},"content":{"rendered":"<p>\u201cTu\u1ed5i Th\u01a1 D\u1eef D\u1ed9i\u201d l\u00e0 m\u1ed9t c\u00e2u chuy\u1ec7n hay, c\u1ea3m \u0111\u1ed9ng vi\u1ebft v\u1ec1 tu\u1ed5i th\u01a1. S\u00e1ch d\u00e0y 404 trang m\u00e0 ng\u01b0\u1eddi \u0111\u1ecdc kh\u00f4ng bao gi\u1edd mu\u1ed1n ng\u1eebng l\u1ea1i, b\u1ecb l\u00f4i cu\u1ed1n v\u00ec nh\u1eefng nh\u00e2n v\u1eadt ng\u00e2y th\u01a1 c\u00f3, kh\u00f4n ranh c\u00f3, anh h\u00f9ng c\u00f3, v\u00ec nh\u1eefng s\u1ef1 vi\u1ec7c khi th\u00ec ly k\u1ef3, khi th\u00ec h\u00e0i h\u01b0\u1edbc, khi th\u00ec g\u00e2y x\u00fac \u0111\u1ed9ng \u0111\u1ebfn \u1ee9a n\u01b0\u1edbc m\u1eaft&#8230;<\/p>\n<p>&#8220;Tu\u1ed5i Th\u01a1 D\u1eef D\u1ed9i\u201d kh\u00f4ng ph\u1ea3i ch\u1ec9 l\u00e0 m\u1ed9t c\u00e2u chuy\u1ec7n c\u1ed5 t\u00edch, m\u00e0 l\u00e0 m\u1ed9t c\u00e2u chuy\u1ec7n c\u00f3 th\u1eadt \u1edf tr\u1ea7n gian, \u1edf \u0111\u00f3, nh\u1eefng con ng\u01b0\u1eddi tu\u1ed5i nh\u1ecf \u0111\u00e3 tham gia v\u00e0o cu\u1ed9c kh\u00e1ng chi\u1ebfn ch\u1ed1ng x\u00e2m l\u01b0\u1ee3c b\u1ea3o v\u1ec7 T\u1ed5 qu\u1ed1c v\u1edbi m\u1ed9t chu\u1ed7i nh\u1eefng chi\u1ebfn c\u00f4ng \u0111\u1ea7y \u1eafp li k\u00ec v\u00e0 h\u1ea5p d\u1eabn. \u0110\u1ecdc Tu\u1ed5i Th\u01a1 D\u1eef D\u1ed9i ch\u00ednh l\u00e0 \u0111\u1ecdc l\u1ea1i m\u1ed9t ph\u1ea7n l\u1ecbch s\u1eed tu\u1ed5i th\u01a1 Vi\u1ec7t, th\u1ea5m \u0111\u1eabm x\u00fac \u0111\u1ed9ng, c\u1ea3m ph\u1ee5c v\u00e0 t\u1ef1 h\u00e0o&#8230;&#8221;<\/p>\n<p>Nh\u00e0 th\u01a1 &#8211; nh\u1ea1c s\u0129 Nguy\u1ec5n Tr\u1ecdng T\u1ea1o<\/p>\n<p>&#8220;C\u00f3 m\u1ed9t vi\u00ean ng\u1ecdc qu\u00fd th\u1eddi gian d\u00e0nh ri\u00eang \u0111\u1ec3 ban t\u1eb7ng con ng\u01b0\u1eddi, \u0111\u00f3 l\u00e0 Tu\u1ed5i th\u01a1. Vi\u00ean ng\u1ecdc m\u00e0u nhi\u1ec7m, trong s\u00e1ng nh\u01b0ng qu\u00e1 mong manh, kh\u00f4ng th\u1ec3 t\u00ecm th\u1ea5y l\u1ea7n th\u1ee9 hai trong \u0111\u1eddi. V\u00e0 c\u00f3 m\u1ed9t th\u1ebf h\u1ec7 ng\u01b0\u1eddi Vi\u1ec7t ch\u01b0a bao gi\u1edd \u0111\u01b0\u1ee3c c\u1ea7m vi\u00ean ng\u1ecdc tr\u00ean tay, \u201cTu\u1ed5i th\u01a1 d\u1eef d\u1ed9i\u201d c\u1ee7a Ph\u00f9ng Qu\u00e1n \u0111\u01b0\u1ee3c vi\u1ebft cho th\u1ebf h\u1ec7 \u0111\u00f3. H\u00e3y \u0111\u1ecdc \u0111\u1ec3 nh\u1edb l\u1ea1i, \u0111\u1ec3 t\u1ef1 h\u00e0o, v\u00e0 \u0111\u1ec3 c\u1ea7u nguy\u1ec7n cho nh\u1eefng Tu\u1ed5i th\u01a1 s\u1eafp ra \u0111\u1eddi\u2026\u201d<\/p>\n<p>Nh\u00e0 v\u0103n Ho\u00e0ng Ph\u1ee7 Ng\u1ecdc T\u01b0\u1eddng<\/p>\n<p>1. Tu\u1ed5i Th\u01a1 D\u1eef D\u1ed9i &#8211; T\u1eadp 1 (T\u00e1i B\u1ea3n 2019)<\/p>\n<p>2. Tu\u1ed5i Th\u01a1 D\u1eef D\u1ed9i &#8211; T\u1eadp 2 (T\u00e1i B\u1ea3n 2019)<\/p>\n","protected":false},"excerpt":{"rendered":"<p>\u201cTu\u1ed5i Th\u01a1 D\u1eef D\u1ed9i\u201d l\u00e0 m\u1ed9t c\u00e2u chuy\u1ec7n hay, c\u1ea3m \u0111\u1ed9ng vi\u1ebft v\u1ec1 tu\u1ed5i th\u01a1. S\u00e1ch d\u00e0y 404 trang m\u00e0 ng\u01b0\u1eddi \u0111\u1ecdc kh\u00f4ng bao gi\u1edd mu\u1ed1n ng\u1eebng l\u1ea1i, b\u1ecb l\u00f4i cu\u1ed1n v\u00ec nh\u1eefng nh\u00e2n v\u1eadt ng\u00e2y th\u01a1 c\u00f3, kh\u00f4n ranh c\u00f3, anh h\u00f9ng c\u00f3, v\u00ec nh\u1eefng s\u1ef1 vi\u1ec7c khi th\u00ec ly k\u1ef3, khi th\u00ec h\u00e0i h\u01b0\u1edbc, khi th\u00ec g\u00e2y x\u00fac \u0111\u1ed9ng \u0111\u1ebfn \u1ee9a n\u01b0\u1edbc m\u1eaft&#8230;<\/p>\n<p>&#8220;Tu\u1ed5i Th\u01a1 D\u1eef D\u1ed9i\u201d kh\u00f4ng ph\u1ea3i ch\u1ec9 l\u00e0 m\u1ed9t c\u00e2u chuy\u1ec7n c\u1ed5 t\u00edch, m\u00e0 l\u00e0 m\u1ed9t c\u00e2u chuy\u1ec7n c\u00f3 th\u1eadt \u1edf tr\u1ea7n gian, \u1edf \u0111\u00f3, nh\u1eefng con ng\u01b0\u1eddi tu\u1ed5i nh\u1ecf \u0111\u00e3 tham gia v\u00e0o cu\u1ed9c kh\u00e1ng chi\u1ebfn ch\u1ed1ng x\u00e2m l\u01b0\u1ee3c b\u1ea3o v\u1ec7 T\u1ed5 qu\u1ed1c v\u1edbi m\u1ed9t chu\u1ed7i nh\u1eefng chi\u1ebfn c\u00f4ng \u0111\u1ea7y \u1eafp li k\u00ec v\u00e0 h\u1ea5p d\u1eabn. \u0110\u1ecdc Tu\u1ed5i Th\u01a1 D\u1eef D\u1ed9i ch\u00ednh l\u00e0 \u0111\u1ecdc l\u1ea1i m\u1ed9t ph\u1ea7n l\u1ecbch s\u1eed tu\u1ed5i th\u01a1 Vi\u1ec7t, th\u1ea5m \u0111\u1eabm x\u00fac \u0111\u1ed9ng, c\u1ea3m ph\u1ee5c v\u00e0 t\u1ef1 h\u00e0o&#8230;&#8221;<\/p>\n<p>Nh\u00e0 th\u01a1 &#8211; nh\u1ea1c s\u0129 Nguy\u1ec5n Tr\u1ecdng T\u1ea1o<\/p>\n<p>&#8220;C\u00f3 m\u1ed9t vi\u00ean ng\u1ecdc qu\u00fd th\u1eddi gian d\u00e0nh ri\u00eang \u0111\u1ec3 ban t\u1eb7ng con ng\u01b0\u1eddi, \u0111\u00f3 l\u00e0 Tu\u1ed5i th\u01a1. Vi\u00ean ng\u1ecdc m\u00e0u nhi\u1ec7m, trong s\u00e1ng nh\u01b0ng qu\u00e1 mong manh, kh\u00f4ng th\u1ec3 t\u00ecm th\u1ea5y l\u1ea7n th\u1ee9 hai trong \u0111\u1eddi. V\u00e0 c\u00f3 m\u1ed9t th\u1ebf h\u1ec7 ng\u01b0\u1eddi Vi\u1ec7t ch\u01b0a bao gi\u1edd \u0111\u01b0\u1ee3c c\u1ea7m vi\u00ean ng\u1ecdc tr\u00ean tay, \u201cTu\u1ed5i th\u01a1 d\u1eef d\u1ed9i\u201d c\u1ee7a Ph\u00f9ng Qu\u00e1n \u0111\u01b0\u1ee3c vi\u1ebft cho th\u1ebf h\u1ec7 \u0111\u00f3. H\u00e3y \u0111\u1ecdc \u0111\u1ec3 nh\u1edb l\u1ea1i, \u0111\u1ec3 t\u1ef1 h\u00e0o, v\u00e0 \u0111\u1ec3 c\u1ea7u nguy\u1ec7n cho nh\u1eefng Tu\u1ed5i th\u01a1 s\u1eafp ra \u0111\u1eddi\u2026\u201d<\/p>\n<p>Nh\u00e0 v\u0103n Ho\u00e0ng Ph\u1ee7 Ng\u1ecdc T\u01b0\u1eddng<\/p>\n<p>1. Tu\u1ed5i Th\u01a1 D\u1eef D\u1ed9i &#8211; T\u1eadp 1 (T\u00e1i B\u1ea3n 2019)<\/p>\n<p>2. Tu\u1ed5i Th\u01a1 D\u1eef D\u1ed9i &#8211; T\u1eadp 2 (T\u00e1i B\u1ea3n 2019)<\/p>\n","protected":false},"featured_media":11081,"template":"","meta":{"_acf_changed":false},"product_brand":[],"product_cat":[15,45],"product_tag":[],"class_list":{"0":"post-11092","1":"product","2":"type-product","3":"status-publish","4":"has-post-thumbnail","6":"product_cat-sach-danh-cho-nguoi-lon","7":"product_cat-tieu-thuyet","9":"first","10":"outofstock","11":"taxable","12":"shipping-taxable","13":"purchasable","14":"product-type-simple"},"supplier_id":null,"supplier_sku":"","barcode":null,"atum_controlled":true,"out_stock_date":"2024-08-10 08:47:40","out_stock_threshold":null,"inheritable":false,"inbound_stock":2,"stock_on_hold":0,"sold_today":0,"sales_last_days":0,"reserved_stock":0,"customer_returns":0,"warehouse_damage":0,"lost_in_post":0,"other_logs":0,"out_stock_days":536,"lost_sales":0,"has_location":false,"update_date":"2026-01-28T23:11:19","atum_locations":[],"atum_stock_status":"outofstock","restock_status":false,"low_stock_amount":"","sales_update_date":"2026-01-28T23:11:19","calc_backorders":null,"acf":{"publisher":{"ID":1454,"post_author":"1","post_date":"2021-02-17 01:11:34","post_date_gmt":"2021-02-16 23:11:34","post_content":"<!-- wp:flatsome\/uxbuilder -->\n<h1 style=\"text-align: center;\"><strong>Kim \u0110\u1ed3ng<\/strong><\/h1>\n[row]\n\n[col span=\"3\" span__sm=\"12\"]\n\n[ux_image id=\"1534\" image_size=\"medium\"]\n\n\n[\/col]\n[col span=\"9\" span__sm=\"12\"]\n\n<p>Nh\u00e0 xu\u1ea5t b\u1ea3n Kim \u0110\u1ed3ng tr\u1ef1c thu\u1ed9c Trung \u01b0\u01a1ng \u0110o\u00e0n TNCS H\u1ed3 Ch\u00ed Minh l\u00e0 Nh\u00e0 xu\u1ea5t b\u1ea3n t\u1ed5ng h\u1ee3p c\u00f3 ch\u1ee9c n\u0103ng xu\u1ea5t b\u1ea3n s\u00e1ch v\u00e0 v\u0103n h\u00f3a ph\u1ea9m ph\u1ee5c v\u1ee5 thi\u1ebfu nhi v\u00e0 c\u00e1c b\u1eadc ph\u1ee5 huynh trong c\u1ea3 n\u01b0\u1edbc, qu\u1ea3ng b\u00e1 v\u00e0 gi\u1edbi thi\u1ec7u v\u0103n h\u00f3a Vi\u1ec7t Nam ra th\u1ebf gi\u1edbi.<br \/>Nh\u00e0 xu\u1ea5t b\u1ea3n c\u00f3 nhi\u1ec7m v\u1ee5 t\u1ed5 ch\u1ee9c b\u1ea3n th\u1ea3o, bi\u00ean so\u1ea1n, bi\u00ean d\u1ecbch, xu\u1ea5t b\u1ea3n v\u00e0 ph\u00e1t h\u00e0nh c\u00e1c xu\u1ea5t b\u1ea3n ph\u1ea9m c\u00f3 n\u1ed9i dung: gi\u00e1o d\u1ee5c truy\u1ec1n th\u1ed1ng d\u00e2n t\u1ed9c, gi\u00e1o d\u1ee5c v\u1ec1 tri th\u1ee9c, ki\u1ebfn th\u1ee9c\u2026 tr\u00ean c\u00e1c l\u0129nh v\u1ef1c v\u0103n h\u1ecdc, ngh\u1ec7 thu\u1eadt, khoa h\u1ecdc k\u1ef9 thu\u1eadt nh\u1eb1m cung c\u1ea5p cho c\u00e1c em thi\u1ebfu nhi c\u0169ng nh\u01b0 c\u00e1c b\u1eadc ph\u1ee5 huynh c\u00e1c ki\u1ebfn th\u1ee9c c\u1ea7n thi\u1ebft trong cu\u1ed9c s\u1ed1ng, nh\u1eefng tinh hoa c\u1ee7a tri th\u1ee9c nh\u00e2n lo\u1ea1i nh\u1eb1m g\u00f3p ph\u1ea7n gi\u00e1o d\u1ee5c v\u00e0 h\u00ecnh th\u00e0nh nh\u00e2n c\u00e1ch th\u1ebf h\u1ec7 tr\u1ebb.<br \/>\u0110\u1ed1i t\u01b0\u1ee3ng ph\u1ee5c v\u1ee5 c\u1ee7a Nh\u00e0 xu\u1ea5t b\u1ea3n l\u00e0 c\u00e1c em t\u1eeb tu\u1ed5i nh\u00e0 tr\u1ebb m\u1eabu gi\u00e1o (1 \u0111\u1ebfn 5 tu\u1ed5i), nhi \u0111\u1ed3ng (6 \u0111\u1ebfn 9 tu\u1ed5i), thi\u1ebfu ni\u00ean (10 \u0111\u1ebfn 15 tu\u1ed5i) \u0111\u1ebfn c\u00e1c em tu\u1ed5i m\u1edbi l\u1edbn (16 \u0111\u1ebfn 18 tu\u1ed5i) v\u00e0 c\u00e1c b\u1eadc ph\u1ee5 huynh.<\/p>\n\n[\/col]\n\n[\/row]\n\n<!-- \/wp:flatsome\/uxbuilder -->","post_title":"Kim \u0110\u1ed3ng","post_excerpt":"","post_status":"publish","comment_status":"closed","ping_status":"closed","post_password":"","post_name":"kim-dong","to_ping":"","pinged":"","post_modified":"2021-02-17 01:31:56","post_modified_gmt":"2021-02-16 23:31:56","post_content_filtered":"","post_parent":0,"guid":"https:\/\/sachviet.eu\/nha-phat-hanh\/kim-dong\/","menu_order":0,"post_type":"publisher","post_mime_type":"","comment_count":"0","filter":"raw"}},"_links":{"self":[{"href":"https:\/\/sachviet.eu\/en\/wp-json\/wp\/v2\/product\/11092","targetHints":{"allow":["GET"]}}],"collection":[{"href":"https:\/\/sachviet.eu\/en\/wp-json\/wp\/v2\/product"}],"about":[{"href":"https:\/\/sachviet.eu\/en\/wp-json\/wp\/v2\/types\/product"}],"wp:featuredmedia":[{"embeddable":true,"href":"https:\/\/sachviet.eu\/en\/wp-json\/wp\/v2\/media\/11081"}],"wp:attachment":[{"href":"https:\/\/sachviet.eu\/en\/wp-json\/wp\/v2\/media?parent=11092"}],"wp:term":[{"taxonomy":"product_brand","embeddable":true,"href":"https:\/\/sachviet.eu\/en\/wp-json\/wp\/v2\/product_brand?post=11092"},{"taxonomy":"product_cat","embeddable":true,"href":"https:\/\/sachviet.eu\/en\/wp-json\/wp\/v2\/product_cat?post=11092"},{"taxonomy":"product_tag","embeddable":true,"href":"https:\/\/sachviet.eu\/en\/wp-json\/wp\/v2\/product_tag?post=11092"}],"curies":[{"name":"wp","href":"https:\/\/api.w.org\/{rel}","templated":true}]}}