{"id":11077,"date":"2021-06-03T01:21:36","date_gmt":"2021-06-02T22:21:36","guid":{"rendered":"https:\/\/sachviet.eu\/shop\/cari-mora\/"},"modified":"2023-05-22T13:42:21","modified_gmt":"2023-05-22T10:42:21","slug":"cari-mora","status":"publish","type":"product","link":"https:\/\/sachviet.eu\/en\/shop\/cari-mora\/","title":{"rendered":"Cari Mora"},"content":{"rendered":"<p>Cari Mora l\u00e0 cu\u1ed1n ti\u1ec3u thuy\u1ebft th\u1ee9 6 trong s\u1ef1 nghi\u1ec7p v\u0103n ch\u01b0\u01a1ng c\u1ee7a Thomas Harris, \u0111\u01b0\u1ee3c ph\u00e1t h\u00e0nh n\u0103m 2019, tr\u00f2n m\u01b0\u1eddi ba n\u0103m k\u1ec3 t\u1eeb khi \u00f4ng t\u1ea1m th\u1eddi \u201cphong b\u00fat\u201d sau khi vi\u1ebft Hannibal tr\u1ed7i d\u1eady, cu\u1ed1n ti\u1ec3u thuy\u1ebft th\u1ee9 5 trong \u0111\u1eddi v\u0103n c\u1ee7a \u00f4ng v\u00e0 \u0111\u1ed3ng th\u1eddi l\u00e0 t\u00e1c ph\u1ea9m cu\u1ed1i c\u00f9ng \u00f4ng vi\u1ebft v\u1ec1 Hannibal Lecter.<\/p>\n<p>\u201cV\u1edbi Cari Mora, Harris \u0111\u00e3 th\u1ec3 hi\u1ec7n ng\u00f3n ngh\u1ec1 s\u1edf tr\u01b0\u1eddng c\u1ee7a m\u00ecnh: d\u1eabn d\u1eaft ch\u00fang ta ti\u1ebfn v\u00e0o m\u1ed9t h\u00e0nh tr\u00ecnh ly k\u1ef3, ngh\u1eb9t th\u1edf. B\u1ea1n s\u1ebd m\u1ea5t \u0103n. B\u1ea1n s\u1ebd m\u1ea5t ng\u1ee7. B\u1ea1n s\u1ebd \u0111\u1ecdc ng\u1ea5u nghi\u1ebfn cho t\u1edbi d\u00f2ng ch\u1eef cu\u1ed1i c\u00f9ng.\u201d &#8211; Pittsburgh Post-Gazette<\/p>\n<p>GI\u1edaI THI\u1ec6U S\u00c1CH:<\/p>\n<p>Cari Mora l\u00e0 qu\u1ea3n gia b\u00e1n th\u1eddi gian cho t\u00f2a nh\u00e0 l\u1edbn Escoba b\u00ean b\u1edd bi\u1ec3n Miami Beach, Floria. Nh\u01b0ng c\u00f4 kh\u00f4ng ph\u1ea3i qu\u1ea3n gia b\u00ecnh th\u01b0\u1eddng. C\u00f4 t\u1eebng l\u00e0 m\u1ed9t l\u00ednh tr\u1ebb em s\u1ed1ng trong r\u1eebng s\u00e2u Colombia v\u00e0 t\u00f2a nh\u00e0 Escoba v\u1ed1n l\u00e0 nh\u00e0 c\u0169 c\u1ee7a m\u1ed9t tay tr\u00f9m ma t\u00fay kh\u00e1t m\u00e1u, n\u01a1i c\u1ea5t gi\u1ea5u n\u1eeda t\u1ea5n v\u00e0ng su\u1ed1t bao n\u0103m v\u1eabn khi\u1ebfn c\u1ea3 FBI l\u1eabn nh\u1eefng nh\u00f3m t\u1ed9i ph\u1ea1m kh\u00e9t ti\u1ebfng s\u0103n l\u00f9ng trong v\u00f4 v\u1ecdng.<\/p>\n<p>Xinh \u0111\u1eb9p, tr\u1ebb trung v\u00e0 mang tr\u00ean m\u00ecnh d\u1ea5u \u1ea5n kh\u1ed1c li\u1ec7t c\u1ee7a chi\u1ebfn tranh, Cari Mora kh\u00f4ng ch\u1ec9 v\u00f4 t\u00ecnh b\u1ecb cu\u1ed1n v\u00e0o cu\u1ed9c s\u0103n t\u00ecm kho b\u00e1u c\u1ee7a nh\u1eefng b\u0103ng nh\u00f3m t\u1ed9i ph\u1ea1m m\u00e0 c\u00f2n tr\u1edf th\u00e0nh m\u1ee5c ti\u00eau s\u0103n \u0111u\u1ed5i c\u1ee7a Hans-Peter &#8211; t\u00ean t\u1ed9i ph\u1ea1m kh\u00e9t ti\u1ebfng chuy\u00ean bu\u00f4n n\u1ed9i t\u1ea1ng ng\u01b0\u1eddi v\u00e0 b\u00e1n nh\u1eefng ph\u1ee5 n\u1eef \u0111\u00e3 b\u1ecb c\u1eaft x\u1ebbo cho c\u00e1c h\u1ed9i nh\u00f3m c\u00f3 s\u1edf th\u00edch k\u1ef3 d\u1ecb \u1edf kh\u1eafp n\u01a1i tr\u00ean th\u1ebf gi\u1edbi.<\/p>\n<p>L\u1ea1i m\u1ed9t l\u1ea7n n\u1eefa, Cari Mora bu\u1ed9c ph\u1ea3i ch\u1ea1y \u0111ua v\u1edbi th\u1eddi gian, kh\u00f4ng ch\u1ec9 \u0111\u1ec3 tr\u1ed1n kh\u1ecfi qu\u00e1 kh\u1ee9, m\u00e0 c\u00f2n \u0111\u1ec3 b\u1ea3o to\u00e0n m\u1ea1ng s\u1ed1ng c\u1ee7a ch\u00ednh m\u00ecnh&#8230;<\/p>\n<p>T\u00c1C GI\u1ea2:<\/p>\n<p>Thomas Harris l\u00e0 nh\u00e0 v\u0103n ki\u00eam bi\u00ean k\u1ecbch n\u1ed5i ti\u1ebfng ng\u01b0\u1eddi M\u1ef9. T\u00ean tu\u1ed5i Harris g\u1eafn li\u1ec1n v\u1edbi x\u00ea ri ti\u1ec3u thuy\u1ebft kinh d\u1ecb v\u1ec1 nh\u00e2n v\u1eadt n\u1ed5i ti\u1ebfng nh\u1ea5t c\u1ee7a \u00f4ng, Hannibal Lecter. Lecter \u0111\u1ee9ng th\u1ee9 t\u00e1m trong danh s\u00e1ch 100 nh\u00e2n v\u1eadt tuy\u1ec7t v\u1eddi nh\u1ea5t trong hai th\u1eadp k\u1ef7 t\u1eeb 1990 t\u1edbi 2010 do Entertainment Weekly b\u1ea7u ch\u1ecdn v\u00e0 \u0111\u1ee9ng \u0111\u1ea7u danh s\u00e1ch 100 nh\u00e2n v\u1eadt ph\u1ea3n di\u1ec7n do Vi\u1ec7n Phim M\u1ef9 b\u1ea7u ch\u1ecdn. T\u1ea5t c\u1ea3 c\u00e1c t\u00e1c ph\u1ea9m c\u1ee7a Harris \u0111\u1ec1u \u0111\u01b0\u1ee3c chuy\u1ec3n th\u1ec3 th\u00e0nh phim, v\u00e0 n\u1ed5i b\u1eadt nh\u1ea5t l\u00e0 b\u1ed9 phim S\u1ef1 im l\u1eb7ng c\u1ee7a b\u1ea7y c\u1eebu, m\u1ed9t trong ba b\u1ed9 phim trong l\u1ecbch s\u1eed Gi\u1ea3i th\u01b0\u1edfng Vi\u1ec7n H\u00e0n l\u00e2m c\u00e0n qu\u00e9t v\u1ec1 c\u1ea3 n\u0103m t\u01b0\u1ee3ng v\u00e0ng Oscar cho c\u00e1c h\u1ea1ng m\u1ee5c quan tr\u1ecdng nh\u1ea5t.<\/p>\n<p>C\u00e1c t\u00e1c ph\u1ea9m c\u1ee7a Thomas Harris do Nh\u00e3 Nam ph\u00e1t h\u00e0nh:<br \/>\n&#8211; R\u1ed3ng \u0110\u1ecf<br \/>\n&#8211; S\u1ef1 im l\u1eb7ng c\u1ee7a b\u1ea7y c\u1eebu<br \/>\n&#8211; Hannibal<br \/>\n&#8211; Hannibal Tr\u1ed7i d\u1eady<br \/>\n&#8211; Cari Mora<\/p>\n","protected":false},"excerpt":{"rendered":"<p>Cari Mora l\u00e0 cu\u1ed1n ti\u1ec3u thuy\u1ebft th\u1ee9 6 trong s\u1ef1 nghi\u1ec7p v\u0103n ch\u01b0\u01a1ng c\u1ee7a Thomas Harris, \u0111\u01b0\u1ee3c ph\u00e1t h\u00e0nh n\u0103m 2019, tr\u00f2n m\u01b0\u1eddi ba n\u0103m k\u1ec3 t\u1eeb khi \u00f4ng t\u1ea1m th\u1eddi \u201cphong b\u00fat\u201d sau khi vi\u1ebft Hannibal tr\u1ed7i d\u1eady, cu\u1ed1n ti\u1ec3u thuy\u1ebft th\u1ee9 5 trong \u0111\u1eddi v\u0103n c\u1ee7a \u00f4ng v\u00e0 \u0111\u1ed3ng th\u1eddi l\u00e0 t\u00e1c ph\u1ea9m cu\u1ed1i c\u00f9ng \u00f4ng vi\u1ebft v\u1ec1 Hannibal Lecter.<\/p>\n<p>\u201cV\u1edbi Cari Mora, Harris \u0111\u00e3 th\u1ec3 hi\u1ec7n ng\u00f3n ngh\u1ec1 s\u1edf tr\u01b0\u1eddng c\u1ee7a m\u00ecnh: d\u1eabn d\u1eaft ch\u00fang ta ti\u1ebfn v\u00e0o m\u1ed9t h\u00e0nh tr\u00ecnh ly k\u1ef3, ngh\u1eb9t th\u1edf. B\u1ea1n s\u1ebd m\u1ea5t \u0103n. B\u1ea1n s\u1ebd m\u1ea5t ng\u1ee7. B\u1ea1n s\u1ebd \u0111\u1ecdc ng\u1ea5u nghi\u1ebfn cho t\u1edbi d\u00f2ng ch\u1eef cu\u1ed1i c\u00f9ng.\u201d &#8211; Pittsburgh Post-Gazette<\/p>\n<p>GI\u1edaI THI\u1ec6U S\u00c1CH:<\/p>\n<p>Cari Mora l\u00e0 qu\u1ea3n gia b\u00e1n th\u1eddi gian cho t\u00f2a nh\u00e0 l\u1edbn Escoba b\u00ean b\u1edd bi\u1ec3n Miami Beach, Floria. Nh\u01b0ng c\u00f4 kh\u00f4ng ph\u1ea3i qu\u1ea3n gia b\u00ecnh th\u01b0\u1eddng. C\u00f4 t\u1eebng l\u00e0 m\u1ed9t l\u00ednh tr\u1ebb em s\u1ed1ng trong r\u1eebng s\u00e2u Colombia v\u00e0 t\u00f2a nh\u00e0 Escoba v\u1ed1n l\u00e0 nh\u00e0 c\u0169 c\u1ee7a m\u1ed9t tay tr\u00f9m ma t\u00fay kh\u00e1t m\u00e1u, n\u01a1i c\u1ea5t gi\u1ea5u n\u1eeda t\u1ea5n v\u00e0ng su\u1ed1t bao n\u0103m v\u1eabn khi\u1ebfn c\u1ea3 FBI l\u1eabn nh\u1eefng nh\u00f3m t\u1ed9i ph\u1ea1m kh\u00e9t ti\u1ebfng s\u0103n l\u00f9ng trong v\u00f4 v\u1ecdng.<\/p>\n<p>Xinh \u0111\u1eb9p, tr\u1ebb trung v\u00e0 mang tr\u00ean m\u00ecnh d\u1ea5u \u1ea5n kh\u1ed1c li\u1ec7t c\u1ee7a chi\u1ebfn tranh, Cari Mora kh\u00f4ng ch\u1ec9 v\u00f4 t\u00ecnh b\u1ecb cu\u1ed1n v\u00e0o cu\u1ed9c s\u0103n t\u00ecm kho b\u00e1u c\u1ee7a nh\u1eefng b\u0103ng nh\u00f3m t\u1ed9i ph\u1ea1m m\u00e0 c\u00f2n tr\u1edf th\u00e0nh m\u1ee5c ti\u00eau s\u0103n \u0111u\u1ed5i c\u1ee7a Hans-Peter &#8211; t\u00ean t\u1ed9i ph\u1ea1m kh\u00e9t ti\u1ebfng chuy\u00ean bu\u00f4n n\u1ed9i t\u1ea1ng ng\u01b0\u1eddi v\u00e0 b\u00e1n nh\u1eefng ph\u1ee5 n\u1eef \u0111\u00e3 b\u1ecb c\u1eaft x\u1ebbo cho c\u00e1c h\u1ed9i nh\u00f3m c\u00f3 s\u1edf th\u00edch k\u1ef3 d\u1ecb \u1edf kh\u1eafp n\u01a1i tr\u00ean th\u1ebf gi\u1edbi.<\/p>\n<p>L\u1ea1i m\u1ed9t l\u1ea7n n\u1eefa, Cari Mora bu\u1ed9c ph\u1ea3i ch\u1ea1y \u0111ua v\u1edbi th\u1eddi gian, kh\u00f4ng ch\u1ec9 \u0111\u1ec3 tr\u1ed1n kh\u1ecfi qu\u00e1 kh\u1ee9, m\u00e0 c\u00f2n \u0111\u1ec3 b\u1ea3o to\u00e0n m\u1ea1ng s\u1ed1ng c\u1ee7a ch\u00ednh m\u00ecnh&#8230;<\/p>\n","protected":false},"featured_media":11076,"template":"","meta":{"_acf_changed":false},"product_brand":[],"product_cat":[15,45],"product_tag":[],"class_list":{"0":"post-11077","1":"product","2":"type-product","3":"status-publish","4":"has-post-thumbnail","6":"product_cat-sach-danh-cho-nguoi-lon","7":"product_cat-tieu-thuyet","9":"first","10":"outofstock","11":"taxable","12":"shipping-taxable","13":"purchasable","14":"product-type-simple"},"supplier_id":null,"supplier_sku":"","barcode":null,"atum_controlled":true,"out_stock_date":"2023-05-22 10:42:21","out_stock_threshold":null,"inheritable":false,"inbound_stock":1,"stock_on_hold":0,"sold_today":0,"sales_last_days":0,"reserved_stock":0,"customer_returns":0,"warehouse_damage":0,"lost_in_post":0,"other_logs":0,"out_stock_days":982,"lost_sales":0,"has_location":false,"update_date":"2026-01-28T23:10:48","atum_locations":[],"atum_stock_status":"outofstock","restock_status":false,"low_stock_amount":"","sales_update_date":"2026-01-28T23:10:48","calc_backorders":null,"acf":{"publisher":{"ID":1424,"post_author":"1","post_date":"2021-02-17 00:02:29","post_date_gmt":"2021-02-16 22:02:29","post_content":"<!-- wp:flatsome\/uxbuilder -->\n<h1 style=\"text-align: center\"><strong>Nh\u00e3 Nam<\/strong><\/h1>\n[row]\n\n[col span=\"6\" span__sm=\"12\"]\n\n[ux_image id=\"1438\" image_size=\"medium\"]\n\n\n[\/col]\n[col span=\"6\" span__sm=\"12\"]\n\n<p><strong>C\u00f4ng ty c\u1ed5 ph\u1ea7n V\u0103n h\u00f3a v\u00e0 Truy\u1ec1n th\u00f4ng Nh\u00e3 Nam<\/strong><\/p>\n<p>Th\u00e1ng 2 n\u0103m 2005, Nh\u00e3 Nam, t\u00ean \u0111\u1ea7y \u0111\u1ee7 l\u00e0 C\u00f4ng ty C\u1ed5 ph\u1ea7n V\u0103n h\u00f3a v\u00e0 Truy\u1ec1n th\u00f4ng Nh\u00e3 Nam \u0111\u00e3 gia nh\u1eadp th\u1ecb tr\u01b0\u1eddng s\u00e1ch. T\u00e1c ph\u1ea9m \"Balzac v\u00e0 c\u00f4 b\u00e9 th\u1ee3 may Trung hoa\" c\u1ee7a \u0110\u1edbi T\u01b0 Ki\u1ec7t l\u00e0 cu\u1ed1n s\u00e1ch \u0111\u1ea7u ti\u00ean \u0111\u01b0\u1ee3c nh\u1eefng ng\u01b0\u1eddi s\u00e1ng l\u1eadp Nh\u00e3 Nam xu\u1ea5t b\u1ea3n c\u1ea3 tr\u01b0\u1edbc khi c\u00f4ng ty ra \u0111\u1eddi. Ngay l\u1eadp t\u1ee9c t\u1eeb cu\u1ed1n s\u00e1ch \u0111\u1ea7u ti\u00ean, \u0111\u1ed9c gi\u1ea3 \u0111\u00e3 d\u00e0nh s\u1ef1 quan t\u00e2m v\u00e0 y\u00eau m\u1ebfn cho m\u1ed9t th\u01b0\u01a1ng hi\u1ec7u s\u00e1ch m\u1edbi m\u1ebb mang trong m\u00ecnh kh\u00e1t v\u1ecdng g\u00f3p ph\u1ea7n t\u1ea1o l\u1eadp di\u1ec7n m\u1ea1o m\u1edbi cho xu\u1ea5t b\u1ea3n v\u0103n h\u1ecdc t\u1ea1i Vi\u1ec7t Nam.<\/p>\n<p>L\u00f2ng say m\u00ea c\u1ee7a \u0111\u1ed9i ng\u0169 l\u00e0 vi\u00ean \u0111\u00e1 \u0111\u1ea7u ti\u00ean. Tr\u1ea3i qua m\u1ea5y n\u0103m ph\u00e1t tri\u1ec3n, Nh\u00e3 Nam \u0111\u00e3 \u0111\u01b0\u1ee3c x\u00e2y d\u1ef1ng d\u1ea7n l\u00ean trong di\u1ec7n m\u1ea1o m\u1ed9t nh\u00e0 xu\u1ea5t b\u1ea3n v\u1eefng ch\u00e3i v\u00e0 chuy\u00ean nghi\u1ec7p. S\u00e1u th\u00e1ng sau khi th\u00e0nh l\u1eadp c\u00f4ng ty, Nh\u1eadt k\u00fd \u0110\u1eb7ng Th\u00f9y Tr\u00e2m ra \u0111\u1eddi, t\u1ea1o n\u00ean m\u1ed9t c\u01a1n s\u1ed1t trong x\u00e3 h\u1ed9i, v\u1edbi g\u1ea7n 500,000 b\u1ea3n s\u00e1ch \u0111\u01b0\u1ee3c ph\u00e1t h\u00e0nh, ph\u00e1 m\u1ecdi k\u1ef7 l\u1ee5c v\u1ec1 xu\u1ea5t b\u1ea3n tr\u01b0\u1edbc \u0111\u00f3, k\u00e9o theo m\u1ed9t lo\u1ea1t nh\u1eefng hi\u1ec7u \u1ee9ng x\u00e3 h\u1ed9i v\u00e0 d\u01b0 lu\u1eadn c\u00f3 \u00fd ngh\u0129a. T\u1eeb \u0111\u00f3 tr\u1edf \u0111i, th\u00f4ng qua Nh\u00e3 Nam, c\u00e1c cu\u1ed1n s\u00e1ch v\u0103n h\u1ecdc n\u01b0\u1edbc ngo\u00e0i c\u00f3 gi\u00e1 tr\u1ecb \u0111\u01b0\u1ee3c li\u00ean t\u1ee5c mua b\u1ea3n quy\u1ec1n v\u00e0 xu\u1ea5t b\u1ea3n t\u1ea1i Vi\u1ec7t Nam, thu h\u00fat nhi\u1ec1u t\u1ea7ng l\u1edbp \u0111\u1ed9c gi\u1ea3. S\u00e1ch c\u1ee7a Nh\u00e3 Nam n\u1ed5i b\u1eadt b\u1edfi n\u1ed9i dung v\u0103n h\u1ecdc tinh t\u1ebf, b\u1edfi v\u1ebb \u0111\u1eb9p c\u1ee7a thi\u1ebft k\u1ebf hi\u1ec7n \u0111\u1ea1i \u1edf h\u00ecnh th\u1ee9c, b\u1edfi s\u1ef1 ch\u0103m ch\u00fat k\u1ef9 l\u01b0\u1ee1ng cho m\u1ed7i cu\u1ed1n s\u00e1ch nh\u01b0 m\u1ed9t con thuy\u1ec1n mang t\u1edbi ni\u1ec1m vui, tri th\u1ee9c, ng\u1ea1c nhi\u00ean, v\u00e0 \u0111\u1ed3ng c\u1ea3m.<\/p>\n\n[\/col]\n\n[\/row]\n<p style=\"text-align: left\">Hi\u1ec3u th\u1eddi \u0111\u1ea1i \u0111ang s\u1ed1ng th\u00f4ng qua s\u00e1ch, song h\u00e0nh v\u1edbi nh\u1eefng bi\u1ebfn chuy\u1ec3n s\u00e2u s\u1eafc trong l\u00f2ng x\u00e3 h\u1ed9i b\u1eb1ng nh\u1eefng ho\u1ea1t \u0111\u1ed9ng xu\u1ea5t b\u1ea3n mi\u1ec7t m\u00e0i v\u00e0 qu\u1ea3 c\u1ea3m, con \u0111\u01b0\u1eddng Nh\u00e3 Nam \u0111\u00e3 ch\u1ecdn \u0111\u1ec3 \u0111i s\u1ebd c\u00f2n d\u00e0i. Nhi\u1ec1u kh\u00f3 kh\u0103n, th\u1eed th\u00e1ch \u0111ang \u1edf ph\u00eda tr\u01b0\u1edbc. B\u01b0\u1edbc qua th\u1eddi k\u1ef3 s\u01a1 khai v\u1edbi nh\u1eefng b\u00e0i h\u1ecdc v\u00e0 nh\u1eefng kinh nghi\u1ec7m \u0111\u1ea7u ti\u00ean, Nh\u00e3 Nam gi\u1edd \u0111\u00e3 s\u1eb5n s\u00e0ng cho m\u1ed9t ch\u1eb7ng \u0111\u01b0\u1eddng ph\u00e1t tri\u1ec3n m\u1edbi. V\u00e0 ch\u00fang t\u00f4i mu\u1ed1n ho\u00e0n thi\u1ec7n m\u00ecnh trong s\u1ef1 c\u1ea7u th\u1ecb v\u00e0 c\u1ea9n tr\u1ecdng. T\u1ea5t c\u1ea3 v\u00ec m\u1ed9t gia s\u1ea3n s\u00e1ch to l\u1edbn, c\u00f3 s\u1ee9c s\u1ed1ng d\u00e0i l\u00e2u, c\u00f3 \u00fd ngh\u0129a v\u1edbi nhi\u1ec1u th\u1ebf h\u1ec7 b\u1ea1n \u0111\u1ecdc.<br \/>B\u1edfi v\u00ec s\u00e1ch l\u00e0 th\u1ebf gi\u1edbi.<\/p>\n<p><strong>\u0110\u00e2y l\u00e0 m\u1ed9t nh\u00e0 ph\u00e1t h\u00e0nh s\u00e1ch m\u00e0 SACHVIET.EU r\u1ea5t y\u00eau th\u00edch v\u00e0 tin t\u01b0\u1edfng. Nh\u00ecn \u0111\u01b0\u1ee3c t\u1ea7m \u1ea3nh h\u01b0\u1edfng c\u1ee7a Nh\u00e3 Nam qua t\u1eebng cu\u1ed1n s\u00e1ch, SACHVIET.EU li\u00ean h\u1ec7 h\u1ee3p t\u00e1c ngay v\u1edbi Nh\u00e3 Nam \u0111\u1ec3 \u0111em to\u00e0n b\u1ed9 nh\u1eefng t\u00e1c ph\u1ea9m m\u1edbi, hay nh\u1ea5t m\u00e0 Nh\u00e3 Nam c\u00f3 sang Ch\u00e2u \u00c2u, \u0111\u01b0a \u0111\u1ebfn cho \u0111\u1ed9c gi\u1ea3 c\u00f3 nhi\u1ec1u s\u1ef1 l\u1ef1a ch\u1ecdn phong ph\u00fa h\u01a1n c\u1ea3 s\u00e1ch cho tr\u1ebb em l\u1eabn ng\u01b0\u1eddi l\u1edbn.\u00a0<\/strong><\/p>\n\n<!-- \/wp:flatsome\/uxbuilder -->","post_title":"Nh\u00e3 Nam","post_excerpt":"","post_status":"publish","comment_status":"closed","ping_status":"closed","post_password":"","post_name":"nha-nam","to_ping":"","pinged":"","post_modified":"2022-12-19 23:15:33","post_modified_gmt":"2022-12-19 21:15:33","post_content_filtered":"","post_parent":0,"guid":"https:\/\/sachviet.eu\/?post_type=publisher&#038;p=1424","menu_order":0,"post_type":"publisher","post_mime_type":"","comment_count":"0","filter":"raw"}},"_links":{"self":[{"href":"https:\/\/sachviet.eu\/en\/wp-json\/wp\/v2\/product\/11077","targetHints":{"allow":["GET"]}}],"collection":[{"href":"https:\/\/sachviet.eu\/en\/wp-json\/wp\/v2\/product"}],"about":[{"href":"https:\/\/sachviet.eu\/en\/wp-json\/wp\/v2\/types\/product"}],"wp:featuredmedia":[{"embeddable":true,"href":"https:\/\/sachviet.eu\/en\/wp-json\/wp\/v2\/media\/11076"}],"wp:attachment":[{"href":"https:\/\/sachviet.eu\/en\/wp-json\/wp\/v2\/media?parent=11077"}],"wp:term":[{"taxonomy":"product_brand","embeddable":true,"href":"https:\/\/sachviet.eu\/en\/wp-json\/wp\/v2\/product_brand?post=11077"},{"taxonomy":"product_cat","embeddable":true,"href":"https:\/\/sachviet.eu\/en\/wp-json\/wp\/v2\/product_cat?post=11077"},{"taxonomy":"product_tag","embeddable":true,"href":"https:\/\/sachviet.eu\/en\/wp-json\/wp\/v2\/product_tag?post=11077"}],"curies":[{"name":"wp","href":"https:\/\/api.w.org\/{rel}","templated":true}]}}