{"id":11075,"date":"2021-06-03T01:21:29","date_gmt":"2021-06-02T22:21:29","guid":{"rendered":"https:\/\/sachviet.eu\/shop\/khi-loi-thuoc-ve-nhung-vi-sao-tai-ban\/"},"modified":"2021-06-15T11:16:07","modified_gmt":"2021-06-15T08:16:07","slug":"khi-loi-thuoc-ve-nhung-vi-sao-tai-ban","status":"publish","type":"product","link":"https:\/\/sachviet.eu\/en\/shop\/khi-loi-thuoc-ve-nhung-vi-sao-tai-ban\/","title":{"rendered":"Khi L\u1ed7i Thu\u1ed9c V\u1ec1 Nh\u1eefng V\u00ec Sao (T\u00e1i B\u1ea3n)"},"content":{"rendered":"<p>M\u1eb7c d\u00f9 ph\u00e9p m\u00e0u y h\u1ecdc \u0111\u00e3 gi\u00fap thu h\u1eb9p kh\u1ed1i u v\u00e0 ban th\u00eam v\u00e0i n\u0103m s\u1ed1ng cho Hazel nh\u01b0ng cu\u1ed9c \u0111\u1eddi c\u00f4 b\u00e9 \u0111ang \u1edf v\u00e0o giai \u0111o\u1ea1n cu\u1ed1i, t\u1eebng ch\u01b0\u01a1ng k\u1ebf ti\u1ebfp \u0111\u01b0\u1ee3c vi\u1ebft theo k\u1ebft qu\u1ea3 ch\u1ea9n \u0111o\u00e1n. Nh\u01b0ng khi c\u00f3 m\u1ed9t nh\u00e2n v\u1eadt \u0111i\u1ec3n trai t\u00ean l\u00e0 Augustus Waters \u0111\u1ed9t nhi\u00ean xu\u1ea5t hi\u1ec7n t\u1ea1i H\u1ed9i T\u01b0\u01a1ng Tr\u1ee3 B\u1ec7nh Nhi Ung Th\u01b0, c\u00e2u chuy\u1ec7n c\u1ee7a Hazel s\u1eafp \u0111\u01b0\u1ee3c vi\u1ebft l\u1ea1i ho\u00e0n to\u00e0n.<\/p>\n<p>S\u00e2u s\u1eafc, t\u00e1o b\u1ea1o, ngang t\u00e0ng, v\u00e0 th\u00f4 r\u00e1p, Khi l\u1ed7i thu\u1ed9c v\u1ec1 nh\u1eefng v\u00ec sao l\u00e0 t\u00e1c ph\u1ea9m th\u01b0\u01a1ng t\u00e2m v\u00e0 tham v\u1ecdng nh\u1ea5t c\u1ee7a John Green, t\u00e1c gi\u1ea3 c\u1ee7a nh\u1eefng gi\u1ea3i th\u01b0\u1edfng, nh\u01b0ng \u0111\u1ed3ng th\u1eddi l\u1ea1i kh\u00e1m ph\u00e1 m\u1ed9t c\u00e1ch kh\u00e9o l\u00e9o n\u00e9t h\u00e0i h\u01b0\u1edbc, li k\u1ef3, v\u00e0 bi th\u1ea3m c\u1ee7a vi\u1ec7c s\u1ed1ng v\u00e0 vi\u1ec7c y\u00eau.<\/p>\n","protected":false},"excerpt":{"rendered":"<p>M\u1eb7c d\u00f9 ph\u00e9p m\u00e0u y h\u1ecdc \u0111\u00e3 gi\u00fap thu h\u1eb9p kh\u1ed1i u v\u00e0 ban th\u00eam v\u00e0i n\u0103m s\u1ed1ng cho Hazel nh\u01b0ng cu\u1ed9c \u0111\u1eddi c\u00f4 b\u00e9 \u0111ang \u1edf v\u00e0o giai \u0111o\u1ea1n cu\u1ed1i, t\u1eebng ch\u01b0\u01a1ng k\u1ebf ti\u1ebfp \u0111\u01b0\u1ee3c vi\u1ebft theo k\u1ebft qu\u1ea3 ch\u1ea9n \u0111o\u00e1n. Nh\u01b0ng khi c\u00f3 m\u1ed9t nh\u00e2n v\u1eadt \u0111i\u1ec3n trai t\u00ean l\u00e0 Augustus Waters \u0111\u1ed9t nhi\u00ean xu\u1ea5t hi\u1ec7n t\u1ea1i H\u1ed9i T\u01b0\u01a1ng Tr\u1ee3 B\u1ec7nh Nhi Ung Th\u01b0, c\u00e2u chuy\u1ec7n c\u1ee7a Hazel s\u1eafp \u0111\u01b0\u1ee3c vi\u1ebft l\u1ea1i ho\u00e0n to\u00e0n.<\/p>\n<p>S\u00e2u s\u1eafc, t\u00e1o b\u1ea1o, ngang t\u00e0ng, v\u00e0 th\u00f4 r\u00e1p, Khi l\u1ed7i thu\u1ed9c v\u1ec1 nh\u1eefng v\u00ec sao l\u00e0 t\u00e1c ph\u1ea9m th\u01b0\u01a1ng t\u00e2m v\u00e0 tham v\u1ecdng nh\u1ea5t c\u1ee7a John Green, t\u00e1c gi\u1ea3 c\u1ee7a nh\u1eefng gi\u1ea3i th\u01b0\u1edfng, nh\u01b0ng \u0111\u1ed3ng th\u1eddi l\u1ea1i kh\u00e1m ph\u00e1 m\u1ed9t c\u00e1ch kh\u00e9o l\u00e9o n\u00e9t h\u00e0i h\u01b0\u1edbc, li k\u1ef3, v\u00e0 bi th\u1ea3m c\u1ee7a vi\u1ec7c s\u1ed1ng v\u00e0 vi\u1ec7c y\u00eau.<\/p>\n","protected":false},"featured_media":11064,"template":"","meta":{"_acf_changed":false},"product_brand":[],"product_cat":[15,45],"product_tag":[],"class_list":{"0":"post-11075","1":"product","2":"type-product","3":"status-publish","4":"has-post-thumbnail","6":"product_cat-sach-danh-cho-nguoi-lon","7":"product_cat-tieu-thuyet","9":"first","10":"outofstock","11":"taxable","12":"shipping-taxable","13":"purchasable","14":"product-type-simple"},"supplier_id":null,"supplier_sku":"","barcode":null,"atum_controlled":true,"out_stock_date":"2021-06-15 08:16:07","out_stock_threshold":null,"inheritable":false,"inbound_stock":1,"stock_on_hold":0,"sold_today":0,"sales_last_days":0,"reserved_stock":0,"customer_returns":0,"warehouse_damage":0,"lost_in_post":0,"other_logs":0,"out_stock_days":1688,"lost_sales":2891,"has_location":false,"update_date":"2026-01-28T23:10:48","atum_locations":[],"atum_stock_status":"outofstock","restock_status":false,"low_stock_amount":"","sales_update_date":"2026-01-28T23:10:48","calc_backorders":null,"acf":{"publisher":{"ID":1517,"post_author":"1","post_date":"2021-02-17 01:14:41","post_date_gmt":"2021-02-16 23:14:41","post_content":"","post_title":"NXB Tr\u1ebb","post_excerpt":"","post_status":"publish","comment_status":"closed","ping_status":"closed","post_password":"","post_name":"nxb-tre","to_ping":"","pinged":"","post_modified":"2021-02-17 01:14:41","post_modified_gmt":"2021-02-16 23:14:41","post_content_filtered":"","post_parent":0,"guid":"https:\/\/sachviet.eu\/nha-phat-hanh\/nxb-tre\/","menu_order":0,"post_type":"publisher","post_mime_type":"","comment_count":"0","filter":"raw"}},"_links":{"self":[{"href":"https:\/\/sachviet.eu\/en\/wp-json\/wp\/v2\/product\/11075","targetHints":{"allow":["GET"]}}],"collection":[{"href":"https:\/\/sachviet.eu\/en\/wp-json\/wp\/v2\/product"}],"about":[{"href":"https:\/\/sachviet.eu\/en\/wp-json\/wp\/v2\/types\/product"}],"wp:featuredmedia":[{"embeddable":true,"href":"https:\/\/sachviet.eu\/en\/wp-json\/wp\/v2\/media\/11064"}],"wp:attachment":[{"href":"https:\/\/sachviet.eu\/en\/wp-json\/wp\/v2\/media?parent=11075"}],"wp:term":[{"taxonomy":"product_brand","embeddable":true,"href":"https:\/\/sachviet.eu\/en\/wp-json\/wp\/v2\/product_brand?post=11075"},{"taxonomy":"product_cat","embeddable":true,"href":"https:\/\/sachviet.eu\/en\/wp-json\/wp\/v2\/product_cat?post=11075"},{"taxonomy":"product_tag","embeddable":true,"href":"https:\/\/sachviet.eu\/en\/wp-json\/wp\/v2\/product_tag?post=11075"}],"curies":[{"name":"wp","href":"https:\/\/api.w.org\/{rel}","templated":true}]}}