{"id":1107,"date":"2021-02-14T00:36:04","date_gmt":"2021-02-13T22:36:04","guid":{"rendered":"https:\/\/sachviet.eu\/shop\/combo-vu-dieu-cua-muon-loai-set-3-quyen\/"},"modified":"2021-09-20T13:57:01","modified_gmt":"2021-09-20T10:57:01","slug":"combo-vu-dieu-cua-muon-loai-set-3-quyen","status":"publish","type":"product","link":"https:\/\/sachviet.eu\/en\/shop\/combo-vu-dieu-cua-muon-loai-set-3-quyen\/","title":{"rendered":"Combo v\u0169 \u0111i\u1ec7u c\u1ee7a mu\u00f4n lo\u00e0i &#8211; set 3 quy\u1ec3n"},"content":{"rendered":"<p>B\u1ed9 s\u00e1ch<strong> V\u0169 \u0111i\u1ec7u c\u1ee7a mu\u00f4n lo\u00e0i<\/strong> c\u00f3 g\u00ec hay ho nh\u1ec9?<\/p>\n<p><strong>Ch\u1ed1n r\u1eebng xanh nh\u1ed9n nh\u1ecbp<\/strong>: Cu\u1ed1n s\u00e1ch l\u00e0 c\u00e2u chuy\u1ec7n v\u1ec1 th\u1ebf gi\u1edbi c\u1ee7a c\u00e1c lo\u00e0i \u0111\u1ed9ng v\u1eadt trong r\u1eebng s\u00e2u nh\u01b0 h\u00e0 m\u00e3, b\u00e1o, tinh tinh, voi, t\u00ea gi\u00e1c, \u2026 V\u1edbi s\u1ef1 kh\u00e9o l\u00e9o \u0111\u1ed9c \u0111\u00e1o l\u1ed3ng gh\u00e9p ngh\u1ec7 thu\u1eadt h\u1ed9i h\u1ecda c\u00f9ng v\u1edbi nh\u1eefng v\u1ea7n th\u01a1 nh\u1ecbp nh\u00e0ng, khi m\u1edf m\u1ed7i trang s\u00e1ch b\u00e9 s\u1ebd th\u1ea5y m\u1ed9t con v\u1eadt kh\u00e1c nhau c\u00f9ng v\u1edbi nh\u1eefng th\u00f4ng tin th\u1eadt d\u1ec5 th\u01b0\u01a1ng v\u00e0 d\u1ec5 nh\u1edb m\u00e0 h\u1eb3n b\u1ea5t k\u1ef3 em b\u00e9 n\u00e0o c\u0169ng m\u00ea t\u00edt khi t\u00ecm hi\u1ec3u v\u1ec1 c\u00e1c b\u1ea1n \u0111\u1ed9ng v\u1eadt ch\u1ed1n r\u1eebng xanh.<\/p>\n<p><strong>Ch\u00fa h\u01b0\u01a1u kh\u00f4ng bi\u1ebft nh\u1ea3y<\/strong>: \u0110\u00e2y l\u00e0 m\u1ed9t c\u00e2u chuy\u1ec7n c\u1ea3m \u0111\u1ed9ng v\u1ec1 ch\u00fa h\u01b0\u01a1u cao c\u1ed5 Gerald, ch\u00fa h\u01b0\u01a1u lu\u00f4n mong mu\u1ed1n \u0111\u01b0\u1ee3c nh\u1ea3y. V\u1edbi \u0111\u1ea7u g\u1ed1i v\u1eb9o v\u00e0 ch\u00e2n m\u1ecfng, ch\u00fa h\u01b0\u01a1u cao c\u1ed5 kh\u00f3 c\u00f3 th\u1ec3 nh\u1ea3y \u0111\u01b0\u1ee3c. Nh\u01b0ng v\u1edbi s\u1ef1 kh\u00edch l\u1ec7 c\u1ee7a m\u1ed9t v\u00e0i ng\u01b0\u1eddi b\u1ea1n, Gerald cu\u1ed1i c\u00f9ng c\u0169ng c\u00f3 th\u1ec3 nh\u1ea3y theo giai \u0111i\u1ec7u c\u1ee7a ch\u00ednh m\u00ecnh. M\u1ed9t c\u00e2u chuy\u1ec7n h\u00e0i h\u01b0\u1edbc, c\u1ea3m \u0111\u1ed9ng v\u00e0 chi\u1ebfn th\u1eafng ch\u00ednh b\u1ea3n th\u00e2n m\u00ecnh c\u1ee7a ch\u00fa h\u01b0\u01a1u cao c\u1ed5 khi t\u00ecm th\u1ea5y giai \u0111i\u1ec7u v\u00e0 s\u1ef1 t\u1ef1 tin c\u1ee7a ri\u00eang m\u00ecnh. \u0110\u00e2y c\u0169ng ch\u00ednh l\u00e0 th\u00f4ng \u0111i\u1ec7p, ngu\u1ed3n c\u1ea3m h\u1ee9ng \u00fd ngh\u0129a m\u00e0 cu\u1ed1n s\u00e1ch mu\u1ed1n truy\u1ec1n t\u1ea3i.<\/p>\n<p><strong>N\u01a1i \u0111\u1ea1i d\u01b0\u01a1ng n\u00e1o nhi\u1ec7t<\/strong>: C\u1ea3 \u0111\u1ea1i d\u01b0\u01a1ng bao la k\u1ef3 b\u00ed m\u1edf ra tr\u01b0\u1edbc m\u1eaft em v\u1edbi v\u00f4 v\u00e0n lo\u00e0i \u0111\u1ed9ng v\u1eadt nh\u01b0 c\u00e1 heo, c\u00e1 m\u1eadp, c\u00e1 ki\u1ebfm, b\u1ea1ch tu\u1ed9c, t\u00f4m h\u00f9m, \u2026 V\u1edbi h\u00ecnh \u1ea3nh, m\u00e0u s\u1eafc vui nh\u1ed9n, c\u00e2u th\u01a1 du d\u01b0\u01a1ng, g\u1ea7n g\u0169i, cu\u1ed1n s\u00e1ch mang \u0111\u1ebfn cho b\u00e9 nh\u1eefng th\u00f4ng tin d\u1ec5 hi\u1ec3u nh\u1ea5t v\u1ec1 v\u00f4 v\u00e0n c\u00e1c lo\u00e0i \u0111\u1ed9ng v\u1eadt s\u1ed1ng \u1edf \u0111\u1ea1i d\u01b0\u01a1ng n\u00e1o nhi\u1ec7t.<\/p>\n<p><strong>\u201cTrong v\u0169 \u0111i\u1ec7u mu\u00f4n lo\u00e0i<\/strong><br \/>\n<strong>B\u1ea1n c\u00f3 th\u1ec3 tr\u1ed5 t\u00e0i<\/strong><br \/>\n<strong>N\u00f3i t\u00ean cho t\u00f4i bi\u1ebft?\u201d<\/strong><\/p>\n<p>V\u1edbi b\u1ed9 s\u00e1ch V\u0169 \u0111i\u1ec7u c\u1ee7a mu\u00f4n lo\u00e0i n\u00e0y ch\u1eafc ch\u1eafn r\u1eb1ng c\u00e1c b\u00e9 s\u1ebd h\u1ecdc \u0111\u01b0\u1ee3c v\u00e0 m\u1edf r\u1ed9ng hi\u1ec3u bi\u1ebft \u0111\u01b0\u1ee3c r\u1ea5t nhi\u1ec1u lo\u00e0i \u0111\u1ed9ng v\u1eadt \u0111\u00f3 nh\u00e9. B\u1ed9 s\u00e1ch l\u00e0 c\u00e2u chuy\u1ec7n k\u1ec3 b\u1eb1ng th\u01a1 c\u00f9ng nh\u1eefng h\u00ecnh \u1ea3nh \u0111\u1eb9p, r\u1ef1c r\u1ee1 kh\u00f4ng ch\u1ec9 c\u00f3 c\u00e1c b\u00e9 m\u00ea \u0111\u00e2u m\u00e0 ng\u00e0y c\u1ea3 ng\u01b0\u1eddi l\u1edbn ch\u00fang ta c\u0169ng b\u1ecb thu h\u00fat v\u00e0o \u0111\u00f3 \u1ea1!<\/p>\n<p>Ch\u1ed1n r\u1eebng xanh nh\u1ed9n nh\u1ecbp<\/p>\n<p>R\u1ed9n vang ti\u1ebfng nh\u1ea1c vui<\/p>\n<p>C\u00f3 ch\u00fa H\u01b0\u01a1u xinh x\u1eafn<\/p>\n<p>C\u0169ng nhi\u1ec7t t\u00ecnh tham gia<\/p>\n<p>Cho d\u00f9 kh\u00f4ng bi\u1ebft nh\u1ea3y<\/p>\n<p>K\u00eca c\u00e1c lo\u00e0i \u0111\u1ed9ng v\u1eadt<\/p>\n<p>\u1ede nh\u1eefng ch\u1ed1n xa x\u00f4i<\/p>\n<p>N\u01a1i \u0111\u1ea1i d\u01b0\u01a1ng n\u00e1o nhi\u1ec7t<\/p>\n<p>H\u00f2a c\u00f9ng bao b\u00e8 b\u1ea1n<\/p>\n<p>Trong v\u0169 \u0111i\u1ec7u mu\u00f4n lo\u00e0i<\/p>\n<p>N\u00f3i t\u00ean cho t\u00f4i bi\u1ebft?<\/p>\n<p>B\u1ed9 th\u01a1 V\u0169 \u0111i\u1ec7u c\u1ee7a mu\u00f4n lo\u00e0i g\u1ed3m 3 cu\u1ed1n:<\/p>\n<p><strong>&#8211; Ch\u1ed1n r\u1eebng xanh nh\u1ed9n nh\u1ecbp<\/strong><\/p>\n<p><strong>&#8211; Ch\u00fa h\u01b0\u01a1u kh\u00f4ng bi\u1ebft nh\u1ea3y<\/strong><\/p>\n<p><strong>&#8211; N\u01a1i \u0111\u1ea1o d\u01b0\u01a1ng n\u00e1o nhi\u1ec7t<\/strong><\/p>\n  <div class=\"banner-grid-wrapper\">\n  <div id=\"banner-grid-749540534\" class=\"banner-grid row row-grid row-small\" data-packery-options=\"\">\n                      \n<div class=\"col grid-col large-4 grid-col-1\" ><div class=\"col-inner\">\n\t<div class=\"img has-hover x md-x lg-x y md-y lg-y\" id=\"image_717249086\">\n\t\t\t\t\t\t\t\t<div class=\"img-inner dark\" >\n\t\t\t<img loading=\"lazy\" decoding=\"async\" width=\"832\" height=\"1024\" src=\"https:\/\/sachviet.eu\/wp-content\/uploads\/2021\/02\/2d_-_chu_huou_ko_biet_nhay_f556341d8ed8414d8874f22143cd7b9c_master-832x1024.jpg\" class=\"attachment-large size-large\" alt=\"\" srcset=\"https:\/\/sachviet.eu\/wp-content\/uploads\/2021\/02\/2d_-_chu_huou_ko_biet_nhay_f556341d8ed8414d8874f22143cd7b9c_master-832x1024.jpg 832w, https:\/\/sachviet.eu\/wp-content\/uploads\/2021\/02\/2d_-_chu_huou_ko_biet_nhay_f556341d8ed8414d8874f22143cd7b9c_master-244x300.jpg 244w, https:\/\/sachviet.eu\/wp-content\/uploads\/2021\/02\/2d_-_chu_huou_ko_biet_nhay_f556341d8ed8414d8874f22143cd7b9c_master-768x945.jpg 768w, https:\/\/sachviet.eu\/wp-content\/uploads\/2021\/02\/2d_-_chu_huou_ko_biet_nhay_f556341d8ed8414d8874f22143cd7b9c_master-1248x1536.jpg 1248w, https:\/\/sachviet.eu\/wp-content\/uploads\/2021\/02\/2d_-_chu_huou_ko_biet_nhay_f556341d8ed8414d8874f22143cd7b9c_master-600x738.jpg 600w, https:\/\/sachviet.eu\/wp-content\/uploads\/2021\/02\/2d_-_chu_huou_ko_biet_nhay_f556341d8ed8414d8874f22143cd7b9c_master.jpg 1664w\" sizes=\"auto, (max-width: 832px) 100vw, 832px\" \/>\t\t\t\t\t\t\n\t\t\t\t\t<\/div>\n\t\t\t\t\t\t\t\t\n<style>\n#image_717249086 {\n  width: 100%;\n}\n<\/style>\n\t<\/div>\n\t\n<\/div><\/div>\n<div class=\"col grid-col large-4 grid-col-1\" ><div class=\"col-inner\">\n\t<div class=\"img has-hover x md-x lg-x y md-y lg-y\" id=\"image_195574240\">\n\t\t\t\t\t\t\t\t<div class=\"img-inner dark\" >\n\t\t\t<img loading=\"lazy\" decoding=\"async\" width=\"833\" height=\"1024\" src=\"https:\/\/sachviet.eu\/wp-content\/uploads\/2021\/02\/2d_-_noi_dai_duong_nao_nhiet_5dcb89075ab54390952688eb35454236_master-833x1024.jpg\" class=\"attachment-large size-large\" alt=\"\" srcset=\"https:\/\/sachviet.eu\/wp-content\/uploads\/2021\/02\/2d_-_noi_dai_duong_nao_nhiet_5dcb89075ab54390952688eb35454236_master-833x1024.jpg 833w, https:\/\/sachviet.eu\/wp-content\/uploads\/2021\/02\/2d_-_noi_dai_duong_nao_nhiet_5dcb89075ab54390952688eb35454236_master-244x300.jpg 244w, https:\/\/sachviet.eu\/wp-content\/uploads\/2021\/02\/2d_-_noi_dai_duong_nao_nhiet_5dcb89075ab54390952688eb35454236_master-768x944.jpg 768w, https:\/\/sachviet.eu\/wp-content\/uploads\/2021\/02\/2d_-_noi_dai_duong_nao_nhiet_5dcb89075ab54390952688eb35454236_master-1250x1536.jpg 1250w, https:\/\/sachviet.eu\/wp-content\/uploads\/2021\/02\/2d_-_noi_dai_duong_nao_nhiet_5dcb89075ab54390952688eb35454236_master-600x738.jpg 600w, https:\/\/sachviet.eu\/wp-content\/uploads\/2021\/02\/2d_-_noi_dai_duong_nao_nhiet_5dcb89075ab54390952688eb35454236_master.jpg 1666w\" sizes=\"auto, (max-width: 833px) 100vw, 833px\" \/>\t\t\t\t\t\t\n\t\t\t\t\t<\/div>\n\t\t\t\t\t\t\t\t\n<style>\n#image_195574240 {\n  width: 100%;\n}\n<\/style>\n\t<\/div>\n\t\n<\/div><\/div>\n<div class=\"col grid-col large-4 grid-col-1\" ><div class=\"col-inner\">\n\t<div class=\"img has-hover x md-x lg-x y md-y lg-y\" id=\"image_1116230646\">\n\t\t\t\t\t\t\t\t<div class=\"img-inner dark\" >\n\t\t\t<img loading=\"lazy\" decoding=\"async\" width=\"835\" height=\"1024\" src=\"https:\/\/sachviet.eu\/wp-content\/uploads\/2021\/02\/2d_-_chon_rung_xanh_nhon_nhip_34304f3dfeef469281914cad14ace96a_master-835x1024.png\" class=\"attachment-large size-large\" alt=\"\" srcset=\"https:\/\/sachviet.eu\/wp-content\/uploads\/2021\/02\/2d_-_chon_rung_xanh_nhon_nhip_34304f3dfeef469281914cad14ace96a_master-835x1024.png 835w, https:\/\/sachviet.eu\/wp-content\/uploads\/2021\/02\/2d_-_chon_rung_xanh_nhon_nhip_34304f3dfeef469281914cad14ace96a_master-245x300.png 245w, https:\/\/sachviet.eu\/wp-content\/uploads\/2021\/02\/2d_-_chon_rung_xanh_nhon_nhip_34304f3dfeef469281914cad14ace96a_master-768x942.png 768w, https:\/\/sachviet.eu\/wp-content\/uploads\/2021\/02\/2d_-_chon_rung_xanh_nhon_nhip_34304f3dfeef469281914cad14ace96a_master-1253x1536.png 1253w, https:\/\/sachviet.eu\/wp-content\/uploads\/2021\/02\/2d_-_chon_rung_xanh_nhon_nhip_34304f3dfeef469281914cad14ace96a_master-600x736.png 600w, https:\/\/sachviet.eu\/wp-content\/uploads\/2021\/02\/2d_-_chon_rung_xanh_nhon_nhip_34304f3dfeef469281914cad14ace96a_master.png 1670w\" sizes=\"auto, (max-width: 835px) 100vw, 835px\" \/>\t\t\t\t\t\t\n\t\t\t\t\t<\/div>\n\t\t\t\t\t\t\t\t\n<style>\n#image_1116230646 {\n  width: 100%;\n}\n<\/style>\n\t<\/div>\n\t\n<\/div><\/div>\n            <\/div>\n    <style>\n    #banner-grid-749540534 .grid-col-1{height: 600px}\n    #banner-grid-749540534 .grid-col-1-2{height: 300px}\n    #banner-grid-749540534 .grid-col-1-3{height:200px}\n    #banner-grid-749540534 .grid-col-2-3{height: 400px}\n    #banner-grid-749540534 .grid-col-1-4{height: 150px}\n    #banner-grid-749540534 .grid-col-3-4{height: 450px}\n\n\n    \n    \n\n  <\/style>\n    <\/div>\n  \n","protected":false},"excerpt":{"rendered":"<p><strong>D\u1ea0Y TR\u1eba TH\u00caM Y\u00caU TH\u01af\u01a0NG C\u00c1C B\u1ea0N \u0110\u1ed8NG V\u1eacT H\u01a0N CH\u1ec8 T\u1eea B\u1ed8 S\u00c1CH V\u0168 \u0110I\u1ec6U C\u1ee6A MU\u00d4N LO\u00c0I<\/strong><\/p>\n<p>V\u1edbi tr\u1ebb nh\u1ecf, vi\u1ec7c h\u1ecdc h\u1ecfi, t\u00ecm hi\u1ec3u v\u1ec1 th\u1ebf gi\u1edbi \u0111\u1ed9ng v\u1eadt lu\u00f4n c\u00f3 m\u1ed9t s\u1ee9c h\u00fat \u0111\u1eb7c bi\u1ec7t. H\u01a1n n\u1eefa v\u1edbi vi\u1ec7c d\u1ea1y tr\u1ebb nh\u1ecf v\u1ec1 c\u00e1c lo\u00e0i \u0111\u1ed9ng v\u1eadt, d\u1ea1y tr\u1ebb c\u00e1ch y\u00eau th\u01b0\u01a1ng, b\u1ea3o v\u1ec7 mu\u00f4n lo\u00e0i c\u0169ng l\u00e0 m\u1ed9t trong nh\u1eefng b\u00e0i h\u1ecdc quan tr\u1ecdng \u0111\u1ea7u \u0111\u1eddi gi\u00fap \u0111\u1ecbnh h\u00ecnh nh\u00e2n c\u00e1ch tr\u1ebb h\u01b0\u1edbng t\u1edbi m\u1ed9t t\u01b0\u01a1ng lai nh\u00e2n \u00e1i. B\u1ed9 s\u00e1ch V\u0169 \u0111i\u1ec7u c\u1ee7a mu\u00f4n lo\u00e0i g\u1ed3m 3 cu\u1ed1n v\u1edbi nh\u1eefng trang h\u00ecnh \u1ea3nh t\u01b0\u01a1i s\u00e1ng, b\u1eaft m\u1eaft c\u00f9ng nh\u1eefng v\u1ea7n th\u01a1 nh\u1ecbp \u0111i\u1ec7u gi\u00fap kh\u01a1i g\u1ee3i kh\u1ea3 n\u0103ng th\u00edch th\u00fa h\u1ecdc h\u1ecfi v\u1ec1 \u0111\u1ed9ng v\u1eadt c\u1ee7a tr\u1ebb nh\u1ecf.<\/p>\n","protected":false},"featured_media":1088,"template":"","meta":{"_acf_changed":false},"product_brand":[],"product_cat":[25,17],"product_tag":[],"class_list":{"0":"post-1107","1":"product","2":"type-product","3":"status-publish","4":"has-post-thumbnail","6":"product_cat-nhi-dong-6-tuoi-12-tuoi","7":"product_cat-sach-danh-cho-cac-be","9":"first","10":"outofstock","11":"taxable","12":"shipping-taxable","13":"purchasable","14":"product-type-simple"},"supplier_id":null,"supplier_sku":"","barcode":null,"atum_controlled":true,"out_stock_date":"2021-09-20 10:57:01","out_stock_threshold":null,"inheritable":false,"inbound_stock":1,"stock_on_hold":0,"sold_today":0,"sales_last_days":0,"reserved_stock":0,"customer_returns":0,"warehouse_damage":0,"lost_in_post":0,"other_logs":0,"out_stock_days":1591,"lost_sales":0,"has_location":false,"update_date":"2026-01-28T23:10:29","atum_locations":[],"atum_stock_status":"outofstock","restock_status":false,"low_stock_amount":"","sales_update_date":"2026-01-28T23:10:29","calc_backorders":null,"acf":{"publisher":{"ID":1470,"post_author":"2","post_date":"2021-02-17 01:12:47","post_date_gmt":"2021-02-16 23:12:47","post_content":"<!-- wp:flatsome\/uxbuilder -->\n<h1 style=\"text-align: center\"><strong>\u0110inh T\u1ecb<\/strong><\/h1>\n[row]\n\n[col span=\"4\" span__sm=\"12\"]\n\n[ux_image id=\"1831\" image_size=\"medium\"]\n\n\n[\/col]\n[col span=\"8\" span__sm=\"12\"]\n\n<p><strong>\u0110inh T\u1ecb Books - Ti\u00ean phong s\u00e1ng t\u1ea1o<\/strong><\/p>\n<p>Th\u00e0nh l\u1eadp n\u0103m 2006, t\u1edbi nay \u0110inh T\u1ecb Books \u0111\u01b0\u1ee3c \u0111\u00e1nh gi\u1ea3 l\u00e0 \u0111\u01a1n v\u1ecb xu\u1ea5t b\u1ea3n uy t\u00edn c\u00f3 t\u1ed1c \u0111\u1ed9 ph\u00e1t tri\u1ec3n nhanh nh\u1ea5t g\u1eafn v\u1edbi th\u00e0nh c\u00f4ng c\u1ee7a hai t\u1ee7 s\u00e1ch l\u1edbn: T\u1ee7 s\u00e1ch Thi\u1ebfu nhi - T\u1ee7 s\u00e1ch V\u0103n h\u1ecdc. Trong \u0111\u00f3 ph\u1ea3i k\u1ec3 t\u1edbi b\u01b0\u1edbc chuy\u1ec3n m\u00ecnh \u0111\u1ea7y \u1ea5n t\u01b0\u1ee3ng, tr\u1edf th\u00e0nh \u0111\u01a1n v\u1ecb ti\u00ean phong s\u00e1ng t\u1ea1o d\u00f2ng S\u00c1CH T\u01af\u01a0NG T\u00c1C thi\u1ebfu nhi. V\u1edbi h\u01a1n 300 t\u1ef1a s\u00e1ch t\u01b0\u01a1ng t\u00e1c \u0111ang l\u01b0u h\u00e0nh, \u0110inh T\u1ecb Books \u0111\u00e3 mang \u0111\u1ebfn nh\u1eefng gi\u00e1 tr\u1ecb tr\u1ea3i nghi\u1ec7m tuy\u1ec7t v\u1eddi, \u0111\u01b0a vi\u1ec7c h\u1ecdc v\u00e0 ch\u01a1i c\u00f9ng s\u00e1ch tr\u1edf n\u00ean hi\u1ec7u qu\u1ea3 h\u01a1n, gi\u00fap tr\u1ebb th\u00f4ng minh, t\u0103ng tr\u01b0\u1edfng c\u00e1c ch\u1ec9 s\u1ed1 IQ, EQ.<\/p>\n<p><strong>Th\u1ebf m\u1ea1nh c\u1ee7a \u0110inh T\u1ecb Books<\/strong><\/p>\n<p>V\u1edbi kinh nghi\u1ec7m nhi\u1ec1u n\u0103m trong ng\u00e0nh xu\u1ea5t b\u1ea3n, \u0110inh T\u1ecb Books tin r\u1eb1ng c\u00e1c b\u1eadc cha m\u1eb9 lu\u00f4n d\u00e0nh nh\u1eefng \u0111i\u1ec1u t\u1ed1t \u0111\u1eb9p nh\u1ea5t cho c\u00e1c con c\u1ee7a m\u00ecnh. \u0110\u1ecdc s\u00e1ch c\u00f9ng con lu\u00f4n l\u00e0 l\u1ef1a ch\u1ecdn h\u00e0ng \u0111\u1ea7u gi\u00fap g\u1eafn k\u1ebft t\u00ecnh y\u00eau th\u01b0\u01a1ng \u0111\u1ed3ng th\u1eddi gi\u00fap con nu\u00f4i d\u01b0\u1ee1ng ni\u1ec1m \u0111am m\u00ea v\u1edbi s\u00e1ch.<\/p>\n\n[\/col]\n\n[\/row]\n<p><strong>T\u00ecnh y\u00eau l\u1edbn d\u00e0nh cho nh\u1eefng cu\u1ed1n s\u00e1ch.<\/strong><\/p>\n<p>Xu\u1ea5t ph\u00e1t t\u1eeb t\u00ecnh y\u00eau v\u1edbi nh\u1eefng cu\u1ed1n s\u00e1ch, l\u00f2ng t\u1eadn t\u00e2m mu\u1ed1n g\u00ecn gi\u1eef nh\u1eefng gi\u00e1 tr\u1ecb v\u0103n h\u00f3a truy\u1ec1n th\u1ed1ng c\u1ee7a Vi\u1ec7t Nam, mong mu\u1ed1n \u0111\u01b0a nh\u1eefng gi\u00e1 tr\u1ecb \u0111\u1eadm ch\u1ea5t Vi\u1ec7t Nam \u0111\u1ebfn v\u1edbi tr\u1ebb em Vi\u1ec7t, c\u00e1c th\u00e0nh vi\u00ean s\u00e1ng t\u1ea1o c\u1ee7a \u0110inh T\u1ecb Books \u0111\u00e3 kh\u00f4ng ng\u1eebng n\u1ed7 l\u1ef1c, t\u00ecm t\u00f2i v\u00e0 h\u1ecdc h\u1ecfi, \u0111\u1ec3 \u0111\u01b0a nh\u1eefng cu\u1ed1n s\u00e1ch \u201c100% made in Vietnam\u201d \u0111\u1ebfn v\u1edbi tr\u1ebb em Vi\u1ec7t. C\u00e1c ki\u1ebfn th\u1ee9c b\u1ed5 \u00edch \u0111\u01b0\u1ee3c truy\u1ec1n t\u1ea3i th\u00f4ng qua nh\u1eefng t\u01b0\u01a1ng t\u00e1c th\u00fa v\u1ecb gi\u00fap tr\u1ebb nh\u1edb l\u00e2u h\u01a1n, h\u1ecdc t\u1ed1t h\u01a1n.<\/p>\n<p>Nh\u1eadn ra \u0111\u01b0\u1ee3c s\u1ee9 m\u1ec7nh v\u00e0 t\u1ea7m nh\u00ecn c\u1ee7a \u0110inh T\u1ecb, <strong>SACHVIET.EU<\/strong> \u0111\u00e3 li\u00ean l\u1ea1c v\u1edbi \u0110inh T\u1ecb \u0111\u1ec3 \u0111\u01b0\u1ee3c h\u1ed7 tr\u1ee3 \u0111\u01b0a nh\u1eefng cu\u1ed1n s\u00e1ch mang gi\u00e1 tr\u1ecb \u0111\u1eadm ch\u1ea5t Vi\u1ec7t Nam \u0111\u1ebfn v\u1edbi tr\u1ebb em Vi\u1ec7t v\u00e0 c\u1ed9ng \u0111\u1ed3ng Vi\u1ec7t s\u1ed1ng t\u1ea1i Ch\u00e2u \u00c2u. SACHVIET.EU \u0111\u1eb7t l\u00f2ng tin \u1edf \u0110inh T\u1ecb s\u1ebd lu\u00f4n \u0111em \u0111\u1ebfn nh\u1eefng gi\u00e1 tr\u1ecb cao qua t\u1eebng trang s\u00e1ch v\u00e0 hy v\u1ecdng \u0111\u1ed9c gi\u1ea3 s\u1ebd lu\u00f4n h\u00e0i l\u00f2ng v\u1edbi ch\u1ea5t l\u01b0\u1ee3ng m\u00e0 \u0110inh T\u1ecb theo \u0111u\u1ed5i bao n\u0103m qua.<\/p>\n\n<!-- \/wp:flatsome\/uxbuilder -->","post_title":"\u0110inh T\u1ecb","post_excerpt":"","post_status":"publish","comment_status":"closed","ping_status":"closed","post_password":"","post_name":"dinh-ti","to_ping":"","pinged":"","post_modified":"2022-12-19 23:15:43","post_modified_gmt":"2022-12-19 21:15:43","post_content_filtered":"","post_parent":0,"guid":"https:\/\/sachviet.eu\/nha-phat-hanh\/dinh-ti\/","menu_order":0,"post_type":"publisher","post_mime_type":"","comment_count":"0","filter":"raw"}},"_links":{"self":[{"href":"https:\/\/sachviet.eu\/en\/wp-json\/wp\/v2\/product\/1107","targetHints":{"allow":["GET"]}}],"collection":[{"href":"https:\/\/sachviet.eu\/en\/wp-json\/wp\/v2\/product"}],"about":[{"href":"https:\/\/sachviet.eu\/en\/wp-json\/wp\/v2\/types\/product"}],"wp:featuredmedia":[{"embeddable":true,"href":"https:\/\/sachviet.eu\/en\/wp-json\/wp\/v2\/media\/1088"}],"wp:attachment":[{"href":"https:\/\/sachviet.eu\/en\/wp-json\/wp\/v2\/media?parent=1107"}],"wp:term":[{"taxonomy":"product_brand","embeddable":true,"href":"https:\/\/sachviet.eu\/en\/wp-json\/wp\/v2\/product_brand?post=1107"},{"taxonomy":"product_cat","embeddable":true,"href":"https:\/\/sachviet.eu\/en\/wp-json\/wp\/v2\/product_cat?post=1107"},{"taxonomy":"product_tag","embeddable":true,"href":"https:\/\/sachviet.eu\/en\/wp-json\/wp\/v2\/product_tag?post=1107"}],"curies":[{"name":"wp","href":"https:\/\/api.w.org\/{rel}","templated":true}]}}