{"id":11063,"date":"2021-06-03T01:20:37","date_gmt":"2021-06-02T22:20:37","guid":{"rendered":"https:\/\/sachviet.eu\/shop\/dung-bao-gio-di-an-mot-minh-tai-ban\/"},"modified":"2021-09-11T14:11:06","modified_gmt":"2021-09-11T11:11:06","slug":"dung-bao-gio-di-an-mot-minh-tai-ban","status":"publish","type":"product","link":"https:\/\/sachviet.eu\/en\/shop\/dung-bao-gio-di-an-mot-minh-tai-ban\/","title":{"rendered":"\u0110\u1eebng Bao Gi\u1edd \u0110i \u0102n M\u1ed9t M\u00ecnh (T\u00e1i B\u1ea3n)"},"content":{"rendered":"<p>B\u1ea1n mong mu\u1ed1n \u0111i t\u1eaft \u0111\u00f3n \u0111\u1ea7u? b\u1ea1n mu\u1ed1n v\u1eefng b\u01b0\u1edbc \u0111\u1ebfn th\u00e0nh c\u00f4ng? Keith Ferrazzi \u2013 b\u1eadc th\u1ea7y v\u1ec1 s\u1ef1 k\u1ebft n\u1ed1i s\u1ebd gi\u00fap b\u1ea1n kh\u00e1m ph\u00e1 c\u00f4ng th\u1ee9c n\u1ec1n t\u1ea3ng \u0111\u1ec3 ti\u1ebfn \u0111\u1ebfn \u0111\u1ec9nh cao s\u1ef1 nghi\u1ec7p th\u00f4ng qua s\u1ef1 k\u1ebft h\u1ee3p h\u00e0i h\u00f2a gi\u1eefa \u00fd t\u01b0\u1edfng ti\u1ebfp th\u1ecb v\u00e0 kh\u1ea3 n\u0103ng t\u1ea1o m\u1ed1i quan h\u1ec7. Trong cu\u1ed1n s\u00e1ch n\u00e0y t\u00e1c gi\u1ea3 chia s\u1ebb c\u00e1ch ti\u1ebfp c\u1eadn ng\u01b0\u1eddi kh\u00e1c v\u00e0 x\u00e2y d\u1ef1ng m\u1ed1i quan h\u1ec7 th\u1ef1c d\u1ef1a tr\u00ean c\u00e1i t\u00e2m v\u00e0 s\u1ef1 r\u1ed9ng l\u01b0\u1ee3ng. B\u00ean c\u1ea1nh \u0111\u00f3, \u00f4ng c\u00f2n khuy\u00ean ch\u00fang ta n\u00ean t\u00ecm nh\u1eefng ng\u01b0\u1eddi b\u1ea1n tinh th\u1ea7n; tr\u00e1nh nh\u1eefng tr\u01b0\u1eddng h\u1ee3p l\u00e0m ch\u00fang ta b\u1ecb lu m\u1edd; x\u1eed l\u00fd kh\u00e9o l\u00e9o c\u00e1c m\u1ed1i quan h\u1ec7 c\u00f9ng v\u1edbi nh\u1eefng k\u1ef9 thu\u1eadt th\u1ef1c t\u1ebf c\u00f3 th\u1ec3 \u0111\u01b0a ch\u00fang ta \u0111\u1ebfn th\u00e0nh c\u00f4ng trong cu\u1ed9c s\u1ed1ng v\u00e0 ngh\u1ec1 nghi\u1ec7p.<\/p>\n","protected":false},"excerpt":{"rendered":"<p>B\u1ea1n mong mu\u1ed1n \u0111i t\u1eaft \u0111\u00f3n \u0111\u1ea7u? b\u1ea1n mu\u1ed1n v\u1eefng b\u01b0\u1edbc \u0111\u1ebfn th\u00e0nh c\u00f4ng? Keith Ferrazzi \u2013 b\u1eadc th\u1ea7y v\u1ec1 s\u1ef1 k\u1ebft n\u1ed1i s\u1ebd gi\u00fap b\u1ea1n kh\u00e1m ph\u00e1 c\u00f4ng th\u1ee9c n\u1ec1n t\u1ea3ng \u0111\u1ec3 ti\u1ebfn \u0111\u1ebfn \u0111\u1ec9nh cao s\u1ef1 nghi\u1ec7p th\u00f4ng qua s\u1ef1 k\u1ebft h\u1ee3p h\u00e0i h\u00f2a gi\u1eefa \u00fd t\u01b0\u1edfng ti\u1ebfp th\u1ecb v\u00e0 kh\u1ea3 n\u0103ng t\u1ea1o m\u1ed1i quan h\u1ec7. Trong cu\u1ed1n s\u00e1ch n\u00e0y t\u00e1c gi\u1ea3 chia s\u1ebb c\u00e1ch ti\u1ebfp c\u1eadn ng\u01b0\u1eddi kh\u00e1c v\u00e0 x\u00e2y d\u1ef1ng m\u1ed1i quan h\u1ec7 th\u1ef1c d\u1ef1a tr\u00ean c\u00e1i t\u00e2m v\u00e0 s\u1ef1 r\u1ed9ng l\u01b0\u1ee3ng. B\u00ean c\u1ea1nh \u0111\u00f3, \u00f4ng c\u00f2n khuy\u00ean ch\u00fang ta n\u00ean t\u00ecm nh\u1eefng ng\u01b0\u1eddi b\u1ea1n tinh th\u1ea7n; tr\u00e1nh nh\u1eefng tr\u01b0\u1eddng h\u1ee3p l\u00e0m ch\u00fang ta b\u1ecb lu m\u1edd; x\u1eed l\u00fd kh\u00e9o l\u00e9o c\u00e1c m\u1ed1i quan h\u1ec7 c\u00f9ng v\u1edbi nh\u1eefng k\u1ef9 thu\u1eadt th\u1ef1c t\u1ebf c\u00f3 th\u1ec3 \u0111\u01b0a ch\u00fang ta \u0111\u1ebfn th\u00e0nh c\u00f4ng trong cu\u1ed9c s\u1ed1ng v\u00e0 ngh\u1ec1 nghi\u1ec7p.<\/p>\n","protected":false},"featured_media":11053,"template":"","meta":{"_acf_changed":false},"product_brand":[],"product_cat":[18],"product_tag":[],"class_list":{"0":"post-11063","1":"product","2":"type-product","3":"status-publish","4":"has-post-thumbnail","6":"product_cat-kinh-te","8":"first","9":"outofstock","10":"taxable","11":"shipping-taxable","12":"purchasable","13":"product-type-simple"},"supplier_id":null,"supplier_sku":"","barcode":null,"atum_controlled":true,"out_stock_date":"2021-09-11 11:11:06","out_stock_threshold":null,"inheritable":false,"inbound_stock":1,"stock_on_hold":0,"sold_today":0,"sales_last_days":0,"reserved_stock":0,"customer_returns":0,"warehouse_damage":0,"lost_in_post":0,"other_logs":0,"out_stock_days":1600,"lost_sales":0,"has_location":false,"update_date":"2026-01-28T23:10:48","atum_locations":[],"atum_stock_status":"outofstock","restock_status":false,"low_stock_amount":"","sales_update_date":"2026-01-28T23:10:48","calc_backorders":null,"acf":{"publisher":{"ID":1517,"post_author":"1","post_date":"2021-02-17 01:14:41","post_date_gmt":"2021-02-16 23:14:41","post_content":"","post_title":"NXB Tr\u1ebb","post_excerpt":"","post_status":"publish","comment_status":"closed","ping_status":"closed","post_password":"","post_name":"nxb-tre","to_ping":"","pinged":"","post_modified":"2021-02-17 01:14:41","post_modified_gmt":"2021-02-16 23:14:41","post_content_filtered":"","post_parent":0,"guid":"https:\/\/sachviet.eu\/nha-phat-hanh\/nxb-tre\/","menu_order":0,"post_type":"publisher","post_mime_type":"","comment_count":"0","filter":"raw"}},"_links":{"self":[{"href":"https:\/\/sachviet.eu\/en\/wp-json\/wp\/v2\/product\/11063","targetHints":{"allow":["GET"]}}],"collection":[{"href":"https:\/\/sachviet.eu\/en\/wp-json\/wp\/v2\/product"}],"about":[{"href":"https:\/\/sachviet.eu\/en\/wp-json\/wp\/v2\/types\/product"}],"wp:featuredmedia":[{"embeddable":true,"href":"https:\/\/sachviet.eu\/en\/wp-json\/wp\/v2\/media\/11053"}],"wp:attachment":[{"href":"https:\/\/sachviet.eu\/en\/wp-json\/wp\/v2\/media?parent=11063"}],"wp:term":[{"taxonomy":"product_brand","embeddable":true,"href":"https:\/\/sachviet.eu\/en\/wp-json\/wp\/v2\/product_brand?post=11063"},{"taxonomy":"product_cat","embeddable":true,"href":"https:\/\/sachviet.eu\/en\/wp-json\/wp\/v2\/product_cat?post=11063"},{"taxonomy":"product_tag","embeddable":true,"href":"https:\/\/sachviet.eu\/en\/wp-json\/wp\/v2\/product_tag?post=11063"}],"curies":[{"name":"wp","href":"https:\/\/api.w.org\/{rel}","templated":true}]}}