{"id":11050,"date":"2021-06-03T01:17:10","date_gmt":"2021-06-02T22:17:10","guid":{"rendered":"https:\/\/sachviet.eu\/shop\/combo-dragon-ball-tron-bo-42-tap\/"},"modified":"2022-04-26T10:20:19","modified_gmt":"2022-04-26T07:20:19","slug":"combo-dragon-ball-tron-bo-42-tap","status":"publish","type":"product","link":"https:\/\/sachviet.eu\/en\/shop\/combo-dragon-ball-tron-bo-42-tap\/","title":{"rendered":"Combo Dragon Ball &#8211; Tr\u1ecdn B\u1ed9 42 T\u1eadp"},"content":{"rendered":"<p>M\u1ed9t c\u1eadu b\u00e9 c\u00f3 \u0111u\u00f4i kh\u1ec9 t\u00ean l\u00e0 Goku \u0111\u01b0\u1ee3c t\u00ecm th\u1ea5y b\u1edfi m\u1ed9t \u00f4ng l\u00e3o s\u1ed1ng m\u1ed9t m\u00ecnh trong r\u1eebng, \u00f4ng l\u00e3o xem \u0111\u1ee9a b\u00e9 nh\u01b0 l\u00e0 ch\u00e1u c\u1ee7a m\u00ecnh. M\u1ed9t ng\u00e0y n\u1ecd Goku t\u00ecnh c\u1edd g\u1eb7p m\u1ed9t c\u00f4 g\u00e1i t\u00ean l\u00e0 Bulma tr\u00ean \u0111\u01b0\u1eddng \u0111i b\u1eaft c\u00e1 v\u1ec1, Goku v\u00e0 Bulma \u0111\u00e3 c\u00f9ng nhau truy t\u00ecm b\u1ea3y vi\u00ean ng\u1ecdc r\u1ed3ng. B\u1ea3y vi\u00ean ng\u1ecdc r\u1ed3ng ch\u1ee9a \u0111\u1ef1ng m\u1ed9t b\u00ed m\u1eadt c\u00f3 th\u1ec3 tri\u1ec7u h\u1ed3i m\u1ed9t con r\u1ed3ng v\u00e0 ban \u0111i\u1ec1u \u01b0\u1edbc cho ai s\u1edf h\u1eefu ch\u00fang. Tr\u00ean cu\u1ed9c h\u00e0nh tr\u00ecnh d\u00e0i \u0111i t\u00ecm b\u1ea3y vi\u00ean ng\u1ecdc r\u1ed3ng, h\u1ecd g\u1eb7p nh\u1eefng ng\u01b0\u1eddi b\u1ea1n v\u00e0 nh\u1eefng \u0111\u1ea5u s\u0129 huy\u1ec1n tho\u1ea1i c\u0169ng nh\u01b0 nhi\u1ec1u \u00e1c qu\u1ef7. H\u1ecd tr\u1ea3i qua nh\u1eefng kh\u00f3 kh\u0103n v\u00e0 h\u1ecdc h\u1ecfi c\u00e1c chi\u00eau th\u1ee9c v\u00f5 thu\u1eadt \u0111\u1eb7c bi\u1ec7t \u0111\u1ec3 tham gia thi \u0111\u1ea5u trong \u0111\u1ea1i h\u1ed9i v\u00f5 thu\u1eadt th\u1ebf gi\u1edbi \u0111\u01b0\u1ee3c t\u1ed5 ch\u1ee9c h\u1eb1ng n\u0103m. Ngo\u00e0i c\u00e1c s\u1ef1 ki\u1ec7n \u0111\u1ea1i h\u1ed9i v\u00f5 thu\u1eadt, Guku v\u00e0 c\u00e1c b\u1ea1n c\u00f2n ph\u1ea3i \u0111\u1ed1i ph\u00f3 v\u1edbi c\u00e1c th\u1ebf l\u1ef1c \u0111\u1ed9c \u00e1c nh\u01b0 \u0110\u1ea1i v\u01b0\u01a1ng Pilaf, Qu\u00e2n \u0111o\u00e0n kh\u0103n \u0111\u1ecf c\u1ee7a \u0110\u1ed9c nh\u00e3n t\u01b0\u1edbng qu\u00e2n, \u0110\u1ea1i ma v\u01b0\u01a1ng Pocollo v\u00e0 nh\u1eefng \u0111\u1ee9a con c\u1ee7a h\u1eafn. R\u1ed3i h\u1ecd \u0111i \u0111\u1ebfn Namek, g\u1eb7p r\u1ed3ng th\u1ea7n c\u1ee7a Namek; ch\u1ea1m tr\u00e1n r\u00f4 b\u00f4 s\u00e1t th\u1ee7, Fide v\u00e0 sau \u0111\u00f3 l\u00e0 X\u00ean b\u1ecd hung, Ma b\u01b0\u2026<\/p>\n<p>T\u00e2m \u0111i\u1ec3m c\u1ee7a c\u00e2u chuy\u1ec7n B\u1ea3y vi\u00ean ng\u1ecdc r\u1ed3ng n\u00f3i v\u1ec1 tri\u1ebft l\u00ed c\u1ee7a \u201ct\u00ecnh b\u1ea1n, s\u1ef1 chi\u1ebfn \u0111\u1ea5u v\u00e0 chi\u1ebfn th\u1eafng v\u1ebb vang\u201d. Trong ti\u1ebfng Nh\u1eadt l\u00e0 \u201cWeekly Sh\u014dnen Jump\u201d. Nh\u01b0 m\u1ed9t lo\u1ea1t c\u00e1c s\u1ef1 ki\u1ec7n x\u1ea3y ra trong b\u1ed9 truy\u1ec7n, l\u00f2ng t\u1ed1t v\u00e0 nh\u1eefng ho\u1ea1t \u0111\u1ed9ng h\u01b0\u1edbng v\u1ec1 s\u1ef1 h\u00f2a b\u00ecnh c\u1ee7a nh\u00e2n lo\u1ea1i. C\u00e1c nh\u00e2n v\u1eadt ch\u00ednh ti\u1ebfn tri\u1ec3n theo m\u1ed9t qu\u1ef9 \u0111\u1ea1o c\u1ee7a s\u1ef1 chi\u1ebfn \u0111\u1ea5u, chi\u1ebfn th\u1eafng, ch\u1ebft \u0111i v\u00e0 h\u1ecdc \u0111\u01b0\u1ee3c nh\u1eefng b\u00e0i h\u1ecdc quan tr\u1ecdng trong cu\u1ed9c s\u1ed1ng \u0111\u1ec3 r\u1ed3i ti\u1ebfp t\u1ee5c chi\u1ebfn \u0111\u1ea5u. C\u00f9ng v\u1edbi s\u1ef1 ti\u1ebfn tri\u1ec3n c\u1ee7a b\u1ed9 truy\u1ec7n, nh\u1eefng anh h\u00f9ng ti\u1ebfp t\u1ee5c \u0111\u1ea1t \u0111\u01b0\u1ee3c nh\u1eefng ti\u1ebfn b\u1ed9 v\u00f5 thu\u1eadt.<\/p>\n","protected":false},"excerpt":{"rendered":"<p>M\u1ed9t c\u1eadu b\u00e9 c\u00f3 \u0111u\u00f4i kh\u1ec9 t\u00ean l\u00e0 Goku \u0111\u01b0\u1ee3c t\u00ecm th\u1ea5y b\u1edfi m\u1ed9t \u00f4ng l\u00e3o s\u1ed1ng m\u1ed9t m\u00ecnh trong r\u1eebng, \u00f4ng l\u00e3o xem \u0111\u1ee9a b\u00e9 nh\u01b0 l\u00e0 ch\u00e1u c\u1ee7a m\u00ecnh. M\u1ed9t ng\u00e0y n\u1ecd Goku t\u00ecnh c\u1edd g\u1eb7p m\u1ed9t c\u00f4 g\u00e1i t\u00ean l\u00e0 Bulma tr\u00ean \u0111\u01b0\u1eddng \u0111i b\u1eaft c\u00e1 v\u1ec1, Goku v\u00e0 Bulma \u0111\u00e3 c\u00f9ng nhau truy t\u00ecm b\u1ea3y vi\u00ean ng\u1ecdc r\u1ed3ng. B\u1ea3y vi\u00ean ng\u1ecdc r\u1ed3ng ch\u1ee9a \u0111\u1ef1ng m\u1ed9t b\u00ed m\u1eadt c\u00f3 th\u1ec3 tri\u1ec7u h\u1ed3i m\u1ed9t con r\u1ed3ng v\u00e0 ban \u0111i\u1ec1u \u01b0\u1edbc cho ai s\u1edf h\u1eefu ch\u00fang. Tr\u00ean cu\u1ed9c h\u00e0nh tr\u00ecnh d\u00e0i \u0111i t\u00ecm b\u1ea3y vi\u00ean ng\u1ecdc r\u1ed3ng, h\u1ecd g\u1eb7p nh\u1eefng ng\u01b0\u1eddi b\u1ea1n v\u00e0 nh\u1eefng \u0111\u1ea5u s\u0129 huy\u1ec1n tho\u1ea1i c\u0169ng nh\u01b0 nhi\u1ec1u \u00e1c qu\u1ef7. H\u1ecd tr\u1ea3i qua nh\u1eefng kh\u00f3 kh\u0103n v\u00e0 h\u1ecdc h\u1ecfi c\u00e1c chi\u00eau th\u1ee9c v\u00f5 thu\u1eadt \u0111\u1eb7c bi\u1ec7t \u0111\u1ec3 tham gia thi \u0111\u1ea5u trong \u0111\u1ea1i h\u1ed9i v\u00f5 thu\u1eadt th\u1ebf gi\u1edbi \u0111\u01b0\u1ee3c t\u1ed5 ch\u1ee9c h\u1eb1ng n\u0103m. Ngo\u00e0i c\u00e1c s\u1ef1 ki\u1ec7n \u0111\u1ea1i h\u1ed9i v\u00f5 thu\u1eadt, Guku v\u00e0 c\u00e1c b\u1ea1n c\u00f2n ph\u1ea3i \u0111\u1ed1i ph\u00f3 v\u1edbi c\u00e1c th\u1ebf l\u1ef1c \u0111\u1ed9c \u00e1c nh\u01b0 \u0110\u1ea1i v\u01b0\u01a1ng Pilaf, Qu\u00e2n \u0111o\u00e0n kh\u0103n \u0111\u1ecf c\u1ee7a \u0110\u1ed9c nh\u00e3n t\u01b0\u1edbng qu\u00e2n, \u0110\u1ea1i ma v\u01b0\u01a1ng Pocollo v\u00e0 nh\u1eefng \u0111\u1ee9a con c\u1ee7a h\u1eafn. R\u1ed3i h\u1ecd \u0111i \u0111\u1ebfn Namek, g\u1eb7p r\u1ed3ng th\u1ea7n c\u1ee7a Namek; ch\u1ea1m tr\u00e1n r\u00f4 b\u00f4 s\u00e1t th\u1ee7, Fide v\u00e0 sau \u0111\u00f3 l\u00e0 X\u00ean b\u1ecd hung, Ma b\u01b0\u2026<\/p>\n<p>T\u00e2m \u0111i\u1ec3m c\u1ee7a c\u00e2u chuy\u1ec7n B\u1ea3y vi\u00ean ng\u1ecdc r\u1ed3ng n\u00f3i v\u1ec1 tri\u1ebft l\u00ed c\u1ee7a \u201ct\u00ecnh b\u1ea1n, s\u1ef1 chi\u1ebfn \u0111\u1ea5u v\u00e0 chi\u1ebfn th\u1eafng v\u1ebb vang\u201d. Trong ti\u1ebfng Nh\u1eadt l\u00e0 \u201cWeekly Sh\u014dnen Jump\u201d. Nh\u01b0 m\u1ed9t lo\u1ea1t c\u00e1c s\u1ef1 ki\u1ec7n x\u1ea3y ra trong b\u1ed9 truy\u1ec7n, l\u00f2ng t\u1ed1t v\u00e0 nh\u1eefng ho\u1ea1t \u0111\u1ed9ng h\u01b0\u1edbng v\u1ec1 s\u1ef1 h\u00f2a b\u00ecnh c\u1ee7a nh\u00e2n lo\u1ea1i. C\u00e1c nh\u00e2n v\u1eadt ch\u00ednh ti\u1ebfn tri\u1ec3n theo m\u1ed9t qu\u1ef9 \u0111\u1ea1o c\u1ee7a s\u1ef1 chi\u1ebfn \u0111\u1ea5u, chi\u1ebfn th\u1eafng, ch\u1ebft \u0111i v\u00e0 h\u1ecdc \u0111\u01b0\u1ee3c nh\u1eefng b\u00e0i h\u1ecdc quan tr\u1ecdng trong cu\u1ed9c s\u1ed1ng \u0111\u1ec3 r\u1ed3i ti\u1ebfp t\u1ee5c chi\u1ebfn \u0111\u1ea5u. C\u00f9ng v\u1edbi s\u1ef1 ti\u1ebfn tri\u1ec3n c\u1ee7a b\u1ed9 truy\u1ec7n, nh\u1eefng anh h\u00f9ng ti\u1ebfp t\u1ee5c \u0111\u1ea1t \u0111\u01b0\u1ee3c nh\u1eefng ti\u1ebfn b\u1ed9 v\u00f5 thu\u1eadt.<\/p>\n","protected":false},"featured_media":11048,"template":"","meta":{"_acf_changed":false},"product_brand":[],"product_cat":[29],"product_tag":[],"class_list":{"0":"post-11050","1":"product","2":"type-product","3":"status-publish","4":"has-post-thumbnail","6":"product_cat-manga-comics","8":"first","9":"outofstock","10":"taxable","11":"shipping-taxable","12":"purchasable","13":"product-type-simple"},"supplier_id":null,"supplier_sku":"","barcode":null,"atum_controlled":true,"out_stock_date":"2022-04-26 04:20:19","out_stock_threshold":null,"inheritable":false,"inbound_stock":0,"stock_on_hold":0,"sold_today":0,"sales_last_days":0,"reserved_stock":0,"customer_returns":0,"warehouse_damage":0,"lost_in_post":0,"other_logs":0,"out_stock_days":1373,"lost_sales":22750,"has_location":false,"update_date":"2026-01-28T23:10:48","atum_locations":[],"atum_stock_status":"outofstock","restock_status":false,"low_stock_amount":"","sales_update_date":"2026-01-28T23:10:48","calc_backorders":null,"acf":{"publisher":{"ID":1454,"post_author":"1","post_date":"2021-02-17 01:11:34","post_date_gmt":"2021-02-16 23:11:34","post_content":"<!-- wp:flatsome\/uxbuilder -->\n<h1 style=\"text-align: center;\"><strong>Kim \u0110\u1ed3ng<\/strong><\/h1>\n[row]\n\n[col span=\"3\" span__sm=\"12\"]\n\n[ux_image id=\"1534\" image_size=\"medium\"]\n\n\n[\/col]\n[col span=\"9\" span__sm=\"12\"]\n\n<p>Nh\u00e0 xu\u1ea5t b\u1ea3n Kim \u0110\u1ed3ng tr\u1ef1c thu\u1ed9c Trung \u01b0\u01a1ng \u0110o\u00e0n TNCS H\u1ed3 Ch\u00ed Minh l\u00e0 Nh\u00e0 xu\u1ea5t b\u1ea3n t\u1ed5ng h\u1ee3p c\u00f3 ch\u1ee9c n\u0103ng xu\u1ea5t b\u1ea3n s\u00e1ch v\u00e0 v\u0103n h\u00f3a ph\u1ea9m ph\u1ee5c v\u1ee5 thi\u1ebfu nhi v\u00e0 c\u00e1c b\u1eadc ph\u1ee5 huynh trong c\u1ea3 n\u01b0\u1edbc, qu\u1ea3ng b\u00e1 v\u00e0 gi\u1edbi thi\u1ec7u v\u0103n h\u00f3a Vi\u1ec7t Nam ra th\u1ebf gi\u1edbi.<br \/>Nh\u00e0 xu\u1ea5t b\u1ea3n c\u00f3 nhi\u1ec7m v\u1ee5 t\u1ed5 ch\u1ee9c b\u1ea3n th\u1ea3o, bi\u00ean so\u1ea1n, bi\u00ean d\u1ecbch, xu\u1ea5t b\u1ea3n v\u00e0 ph\u00e1t h\u00e0nh c\u00e1c xu\u1ea5t b\u1ea3n ph\u1ea9m c\u00f3 n\u1ed9i dung: gi\u00e1o d\u1ee5c truy\u1ec1n th\u1ed1ng d\u00e2n t\u1ed9c, gi\u00e1o d\u1ee5c v\u1ec1 tri th\u1ee9c, ki\u1ebfn th\u1ee9c\u2026 tr\u00ean c\u00e1c l\u0129nh v\u1ef1c v\u0103n h\u1ecdc, ngh\u1ec7 thu\u1eadt, khoa h\u1ecdc k\u1ef9 thu\u1eadt nh\u1eb1m cung c\u1ea5p cho c\u00e1c em thi\u1ebfu nhi c\u0169ng nh\u01b0 c\u00e1c b\u1eadc ph\u1ee5 huynh c\u00e1c ki\u1ebfn th\u1ee9c c\u1ea7n thi\u1ebft trong cu\u1ed9c s\u1ed1ng, nh\u1eefng tinh hoa c\u1ee7a tri th\u1ee9c nh\u00e2n lo\u1ea1i nh\u1eb1m g\u00f3p ph\u1ea7n gi\u00e1o d\u1ee5c v\u00e0 h\u00ecnh th\u00e0nh nh\u00e2n c\u00e1ch th\u1ebf h\u1ec7 tr\u1ebb.<br \/>\u0110\u1ed1i t\u01b0\u1ee3ng ph\u1ee5c v\u1ee5 c\u1ee7a Nh\u00e0 xu\u1ea5t b\u1ea3n l\u00e0 c\u00e1c em t\u1eeb tu\u1ed5i nh\u00e0 tr\u1ebb m\u1eabu gi\u00e1o (1 \u0111\u1ebfn 5 tu\u1ed5i), nhi \u0111\u1ed3ng (6 \u0111\u1ebfn 9 tu\u1ed5i), thi\u1ebfu ni\u00ean (10 \u0111\u1ebfn 15 tu\u1ed5i) \u0111\u1ebfn c\u00e1c em tu\u1ed5i m\u1edbi l\u1edbn (16 \u0111\u1ebfn 18 tu\u1ed5i) v\u00e0 c\u00e1c b\u1eadc ph\u1ee5 huynh.<\/p>\n\n[\/col]\n\n[\/row]\n\n<!-- \/wp:flatsome\/uxbuilder -->","post_title":"Kim \u0110\u1ed3ng","post_excerpt":"","post_status":"publish","comment_status":"closed","ping_status":"closed","post_password":"","post_name":"kim-dong","to_ping":"","pinged":"","post_modified":"2021-02-17 01:31:56","post_modified_gmt":"2021-02-16 23:31:56","post_content_filtered":"","post_parent":0,"guid":"https:\/\/sachviet.eu\/nha-phat-hanh\/kim-dong\/","menu_order":0,"post_type":"publisher","post_mime_type":"","comment_count":"0","filter":"raw"}},"_links":{"self":[{"href":"https:\/\/sachviet.eu\/en\/wp-json\/wp\/v2\/product\/11050","targetHints":{"allow":["GET"]}}],"collection":[{"href":"https:\/\/sachviet.eu\/en\/wp-json\/wp\/v2\/product"}],"about":[{"href":"https:\/\/sachviet.eu\/en\/wp-json\/wp\/v2\/types\/product"}],"wp:featuredmedia":[{"embeddable":true,"href":"https:\/\/sachviet.eu\/en\/wp-json\/wp\/v2\/media\/11048"}],"wp:attachment":[{"href":"https:\/\/sachviet.eu\/en\/wp-json\/wp\/v2\/media?parent=11050"}],"wp:term":[{"taxonomy":"product_brand","embeddable":true,"href":"https:\/\/sachviet.eu\/en\/wp-json\/wp\/v2\/product_brand?post=11050"},{"taxonomy":"product_cat","embeddable":true,"href":"https:\/\/sachviet.eu\/en\/wp-json\/wp\/v2\/product_cat?post=11050"},{"taxonomy":"product_tag","embeddable":true,"href":"https:\/\/sachviet.eu\/en\/wp-json\/wp\/v2\/product_tag?post=11050"}],"curies":[{"name":"wp","href":"https:\/\/api.w.org\/{rel}","templated":true}]}}