{"id":11047,"date":"2021-06-03T01:17:01","date_gmt":"2021-06-02T22:17:01","guid":{"rendered":"https:\/\/sachviet.eu\/shop\/tam-quoc-dien-nghia-tron-bo-3-tap\/"},"modified":"2021-07-04T16:30:39","modified_gmt":"2021-07-04T13:30:39","slug":"tam-quoc-dien-nghia-tron-bo-3-tap","status":"publish","type":"product","link":"https:\/\/sachviet.eu\/en\/shop\/tam-quoc-dien-nghia-tron-bo-3-tap\/","title":{"rendered":"Tam Qu\u1ed1c Di\u1ec5n Ngh\u0129a &#8211; Tr\u1ecdn B\u1ed9 3 T\u1eadp"},"content":{"rendered":"<p>Tam qu\u1ed1c di\u1ec5n ngh\u0129a l\u00e0 m\u1ed9t trong \u201cT\u1ee9 \u0111\u1ea1i danh t\u00e1c\u201d hay \u201cT\u1ee9 \u0111\u1ea1i k\u1ef3 th\u01b0\u201dc\u1ee7a n\u1ec1n v\u0103n h\u1ecdc c\u1ed5 Trung Qu\u1ed1c. Cho \u0111\u1ebfn nay Tam qu\u1ed1c di\u1ec5n ngh\u0129a \u0111\u00e3 tr\u1edf th\u00e0nh danh t\u00e1c th\u1ebf gi\u1edbi b\u1edfi s\u1ed1 l\u01b0\u1ee3ng b\u1ea3n d\u1ecbch v\u00e0 t\u1ea7m ph\u1ed5 bi\u1ebfn r\u1ed9ng kh\u1eafp.<\/p>\n<p>Trong su\u1ed1t 120 h\u1ed3i, ng\u00f2i b\u00fat c\u1ee7a nh\u00e0 v\u0103n La Qu\u00e1n Trung \u0111\u00e3 l\u00e0m s\u1ed1ng l\u1ea1i \u0111\u01b0\u1ee3c c\u1ea3 m\u1ed9t th\u1eddi k\u00ec h\u1ed7n lo\u1ea1n kho\u1ea3ng 100 n\u0103m trong l\u1ecbch s\u1eed Trung Qu\u1ed1c: Vua quan ngu mu\u1ed9i t\u00e0n b\u1ea1o, nh\u00e2n d\u00e2n kh\u1ed5 c\u1ef1c tr\u0103m b\u1ec1. T\u00e1c gi\u1ea3 \u0111\u00e3 n\u00f3i l\u00ean l\u00f2ng tha thi\u1ebft c\u1ee7a nh\u00e2n d\u00e2n mong mu\u1ed1n \u0111\u01b0\u1ee3c s\u1ed1ng m\u1ed9t cu\u1ed9c \u0111\u1eddi h\u1ea1nh ph\u00fac thanh b\u00ecnh, th\u1ed1ng nh\u1ea5t, \u0111\u1ed3ng th\u1eddi \u0111\u00e3 d\u1ef1ng l\u00ean \u0111\u01b0\u1ee3c nh\u1eefng nh\u00e2n v\u1eadt l\u1ecbch s\u1eed \u0111i\u1ec3n h\u00ecnh c\u1ee7a th\u1eddi \u0111\u1ea1i nh\u01b0 L\u01b0u B\u1ecb, Quan C\u00f4ng, Tr\u01b0\u01a1ng Phi, Gia C\u00e1t L\u01b0\u1ee3ng, T\u00e0o Th\u00e1o, \u0110\u1ed5ng Tr\u00e1c, T\u00f4n Quy\u1ec1n, Chu Du.<\/p>\n<p>L\u1eddi v\u0103n Tam qu\u1ed1c gi\u1ea3n d\u1ecb s\u00e1ng s\u1ee7a. Nh\u1eefng c\u1ea3nh tuy\u1ebft \u1edf Ng\u1ecda Long C\u01b0\u01a1ng, n\u01b0\u1edbc \u1edf \u0110\u00e0n Kh\u00ea, l\u1eeda \u1edf X\u00edch B\u00edch, kh\u00f3i \u1edf Hoa Dung \u0111\u1ec1u \u0111\u01b0\u1ee3c v\u1ebd th\u00e0nh nh\u1eefng b\u1ee9c tranh tuy\u1ec7t di\u1ec7u.<\/p>\n","protected":false},"excerpt":{"rendered":"<p>Tam qu\u1ed1c di\u1ec5n ngh\u0129a l\u00e0 m\u1ed9t trong \u201cT\u1ee9 \u0111\u1ea1i danh t\u00e1c\u201d hay \u201cT\u1ee9 \u0111\u1ea1i k\u1ef3 th\u01b0\u201dc\u1ee7a n\u1ec1n v\u0103n h\u1ecdc c\u1ed5 Trung Qu\u1ed1c. Cho \u0111\u1ebfn nay Tam qu\u1ed1c di\u1ec5n ngh\u0129a \u0111\u00e3 tr\u1edf th\u00e0nh danh t\u00e1c th\u1ebf gi\u1edbi b\u1edfi s\u1ed1 l\u01b0\u1ee3ng b\u1ea3n d\u1ecbch v\u00e0 t\u1ea7m ph\u1ed5 bi\u1ebfn r\u1ed9ng kh\u1eafp.<\/p>\n<p>Trong su\u1ed1t 120 h\u1ed3i, ng\u00f2i b\u00fat c\u1ee7a nh\u00e0 v\u0103n La Qu\u00e1n Trung \u0111\u00e3 l\u00e0m s\u1ed1ng l\u1ea1i \u0111\u01b0\u1ee3c c\u1ea3 m\u1ed9t th\u1eddi k\u00ec h\u1ed7n lo\u1ea1n kho\u1ea3ng 100 n\u0103m trong l\u1ecbch s\u1eed Trung Qu\u1ed1c: Vua quan ngu mu\u1ed9i t\u00e0n b\u1ea1o, nh\u00e2n d\u00e2n kh\u1ed5 c\u1ef1c tr\u0103m b\u1ec1. T\u00e1c gi\u1ea3 \u0111\u00e3 n\u00f3i l\u00ean l\u00f2ng tha thi\u1ebft c\u1ee7a nh\u00e2n d\u00e2n mong mu\u1ed1n \u0111\u01b0\u1ee3c s\u1ed1ng m\u1ed9t cu\u1ed9c \u0111\u1eddi h\u1ea1nh ph\u00fac thanh b\u00ecnh, th\u1ed1ng nh\u1ea5t, \u0111\u1ed3ng th\u1eddi \u0111\u00e3 d\u1ef1ng l\u00ean \u0111\u01b0\u1ee3c nh\u1eefng nh\u00e2n v\u1eadt l\u1ecbch s\u1eed \u0111i\u1ec3n h\u00ecnh c\u1ee7a th\u1eddi \u0111\u1ea1i nh\u01b0 L\u01b0u B\u1ecb, Quan C\u00f4ng, Tr\u01b0\u01a1ng Phi, Gia C\u00e1t L\u01b0\u1ee3ng, T\u00e0o Th\u00e1o, \u0110\u1ed5ng Tr\u00e1c, T\u00f4n Quy\u1ec1n, Chu Du.<\/p>\n<p>L\u1eddi v\u0103n Tam qu\u1ed1c gi\u1ea3n d\u1ecb s\u00e1ng s\u1ee7a. Nh\u1eefng c\u1ea3nh tuy\u1ebft \u1edf Ng\u1ecda Long C\u01b0\u01a1ng, n\u01b0\u1edbc \u1edf \u0110\u00e0n Kh\u00ea, l\u1eeda \u1edf X\u00edch B\u00edch, kh\u00f3i \u1edf Hoa Dung \u0111\u1ec1u \u0111\u01b0\u1ee3c v\u1ebd th\u00e0nh nh\u1eefng b\u1ee9c tranh tuy\u1ec7t di\u1ec7u.<\/p>\n","protected":false},"featured_media":11045,"template":"","meta":{"_acf_changed":false},"product_brand":[],"product_cat":[15,45],"product_tag":[],"class_list":{"0":"post-11047","1":"product","2":"type-product","3":"status-publish","4":"has-post-thumbnail","6":"product_cat-sach-danh-cho-nguoi-lon","7":"product_cat-tieu-thuyet","9":"first","10":"outofstock","11":"taxable","12":"shipping-taxable","13":"purchasable","14":"product-type-simple"},"supplier_id":null,"supplier_sku":"","barcode":null,"atum_controlled":true,"out_stock_date":"2021-07-04 13:30:39","out_stock_threshold":null,"inheritable":false,"inbound_stock":1,"stock_on_hold":0,"sold_today":0,"sales_last_days":0,"reserved_stock":0,"customer_returns":0,"warehouse_damage":0,"lost_in_post":0,"other_logs":0,"out_stock_days":1669,"lost_sales":0,"has_location":false,"update_date":"2026-01-28T23:10:48","atum_locations":[],"atum_stock_status":"outofstock","restock_status":false,"low_stock_amount":"","sales_update_date":"2026-01-28T23:10:48","calc_backorders":null,"acf":{"publisher":{"ID":11044,"post_author":"1","post_date":"2021-06-03 01:16:55","post_date_gmt":"2021-06-02 22:16:55","post_content":"","post_title":"Bestbooks","post_excerpt":"","post_status":"publish","comment_status":"closed","ping_status":"closed","post_password":"","post_name":"bestbooks","to_ping":"","pinged":"","post_modified":"2021-06-03 01:16:55","post_modified_gmt":"2021-06-02 22:16:55","post_content_filtered":"","post_parent":0,"guid":"https:\/\/sachviet.eu\/nha-phat-hanh\/bestbooks\/","menu_order":0,"post_type":"publisher","post_mime_type":"","comment_count":"0","filter":"raw"}},"_links":{"self":[{"href":"https:\/\/sachviet.eu\/en\/wp-json\/wp\/v2\/product\/11047","targetHints":{"allow":["GET"]}}],"collection":[{"href":"https:\/\/sachviet.eu\/en\/wp-json\/wp\/v2\/product"}],"about":[{"href":"https:\/\/sachviet.eu\/en\/wp-json\/wp\/v2\/types\/product"}],"wp:featuredmedia":[{"embeddable":true,"href":"https:\/\/sachviet.eu\/en\/wp-json\/wp\/v2\/media\/11045"}],"wp:attachment":[{"href":"https:\/\/sachviet.eu\/en\/wp-json\/wp\/v2\/media?parent=11047"}],"wp:term":[{"taxonomy":"product_brand","embeddable":true,"href":"https:\/\/sachviet.eu\/en\/wp-json\/wp\/v2\/product_brand?post=11047"},{"taxonomy":"product_cat","embeddable":true,"href":"https:\/\/sachviet.eu\/en\/wp-json\/wp\/v2\/product_cat?post=11047"},{"taxonomy":"product_tag","embeddable":true,"href":"https:\/\/sachviet.eu\/en\/wp-json\/wp\/v2\/product_tag?post=11047"}],"curies":[{"name":"wp","href":"https:\/\/api.w.org\/{rel}","templated":true}]}}