{"id":11043,"date":"2021-06-03T01:16:51","date_gmt":"2021-06-02T22:16:51","guid":{"rendered":"https:\/\/sachviet.eu\/shop\/hay-khien-tuong-lai-biet-on-vi-hien-tai-ban-da-co-gang-het-minh\/"},"modified":"2023-11-27T21:06:00","modified_gmt":"2023-11-27T19:06:00","slug":"hay-khien-tuong-lai-biet-on-vi-hien-tai-ban-da-co-gang-het-minh","status":"publish","type":"product","link":"https:\/\/sachviet.eu\/en\/shop\/hay-khien-tuong-lai-biet-on-vi-hien-tai-ban-da-co-gang-het-minh\/","title":{"rendered":"H\u00e3y Khi\u1ebfn T\u01b0\u01a1ng Lai Bi\u1ebft \u01a0n V\u00ec Hi\u1ec7n T\u1ea1i B\u1ea1n \u0110\u00e3 C\u1ed1 G\u1eafng H\u1ebft M\u00ecnh"},"content":{"rendered":"<p>&#8211; Cu\u1ed1n s\u00e1ch d\u00e0nh cho nh\u1eefng b\u1ea1n tr\u1ebb ch\u00eanh v\u00eanh v\u00e0 \u0111\u1ea7y hoang mang nh\u01b0ng kh\u00f4ng ng\u1eebng theo \u0111u\u1ed5i s\u1ef1 n\u1ed7 l\u1ef1c<\/p>\n<p>&#8211; T\u1eebng \u0111\u01b0\u1ee3c \u0111\u00f3n \u0111\u1ecdc b\u1edfi 1 tri\u1ec7u \u0111\u1ed9c gi\u1ea3 kh\u1eafp Trung Qu\u1ed1c, 4 ch\u01b0\u01a1ng s\u00e1ch t\u1ed5ng h\u1ee3p 50 l\u1eddi khuy\u00ean ch\u1ea5t l\u01b0\u1ee3ng nh\u1ea5t d\u00e0nh cho th\u1ebf h\u1ec7 tr\u1ebb:<\/p>\n<p>V\u1edbi s\u1ef1 nghi\u1ec7p: B\u1ea1n hi\u1ec3u r\u1eb1ng kh\u00f4ng ai c\u1ea3 \u0111\u1eddi thu\u1eadn bu\u1ed3m xu\u00f4i gi\u00f3, m\u1ed7i ng\u01b0\u1eddi \u00edt nhi\u1ec1u \u0111\u1ec1u g\u1eb7p ph\u1ea3i kh\u00f3 kh\u0103n tr\u1eafc tr\u1edf, vi\u1ec7c b\u1ea1n c\u1ea7n l\u00e0m &#8211; l\u00e0 kh\u00f4ng \u0111\u1ed5 l\u1ed7i cho ngo\u1ea1i c\u1ea3nh m\u00e0 \u00e2m th\u1ea7m n\u00e2ng cao n\u0103ng l\u1ef1c v\u00e0 r\u00fat ra b\u00e0i h\u1ecdc cho b\u1ea3n th\u00e2n<\/p>\n<p>V\u1edbi ch\u00ednh m\u00ecnh: B\u1ea1n hi\u1ec3u r\u1eb1ng m\u00ecnh c\u1ea7n c\u1ea3i thi\u1ec7n r\u1ea5t nhi\u1ec1u nh\u01b0ng s\u1ef1 \u0111\u00e1nh gi\u00e1 c\u1ee7a ng\u01b0\u1eddi kh\u00e1c kh\u00f4ng quan tr\u1ecdng b\u1eb1ng s\u1ef1 ghi nh\u1eadn c\u1ee7a ch\u00ednh b\u1ea3n th\u00e2n<\/p>\n<p>V\u1edbi t\u00ecnh y\u00eau: Khi ta l\u00e0 ch\u00ednh m\u00ecnh \u1edf phi\u00ean b\u1ea3n t\u1ed1t nh\u1ea5t, ta s\u1ebd \u0111\u01b0\u1ee3c \u1edf c\u1ea1nh s\u1ef1 l\u1ef1a ch\u1ecdn t\u1ed1t nh\u1ea5t<\/p>\n<p>V\u1edbi c\u00e1c m\u1ed1i quan h\u1ec7:<\/p>\n<p>&#8211; B\u1ea1n b\u00e8 ch\u00e2n ch\u00ednh l\u00e0 d\u00f9 kh\u00f4ng c\u00f3 \u0111i\u1ec1u ki\u1ec7n n\u00f3i chuy\u1ec7n nhi\u1ec1u nh\u01b0ng v\u1eabn hi\u1ec3u nhau. L\u00fac n\u00e0o b\u1ea1n c\u1ea7n gi\u00fap \u0111\u1ee1, h\u1ecd lu\u00f4n l\u00e0 ng\u01b0\u1eddi c\u00f3 m\u1eb7t.<\/p>\n<p>&#8211; Th\u1eddi gian d\u00e0nh cho b\u1ed1 m\u1eb9 l\u00e0 qu\u00fd gi\u00e1 nh\u1ea5t. Hi\u1ebfu k\u00ednh l\u00e0 \u0111i\u1ec1u kh\u00f4ng th\u1ec3 tr\u00ec ho\u00e3n.<\/p>\n<p>Nh\u1eefng ng\u01b0\u1eddi tr\u1ebb tu\u1ed5i, khi t\u00e0i n\u0103ng v\u00e0 kinh nghi\u1ec7m c\u00f3 h\u1ea1n nh\u01b0ng lu\u00f4n mu\u1ed1n c\u00f3 tr\u1ecdn v\u1eb9n m\u1ecdi th\u1ee9 trong tay: ti\u1ec1n b\u1ea1c, s\u1ef1 nghi\u1ec7p, gia \u0111\u00ecnh, b\u1ea1n b\u00e8 v\u00e0 c\u1ea3 t\u00ecnh y\u00eau. \u0110\u1ed3ng c\u1ea3m v\u1edbi mong mu\u1ed1n \u0111\u00f3, 320 trang c\u1ee7a cu\u1ed1n s\u00e1ch n\u00e0y truy\u1ec1n \u0111i th\u00f4ng \u0111i\u1ec7p c\u1ed5 v\u0169 &#8220;Ch\u1ec9 c\u1ea7n b\u1ea1n n\u1ed7 l\u1ef1c c\u1ed1 g\u1eafng h\u1ebft m\u00ecnh ngay b\u00e2y gi\u1edd th\u00ec t\u01b0\u01a1ng lai ch\u00ednh l\u00e0 th\u1eddi kh\u1eafc b\u1ea1n c\u00f3 \u0111\u01b0\u1ee3c t\u1ea5t c\u1ea3 nh\u1eefng \u0111i\u1ec1u b\u1ea1n mu\u1ed1n&#8221;<\/p>\n<p>N\u1ed7 l\u1ef1c s\u1edbm, th\u00e0nh c\u00f4ng s\u1edbm. C\u1ed1 g\u1eafng bao nhi\u00eau, c\u00f3 \u0111\u01b0\u1ee3c b\u1ea5y nhi\u00eau. Kh\u00f4ng b\u1ecf ra ch\u00fat c\u00f4ng s\u1ee9c n\u00e0o, th\u1ee9 b\u1ea1n c\u00f3 duy nh\u1ea5t, ch\u1eafc ch\u1eafn l\u00e0 s\u1ef1 H\u1ed0I TI\u1ebeC.<\/p>\n<p>&#8212;-<\/p>\n<p>M\u1ed8T S\u1ed0 TR\u00cdCH D\u1eaaN HAY TRONG S\u00c1CH<\/p>\n<p>\u201cHo\u1eb7c l\u00e0 b\u1ea1n \u0111\u1ecbnh h\u01b0\u1edbng cu\u1ed9c s\u1ed1ng, ho\u1eb7c l\u00e0 cu\u1ed9c s\u1ed1ng \u0111i\u1ec1u khi\u1ec3n b\u1ea1n, th\u00e1i \u0111\u1ed9 c\u1ee7a b\u1ea1n s\u1ebd quy\u1ebft \u0111\u1ecbnh ai l\u00e0 ng\u01b0\u1eddi c\u1ea7m l\u00e1i, ai l\u00e0 ng\u01b0\u1eddi b\u1ecb l\u00e1i.\u201d<\/p>\n<p>\u201cTrong cu\u1ed9c s\u1ed1ng, ch\u00fang ta \u0111\u1ec1u s\u1ebd g\u1eb7p ph\u1ea3i h\u00ecnh m\u1eabu &#8220;con nh\u00e0 ng\u01b0\u1eddi ta&#8221; khi\u1ebfn b\u1ea1n r\u1ed1i tinh r\u1ed1i m\u00f9 v\u00ec kh\u00f4ng ng\u1eebng so s\u00e1nh ch\u00ednh m\u00ecnh, nh\u01b0ng ngh\u0129 k\u0129 l\u1ea1i, c\u00f3 th\u1ec3 ch\u00ednh b\u1ea1n c\u0169ng l\u00e0 &#8220;con nh\u00e0 ng\u01b0\u1eddi ta&#8221; v\u1edbi m\u1ed9t ai \u0111\u00f3 kh\u00e1c. N\u00ean quan tr\u1ecdng, ng\u01b0\u1eddi c\u1ea7n ph\u1ea3i so s\u00e1ch, kh\u00f4ng ph\u1ea3i l\u00e0 ai \u0111\u00f3 ngo\u00e0i kia, m\u00e0 l\u00e0 ch\u00ednh b\u1ea1n. S\u1ef1 c\u1ed1 g\u1eafng c\u1ee7a b\u1ea1n, s\u1ebd kh\u00f4ng bao gi\u1edd \u0111em l\u1ea1i \u0111\u01b0\u1ee3c s\u1ef1 xu\u1ea5t s\u1eafc gi\u1ed1ng h\u1ec7t ng\u01b0\u1eddi ta, nh\u01b0ng b\u1ea1n c\u00f3 th\u1ec3 d\u1ef1a v\u00e0o s\u1ef1 n\u1ed7 l\u1ef1c \u0111\u00f3 \u0111\u1ec3 t\u00ecm ra gi\u00e1 tr\u1ecb ri\u00eang cho b\u1ea3n th\u00e2n m\u00ecnh<\/p>\n<p>N\u1ebfu m\u1ed9t ng\u00e0y n\u00e0o \u0111\u00f3 ch\u00fang ta ch\u00ecm trong bi\u1ec3n ng\u01b0\u1eddi v\u00e0 s\u1ed1ng m\u1ed9t cu\u1ed9c \u0111\u1eddi t\u1ea7m th\u01b0\u1eddng, h\u1eb3n l\u00e0 ch\u00fang ta \u0111\u00e3 kh\u00f4ng l\u00e0m vi\u1ec7c ch\u0103m ch\u1ec9 \u0111\u1ec3 c\u00f3 m\u1ed9t cu\u1ed9c s\u1ed1ng sung t\u00fac.\u201d<\/p>\n<p>\u201cN\u1ebfu ngay b\u00e2y gi\u1edd b\u1ea1n c\u00f3 m\u1ed9t \u01b0\u1edbc m\u01a1, h\u00e3y im l\u1eb7ng, d\u1ed1c to\u00e0n l\u1ef1c \u0111\u1ec3 h\u00e0nh \u0111\u1ed9ng. H\u00e3y nh\u1edb r\u1eb1ng, n\u1ebfu h\u00f4m nay kh\u00f4ng \u0111i nhanh m\u1ed9t ch\u00fat, c\u00f3 th\u1ec3 ng\u00e0y mai s\u1ebd ph\u1ea3i ch\u1ea1y, ng\u00e0y kia c\u00f3 th\u1ec3 kh\u00f4ng th\u1ea5y r\u00f5 ph\u01b0\u01a1ng h\u01b0\u1edbng ph\u00eda tr\u01b0\u1edbc n\u1eefa. Sao c\u1ee9 ph\u1ea3i b\u1eadn t\u00e2m \u01b0\u1edbc m\u01a1 c\u00f3 th\u00e0nh hi\u1ec7n th\u1ef1c hay kh\u00f4ng? H\u00e3y c\u1ee9 ti\u1ebfn l\u00ean ph\u00eda tr\u01b0\u1edbc, ch\u1ea1y nhanh l\u00ean ph\u00eda tr\u01b0\u1edbc l\u00e0 \u0111\u01b0\u1ee3c r\u1ed3i!\u201d<\/p>\n","protected":false},"excerpt":{"rendered":"<p>&#8211; Cu\u1ed1n s\u00e1ch d\u00e0nh cho nh\u1eefng b\u1ea1n tr\u1ebb ch\u00eanh v\u00eanh v\u00e0 \u0111\u1ea7y hoang mang nh\u01b0ng kh\u00f4ng ng\u1eebng theo \u0111u\u1ed5i s\u1ef1 n\u1ed7 l\u1ef1c<\/p>\n<p>&#8211; T\u1eebng \u0111\u01b0\u1ee3c \u0111\u00f3n \u0111\u1ecdc b\u1edfi 1 tri\u1ec7u \u0111\u1ed9c gi\u1ea3 kh\u1eafp Trung Qu\u1ed1c, 4 ch\u01b0\u01a1ng s\u00e1ch t\u1ed5ng h\u1ee3p 50 l\u1eddi khuy\u00ean ch\u1ea5t l\u01b0\u1ee3ng nh\u1ea5t d\u00e0nh cho th\u1ebf h\u1ec7 tr\u1ebb:<\/p>\n<p>V\u1edbi s\u1ef1 nghi\u1ec7p: B\u1ea1n hi\u1ec3u r\u1eb1ng kh\u00f4ng ai c\u1ea3 \u0111\u1eddi thu\u1eadn bu\u1ed3m xu\u00f4i gi\u00f3, m\u1ed7i ng\u01b0\u1eddi \u00edt nhi\u1ec1u \u0111\u1ec1u g\u1eb7p ph\u1ea3i kh\u00f3 kh\u0103n tr\u1eafc tr\u1edf, vi\u1ec7c b\u1ea1n c\u1ea7n l\u00e0m &#8211; l\u00e0 kh\u00f4ng \u0111\u1ed5 l\u1ed7i cho ngo\u1ea1i c\u1ea3nh m\u00e0 \u00e2m th\u1ea7m n\u00e2ng cao n\u0103ng l\u1ef1c v\u00e0 r\u00fat ra b\u00e0i h\u1ecdc cho b\u1ea3n th\u00e2n<\/p>\n<p>V\u1edbi ch\u00ednh m\u00ecnh: B\u1ea1n hi\u1ec3u r\u1eb1ng m\u00ecnh c\u1ea7n c\u1ea3i thi\u1ec7n r\u1ea5t nhi\u1ec1u nh\u01b0ng s\u1ef1 \u0111\u00e1nh gi\u00e1 c\u1ee7a ng\u01b0\u1eddi kh\u00e1c kh\u00f4ng quan tr\u1ecdng b\u1eb1ng s\u1ef1 ghi nh\u1eadn c\u1ee7a ch\u00ednh b\u1ea3n th\u00e2n<\/p>\n<p>V\u1edbi t\u00ecnh y\u00eau: Khi ta l\u00e0 ch\u00ednh m\u00ecnh \u1edf phi\u00ean b\u1ea3n t\u1ed1t nh\u1ea5t, ta s\u1ebd \u0111\u01b0\u1ee3c \u1edf c\u1ea1nh s\u1ef1 l\u1ef1a ch\u1ecdn t\u1ed1t nh\u1ea5t<\/p>\n<p>V\u1edbi c\u00e1c m\u1ed1i quan h\u1ec7:<\/p>\n<p>&#8211; B\u1ea1n b\u00e8 ch\u00e2n ch\u00ednh l\u00e0 d\u00f9 kh\u00f4ng c\u00f3 \u0111i\u1ec1u ki\u1ec7n n\u00f3i chuy\u1ec7n nhi\u1ec1u nh\u01b0ng v\u1eabn hi\u1ec3u nhau. L\u00fac n\u00e0o b\u1ea1n c\u1ea7n gi\u00fap \u0111\u1ee1, h\u1ecd lu\u00f4n l\u00e0 ng\u01b0\u1eddi c\u00f3 m\u1eb7t.<\/p>\n<p>&#8211; Th\u1eddi gian d\u00e0nh cho b\u1ed1 m\u1eb9 l\u00e0 qu\u00fd gi\u00e1 nh\u1ea5t. Hi\u1ebfu k\u00ednh l\u00e0 \u0111i\u1ec1u kh\u00f4ng th\u1ec3 tr\u00ec ho\u00e3n.<\/p>\n<p>Nh\u1eefng ng\u01b0\u1eddi tr\u1ebb tu\u1ed5i, khi t\u00e0i n\u0103ng v\u00e0 kinh nghi\u1ec7m c\u00f3 h\u1ea1n nh\u01b0ng lu\u00f4n mu\u1ed1n c\u00f3 tr\u1ecdn v\u1eb9n m\u1ecdi th\u1ee9 trong tay: ti\u1ec1n b\u1ea1c, s\u1ef1 nghi\u1ec7p, gia \u0111\u00ecnh, b\u1ea1n b\u00e8 v\u00e0 c\u1ea3 t\u00ecnh y\u00eau. \u0110\u1ed3ng c\u1ea3m v\u1edbi mong mu\u1ed1n \u0111\u00f3, 320 trang c\u1ee7a cu\u1ed1n s\u00e1ch n\u00e0y truy\u1ec1n \u0111i th\u00f4ng \u0111i\u1ec7p c\u1ed5 v\u0169 &#8220;Ch\u1ec9 c\u1ea7n b\u1ea1n n\u1ed7 l\u1ef1c c\u1ed1 g\u1eafng h\u1ebft m\u00ecnh ngay b\u00e2y gi\u1edd th\u00ec t\u01b0\u01a1ng lai ch\u00ednh l\u00e0 th\u1eddi kh\u1eafc b\u1ea1n c\u00f3 \u0111\u01b0\u1ee3c t\u1ea5t c\u1ea3 nh\u1eefng \u0111i\u1ec1u b\u1ea1n mu\u1ed1n&#8221;<\/p>\n<p>N\u1ed7 l\u1ef1c s\u1edbm, th\u00e0nh c\u00f4ng s\u1edbm. C\u1ed1 g\u1eafng bao nhi\u00eau, c\u00f3 \u0111\u01b0\u1ee3c b\u1ea5y nhi\u00eau. Kh\u00f4ng b\u1ecf ra ch\u00fat c\u00f4ng s\u1ee9c n\u00e0o, th\u1ee9 b\u1ea1n c\u00f3 duy nh\u1ea5t, ch\u1eafc ch\u1eafn l\u00e0 s\u1ef1 H\u1ed0I TI\u1ebeC.<\/p>\n","protected":false},"featured_media":11042,"template":"","meta":{"_acf_changed":false},"product_brand":[],"product_cat":[15,46],"product_tag":[],"class_list":{"0":"post-11043","1":"product","2":"type-product","3":"status-publish","4":"has-post-thumbnail","6":"product_cat-sach-danh-cho-nguoi-lon","7":"product_cat-ky-nang-song","9":"first","10":"outofstock","11":"taxable","12":"shipping-taxable","13":"purchasable","14":"product-type-simple"},"supplier_id":null,"supplier_sku":"","barcode":null,"atum_controlled":true,"out_stock_date":"2023-11-27 19:06:00","out_stock_threshold":null,"inheritable":false,"inbound_stock":0,"stock_on_hold":0,"sold_today":0,"sales_last_days":0,"reserved_stock":0,"customer_returns":0,"warehouse_damage":0,"lost_in_post":0,"other_logs":0,"out_stock_days":793,"lost_sales":0,"has_location":false,"update_date":"2026-01-28T23:10:48","atum_locations":[],"atum_stock_status":"outofstock","restock_status":false,"low_stock_amount":"","sales_update_date":"2026-01-28T23:10:48","calc_backorders":null,"acf":{"publisher":{"ID":1785,"post_author":"1","post_date":"2021-02-17 01:54:46","post_date_gmt":"2021-02-16 23:54:46","post_content":"<!-- wp:flatsome\/uxbuilder -->\n<h1 style=\"text-align: center;\"><strong>AZ VIETNAM<\/strong><\/h1>\n[row]\n\n[col span=\"8\" span__sm=\"12\"]\n\n<p>Th\u00e0nh l\u1eadp n\u0103m: 2015<br \/>V\u1ed1n \u0111\u1ea7u t\u01b0: 4,000,000,000 \u0111\u1ed3ng<br \/><strong>L\u0129nh v\u1ef1c:<\/strong><br \/>- Xu\u1ea5t b\u1ea3n v\u00e0 ph\u00e1t h\u00e0nh v\u0103n h\u00f3a ph\u1ea9m<br \/>- Cung c\u1ea5p v\u0103n h\u00f3a ph\u1ea9m, c\u00e1c s\u1ea3n ph\u1ea9m cho in \u1ea5n, trang thi\u1ebft b\u1ecb cho c\u00e1c th\u01b0 vi\u1ec7n v\u00e0 trung t\u00e2m s\u00e1ch tr\u00ean c\u1ea3 n\u01b0\u1edbc.<br \/>- Th\u1eddi trang v\u00e0 c\u00e1c s\u1ea3n ph\u1ea9m li\u00ean quan \u0111\u1ebfn l\u0129nh v\u1ef1c th\u1eddi trang<br \/>- Xu\u1ea5t nh\u1eadp kh\u1ea9u c\u00e1c s\u1ea3n ph\u1ea9m v\u0103n h\u00f3a<\/p>\n<p><strong>Quy m\u00f4:<\/strong> 60 nh\u00e2n vi\u00ean<br \/>Kh\u1edfi ngu\u1ed3n c\u1ee7a AZ Vi\u1ec7t Nam ng\u00e0y nay l\u00e0 C\u00f4ng ty TNHH Trung t\u00e2m S\u00e1ch v\u00e0 Thi\u1ebft b\u1ecb Th\u01b0 vi\u1ec7n, v\u1edbi ho\u1ea1t \u0111\u1ed9ng \u0111\u1ea7u ti\u00ean l\u00e0 cung c\u1ea5p s\u00e1ch, trang thi\u1ebft b\u1ecb, v\u0103n h\u00f3a ph\u1ea9m cho c\u00e1c th\u01b0 vi\u1ec7n v\u00e0 trung t\u00e2m s\u00e1ch tr\u00ean c\u1ea3 n\u01b0\u1edbc. T\u1eeb cu\u1ed1i n\u0103m 2010 \u0111\u1ebfn nay, ch\u00fang t\u00f4i \u0111\u00e3 kh\u00f4ng ng\u1eebng n\u1ed7 l\u1ef1c khai ph\u00e1 v\u00e0 ph\u00e1t tri\u1ec3n c\u00e1c d\u00f2ng s\u1ea3n ph\u1ea9m m\u1edbi v\u1edbi 8 th\u01b0\u01a1ng hi\u1ec7u uy t\u00edn. \u0110\u1ec3 \u0111\u00e1p \u1ee9ng nhu c\u1ea7u ph\u00e1t tri\u1ec3n ng\u00e0y m\u1ed9t l\u1edbn m\u1ea1nh v\u00e0 t\u1eadp h\u1ee3p c\u00e1c th\u01b0\u01a1ng hi\u1ec7u \u0111\u00e3 \u0111\u01b0\u1ee3c ch\u00fang t\u00f4i x\u00e2y d\u1ef1ng, 2015 C\u00f4ng ty TNHH AZ Vi\u1ec7t Nam \u0111\u00e3 ra \u0111\u1eddi v\u1edbi s\u1ee9 m\u1ec7nh mang \u0111\u1ebfn nhi\u1ec1u h\u01a1n n\u1eefa nh\u1eefng gi\u00e1 tr\u1ecb tinh th\u1ea7n, tri th\u1ee9c ti\u00ean ti\u1ebfn cho ng\u01b0\u1eddi ti\u00eau d\u00f9ng b\u1eb1ng vi\u1ec7c cung c\u1ea5p nh\u1eefng s\u1ea3n ph\u1ea9m c\u00f3 ch\u1ea5t l\u01b0\u1ee3ng.<\/p>\n\n[\/col]\n[col span=\"4\" span__sm=\"12\"]\n\n[ux_image id=\"1836\" image_size=\"medium\"]\n\n\n[\/col]\n\n[\/row]\n\n<!-- \/wp:flatsome\/uxbuilder -->","post_title":"AZ Vi\u1ec7t Nam","post_excerpt":"","post_status":"publish","comment_status":"closed","ping_status":"closed","post_password":"","post_name":"az-viet-nam","to_ping":"","pinged":"","post_modified":"2021-02-17 22:07:10","post_modified_gmt":"2021-02-17 20:07:10","post_content_filtered":"","post_parent":0,"guid":"https:\/\/sachviet.eu\/nha-phat-hanh\/az-viet-nam\/","menu_order":0,"post_type":"publisher","post_mime_type":"","comment_count":"0","filter":"raw"}},"_links":{"self":[{"href":"https:\/\/sachviet.eu\/en\/wp-json\/wp\/v2\/product\/11043","targetHints":{"allow":["GET"]}}],"collection":[{"href":"https:\/\/sachviet.eu\/en\/wp-json\/wp\/v2\/product"}],"about":[{"href":"https:\/\/sachviet.eu\/en\/wp-json\/wp\/v2\/types\/product"}],"wp:featuredmedia":[{"embeddable":true,"href":"https:\/\/sachviet.eu\/en\/wp-json\/wp\/v2\/media\/11042"}],"wp:attachment":[{"href":"https:\/\/sachviet.eu\/en\/wp-json\/wp\/v2\/media?parent=11043"}],"wp:term":[{"taxonomy":"product_brand","embeddable":true,"href":"https:\/\/sachviet.eu\/en\/wp-json\/wp\/v2\/product_brand?post=11043"},{"taxonomy":"product_cat","embeddable":true,"href":"https:\/\/sachviet.eu\/en\/wp-json\/wp\/v2\/product_cat?post=11043"},{"taxonomy":"product_tag","embeddable":true,"href":"https:\/\/sachviet.eu\/en\/wp-json\/wp\/v2\/product_tag?post=11043"}],"curies":[{"name":"wp","href":"https:\/\/api.w.org\/{rel}","templated":true}]}}