{"id":11038,"date":"2021-06-03T01:16:37","date_gmt":"2021-06-02T22:16:37","guid":{"rendered":"https:\/\/sachviet.eu\/shop\/tham-tu-lung-danh-conan-tap-98\/"},"modified":"2022-05-18T23:17:29","modified_gmt":"2022-05-18T20:17:29","slug":"tham-tu-lung-danh-conan-tap-98","status":"publish","type":"product","link":"https:\/\/sachviet.eu\/en\/shop\/tham-tu-lung-danh-conan-tap-98\/","title":{"rendered":"Th\u00e1m T\u1eed L\u1eebng Danh Conan &#8211; T\u1eadp 98"},"content":{"rendered":"<p>Sera Masumi ti\u1ebfp t\u1ee5c th\u0103m d\u00f2 Haibara Ai v\u00e0 \u1edf th\u1ebf \u0111\u1ed1i \u0111\u1ea7u v\u1edbi Okiya Subaru!<\/p>\n<p>Trong khi \u0111\u00f3, Conan \u0111\u00e3 ti\u1ebfn \u0111\u1ebfn g\u1ea7n ch\u00e2n t\u01b0\u1edfng c\u1ee7a \u201cem g\u00e1i ngo\u00e0i l\u00e3nh \u0111\u1ecba\u201d &#8211; Mary\u2026!?<\/p>\n<p>Haneda Shukichi b\u1ea5t ng\u1edd g\u1eb7p \u00e1n m\u1ea1ng t\u1ea1i bu\u1ed5i h\u1ecdc nh\u00f3m shogi!<\/p>\n<p>V\u1ee5 \u00e1n di\u1ec5n bi\u1ebfn b\u1ea5t ng\u1edd v\u1edbi nhi\u1ec1u kh\u00fac ngo\u1eb7t \u0111\u1ec3 r\u1ed3i cu\u1ed1i c\u00f9ng, Akai Shuichi xu\u1ea5t hi\u1ec7n\u2026!? Kh\u00f4ng d\u1eebng l\u1ea1i \u1edf \u0111\u00f3, t\u1eadp 98 c\u00f2n mang t\u1edbi v\u1ee5 \u00e1n gi\u1ea3i m\u1eadt m\u00e3 c\u1ee7a m\u1ed9t ng\u01b0\u1eddi gi\u00fap vi\u1ec7c, n\u01a1i cu\u1ed9c \u0111ua ph\u00e1 \u00e1n gi\u1eefa Conan v\u00e0 Heiji \u0111\u00e3 kh\u1edfi ph\u00e1t t\u1eeb m\u01b0u k\u1ebf c\u1ee7a Ooka Momiji!!<\/p>\n","protected":false},"excerpt":{"rendered":"<p>Sera Masumi ti\u1ebfp t\u1ee5c th\u0103m d\u00f2 Haibara Ai v\u00e0 \u1edf th\u1ebf \u0111\u1ed1i \u0111\u1ea7u v\u1edbi Okiya Subaru!<\/p>\n<p>Trong khi \u0111\u00f3, Conan \u0111\u00e3 ti\u1ebfn \u0111\u1ebfn g\u1ea7n ch\u00e2n t\u01b0\u1edfng c\u1ee7a \u201cem g\u00e1i ngo\u00e0i l\u00e3nh \u0111\u1ecba\u201d &#8211; Mary\u2026!?<\/p>\n<p>Haneda Shukichi b\u1ea5t ng\u1edd g\u1eb7p \u00e1n m\u1ea1ng t\u1ea1i bu\u1ed5i h\u1ecdc nh\u00f3m shogi!<\/p>\n<p>V\u1ee5 \u00e1n di\u1ec5n bi\u1ebfn b\u1ea5t ng\u1edd v\u1edbi nhi\u1ec1u kh\u00fac ngo\u1eb7t \u0111\u1ec3 r\u1ed3i cu\u1ed1i c\u00f9ng, Akai Shuichi xu\u1ea5t hi\u1ec7n\u2026!? Kh\u00f4ng d\u1eebng l\u1ea1i \u1edf \u0111\u00f3, t\u1eadp 98 c\u00f2n mang t\u1edbi v\u1ee5 \u00e1n gi\u1ea3i m\u1eadt m\u00e3 c\u1ee7a m\u1ed9t ng\u01b0\u1eddi gi\u00fap vi\u1ec7c, n\u01a1i cu\u1ed9c \u0111ua ph\u00e1 \u00e1n gi\u1eefa Conan v\u00e0 Heiji \u0111\u00e3 kh\u1edfi ph\u00e1t t\u1eeb m\u01b0u k\u1ebf c\u1ee7a Ooka Momiji!!<\/p>\n","protected":false},"featured_media":11036,"template":"","meta":{"_acf_changed":false},"product_brand":[],"product_cat":[29],"product_tag":[],"class_list":{"0":"post-11038","1":"product","2":"type-product","3":"status-publish","4":"has-post-thumbnail","6":"product_cat-manga-comics","8":"first","9":"outofstock","10":"taxable","11":"shipping-taxable","12":"purchasable","13":"product-type-simple"},"supplier_id":null,"supplier_sku":"","barcode":null,"atum_controlled":true,"out_stock_date":"2022-05-18 17:17:29","out_stock_threshold":null,"inheritable":false,"inbound_stock":1,"stock_on_hold":0,"sold_today":0,"sales_last_days":0,"reserved_stock":0,"customer_returns":0,"warehouse_damage":0,"lost_in_post":0,"other_logs":0,"out_stock_days":1351,"lost_sales":0,"has_location":false,"update_date":"2026-01-28T23:10:48","atum_locations":[],"atum_stock_status":"outofstock","restock_status":false,"low_stock_amount":"","sales_update_date":"2026-01-28T23:10:48","calc_backorders":null,"acf":{"publisher":{"ID":1454,"post_author":"1","post_date":"2021-02-17 01:11:34","post_date_gmt":"2021-02-16 23:11:34","post_content":"<!-- wp:flatsome\/uxbuilder -->\n<h1 style=\"text-align: center;\"><strong>Kim \u0110\u1ed3ng<\/strong><\/h1>\n[row]\n\n[col span=\"3\" span__sm=\"12\"]\n\n[ux_image id=\"1534\" image_size=\"medium\"]\n\n\n[\/col]\n[col span=\"9\" span__sm=\"12\"]\n\n<p>Nh\u00e0 xu\u1ea5t b\u1ea3n Kim \u0110\u1ed3ng tr\u1ef1c thu\u1ed9c Trung \u01b0\u01a1ng \u0110o\u00e0n TNCS H\u1ed3 Ch\u00ed Minh l\u00e0 Nh\u00e0 xu\u1ea5t b\u1ea3n t\u1ed5ng h\u1ee3p c\u00f3 ch\u1ee9c n\u0103ng xu\u1ea5t b\u1ea3n s\u00e1ch v\u00e0 v\u0103n h\u00f3a ph\u1ea9m ph\u1ee5c v\u1ee5 thi\u1ebfu nhi v\u00e0 c\u00e1c b\u1eadc ph\u1ee5 huynh trong c\u1ea3 n\u01b0\u1edbc, qu\u1ea3ng b\u00e1 v\u00e0 gi\u1edbi thi\u1ec7u v\u0103n h\u00f3a Vi\u1ec7t Nam ra th\u1ebf gi\u1edbi.<br \/>Nh\u00e0 xu\u1ea5t b\u1ea3n c\u00f3 nhi\u1ec7m v\u1ee5 t\u1ed5 ch\u1ee9c b\u1ea3n th\u1ea3o, bi\u00ean so\u1ea1n, bi\u00ean d\u1ecbch, xu\u1ea5t b\u1ea3n v\u00e0 ph\u00e1t h\u00e0nh c\u00e1c xu\u1ea5t b\u1ea3n ph\u1ea9m c\u00f3 n\u1ed9i dung: gi\u00e1o d\u1ee5c truy\u1ec1n th\u1ed1ng d\u00e2n t\u1ed9c, gi\u00e1o d\u1ee5c v\u1ec1 tri th\u1ee9c, ki\u1ebfn th\u1ee9c\u2026 tr\u00ean c\u00e1c l\u0129nh v\u1ef1c v\u0103n h\u1ecdc, ngh\u1ec7 thu\u1eadt, khoa h\u1ecdc k\u1ef9 thu\u1eadt nh\u1eb1m cung c\u1ea5p cho c\u00e1c em thi\u1ebfu nhi c\u0169ng nh\u01b0 c\u00e1c b\u1eadc ph\u1ee5 huynh c\u00e1c ki\u1ebfn th\u1ee9c c\u1ea7n thi\u1ebft trong cu\u1ed9c s\u1ed1ng, nh\u1eefng tinh hoa c\u1ee7a tri th\u1ee9c nh\u00e2n lo\u1ea1i nh\u1eb1m g\u00f3p ph\u1ea7n gi\u00e1o d\u1ee5c v\u00e0 h\u00ecnh th\u00e0nh nh\u00e2n c\u00e1ch th\u1ebf h\u1ec7 tr\u1ebb.<br \/>\u0110\u1ed1i t\u01b0\u1ee3ng ph\u1ee5c v\u1ee5 c\u1ee7a Nh\u00e0 xu\u1ea5t b\u1ea3n l\u00e0 c\u00e1c em t\u1eeb tu\u1ed5i nh\u00e0 tr\u1ebb m\u1eabu gi\u00e1o (1 \u0111\u1ebfn 5 tu\u1ed5i), nhi \u0111\u1ed3ng (6 \u0111\u1ebfn 9 tu\u1ed5i), thi\u1ebfu ni\u00ean (10 \u0111\u1ebfn 15 tu\u1ed5i) \u0111\u1ebfn c\u00e1c em tu\u1ed5i m\u1edbi l\u1edbn (16 \u0111\u1ebfn 18 tu\u1ed5i) v\u00e0 c\u00e1c b\u1eadc ph\u1ee5 huynh.<\/p>\n\n[\/col]\n\n[\/row]\n\n<!-- \/wp:flatsome\/uxbuilder -->","post_title":"Kim \u0110\u1ed3ng","post_excerpt":"","post_status":"publish","comment_status":"closed","ping_status":"closed","post_password":"","post_name":"kim-dong","to_ping":"","pinged":"","post_modified":"2021-02-17 01:31:56","post_modified_gmt":"2021-02-16 23:31:56","post_content_filtered":"","post_parent":0,"guid":"https:\/\/sachviet.eu\/nha-phat-hanh\/kim-dong\/","menu_order":0,"post_type":"publisher","post_mime_type":"","comment_count":"0","filter":"raw"}},"_links":{"self":[{"href":"https:\/\/sachviet.eu\/en\/wp-json\/wp\/v2\/product\/11038","targetHints":{"allow":["GET"]}}],"collection":[{"href":"https:\/\/sachviet.eu\/en\/wp-json\/wp\/v2\/product"}],"about":[{"href":"https:\/\/sachviet.eu\/en\/wp-json\/wp\/v2\/types\/product"}],"wp:featuredmedia":[{"embeddable":true,"href":"https:\/\/sachviet.eu\/en\/wp-json\/wp\/v2\/media\/11036"}],"wp:attachment":[{"href":"https:\/\/sachviet.eu\/en\/wp-json\/wp\/v2\/media?parent=11038"}],"wp:term":[{"taxonomy":"product_brand","embeddable":true,"href":"https:\/\/sachviet.eu\/en\/wp-json\/wp\/v2\/product_brand?post=11038"},{"taxonomy":"product_cat","embeddable":true,"href":"https:\/\/sachviet.eu\/en\/wp-json\/wp\/v2\/product_cat?post=11038"},{"taxonomy":"product_tag","embeddable":true,"href":"https:\/\/sachviet.eu\/en\/wp-json\/wp\/v2\/product_tag?post=11038"}],"curies":[{"name":"wp","href":"https:\/\/api.w.org\/{rel}","templated":true}]}}