{"id":11033,"date":"2021-06-03T01:16:18","date_gmt":"2021-06-02T22:16:18","guid":{"rendered":"https:\/\/sachviet.eu\/shop\/tham-tu-lung-danh-conan-tap-96\/"},"modified":"2022-05-18T23:17:29","modified_gmt":"2022-05-18T20:17:29","slug":"tham-tu-lung-danh-conan-tap-96","status":"publish","type":"product","link":"https:\/\/sachviet.eu\/en\/shop\/tham-tu-lung-danh-conan-tap-96\/","title":{"rendered":"Th\u00e1m T\u1eed L\u1eebng Danh Conan &#8211; T\u1eadp 96"},"content":{"rendered":"<p>Kaito Kid mu\u1ed1n gi\u00e0nh l\u1ea5y \u201c\u0110\u00f4i M\u00f4i Ti\u00ean N\u1eef\u201d v\u00e0 l\u1ea7n \u0111\u1ea7u \u0111\u1ed1i m\u1eb7t v\u1edbi Heiji Hattori! Makoto Kyogoku b\u1ecb cu\u1ed1n v\u00e0o nh\u1eefng v\u1ee5 \u00e1n x\u1ea3y ra t\u1ea1i m\u1ed9t \u0111\u1ecba \u0111i\u1ec3m quay phim truy\u1ec1n h\u00ecnh\u2026!? Nh\u1eefng th\u00f4ng tin m\u1edbi nh\u1ea5t li\u00ean quan t\u1edbi \u00f4ng tr\u00f9m c\u1ee7a T\u1ed5 ch\u1ee9c \u00c1o \u0110en s\u1ebd \u0111\u01b0\u1ee3c ti\u1ebft l\u1ed9!!<\/p>\n<p> \u201cL\u1ea7n n\u00e0y t\u00f4i s\u1ebd gi\u1edbi thi\u1ec7u v\u1edbi c\u00e1c b\u1ea1n m\u1ed9t v\u1ecb th\u00e1m  t\u1eed  t\u00e0i  ba  mang  t\u00ean  Mikoto  Misumi, ng\u01b0\u1eddi kh\u00e9o l\u00e9o s\u1eed d\u1ee5ng ki\u1ebfn th\u1ee9c khoa h\u1ecdc Ph\u00e1p y c\u1ee7a m\u00ecnh l\u00e0m v\u0169 kh\u00ed khi ph\u1ea3i \u0111\u1ed1i m\u1eb7t v\u1edbi \u201cnh\u1eefng c\u00e1i ch\u1ebft b\u1ea5t th\u01b0\u1eddng\u201d! C\u00f4 l\u00e0 b\u00e1c s\u0129 gi\u1ea3i ph\u1eabu l\u00e0m vi\u1ec7c \u1edf Trung t\u00e2m Nghi\u00ean c\u1ee9u UDI &#8211; C\u01a1 quan chuy\u00ean \u0111i\u1ec1u tra nguy\u00ean nh\u00e2n c\u00e1i ch\u1ebft. M\u1eb7c d\u00f9 c\u00f3 ngo\u1ea1i h\u00ecnh b\u1eaft m\u1eaft  nh\u01b0ng  Misumi  c\u0169ng  l\u00e0  ng\u01b0\u1eddi  theo tr\u01b0\u1eddng ph\u00e1i t\u1ef1 nhi\u00ean, t\u1eeb s\u00e1ng s\u1edbm \u0111\u00e3 \u0103n m\u1ed9t b\u00e1t c\u01a1m \u0111\u1ea7y t\u1edbi ng\u1ecdn. Khi \u0111\u1ee9ng tr\u01b0\u1edbc nh\u1eefng thi th\u1ec3 \u201cch\u1ebft b\u1ea5t th\u01b0\u1eddng = unnatural death\u201d, \u00e1nh m\u1eaft c\u00f4 g\u00e1i \u1ea5y nh\u01b0 s\u00e1ng l\u00ean. \u1ede c\u00f4 lu\u00f4n t\u1ed3n t\u1ea1i tinh th\u1ea7n ch\u00ednh ngh\u0129a b\u1ea9m sinh  v\u00e0  s\u1ef1  ki\u00ean  nh\u1eabn  kh\u00f4ng  bao  gi\u1edd  b\u1ecf cu\u1ed9c.  B\u00ean  c\u1ea1nh  \u0111\u00f3,  v\u1edbi  s\u1ef1  gi\u00fap  \u0111\u1ee1  c\u1ee7a nh\u1eefng \u0111\u1ed3ng nghi\u1ec7p l\u1eadp d\u1ecb c\u00f9ng Trung t\u00e2m, c\u00f4 kh\u00f4ng ng\u1eebng truy \u0111u\u1ed5i s\u1ef1 th\u1eadt \u0111\u1eb1ng sau c\u00e1i  ch\u1ebft\u2026  Trong  lo\u1ea1t  phim  truy\u1ec1n  h\u00ecnh \u201cUnnatural\u201d \u0111\u01b0\u1ee3c x\u00e2y d\u1ef1ng theo k\u1ecbch b\u1ea3n c\u1ee7a  Akiko  Nogi,  b\u00ean  c\u1ea1nh  n\u1ed9i  dung  c\u00e2u chuy\u1ec7n,  c\u00e1c  nh\u00e2n  v\u1eadt  \u0111\u1ea7y  c\u00e1  t\u00ednh  c\u0169ng mang l\u1ea1i s\u1ee9c h\u1ea5p d\u1eabn to l\u1edbn cho lo\u1ea1t phim. \u0110\u1eb7c bi\u1ec7t l\u00e0 nh\u00e2n v\u1eadt Kei Nakado &#8211; m\u1ed9t b\u00e1c s\u0129 gi\u1ea3i ph\u1eabu \u0111\u1ea7y kinh nghi\u1ec7m, \u0111\u1ed3ng nghi\u1ec7p c\u1ee7a  Mikoto,  ng\u01b0\u1eddi  c\u00f3  l\u1ed1i  \u0103n  n\u00f3i  v\u00e0  h\u00e0nh \u0111\u1ed9ng thi\u1ebfu chu\u1ea9n m\u1ef1c, h\u1ec5 m\u1edf mi\u1ec7ng ra l\u00e0 k\u00eau  \u201cCh\u1ebft  ti\u1ec7t!\u201d,  song  nh\u1eefng  \u0111i\u1ec1u  \u0111\u00f3  l\u1ea1i gi\u1ed1ng t\u00f4i \u0111\u1ebfn b\u1ea5t ng\u1edd \u0111\u1ea5y\u2026 (Ha ha) (B\u1ea1n n\u00ean xem\u2026 \u201cCh\u1ea5t \u0111\u1ed9c kh\u00f4ng t\u00ean\u201d)\u201d (Mikoto Misumi).<\/p>\n<p> \u201cXin ch\u00e0o, t\u00f4i l\u00e0 Aoyama \u0111\u00e2y!! Cu\u1ed1i n\u0103m ngo\u00e1i, t\u00f4i c\u00f3 \u0111i xem phim 4DX \u201cK\u1ebb h\u00e0nh ph\u00e1p Zero\u201d! C\u1ea3nh k\u1ebft v\u1edbi s\u1ef1 xu\u1ea5t hi\u1ec7n c\u1ee7a chi\u1ebfc RX-7 ch\u00e2n th\u1ef1c \u0111\u1ebfn m\u1ee9c t\u00f4i t\u01b0\u1edfng nh\u01b0 m\u00ecnh v\u1eeba xem phim v\u1eeba ch\u01a1i t\u00e0u l\u01b0\u1ee3n si\u00eau t\u1ed1c v\u1eady, gi\u1edd t\u00f4i \u0111\u00e3 hi\u1ec3u c\u1ea3m gi\u00e1c c\u1ee7a Conan khi ng\u1ed3i tr\u00ean xe c\u1ee7a Amuro r\u1ed3i!! Nh\u01b0ng gi\u00e1 nh\u01b0 c\u1ea3nh m\u00e1y bay kh\u00f4ng ng\u01b0\u1eddi l\u00e1i nh\u1eb9 nh\u00e0ng h\u01a1n m\u1ed9t ch\u00fat th\u00ec t\u1ed1t\u2026 T\u00f4i ch\u1eb3ng mu\u1ed1n tr\u1edf th\u00e0nh th\u1ee9 \u0111\u00f3 m\u1ed9t ch\u00fat n\u00e0o\u2026 (Ha ha)\u201d (Gosho Aoyama).<\/p>\n","protected":false},"excerpt":{"rendered":"<p>Kaito Kid mu\u1ed1n gi\u00e0nh l\u1ea5y \u201c\u0110\u00f4i M\u00f4i Ti\u00ean N\u1eef\u201d v\u00e0 l\u1ea7n \u0111\u1ea7u \u0111\u1ed1i m\u1eb7t v\u1edbi Heiji Hattori! Makoto Kyogoku b\u1ecb cu\u1ed1n v\u00e0o nh\u1eefng v\u1ee5 \u00e1n x\u1ea3y ra t\u1ea1i m\u1ed9t \u0111\u1ecba \u0111i\u1ec3m quay phim truy\u1ec1n h\u00ecnh\u2026!? Nh\u1eefng th\u00f4ng tin m\u1edbi nh\u1ea5t li\u00ean quan t\u1edbi \u00f4ng tr\u00f9m c\u1ee7a T\u1ed5 ch\u1ee9c \u00c1o \u0110en s\u1ebd \u0111\u01b0\u1ee3c ti\u1ebft l\u1ed9!!<\/p>\n<p> \u201cL\u1ea7n n\u00e0y t\u00f4i s\u1ebd gi\u1edbi thi\u1ec7u v\u1edbi c\u00e1c b\u1ea1n m\u1ed9t v\u1ecb th\u00e1m  t\u1eed  t\u00e0i  ba  mang  t\u00ean  Mikoto  Misumi, ng\u01b0\u1eddi kh\u00e9o l\u00e9o s\u1eed d\u1ee5ng ki\u1ebfn th\u1ee9c khoa h\u1ecdc Ph\u00e1p y c\u1ee7a m\u00ecnh l\u00e0m v\u0169 kh\u00ed khi ph\u1ea3i \u0111\u1ed1i m\u1eb7t v\u1edbi \u201cnh\u1eefng c\u00e1i ch\u1ebft b\u1ea5t th\u01b0\u1eddng\u201d! C\u00f4 l\u00e0 b\u00e1c s\u0129 gi\u1ea3i ph\u1eabu l\u00e0m vi\u1ec7c \u1edf Trung t\u00e2m Nghi\u00ean c\u1ee9u UDI &#8211; C\u01a1 quan chuy\u00ean \u0111i\u1ec1u tra nguy\u00ean nh\u00e2n c\u00e1i ch\u1ebft. M\u1eb7c d\u00f9 c\u00f3 ngo\u1ea1i h\u00ecnh b\u1eaft m\u1eaft  nh\u01b0ng  Misumi  c\u0169ng  l\u00e0  ng\u01b0\u1eddi  theo tr\u01b0\u1eddng ph\u00e1i t\u1ef1 nhi\u00ean, t\u1eeb s\u00e1ng s\u1edbm \u0111\u00e3 \u0103n m\u1ed9t b\u00e1t c\u01a1m \u0111\u1ea7y t\u1edbi ng\u1ecdn. Khi \u0111\u1ee9ng tr\u01b0\u1edbc nh\u1eefng thi th\u1ec3 \u201cch\u1ebft b\u1ea5t th\u01b0\u1eddng = unnatural death\u201d, \u00e1nh m\u1eaft c\u00f4 g\u00e1i \u1ea5y nh\u01b0 s\u00e1ng l\u00ean. \u1ede c\u00f4 lu\u00f4n t\u1ed3n t\u1ea1i tinh th\u1ea7n ch\u00ednh ngh\u0129a b\u1ea9m sinh  v\u00e0  s\u1ef1  ki\u00ean  nh\u1eabn  kh\u00f4ng  bao  gi\u1edd  b\u1ecf cu\u1ed9c.  B\u00ean  c\u1ea1nh  \u0111\u00f3,  v\u1edbi  s\u1ef1  gi\u00fap  \u0111\u1ee1  c\u1ee7a nh\u1eefng \u0111\u1ed3ng nghi\u1ec7p l\u1eadp d\u1ecb c\u00f9ng Trung t\u00e2m, c\u00f4 kh\u00f4ng ng\u1eebng truy \u0111u\u1ed5i s\u1ef1 th\u1eadt \u0111\u1eb1ng sau c\u00e1i  ch\u1ebft\u2026  Trong  lo\u1ea1t  phim  truy\u1ec1n  h\u00ecnh \u201cUnnatural\u201d \u0111\u01b0\u1ee3c x\u00e2y d\u1ef1ng theo k\u1ecbch b\u1ea3n c\u1ee7a  Akiko  Nogi,  b\u00ean  c\u1ea1nh  n\u1ed9i  dung  c\u00e2u chuy\u1ec7n,  c\u00e1c  nh\u00e2n  v\u1eadt  \u0111\u1ea7y  c\u00e1  t\u00ednh  c\u0169ng mang l\u1ea1i s\u1ee9c h\u1ea5p d\u1eabn to l\u1edbn cho lo\u1ea1t phim. \u0110\u1eb7c bi\u1ec7t l\u00e0 nh\u00e2n v\u1eadt Kei Nakado &#8211; m\u1ed9t b\u00e1c s\u0129 gi\u1ea3i ph\u1eabu \u0111\u1ea7y kinh nghi\u1ec7m, \u0111\u1ed3ng nghi\u1ec7p c\u1ee7a  Mikoto,  ng\u01b0\u1eddi  c\u00f3  l\u1ed1i  \u0103n  n\u00f3i  v\u00e0  h\u00e0nh \u0111\u1ed9ng thi\u1ebfu chu\u1ea9n m\u1ef1c, h\u1ec5 m\u1edf mi\u1ec7ng ra l\u00e0 k\u00eau  \u201cCh\u1ebft  ti\u1ec7t!\u201d,  song  nh\u1eefng  \u0111i\u1ec1u  \u0111\u00f3  l\u1ea1i gi\u1ed1ng t\u00f4i \u0111\u1ebfn b\u1ea5t ng\u1edd \u0111\u1ea5y\u2026 (Ha ha) (B\u1ea1n n\u00ean xem\u2026 \u201cCh\u1ea5t \u0111\u1ed9c kh\u00f4ng t\u00ean\u201d)\u201d (Mikoto Misumi).<\/p>\n<p> \u201cXin ch\u00e0o, t\u00f4i l\u00e0 Aoyama \u0111\u00e2y!! Cu\u1ed1i n\u0103m ngo\u00e1i, t\u00f4i c\u00f3 \u0111i xem phim 4DX \u201cK\u1ebb h\u00e0nh ph\u00e1p Zero\u201d! C\u1ea3nh k\u1ebft v\u1edbi s\u1ef1 xu\u1ea5t hi\u1ec7n c\u1ee7a chi\u1ebfc RX-7 ch\u00e2n th\u1ef1c \u0111\u1ebfn m\u1ee9c t\u00f4i t\u01b0\u1edfng nh\u01b0 m\u00ecnh v\u1eeba xem phim v\u1eeba ch\u01a1i t\u00e0u l\u01b0\u1ee3n si\u00eau t\u1ed1c v\u1eady, gi\u1edd t\u00f4i \u0111\u00e3 hi\u1ec3u c\u1ea3m gi\u00e1c c\u1ee7a Conan khi ng\u1ed3i tr\u00ean xe c\u1ee7a Amuro r\u1ed3i!! Nh\u01b0ng gi\u00e1 nh\u01b0 c\u1ea3nh m\u00e1y bay kh\u00f4ng ng\u01b0\u1eddi l\u00e1i nh\u1eb9 nh\u00e0ng h\u01a1n m\u1ed9t ch\u00fat th\u00ec t\u1ed1t\u2026 T\u00f4i ch\u1eb3ng mu\u1ed1n tr\u1edf th\u00e0nh th\u1ee9 \u0111\u00f3 m\u1ed9t ch\u00fat n\u00e0o\u2026 (Ha ha)\u201d (Gosho Aoyama).<\/p>\n","protected":false},"featured_media":11032,"template":"","meta":{"_acf_changed":false},"product_brand":[],"product_cat":[29],"product_tag":[],"class_list":{"0":"post-11033","1":"product","2":"type-product","3":"status-publish","4":"has-post-thumbnail","6":"product_cat-manga-comics","8":"first","9":"outofstock","10":"taxable","11":"shipping-taxable","12":"purchasable","13":"product-type-simple"},"supplier_id":null,"supplier_sku":"","barcode":null,"atum_controlled":true,"out_stock_date":"2022-05-18 17:17:29","out_stock_threshold":null,"inheritable":false,"inbound_stock":1,"stock_on_hold":0,"sold_today":0,"sales_last_days":0,"reserved_stock":0,"customer_returns":0,"warehouse_damage":0,"lost_in_post":0,"other_logs":0,"out_stock_days":1351,"lost_sales":0,"has_location":false,"update_date":"2026-01-28T23:10:48","atum_locations":[],"atum_stock_status":"outofstock","restock_status":false,"low_stock_amount":"","sales_update_date":"2026-01-28T23:10:48","calc_backorders":null,"acf":{"publisher":{"ID":1454,"post_author":"1","post_date":"2021-02-17 01:11:34","post_date_gmt":"2021-02-16 23:11:34","post_content":"<!-- wp:flatsome\/uxbuilder -->\n<h1 style=\"text-align: center;\"><strong>Kim \u0110\u1ed3ng<\/strong><\/h1>\n[row]\n\n[col span=\"3\" span__sm=\"12\"]\n\n[ux_image id=\"1534\" image_size=\"medium\"]\n\n\n[\/col]\n[col span=\"9\" span__sm=\"12\"]\n\n<p>Nh\u00e0 xu\u1ea5t b\u1ea3n Kim \u0110\u1ed3ng tr\u1ef1c thu\u1ed9c Trung \u01b0\u01a1ng \u0110o\u00e0n TNCS H\u1ed3 Ch\u00ed Minh l\u00e0 Nh\u00e0 xu\u1ea5t b\u1ea3n t\u1ed5ng h\u1ee3p c\u00f3 ch\u1ee9c n\u0103ng xu\u1ea5t b\u1ea3n s\u00e1ch v\u00e0 v\u0103n h\u00f3a ph\u1ea9m ph\u1ee5c v\u1ee5 thi\u1ebfu nhi v\u00e0 c\u00e1c b\u1eadc ph\u1ee5 huynh trong c\u1ea3 n\u01b0\u1edbc, qu\u1ea3ng b\u00e1 v\u00e0 gi\u1edbi thi\u1ec7u v\u0103n h\u00f3a Vi\u1ec7t Nam ra th\u1ebf gi\u1edbi.<br \/>Nh\u00e0 xu\u1ea5t b\u1ea3n c\u00f3 nhi\u1ec7m v\u1ee5 t\u1ed5 ch\u1ee9c b\u1ea3n th\u1ea3o, bi\u00ean so\u1ea1n, bi\u00ean d\u1ecbch, xu\u1ea5t b\u1ea3n v\u00e0 ph\u00e1t h\u00e0nh c\u00e1c xu\u1ea5t b\u1ea3n ph\u1ea9m c\u00f3 n\u1ed9i dung: gi\u00e1o d\u1ee5c truy\u1ec1n th\u1ed1ng d\u00e2n t\u1ed9c, gi\u00e1o d\u1ee5c v\u1ec1 tri th\u1ee9c, ki\u1ebfn th\u1ee9c\u2026 tr\u00ean c\u00e1c l\u0129nh v\u1ef1c v\u0103n h\u1ecdc, ngh\u1ec7 thu\u1eadt, khoa h\u1ecdc k\u1ef9 thu\u1eadt nh\u1eb1m cung c\u1ea5p cho c\u00e1c em thi\u1ebfu nhi c\u0169ng nh\u01b0 c\u00e1c b\u1eadc ph\u1ee5 huynh c\u00e1c ki\u1ebfn th\u1ee9c c\u1ea7n thi\u1ebft trong cu\u1ed9c s\u1ed1ng, nh\u1eefng tinh hoa c\u1ee7a tri th\u1ee9c nh\u00e2n lo\u1ea1i nh\u1eb1m g\u00f3p ph\u1ea7n gi\u00e1o d\u1ee5c v\u00e0 h\u00ecnh th\u00e0nh nh\u00e2n c\u00e1ch th\u1ebf h\u1ec7 tr\u1ebb.<br \/>\u0110\u1ed1i t\u01b0\u1ee3ng ph\u1ee5c v\u1ee5 c\u1ee7a Nh\u00e0 xu\u1ea5t b\u1ea3n l\u00e0 c\u00e1c em t\u1eeb tu\u1ed5i nh\u00e0 tr\u1ebb m\u1eabu gi\u00e1o (1 \u0111\u1ebfn 5 tu\u1ed5i), nhi \u0111\u1ed3ng (6 \u0111\u1ebfn 9 tu\u1ed5i), thi\u1ebfu ni\u00ean (10 \u0111\u1ebfn 15 tu\u1ed5i) \u0111\u1ebfn c\u00e1c em tu\u1ed5i m\u1edbi l\u1edbn (16 \u0111\u1ebfn 18 tu\u1ed5i) v\u00e0 c\u00e1c b\u1eadc ph\u1ee5 huynh.<\/p>\n\n[\/col]\n\n[\/row]\n\n<!-- \/wp:flatsome\/uxbuilder -->","post_title":"Kim \u0110\u1ed3ng","post_excerpt":"","post_status":"publish","comment_status":"closed","ping_status":"closed","post_password":"","post_name":"kim-dong","to_ping":"","pinged":"","post_modified":"2021-02-17 01:31:56","post_modified_gmt":"2021-02-16 23:31:56","post_content_filtered":"","post_parent":0,"guid":"https:\/\/sachviet.eu\/nha-phat-hanh\/kim-dong\/","menu_order":0,"post_type":"publisher","post_mime_type":"","comment_count":"0","filter":"raw"}},"_links":{"self":[{"href":"https:\/\/sachviet.eu\/en\/wp-json\/wp\/v2\/product\/11033","targetHints":{"allow":["GET"]}}],"collection":[{"href":"https:\/\/sachviet.eu\/en\/wp-json\/wp\/v2\/product"}],"about":[{"href":"https:\/\/sachviet.eu\/en\/wp-json\/wp\/v2\/types\/product"}],"wp:featuredmedia":[{"embeddable":true,"href":"https:\/\/sachviet.eu\/en\/wp-json\/wp\/v2\/media\/11032"}],"wp:attachment":[{"href":"https:\/\/sachviet.eu\/en\/wp-json\/wp\/v2\/media?parent=11033"}],"wp:term":[{"taxonomy":"product_brand","embeddable":true,"href":"https:\/\/sachviet.eu\/en\/wp-json\/wp\/v2\/product_brand?post=11033"},{"taxonomy":"product_cat","embeddable":true,"href":"https:\/\/sachviet.eu\/en\/wp-json\/wp\/v2\/product_cat?post=11033"},{"taxonomy":"product_tag","embeddable":true,"href":"https:\/\/sachviet.eu\/en\/wp-json\/wp\/v2\/product_tag?post=11033"}],"curies":[{"name":"wp","href":"https:\/\/api.w.org\/{rel}","templated":true}]}}