{"id":11031,"date":"2021-06-03T01:16:09","date_gmt":"2021-06-02T22:16:09","guid":{"rendered":"https:\/\/sachviet.eu\/shop\/tiem-sach-con-mua-tap-3-con-loc-xoay\/"},"modified":"2022-01-12T00:47:02","modified_gmt":"2022-01-11T22:47:02","slug":"tiem-sach-con-mua-tap-3-con-loc-xoay","status":"publish","type":"product","link":"https:\/\/sachviet.eu\/en\/shop\/tiem-sach-con-mua-tap-3-con-loc-xoay\/","title":{"rendered":"Ti\u1ec7m S\u00e1ch C\u01a1n M\u01b0a &#8211; T\u1eadp 3\u00a0&#8211;\u00a0C\u01a1n L\u1ed1c Xo\u00e1y"},"content":{"rendered":"<p>\u201cTr\u1eddi m\u01b0a, tr\u1eddi m\u01b0a R\u01a1i r\u01a1i r\u01a1i r\u01a1i H\u00e3y \u0111\u01b0a ta t\u1edbi Ti\u1ec7m s\u00e1ch C\u01a1n M\u01b0a!\u201d<\/p>\n<p>Ti\u1ec7m s\u00e1ch c\u01a1n m\u01b0a &#8211; C\u01a1n l\u1ed1c xo\u00e1y n\u1eb1m trong series Ti\u1ec7m s\u00e1ch c\u01a1n m\u01b0a c\u1ee7a t\u00e1c gi\u1ea3 Reiko Hinata v\u00e0 \u0111\u01b0\u1ee3c minh h\u1ecda b\u1edfi h\u1ecda s\u0129 Hisanori Yoshida. Trong 2 ph\u1ea7n \u0111\u1ea7u c\u1ee7a \u201cTi\u1ec7m s\u00e1ch c\u01a1n m\u01b0a\u201d Ruko c\u00f9ng em g\u00e1i Sara \u0111\u00e3 tr\u1ea3i qua nh\u1eefng chuy\u1ebfn phi\u00eau l\u01b0u \u0111\u1ec3 kh\u00e1m ph\u00e1 \u00fd ngh\u0129a c\u1ee7a nh\u1eefng trang s\u00e1ch v\u00e0 t\u00ecm th\u1ea5y gi\u00e1 tr\u1ecb c\u1ee7a \u01b0\u1edbc m\u01a1 c\u00f9ng tr\u00ed t\u01b0\u1edfng t\u01b0\u1ee3ng. Trong t\u1eadp 3 \u201cC\u01a1n l\u1ed1c xo\u00e1y\u201d \u0111\u1ed9c gi\u1ea3 l\u1ea1i c\u00f3 c\u01a1 h\u1ed9i c\u00f9ng c\u00e1c nh\u00e2n v\u1eadt trong s\u00e1ch kh\u00e1m ph\u00e1 ra gi\u00e1 tr\u1ecb \u0111\u00edch th\u1ef1c c\u1ee7a t\u00ecnh b\u1ea1n b\u1eb1ng m\u1ed9t chuy\u1ebfn phi\u00eau l\u01b0u kh\u00f4ng k\u00e9m ph\u1ea7n h\u1ea5p d\u1eabn. Chuy\u1ebfn phi\u00eau l\u01b0u th\u1ee9 ba b\u1eaft \u0111\u1ea7u khi Ruko v\u00e0 em g\u00e1i \u0111\u1ebfn ti\u1ec7m s\u00e1ch ch\u01a1i nh\u01b0 th\u01b0\u1eddng l\u1ec7 v\u00e0 ph\u00e1t hi\u1ec7n ra \u00f4ng ch\u1ee7 ti\u1ec7m s\u00e1ch C\u01a1n M\u01b0a &#8211; Fuhuron \u0111ang m\u1eafc m\u1ed9t c\u0103n b\u1ec7nh c\u1ea3m qu\u00e1i l\u1ea1. C\u0103n b\u1ec7nh n\u00e0y l\u00e0 m\u1ed9t l\u1eddi nguy\u1ec1n, \u0111e d\u1ecda \u0111\u1ebfn an nguy c\u1ee7a c\u1ea3 th\u1ebf gi\u1edbi. Trong khi c\u00f4 tr\u1ee3 l\u00fd Maimaiko v\u00e0 anh v\u0169 \u0111\u1ed3ng Den l\u00ean \u0111\u01b0\u1eddng t\u00ecm thu\u1ed1c gi\u1ea3i, Ruko v\u00e0 em g\u00e1i l\u1ea1i b\u1ecb m\u1ed9t v\u1ecb kh\u00e1ch b\u1eaft c\u00f3c. H\u00e0nh tr\u00ecnh tho\u00e1t kh\u1ecfi hi\u1ec3m nguy, c\u1ee9u l\u1ea5y \u00f4ng Fuhuron v\u00e0 th\u1ebf gi\u1edbi gian nan h\u01a1n nh\u1eefng g\u00ec Ruko t\u01b0\u1edfng r\u1ea5t nhi\u1ec1u. Chuy\u1ebfn phi\u00eau l\u01b0u n\u00e0o r\u1ed3i c\u0169ng s\u1ebd c\u00f3 ng\u01b0\u1eddi t\u1ed1t gi\u00fap \u0111\u1ee1, nh\u01b0ng li\u1ec7u nh\u1eefng ng\u01b0\u1eddi b\u1ea1n m\u1edbi s\u1eafp xu\u1ea5t hi\u1ec7n \u0111\u00e2y c\u00f3 th\u1eadt l\u00f2ng mu\u1ed1n gi\u00fap Ruko? M\u00f3n qu\u00e0 th\u1ef1c s\u1ef1 c\u1ee7a t\u00ecnh b\u1ea1n l\u00e0 g\u00ec? Ruko c\u1ee7a ch\u00fang ta \u0111\u00e3 \u0111\u1ee7 d\u0169ng c\u1ea3m v\u00e0 t\u1ef1 tin \u0111\u1ec3 \u0111\u00f3n nh\u1eadn n\u00f3 hay ch\u01b0a? M\u1eddi c\u00e1c b\u1ea1n \u0111\u1ecdc nh\u1ecf tu\u1ed5i c\u00f9ng b\u01b0\u1edbc v\u00e0o m\u1ed9t chuy\u1ebfn phi\u00eau l\u01b0u nhi\u1ec1u b\u1ea5t ng\u1edd v\u00e0 gi\u00e0u \u00fd ngh\u0129a n\u1eefa v\u1edbi Ruko nh\u00e9.<\/p>\n","protected":false},"excerpt":{"rendered":"<p>\u201cTr\u1eddi m\u01b0a, tr\u1eddi m\u01b0a R\u01a1i r\u01a1i r\u01a1i r\u01a1i H\u00e3y \u0111\u01b0a ta t\u1edbi Ti\u1ec7m s\u00e1ch C\u01a1n M\u01b0a!\u201d<\/p>\n<p>Ti\u1ec7m s\u00e1ch c\u01a1n m\u01b0a &#8211; C\u01a1n l\u1ed1c xo\u00e1y n\u1eb1m trong series Ti\u1ec7m s\u00e1ch c\u01a1n m\u01b0a c\u1ee7a t\u00e1c gi\u1ea3 Reiko Hinata v\u00e0 \u0111\u01b0\u1ee3c minh h\u1ecda b\u1edfi h\u1ecda s\u0129 Hisanori Yoshida. Trong 2 ph\u1ea7n \u0111\u1ea7u c\u1ee7a \u201cTi\u1ec7m s\u00e1ch c\u01a1n m\u01b0a\u201d Ruko c\u00f9ng em g\u00e1i Sara \u0111\u00e3 tr\u1ea3i qua nh\u1eefng chuy\u1ebfn phi\u00eau l\u01b0u \u0111\u1ec3 kh\u00e1m ph\u00e1 \u00fd ngh\u0129a c\u1ee7a nh\u1eefng trang s\u00e1ch v\u00e0 t\u00ecm th\u1ea5y gi\u00e1 tr\u1ecb c\u1ee7a \u01b0\u1edbc m\u01a1 c\u00f9ng tr\u00ed t\u01b0\u1edfng t\u01b0\u1ee3ng. Trong t\u1eadp 3 \u201cC\u01a1n l\u1ed1c xo\u00e1y\u201d \u0111\u1ed9c gi\u1ea3 l\u1ea1i c\u00f3 c\u01a1 h\u1ed9i c\u00f9ng c\u00e1c nh\u00e2n v\u1eadt trong s\u00e1ch kh\u00e1m ph\u00e1 ra gi\u00e1 tr\u1ecb \u0111\u00edch th\u1ef1c c\u1ee7a t\u00ecnh b\u1ea1n b\u1eb1ng m\u1ed9t chuy\u1ebfn phi\u00eau l\u01b0u kh\u00f4ng k\u00e9m ph\u1ea7n h\u1ea5p d\u1eabn. Chuy\u1ebfn phi\u00eau l\u01b0u th\u1ee9 ba b\u1eaft \u0111\u1ea7u khi Ruko v\u00e0 em g\u00e1i \u0111\u1ebfn ti\u1ec7m s\u00e1ch ch\u01a1i nh\u01b0 th\u01b0\u1eddng l\u1ec7 v\u00e0 ph\u00e1t hi\u1ec7n ra \u00f4ng ch\u1ee7 ti\u1ec7m s\u00e1ch C\u01a1n M\u01b0a &#8211; Fuhuron \u0111ang m\u1eafc m\u1ed9t c\u0103n b\u1ec7nh c\u1ea3m qu\u00e1i l\u1ea1. C\u0103n b\u1ec7nh n\u00e0y l\u00e0 m\u1ed9t l\u1eddi nguy\u1ec1n, \u0111e d\u1ecda \u0111\u1ebfn an nguy c\u1ee7a c\u1ea3 th\u1ebf gi\u1edbi. Trong khi c\u00f4 tr\u1ee3 l\u00fd Maimaiko v\u00e0 anh v\u0169 \u0111\u1ed3ng Den l\u00ean \u0111\u01b0\u1eddng t\u00ecm thu\u1ed1c gi\u1ea3i, Ruko v\u00e0 em g\u00e1i l\u1ea1i b\u1ecb m\u1ed9t v\u1ecb kh\u00e1ch b\u1eaft c\u00f3c. H\u00e0nh tr\u00ecnh tho\u00e1t kh\u1ecfi hi\u1ec3m nguy, c\u1ee9u l\u1ea5y \u00f4ng Fuhuron v\u00e0 th\u1ebf gi\u1edbi gian nan h\u01a1n nh\u1eefng g\u00ec Ruko t\u01b0\u1edfng r\u1ea5t nhi\u1ec1u. Chuy\u1ebfn phi\u00eau l\u01b0u n\u00e0o r\u1ed3i c\u0169ng s\u1ebd c\u00f3 ng\u01b0\u1eddi t\u1ed1t gi\u00fap \u0111\u1ee1, nh\u01b0ng li\u1ec7u nh\u1eefng ng\u01b0\u1eddi b\u1ea1n m\u1edbi s\u1eafp xu\u1ea5t hi\u1ec7n \u0111\u00e2y c\u00f3 th\u1eadt l\u00f2ng mu\u1ed1n gi\u00fap Ruko? M\u00f3n qu\u00e0 th\u1ef1c s\u1ef1 c\u1ee7a t\u00ecnh b\u1ea1n l\u00e0 g\u00ec? Ruko c\u1ee7a ch\u00fang ta \u0111\u00e3 \u0111\u1ee7 d\u0169ng c\u1ea3m v\u00e0 t\u1ef1 tin \u0111\u1ec3 \u0111\u00f3n nh\u1eadn n\u00f3 hay ch\u01b0a? M\u1eddi c\u00e1c b\u1ea1n \u0111\u1ecdc nh\u1ecf tu\u1ed5i c\u00f9ng b\u01b0\u1edbc v\u00e0o m\u1ed9t chuy\u1ebfn phi\u00eau l\u01b0u nhi\u1ec1u b\u1ea5t ng\u1edd v\u00e0 gi\u00e0u \u00fd ngh\u0129a n\u1eefa v\u1edbi Ruko nh\u00e9.<\/p>\n","protected":false},"featured_media":11029,"template":"","meta":{"_acf_changed":false},"product_brand":[],"product_cat":[17,26],"product_tag":[],"class_list":{"0":"post-11031","1":"product","2":"type-product","3":"status-publish","4":"has-post-thumbnail","6":"product_cat-sach-danh-cho-cac-be","7":"product_cat-thieu-nien-11-tuoi-18-tuoi","9":"first","10":"outofstock","11":"taxable","12":"shipping-taxable","13":"purchasable","14":"product-type-simple"},"supplier_id":null,"supplier_sku":"","barcode":null,"atum_controlled":true,"out_stock_date":"2022-01-11 22:47:02","out_stock_threshold":null,"inheritable":false,"inbound_stock":1,"stock_on_hold":0,"sold_today":0,"sales_last_days":0,"reserved_stock":0,"customer_returns":0,"warehouse_damage":0,"lost_in_post":0,"other_logs":0,"out_stock_days":1478,"lost_sales":0,"has_location":false,"update_date":"2026-01-28T23:10:48","atum_locations":[],"atum_stock_status":"outofstock","restock_status":false,"low_stock_amount":"","sales_update_date":"2026-01-28T23:10:48","calc_backorders":null,"acf":{"publisher":{"ID":1453,"post_author":"1","post_date":"2021-02-17 01:11:32","post_date_gmt":"2021-02-16 23:11:32","post_content":"<!-- wp:flatsome\/uxbuilder -->\n<h1 style=\"text-align: center;\"><strong>Qu\u1ea3ng V\u0103n<\/strong><\/h1>\n[row]\n\n[col span=\"6\" span__sm=\"12\"]\n\n[ux_image id=\"1552\" image_size=\"medium\"]\n\n\n[\/col]\n[col span=\"6\" span__sm=\"12\"]\n\n<p><strong>Quangvanbooks<\/strong><br \/>Qu\u1ea3ng V\u0103n l\u00e0 t\u1ed5 h\u1ee3p xu\u1ea5t b\u1ea3n, gi\u00e1o d\u1ee5c v\u00e0 nh\u01b0\u1ee3ng quy\u1ec1n h\u00e0ng \u0111\u1ea7u trong ng\u00e0nh c\u00f4ng nghi\u1ec7p s\u00e1ng t\u1ea1o v\u1edbi c\u00e1c th\u01b0\u01a1ng hi\u1ec7u nh\u00e1nh:<\/p>\n<p>Quangvanbooks - Th\u01b0\u01a1ng hi\u1ec7u s\u00e1ch v\u0103n h\u00f3a gi\u00e1o d\u1ee5c v\u00e0 v\u0103n h\u00f3a gi\u1ea3i tr\u00ed<br \/>Ehomebooks - Th\u01b0\u01a1ng hi\u1ec7u s\u00e1ch gi\u00e1o d\u1ee5c gia \u0111\u00ecnh<br \/>Sakurabooks - Th\u01b0\u01a1ng hi\u1ec7u s\u00e1ch Nh\u1eadt B\u1ea3n<br \/>IPERbooks - Th\u01b0\u01a1ng hi\u1ec7u s\u00e1ch gi\u00e1o d\u1ee5c nh\u00e0 tr\u01b0\u1eddng<br \/>IPER - Vi\u1ec7n nghi\u00ean c\u1ee9u xu\u1ea5t b\u1ea3n v\u00e0 gi\u00e1o d\u1ee5c IPER<\/p>\n<p><strong>T\u1ea7m nh\u00ecn<\/strong><br \/>Tr\u1edf th\u00e0nh th\u01b0\u01a1ng hi\u1ec7u s\u00e1ch v\u0103n h\u00f3a gi\u00e1o d\u1ee5c v\u00e0 v\u0103n h\u00f3a gi\u1ea3i tr\u00ed t\u1ed1t nh\u1ea5t v\u00e0 \u0111a d\u1ea1ng nh\u1ea5t Vi\u1ec7t Nam.<\/p>\n<p><br \/><strong>S\u1ee9 m\u1ec7nh<\/strong><br \/>Mang \u0111\u1ebfn nh\u1eefng cu\u1ed1n s\u00e1ch v\u0103n h\u00f3a gi\u00e1o d\u1ee5c v\u00e0 v\u0103n h\u00f3a gi\u1ea3i tr\u00ed \u0111\u1ebfn v\u1edbi \u0111\u1ed9c gi\u1ea3 Vi\u1ec7t Nam v\u00e0 th\u1ebf gi\u1edbi nh\u1eb1m gi\u00fap \u0111\u1ed9c gi\u1ea3 ph\u00e1t tri\u1ec3n b\u1ea3n th\u00e2n, gi\u00e1o d\u1ee5c, gi\u1ea3i tr\u00ed v\u00e0 khai s\u00e1ng nh\u1eb1m x\u00e2y d\u1ef1ng x\u00e3 h\u1ed9i th\u1ecbnh v\u01b0\u1ee3ng, h\u1ea1nh ph\u00fac.<\/p>\n<p><strong>Gi\u00e1 tr\u1ecb c\u1ed1t l\u00f5i<\/strong><\/p>\n<p>S\u00e1ng t\u1ea1o - Linh ho\u1ea1t - H\u1ee3p t\u00e1c - Ch\u00ednh tr\u1ef1c - Nhi\u1ec7t huy\u1ebft - C\u00e2n b\u1eb1ng - H\u1ea1nh ph\u00fac<\/p>\n\n[\/col]\n\n[\/row]\n\n<!-- \/wp:flatsome\/uxbuilder -->","post_title":"Qu\u1ea3ng V\u0103n","post_excerpt":"","post_status":"publish","comment_status":"closed","ping_status":"closed","post_password":"","post_name":"quang-van","to_ping":"","pinged":"","post_modified":"2021-02-17 01:26:44","post_modified_gmt":"2021-02-16 23:26:44","post_content_filtered":"","post_parent":0,"guid":"https:\/\/sachviet.eu\/nha-phat-hanh\/quang-van\/","menu_order":0,"post_type":"publisher","post_mime_type":"","comment_count":"0","filter":"raw"}},"_links":{"self":[{"href":"https:\/\/sachviet.eu\/en\/wp-json\/wp\/v2\/product\/11031","targetHints":{"allow":["GET"]}}],"collection":[{"href":"https:\/\/sachviet.eu\/en\/wp-json\/wp\/v2\/product"}],"about":[{"href":"https:\/\/sachviet.eu\/en\/wp-json\/wp\/v2\/types\/product"}],"wp:featuredmedia":[{"embeddable":true,"href":"https:\/\/sachviet.eu\/en\/wp-json\/wp\/v2\/media\/11029"}],"wp:attachment":[{"href":"https:\/\/sachviet.eu\/en\/wp-json\/wp\/v2\/media?parent=11031"}],"wp:term":[{"taxonomy":"product_brand","embeddable":true,"href":"https:\/\/sachviet.eu\/en\/wp-json\/wp\/v2\/product_brand?post=11031"},{"taxonomy":"product_cat","embeddable":true,"href":"https:\/\/sachviet.eu\/en\/wp-json\/wp\/v2\/product_cat?post=11031"},{"taxonomy":"product_tag","embeddable":true,"href":"https:\/\/sachviet.eu\/en\/wp-json\/wp\/v2\/product_tag?post=11031"}],"curies":[{"name":"wp","href":"https:\/\/api.w.org\/{rel}","templated":true}]}}