{"id":11028,"date":"2021-06-03T01:15:59","date_gmt":"2021-06-02T22:15:59","guid":{"rendered":"https:\/\/sachviet.eu\/shop\/tiem-sach-con-mua-tap-2-thien-than-ruko\/"},"modified":"2022-01-12T00:46:56","modified_gmt":"2022-01-11T22:46:56","slug":"tiem-sach-con-mua-tap-2-thien-than-ruko","status":"publish","type":"product","link":"https:\/\/sachviet.eu\/en\/shop\/tiem-sach-con-mua-tap-2-thien-than-ruko\/","title":{"rendered":"Ti\u1ec7m S\u00e1ch C\u01a1n M\u01b0a &#8211; T\u1eadp 2\u00a0&#8211;\u00a0Thi\u00ean Th\u1ea7n Ruko"},"content":{"rendered":"<p>\u201cTi\u1ec7m s\u00e1ch C\u01a1n M\u01b0a \u2013 T\u1eadp 2: Thi\u00ean th\u1ea7n Ruko\u201d l\u00e0 ti\u1ebfp n\u1ed1i nh\u1eefng chuy\u1ebfn phi\u00eau l\u01b0u k\u00ec th\u00fa c\u1ee7a c\u00f4 b\u00e9 Ruko v\u00e0 nh\u1eefng ng\u01b0\u1eddi b\u1ea1n \u1edf Ti\u1ec7m s\u00e1ch C\u01a1n M\u01b0a. Trong ph\u1ea7n m\u1ed9t, khi v\u00f4 t\u00ecnh l\u1ea1c v\u00e0o th\u1ebf gi\u1edbi m\u1edbi v\u1edbi r\u1ea5t nhi\u1ec1u \u0111i\u1ec1u k\u00ec l\u1ea1, Ruko \u0111\u00e3 kh\u00e1m ph\u00e1 ra s\u1ee9c m\u1ea1nh \u01b0\u1edbc m\u01a1 c\u1ee7a m\u00ecnh c\u00f3 th\u1ec3 c\u1ee9u \u0111\u01b0\u1ee3c nh\u1eefng h\u1ea1t gi\u1ed1ng k\u1ec3 chuy\u1ec7n, c\u1ee9u m\u1ed9t ti\u1ec7m s\u00e1ch v\u00e0 gi\u00fap m\u1ecdi ng\u01b0\u1eddi ti\u1ebfp t\u1ee5c theo \u0111u\u1ed5i \u01b0\u1edbc m\u01a1 c\u00f2n dang d\u1edf. C\u0169ng t\u1eeb \u0111\u00f3, Ruko \u0111\u00e3 tr\u1edf th\u00e0nh m\u1ed9t c\u00f4 b\u00e9 d\u0169ng c\u1ea3m, bi\u1ebft y\u00eau th\u01b0\u01a1ng, \u01b0\u1edbc m\u01a1 v\u00e0 \u0111\u1eb7c bi\u1ec7t t\u00ecnh y\u00eau v\u1edbi s\u00e1ch c\u1ee7a c\u00f4 \u0111\u00e3 \u0111\u01b0\u1ee3c n\u1ea3y m\u1ea7m v\u00e0 nu\u00f4i d\u01b0\u1ee1ng t\u1eeb \u0111\u00e2y.<\/p>\n<p>Trong ph\u1ea7n hai, Ruko \u0111\u01b0a em g\u00e1i Sara c\u1ee7a m\u00ecnh t\u1edbi th\u0103m Ti\u1ec7m s\u00e1ch C\u01a1n m\u01b0a v\u00e0 g\u1eb7p g\u1ee1 nh\u1eefng ng\u01b0\u1eddi b\u1ea1n y\u00eau qu\u00fd. Nh\u01b0ng xui x\u1ebbo thay, m\u1ed9t v\u1ecb kh\u00e1ch kh\u00e9t ti\u1ebfng qu\u00e1i \u0111\u1ea3n b\u1ea5t ng\u1edd gh\u00e9 th\u0103m khi\u1ebfn kh\u00f4ng ch\u1ec9 Sara m\u00e0 c\u00f2n c\u1ea3 ti\u1ec7m s\u00e1ch r\u01a1i v\u00e0o hi\u1ec3m c\u1ea3nh. M\u1ed9t s\u1ee9 m\u1ec7nh gi\u1ea3i c\u1ee9u m\u1edbi l\u1ea1i \u0111\u01b0\u1ee3c \u0111\u1eb7t ra. Ruko b\u00e9 nh\u1ecf d\u00f9 \u0111\u00e3 tr\u01b0\u1edfng th\u00e0nh h\u01a1n tr\u01b0\u1edbc, nh\u01b0ng m\u00e0n phi\u00eau l\u01b0u trong ph\u1ea7n hai \u0111\u00e3 th\u0103ng c\u1ea5p, s\u1ef1 kh\u00f3 kh\u0103n v\u00e0 nguy hi\u1ec3m lu\u00f4n r\u00ecnh r\u1eadp c\u00f4 v\u00e0 m\u1ecdi ng\u01b0\u1eddi. Ruko v\u00e0 nh\u1eefng ng\u01b0\u1eddi b\u1ea1n \u0111\u00e3 \u0111i l\u1ea1c t\u1edbi v\u00f9ng \u0111\u1ea5t m\u1edbi \u0111\u1ea7y hi\u1ec3m nguy: t\u1eeb C\u00e1nh \u0111\u1ed3ng M\u1eb7t Tr\u0103ng b\u1ecb ki\u1ec3m so\u00e1t b\u1edfi ng\u01b0\u1eddi ph\u1ee5 n\u1eef Akubi \u0111\u1ebfn R\u1eebng h\u01b0\u01a1u cao c\u1ed5 \u0111\u1ea7y nh\u1eefng r\u0103ng nanh \u00e1nh s\u00e1ng bay v\u00e8o v\u00e8o s\u1eafc nh\u1ecdn nh\u01b0 l\u01b0\u1ee1i<\/p>\n<p>Li\u1ec7u l\u1ea7n n\u00e0y Ruko c\u00f3 th\u1ec3 th\u00e0nh c\u00f4ng? S\u1ee9c m\u1ea1nh \u01b0\u1edbc m\u01a1 m\u00e0 em tin t\u01b0\u1edfng b\u1ea5y l\u00e2u c\u00f3 th\u1ef1c s\u1ef1 c\u00f2n h\u1eefu hi\u1ec7u? V\u00e0 v\u1ecb kh\u00e1ch qu\u00e1i \u0111\u1ea3n \u0111\u00e3 g\u00e2y ra m\u1ecdi chuy\u1ec7n n\u00e0y l\u00e0 ai m\u00e0 \u0111\u00e1ng s\u1ee3 \u0111\u1ebfn th\u1ebf? C\u00e2u tr\u1ea3 l\u1eddi s\u1ebd c\u00f3 trong \u201cTi\u1ec7m s\u00e1ch c\u01a1n m\u01b0a \u2013 T\u1eadp 2: Thi\u00ean th\u1ea7n Ruko\u201d<\/p>\n<p>GI\u1edaI THI\u1ec6U T\u00c1C GI\u1ea2<\/p>\n<p>T\u00e1c gi\u1ea3 Rieko Hinata sinh n\u0103m 1984 t\u1ea1i qu\u1eadn Hyogo v\u00e0 b\u1eaft \u0111\u1ea7u vi\u1ebft truy\u1ec7n thi\u1ebfu nhi t\u1eeb r\u1ea5t s\u1edbm. B\u00e0 c\u0169ng l\u00e0 t\u00e1c gi\u1ea3 c\u1ee7a nhi\u1ec1u b\u1ed9 truy\u1ec7n n\u1ed5i ti\u1ebfng kh\u00e1c nh\u01b0 \u201c\u0110\u1ebfn v\u1edbi khu v\u01b0\u1eddn ph\u00e1p thu\u1eadt\u201d, \u201cV\u01b0\u01a1ng qu\u1ed1c Ch\u1ee7 nh\u1eadt v\u00e0 Vua s\u0103n l\u1eeda\u201d, trong \u0111\u00f3 n\u1ed5i b\u1eadt nh\u1ea5t l\u00e0 \u201cTi\u1ec7m s\u00e1ch c\u01a1n m\u01b0a\u201d<\/p>\n<p>H\u1ecda s\u0129 minh h\u1ecda Yoshida Hisanori sinh n\u0103m 1971 t\u1ea1i Osaka, b\u1eaft \u0111\u1ea7u ho\u1ea1t \u0111\u1ed9ng nh\u01b0 m\u1ed9t ngh\u1ec7 s\u0129 minh h\u1ecda t\u1ef1 do v\u00e0o n\u0103m 2004 v\u00e0 g\u1eb7t h\u00e1i \u0111\u01b0\u1ee3c nhi\u1ec1u th\u00e0nh c\u00f4ng v\u1edbi 4 tri\u1ec3n l\u00e3m c\u00e1 nh\u00e2n v\u00e0o c\u00e1c n\u0103m 2001, 2002, 2007, 2009 c\u00f9ng Gi\u1ea3i th\u01b0\u1edfng c\u1ee7a N\u0103m c\u1ee7a T\u1ea1p ch\u00ed Minh h\u1ecda trong hai l\u1ea7n li\u00ean ti\u1ebfp.<\/p>\n","protected":false},"excerpt":{"rendered":"<p>\u201cTi\u1ec7m s\u00e1ch C\u01a1n M\u01b0a \u2013 T\u1eadp 2: Thi\u00ean th\u1ea7n Ruko\u201d l\u00e0 ti\u1ebfp n\u1ed1i nh\u1eefng chuy\u1ebfn phi\u00eau l\u01b0u k\u00ec th\u00fa c\u1ee7a c\u00f4 b\u00e9 Ruko v\u00e0 nh\u1eefng ng\u01b0\u1eddi b\u1ea1n \u1edf Ti\u1ec7m s\u00e1ch C\u01a1n M\u01b0a. Trong ph\u1ea7n m\u1ed9t, khi v\u00f4 t\u00ecnh l\u1ea1c v\u00e0o th\u1ebf gi\u1edbi m\u1edbi v\u1edbi r\u1ea5t nhi\u1ec1u \u0111i\u1ec1u k\u00ec l\u1ea1, Ruko \u0111\u00e3 kh\u00e1m ph\u00e1 ra s\u1ee9c m\u1ea1nh \u01b0\u1edbc m\u01a1 c\u1ee7a m\u00ecnh c\u00f3 th\u1ec3 c\u1ee9u \u0111\u01b0\u1ee3c nh\u1eefng h\u1ea1t gi\u1ed1ng k\u1ec3 chuy\u1ec7n, c\u1ee9u m\u1ed9t ti\u1ec7m s\u00e1ch v\u00e0 gi\u00fap m\u1ecdi ng\u01b0\u1eddi ti\u1ebfp t\u1ee5c theo \u0111u\u1ed5i \u01b0\u1edbc m\u01a1 c\u00f2n dang d\u1edf. C\u0169ng t\u1eeb \u0111\u00f3, Ruko \u0111\u00e3 tr\u1edf th\u00e0nh m\u1ed9t c\u00f4 b\u00e9 d\u0169ng c\u1ea3m, bi\u1ebft y\u00eau th\u01b0\u01a1ng, \u01b0\u1edbc m\u01a1 v\u00e0 \u0111\u1eb7c bi\u1ec7t t\u00ecnh y\u00eau v\u1edbi s\u00e1ch c\u1ee7a c\u00f4 \u0111\u00e3 \u0111\u01b0\u1ee3c n\u1ea3y m\u1ea7m v\u00e0 nu\u00f4i d\u01b0\u1ee1ng t\u1eeb \u0111\u00e2y.<\/p>\n<p>Trong ph\u1ea7n hai, Ruko \u0111\u01b0a em g\u00e1i Sara c\u1ee7a m\u00ecnh t\u1edbi th\u0103m Ti\u1ec7m s\u00e1ch C\u01a1n m\u01b0a v\u00e0 g\u1eb7p g\u1ee1 nh\u1eefng ng\u01b0\u1eddi b\u1ea1n y\u00eau qu\u00fd. Nh\u01b0ng xui x\u1ebbo thay, m\u1ed9t v\u1ecb kh\u00e1ch kh\u00e9t ti\u1ebfng qu\u00e1i \u0111\u1ea3n b\u1ea5t ng\u1edd gh\u00e9 th\u0103m khi\u1ebfn kh\u00f4ng ch\u1ec9 Sara m\u00e0 c\u00f2n c\u1ea3 ti\u1ec7m s\u00e1ch r\u01a1i v\u00e0o hi\u1ec3m c\u1ea3nh. M\u1ed9t s\u1ee9 m\u1ec7nh gi\u1ea3i c\u1ee9u m\u1edbi l\u1ea1i \u0111\u01b0\u1ee3c \u0111\u1eb7t ra. Ruko b\u00e9 nh\u1ecf d\u00f9 \u0111\u00e3 tr\u01b0\u1edfng th\u00e0nh h\u01a1n tr\u01b0\u1edbc, nh\u01b0ng m\u00e0n phi\u00eau l\u01b0u trong ph\u1ea7n hai \u0111\u00e3 th\u0103ng c\u1ea5p, s\u1ef1 kh\u00f3 kh\u0103n v\u00e0 nguy hi\u1ec3m lu\u00f4n r\u00ecnh r\u1eadp c\u00f4 v\u00e0 m\u1ecdi ng\u01b0\u1eddi. Ruko v\u00e0 nh\u1eefng ng\u01b0\u1eddi b\u1ea1n \u0111\u00e3 \u0111i l\u1ea1c t\u1edbi v\u00f9ng \u0111\u1ea5t m\u1edbi \u0111\u1ea7y hi\u1ec3m nguy: t\u1eeb C\u00e1nh \u0111\u1ed3ng M\u1eb7t Tr\u0103ng b\u1ecb ki\u1ec3m so\u00e1t b\u1edfi ng\u01b0\u1eddi ph\u1ee5 n\u1eef Akubi \u0111\u1ebfn R\u1eebng h\u01b0\u01a1u cao c\u1ed5 \u0111\u1ea7y nh\u1eefng r\u0103ng nanh \u00e1nh s\u00e1ng bay v\u00e8o v\u00e8o s\u1eafc nh\u1ecdn nh\u01b0 l\u01b0\u1ee1i<\/p>\n<p>Li\u1ec7u l\u1ea7n n\u00e0y Ruko c\u00f3 th\u1ec3 th\u00e0nh c\u00f4ng? S\u1ee9c m\u1ea1nh \u01b0\u1edbc m\u01a1 m\u00e0 em tin t\u01b0\u1edfng b\u1ea5y l\u00e2u c\u00f3 th\u1ef1c s\u1ef1 c\u00f2n h\u1eefu hi\u1ec7u? V\u00e0 v\u1ecb kh\u00e1ch qu\u00e1i \u0111\u1ea3n \u0111\u00e3 g\u00e2y ra m\u1ecdi chuy\u1ec7n n\u00e0y l\u00e0 ai m\u00e0 \u0111\u00e1ng s\u1ee3 \u0111\u1ebfn th\u1ebf? C\u00e2u tr\u1ea3 l\u1eddi s\u1ebd c\u00f3 trong \u201cTi\u1ec7m s\u00e1ch c\u01a1n m\u01b0a \u2013 T\u1eadp 2: Thi\u00ean th\u1ea7n Ruko\u201d<\/p>\n","protected":false},"featured_media":11027,"template":"","meta":{"_acf_changed":false},"product_brand":[],"product_cat":[17,26],"product_tag":[],"class_list":{"0":"post-11028","1":"product","2":"type-product","3":"status-publish","4":"has-post-thumbnail","6":"product_cat-sach-danh-cho-cac-be","7":"product_cat-thieu-nien-11-tuoi-18-tuoi","9":"first","10":"outofstock","11":"taxable","12":"shipping-taxable","13":"purchasable","14":"product-type-simple"},"supplier_id":null,"supplier_sku":"","barcode":null,"atum_controlled":true,"out_stock_date":"2022-01-11 22:46:56","out_stock_threshold":null,"inheritable":false,"inbound_stock":0,"stock_on_hold":0,"sold_today":0,"sales_last_days":0,"reserved_stock":0,"customer_returns":0,"warehouse_damage":0,"lost_in_post":0,"other_logs":0,"out_stock_days":1478,"lost_sales":0,"has_location":false,"update_date":"2026-01-28T23:10:48","atum_locations":[],"atum_stock_status":"outofstock","restock_status":false,"low_stock_amount":"","sales_update_date":"2026-01-28T23:10:48","calc_backorders":null,"acf":{"publisher":{"ID":1453,"post_author":"1","post_date":"2021-02-17 01:11:32","post_date_gmt":"2021-02-16 23:11:32","post_content":"<!-- wp:flatsome\/uxbuilder -->\n<h1 style=\"text-align: center;\"><strong>Qu\u1ea3ng V\u0103n<\/strong><\/h1>\n[row]\n\n[col span=\"6\" span__sm=\"12\"]\n\n[ux_image id=\"1552\" image_size=\"medium\"]\n\n\n[\/col]\n[col span=\"6\" span__sm=\"12\"]\n\n<p><strong>Quangvanbooks<\/strong><br \/>Qu\u1ea3ng V\u0103n l\u00e0 t\u1ed5 h\u1ee3p xu\u1ea5t b\u1ea3n, gi\u00e1o d\u1ee5c v\u00e0 nh\u01b0\u1ee3ng quy\u1ec1n h\u00e0ng \u0111\u1ea7u trong ng\u00e0nh c\u00f4ng nghi\u1ec7p s\u00e1ng t\u1ea1o v\u1edbi c\u00e1c th\u01b0\u01a1ng hi\u1ec7u nh\u00e1nh:<\/p>\n<p>Quangvanbooks - Th\u01b0\u01a1ng hi\u1ec7u s\u00e1ch v\u0103n h\u00f3a gi\u00e1o d\u1ee5c v\u00e0 v\u0103n h\u00f3a gi\u1ea3i tr\u00ed<br \/>Ehomebooks - Th\u01b0\u01a1ng hi\u1ec7u s\u00e1ch gi\u00e1o d\u1ee5c gia \u0111\u00ecnh<br \/>Sakurabooks - Th\u01b0\u01a1ng hi\u1ec7u s\u00e1ch Nh\u1eadt B\u1ea3n<br \/>IPERbooks - Th\u01b0\u01a1ng hi\u1ec7u s\u00e1ch gi\u00e1o d\u1ee5c nh\u00e0 tr\u01b0\u1eddng<br \/>IPER - Vi\u1ec7n nghi\u00ean c\u1ee9u xu\u1ea5t b\u1ea3n v\u00e0 gi\u00e1o d\u1ee5c IPER<\/p>\n<p><strong>T\u1ea7m nh\u00ecn<\/strong><br \/>Tr\u1edf th\u00e0nh th\u01b0\u01a1ng hi\u1ec7u s\u00e1ch v\u0103n h\u00f3a gi\u00e1o d\u1ee5c v\u00e0 v\u0103n h\u00f3a gi\u1ea3i tr\u00ed t\u1ed1t nh\u1ea5t v\u00e0 \u0111a d\u1ea1ng nh\u1ea5t Vi\u1ec7t Nam.<\/p>\n<p><br \/><strong>S\u1ee9 m\u1ec7nh<\/strong><br \/>Mang \u0111\u1ebfn nh\u1eefng cu\u1ed1n s\u00e1ch v\u0103n h\u00f3a gi\u00e1o d\u1ee5c v\u00e0 v\u0103n h\u00f3a gi\u1ea3i tr\u00ed \u0111\u1ebfn v\u1edbi \u0111\u1ed9c gi\u1ea3 Vi\u1ec7t Nam v\u00e0 th\u1ebf gi\u1edbi nh\u1eb1m gi\u00fap \u0111\u1ed9c gi\u1ea3 ph\u00e1t tri\u1ec3n b\u1ea3n th\u00e2n, gi\u00e1o d\u1ee5c, gi\u1ea3i tr\u00ed v\u00e0 khai s\u00e1ng nh\u1eb1m x\u00e2y d\u1ef1ng x\u00e3 h\u1ed9i th\u1ecbnh v\u01b0\u1ee3ng, h\u1ea1nh ph\u00fac.<\/p>\n<p><strong>Gi\u00e1 tr\u1ecb c\u1ed1t l\u00f5i<\/strong><\/p>\n<p>S\u00e1ng t\u1ea1o - Linh ho\u1ea1t - H\u1ee3p t\u00e1c - Ch\u00ednh tr\u1ef1c - Nhi\u1ec7t huy\u1ebft - C\u00e2n b\u1eb1ng - H\u1ea1nh ph\u00fac<\/p>\n\n[\/col]\n\n[\/row]\n\n<!-- \/wp:flatsome\/uxbuilder -->","post_title":"Qu\u1ea3ng V\u0103n","post_excerpt":"","post_status":"publish","comment_status":"closed","ping_status":"closed","post_password":"","post_name":"quang-van","to_ping":"","pinged":"","post_modified":"2021-02-17 01:26:44","post_modified_gmt":"2021-02-16 23:26:44","post_content_filtered":"","post_parent":0,"guid":"https:\/\/sachviet.eu\/nha-phat-hanh\/quang-van\/","menu_order":0,"post_type":"publisher","post_mime_type":"","comment_count":"0","filter":"raw"}},"_links":{"self":[{"href":"https:\/\/sachviet.eu\/en\/wp-json\/wp\/v2\/product\/11028","targetHints":{"allow":["GET"]}}],"collection":[{"href":"https:\/\/sachviet.eu\/en\/wp-json\/wp\/v2\/product"}],"about":[{"href":"https:\/\/sachviet.eu\/en\/wp-json\/wp\/v2\/types\/product"}],"wp:featuredmedia":[{"embeddable":true,"href":"https:\/\/sachviet.eu\/en\/wp-json\/wp\/v2\/media\/11027"}],"wp:attachment":[{"href":"https:\/\/sachviet.eu\/en\/wp-json\/wp\/v2\/media?parent=11028"}],"wp:term":[{"taxonomy":"product_brand","embeddable":true,"href":"https:\/\/sachviet.eu\/en\/wp-json\/wp\/v2\/product_brand?post=11028"},{"taxonomy":"product_cat","embeddable":true,"href":"https:\/\/sachviet.eu\/en\/wp-json\/wp\/v2\/product_cat?post=11028"},{"taxonomy":"product_tag","embeddable":true,"href":"https:\/\/sachviet.eu\/en\/wp-json\/wp\/v2\/product_tag?post=11028"}],"curies":[{"name":"wp","href":"https:\/\/api.w.org\/{rel}","templated":true}]}}