{"id":11026,"date":"2021-06-03T01:15:53","date_gmt":"2021-06-02T22:15:53","guid":{"rendered":"https:\/\/sachviet.eu\/shop\/tiem-sach-con-mua-tap-1\/"},"modified":"2022-01-12T00:46:51","modified_gmt":"2022-01-11T22:46:51","slug":"tiem-sach-con-mua-tap-1","status":"publish","type":"product","link":"https:\/\/sachviet.eu\/en\/shop\/tiem-sach-con-mua-tap-1\/","title":{"rendered":"Ti\u1ec7m S\u00e1ch C\u01a1n M\u01b0a\u00a0&#8211;\u00a0T\u1eadp 1"},"content":{"rendered":"<p>Trong m\u1ed9t l\u1ea7n tr\u00fa m\u01b0a \u1edf th\u01b0 vi\u1ec7n th\u00e0nh ph\u1ed1, c\u00f4 b\u00e9 Ruko \u0111u\u1ed5i theo m\u1ed9t ch\u00fa \u1ed1c s\u00ean v\u00e0 l\u1ea1c v\u00e0o m\u00ea cung s\u00e1ch b\u00ed \u1ea9n. \u0110\u00f3 l\u00e0 Ti\u1ec7m s\u00e1ch C\u01a1n M\u01b0a, n\u01a1i c\u00e1c cu\u1ed1n s\u00e1ch \u0111\u01b0\u1ee3c vi\u1ebft b\u1eb1ng m\u01b0a v\u1edbi n\u1ed9i dung l\u00e0 nh\u1eefng \u01b0\u1edbc m\u01a1, c\u00e2u chuy\u1ec7n b\u1ecb l\u00e3ng qu\u00ean c\u1ee7a con ng\u01b0\u1eddi l\u1ea5y t\u1eeb r\u1eebng Hoppori. \u1ede Ti\u1ec7m s\u00e1ch, Roko \u0111\u01b0\u1ee3c g\u1eb7p nh\u1eefng ng\u01b0\u1eddi b\u1ea1n k\u1ef3 l\u1ea1: B\u00e1c chim Dodo ch\u1ee7 ti\u1ec7m s\u00e1ch. C\u00f4 Th\u1ee7 l\u0129nh Thi\u00ean th\u1ea7n xinh \u0111\u1eb9p Maimaiko, c\u1eadu b\u00e9 Hoshimaru n\u1eeda ng\u01b0\u1eddi n\u1eeda chim s\u1ed1ng nh\u1edd nh\u1eefng gi\u1ea5c m\u01a1 c\u1ee7a con ng\u01b0\u1eddi, con ma nh\u00e0 v\u0103n \u0111i t\u00ecm c\u00e2u chuy\u1ec7n \u0111ang vi\u1ebft d\u1edf,\u2026<br \/>\nTi\u1ec7m s\u00e1ch C\u01a1n M\u01b0a v\u1ed1n c\u00f3 r\u1ea5t nhi\u1ec1u s\u00e1ch hay nh\u1eefng b\u1ed7ng m\u1ed9t ng\u00e0y c\u00e1c c\u00e2u chuy\u1ec7n tr\u1edf n\u00ean nh\u00e0m ch\u00e1n, \u0111\u1ee9t qu\u00e3ng v\u00e0 dang d\u1edf. \u0110\u1ec3 t\u00ecm hi\u1ec3u nguy\u00ean nh\u00e2n c\u1ea7n ph\u1ea3i d\u00f9ng s\u1ee9c m\u1ea1nh \u01b0\u1edbc m\u01a1 c\u1ee7a con ng\u01b0\u1eddi \u0111\u1ec3 \u0111\u1ebfn r\u1eebng Hoppori, n\u01a1i ti\u1ec7m s\u00e1ch nh\u1eadp c\u00e1c h\u1ea1t gi\u1ed1ng truy\u1ec7n k\u1ec3. V\u00ec v\u1eady, Roko nh\u1eadn l\u1eddi b\u00e1c chim Dodo th\u1ef1c hi\u1ec7n s\u1ee9 m\u1ec7nh n\u00e0y.<br \/>\nLi\u1ec7u r\u1eb1ng Roko c\u00f3 t\u00ecm ra ai l\u00e0 k\u1ebb \u0111\u00e3 \u0103n c\u00e1c h\u1ea1t gi\u1ed1ng truy\u1ec7n k\u1ec3 v\u00e0 c\u00f3 kh\u00e1m ph\u00e1 ra nh\u1eefng b\u00ed \u1ea9n kh\u00e1c n\u01a1i r\u1eebng Hoppori di\u1ec7u k\u1ef3? H\u00e3y c\u00f9ng Roko v\u00e0 c\u1eadu b\u1ea1n Hoshimaru b\u01b0\u1edbc v\u00e0o h\u00e0nh tr\u00ecnh \u0111\u1ea7y phi\u00eau li\u00eau n\u00e0y nh\u00e9.<\/p>\n","protected":false},"excerpt":{"rendered":"<p>Trong m\u1ed9t l\u1ea7n tr\u00fa m\u01b0a \u1edf th\u01b0 vi\u1ec7n th\u00e0nh ph\u1ed1, c\u00f4 b\u00e9 Ruko \u0111u\u1ed5i theo m\u1ed9t ch\u00fa \u1ed1c s\u00ean v\u00e0 l\u1ea1c v\u00e0o m\u00ea cung s\u00e1ch b\u00ed \u1ea9n. \u0110\u00f3 l\u00e0 Ti\u1ec7m s\u00e1ch C\u01a1n M\u01b0a, n\u01a1i c\u00e1c cu\u1ed1n s\u00e1ch \u0111\u01b0\u1ee3c vi\u1ebft b\u1eb1ng m\u01b0a v\u1edbi n\u1ed9i dung l\u00e0 nh\u1eefng \u01b0\u1edbc m\u01a1, c\u00e2u chuy\u1ec7n b\u1ecb l\u00e3ng qu\u00ean c\u1ee7a con ng\u01b0\u1eddi l\u1ea5y t\u1eeb r\u1eebng Hoppori. \u1ede Ti\u1ec7m s\u00e1ch, Roko \u0111\u01b0\u1ee3c g\u1eb7p nh\u1eefng ng\u01b0\u1eddi b\u1ea1n k\u1ef3 l\u1ea1: B\u00e1c chim Dodo ch\u1ee7 ti\u1ec7m s\u00e1ch. C\u00f4 Th\u1ee7 l\u0129nh Thi\u00ean th\u1ea7n xinh \u0111\u1eb9p Maimaiko, c\u1eadu b\u00e9 Hoshimaru n\u1eeda ng\u01b0\u1eddi n\u1eeda chim s\u1ed1ng nh\u1edd nh\u1eefng gi\u1ea5c m\u01a1 c\u1ee7a con ng\u01b0\u1eddi, con ma nh\u00e0 v\u0103n \u0111i t\u00ecm c\u00e2u chuy\u1ec7n \u0111ang vi\u1ebft d\u1edf,\u2026<br \/>\nTi\u1ec7m s\u00e1ch C\u01a1n M\u01b0a v\u1ed1n c\u00f3 r\u1ea5t nhi\u1ec1u s\u00e1ch hay nh\u1eefng b\u1ed7ng m\u1ed9t ng\u00e0y c\u00e1c c\u00e2u chuy\u1ec7n tr\u1edf n\u00ean nh\u00e0m ch\u00e1n, \u0111\u1ee9t qu\u00e3ng v\u00e0 dang d\u1edf. \u0110\u1ec3 t\u00ecm hi\u1ec3u nguy\u00ean nh\u00e2n c\u1ea7n ph\u1ea3i d\u00f9ng s\u1ee9c m\u1ea1nh \u01b0\u1edbc m\u01a1 c\u1ee7a con ng\u01b0\u1eddi \u0111\u1ec3 \u0111\u1ebfn r\u1eebng Hoppori, n\u01a1i ti\u1ec7m s\u00e1ch nh\u1eadp c\u00e1c h\u1ea1t gi\u1ed1ng truy\u1ec7n k\u1ec3. V\u00ec v\u1eady, Roko nh\u1eadn l\u1eddi b\u00e1c chim Dodo th\u1ef1c hi\u1ec7n s\u1ee9 m\u1ec7nh n\u00e0y.<br \/>\nLi\u1ec7u r\u1eb1ng Roko c\u00f3 t\u00ecm ra ai l\u00e0 k\u1ebb \u0111\u00e3 \u0103n c\u00e1c h\u1ea1t gi\u1ed1ng truy\u1ec7n k\u1ec3 v\u00e0 c\u00f3 kh\u00e1m ph\u00e1 ra nh\u1eefng b\u00ed \u1ea9n kh\u00e1c n\u01a1i r\u1eebng Hoppori di\u1ec7u k\u1ef3? H\u00e3y c\u00f9ng Roko v\u00e0 c\u1eadu b\u1ea1n Hoshimaru b\u01b0\u1edbc v\u00e0o h\u00e0nh tr\u00ecnh \u0111\u1ea7y phi\u00eau li\u00eau n\u00e0y nh\u00e9.<\/p>\n","protected":false},"featured_media":11022,"template":"","meta":{"_acf_changed":false},"product_brand":[],"product_cat":[17,26],"product_tag":[],"class_list":{"0":"post-11026","1":"product","2":"type-product","3":"status-publish","4":"has-post-thumbnail","6":"product_cat-sach-danh-cho-cac-be","7":"product_cat-thieu-nien-11-tuoi-18-tuoi","9":"first","10":"outofstock","11":"taxable","12":"shipping-taxable","13":"purchasable","14":"product-type-simple"},"supplier_id":null,"supplier_sku":"","barcode":null,"atum_controlled":true,"out_stock_date":"2022-01-11 22:46:51","out_stock_threshold":null,"inheritable":false,"inbound_stock":0,"stock_on_hold":0,"sold_today":0,"sales_last_days":0,"reserved_stock":0,"customer_returns":0,"warehouse_damage":0,"lost_in_post":0,"other_logs":0,"out_stock_days":1478,"lost_sales":0,"has_location":false,"update_date":"2026-01-28T23:10:48","atum_locations":[],"atum_stock_status":"outofstock","restock_status":false,"low_stock_amount":"","sales_update_date":"2026-01-28T23:10:48","calc_backorders":null,"acf":{"publisher":{"ID":1453,"post_author":"1","post_date":"2021-02-17 01:11:32","post_date_gmt":"2021-02-16 23:11:32","post_content":"<!-- wp:flatsome\/uxbuilder -->\n<h1 style=\"text-align: center;\"><strong>Qu\u1ea3ng V\u0103n<\/strong><\/h1>\n[row]\n\n[col span=\"6\" span__sm=\"12\"]\n\n[ux_image id=\"1552\" image_size=\"medium\"]\n\n\n[\/col]\n[col span=\"6\" span__sm=\"12\"]\n\n<p><strong>Quangvanbooks<\/strong><br \/>Qu\u1ea3ng V\u0103n l\u00e0 t\u1ed5 h\u1ee3p xu\u1ea5t b\u1ea3n, gi\u00e1o d\u1ee5c v\u00e0 nh\u01b0\u1ee3ng quy\u1ec1n h\u00e0ng \u0111\u1ea7u trong ng\u00e0nh c\u00f4ng nghi\u1ec7p s\u00e1ng t\u1ea1o v\u1edbi c\u00e1c th\u01b0\u01a1ng hi\u1ec7u nh\u00e1nh:<\/p>\n<p>Quangvanbooks - Th\u01b0\u01a1ng hi\u1ec7u s\u00e1ch v\u0103n h\u00f3a gi\u00e1o d\u1ee5c v\u00e0 v\u0103n h\u00f3a gi\u1ea3i tr\u00ed<br \/>Ehomebooks - Th\u01b0\u01a1ng hi\u1ec7u s\u00e1ch gi\u00e1o d\u1ee5c gia \u0111\u00ecnh<br \/>Sakurabooks - Th\u01b0\u01a1ng hi\u1ec7u s\u00e1ch Nh\u1eadt B\u1ea3n<br \/>IPERbooks - Th\u01b0\u01a1ng hi\u1ec7u s\u00e1ch gi\u00e1o d\u1ee5c nh\u00e0 tr\u01b0\u1eddng<br \/>IPER - Vi\u1ec7n nghi\u00ean c\u1ee9u xu\u1ea5t b\u1ea3n v\u00e0 gi\u00e1o d\u1ee5c IPER<\/p>\n<p><strong>T\u1ea7m nh\u00ecn<\/strong><br \/>Tr\u1edf th\u00e0nh th\u01b0\u01a1ng hi\u1ec7u s\u00e1ch v\u0103n h\u00f3a gi\u00e1o d\u1ee5c v\u00e0 v\u0103n h\u00f3a gi\u1ea3i tr\u00ed t\u1ed1t nh\u1ea5t v\u00e0 \u0111a d\u1ea1ng nh\u1ea5t Vi\u1ec7t Nam.<\/p>\n<p><br \/><strong>S\u1ee9 m\u1ec7nh<\/strong><br \/>Mang \u0111\u1ebfn nh\u1eefng cu\u1ed1n s\u00e1ch v\u0103n h\u00f3a gi\u00e1o d\u1ee5c v\u00e0 v\u0103n h\u00f3a gi\u1ea3i tr\u00ed \u0111\u1ebfn v\u1edbi \u0111\u1ed9c gi\u1ea3 Vi\u1ec7t Nam v\u00e0 th\u1ebf gi\u1edbi nh\u1eb1m gi\u00fap \u0111\u1ed9c gi\u1ea3 ph\u00e1t tri\u1ec3n b\u1ea3n th\u00e2n, gi\u00e1o d\u1ee5c, gi\u1ea3i tr\u00ed v\u00e0 khai s\u00e1ng nh\u1eb1m x\u00e2y d\u1ef1ng x\u00e3 h\u1ed9i th\u1ecbnh v\u01b0\u1ee3ng, h\u1ea1nh ph\u00fac.<\/p>\n<p><strong>Gi\u00e1 tr\u1ecb c\u1ed1t l\u00f5i<\/strong><\/p>\n<p>S\u00e1ng t\u1ea1o - Linh ho\u1ea1t - H\u1ee3p t\u00e1c - Ch\u00ednh tr\u1ef1c - Nhi\u1ec7t huy\u1ebft - C\u00e2n b\u1eb1ng - H\u1ea1nh ph\u00fac<\/p>\n\n[\/col]\n\n[\/row]\n\n<!-- \/wp:flatsome\/uxbuilder -->","post_title":"Qu\u1ea3ng V\u0103n","post_excerpt":"","post_status":"publish","comment_status":"closed","ping_status":"closed","post_password":"","post_name":"quang-van","to_ping":"","pinged":"","post_modified":"2021-02-17 01:26:44","post_modified_gmt":"2021-02-16 23:26:44","post_content_filtered":"","post_parent":0,"guid":"https:\/\/sachviet.eu\/nha-phat-hanh\/quang-van\/","menu_order":0,"post_type":"publisher","post_mime_type":"","comment_count":"0","filter":"raw"}},"_links":{"self":[{"href":"https:\/\/sachviet.eu\/en\/wp-json\/wp\/v2\/product\/11026","targetHints":{"allow":["GET"]}}],"collection":[{"href":"https:\/\/sachviet.eu\/en\/wp-json\/wp\/v2\/product"}],"about":[{"href":"https:\/\/sachviet.eu\/en\/wp-json\/wp\/v2\/types\/product"}],"wp:featuredmedia":[{"embeddable":true,"href":"https:\/\/sachviet.eu\/en\/wp-json\/wp\/v2\/media\/11022"}],"wp:attachment":[{"href":"https:\/\/sachviet.eu\/en\/wp-json\/wp\/v2\/media?parent=11026"}],"wp:term":[{"taxonomy":"product_brand","embeddable":true,"href":"https:\/\/sachviet.eu\/en\/wp-json\/wp\/v2\/product_brand?post=11026"},{"taxonomy":"product_cat","embeddable":true,"href":"https:\/\/sachviet.eu\/en\/wp-json\/wp\/v2\/product_cat?post=11026"},{"taxonomy":"product_tag","embeddable":true,"href":"https:\/\/sachviet.eu\/en\/wp-json\/wp\/v2\/product_tag?post=11026"}],"curies":[{"name":"wp","href":"https:\/\/api.w.org\/{rel}","templated":true}]}}