{"id":11021,"date":"2021-06-03T01:15:38","date_gmt":"2021-06-02T22:15:38","guid":{"rendered":"https:\/\/sachviet.eu\/shop\/an-so-mang-ten-the-he-z-gen-z-college\/"},"modified":"2021-06-10T01:15:32","modified_gmt":"2021-06-09T22:15:32","slug":"an-so-mang-ten-the-he-z-gen-z-college","status":"publish","type":"product","link":"https:\/\/sachviet.eu\/en\/shop\/an-so-mang-ten-the-he-z-gen-z-college\/","title":{"rendered":"\u1ea8n S\u1ed1 Mang T\u00ean Th\u1ebf H\u1ec7 Z &#8211; Gen Z @ College"},"content":{"rendered":"<p>M\u1ed9t th\u1ebf h\u1ec7 m\u1edbi \u0111ang b\u01b0\u1edbc ch\u00e2n v\u00e0o c\u1ed5ng tr\u01b0\u1eddng \u0111\u1ea1i h\u1ecdc. \u0110\u00f3 ch\u00ednh l\u00e0 th\u1ebf h\u1ec7 Z. H\u1ecd ho\u00e0n to\u00e0n kh\u00e1c bi\u1ec7t v\u1edbi c\u00e1c th\u1ebf h\u1ec7 tr\u01b0\u1edbc \u1edf m\u1ecdi kh\u00eda c\u1ea1nh t\u1eeb \u0111\u1ed9ng l\u1ef1c, phong c\u00e1ch h\u1ecdc t\u1eadp \u0111\u1ebfn nh\u1eefng k\u1ef9 n\u0103ng v\u00e0 m\u1ed1i quan t\u00e2m x\u00e3 h\u1ed9i. \u1ea8n s\u1ed1 mang t\u00ean th\u1ebf h\u1ec7 Z \u2013 Gen Z @ College l\u00e0 b\u1ee9c tranh s\u1ed1ng \u0111\u1ed9ng v\u1ec1 th\u1ebf h\u1ec7 Z, gi\u00fap c\u00e1c nh\u00e0 gi\u00e1o d\u1ee5c, c\u00e1c b\u1eadc ph\u1ee5 huynh, c\u0169ng nh\u01b0 c\u00e1c nh\u00e0 tuy\u1ec3n d\u1ee5ng c\u00f3 \u0111\u01b0\u1ee3c s\u1ef1 th\u1ea5u hi\u1ec3u s\u00e2u s\u1eafc v\u1ec1 l\u1edbp sinh vi\u00ean m\u1edbi n\u00e0y, qua \u0111\u00f3 n\u00e2ng cao ch\u1ea5t l\u01b0\u1ee3ng gi\u1ea3ng d\u1ea1y v\u00e0 mang l\u1ea1i cho c\u00e1c em c\u01a1 h\u1ed9i ph\u00e1t tri\u1ec3n t\u1ed1t nh\u1ea5t trong t\u01b0\u01a1ng lai.<\/p>\n<p>L\u1edcI T\u00c1C GI\u1ea2:<\/p>\n<p>CH\u00daNG T\u00d4I VI\u1ebeT CU\u1ed0N S\u00c1CH V\u1edaI M\u1ee4C \u0110\u00cdCH chia s\u1ebb v\u1edbi \u0111\u1ed9c gi\u1ea3 k\u1ebft qu\u1ea3 nghi\u00ean c\u1ee9u c\u1ee7a ch\u00ednh ch\u00fang t\u00f4i v\u1ec1 th\u1ebf h\u1ec7 Z (nh\u1eefng ng\u01b0\u1eddi sinh n\u0103m 1996 &#8211; 2010). C\u0169ng gi\u1ed1ng nh\u01b0 c\u00e1c \u1ea5n ph\u1ea9m kh\u00e1c c\u00f9ng ch\u1ee7 \u0111\u1ec1, cu\u1ed1n Gen Z @ College s\u1ebd g\u00f3p ph\u1ea7n h\u1ed7 tr\u1ee3 c\u00e1c nh\u00e0 l\u00e0m gi\u00e1o d\u1ee5c, c\u00e1c b\u1eadc ph\u1ee5 huynh, c\u00e1c nh\u00e0 tuy\u1ec3n d\u1ee5ng hi\u1ec3u h\u01a1n v\u1ec1 th\u1ebf h\u1ec7 Z. Gen Z @ College  c\u0169ng \u0111\u01b0\u1ee3c k\u1ef3 v\u1ecdng s\u1ebd gi\u00fap c\u00e1c b\u1ea1n sinh vi\u00ean thu\u1ed9c ch\u00ednh th\u1ebf h\u1ec7 n\u00e0y hi\u1ec3u r\u00f5 h\u01a1n v\u1ec1 b\u1ea3n th\u00e2n h\u1ecd. V\u00ec v\u00e0o th\u1eddi \u0111i\u1ec3m hi\u1ec7n t\u1ea1i, m\u1ed9t s\u1ed1 th\u00e0nh vi\u00ean thu\u1ed9c th\u1ebf h\u1ec7 Z \u0111\u00e3 t\u1ed1t nghi\u1ec7p \u0111\u1ea1i h\u1ecdc, ch\u00fang t\u00f4i hy v\u1ecdng r\u1eb1ng cu\u1ed1n s\u00e1ch s\u1ebd ti\u1ebfp t\u1ee5c c\u00f3 gi\u00e1 tr\u1ecb \u1ee9ng d\u1ee5ng trong m\u00f4i tr\u01b0\u1eddng gi\u00e1o d\u1ee5c sau \u0111\u1ea1i h\u1ecdc. V\u00e0o th\u1eddi \u0111i\u1ec3m th\u1ebf h\u1ec7 Y (nh\u1eefng ng\u01b0\u1eddi sinh n\u0103m 1981-1995) \u1edf v\u00e0o \u0111\u1ed9 tu\u1ed5i nh\u01b0 th\u1ebf h\u1ec7 Z hi\u1ec7n nay, c\u00e1c ch\u01b0\u01a1ng tr\u00ecnh \u0111\u00e0o t\u1ea1o, m\u00f4i tr\u01b0\u1eddng h\u1ecdc t\u1eadp v\u00e0 ph\u01b0\u01a1ng ph\u00e1p gi\u1ea3ng d\u1ea1y \u0111\u1ed1i v\u1edbi gi\u00e1o d\u1ee5c sau \u0111\u1ea1i h\u1ecdc \u0111\u00e3 \u0111\u01b0\u1ee3c \u0111i\u1ec1u ch\u1ec9nh theo h\u01b0\u1edbng \u0111\u1ed5i m\u1edbi. Th\u1ebf h\u1ec7 Z c\u0169ng c\u1ea7n ph\u1ea3i nh\u1eadn \u0111\u01b0\u1ee3c s\u1ef1 quan t\u00e2m v\u00e0 chu\u1ea9n b\u1ecb t\u01b0\u01a1ng t\u1ef1 nh\u01b0 v\u1eady<\/p>\n<p>V\u1ec0 T\u00c1C GI\u1ea2:<\/p>\n<p>Ti\u1ebfn s\u0129 Corey Seemiller l\u00e0 nh\u00e0 gi\u00e1o d\u1ee5c, nh\u00e0 nghi\u00ean c\u1ee9u v\u00e0 t\u00e1c gi\u1ea3 chuy\u00ean v\u1ec1 ch\u1ee7 \u0111\u1ec1 l\u00e3nh \u0111\u1ea1o v\u00e0 x\u00e3 h\u1ed9i. B\u00e0 c\u00f3 h\u01a1n 20 n\u0103m kinh nghi\u1ec7m trong gi\u00e1o d\u1ee5c \u0111\u1ea1i h\u1ecdc v\u00e0 \u0111am m\u00ea vi\u1ec7c n\u00e2ng cao n\u0103ng l\u1ef1c l\u00e3nh \u0111\u1ea1o cho c\u00e1c em sinh vi\u00ean.<\/p>\n<p>Meghan Grace l\u00e0 nh\u00e0 nghi\u00ean c\u1ee9u v\u1ec1 th\u1ebf h\u1ec7 Z, t\u00e1c gi\u1ea3 v\u00e0 nh\u00e0 t\u01b0 v\u1ea5n. M\u1ee5c ti\u00eau c\u1ee7a b\u00e0 l\u00e0 gi\u00fap c\u00e1c tr\u01b0\u1eddng h\u1ecdc v\u00e0 doanh nghi\u1ec7p th\u1ea5u hi\u1ec3u th\u1ebf h\u1ec7 m\u1edbi n\u00e0y.<\/p>\n","protected":false},"excerpt":{"rendered":"<p>M\u1ed9t th\u1ebf h\u1ec7 m\u1edbi \u0111ang b\u01b0\u1edbc ch\u00e2n v\u00e0o c\u1ed5ng tr\u01b0\u1eddng \u0111\u1ea1i h\u1ecdc. \u0110\u00f3 ch\u00ednh l\u00e0 th\u1ebf h\u1ec7 Z. H\u1ecd ho\u00e0n to\u00e0n kh\u00e1c bi\u1ec7t v\u1edbi c\u00e1c th\u1ebf h\u1ec7 tr\u01b0\u1edbc \u1edf m\u1ecdi kh\u00eda c\u1ea1nh t\u1eeb \u0111\u1ed9ng l\u1ef1c, phong c\u00e1ch h\u1ecdc t\u1eadp \u0111\u1ebfn nh\u1eefng k\u1ef9 n\u0103ng v\u00e0 m\u1ed1i quan t\u00e2m x\u00e3 h\u1ed9i. \u1ea8n s\u1ed1 mang t\u00ean th\u1ebf h\u1ec7 Z \u2013 Gen Z @ College l\u00e0 b\u1ee9c tranh s\u1ed1ng \u0111\u1ed9ng v\u1ec1 th\u1ebf h\u1ec7 Z, gi\u00fap c\u00e1c nh\u00e0 gi\u00e1o d\u1ee5c, c\u00e1c b\u1eadc ph\u1ee5 huynh, c\u0169ng nh\u01b0 c\u00e1c nh\u00e0 tuy\u1ec3n d\u1ee5ng c\u00f3 \u0111\u01b0\u1ee3c s\u1ef1 th\u1ea5u hi\u1ec3u s\u00e2u s\u1eafc v\u1ec1 l\u1edbp sinh vi\u00ean m\u1edbi n\u00e0y, qua \u0111\u00f3 n\u00e2ng cao ch\u1ea5t l\u01b0\u1ee3ng gi\u1ea3ng d\u1ea1y v\u00e0 mang l\u1ea1i cho c\u00e1c em c\u01a1 h\u1ed9i ph\u00e1t tri\u1ec3n t\u1ed1t nh\u1ea5t trong t\u01b0\u01a1ng lai.<\/p>\n","protected":false},"featured_media":11020,"template":"","meta":{"_acf_changed":false},"product_brand":[],"product_cat":[18],"product_tag":[],"class_list":{"0":"post-11021","1":"product","2":"type-product","3":"status-publish","4":"has-post-thumbnail","6":"product_cat-kinh-te","8":"first","9":"outofstock","10":"taxable","11":"shipping-taxable","12":"purchasable","13":"product-type-simple"},"supplier_id":null,"supplier_sku":"","barcode":null,"atum_controlled":true,"out_stock_date":"2021-06-09 22:15:32","out_stock_threshold":null,"inheritable":false,"inbound_stock":1,"stock_on_hold":0,"sold_today":0,"sales_last_days":0,"reserved_stock":0,"customer_returns":0,"warehouse_damage":0,"lost_in_post":0,"other_logs":0,"out_stock_days":1694,"lost_sales":0,"has_location":false,"update_date":"2026-01-28T23:10:48","atum_locations":[],"atum_stock_status":"outofstock","restock_status":false,"low_stock_amount":"","sales_update_date":"2026-01-28T23:10:48","calc_backorders":null,"acf":{"publisher":{"ID":1474,"post_author":"1","post_date":"2021-02-17 01:12:51","post_date_gmt":"2021-02-16 23:12:51","post_content":"","post_title":"Th\u00e1i H\u00e0","post_excerpt":"","post_status":"publish","comment_status":"closed","ping_status":"closed","post_password":"","post_name":"thai-ha","to_ping":"","pinged":"","post_modified":"2021-02-17 01:12:51","post_modified_gmt":"2021-02-16 23:12:51","post_content_filtered":"","post_parent":0,"guid":"https:\/\/sachviet.eu\/nha-phat-hanh\/thai-ha\/","menu_order":0,"post_type":"publisher","post_mime_type":"","comment_count":"0","filter":"raw"}},"_links":{"self":[{"href":"https:\/\/sachviet.eu\/en\/wp-json\/wp\/v2\/product\/11021","targetHints":{"allow":["GET"]}}],"collection":[{"href":"https:\/\/sachviet.eu\/en\/wp-json\/wp\/v2\/product"}],"about":[{"href":"https:\/\/sachviet.eu\/en\/wp-json\/wp\/v2\/types\/product"}],"wp:featuredmedia":[{"embeddable":true,"href":"https:\/\/sachviet.eu\/en\/wp-json\/wp\/v2\/media\/11020"}],"wp:attachment":[{"href":"https:\/\/sachviet.eu\/en\/wp-json\/wp\/v2\/media?parent=11021"}],"wp:term":[{"taxonomy":"product_brand","embeddable":true,"href":"https:\/\/sachviet.eu\/en\/wp-json\/wp\/v2\/product_brand?post=11021"},{"taxonomy":"product_cat","embeddable":true,"href":"https:\/\/sachviet.eu\/en\/wp-json\/wp\/v2\/product_cat?post=11021"},{"taxonomy":"product_tag","embeddable":true,"href":"https:\/\/sachviet.eu\/en\/wp-json\/wp\/v2\/product_tag?post=11021"}],"curies":[{"name":"wp","href":"https:\/\/api.w.org\/{rel}","templated":true}]}}