{"id":11019,"date":"2021-06-03T01:15:33","date_gmt":"2021-06-02T22:15:33","guid":{"rendered":"https:\/\/sachviet.eu\/shop\/tiep-thi-cho-the-he-z-khai-thac-loi-the-cua-the-he-nhung-nguoi-gay-anh-huong-dong-dao-va-rat-khac-biet\/"},"modified":"2021-06-10T01:15:32","modified_gmt":"2021-06-09T22:15:32","slug":"tiep-thi-cho-the-he-z-khai-thac-loi-the-cua-the-he-nhung-nguoi-gay-anh-huong-dong-dao-va-rat-khac-biet","status":"publish","type":"product","link":"https:\/\/sachviet.eu\/en\/shop\/tiep-thi-cho-the-he-z-khai-thac-loi-the-cua-the-he-nhung-nguoi-gay-anh-huong-dong-dao-va-rat-khac-biet\/","title":{"rendered":"Ti\u1ebfp Th\u1ecb Cho Th\u1ebf H\u1ec7 Z: Khai Th\u00e1c L\u1ee3i Th\u1ebf C\u1ee7a Th\u1ebf H\u1ec7 Nh\u1eefng Ng\u01b0\u1eddi G\u00e2y \u1ea2nh H\u01b0\u1edfng &#8211; \u0110\u00f4ng \u0110\u1ea3o V\u00e0 R\u1ea5t Kh\u00e1c Bi\u1ec7t"},"content":{"rendered":"<p>Th\u1ebf h\u1ec7 Z l\u00e0 nh\u1eefng ng\u01b0\u1eddi sinh t\u1eeb 1996-2010. \u0110\u00e2y l\u00e0 th\u1ebf h\u1ec7 nh\u1eefng ng\u01b0\u1eddi ti\u00eau d\u00f9ng m\u1edbi, \u0111\u00f4ng \u0111\u1ea3o, c\u00f3 h\u00e0nh vi ti\u00eau d\u00f9ng r\u1ea5t kh\u00e1c bi\u1ec7t v\u00e0 \u0111\u00f2i h\u1ecfi cao. N\u0103m 2020, th\u1ebf h\u1ec7 Z chi\u1ebfm kho\u1ea3ng 40% ng\u01b0\u1eddi ti\u00eau d\u00f9ng tr\u00ean th\u1ebf gi\u1edbi. Doanh nghi\u1ec7p n\u00e0o s\u1edbm b\u1eaft k\u1ecbp t\u00e2m l\u00fd v\u00e0 ti\u1ebfp th\u1ecb \u0111\u01b0\u1ee3c cho th\u1ebf h\u1ec7 Z s\u1ebd g\u1eb7t h\u00e1i \u0111\u01b0\u1ee3c nhi\u1ec1u th\u00e0nh c\u00f4ng, trong hi\u1ec7n t\u1ea1i l\u1eabn t\u01b0\u01a1ng lai.<\/p>\n<p>&#8220;Ti\u1ebfp th\u1ecb cho th\u1ebf h\u1ec7 Z&#8221; gi\u00fap b\u1ea1n \u0111\u1ecdc n\u00f3i chung, v\u00e0 nh\u1eefng ng\u01b0\u1eddi l\u00e0m ti\u1ebfp th\u1ecb n\u00f3i ri\u00eang, hi\u1ec3u \u0111\u01b0\u1ee3c th\u1ebf h\u1ec7 Z l\u00e0 ai, h\u00e0nh vi mua s\u1eafm c\u1ee7a h\u1ecd ra sao v\u00e0 l\u00e0m th\u1ebf n\u00e0o \u0111\u1ec3 k\u1ebft n\u1ed1i v\u1edbi h\u1ecd. D\u1ef1a tr\u00ean nhi\u1ec1u nghi\u00ean c\u1ee9u v\u00e0 c\u00e1c ph\u1ecfng v\u1ea5n chuy\u00ean s\u00e2u, hai t\u00e1c gi\u1ea3 s\u1ebd gi\u00fap b\u1ea1n \u0111\u1ecdc bi\u1ebft c\u00e1ch: X\u00e2y d\u1ef1ng th\u00f4ng \u0111i\u1ec7p ti\u1ebfp th\u1ecb ph\u00f9 h\u1ee3p; T\u1eadn d\u1ee5ng t\u1ed1i \u0111a c\u00f4ng ngh\u1ec7 \u0111\u1ec3 ti\u1ebfp c\u1eadn nh\u00f3m kh\u00e1ch h\u00e0ng n\u00e0y; T\u1eadp trung v\u00e0o c\u00e1c tr\u1ea3i nghi\u1ec7m; Khai th\u00e1c l\u1ee3i th\u1ebf c\u1ee7a truy\u1ec1n th\u00f4ng x\u00e3 h\u1ed9i; Giao ti\u1ebfp v\u1edbi th\u1ebf h\u1ec7 Z b\u1eb1ng h\u00ecnh \u1ea3nh, video, bi\u1ec3u t\u01b0\u1ee3ng, emoji; \u0110em l\u1ea1i nh\u1eefng tr\u1ea3i nghi\u1ec7m mua s\u1eafm v\u01b0\u1ee3t tr\u1ed9i, c\u1ea3 qua k\u00eanh tr\u1ef1c tuy\u1ebfn l\u1eabn ngo\u1ea1i tuy\u1ebfn t\u1ea1i c\u00e1c trung t\u00e2m th\u01b0\u01a1ng m\u1ea1i;&#8230;<br \/>\n\u0110\u00e2y l\u00e0 m\u1ed9t quy\u1ec3n s\u00e1ch \u0111\u00fang th\u1eddi \u0111i\u1ec3m \u0111\u1ec3 gi\u00fap  b\u1eaft k\u1ecbp \u0111\u01b0\u1ee3c xu h\u01b0\u1edbng c\u1ee7a th\u1ebf h\u1ec7 ng\u01b0\u1eddi ti\u00eau d\u00f9ng tr\u1ebb \u0111\u00f4ng \u0111\u1ea3o hi\u1ec7n nay. Quy\u1ec3n s\u00e1ch ph\u1ea3i \u0111\u1ecdc cho nh\u1eefng ai l\u00e0m ti\u1ebfp th\u1ecb trong th\u1eddi \u0111\u1ea1i 4.0 n\u00e0y!<\/p>\n","protected":false},"excerpt":{"rendered":"<p>Th\u1ebf h\u1ec7 Z l\u00e0 nh\u1eefng ng\u01b0\u1eddi sinh t\u1eeb 1996-2010. \u0110\u00e2y l\u00e0 th\u1ebf h\u1ec7 nh\u1eefng ng\u01b0\u1eddi ti\u00eau d\u00f9ng m\u1edbi, \u0111\u00f4ng \u0111\u1ea3o, c\u00f3 h\u00e0nh vi ti\u00eau d\u00f9ng r\u1ea5t kh\u00e1c bi\u1ec7t v\u00e0 \u0111\u00f2i h\u1ecfi cao. N\u0103m 2020, th\u1ebf h\u1ec7 Z chi\u1ebfm kho\u1ea3ng 40% ng\u01b0\u1eddi ti\u00eau d\u00f9ng tr\u00ean th\u1ebf gi\u1edbi. Doanh nghi\u1ec7p n\u00e0o s\u1edbm b\u1eaft k\u1ecbp t\u00e2m l\u00fd v\u00e0 ti\u1ebfp th\u1ecb \u0111\u01b0\u1ee3c cho th\u1ebf h\u1ec7 Z s\u1ebd g\u1eb7t h\u00e1i \u0111\u01b0\u1ee3c nhi\u1ec1u th\u00e0nh c\u00f4ng, trong hi\u1ec7n t\u1ea1i l\u1eabn t\u01b0\u01a1ng lai.<\/p>\n<p>&#8220;Ti\u1ebfp th\u1ecb cho th\u1ebf h\u1ec7 Z&#8221; gi\u00fap b\u1ea1n \u0111\u1ecdc n\u00f3i chung, v\u00e0 nh\u1eefng ng\u01b0\u1eddi l\u00e0m ti\u1ebfp th\u1ecb n\u00f3i ri\u00eang, hi\u1ec3u \u0111\u01b0\u1ee3c th\u1ebf h\u1ec7 Z l\u00e0 ai, h\u00e0nh vi mua s\u1eafm c\u1ee7a h\u1ecd ra sao v\u00e0 l\u00e0m th\u1ebf n\u00e0o \u0111\u1ec3 k\u1ebft n\u1ed1i v\u1edbi h\u1ecd. D\u1ef1a tr\u00ean nhi\u1ec1u nghi\u00ean c\u1ee9u v\u00e0 c\u00e1c ph\u1ecfng v\u1ea5n chuy\u00ean s\u00e2u, hai t\u00e1c gi\u1ea3 s\u1ebd gi\u00fap b\u1ea1n \u0111\u1ecdc bi\u1ebft c\u00e1ch: X\u00e2y d\u1ef1ng th\u00f4ng \u0111i\u1ec7p ti\u1ebfp th\u1ecb ph\u00f9 h\u1ee3p; T\u1eadn d\u1ee5ng t\u1ed1i \u0111a c\u00f4ng ngh\u1ec7 \u0111\u1ec3 ti\u1ebfp c\u1eadn nh\u00f3m kh\u00e1ch h\u00e0ng n\u00e0y; T\u1eadp trung v\u00e0o c\u00e1c tr\u1ea3i nghi\u1ec7m; Khai th\u00e1c l\u1ee3i th\u1ebf c\u1ee7a truy\u1ec1n th\u00f4ng x\u00e3 h\u1ed9i; Giao ti\u1ebfp v\u1edbi th\u1ebf h\u1ec7 Z b\u1eb1ng h\u00ecnh \u1ea3nh, video, bi\u1ec3u t\u01b0\u1ee3ng, emoji; \u0110em l\u1ea1i nh\u1eefng tr\u1ea3i nghi\u1ec7m mua s\u1eafm v\u01b0\u1ee3t tr\u1ed9i, c\u1ea3 qua k\u00eanh tr\u1ef1c tuy\u1ebfn l\u1eabn ngo\u1ea1i tuy\u1ebfn t\u1ea1i c\u00e1c trung t\u00e2m th\u01b0\u01a1ng m\u1ea1i;&#8230;<br \/>\n\u0110\u00e2y l\u00e0 m\u1ed9t quy\u1ec3n s\u00e1ch \u0111\u00fang th\u1eddi \u0111i\u1ec3m \u0111\u1ec3 gi\u00fap  b\u1eaft k\u1ecbp \u0111\u01b0\u1ee3c xu h\u01b0\u1edbng c\u1ee7a th\u1ebf h\u1ec7 ng\u01b0\u1eddi ti\u00eau d\u00f9ng tr\u1ebb \u0111\u00f4ng \u0111\u1ea3o hi\u1ec7n nay. Quy\u1ec3n s\u00e1ch ph\u1ea3i \u0111\u1ecdc cho nh\u1eefng ai l\u00e0m ti\u1ebfp th\u1ecb trong th\u1eddi \u0111\u1ea1i 4.0 n\u00e0y!<\/p>\n","protected":false},"featured_media":11010,"template":"","meta":{"_acf_changed":false},"product_brand":[],"product_cat":[18],"product_tag":[],"class_list":{"0":"post-11019","1":"product","2":"type-product","3":"status-publish","4":"has-post-thumbnail","6":"product_cat-kinh-te","8":"first","9":"outofstock","10":"taxable","11":"shipping-taxable","12":"purchasable","13":"product-type-simple"},"supplier_id":null,"supplier_sku":"","barcode":null,"atum_controlled":true,"out_stock_date":"2021-06-09 22:15:32","out_stock_threshold":null,"inheritable":false,"inbound_stock":1,"stock_on_hold":0,"sold_today":0,"sales_last_days":0,"reserved_stock":0,"customer_returns":0,"warehouse_damage":0,"lost_in_post":0,"other_logs":0,"out_stock_days":1694,"lost_sales":0,"has_location":false,"update_date":"2026-01-28T23:10:48","atum_locations":[],"atum_stock_status":"outofstock","restock_status":false,"low_stock_amount":"","sales_update_date":"2026-01-28T23:10:48","calc_backorders":null,"acf":{"publisher":{"ID":1517,"post_author":"1","post_date":"2021-02-17 01:14:41","post_date_gmt":"2021-02-16 23:14:41","post_content":"","post_title":"NXB Tr\u1ebb","post_excerpt":"","post_status":"publish","comment_status":"closed","ping_status":"closed","post_password":"","post_name":"nxb-tre","to_ping":"","pinged":"","post_modified":"2021-02-17 01:14:41","post_modified_gmt":"2021-02-16 23:14:41","post_content_filtered":"","post_parent":0,"guid":"https:\/\/sachviet.eu\/nha-phat-hanh\/nxb-tre\/","menu_order":0,"post_type":"publisher","post_mime_type":"","comment_count":"0","filter":"raw"}},"_links":{"self":[{"href":"https:\/\/sachviet.eu\/en\/wp-json\/wp\/v2\/product\/11019","targetHints":{"allow":["GET"]}}],"collection":[{"href":"https:\/\/sachviet.eu\/en\/wp-json\/wp\/v2\/product"}],"about":[{"href":"https:\/\/sachviet.eu\/en\/wp-json\/wp\/v2\/types\/product"}],"wp:featuredmedia":[{"embeddable":true,"href":"https:\/\/sachviet.eu\/en\/wp-json\/wp\/v2\/media\/11010"}],"wp:attachment":[{"href":"https:\/\/sachviet.eu\/en\/wp-json\/wp\/v2\/media?parent=11019"}],"wp:term":[{"taxonomy":"product_brand","embeddable":true,"href":"https:\/\/sachviet.eu\/en\/wp-json\/wp\/v2\/product_brand?post=11019"},{"taxonomy":"product_cat","embeddable":true,"href":"https:\/\/sachviet.eu\/en\/wp-json\/wp\/v2\/product_cat?post=11019"},{"taxonomy":"product_tag","embeddable":true,"href":"https:\/\/sachviet.eu\/en\/wp-json\/wp\/v2\/product_tag?post=11019"}],"curies":[{"name":"wp","href":"https:\/\/api.w.org\/{rel}","templated":true}]}}