{"id":11009,"date":"2021-06-03T01:15:03","date_gmt":"2021-06-02T22:15:03","guid":{"rendered":"https:\/\/sachviet.eu\/shop\/mot-cuon-sach-buon-cuoi-vui-ve-khong-quau-nha-2\/"},"modified":"2021-07-22T19:36:39","modified_gmt":"2021-07-22T16:36:39","slug":"mot-cuon-sach-buon-cuoi-vui-ve-khong-quau-nha-2","status":"publish","type":"product","link":"https:\/\/sachviet.eu\/en\/shop\/mot-cuon-sach-buon-cuoi-vui-ve-khong-quau-nha-2\/","title":{"rendered":"M\u1ed9t Cu\u1ed1n S\u00e1ch Bu\u1ed3n\u2026 C\u01b0\u1eddi\u00a0&#8211; Vui V\u1ebb Kh\u00f4ng Qu\u1ea1u Nha 2"},"content":{"rendered":"<p>\u201cT\u00f4i l\u00fac 6 tu\u1ed5i: M\u1eb9 \u01a1i, 25 tu\u1ed5i con s\u1ebd mua cho m\u1eb9 m\u1ed9t c\u0103n nh\u00e0 l\u1edbn v\u00e0 chi\u1ebfc xe h\u01a1i!<\/p>\n<p>T\u00f4i l\u00fac 25 tu\u1ed5i: M\u1eb9 y\u00eau, shipper \u0111\u1ebfn r\u1ed3i con c\u00f2n thi\u1ebfu 20k \u0111\u1ec3 nh\u1eadn h\u00e0ng.\u201d<\/p>\n<p>\u0110\u00fang l\u00e0 tu\u1ed5i tr\u1ebb ch\u01b0a tr\u1ea3i s\u1ef1 \u0111\u1eddi, l\u1edbn r\u1ed3i m\u1edbi bi\u1ebft h\u00f3a ra cu\u1ed9c \u0111\u1eddi kh\u00f4ng ch\u1ec9 c\u00f3 m\u00e0u h\u1ed3ng, kh\u00f4ng ph\u1ea3i c\u00e1i g\u00ec m\u00ecnh th\u00edch, m\u00ecnh mu\u1ed1n l\u00e0 a l\u00ea h\u1ea5p b\u1ea1n s\u1ebd c\u00f3 \u0111\u01b0\u1ee3c ngay, m\u00e0 tr\u00e1i l\u1ea1i &#8211; b\u1ea1n ph\u1ea3i v\u1eadt l\u1ed9n v\u1edbi \u0111\u1ee7 th\u1ee9, d\u00f9 ch\u1ec9 \u0111\u01a1n gi\u1ea3n l\u00e0 \u0111\u1ec3 s\u1ed1ng m\u1ed9t \u0111\u1eddi b\u00ecnh th\u01b0\u1eddng th\u00f4i.<\/p>\n<p>Nh\u01b0ng m\u00e0 h\u1ecfi th\u1eadt l\u00f2ng nh\u00e9, cu\u1ed9c \u0111\u1eddi th\u1ef1c s\u1ef1 \u201ckh\u00f3 \u1edf\u201d v\u00e0 \u201cbu\u1ed3n\u201d t\u1edbi v\u1eady \u00e0?<\/p>\n<p>N\u1ebfu m\u00e0 c\u00f3, th\u00ec xin m\u1eddi b\u1ea1n m\u1edf ngay cu\u1ed1n s\u00e1ch m\u1edbi tinh n\u00e0y c\u1ee7a Skybooks, \u201cM\u1ed9t cu\u1ed1n s\u00e1ch bu\u1ed3n\u2026 c\u01b0\u1eddi\u201d \u0111\u1ec3 th\u1ea5y h\u00f3a ra \u0111\u1eddi c\u0169ng kh\u00e1 l\u00e0 bu\u1ed3n\u2026 c\u01b0\u1eddi! Tinh t\u00fay v\u00e0 mang si\u00eau n\u0103ng l\u1ef1c \u201ch\u00fat h\u1ed3n\u201d khi\u1ebfn b\u1ea1n kh\u00f4ng th\u1ec3 r\u1eddi m\u1eaft, \u201cM\u1ed9t cu\u1ed1n s\u00e1ch bu\u1ed3n\u2026 c\u01b0\u1eddi\u201d &#8211; t\u00e1c ph\u1ea9m th\u1ee9 hai n\u1ed1i ti\u1ebfp th\u00e0nh c\u00f4ng c\u1ee7a cu\u1ed1n s\u00e1ch Bestseller \u201cVui v\u1ebb kh\u00f4ng qu\u1ea1u nha\u201d t\u1eeb t\u00e1c gi\u1ea3 \u1ede \u0110\u00e2y Zui N\u00e8 s\u1ebd khi\u1ebfn b\u1ea1n c\u01b0\u1eddi nh\u01b0 ch\u01b0a bao gi\u1edd \u0111\u01b0\u1ee3c c\u01b0\u1eddi sau nh\u1eefng gi\u1edd chi\u1ebfn \u0111\u1ea5u v\u1edbi cu\u1ed9c \u0111\u1eddi \u0111\u1ea7y c\u0103ng th\u1eb3ng!<\/p>\n<p>Mang \u0111\u1eadm t\u00ednh h\u00e0i h\u01b0\u1edbc, t\u1ebfu t\u00e1o v\u00e0 tr\u1ebb trung c\u1ee7a Gen Z, \u0111\u00e2y s\u1ebd l\u00e0 m\u1ed9t cu\u1ed1n s\u00e1ch d\u1ec5 d\u00e0ng khi\u1ebfn nhi\u1ec1u ng\u01b0\u1eddi th\u00edch th\u00fa b\u1edfi nh\u01b0 nh\u00ecn th\u1ea5y ch\u00ednh b\u1ea3n th\u00e2n trong t\u1eebng trang s\u00e1ch:<\/p>\n<p>\u201cC\u00f3 th\u1ec3 b\u1ea1n th\u1ea5y t\u00f4i b\u00ecnh t\u0129nh v\u1edbi m\u1ecdi th\u1ee9. Nh\u01b0ng th\u1ef1c ra trong \u0111\u1ea7u t\u00f4i \u0111\u00e3 b\u1ecf cu\u1ed9c 7749 l\u1ea7n\u201d.<\/p>\n<p>\u201cV\u00ec \u0111\u00e2y l\u00e0 cu\u1ed9c s\u1ed1ng, n\u00ean ng\u00e0y tr\u01b0\u1edbc b\u1ea1n c\u00f3 th\u1ec3 kh\u00f3c v\u00ec ng\u01b0\u1eddi y\u00eau c\u0169, v\u00e0 ti\u1ebfp theo b\u1ea1n th\u1ea3 th\u00ednh \u0111u d\u00e2y m\u1ed9t l\u00fac v\u1edbi b\u1ea3y ng\u01b0\u1eddi!\u201d<\/p>\n<p>\u201cB\u1ea1n c\u00f3 bi\u1ebft l\u00e0 con g\u00e1i lu\u00f4n \u0111\u1ecdc tin nh\u1eafn trong b\u1ea3ng xem tr\u01b0\u1edbc. Nh\u01b0ng h\u1ecd ch\u1ec9 tr\u1ea3 l\u1eddi khi h\u1ecd th\u1eadt s\u1ef1 mu\u1ed1n tr\u1ea3 l\u1eddi.\u201d<\/p>\n<p>Nh\u1ecf nh\u1eafn, nh\u01b0ng d\u00ed d\u1ecfm m\u1ed9t c\u00e1ch \u0111\u1ea7y th\u00f4ng minh, t\u00e1c gi\u1ea3 \u1ede \u0110\u00e2y Zui N\u00e8 s\u1ebd bi\u1ebfn \u0111\u1ee7 th\u1ee9 r\u1eafc r\u1ed1i th\u01b0\u1eddng ng\u00e0y v\u1eabn l\u00e0m b\u1ea1n \u0111au \u0111\u1ea7u nh\u01b0 chuy\u1ec7n \u201cs\u1eebng\u201d, chuy\u1ec7n s\u1eafm \u0111\u1ed3 online, chuy\u1ec7n b\u1ea1n b\u00e8, chuy\u1ec7n l\u01b0\u01a1ng l\u1eadu, gia \u0111\u00ecnh&#8230; th\u00e0nh nh\u1eefng chuy\u1ec7n d\u1ec5 th\u1edf v\u00e0 b\u1edbt b\u1ef1c b\u1ed9i h\u01a1n r\u1ea5t nhi\u1ec1u.<\/p>\n<p>\u201cM\u1ed9t cu\u1ed1n s\u00e1ch bu\u1ed3n\u2026 c\u01b0\u1eddi\u201d hi v\u1ecdng si\u00eau ph\u1ea9m \u0111\u1ed9c \u0111\u00e1o n\u00e0y s\u1ebd gi\u00fap b\u1ea1n \u201c\u0111\u1eafm m\u00ecnh\u201d trong b\u1ec3 mu\u1ed1i \u0111\u1ec3 m\u1eb7n m\u00f2i t\u1eeb da d\u1ebb, th\u01b0 gi\u00e3n v\u00e0 \u0111i\u1ec1u ch\u1ec9nh t\u00e2m tr\u1ea1ng theo c\u00e1ch ngh\u1ecbch ng\u1ee3m m\u00e0 \u0111\u01a1n gi\u1ea3n nh\u01b0ng hi\u1ec7u nghi\u1ec7m nh\u1ea5t!<\/p>\n<p>V\u00ec cu\u1ed9c \u0111\u1eddi v\u1ed1n kh\u00f4ng d\u1ec5 d\u00e0ng, sao ch\u00fang m\u00ecnh kh\u00f4ng s\u1ed1ng n\u00f3 theo m\u1ed9t c\u00e1ch kh\u00e1c? H\u1ea1nh ph\u00fac h\u01a1n, theo m\u1ed9t c\u00e1ch bu\u1ed3n&#8230; c\u01b0\u1eddi nh\u1ec9?<\/p>\n","protected":false},"excerpt":{"rendered":"<p>\u201cT\u00f4i l\u00fac 6 tu\u1ed5i: M\u1eb9 \u01a1i, 25 tu\u1ed5i con s\u1ebd mua cho m\u1eb9 m\u1ed9t c\u0103n nh\u00e0 l\u1edbn v\u00e0 chi\u1ebfc xe h\u01a1i!<\/p>\n<p>T\u00f4i l\u00fac 25 tu\u1ed5i: M\u1eb9 y\u00eau, shipper \u0111\u1ebfn r\u1ed3i con c\u00f2n thi\u1ebfu 20k \u0111\u1ec3 nh\u1eadn h\u00e0ng.\u201d<\/p>\n<p>\u0110\u00fang l\u00e0 tu\u1ed5i tr\u1ebb ch\u01b0a tr\u1ea3i s\u1ef1 \u0111\u1eddi, l\u1edbn r\u1ed3i m\u1edbi bi\u1ebft h\u00f3a ra cu\u1ed9c \u0111\u1eddi kh\u00f4ng ch\u1ec9 c\u00f3 m\u00e0u h\u1ed3ng, kh\u00f4ng ph\u1ea3i c\u00e1i g\u00ec m\u00ecnh th\u00edch, m\u00ecnh mu\u1ed1n l\u00e0 a l\u00ea h\u1ea5p b\u1ea1n s\u1ebd c\u00f3 \u0111\u01b0\u1ee3c ngay, m\u00e0 tr\u00e1i l\u1ea1i &#8211; b\u1ea1n ph\u1ea3i v\u1eadt l\u1ed9n v\u1edbi \u0111\u1ee7 th\u1ee9, d\u00f9 ch\u1ec9 \u0111\u01a1n gi\u1ea3n l\u00e0 \u0111\u1ec3 s\u1ed1ng m\u1ed9t \u0111\u1eddi b\u00ecnh th\u01b0\u1eddng th\u00f4i.<\/p>\n<p>Nh\u01b0ng m\u00e0 h\u1ecfi th\u1eadt l\u00f2ng nh\u00e9, cu\u1ed9c \u0111\u1eddi th\u1ef1c s\u1ef1 \u201ckh\u00f3 \u1edf\u201d v\u00e0 \u201cbu\u1ed3n\u201d t\u1edbi v\u1eady \u00e0?<\/p>\n<p>N\u1ebfu m\u00e0 c\u00f3, th\u00ec xin m\u1eddi b\u1ea1n m\u1edf ngay cu\u1ed1n s\u00e1ch m\u1edbi tinh n\u00e0y c\u1ee7a Skybooks, \u201cM\u1ed9t cu\u1ed1n s\u00e1ch bu\u1ed3n\u2026 c\u01b0\u1eddi\u201d \u0111\u1ec3 th\u1ea5y h\u00f3a ra \u0111\u1eddi c\u0169ng kh\u00e1 l\u00e0 bu\u1ed3n\u2026 c\u01b0\u1eddi! Tinh t\u00fay v\u00e0 mang si\u00eau n\u0103ng l\u1ef1c \u201ch\u00fat h\u1ed3n\u201d khi\u1ebfn b\u1ea1n kh\u00f4ng th\u1ec3 r\u1eddi m\u1eaft, \u201cM\u1ed9t cu\u1ed1n s\u00e1ch bu\u1ed3n\u2026 c\u01b0\u1eddi\u201d &#8211; t\u00e1c ph\u1ea9m th\u1ee9 hai n\u1ed1i ti\u1ebfp th\u00e0nh c\u00f4ng c\u1ee7a cu\u1ed1n s\u00e1ch Bestseller \u201cVui v\u1ebb kh\u00f4ng qu\u1ea1u nha\u201d t\u1eeb t\u00e1c gi\u1ea3 \u1ede \u0110\u00e2y Zui N\u00e8 s\u1ebd khi\u1ebfn b\u1ea1n c\u01b0\u1eddi nh\u01b0 ch\u01b0a bao gi\u1edd \u0111\u01b0\u1ee3c c\u01b0\u1eddi sau nh\u1eefng gi\u1edd chi\u1ebfn \u0111\u1ea5u v\u1edbi cu\u1ed9c \u0111\u1eddi \u0111\u1ea7y c\u0103ng th\u1eb3ng!<\/p>\n<p>Mang \u0111\u1eadm t\u00ednh h\u00e0i h\u01b0\u1edbc, t\u1ebfu t\u00e1o v\u00e0 tr\u1ebb trung c\u1ee7a Gen Z, \u0111\u00e2y s\u1ebd l\u00e0 m\u1ed9t cu\u1ed1n s\u00e1ch d\u1ec5 d\u00e0ng khi\u1ebfn nhi\u1ec1u ng\u01b0\u1eddi th\u00edch th\u00fa b\u1edfi nh\u01b0 nh\u00ecn th\u1ea5y ch\u00ednh b\u1ea3n th\u00e2n trong t\u1eebng trang s\u00e1ch:<\/p>\n<p>\u201cC\u00f3 th\u1ec3 b\u1ea1n th\u1ea5y t\u00f4i b\u00ecnh t\u0129nh v\u1edbi m\u1ecdi th\u1ee9. Nh\u01b0ng th\u1ef1c ra trong \u0111\u1ea7u t\u00f4i \u0111\u00e3 b\u1ecf cu\u1ed9c 7749 l\u1ea7n\u201d.<\/p>\n<p>\u201cV\u00ec \u0111\u00e2y l\u00e0 cu\u1ed9c s\u1ed1ng, n\u00ean ng\u00e0y tr\u01b0\u1edbc b\u1ea1n c\u00f3 th\u1ec3 kh\u00f3c v\u00ec ng\u01b0\u1eddi y\u00eau c\u0169, v\u00e0 ti\u1ebfp theo b\u1ea1n th\u1ea3 th\u00ednh \u0111u d\u00e2y m\u1ed9t l\u00fac v\u1edbi b\u1ea3y ng\u01b0\u1eddi!\u201d<\/p>\n<p>\u201cB\u1ea1n c\u00f3 bi\u1ebft l\u00e0 con g\u00e1i lu\u00f4n \u0111\u1ecdc tin nh\u1eafn trong b\u1ea3ng xem tr\u01b0\u1edbc. Nh\u01b0ng h\u1ecd ch\u1ec9 tr\u1ea3 l\u1eddi khi h\u1ecd th\u1eadt s\u1ef1 mu\u1ed1n tr\u1ea3 l\u1eddi.\u201d<\/p>\n<p>Nh\u1ecf nh\u1eafn, nh\u01b0ng d\u00ed d\u1ecfm m\u1ed9t c\u00e1ch \u0111\u1ea7y th\u00f4ng minh, t\u00e1c gi\u1ea3 \u1ede \u0110\u00e2y Zui N\u00e8 s\u1ebd bi\u1ebfn \u0111\u1ee7 th\u1ee9 r\u1eafc r\u1ed1i th\u01b0\u1eddng ng\u00e0y v\u1eabn l\u00e0m b\u1ea1n \u0111au \u0111\u1ea7u nh\u01b0 chuy\u1ec7n \u201cs\u1eebng\u201d, chuy\u1ec7n s\u1eafm \u0111\u1ed3 online, chuy\u1ec7n b\u1ea1n b\u00e8, chuy\u1ec7n l\u01b0\u01a1ng l\u1eadu, gia \u0111\u00ecnh&#8230; th\u00e0nh nh\u1eefng chuy\u1ec7n d\u1ec5 th\u1edf v\u00e0 b\u1edbt b\u1ef1c b\u1ed9i h\u01a1n r\u1ea5t nhi\u1ec1u.<\/p>\n<p>\u201cM\u1ed9t cu\u1ed1n s\u00e1ch bu\u1ed3n\u2026 c\u01b0\u1eddi\u201d hi v\u1ecdng si\u00eau ph\u1ea9m \u0111\u1ed9c \u0111\u00e1o n\u00e0y s\u1ebd gi\u00fap b\u1ea1n \u201c\u0111\u1eafm m\u00ecnh\u201d trong b\u1ec3 mu\u1ed1i \u0111\u1ec3 m\u1eb7n m\u00f2i t\u1eeb da d\u1ebb, th\u01b0 gi\u00e3n v\u00e0 \u0111i\u1ec1u ch\u1ec9nh t\u00e2m tr\u1ea1ng theo c\u00e1ch ngh\u1ecbch ng\u1ee3m m\u00e0 \u0111\u01a1n gi\u1ea3n nh\u01b0ng hi\u1ec7u nghi\u1ec7m nh\u1ea5t!<\/p>\n<p>V\u00ec cu\u1ed9c \u0111\u1eddi v\u1ed1n kh\u00f4ng d\u1ec5 d\u00e0ng, sao ch\u00fang m\u00ecnh kh\u00f4ng s\u1ed1ng n\u00f3 theo m\u1ed9t c\u00e1ch kh\u00e1c? H\u1ea1nh ph\u00fac h\u01a1n, theo m\u1ed9t c\u00e1ch bu\u1ed3n&#8230; c\u01b0\u1eddi nh\u1ec9?<\/p>\n","protected":false},"featured_media":11006,"template":"","meta":{"_acf_changed":false},"product_brand":[],"product_cat":[75,15],"product_tag":[],"class_list":{"0":"post-11009","1":"product","2":"type-product","3":"status-publish","4":"has-post-thumbnail","6":"product_cat-giai-tri-truyen-cuoi","7":"product_cat-sach-danh-cho-nguoi-lon","9":"first","10":"outofstock","11":"taxable","12":"shipping-taxable","13":"purchasable","14":"product-type-simple"},"supplier_id":null,"supplier_sku":"","barcode":null,"atum_controlled":true,"out_stock_date":"2021-07-22 16:36:39","out_stock_threshold":null,"inheritable":false,"inbound_stock":0,"stock_on_hold":0,"sold_today":0,"sales_last_days":0,"reserved_stock":0,"customer_returns":0,"warehouse_damage":0,"lost_in_post":0,"other_logs":0,"out_stock_days":1651,"lost_sales":0,"has_location":false,"update_date":"2026-01-28T23:10:48","atum_locations":[],"atum_stock_status":"outofstock","restock_status":false,"low_stock_amount":"","sales_update_date":"2026-01-28T23:10:48","calc_backorders":null,"acf":{"publisher":{"ID":1460,"post_author":"1","post_date":"2021-02-17 01:12:24","post_date_gmt":"2021-02-16 23:12:24","post_content":"<!-- wp:flatsome\/uxbuilder -->\n<h1 style=\"text-align: center;\"><strong>Skybooks<\/strong><\/h1>\n[row]\n\n[col span=\"7\" span__sm=\"12\"]\n\n<p>C\u00f4ng ty ph\u00e1t h\u00e0nh s\u00e1ch Skybooks. \"T\u00f4i tr\u1ebb, t\u00f4i \u0111am m\u00ea\" v\u1edbi s\u1ee9 m\u1ec7nh lan to\u1ea3 c\u1ea3m x\u00fac v\u00e0 k\u1ebft n\u1ed1i t\u00e2m h\u1ed3n<\/p>\n<p><strong>Skybooks l\u00e0 c\u00e2u chuy\u1ec7n k\u1ec3 v\u1ec1:<\/strong><br \/>M\u1ed9t th\u1ebf h\u1ec7 ng\u01b0\u1eddi vi\u1ebft tr\u1ebb, \u0111am m\u00ea v\u0103n ch\u01b0\u01a1ng v\u00e0 t\u00f4n tr\u1ecdng, g\u00ecn gi\u1eef, s\u00e1ng t\u1ea1o Ti\u1ebfng Vi\u1ec7t. M\u1ed9t th\u1ebf h\u1ec7 \u0111\u1ed9c gi\u1ea3 tr\u1ebb, \u0111am m\u00ea kh\u00e1m ph\u00e1 ng\u00f4n ng\u1eef v\u00e0 say m\u00ea \u0111\u1ebfn v\u1edbi th\u1ebf gi\u1edbi c\u1ee7a nh\u1eefng quy\u1ec3n s\u00e1ch. M\u1ed9t th\u1ebf h\u1ec7 ng\u01b0\u1eddi l\u00e0m s\u00e1ch tr\u1ebb, \u0111am m\u00ea mang nh\u1eefng gi\u00e1 tr\u1ecb tinh th\u1ea7n l\u1ea1i g\u1ea7n ng\u01b0\u1eddi \u0111\u1ecdc.<br \/>Trong b\u1ed9 nh\u1eadn d\u1ea1ng th\u01b0\u01a1ng hi\u1ec7u:<br \/>Skybooks v\u1edbi ch\u1eef Sky m\u00e0u xanh da tr\u1eddi c\u00f3 \u00fd ngh\u0129a l\u00e0 c\u00f4ng ty B\u1ea7u Tr\u1eddi - n\u01a1i t\u1ea5t c\u1ea3 \u01b0\u1edbc m\u01a1 \u0111\u01b0\u1ee3c t\u1ef1 do tung c\u00e1nh.<br \/>V\u1edbi logo h\u00ecnh hoa b\u1ed3 c\u00f4ng anh \u0111ang bay t\u01b0\u1ee3ng tr\u01b0ng cho s\u1ef1 lan to\u1ea3 c\u1ea3m x\u00fac v\u00e0 kh\u00e1t v\u1ecdng bay cao.<br \/>K\u1ebb v\u1ea1ch logo c\u00f3 n\u1ec1n m\u00e0u ghi x\u00e1m xu\u1ea5t hi\u1ec7n tr\u00ean b\u00eca m\u1ecdi \u1ea5n ph\u1ea9m th\u1ec3 hi\u1ec7n con \u0111\u01b0\u1eddng b\u01b0\u1edbc v\u00e0o th\u1ecb tr\u01b0\u1eddng s\u00e1ch v\u00e0 chinh ph\u1ee5c \u0111\u1ed9c gi\u1ea3 l\u00e0 m\u1ed9t h\u00e0nh tr\u00ecnh d\u00e0i, \u0111\u1ea7y gian kh\u00f3, c\u00f3 nhi\u1ec1u b\u00e3o t\u1ed1, nh\u01b0ng ch\u1ec9 c\u1ea7n n\u1ed7 l\u1ef1c c\u1ed1 g\u1eafng nh\u1ea5t \u0111\u1ecbnh s\u1ebd ngo\u1ea1n m\u1ee5c v\u01b0\u1ee3t qua. \u0110\u1ec3 kh\u1eb3ng \u0111\u1ecbnh v\u00e0 ch\u1ee9ng minh ch\u00ednh m\u00ecnh!<\/p>\n\n[\/col]\n[col span=\"5\" span__sm=\"12\"]\n\n[ux_image id=\"1825\" image_size=\"medium\"]\n\n\n[\/col]\n\n[\/row]\n\n<!-- \/wp:flatsome\/uxbuilder -->","post_title":"Skybooks","post_excerpt":"","post_status":"publish","comment_status":"closed","ping_status":"closed","post_password":"","post_name":"skybooks","to_ping":"","pinged":"","post_modified":"2021-02-17 01:57:31","post_modified_gmt":"2021-02-16 23:57:31","post_content_filtered":"","post_parent":0,"guid":"https:\/\/sachviet.eu\/nha-phat-hanh\/skybooks\/","menu_order":0,"post_type":"publisher","post_mime_type":"","comment_count":"0","filter":"raw"}},"_links":{"self":[{"href":"https:\/\/sachviet.eu\/en\/wp-json\/wp\/v2\/product\/11009","targetHints":{"allow":["GET"]}}],"collection":[{"href":"https:\/\/sachviet.eu\/en\/wp-json\/wp\/v2\/product"}],"about":[{"href":"https:\/\/sachviet.eu\/en\/wp-json\/wp\/v2\/types\/product"}],"wp:featuredmedia":[{"embeddable":true,"href":"https:\/\/sachviet.eu\/en\/wp-json\/wp\/v2\/media\/11006"}],"wp:attachment":[{"href":"https:\/\/sachviet.eu\/en\/wp-json\/wp\/v2\/media?parent=11009"}],"wp:term":[{"taxonomy":"product_brand","embeddable":true,"href":"https:\/\/sachviet.eu\/en\/wp-json\/wp\/v2\/product_brand?post=11009"},{"taxonomy":"product_cat","embeddable":true,"href":"https:\/\/sachviet.eu\/en\/wp-json\/wp\/v2\/product_cat?post=11009"},{"taxonomy":"product_tag","embeddable":true,"href":"https:\/\/sachviet.eu\/en\/wp-json\/wp\/v2\/product_tag?post=11009"}],"curies":[{"name":"wp","href":"https:\/\/api.w.org\/{rel}","templated":true}]}}