{"id":11005,"date":"2021-06-03T01:14:50","date_gmt":"2021-06-02T22:14:50","guid":{"rendered":"https:\/\/sachviet.eu\/shop\/chu-tho-nhung\/"},"modified":"2025-04-24T12:28:53","modified_gmt":"2025-04-24T09:28:53","slug":"chu-tho-nhung","status":"publish","type":"product","link":"https:\/\/sachviet.eu\/en\/shop\/chu-tho-nhung\/","title":{"rendered":"Ch\u00fa Th\u1ecf Nhung"},"content":{"rendered":"<p>Ch\u00fa Th\u1ecf Nhung l\u00e0 m\u1ed9t m\u00f3n qu\u00e0 Gi\u00e1ng sinh sang tr\u1ecdng v\u00e0 \u0111\u1eb9p l\u1ed7ng l\u1eaby. Th\u1ecf Nhung \u0111\u01b0\u1ee3c ch\u00fa b\u00e9 y\u00eau qu\u00fd v\u00e0 qu\u1ea5n qu\u00fdt ch\u01a1i c\u00f9ng trong su\u1ed1t 2 gi\u1edd \u0111\u1ed3ng h\u1ed3 khi m\u1edbi g\u1eb7p m\u1eb7t. Th\u1ebf nh\u01b0ng s\u1ef1 xu\u1ea5t hi\u1ec7n c\u1ee7a nh\u1eefng m\u00f3n qu\u00e0 kh\u00e1c h\u1ea5p d\u1eabn h\u01a1n \u0111\u00e3 khi\u1ebfn c\u1eadu b\u1ecf r\u01a1i Th\u1ecf Nhung. T\u1eeb \u0111\u00f3, Th\u1ecf Nhung b\u1ecb l\u00e3ng qu\u00ean v\u00e0 s\u1ed1ng \u0111\u1ea7y t\u1ef1 ti gi\u1eefa nh\u1eefng m\u00f3n \u0111\u1ed3 hi\u1ec7n \u0111\u1ea1i v\u00e0 m\u1edbi m\u1ebb kh\u00e1c trong ph\u00f2ng \u0111\u1ed3 ch\u01a1i. <\/p>\n<p>Ch\u00fa Th\u1ecf Nhung khao kh\u00e1t mong \u0111\u01b0\u1ee3c tr\u1edf th\u00e0nh TH\u1eacT, gi\u1ed1ng nh\u01b0 b\u00e1c Ng\u1ef1a Da l\u1edbn tu\u1ed5i th\u00f4ng th\u00e1i \u1edf ph\u00f2ng \u0111\u1ed3 ch\u01a1i. Nh\u01b0ng \u201ctr\u1edf th\u00e0nh TH\u1eacT\u201d kh\u00f4ng ph\u1ea3i l\u00e0 \u0111i\u1ec1u s\u1eb5n c\u00f3 ngay khi ta sinh ra, n\u00f3 l\u00e0 \u0111i\u1ec1u k\u1ef3 di\u1ec7u s\u1ebd x\u1ea3y \u0111\u1ebfn v\u00e0o l\u00fac ta kh\u00f4ng bi\u1ebft tr\u01b0\u1edbc. V\u00e0o m\u1ed9t ng\u00e0y kia, Th\u1ecf Nhung b\u1ea5t ng\u1edd \u0111\u01b0\u1ee3c c\u1eadu b\u00e9 \u00f4m \u1ea5p v\u00e0 tr\u1edf th\u00e0nh m\u1ed9t ng\u01b0\u1eddi b\u1ea1n kh\u00f4ng th\u1ec3 thay th\u1ebf c\u1ee7a c\u1eadu. V\u00e0 r\u1ed3i nh\u1eefng th\u00e1ng ng\u00e0y h\u1ea1nh ph\u00fac c\u1ee7a Th\u1ecf Nhung v\u00e0 c\u1eadu b\u00e9 c\u1ee9 th\u1ebf tr\u00f4i qua \u0111\u1ea7y tuy\u1ec7t di\u1ec7u. Cu\u1ed1i c\u00f9ng li\u1ec7u Th\u1ecf Nhung c\u00f3 tr\u1edf th\u00e0nh TH\u1eacT hay kh\u00f4ng? T\u00ecnh b\u1ea1n c\u1ee7a c\u1ea3 hai s\u1ebd c\u00f3 k\u1ebft c\u1ee5c nh\u01b0 th\u1ebf n\u00e0o? C\u00e1c b\u1ea1n nh\u1ecf h\u00e3y kh\u00e1m ph\u00e1 trong c\u00e2u chuy\u1ec7n \u201cCh\u00fa Th\u1ecf Nhung\u201d nh\u00e9. <\/p>\n<p>\u0110\u01b0\u1ee3c xu\u1ea5t b\u1ea3n l\u1ea7n \u0111\u1ea7u ti\u00ean v\u00e0o n\u0103m 1922, t\u00e1c ph\u1ea9m kinh \u0111i\u1ec3n n\u00e0y c\u1ee7a Margery Williams v\u1edbi ph\u1ea7n minh h\u1ecda m\u1edbi tuy\u1ec7t \u0111\u1eb9p v\u00e0 n\u1ed9i dung tr\u1ecdn v\u1eb9n so v\u1edbi nguy\u00ean t\u00e1c, v\u1eabn lu\u00f4n chi\u1ebfm tr\u1ecdn tr\u00e1i tim c\u1ee7a nh\u1eefng ai tin v\u00e0o s\u1ee9c m\u1ea1nh c\u1ee7a t\u00ecnh y\u00eau. <\/p>\n<p>GI\u1edaI THI\u1ec6U T\u00c1C GI\u1ea2 <\/p>\n<p>T\u00e1c gi\u1ea3 Margery Williams sinh n\u0103m 1881 t\u1ea1i London. Gia \u0111\u00ecnh chuy\u1ec3n t\u1edbi M\u1ef9 sinh s\u1ed1ng v\u00e0o n\u0103m b\u00e0 l\u00ean 9 tu\u1ed5i v\u00e0 t\u1eeb \u0111\u00f3 b\u00e0 s\u1ed1ng \u1edf c\u1ea3 hai n\u01a1i. B\u00e0 \u0111\u00e3 vi\u1ebft nhi\u1ec1u truy\u1ec7n ng\u1eafn cho c\u1ea3 ng\u01b0\u1eddi l\u1edbn v\u00e0 tr\u1ebb em, trong \u0111\u00f3 c\u00e2u chuy\u1ec7n Ch\u00fa Th\u1ecf Nhung, \u0111\u01b0\u1ee3c xu\u1ea5t b\u1ea3n l\u1ea7n \u0111\u1ea7u v\u00e0o n\u0103m 1922, \u0111\u1ea1t \u0111\u01b0\u1ee3c th\u00e0nh c\u00f4ng vang d\u1ed9i v\u00e0 tr\u1edf th\u00e0nh t\u00e1c ph\u1ea9m kinh \u0111i\u1ec3n nh\u1ea5t c\u1ee7a b\u00e0. B\u00e0 qua \u0111\u1eddi n\u0103m 1944 t\u1ea1i M\u1ef9 <\/p>\n<p>H\u1ecda s\u0129 minh h\u1ecda Sarah Massini sinh ra trong m\u1ed9t gia \u0111\u00ecnh \u0111a v\u0103n h\u00f3a v\u00e0 \u0111\u00e3 d\u00e0nh c\u1ea3 tu\u1ed5i th\u01a1 \u0111\u1ec3 \u0111i kh\u1eafp n\u0103m ch\u00e2u. Theo h\u1ecdc Thi\u1ebft k\u1ebf \u0110\u1ed3 h\u1ecda t\u1ea1i Manchester v\u00e0 t\u1eeb \u0111\u00f3 v\u1eabn kh\u00f4ng c\u00f3 ni\u1ec1m \u0111am m\u00ea n\u00e0o kh\u00e1c ngo\u00e0i vi\u1ec7c v\u1ebd, b\u00e0 c\u00f3 m\u1ed9t s\u1ef1 nghi\u1ec7p phong ph\u00fa v\u00e0 th\u00e0nh c\u00f4ng, d\u00f9 l\u00e0 ng\u01b0\u1eddi thi\u1ebft k\u1ebf nh\u1eadn di\u1ec7n th\u01b0\u01a1ng hi\u1ec7u hay h\u1ecda s\u0129 minh h\u1ecda. Hi\u1ec7n b\u00e0 \u0111ang s\u1ed1ng t\u1ea1i East Sussex c\u00f9ng ch\u1ed3ng v\u00e0 con trai. <\/p>\n","protected":false},"excerpt":{"rendered":"<p>Ch\u00fa Th\u1ecf Nhung l\u00e0 m\u1ed9t m\u00f3n qu\u00e0 Gi\u00e1ng sinh sang tr\u1ecdng v\u00e0 \u0111\u1eb9p l\u1ed7ng l\u1eaby. Th\u1ecf Nhung \u0111\u01b0\u1ee3c ch\u00fa b\u00e9 y\u00eau qu\u00fd v\u00e0 qu\u1ea5n qu\u00fdt ch\u01a1i c\u00f9ng trong su\u1ed1t 2 gi\u1edd \u0111\u1ed3ng h\u1ed3 khi m\u1edbi g\u1eb7p m\u1eb7t. Th\u1ebf nh\u01b0ng s\u1ef1 xu\u1ea5t hi\u1ec7n c\u1ee7a nh\u1eefng m\u00f3n qu\u00e0 kh\u00e1c h\u1ea5p d\u1eabn h\u01a1n \u0111\u00e3 khi\u1ebfn c\u1eadu b\u1ecf r\u01a1i Th\u1ecf Nhung. T\u1eeb \u0111\u00f3, Th\u1ecf Nhung b\u1ecb l\u00e3ng qu\u00ean v\u00e0 s\u1ed1ng \u0111\u1ea7y t\u1ef1 ti gi\u1eefa nh\u1eefng m\u00f3n \u0111\u1ed3 hi\u1ec7n \u0111\u1ea1i v\u00e0 m\u1edbi m\u1ebb kh\u00e1c trong ph\u00f2ng \u0111\u1ed3 ch\u01a1i. <\/p>\n<p>Ch\u00fa Th\u1ecf Nhung khao kh\u00e1t mong \u0111\u01b0\u1ee3c tr\u1edf th\u00e0nh TH\u1eacT, gi\u1ed1ng nh\u01b0 b\u00e1c Ng\u1ef1a Da l\u1edbn tu\u1ed5i th\u00f4ng th\u00e1i \u1edf ph\u00f2ng \u0111\u1ed3 ch\u01a1i. Nh\u01b0ng \u201ctr\u1edf th\u00e0nh TH\u1eacT\u201d kh\u00f4ng ph\u1ea3i l\u00e0 \u0111i\u1ec1u s\u1eb5n c\u00f3 ngay khi ta sinh ra, n\u00f3 l\u00e0 \u0111i\u1ec1u k\u1ef3 di\u1ec7u s\u1ebd x\u1ea3y \u0111\u1ebfn v\u00e0o l\u00fac ta kh\u00f4ng bi\u1ebft tr\u01b0\u1edbc. V\u00e0o m\u1ed9t ng\u00e0y kia, Th\u1ecf Nhung b\u1ea5t ng\u1edd \u0111\u01b0\u1ee3c c\u1eadu b\u00e9 \u00f4m \u1ea5p v\u00e0 tr\u1edf th\u00e0nh m\u1ed9t ng\u01b0\u1eddi b\u1ea1n kh\u00f4ng th\u1ec3 thay th\u1ebf c\u1ee7a c\u1eadu. V\u00e0 r\u1ed3i nh\u1eefng th\u00e1ng ng\u00e0y h\u1ea1nh ph\u00fac c\u1ee7a Th\u1ecf Nhung v\u00e0 c\u1eadu b\u00e9 c\u1ee9 th\u1ebf tr\u00f4i qua \u0111\u1ea7y tuy\u1ec7t di\u1ec7u. Cu\u1ed1i c\u00f9ng li\u1ec7u Th\u1ecf Nhung c\u00f3 tr\u1edf th\u00e0nh TH\u1eacT hay kh\u00f4ng? T\u00ecnh b\u1ea1n c\u1ee7a c\u1ea3 hai s\u1ebd c\u00f3 k\u1ebft c\u1ee5c nh\u01b0 th\u1ebf n\u00e0o? C\u00e1c b\u1ea1n nh\u1ecf h\u00e3y kh\u00e1m ph\u00e1 trong c\u00e2u chuy\u1ec7n \u201cCh\u00fa Th\u1ecf Nhung\u201d nh\u00e9. <\/p>\n<p>\u0110\u01b0\u1ee3c xu\u1ea5t b\u1ea3n l\u1ea7n \u0111\u1ea7u ti\u00ean v\u00e0o n\u0103m 1922, t\u00e1c ph\u1ea9m kinh \u0111i\u1ec3n n\u00e0y c\u1ee7a Margery Williams v\u1edbi ph\u1ea7n minh h\u1ecda m\u1edbi tuy\u1ec7t \u0111\u1eb9p v\u00e0 n\u1ed9i dung tr\u1ecdn v\u1eb9n so v\u1edbi nguy\u00ean t\u00e1c, v\u1eabn lu\u00f4n chi\u1ebfm tr\u1ecdn tr\u00e1i tim c\u1ee7a nh\u1eefng ai tin v\u00e0o s\u1ee9c m\u1ea1nh c\u1ee7a t\u00ecnh y\u00eau.<\/p>\n","protected":false},"featured_media":10999,"template":"","meta":{"_acf_changed":false},"product_brand":[],"product_cat":[25,17],"product_tag":[],"class_list":{"0":"post-11005","1":"product","2":"type-product","3":"status-publish","4":"has-post-thumbnail","6":"product_cat-nhi-dong-6-tuoi-12-tuoi","7":"product_cat-sach-danh-cho-cac-be","9":"first","10":"outofstock","11":"taxable","12":"shipping-taxable","13":"purchasable","14":"product-type-simple"},"supplier_id":null,"supplier_sku":"","barcode":null,"atum_controlled":true,"out_stock_date":"2025-04-24 09:28:53","out_stock_threshold":null,"inheritable":false,"inbound_stock":0,"stock_on_hold":0,"sold_today":0,"sales_last_days":0,"reserved_stock":0,"customer_returns":0,"warehouse_damage":0,"lost_in_post":0,"other_logs":0,"out_stock_days":279,"lost_sales":0,"has_location":false,"update_date":"2026-01-28T23:11:28","atum_locations":[],"atum_stock_status":"outofstock","restock_status":false,"low_stock_amount":"","sales_update_date":"2026-01-28T23:11:28","calc_backorders":null,"acf":{"publisher":{"ID":1453,"post_author":"1","post_date":"2021-02-17 01:11:32","post_date_gmt":"2021-02-16 23:11:32","post_content":"<!-- wp:flatsome\/uxbuilder -->\n<h1 style=\"text-align: center;\"><strong>Qu\u1ea3ng V\u0103n<\/strong><\/h1>\n[row]\n\n[col span=\"6\" span__sm=\"12\"]\n\n[ux_image id=\"1552\" image_size=\"medium\"]\n\n\n[\/col]\n[col span=\"6\" span__sm=\"12\"]\n\n<p><strong>Quangvanbooks<\/strong><br \/>Qu\u1ea3ng V\u0103n l\u00e0 t\u1ed5 h\u1ee3p xu\u1ea5t b\u1ea3n, gi\u00e1o d\u1ee5c v\u00e0 nh\u01b0\u1ee3ng quy\u1ec1n h\u00e0ng \u0111\u1ea7u trong ng\u00e0nh c\u00f4ng nghi\u1ec7p s\u00e1ng t\u1ea1o v\u1edbi c\u00e1c th\u01b0\u01a1ng hi\u1ec7u nh\u00e1nh:<\/p>\n<p>Quangvanbooks - Th\u01b0\u01a1ng hi\u1ec7u s\u00e1ch v\u0103n h\u00f3a gi\u00e1o d\u1ee5c v\u00e0 v\u0103n h\u00f3a gi\u1ea3i tr\u00ed<br \/>Ehomebooks - Th\u01b0\u01a1ng hi\u1ec7u s\u00e1ch gi\u00e1o d\u1ee5c gia \u0111\u00ecnh<br \/>Sakurabooks - Th\u01b0\u01a1ng hi\u1ec7u s\u00e1ch Nh\u1eadt B\u1ea3n<br \/>IPERbooks - Th\u01b0\u01a1ng hi\u1ec7u s\u00e1ch gi\u00e1o d\u1ee5c nh\u00e0 tr\u01b0\u1eddng<br \/>IPER - Vi\u1ec7n nghi\u00ean c\u1ee9u xu\u1ea5t b\u1ea3n v\u00e0 gi\u00e1o d\u1ee5c IPER<\/p>\n<p><strong>T\u1ea7m nh\u00ecn<\/strong><br \/>Tr\u1edf th\u00e0nh th\u01b0\u01a1ng hi\u1ec7u s\u00e1ch v\u0103n h\u00f3a gi\u00e1o d\u1ee5c v\u00e0 v\u0103n h\u00f3a gi\u1ea3i tr\u00ed t\u1ed1t nh\u1ea5t v\u00e0 \u0111a d\u1ea1ng nh\u1ea5t Vi\u1ec7t Nam.<\/p>\n<p><br \/><strong>S\u1ee9 m\u1ec7nh<\/strong><br \/>Mang \u0111\u1ebfn nh\u1eefng cu\u1ed1n s\u00e1ch v\u0103n h\u00f3a gi\u00e1o d\u1ee5c v\u00e0 v\u0103n h\u00f3a gi\u1ea3i tr\u00ed \u0111\u1ebfn v\u1edbi \u0111\u1ed9c gi\u1ea3 Vi\u1ec7t Nam v\u00e0 th\u1ebf gi\u1edbi nh\u1eb1m gi\u00fap \u0111\u1ed9c gi\u1ea3 ph\u00e1t tri\u1ec3n b\u1ea3n th\u00e2n, gi\u00e1o d\u1ee5c, gi\u1ea3i tr\u00ed v\u00e0 khai s\u00e1ng nh\u1eb1m x\u00e2y d\u1ef1ng x\u00e3 h\u1ed9i th\u1ecbnh v\u01b0\u1ee3ng, h\u1ea1nh ph\u00fac.<\/p>\n<p><strong>Gi\u00e1 tr\u1ecb c\u1ed1t l\u00f5i<\/strong><\/p>\n<p>S\u00e1ng t\u1ea1o - Linh ho\u1ea1t - H\u1ee3p t\u00e1c - Ch\u00ednh tr\u1ef1c - Nhi\u1ec7t huy\u1ebft - C\u00e2n b\u1eb1ng - H\u1ea1nh ph\u00fac<\/p>\n\n[\/col]\n\n[\/row]\n\n<!-- \/wp:flatsome\/uxbuilder -->","post_title":"Qu\u1ea3ng V\u0103n","post_excerpt":"","post_status":"publish","comment_status":"closed","ping_status":"closed","post_password":"","post_name":"quang-van","to_ping":"","pinged":"","post_modified":"2021-02-17 01:26:44","post_modified_gmt":"2021-02-16 23:26:44","post_content_filtered":"","post_parent":0,"guid":"https:\/\/sachviet.eu\/nha-phat-hanh\/quang-van\/","menu_order":0,"post_type":"publisher","post_mime_type":"","comment_count":"0","filter":"raw"}},"_links":{"self":[{"href":"https:\/\/sachviet.eu\/en\/wp-json\/wp\/v2\/product\/11005","targetHints":{"allow":["GET"]}}],"collection":[{"href":"https:\/\/sachviet.eu\/en\/wp-json\/wp\/v2\/product"}],"about":[{"href":"https:\/\/sachviet.eu\/en\/wp-json\/wp\/v2\/types\/product"}],"wp:featuredmedia":[{"embeddable":true,"href":"https:\/\/sachviet.eu\/en\/wp-json\/wp\/v2\/media\/10999"}],"wp:attachment":[{"href":"https:\/\/sachviet.eu\/en\/wp-json\/wp\/v2\/media?parent=11005"}],"wp:term":[{"taxonomy":"product_brand","embeddable":true,"href":"https:\/\/sachviet.eu\/en\/wp-json\/wp\/v2\/product_brand?post=11005"},{"taxonomy":"product_cat","embeddable":true,"href":"https:\/\/sachviet.eu\/en\/wp-json\/wp\/v2\/product_cat?post=11005"},{"taxonomy":"product_tag","embeddable":true,"href":"https:\/\/sachviet.eu\/en\/wp-json\/wp\/v2\/product_tag?post=11005"}],"curies":[{"name":"wp","href":"https:\/\/api.w.org\/{rel}","templated":true}]}}