{"id":10998,"date":"2021-06-03T01:14:28","date_gmt":"2021-06-02T22:14:28","guid":{"rendered":"https:\/\/sachviet.eu\/shop\/doi-la-nhung-niem-vui-be-nho\/"},"modified":"2023-03-17T23:21:13","modified_gmt":"2023-03-17T21:21:13","slug":"doi-la-nhung-niem-vui-be-nho","status":"publish","type":"product","link":"https:\/\/sachviet.eu\/en\/shop\/doi-la-nhung-niem-vui-be-nho\/","title":{"rendered":"\u0110\u1eddi L\u00e0 Nh\u1eefng Ni\u1ec1m Vui B\u00e9 Nh\u1ecf"},"content":{"rendered":"<p>T\u00e1c ph\u1ea9m d\u1ecbu d\u00e0ng v\u00e0 \u1ea5m \u00e1p n\u00e0y gi\u00fap ch\u00fang ta t\u00ecm th\u1ea5y nh\u1eefng th\u1ee9 t\u1ed1t \u0111\u1eb9p b\u1edfi qu\u00e1 nh\u1ecf b\u00e9 n\u00ean b\u1ecb b\u1ecf qu\u00ean, ph\u00e1t hi\u1ec7n nh\u1eefng chuy\u1ec7n phi th\u01b0\u1eddng t\u1eeb trong s\u1ef1 b\u00ecnh th\u01b0\u1eddng, nh\u1edd \u0111\u00f3 s\u1ed1ng vui v\u1ebb l\u1ea1c quan h\u01a1n. N\u00f3 ghi l\u1ea1i nh\u1eefng tr\u0103n tr\u1edf, bi hoan, ph\u1ea5n \u0111\u1ea5u, tr\u01b0\u1edfng th\u00e0nh trong s\u1ef1 nghi\u1ec7p v\u00e0 t\u00ecnh y\u00eau kh\u00f4ng ch\u1ec9 c\u1ee7a t\u00e1c gi\u1ea3, m\u00e0 c\u00f2n c\u1ee7a bi\u1ebft bao ng\u01b0\u1eddi tr\u1ebb tu\u1ed5i c\u00f3 l\u00fd t\u01b0\u1edfng.<\/p>\n<p>Cu\u1ed1n s\u00e1ch mang \u0111\u1ebfn th\u00f4ng \u0111i\u1ec7p: Cu\u1ed9c s\u1ed1ng kh\u00f4ng ph\u1ea3i ch\u1ec9 c\u00f3 m\u00e0u t\u1ed1i v\u00e0 v\u1ecb \u0111\u1eafng, nhi\u1ec1u \u0111i\u1ec1u t\u01b0\u01a1i s\u00e1ng ng\u1ecdt ng\u00e0o v\u1eabn lu\u00f4n \u1edf r\u1ea5t g\u1ea7n ch\u00fang ta; ni\u1ec1m hy v\u1ecdng m\u00e3i m\u00e3i \u0111\u1ed3ng h\u00e0nh c\u00f9ng nh\u1eefng ng\u01b0\u1eddi \u0111ang d\u1ed1c s\u1ee9c x\u00f4ng pha v\u00ec m\u01a1 \u01b0\u1edbc, ch\u00e1y b\u1ecfng h\u1ebft m\u00ecnh cho thanh xu\u00e2n!<\/p>\n<p>Khi ch\u00fang ta n\u1ed7 l\u1ef1c tr\u01b0\u1edfng th\u00e0nh, cu\u1ed9c \u0111\u1eddi c\u00f3 l\u00fac n\u00e0o, n\u01a1i n\u00e0o m\u00e0 kh\u00f4ng \u0111ong \u0111\u1ea7y h\u1ea1nh ph\u00fac?<\/p>\n<p>T\u00e1c gi\u1ea3<br \/>\nH\u1ea1 D\u1eef Ch\u00ed<br \/>\nT\u00e1c gi\u1ea3 nhi\u1ec1u b\u00e0i vi\u1ebft \u0111\u01b0\u1ee3c chia s\u1ebb r\u1ed9ng r\u00e3i tr\u00ean m\u1ea1ng x\u00e3 h\u1ed9i \u1edf Trung Qu\u1ed1c, t\u1eebng tham gia bi\u00ean so\u1ea1n chuy\u00ean m\u1ee5c \u201cNg\u00e0y ng\u1eabm \u0111\u00eam \u0111\u1ecdc\u201d c\u1ee7a Nh\u1eadt b\u00e1o Nh\u00e2n d\u00e2n.<\/p>\n<p>Tr\u00edch d\u1eabn<br \/>\nT\u00f4i v\u1eabn th\u01b0\u1eddng t\u1ef1 nh\u1ee7: \u0110\u1eebng s\u1ee3 h\u00e3i kh\u1ed1n c\u1ea3nh tr\u01b0\u1edbc m\u1eaft, c\u0169ng \u0111\u1eebng \u0111\u1ec3 \u0111au kh\u1ed5 b\u1ee7a v\u00e2y, ph\u1ea3i tho\u1ea3i m\u00e1i tinh th\u1ea7n, coi th\u01b0\u1eddng kh\u00f3 kh\u0103n, ti\u1ebfn b\u01b0\u1edbc v\u1edbi t\u00e2m th\u00e1i t\u00edch c\u1ef1c, kh\u1eafc ghi nh\u1eefng ni\u1ec1m vui b\u00e9 nh\u1ecf trong cu\u1ed9c s\u1ed1ng.<\/p>\n<p>Ch\u1eb3ng h\u1ea1n nh\u01b0 ra ngo\u00e0i \u0111\u00fang l\u00fac g\u1eb7p \u0111\u01b0\u1ee3c xe bu\u00fdt; \u0103n \u0111\u01b0\u1ee3c m\u00f3n m\u00ecnh th\u00edch; mua \u0111\u01b0\u1ee3c mi\u1ebfng b\u00e1nh kem cu\u1ed1i c\u00f9ng trong c\u1eeda h\u00e0ng ti\u1ec7n l\u1ee3i; xem m\u1ed9t b\u1ed9 phim hay v\u1edbi b\u1ea1n b\u00e8; \u0111i du l\u1ecbch m\u1ed9t m\u00ecnh th\u1eadt t\u1ef1 do tho\u1ea3i m\u00e1i trong k\u1ef3 ngh\u1ec9 d\u00e0i; mua m\u1ed9t h\u1ed9p \u00f4 mai m\u01b0\u1eddi t\u1ec7; nh\u00e0n nh\u00e3 \u0111\u1ecdc m\u1ed9t cu\u1ed1n s\u00e1ch hay m\u00e0 m\u00ecnh c\u00f3 h\u1ee9ng th\u00fa v\u00e0o m\u1ed9t bu\u1ed5i chi\u1ec1u m\u00e1t m\u1ebb\u2026<\/p>\n<p>Nh\u1eefng \u0111i\u1ec1u \u1ea5y c\u0169ng nh\u01b0 nh\u1eefng ng\u00f4i sao l\u1ea5p l\u00e1nh &#8211; nh\u1ecf b\u00e9 nh\u01b0ng tuy\u1ec7t \u0111\u1eb9p. H\u00e3y g\u00f3i gh\u00e9m ch\u00fang c\u1ea5t v\u00e0o trong tim, v\u1eady th\u00ec v\u1ec1 sau g\u1eb7p l\u00fac kh\u1ed5 s\u1edf, m\u1ec7t m\u1ecfi, b\u1ea1n c\u0169ng c\u00f3 th\u1ec3 l\u1ea5y ra \u0111\u1ec3 t\u1ef1 \u0111\u1ed9ng vi\u00ean m\u00ecnh.<\/p>\n","protected":false},"excerpt":{"rendered":"<p>T\u00e1c ph\u1ea9m d\u1ecbu d\u00e0ng v\u00e0 \u1ea5m \u00e1p n\u00e0y gi\u00fap ch\u00fang ta t\u00ecm th\u1ea5y nh\u1eefng th\u1ee9 t\u1ed1t \u0111\u1eb9p b\u1edfi qu\u00e1 nh\u1ecf b\u00e9 n\u00ean b\u1ecb b\u1ecf qu\u00ean, ph\u00e1t hi\u1ec7n nh\u1eefng chuy\u1ec7n phi th\u01b0\u1eddng t\u1eeb trong s\u1ef1 b\u00ecnh th\u01b0\u1eddng, nh\u1edd \u0111\u00f3 s\u1ed1ng vui v\u1ebb l\u1ea1c quan h\u01a1n. N\u00f3 ghi l\u1ea1i nh\u1eefng tr\u0103n tr\u1edf, bi hoan, ph\u1ea5n \u0111\u1ea5u, tr\u01b0\u1edfng th\u00e0nh trong s\u1ef1 nghi\u1ec7p v\u00e0 t\u00ecnh y\u00eau kh\u00f4ng ch\u1ec9 c\u1ee7a t\u00e1c gi\u1ea3, m\u00e0 c\u00f2n c\u1ee7a bi\u1ebft bao ng\u01b0\u1eddi tr\u1ebb tu\u1ed5i c\u00f3 l\u00fd t\u01b0\u1edfng.<\/p>\n<p>Cu\u1ed1n s\u00e1ch mang \u0111\u1ebfn th\u00f4ng \u0111i\u1ec7p: Cu\u1ed9c s\u1ed1ng kh\u00f4ng ph\u1ea3i ch\u1ec9 c\u00f3 m\u00e0u t\u1ed1i v\u00e0 v\u1ecb \u0111\u1eafng, nhi\u1ec1u \u0111i\u1ec1u t\u01b0\u01a1i s\u00e1ng ng\u1ecdt ng\u00e0o v\u1eabn lu\u00f4n \u1edf r\u1ea5t g\u1ea7n ch\u00fang ta; ni\u1ec1m hy v\u1ecdng m\u00e3i m\u00e3i \u0111\u1ed3ng h\u00e0nh c\u00f9ng nh\u1eefng ng\u01b0\u1eddi \u0111ang d\u1ed1c s\u1ee9c x\u00f4ng pha v\u00ec m\u01a1 \u01b0\u1edbc, ch\u00e1y b\u1ecfng h\u1ebft m\u00ecnh cho thanh xu\u00e2n!<\/p>\n<p>Khi ch\u00fang ta n\u1ed7 l\u1ef1c tr\u01b0\u1edfng th\u00e0nh, cu\u1ed9c \u0111\u1eddi c\u00f3 l\u00fac n\u00e0o, n\u01a1i n\u00e0o m\u00e0 kh\u00f4ng \u0111ong \u0111\u1ea7y h\u1ea1nh ph\u00fac?<\/p>\n","protected":false},"featured_media":10997,"template":"","meta":{"_acf_changed":false},"product_brand":[],"product_cat":[15,46],"product_tag":[],"class_list":{"0":"post-10998","1":"product","2":"type-product","3":"status-publish","4":"has-post-thumbnail","6":"product_cat-sach-danh-cho-nguoi-lon","7":"product_cat-ky-nang-song","9":"first","10":"outofstock","11":"taxable","12":"shipping-taxable","13":"purchasable","14":"product-type-simple"},"supplier_id":null,"supplier_sku":"","barcode":null,"atum_controlled":true,"out_stock_date":"2023-03-17 21:21:13","out_stock_threshold":null,"inheritable":false,"inbound_stock":2,"stock_on_hold":0,"sold_today":0,"sales_last_days":0,"reserved_stock":0,"customer_returns":0,"warehouse_damage":0,"lost_in_post":0,"other_logs":0,"out_stock_days":1048,"lost_sales":0,"has_location":false,"update_date":"2026-01-28T23:10:48","atum_locations":[],"atum_stock_status":"outofstock","restock_status":false,"low_stock_amount":"","sales_update_date":"2026-01-28T23:10:48","calc_backorders":null,"acf":{"publisher":{"ID":1424,"post_author":"1","post_date":"2021-02-17 00:02:29","post_date_gmt":"2021-02-16 22:02:29","post_content":"<!-- wp:flatsome\/uxbuilder -->\n<h1 style=\"text-align: center\"><strong>Nh\u00e3 Nam<\/strong><\/h1>\n[row]\n\n[col span=\"6\" span__sm=\"12\"]\n\n[ux_image id=\"1438\" image_size=\"medium\"]\n\n\n[\/col]\n[col span=\"6\" span__sm=\"12\"]\n\n<p><strong>C\u00f4ng ty c\u1ed5 ph\u1ea7n V\u0103n h\u00f3a v\u00e0 Truy\u1ec1n th\u00f4ng Nh\u00e3 Nam<\/strong><\/p>\n<p>Th\u00e1ng 2 n\u0103m 2005, Nh\u00e3 Nam, t\u00ean \u0111\u1ea7y \u0111\u1ee7 l\u00e0 C\u00f4ng ty C\u1ed5 ph\u1ea7n V\u0103n h\u00f3a v\u00e0 Truy\u1ec1n th\u00f4ng Nh\u00e3 Nam \u0111\u00e3 gia nh\u1eadp th\u1ecb tr\u01b0\u1eddng s\u00e1ch. T\u00e1c ph\u1ea9m \"Balzac v\u00e0 c\u00f4 b\u00e9 th\u1ee3 may Trung hoa\" c\u1ee7a \u0110\u1edbi T\u01b0 Ki\u1ec7t l\u00e0 cu\u1ed1n s\u00e1ch \u0111\u1ea7u ti\u00ean \u0111\u01b0\u1ee3c nh\u1eefng ng\u01b0\u1eddi s\u00e1ng l\u1eadp Nh\u00e3 Nam xu\u1ea5t b\u1ea3n c\u1ea3 tr\u01b0\u1edbc khi c\u00f4ng ty ra \u0111\u1eddi. Ngay l\u1eadp t\u1ee9c t\u1eeb cu\u1ed1n s\u00e1ch \u0111\u1ea7u ti\u00ean, \u0111\u1ed9c gi\u1ea3 \u0111\u00e3 d\u00e0nh s\u1ef1 quan t\u00e2m v\u00e0 y\u00eau m\u1ebfn cho m\u1ed9t th\u01b0\u01a1ng hi\u1ec7u s\u00e1ch m\u1edbi m\u1ebb mang trong m\u00ecnh kh\u00e1t v\u1ecdng g\u00f3p ph\u1ea7n t\u1ea1o l\u1eadp di\u1ec7n m\u1ea1o m\u1edbi cho xu\u1ea5t b\u1ea3n v\u0103n h\u1ecdc t\u1ea1i Vi\u1ec7t Nam.<\/p>\n<p>L\u00f2ng say m\u00ea c\u1ee7a \u0111\u1ed9i ng\u0169 l\u00e0 vi\u00ean \u0111\u00e1 \u0111\u1ea7u ti\u00ean. Tr\u1ea3i qua m\u1ea5y n\u0103m ph\u00e1t tri\u1ec3n, Nh\u00e3 Nam \u0111\u00e3 \u0111\u01b0\u1ee3c x\u00e2y d\u1ef1ng d\u1ea7n l\u00ean trong di\u1ec7n m\u1ea1o m\u1ed9t nh\u00e0 xu\u1ea5t b\u1ea3n v\u1eefng ch\u00e3i v\u00e0 chuy\u00ean nghi\u1ec7p. S\u00e1u th\u00e1ng sau khi th\u00e0nh l\u1eadp c\u00f4ng ty, Nh\u1eadt k\u00fd \u0110\u1eb7ng Th\u00f9y Tr\u00e2m ra \u0111\u1eddi, t\u1ea1o n\u00ean m\u1ed9t c\u01a1n s\u1ed1t trong x\u00e3 h\u1ed9i, v\u1edbi g\u1ea7n 500,000 b\u1ea3n s\u00e1ch \u0111\u01b0\u1ee3c ph\u00e1t h\u00e0nh, ph\u00e1 m\u1ecdi k\u1ef7 l\u1ee5c v\u1ec1 xu\u1ea5t b\u1ea3n tr\u01b0\u1edbc \u0111\u00f3, k\u00e9o theo m\u1ed9t lo\u1ea1t nh\u1eefng hi\u1ec7u \u1ee9ng x\u00e3 h\u1ed9i v\u00e0 d\u01b0 lu\u1eadn c\u00f3 \u00fd ngh\u0129a. T\u1eeb \u0111\u00f3 tr\u1edf \u0111i, th\u00f4ng qua Nh\u00e3 Nam, c\u00e1c cu\u1ed1n s\u00e1ch v\u0103n h\u1ecdc n\u01b0\u1edbc ngo\u00e0i c\u00f3 gi\u00e1 tr\u1ecb \u0111\u01b0\u1ee3c li\u00ean t\u1ee5c mua b\u1ea3n quy\u1ec1n v\u00e0 xu\u1ea5t b\u1ea3n t\u1ea1i Vi\u1ec7t Nam, thu h\u00fat nhi\u1ec1u t\u1ea7ng l\u1edbp \u0111\u1ed9c gi\u1ea3. S\u00e1ch c\u1ee7a Nh\u00e3 Nam n\u1ed5i b\u1eadt b\u1edfi n\u1ed9i dung v\u0103n h\u1ecdc tinh t\u1ebf, b\u1edfi v\u1ebb \u0111\u1eb9p c\u1ee7a thi\u1ebft k\u1ebf hi\u1ec7n \u0111\u1ea1i \u1edf h\u00ecnh th\u1ee9c, b\u1edfi s\u1ef1 ch\u0103m ch\u00fat k\u1ef9 l\u01b0\u1ee1ng cho m\u1ed7i cu\u1ed1n s\u00e1ch nh\u01b0 m\u1ed9t con thuy\u1ec1n mang t\u1edbi ni\u1ec1m vui, tri th\u1ee9c, ng\u1ea1c nhi\u00ean, v\u00e0 \u0111\u1ed3ng c\u1ea3m.<\/p>\n\n[\/col]\n\n[\/row]\n<p style=\"text-align: left\">Hi\u1ec3u th\u1eddi \u0111\u1ea1i \u0111ang s\u1ed1ng th\u00f4ng qua s\u00e1ch, song h\u00e0nh v\u1edbi nh\u1eefng bi\u1ebfn chuy\u1ec3n s\u00e2u s\u1eafc trong l\u00f2ng x\u00e3 h\u1ed9i b\u1eb1ng nh\u1eefng ho\u1ea1t \u0111\u1ed9ng xu\u1ea5t b\u1ea3n mi\u1ec7t m\u00e0i v\u00e0 qu\u1ea3 c\u1ea3m, con \u0111\u01b0\u1eddng Nh\u00e3 Nam \u0111\u00e3 ch\u1ecdn \u0111\u1ec3 \u0111i s\u1ebd c\u00f2n d\u00e0i. Nhi\u1ec1u kh\u00f3 kh\u0103n, th\u1eed th\u00e1ch \u0111ang \u1edf ph\u00eda tr\u01b0\u1edbc. B\u01b0\u1edbc qua th\u1eddi k\u1ef3 s\u01a1 khai v\u1edbi nh\u1eefng b\u00e0i h\u1ecdc v\u00e0 nh\u1eefng kinh nghi\u1ec7m \u0111\u1ea7u ti\u00ean, Nh\u00e3 Nam gi\u1edd \u0111\u00e3 s\u1eb5n s\u00e0ng cho m\u1ed9t ch\u1eb7ng \u0111\u01b0\u1eddng ph\u00e1t tri\u1ec3n m\u1edbi. V\u00e0 ch\u00fang t\u00f4i mu\u1ed1n ho\u00e0n thi\u1ec7n m\u00ecnh trong s\u1ef1 c\u1ea7u th\u1ecb v\u00e0 c\u1ea9n tr\u1ecdng. T\u1ea5t c\u1ea3 v\u00ec m\u1ed9t gia s\u1ea3n s\u00e1ch to l\u1edbn, c\u00f3 s\u1ee9c s\u1ed1ng d\u00e0i l\u00e2u, c\u00f3 \u00fd ngh\u0129a v\u1edbi nhi\u1ec1u th\u1ebf h\u1ec7 b\u1ea1n \u0111\u1ecdc.<br \/>B\u1edfi v\u00ec s\u00e1ch l\u00e0 th\u1ebf gi\u1edbi.<\/p>\n<p><strong>\u0110\u00e2y l\u00e0 m\u1ed9t nh\u00e0 ph\u00e1t h\u00e0nh s\u00e1ch m\u00e0 SACHVIET.EU r\u1ea5t y\u00eau th\u00edch v\u00e0 tin t\u01b0\u1edfng. Nh\u00ecn \u0111\u01b0\u1ee3c t\u1ea7m \u1ea3nh h\u01b0\u1edfng c\u1ee7a Nh\u00e3 Nam qua t\u1eebng cu\u1ed1n s\u00e1ch, SACHVIET.EU li\u00ean h\u1ec7 h\u1ee3p t\u00e1c ngay v\u1edbi Nh\u00e3 Nam \u0111\u1ec3 \u0111em to\u00e0n b\u1ed9 nh\u1eefng t\u00e1c ph\u1ea9m m\u1edbi, hay nh\u1ea5t m\u00e0 Nh\u00e3 Nam c\u00f3 sang Ch\u00e2u \u00c2u, \u0111\u01b0a \u0111\u1ebfn cho \u0111\u1ed9c gi\u1ea3 c\u00f3 nhi\u1ec1u s\u1ef1 l\u1ef1a ch\u1ecdn phong ph\u00fa h\u01a1n c\u1ea3 s\u00e1ch cho tr\u1ebb em l\u1eabn ng\u01b0\u1eddi l\u1edbn.\u00a0<\/strong><\/p>\n\n<!-- \/wp:flatsome\/uxbuilder -->","post_title":"Nh\u00e3 Nam","post_excerpt":"","post_status":"publish","comment_status":"closed","ping_status":"closed","post_password":"","post_name":"nha-nam","to_ping":"","pinged":"","post_modified":"2022-12-19 23:15:33","post_modified_gmt":"2022-12-19 21:15:33","post_content_filtered":"","post_parent":0,"guid":"https:\/\/sachviet.eu\/?post_type=publisher&#038;p=1424","menu_order":0,"post_type":"publisher","post_mime_type":"","comment_count":"0","filter":"raw"}},"_links":{"self":[{"href":"https:\/\/sachviet.eu\/en\/wp-json\/wp\/v2\/product\/10998","targetHints":{"allow":["GET"]}}],"collection":[{"href":"https:\/\/sachviet.eu\/en\/wp-json\/wp\/v2\/product"}],"about":[{"href":"https:\/\/sachviet.eu\/en\/wp-json\/wp\/v2\/types\/product"}],"wp:featuredmedia":[{"embeddable":true,"href":"https:\/\/sachviet.eu\/en\/wp-json\/wp\/v2\/media\/10997"}],"wp:attachment":[{"href":"https:\/\/sachviet.eu\/en\/wp-json\/wp\/v2\/media?parent=10998"}],"wp:term":[{"taxonomy":"product_brand","embeddable":true,"href":"https:\/\/sachviet.eu\/en\/wp-json\/wp\/v2\/product_brand?post=10998"},{"taxonomy":"product_cat","embeddable":true,"href":"https:\/\/sachviet.eu\/en\/wp-json\/wp\/v2\/product_cat?post=10998"},{"taxonomy":"product_tag","embeddable":true,"href":"https:\/\/sachviet.eu\/en\/wp-json\/wp\/v2\/product_tag?post=10998"}],"curies":[{"name":"wp","href":"https:\/\/api.w.org\/{rel}","templated":true}]}}