{"id":10987,"date":"2021-06-03T01:12:10","date_gmt":"2021-06-02T22:12:10","guid":{"rendered":"https:\/\/sachviet.eu\/shop\/ban-tay-cua-bo\/"},"modified":"2022-12-19T18:42:03","modified_gmt":"2022-12-19T16:42:03","slug":"ban-tay-cua-bo","status":"publish","type":"product","link":"https:\/\/sachviet.eu\/en\/shop\/ban-tay-cua-bo\/","title":{"rendered":"B\u00e0n tay c\u1ee7a B\u1ed1"},"content":{"rendered":"<p>Nh\u00e0 t\u00e2m l\u00ed h\u1ecdc v\u00e0 ph\u00e2n t\u00e2m h\u1ecdc n\u1ed5i ti\u1ebfng ng\u01b0\u1eddi \u00c1o, Sigmund Freud, c\u00f3 m\u1ed9t c\u00e2u n\u00f3i r\u1ea5t hay r\u1eb1ng: \u201cNhu c\u1ea7u m\u1ea1nh m\u1ebd nh\u1ea5t c\u1ee7a m\u1ecdi \u0111\u1ee9a tr\u1ebb trong su\u1ed1t th\u1eddi k\u00ec th\u01a1 \u1ea5u c\u1ee7a ch\u00fang l\u00e0 \u0111\u01b0\u1ee3c che ch\u1edf v\u00e0 b\u1ea3o v\u1ec7 b\u1edfi ng\u01b0\u1eddi cha.\u201d T\u00ecnh y\u00eau th\u01b0\u01a1ng v\u00e0 s\u1ef1 gi\u00e1o d\u1ee5c c\u1ee7a ng\u01b0\u1eddi cha c\u00f3 \u00fd ngh\u0129a v\u00e0 s\u1ee9c \u1ea3nh h\u01b0\u1edfng v\u00f4 c\u00f9ng quan tr\u1ecdng t\u1edbi tr\u00ed th\u00f4ng minh, s\u1ef1 tr\u01b0\u1edfng th\u00e0nh; c\u0169ng nh\u01b0 l\u00e0 s\u1ef1 \u0111\u1ea3m b\u1ea3o v\u00f4 th\u1eddi h\u1ea1n cho h\u1ea1nh ph\u00fac tr\u1ecdn \u0111\u1eddi c\u1ee7a m\u1ed9t \u0111\u1ee9a tr\u1ebb.<\/p>\n<p>\u201cT\u00f4i lu\u00f4n tin r\u1eb1ng, n\u1ebfu t\u00f4i c\u00f3 m\u1ed9t m\u00f3n qu\u00e0 khi\u1ebfn cho c\u1ea3 th\u1ebf gi\u1edbi ph\u1ea3i ghen t\u1ecb, th\u00ec \u0111\u00f3 ch\u00ednh l\u00e0 b\u1edfi t\u00f4i c\u00f3 m\u1ed9t ng\u01b0\u1eddi cha qu\u00e1 \u0111\u1ed7i tuy\u1ec7t v\u1eddi. V\u00e0 khi ngh\u0129 v\u1ec1 m\u1ed9t m\u00f3n qu\u00e0 khi\u1ebfn cho c\u00e1c con c\u1ee7a m\u00ecnh h\u1ea1nh ph\u00fac su\u1ed1t \u0111\u1eddi, th\u00ec t\u00f4i lu\u00f4n ngh\u0129 \u0111\u1ebfn ng\u01b0\u1eddi cha qu\u00e1 \u0111\u1ed7i tuy\u1ec7t v\u1eddi c\u1ee7a ch\u00fang.\u201d<\/p>\n<p>T\u00e1c gi\u1ea3 Ho\u00e0i Anh<\/p>\n<p>\u201cNim y\u00eau b\u1ed1 b\u1edfi v\u00ec b\u1ed1 hay ch\u01a1i v\u1edbi Nim. Con y\u00eau b\u1ed1 \u201cd\u1ea5t ngi\u1ec1u\u201d!<\/p>\n<p>Em Nim, 5 tu\u1ed5i<\/p>\n","protected":false},"excerpt":{"rendered":"<p>Nh\u00e0 t\u00e2m l\u00ed h\u1ecdc v\u00e0 ph\u00e2n t\u00e2m h\u1ecdc n\u1ed5i ti\u1ebfng ng\u01b0\u1eddi \u00c1o, Sigmund Freud, c\u00f3 m\u1ed9t c\u00e2u n\u00f3i r\u1ea5t hay r\u1eb1ng: \u201cNhu c\u1ea7u m\u1ea1nh m\u1ebd nh\u1ea5t c\u1ee7a m\u1ecdi \u0111\u1ee9a tr\u1ebb trong su\u1ed1t th\u1eddi k\u00ec th\u01a1 \u1ea5u c\u1ee7a ch\u00fang l\u00e0 \u0111\u01b0\u1ee3c che ch\u1edf v\u00e0 b\u1ea3o v\u1ec7 b\u1edfi ng\u01b0\u1eddi cha.\u201d T\u00ecnh y\u00eau th\u01b0\u01a1ng v\u00e0 s\u1ef1 gi\u00e1o d\u1ee5c c\u1ee7a ng\u01b0\u1eddi cha c\u00f3 \u00fd ngh\u0129a v\u00e0 s\u1ee9c \u1ea3nh h\u01b0\u1edfng v\u00f4 c\u00f9ng quan tr\u1ecdng t\u1edbi tr\u00ed th\u00f4ng minh, s\u1ef1 tr\u01b0\u1edfng th\u00e0nh; c\u0169ng nh\u01b0 l\u00e0 s\u1ef1 \u0111\u1ea3m b\u1ea3o v\u00f4 th\u1eddi h\u1ea1n cho h\u1ea1nh ph\u00fac tr\u1ecdn \u0111\u1eddi c\u1ee7a m\u1ed9t \u0111\u1ee9a tr\u1ebb.<\/p>\n<p>\u201cT\u00f4i lu\u00f4n tin r\u1eb1ng, n\u1ebfu t\u00f4i c\u00f3 m\u1ed9t m\u00f3n qu\u00e0 khi\u1ebfn cho c\u1ea3 th\u1ebf gi\u1edbi ph\u1ea3i ghen t\u1ecb, th\u00ec \u0111\u00f3 ch\u00ednh l\u00e0 b\u1edfi t\u00f4i c\u00f3 m\u1ed9t ng\u01b0\u1eddi cha qu\u00e1 \u0111\u1ed7i tuy\u1ec7t v\u1eddi. V\u00e0 khi ngh\u0129 v\u1ec1 m\u1ed9t m\u00f3n qu\u00e0 khi\u1ebfn cho c\u00e1c con c\u1ee7a m\u00ecnh h\u1ea1nh ph\u00fac su\u1ed1t \u0111\u1eddi, th\u00ec t\u00f4i lu\u00f4n ngh\u0129 \u0111\u1ebfn ng\u01b0\u1eddi cha qu\u00e1 \u0111\u1ed7i tuy\u1ec7t v\u1eddi c\u1ee7a ch\u00fang.\u201d<\/p>\n<p>T\u00e1c gi\u1ea3 Ho\u00e0i Anh<\/p>\n<p>\u201cNim y\u00eau b\u1ed1 b\u1edfi v\u00ec b\u1ed1 hay ch\u01a1i v\u1edbi Nim. Con y\u00eau b\u1ed1 \u201cd\u1ea5t ngi\u1ec1u\u201d!<\/p>\n<p>Em Nim, 5 tu\u1ed5i<\/p>\n","protected":false},"featured_media":10986,"template":"","meta":{"_acf_changed":false},"product_brand":[],"product_cat":[17,24,25,71],"product_tag":[81],"class_list":{"0":"post-10987","1":"product","2":"type-product","3":"status-publish","4":"has-post-thumbnail","6":"product_cat-sach-danh-cho-cac-be","7":"product_cat-nha-tre-mau-giao-0-tuoi-6-tuoi","8":"product_cat-nhi-dong-6-tuoi-12-tuoi","9":"product_cat-sach-tre-em-thuan-viet","10":"product_tag-sach-gia-uu-dai","12":"first","13":"outofstock","14":"sale","15":"taxable","16":"shipping-taxable","17":"purchasable","18":"product-type-simple"},"supplier_id":null,"supplier_sku":"","barcode":null,"atum_controlled":true,"out_stock_date":"2022-04-23 07:46:12","out_stock_threshold":null,"inheritable":false,"inbound_stock":0,"stock_on_hold":0,"sold_today":0,"sales_last_days":0,"reserved_stock":0,"customer_returns":0,"warehouse_damage":0,"lost_in_post":0,"other_logs":0,"out_stock_days":1376,"lost_sales":4122,"has_location":false,"update_date":"2026-01-28T23:10:48","atum_locations":[],"atum_stock_status":"outofstock","restock_status":false,"low_stock_amount":"","sales_update_date":"2026-01-28T23:10:48","calc_backorders":null,"acf":{"publisher":{"ID":1454,"post_author":"1","post_date":"2021-02-17 01:11:34","post_date_gmt":"2021-02-16 23:11:34","post_content":"<!-- wp:flatsome\/uxbuilder -->\n<h1 style=\"text-align: center;\"><strong>Kim \u0110\u1ed3ng<\/strong><\/h1>\n[row]\n\n[col span=\"3\" span__sm=\"12\"]\n\n[ux_image id=\"1534\" image_size=\"medium\"]\n\n\n[\/col]\n[col span=\"9\" span__sm=\"12\"]\n\n<p>Nh\u00e0 xu\u1ea5t b\u1ea3n Kim \u0110\u1ed3ng tr\u1ef1c thu\u1ed9c Trung \u01b0\u01a1ng \u0110o\u00e0n TNCS H\u1ed3 Ch\u00ed Minh l\u00e0 Nh\u00e0 xu\u1ea5t b\u1ea3n t\u1ed5ng h\u1ee3p c\u00f3 ch\u1ee9c n\u0103ng xu\u1ea5t b\u1ea3n s\u00e1ch v\u00e0 v\u0103n h\u00f3a ph\u1ea9m ph\u1ee5c v\u1ee5 thi\u1ebfu nhi v\u00e0 c\u00e1c b\u1eadc ph\u1ee5 huynh trong c\u1ea3 n\u01b0\u1edbc, qu\u1ea3ng b\u00e1 v\u00e0 gi\u1edbi thi\u1ec7u v\u0103n h\u00f3a Vi\u1ec7t Nam ra th\u1ebf gi\u1edbi.<br \/>Nh\u00e0 xu\u1ea5t b\u1ea3n c\u00f3 nhi\u1ec7m v\u1ee5 t\u1ed5 ch\u1ee9c b\u1ea3n th\u1ea3o, bi\u00ean so\u1ea1n, bi\u00ean d\u1ecbch, xu\u1ea5t b\u1ea3n v\u00e0 ph\u00e1t h\u00e0nh c\u00e1c xu\u1ea5t b\u1ea3n ph\u1ea9m c\u00f3 n\u1ed9i dung: gi\u00e1o d\u1ee5c truy\u1ec1n th\u1ed1ng d\u00e2n t\u1ed9c, gi\u00e1o d\u1ee5c v\u1ec1 tri th\u1ee9c, ki\u1ebfn th\u1ee9c\u2026 tr\u00ean c\u00e1c l\u0129nh v\u1ef1c v\u0103n h\u1ecdc, ngh\u1ec7 thu\u1eadt, khoa h\u1ecdc k\u1ef9 thu\u1eadt nh\u1eb1m cung c\u1ea5p cho c\u00e1c em thi\u1ebfu nhi c\u0169ng nh\u01b0 c\u00e1c b\u1eadc ph\u1ee5 huynh c\u00e1c ki\u1ebfn th\u1ee9c c\u1ea7n thi\u1ebft trong cu\u1ed9c s\u1ed1ng, nh\u1eefng tinh hoa c\u1ee7a tri th\u1ee9c nh\u00e2n lo\u1ea1i nh\u1eb1m g\u00f3p ph\u1ea7n gi\u00e1o d\u1ee5c v\u00e0 h\u00ecnh th\u00e0nh nh\u00e2n c\u00e1ch th\u1ebf h\u1ec7 tr\u1ebb.<br \/>\u0110\u1ed1i t\u01b0\u1ee3ng ph\u1ee5c v\u1ee5 c\u1ee7a Nh\u00e0 xu\u1ea5t b\u1ea3n l\u00e0 c\u00e1c em t\u1eeb tu\u1ed5i nh\u00e0 tr\u1ebb m\u1eabu gi\u00e1o (1 \u0111\u1ebfn 5 tu\u1ed5i), nhi \u0111\u1ed3ng (6 \u0111\u1ebfn 9 tu\u1ed5i), thi\u1ebfu ni\u00ean (10 \u0111\u1ebfn 15 tu\u1ed5i) \u0111\u1ebfn c\u00e1c em tu\u1ed5i m\u1edbi l\u1edbn (16 \u0111\u1ebfn 18 tu\u1ed5i) v\u00e0 c\u00e1c b\u1eadc ph\u1ee5 huynh.<\/p>\n\n[\/col]\n\n[\/row]\n\n<!-- \/wp:flatsome\/uxbuilder -->","post_title":"Kim \u0110\u1ed3ng","post_excerpt":"","post_status":"publish","comment_status":"closed","ping_status":"closed","post_password":"","post_name":"kim-dong","to_ping":"","pinged":"","post_modified":"2021-02-17 01:31:56","post_modified_gmt":"2021-02-16 23:31:56","post_content_filtered":"","post_parent":0,"guid":"https:\/\/sachviet.eu\/nha-phat-hanh\/kim-dong\/","menu_order":0,"post_type":"publisher","post_mime_type":"","comment_count":"0","filter":"raw"}},"_links":{"self":[{"href":"https:\/\/sachviet.eu\/en\/wp-json\/wp\/v2\/product\/10987","targetHints":{"allow":["GET"]}}],"collection":[{"href":"https:\/\/sachviet.eu\/en\/wp-json\/wp\/v2\/product"}],"about":[{"href":"https:\/\/sachviet.eu\/en\/wp-json\/wp\/v2\/types\/product"}],"wp:featuredmedia":[{"embeddable":true,"href":"https:\/\/sachviet.eu\/en\/wp-json\/wp\/v2\/media\/10986"}],"wp:attachment":[{"href":"https:\/\/sachviet.eu\/en\/wp-json\/wp\/v2\/media?parent=10987"}],"wp:term":[{"taxonomy":"product_brand","embeddable":true,"href":"https:\/\/sachviet.eu\/en\/wp-json\/wp\/v2\/product_brand?post=10987"},{"taxonomy":"product_cat","embeddable":true,"href":"https:\/\/sachviet.eu\/en\/wp-json\/wp\/v2\/product_cat?post=10987"},{"taxonomy":"product_tag","embeddable":true,"href":"https:\/\/sachviet.eu\/en\/wp-json\/wp\/v2\/product_tag?post=10987"}],"curies":[{"name":"wp","href":"https:\/\/api.w.org\/{rel}","templated":true}]}}