{"id":10983,"date":"2021-06-03T01:11:55","date_gmt":"2021-06-02T22:11:55","guid":{"rendered":"https:\/\/sachviet.eu\/shop\/khong-gia-dinh-bia-cung-dong-a\/"},"modified":"2022-12-19T22:07:55","modified_gmt":"2022-12-19T20:07:55","slug":"khong-gia-dinh-bia-cung-dong-a","status":"publish","type":"product","link":"https:\/\/sachviet.eu\/en\/shop\/khong-gia-dinh-bia-cung-dong-a\/","title":{"rendered":"Kh\u00f4ng gia \u0111\u00ecnh (B\u00eca c\u1ee9ng &#8211; \u0110\u00f4ng A)"},"content":{"rendered":"<p>Kh\u00f4ng gia \u0111\u00ecnh l\u00e0 ti\u1ec3u thuy\u1ebft n\u1ed5i ti\u1ebfng nh\u1ea5t trong s\u1ef1 nghi\u1ec7p v\u0103n ch\u01b0\u01a1ng c\u1ee7a Hector Malot. H\u01a1n m\u1ed9t tr\u0103m n\u0103m nay, t\u00e1c ph\u1ea9m gi\u00e0nh gi\u1ea3i th\u01b0\u1edfng c\u1ee7a Vi\u1ec7n H\u00e0n L\u00e2m V\u0103n h\u1ecdc Ph\u00e1p n\u00e0y \u0111\u00e3 tr\u1edf th\u00e0nh ng\u01b0\u1eddi b\u1ea1n th\u00e2n thi\u1ebft c\u1ee7a thi\u1ebfu nhi v\u00e0 t\u1ea5t c\u1ea3 nh\u1eefng ng\u01b0\u1eddi y\u00eau m\u1ebfn tr\u1ebb kh\u1eafp th\u1ebf gi\u1edbi.<\/p>\n<p>Kh\u00f4ng gia \u0111\u00ecnh k\u1ec3 v\u1ec1 chuy\u1ec7n \u0111\u1eddi R\u00e9mi, m\u1ed9t c\u1eadu b\u00e9 kh\u00f4ng cha m\u1eb9, h\u1ecd h\u00e0ng th\u00e2n th\u00edch. Sau khi ph\u1ea3i r\u1eddi kh\u1ecfi v\u00f2ng tay c\u1ee7a ng\u01b0\u1eddi m\u00e1 nu\u00f4i, em \u0111\u00e3 \u0111i theo \u0111o\u00e0n xi\u1ebfc th\u00fa c\u1ee7a c\u1ee5 gi\u00e0 Vitalis t\u1ed1t b\u1ee5ng. K\u1ec3 t\u1eeb \u0111\u00f3, em l\u01b0u l\u1ea1c kh\u1eafp n\u01a1i, ban \u0111\u1ea7u d\u01b0\u1edbi s\u1ef1 che ch\u1edf c\u1ee7a c\u1ee5 Vitalis, sau \u0111\u00f3 th\u00ec t\u1ef1 l\u1eadp v\u00e0 c\u00f2n lo c\u1ea3 c\u00f4ng vi\u1ec7c bi\u1ec3u di\u1ec5n v\u00e0 sinh s\u1ed1ng cho c\u1ea3 m\u1ed9t g\u00e1nh h\u00e1t rong. \u0110\u00e3 c\u00f3 l\u00fac em v\u00e0 c\u1ea3 \u0111o\u00e0n lang thang c\u1ea3 m\u1ea5y ng\u00e0y \u0111\u00f3i kh\u00e1t r\u1ed3i c\u00f2n su\u00fdt ch\u1ebft r\u00e9t. C\u00f3 b\u1eadn em b\u1ecb l\u1ee5t ng\u1ea7m ch\u00f4n trong gi\u1ebfng m\u1ecf h\u00e0ng tu\u1ea7n. R\u1ed3i c\u00f3 l\u1ea7n em c\u00f2n m\u1eafc oan  b\u1ecb gi\u1ea3i ra t\u00f2a v\u00e0 ph\u1ea3i \u1edf t\u00f9. Nh\u01b0ng c\u0169ng c\u00f3 khi em \u0111\u01b0\u1ee3c nu\u00f4i n\u1ea5ng \u0111\u00e0ng ho\u00e0ng, no \u1ea5m. Song d\u00f9 trong ho\u00e0n c\u1ea3nh n\u00e0o, R\u00e9mi v\u1eabn gi\u1eef \u0111\u01b0\u1ee3c s\u1ef1 gan d\u1ea1, ngay th\u1eb3ng, l\u00f2ng t\u1ef1 tr\u1ecdng, t\u00ednh th\u01b0\u01a1ng ng\u01b0\u1eddi, ham lao \u0111\u1ed9ng ch\u1ee9 kh\u00f4ng h\u1ea1 m\u00ecnh hay gian d\u1ed1i. Cu\u1ed1i c\u00f9ng, sau bao gian nan kh\u1ed5 c\u1ef1c, em \u0111\u00e3 \u0111o\u00e0n t\u1ee5 \u0111\u01b0\u1ee3c v\u1edbi gia \u0111\u00ecnh c\u1ee7a m\u00ecnh.<\/p>\n","protected":false},"excerpt":{"rendered":"<p>Kh\u00f4ng gia \u0111\u00ecnh l\u00e0 ti\u1ec3u thuy\u1ebft n\u1ed5i ti\u1ebfng nh\u1ea5t trong s\u1ef1 nghi\u1ec7p v\u0103n ch\u01b0\u01a1ng c\u1ee7a Hector Malot. H\u01a1n m\u1ed9t tr\u0103m n\u0103m nay, t\u00e1c ph\u1ea9m gi\u00e0nh gi\u1ea3i th\u01b0\u1edfng c\u1ee7a Vi\u1ec7n H\u00e0n L\u00e2m V\u0103n h\u1ecdc Ph\u00e1p n\u00e0y \u0111\u00e3 tr\u1edf th\u00e0nh ng\u01b0\u1eddi b\u1ea1n th\u00e2n thi\u1ebft c\u1ee7a thi\u1ebfu nhi v\u00e0 t\u1ea5t c\u1ea3 nh\u1eefng ng\u01b0\u1eddi y\u00eau m\u1ebfn tr\u1ebb kh\u1eafp th\u1ebf gi\u1edbi.<\/p>\n<p>Kh\u00f4ng gia \u0111\u00ecnh k\u1ec3 v\u1ec1 chuy\u1ec7n \u0111\u1eddi R\u00e9mi, m\u1ed9t c\u1eadu b\u00e9 kh\u00f4ng cha m\u1eb9, h\u1ecd h\u00e0ng th\u00e2n th\u00edch. Sau khi ph\u1ea3i r\u1eddi kh\u1ecfi v\u00f2ng tay c\u1ee7a ng\u01b0\u1eddi m\u00e1 nu\u00f4i, em \u0111\u00e3 \u0111i theo \u0111o\u00e0n xi\u1ebfc th\u00fa c\u1ee7a c\u1ee5 gi\u00e0 Vitalis t\u1ed1t b\u1ee5ng. K\u1ec3 t\u1eeb \u0111\u00f3, em l\u01b0u l\u1ea1c kh\u1eafp n\u01a1i, ban \u0111\u1ea7u d\u01b0\u1edbi s\u1ef1 che ch\u1edf c\u1ee7a c\u1ee5 Vitalis, sau \u0111\u00f3 th\u00ec t\u1ef1 l\u1eadp v\u00e0 c\u00f2n lo c\u1ea3 c\u00f4ng vi\u1ec7c bi\u1ec3u di\u1ec5n v\u00e0 sinh s\u1ed1ng cho c\u1ea3 m\u1ed9t g\u00e1nh h\u00e1t rong. \u0110\u00e3 c\u00f3 l\u00fac em v\u00e0 c\u1ea3 \u0111o\u00e0n lang thang c\u1ea3 m\u1ea5y ng\u00e0y \u0111\u00f3i kh\u00e1t r\u1ed3i c\u00f2n su\u00fdt ch\u1ebft r\u00e9t. C\u00f3 b\u1eadn em b\u1ecb l\u1ee5t ng\u1ea7m ch\u00f4n trong gi\u1ebfng m\u1ecf h\u00e0ng tu\u1ea7n. R\u1ed3i c\u00f3 l\u1ea7n em c\u00f2n m\u1eafc oan  b\u1ecb gi\u1ea3i ra t\u00f2a v\u00e0 ph\u1ea3i \u1edf t\u00f9. Nh\u01b0ng c\u0169ng c\u00f3 khi em \u0111\u01b0\u1ee3c nu\u00f4i n\u1ea5ng \u0111\u00e0ng ho\u00e0ng, no \u1ea5m. Song d\u00f9 trong ho\u00e0n c\u1ea3nh n\u00e0o, R\u00e9mi v\u1eabn gi\u1eef \u0111\u01b0\u1ee3c s\u1ef1 gan d\u1ea1, ngay th\u1eb3ng, l\u00f2ng t\u1ef1 tr\u1ecdng, t\u00ednh th\u01b0\u01a1ng ng\u01b0\u1eddi, ham lao \u0111\u1ed9ng ch\u1ee9 kh\u00f4ng h\u1ea1 m\u00ecnh hay gian d\u1ed1i. Cu\u1ed1i c\u00f9ng, sau bao gian nan kh\u1ed5 c\u1ef1c, em \u0111\u00e3 \u0111o\u00e0n t\u1ee5 \u0111\u01b0\u1ee3c v\u1edbi gia \u0111\u00ecnh c\u1ee7a m\u00ecnh.<\/p>\n","protected":false},"featured_media":10972,"template":"","meta":{"_acf_changed":false},"product_brand":[],"product_cat":[15,45,77],"product_tag":[],"class_list":{"0":"post-10983","1":"product","2":"type-product","3":"status-publish","4":"has-post-thumbnail","6":"product_cat-sach-danh-cho-nguoi-lon","7":"product_cat-tieu-thuyet","8":"product_cat-van-hoc-kinh-dien","10":"first","11":"outofstock","12":"taxable","13":"shipping-taxable","14":"purchasable","15":"product-type-simple"},"supplier_id":null,"supplier_sku":"","barcode":null,"atum_controlled":true,"out_stock_date":"2021-06-15 19:43:16","out_stock_threshold":null,"inheritable":false,"inbound_stock":0,"stock_on_hold":0,"sold_today":0,"sales_last_days":0,"reserved_stock":0,"customer_returns":0,"warehouse_damage":0,"lost_in_post":0,"other_logs":0,"out_stock_days":1688,"lost_sales":5543,"has_location":false,"update_date":"2026-01-28T23:10:48","atum_locations":[],"atum_stock_status":"outofstock","restock_status":false,"low_stock_amount":"","sales_update_date":"2026-01-28T23:10:48","calc_backorders":null,"acf":{"publisher":{"ID":1544,"post_author":"1","post_date":"2021-02-17 01:24:05","post_date_gmt":"2021-02-16 23:24:05","post_content":"","post_title":"\u0110\u00f4ng A","post_excerpt":"","post_status":"publish","comment_status":"closed","ping_status":"closed","post_password":"","post_name":"dong-a","to_ping":"","pinged":"","post_modified":"2021-02-17 01:24:05","post_modified_gmt":"2021-02-16 23:24:05","post_content_filtered":"","post_parent":0,"guid":"https:\/\/sachviet.eu\/nha-phat-hanh\/dong-a\/","menu_order":0,"post_type":"publisher","post_mime_type":"","comment_count":"0","filter":"raw"}},"_links":{"self":[{"href":"https:\/\/sachviet.eu\/en\/wp-json\/wp\/v2\/product\/10983","targetHints":{"allow":["GET"]}}],"collection":[{"href":"https:\/\/sachviet.eu\/en\/wp-json\/wp\/v2\/product"}],"about":[{"href":"https:\/\/sachviet.eu\/en\/wp-json\/wp\/v2\/types\/product"}],"wp:featuredmedia":[{"embeddable":true,"href":"https:\/\/sachviet.eu\/en\/wp-json\/wp\/v2\/media\/10972"}],"wp:attachment":[{"href":"https:\/\/sachviet.eu\/en\/wp-json\/wp\/v2\/media?parent=10983"}],"wp:term":[{"taxonomy":"product_brand","embeddable":true,"href":"https:\/\/sachviet.eu\/en\/wp-json\/wp\/v2\/product_brand?post=10983"},{"taxonomy":"product_cat","embeddable":true,"href":"https:\/\/sachviet.eu\/en\/wp-json\/wp\/v2\/product_cat?post=10983"},{"taxonomy":"product_tag","embeddable":true,"href":"https:\/\/sachviet.eu\/en\/wp-json\/wp\/v2\/product_tag?post=10983"}],"curies":[{"name":"wp","href":"https:\/\/api.w.org\/{rel}","templated":true}]}}