{"id":10937,"date":"2021-06-03T01:08:39","date_gmt":"2021-06-02T22:08:39","guid":{"rendered":"https:\/\/sachviet.eu\/shop\/canh-dong-bat-tan-tai-ban-2019\/"},"modified":"2021-06-06T23:04:19","modified_gmt":"2021-06-06T20:04:19","slug":"canh-dong-bat-tan-tai-ban-2019","status":"publish","type":"product","link":"https:\/\/sachviet.eu\/en\/shop\/canh-dong-bat-tan-tai-ban-2019\/","title":{"rendered":"C\u00e1nh \u0110\u1ed3ng B\u1ea5t T\u1eadn (T\u00e1i B\u1ea3n 2019)"},"content":{"rendered":"<p>&#8220;C\u00e1nh \u0111\u1ed3ng b\u1ea5t t\u1eadn&#8221; bao g\u1ed3m nh\u1eefng truy\u1ec7n hay v\u00e0 m\u1edbi nh\u1ea5t c\u1ee7a nh\u00e0 v\u0103n Nguy\u1ec5n Ng\u1ecdc T\u01b0. \u0110\u00e2y l\u00e0 t\u00e1c ph\u1ea9m \u0111ang g\u00e2y x\u00f4n xao trong \u0111\u1eddi s\u1ed1ng v\u0103n h\u1ecdc, b\u1edfi \u1edf \u0111\u00f3 ng\u01b0\u1eddi ta t\u00ecm th\u1ea5y s\u1ef1 d\u1eef d\u1ed9i, kh\u1ed1c li\u1ec7t c\u1ee7a \u0111\u1eddi s\u1ed1ng th\u00f4n d\u00e3 qua c\u00e1i nh\u00ecn c\u1ee7a m\u1ed9t c\u00f4 g\u00e1i. Bi k\u1ecbch v\u1ec1 n\u1ed7i m\u1ea5t m\u00e1t, s\u1ef1 c\u00f4 \u0111\u01a1n \u0111\u01b0\u1ee3c \u0111\u1ea9y l\u00ean \u0111\u1ebfn t\u1eadn c\u00f9ng, khi\u1ebfn ng\u01b0\u1eddi \u0111\u1ecdc c\u00f3 l\u00fac c\u1ea3m th\u1ea5y nh\u00f3i tim&#8230; NXB Tr\u1ebb tr\u00e2n tr\u1ecdng gi\u1edbi thi\u1ec7u c\u00f9ng b\u1ea1n \u0111\u1ecdc.<\/p>\n","protected":false},"excerpt":{"rendered":"<p>&#8220;C\u00e1nh \u0111\u1ed3ng b\u1ea5t t\u1eadn&#8221; bao g\u1ed3m nh\u1eefng truy\u1ec7n hay v\u00e0 m\u1edbi nh\u1ea5t c\u1ee7a nh\u00e0 v\u0103n Nguy\u1ec5n Ng\u1ecdc T\u01b0. \u0110\u00e2y l\u00e0 t\u00e1c ph\u1ea9m \u0111ang g\u00e2y x\u00f4n xao trong \u0111\u1eddi s\u1ed1ng v\u0103n h\u1ecdc, b\u1edfi \u1edf \u0111\u00f3 ng\u01b0\u1eddi ta t\u00ecm th\u1ea5y s\u1ef1 d\u1eef d\u1ed9i, kh\u1ed1c li\u1ec7t c\u1ee7a \u0111\u1eddi s\u1ed1ng th\u00f4n d\u00e3 qua c\u00e1i nh\u00ecn c\u1ee7a m\u1ed9t c\u00f4 g\u00e1i. Bi k\u1ecbch v\u1ec1 n\u1ed7i m\u1ea5t m\u00e1t, s\u1ef1 c\u00f4 \u0111\u01a1n \u0111\u01b0\u1ee3c \u0111\u1ea9y l\u00ean \u0111\u1ebfn t\u1eadn c\u00f9ng, khi\u1ebfn ng\u01b0\u1eddi \u0111\u1ecdc c\u00f3 l\u00fac c\u1ea3m th\u1ea5y nh\u00f3i tim&#8230; NXB Tr\u1ebb tr\u00e2n tr\u1ecdng gi\u1edbi thi\u1ec7u c\u00f9ng b\u1ea1n \u0111\u1ecdc.<\/p>\n","protected":false},"featured_media":10936,"template":"","meta":{"_acf_changed":false},"product_brand":[],"product_cat":[15,45],"product_tag":[],"class_list":{"0":"post-10937","1":"product","2":"type-product","3":"status-publish","4":"has-post-thumbnail","6":"product_cat-sach-danh-cho-nguoi-lon","7":"product_cat-tieu-thuyet","9":"first","10":"outofstock","11":"taxable","12":"shipping-taxable","13":"purchasable","14":"product-type-simple"},"supplier_id":null,"supplier_sku":"","barcode":null,"atum_controlled":true,"out_stock_date":"2021-06-06 20:04:19","out_stock_threshold":null,"inheritable":false,"inbound_stock":0,"stock_on_hold":0,"sold_today":0,"sales_last_days":0,"reserved_stock":0,"customer_returns":0,"warehouse_damage":0,"lost_in_post":0,"other_logs":0,"out_stock_days":1697,"lost_sales":0,"has_location":false,"update_date":"2026-01-28T23:10:48","atum_locations":[],"atum_stock_status":"outofstock","restock_status":false,"low_stock_amount":"","sales_update_date":"2026-01-28T23:10:48","calc_backorders":null,"acf":{"publisher":{"ID":1517,"post_author":"1","post_date":"2021-02-17 01:14:41","post_date_gmt":"2021-02-16 23:14:41","post_content":"","post_title":"NXB Tr\u1ebb","post_excerpt":"","post_status":"publish","comment_status":"closed","ping_status":"closed","post_password":"","post_name":"nxb-tre","to_ping":"","pinged":"","post_modified":"2021-02-17 01:14:41","post_modified_gmt":"2021-02-16 23:14:41","post_content_filtered":"","post_parent":0,"guid":"https:\/\/sachviet.eu\/nha-phat-hanh\/nxb-tre\/","menu_order":0,"post_type":"publisher","post_mime_type":"","comment_count":"0","filter":"raw"}},"_links":{"self":[{"href":"https:\/\/sachviet.eu\/en\/wp-json\/wp\/v2\/product\/10937","targetHints":{"allow":["GET"]}}],"collection":[{"href":"https:\/\/sachviet.eu\/en\/wp-json\/wp\/v2\/product"}],"about":[{"href":"https:\/\/sachviet.eu\/en\/wp-json\/wp\/v2\/types\/product"}],"wp:featuredmedia":[{"embeddable":true,"href":"https:\/\/sachviet.eu\/en\/wp-json\/wp\/v2\/media\/10936"}],"wp:attachment":[{"href":"https:\/\/sachviet.eu\/en\/wp-json\/wp\/v2\/media?parent=10937"}],"wp:term":[{"taxonomy":"product_brand","embeddable":true,"href":"https:\/\/sachviet.eu\/en\/wp-json\/wp\/v2\/product_brand?post=10937"},{"taxonomy":"product_cat","embeddable":true,"href":"https:\/\/sachviet.eu\/en\/wp-json\/wp\/v2\/product_cat?post=10937"},{"taxonomy":"product_tag","embeddable":true,"href":"https:\/\/sachviet.eu\/en\/wp-json\/wp\/v2\/product_tag?post=10937"}],"curies":[{"name":"wp","href":"https:\/\/api.w.org\/{rel}","templated":true}]}}