{"id":10935,"date":"2021-06-03T01:08:33","date_gmt":"2021-06-02T22:08:33","guid":{"rendered":"https:\/\/sachviet.eu\/shop\/de-con-duoc-om\/"},"modified":"2021-07-28T17:15:43","modified_gmt":"2021-07-28T14:15:43","slug":"de-con-duoc-om","status":"publish","type":"product","link":"https:\/\/sachviet.eu\/en\/shop\/de-con-duoc-om\/","title":{"rendered":"\u0110\u1ec3 Con \u0110\u01b0\u1ee3c \u1ed0m"},"content":{"rendered":"<p>TOP 100 BEST SELLER &#8211; \u0110\u1ec3 Con \u0110\u01b0\u1ee3c \u1ed0m<br \/>\n\u0110\u1ec3 con \u0111\u01b0\u1ee3c \u1ed1m c\u00f3 th\u1ec3 coi l\u00e0 m\u1ed9t cu\u1ed1n nh\u1eadt k\u00fd h\u1ecdc l\u00e0m m\u1eb9 th\u00f4ng qua nh\u1eefng c\u00e2u chuy\u1ec7n t\u1eeb tr\u1ea3i nghi\u1ec7m th\u1ef1c t\u1ebf m\u00e0 ch\u1ecb Uy\u00ean B\u00f9i \u0111\u00e3 tr\u1ea3i qua t\u1eeb khi mang thai \u0111\u1ebfn khi em b\u00e9 ch\u00e0o \u0111\u1eddi v\u00e0 tr\u1edf th\u00e0nh m\u1ed9t c\u00f4 b\u00e9 kh\u1ecfe m\u1ea1nh, vui v\u1ebb. C\u00f9ng v\u1edbi nh\u1eefng c\u00e2u chuy\u1ec7n nh\u1ecf th\u00fa v\u1ecb c\u1ee7a ng\u01b0\u1eddi m\u1eb9 l\u00e0 l\u1eddi khuy\u00ean mang t\u00ednh chuy\u00ean m\u00f4n, gi\u1ea3i \u0111\u00e1p c\u1ee5 th\u1ec3 t\u1eeb b\u00e1c s\u1ef9 Nguy\u1ec5n Tr\u00ed \u0110o\u00e0n, gi\u00fap h\u00f3a gi\u1ea3i nh\u1eefng hi\u1ec3u l\u1ea7m t\u1eeb kinh nghi\u1ec7m d\u00e2n gian \u0111\u01b0\u1ee3c truy\u1ec1n l\u1ea1i, c\u0169ng nh\u01b0 l\u00fd gi\u1ea3i m\u1ed9t c\u00e1ch khoa h\u1ecdc nh\u1eefng th\u00f4ng tin ch\u01b0a \u0111\u00fang \u0111\u1eafn \u0111ang \u0111\u01b0\u1ee3c l\u01b0u truy\u1ec1n hi\u1ec7n nay, mang \u0111\u1ebfn g\u00f3c nh\u00ecn \u0111\u00fang \u0111\u1eafn nh\u1ea5t cho m\u1ed7i hi\u1ec7n t\u01b0\u1ee3ng, s\u1ef1 vi\u1ec7c v\u1edbi nh\u1eefng ki\u1ebfn th\u1ee9c y khoa hi\u1ec7n \u0111\u1ea1i \u0111\u01b0\u1ee3c c\u1eadp nh\u1eadt li\u00ean t\u1ee5c. Cu\u1ed1n s\u00e1ch s\u1ebd gi\u00fap c\u00e1c b\u1eadc ph\u1ee5 huynh trang b\u1ecb m\u1ed9t s\u1ed1 ki\u1ebfn th\u1ee9c c\u01a1 b\u1ea3n trong vi\u1ec7c ch\u0103m s\u00f3c tr\u1ebb m\u1ed9t c\u00e1ch khoa h\u1ecdc v\u00e0 g\u00f3p ph\u1ea7n gi\u00fap c\u00e1c m\u1eb9 v\u00e0 nh\u1eefng-ng\u01b0\u1eddi-s\u1ebd-l\u00e0-m\u1eb9 tr\u1edf n\u00ean t\u1ef1 tin h\u01a1n trong vi\u1ec7c ch\u0103m con, xua tan \u0111i nh\u1eefng lo l\u1eafng, \u0111\u1ec3 m\u1ed7i em b\u00e9 ra \u0111\u1eddi \u0111\u1ec1u \u0111\u01b0\u1ee3c h\u01b0\u1edfng s\u1ef1 ch\u0103m s\u00f3c t\u1ed1t nh\u1ea5t.<\/p>\n<p>Tr\u00ean th\u1ecb tr\u01b0\u1eddng c\u00f3 nhi\u1ec1u \u0111\u1ea7u s\u00e1ch v\u1ec1 ch\u0103m s\u00f3c tr\u1ebb, tuy nhi\u00ean \u0111a ph\u1ea7n \u0111\u1ec1u l\u00e0 n\u1ed9i dung \u0111\u01b0\u1ee3c d\u1ecbch t\u1eeb c\u00e1c s\u00e1ch n\u01b0\u1edbc ngo\u00e0i n\u00ean ph\u1ea7n n\u00e0o \u0111\u00f3 kh\u00f4ng ph\u00f9 h\u1ee3p v\u1edbi c\u00e1c gia \u0111\u00ecnh Vi\u1ec7t b\u1edfi s\u1ef1 kh\u00e1c bi\u1ec7t v\u1ec1 suy ngh\u0129 v\u00e0 \u00fd th\u1ee9c h\u1ec7 c\u00f9ng nh\u1eefng quan ni\u1ec7m s\u1ed1ng. \u0110\u1eb7c bi\u1ec7t l\u00e0 c\u00e1c cu\u1ed1n s\u00e1ch \u1ea5y kh\u00f4ng bao gi\u1edd nh\u1eafc t\u1edbi c\u00e1ch x\u1eed l\u00fd c\u00e1c v\u1ea5n \u0111\u1ec1 \u0111\u1eddi th\u01b0\u1eddng, nh\u1eefng kinh nghi\u1ec7m d\u00e2n gian hay ph\u01b0\u01a1ng ph\u00e1p ch\u0103m s\u00f3c tr\u1ebb t\u1eeb \u201ckinh nghi\u1ec7m c\u00e1 nh\u00e2n\u201d c\u1ee7a c\u00e1c m\u1eb9 tr\u00e0n lan tr\u00ean c\u00e1c di\u1ec5n \u0111\u00e0n v\u00e0 m\u1ea1ng x\u00e3 h\u1ed9i &#8211; nh\u1eefng \u0111i\u1ec1u \u0111ang t\u1ed3n t\u1ea1i trong x\u00e3 h\u1ed9i Vi\u1ec7t ta hi\u1ec7n nay. Do \u0111\u00f3,\u0110\u1ec3 con \u0111\u01b0\u1ee3c \u1ed1m tr\u1edf th\u00e0nh m\u1ed9t t\u00e1c ph\u1ea9m \u0111\u1ed9c \u0111\u00e1o khi \u0111i s\u00e2u v\u00e0o v\u1ea5n \u0111\u1ec1 ch\u0103m s\u00f3c con tr\u1ebb c\u00f9ng nh\u1eefng \u0111i\u1ec1u b\u1ea5t c\u1eadp trong x\u00e3 h\u1ed9i Vi\u1ec7t, trong nh\u1eefng gia \u0111\u00ecnh Vi\u1ec7t, gi\u1eefa c\u00e1c th\u00e0nh vi\u00ean trong gia \u0111\u00ecnh. \u0110\u1ec3 con \u0111\u01b0\u1ee3c \u1ed1m kh\u00f4ng ph\u1ea3i l\u00e0 cu\u1ed1n \u201cb\u00e1ch khoa to\u00e0n th\u01b0\u201d ch\u1eefa b\u00e1ch b\u1ec7nh \u1edf tr\u1ebb em, n\u00f3 \u0111\u01a1n gi\u1ea3n l\u00e0 l\u1eddi s\u1ebb chia v\u00e0 \u0111\u1ed9ng vi\u00ean g\u1eedi \u0111\u1ebfn c\u00e1c b\u00e0 m\u1eb9 tr\u1ebb n\u00f3i ri\u00eang v\u00e0 c\u00e1c gia \u0111\u00ecnh n\u00f3i chung.<\/p>\n<p>Hi v\u1ecdng, cu\u1ed1n s\u00e1ch s\u1ebd khi\u1ebfn c\u00e1c b\u1eadc ph\u1ee5 huynh c\u1ea3m th\u1ea5y nh\u01b0 m\u1ed9t lu\u1ed3ng gi\u00f3 m\u00e1t gi\u00fap \u201cc\u1edfi ph\u0103ng\u201d, \u201ccu\u1ed1n bay\u201d nh\u1eefng suy ngh\u0129, nh\u1eefng \u0111\u1ecbnh ki\u1ebfn kh\u00f4ng \u0111\u00fang nh\u01b0 nh\u1eefng l\u1edbp \u00e1o gi\u00e1p v\u1eefng ch\u1eafc v\u1ec1 hi\u1ec1u bi\u1ebft, v\u1ec1 c\u00e1ch ch\u0103m s\u00f3c tr\u1ebb khi b\u1ec7nh c\u0169ng nh\u01b0 khi kh\u1ecfe.<\/p>\n<p>Nh\u1eadn x\u00e9t<\/p>\n<p>\u201cKhi c\u1ea7m cu\u1ed1n s\u00e1ch tr\u00ean tay, t\u00f4i c\u1ea3m th\u1ea5y h\u1ebft s\u1ee9c th\u00fa v\u1ecb v\u00ec n\u1ed9i dung c\u1ee7a n\u00f3 \u0111\u00e3 g\u1ea1t b\u1ecf h\u1ea7u h\u1ebft m\u1ecdi quan ni\u1ec7m v\u1ec1 ch\u0103m s\u00f3c tr\u1ebb theo \u201ckinh nghi\u1ec7m\u201d truy\u1ec1n tai c\u1ee7a c\u00e1c b\u00e0 m\u1eb9 &#8211; nu\u00f4i con nh\u00ecn sang nh\u00e0 h\u00e0ng x\u00f3m. \u0110\u1eb7c bi\u1ec7t h\u01a1n, n\u00f3 \u0111\u01b0\u1ee3c t\u1ed5ng k\u1ebft t\u1eeb th\u1ef1c t\u1ebf ch\u0103m s\u00f3c con c\u1ee7a m\u1ed9t b\u00e0 m\u1eb9 tr\u1ebb. Nh\u1eefng r\u1eafc r\u1ed1i h\u1ebft s\u1ee9c \u0111\u1eddi th\u01b0\u1eddng t\u01b0\u1edfng nh\u01b0 nh\u1ecf nh\u1eb7t \u1ea5y \u0111\u00e3 \u0111\u01b0\u1ee3c gi\u1ea3i \u0111\u00e1p v\u00e0 ph\u00e2n t\u00edch m\u1ed9t c\u00e1ch c\u1eb7n k\u1ebd b\u1eb1ng c\u00e1c ch\u1ee9ng c\u1ee9 khoa h\u1ecdc v\u00e0 nh\u1eefng l\u1eddi khuy\u00ean c\u0169ng h\u1ebft s\u1ee9c \u0111\u1eddi th\u01b0\u1eddng.\u201d<\/p>\n<p>(Bs. Ng\u00f4 \u0110\u1ee9c H\u00f9ng, B\u1ec7nh vi\u1ec7n B\u1ea1ch Mai)<\/p>\n<p>&#8220;T\u1eeb gi\u00e2y ph\u00fat \u0111\u1ea7u ti\u00ean c\u1ea7m quy\u1ec3n s\u00e1ch tr\u00ean tay, t\u00f4i bi\u1ebft r\u1eb1ng quy\u1ec3n s\u00e1ch n\u00e0y s\u1ebd t\u1ea1o ra s\u1ef1 thay \u0111\u1ed5i trong nh\u1eadn th\u1ee9c c\u1ee7a cha m\u1eb9 Vi\u1ec7t v\u1ec1 c\u00e1ch ch\u1eefa tr\u1ecb b\u1eb1ng tr\u00e1i tim y\u00eau th\u01b0\u01a1ng, thay v\u00ec vi\u1ec7c ch\u1eefa tr\u1ecb th\u00f4ng th\u01b0\u1eddng th\u00f4ng qua c\u00e1c bi\u1ec3u hi\u1ec7n b\u1ec7nh l\u00fd.&#8221;<\/p>\n<p>(Mrs. Jeannie Chan-Ho, Vi\u1ec7n tr\u01b0\u1edfng Vi\u1ec7n Gi\u00e1o d\u1ee5c Shichida Vi\u1ec7t Nam)<\/p>\n<p>&#8220;S\u1ee9c kh\u1ecfe c\u1ee7a con lu\u00f4n l\u00e0 m\u1ed1i quan t\u00e2m h\u00e0ng \u0111\u1ea7u c\u1ee7a m\u1eb9. Ch\u1ec9 c\u1ea7n con h\u1eaft h\u01a1i th\u00f4i l\u00e0 lo l\u1eafng c\u00f3 ph\u1ea3i b\u1ec7nh kh\u00f4ng? Khi con b\u1ec7nh, m\u00ecnh ch\u0103m s\u00f3c sao \u0111\u00e2y? Sao th\u00e1ng n\u00e0y con t\u0103ng k\u00fd \u00edt v\u1eady? Ph\u00e1t tri\u1ec3n v\u1eady c\u00f3 b\u00ecnh th\u01b0\u1eddng kh\u00f4ng? C\u00f3 suy dinh d\u01b0\u1ee1ng kh\u00f4ng? H\u00f4m nay con \u0103n c\u00f3 v\u00e0i mu\u1ed7ng, sao \u0111\u1ee7 ch\u1ea5t? Bao nhi\u00eau lo l\u1eafng, t\u1eeb l\u1edbn \u0111\u1ebfn nh\u1ecf \u0111\u1ec1u \u0111\u01b0\u1ee3c B\u00e1c s\u0129 Tr\u00ed \u0110o\u00e0n gi\u1ea3i th\u00edch r\u00f5 r\u00e0ng, d\u1ec5 hi\u1ec3u v\u00e0 mang t\u00ednh khoa h\u1ecdc. Nhi\u1ec1u kinh nghi\u1ec7m d\u00e2n gian ch\u01b0a \u0111\u00fang c\u0169ng \u0111\u01b0\u1ee3c m\u1ed5 x\u1ebb, ph\u00e2n t\u00edch gi\u00fap c\u00e1c m\u1eb9 hi\u1ec3u c\u00e1i g\u00ec n\u00ean gi\u1eef l\u1ea1i, c\u00e1i g\u00ec n\u00ean \u0111i\u1ec1u ch\u1ec9nh cho \u0111\u00fang. Th\u1eadm ch\u00ed, nh\u1eefng ng\u01b0\u1eddi trong ng\u00e0nh y nh\u01b0 t\u00f4i c\u0169ng \u0111\u01b0\u1ee3c c\u1eadp nh\u1eadt nh\u1eefng ki\u1ebfn th\u1ee9c c\u0169 th\u00e0nh m\u1edbi. C\u00f3 th\u1ec3 n\u00f3i, ch\u01b0a quy\u1ec3n s\u00e1ch n\u00e0o l\u00e0m \u0111\u01b0\u01a1c \u0111i\u1ec1u n\u00e0y. T\u00f4i tin \u0110\u1ec3 con \u0111\u01b0\u1ee3c \u1ed1m l\u00e0 m\u1ed9t quy\u1ec3n s\u00e1ch \u0111\u00e1ng \u0111\u1ec3 g\u1ed1i \u0111\u1ea7u gi\u01b0\u1eddng cho c\u00e1c b\u00e0 m\u1eb9, gi\u00fap c\u00e1c m\u1eb9 t\u1ef1 tin ch\u0103m s\u00f3c b\u00e9 y\u00eau m\u1ed9t c\u00e1ch t\u1ed1t nh\u1ea5t!&#8221;<\/p>\n<p>(Bs. Anh Thy &#8211; Chuy\u00ean vi\u00ean T\u01b0 v\u1ea5n S\u1eefa m\u1eb9 Qu\u1ed1c t\u1ebf t\u1ea1i Vi\u1ec7t Nam)<\/p>\n<p>&#8220;C\u00e1i hay c\u1ee7a s\u00e1ch l\u00e0 gi\u00fap ch\u00fang ta &#8211; nh\u1eefng h\u1ecdc tr\u00f2 b\u1ee1 ng\u1ee1 trong l\u1edbp h\u1ecdc \u201cl\u00e0m cha m\u1eb9\u201d &#8211; gi\u1ea3m b\u1edbt \u00e1p l\u1ef1c trong qu\u00e1 tr\u00ecnh nu\u00f4i con. Nu\u00f4i con kh\u00f4ng bao gi\u1edd nh\u00e0n nh\u00e3, nh\u01b0ng n\u00ean mang \u0111\u1ebfn ni\u1ec1m vui, thay v\u00ec s\u1ef1 c\u0103ng th\u1eb3ng v\u00e0 nh\u1eefng chu\u1ed7i ng\u00e0y d\u00e0i b\u0103n kho\u0103n lo l\u1eafng, r\u1ed3i d\u1eabn t\u1edbi bao \u0111i\u1ec1u kh\u00f4ng hay kh\u00e1c.&#8221;<\/p>\n<p>(Bs. \u0110inh Hu\u1ef3nh Linh, B\u1ec7nh vi\u1ec7n Tim m\u1ea1ch Qu\u1ed1c gia)<\/p>\n","protected":false},"excerpt":{"rendered":"<p>TOP 100 BEST SELLER &#8211; \u0110\u1ec3 Con \u0110\u01b0\u1ee3c \u1ed0m<br \/>\n\u0110\u1ec3 con \u0111\u01b0\u1ee3c \u1ed1m c\u00f3 th\u1ec3 coi l\u00e0 m\u1ed9t cu\u1ed1n nh\u1eadt k\u00fd h\u1ecdc l\u00e0m m\u1eb9 th\u00f4ng qua nh\u1eefng c\u00e2u chuy\u1ec7n t\u1eeb tr\u1ea3i nghi\u1ec7m th\u1ef1c t\u1ebf m\u00e0 ch\u1ecb Uy\u00ean B\u00f9i \u0111\u00e3 tr\u1ea3i qua t\u1eeb khi mang thai \u0111\u1ebfn khi em b\u00e9 ch\u00e0o \u0111\u1eddi v\u00e0 tr\u1edf th\u00e0nh m\u1ed9t c\u00f4 b\u00e9 kh\u1ecfe m\u1ea1nh, vui v\u1ebb. C\u00f9ng v\u1edbi nh\u1eefng c\u00e2u chuy\u1ec7n nh\u1ecf th\u00fa v\u1ecb c\u1ee7a ng\u01b0\u1eddi m\u1eb9 l\u00e0 l\u1eddi khuy\u00ean mang t\u00ednh chuy\u00ean m\u00f4n, gi\u1ea3i \u0111\u00e1p c\u1ee5 th\u1ec3 t\u1eeb b\u00e1c s\u1ef9 Nguy\u1ec5n Tr\u00ed \u0110o\u00e0n, gi\u00fap h\u00f3a gi\u1ea3i nh\u1eefng hi\u1ec3u l\u1ea7m t\u1eeb kinh nghi\u1ec7m d\u00e2n gian \u0111\u01b0\u1ee3c truy\u1ec1n l\u1ea1i, c\u0169ng nh\u01b0 l\u00fd gi\u1ea3i m\u1ed9t c\u00e1ch khoa h\u1ecdc nh\u1eefng th\u00f4ng tin ch\u01b0a \u0111\u00fang \u0111\u1eafn \u0111ang \u0111\u01b0\u1ee3c l\u01b0u truy\u1ec1n hi\u1ec7n nay, mang \u0111\u1ebfn g\u00f3c nh\u00ecn \u0111\u00fang \u0111\u1eafn nh\u1ea5t cho m\u1ed7i hi\u1ec7n t\u01b0\u1ee3ng, s\u1ef1 vi\u1ec7c v\u1edbi nh\u1eefng ki\u1ebfn th\u1ee9c y khoa hi\u1ec7n \u0111\u1ea1i \u0111\u01b0\u1ee3c c\u1eadp nh\u1eadt li\u00ean t\u1ee5c. Cu\u1ed1n s\u00e1ch s\u1ebd gi\u00fap c\u00e1c b\u1eadc ph\u1ee5 huynh trang b\u1ecb m\u1ed9t s\u1ed1 ki\u1ebfn th\u1ee9c c\u01a1 b\u1ea3n trong vi\u1ec7c ch\u0103m s\u00f3c tr\u1ebb m\u1ed9t c\u00e1ch khoa h\u1ecdc v\u00e0 g\u00f3p ph\u1ea7n gi\u00fap c\u00e1c m\u1eb9 v\u00e0 nh\u1eefng-ng\u01b0\u1eddi-s\u1ebd-l\u00e0-m\u1eb9 tr\u1edf n\u00ean t\u1ef1 tin h\u01a1n trong vi\u1ec7c ch\u0103m con, xua tan \u0111i nh\u1eefng lo l\u1eafng, \u0111\u1ec3 m\u1ed7i em b\u00e9 ra \u0111\u1eddi \u0111\u1ec1u \u0111\u01b0\u1ee3c h\u01b0\u1edfng s\u1ef1 ch\u0103m s\u00f3c t\u1ed1t nh\u1ea5t.<\/p>\n<p>Tr\u00ean th\u1ecb tr\u01b0\u1eddng c\u00f3 nhi\u1ec1u \u0111\u1ea7u s\u00e1ch v\u1ec1 ch\u0103m s\u00f3c tr\u1ebb, tuy nhi\u00ean \u0111a ph\u1ea7n \u0111\u1ec1u l\u00e0 n\u1ed9i dung \u0111\u01b0\u1ee3c d\u1ecbch t\u1eeb c\u00e1c s\u00e1ch n\u01b0\u1edbc ngo\u00e0i n\u00ean ph\u1ea7n n\u00e0o \u0111\u00f3 kh\u00f4ng ph\u00f9 h\u1ee3p v\u1edbi c\u00e1c gia \u0111\u00ecnh Vi\u1ec7t b\u1edfi s\u1ef1 kh\u00e1c bi\u1ec7t v\u1ec1 suy ngh\u0129 v\u00e0 \u00fd th\u1ee9c h\u1ec7 c\u00f9ng nh\u1eefng quan ni\u1ec7m s\u1ed1ng. \u0110\u1eb7c bi\u1ec7t l\u00e0 c\u00e1c cu\u1ed1n s\u00e1ch \u1ea5y kh\u00f4ng bao gi\u1edd nh\u1eafc t\u1edbi c\u00e1ch x\u1eed l\u00fd c\u00e1c v\u1ea5n \u0111\u1ec1 \u0111\u1eddi th\u01b0\u1eddng, nh\u1eefng kinh nghi\u1ec7m d\u00e2n gian hay ph\u01b0\u01a1ng ph\u00e1p ch\u0103m s\u00f3c tr\u1ebb t\u1eeb \u201ckinh nghi\u1ec7m c\u00e1 nh\u00e2n\u201d c\u1ee7a c\u00e1c m\u1eb9 tr\u00e0n lan tr\u00ean c\u00e1c di\u1ec5n \u0111\u00e0n v\u00e0 m\u1ea1ng x\u00e3 h\u1ed9i &#8211; nh\u1eefng \u0111i\u1ec1u \u0111ang t\u1ed3n t\u1ea1i trong x\u00e3 h\u1ed9i Vi\u1ec7t ta hi\u1ec7n nay. Do \u0111\u00f3,\u0110\u1ec3 con \u0111\u01b0\u1ee3c \u1ed1m tr\u1edf th\u00e0nh m\u1ed9t t\u00e1c ph\u1ea9m \u0111\u1ed9c \u0111\u00e1o khi \u0111i s\u00e2u v\u00e0o v\u1ea5n \u0111\u1ec1 ch\u0103m s\u00f3c con tr\u1ebb c\u00f9ng nh\u1eefng \u0111i\u1ec1u b\u1ea5t c\u1eadp trong x\u00e3 h\u1ed9i Vi\u1ec7t, trong nh\u1eefng gia \u0111\u00ecnh Vi\u1ec7t, gi\u1eefa c\u00e1c th\u00e0nh vi\u00ean trong gia \u0111\u00ecnh. \u0110\u1ec3 con \u0111\u01b0\u1ee3c \u1ed1m kh\u00f4ng ph\u1ea3i l\u00e0 cu\u1ed1n \u201cb\u00e1ch khoa to\u00e0n th\u01b0\u201d ch\u1eefa b\u00e1ch b\u1ec7nh \u1edf tr\u1ebb em, n\u00f3 \u0111\u01a1n gi\u1ea3n l\u00e0 l\u1eddi s\u1ebb chia v\u00e0 \u0111\u1ed9ng vi\u00ean g\u1eedi \u0111\u1ebfn c\u00e1c b\u00e0 m\u1eb9 tr\u1ebb n\u00f3i ri\u00eang v\u00e0 c\u00e1c gia \u0111\u00ecnh n\u00f3i chung.<\/p>\n<p>Hi v\u1ecdng, cu\u1ed1n s\u00e1ch s\u1ebd khi\u1ebfn c\u00e1c b\u1eadc ph\u1ee5 huynh c\u1ea3m th\u1ea5y nh\u01b0 m\u1ed9t lu\u1ed3ng gi\u00f3 m\u00e1t gi\u00fap \u201cc\u1edfi ph\u0103ng\u201d, \u201ccu\u1ed1n bay\u201d nh\u1eefng suy ngh\u0129, nh\u1eefng \u0111\u1ecbnh ki\u1ebfn kh\u00f4ng \u0111\u00fang nh\u01b0 nh\u1eefng l\u1edbp \u00e1o gi\u00e1p v\u1eefng ch\u1eafc v\u1ec1 hi\u1ec1u bi\u1ebft, v\u1ec1 c\u00e1ch ch\u0103m s\u00f3c tr\u1ebb khi b\u1ec7nh c\u0169ng nh\u01b0 khi kh\u1ecfe.<\/p>\n","protected":false},"featured_media":10923,"template":"","meta":{"_acf_changed":false},"product_brand":[],"product_cat":[19],"product_tag":[],"class_list":{"0":"post-10935","1":"product","2":"type-product","3":"status-publish","4":"has-post-thumbnail","6":"product_cat-nuoi-day-con","8":"first","9":"outofstock","10":"taxable","11":"shipping-taxable","12":"purchasable","13":"product-type-simple"},"supplier_id":null,"supplier_sku":"","barcode":null,"atum_controlled":true,"out_stock_date":"2021-07-28 14:15:43","out_stock_threshold":null,"inheritable":false,"inbound_stock":0,"stock_on_hold":0,"sold_today":0,"sales_last_days":0,"reserved_stock":0,"customer_returns":0,"warehouse_damage":0,"lost_in_post":0,"other_logs":0,"out_stock_days":1645,"lost_sales":0,"has_location":false,"update_date":"2026-01-28T23:10:47","atum_locations":[],"atum_stock_status":"outofstock","restock_status":false,"low_stock_amount":"","sales_update_date":"2026-01-28T23:10:47","calc_backorders":null,"acf":{"publisher":{"ID":1424,"post_author":"1","post_date":"2021-02-17 00:02:29","post_date_gmt":"2021-02-16 22:02:29","post_content":"<!-- wp:flatsome\/uxbuilder -->\n<h1 style=\"text-align: center\"><strong>Nh\u00e3 Nam<\/strong><\/h1>\n[row]\n\n[col span=\"6\" span__sm=\"12\"]\n\n[ux_image id=\"1438\" image_size=\"medium\"]\n\n\n[\/col]\n[col span=\"6\" span__sm=\"12\"]\n\n<p><strong>C\u00f4ng ty c\u1ed5 ph\u1ea7n V\u0103n h\u00f3a v\u00e0 Truy\u1ec1n th\u00f4ng Nh\u00e3 Nam<\/strong><\/p>\n<p>Th\u00e1ng 2 n\u0103m 2005, Nh\u00e3 Nam, t\u00ean \u0111\u1ea7y \u0111\u1ee7 l\u00e0 C\u00f4ng ty C\u1ed5 ph\u1ea7n V\u0103n h\u00f3a v\u00e0 Truy\u1ec1n th\u00f4ng Nh\u00e3 Nam \u0111\u00e3 gia nh\u1eadp th\u1ecb tr\u01b0\u1eddng s\u00e1ch. T\u00e1c ph\u1ea9m \"Balzac v\u00e0 c\u00f4 b\u00e9 th\u1ee3 may Trung hoa\" c\u1ee7a \u0110\u1edbi T\u01b0 Ki\u1ec7t l\u00e0 cu\u1ed1n s\u00e1ch \u0111\u1ea7u ti\u00ean \u0111\u01b0\u1ee3c nh\u1eefng ng\u01b0\u1eddi s\u00e1ng l\u1eadp Nh\u00e3 Nam xu\u1ea5t b\u1ea3n c\u1ea3 tr\u01b0\u1edbc khi c\u00f4ng ty ra \u0111\u1eddi. Ngay l\u1eadp t\u1ee9c t\u1eeb cu\u1ed1n s\u00e1ch \u0111\u1ea7u ti\u00ean, \u0111\u1ed9c gi\u1ea3 \u0111\u00e3 d\u00e0nh s\u1ef1 quan t\u00e2m v\u00e0 y\u00eau m\u1ebfn cho m\u1ed9t th\u01b0\u01a1ng hi\u1ec7u s\u00e1ch m\u1edbi m\u1ebb mang trong m\u00ecnh kh\u00e1t v\u1ecdng g\u00f3p ph\u1ea7n t\u1ea1o l\u1eadp di\u1ec7n m\u1ea1o m\u1edbi cho xu\u1ea5t b\u1ea3n v\u0103n h\u1ecdc t\u1ea1i Vi\u1ec7t Nam.<\/p>\n<p>L\u00f2ng say m\u00ea c\u1ee7a \u0111\u1ed9i ng\u0169 l\u00e0 vi\u00ean \u0111\u00e1 \u0111\u1ea7u ti\u00ean. Tr\u1ea3i qua m\u1ea5y n\u0103m ph\u00e1t tri\u1ec3n, Nh\u00e3 Nam \u0111\u00e3 \u0111\u01b0\u1ee3c x\u00e2y d\u1ef1ng d\u1ea7n l\u00ean trong di\u1ec7n m\u1ea1o m\u1ed9t nh\u00e0 xu\u1ea5t b\u1ea3n v\u1eefng ch\u00e3i v\u00e0 chuy\u00ean nghi\u1ec7p. S\u00e1u th\u00e1ng sau khi th\u00e0nh l\u1eadp c\u00f4ng ty, Nh\u1eadt k\u00fd \u0110\u1eb7ng Th\u00f9y Tr\u00e2m ra \u0111\u1eddi, t\u1ea1o n\u00ean m\u1ed9t c\u01a1n s\u1ed1t trong x\u00e3 h\u1ed9i, v\u1edbi g\u1ea7n 500,000 b\u1ea3n s\u00e1ch \u0111\u01b0\u1ee3c ph\u00e1t h\u00e0nh, ph\u00e1 m\u1ecdi k\u1ef7 l\u1ee5c v\u1ec1 xu\u1ea5t b\u1ea3n tr\u01b0\u1edbc \u0111\u00f3, k\u00e9o theo m\u1ed9t lo\u1ea1t nh\u1eefng hi\u1ec7u \u1ee9ng x\u00e3 h\u1ed9i v\u00e0 d\u01b0 lu\u1eadn c\u00f3 \u00fd ngh\u0129a. T\u1eeb \u0111\u00f3 tr\u1edf \u0111i, th\u00f4ng qua Nh\u00e3 Nam, c\u00e1c cu\u1ed1n s\u00e1ch v\u0103n h\u1ecdc n\u01b0\u1edbc ngo\u00e0i c\u00f3 gi\u00e1 tr\u1ecb \u0111\u01b0\u1ee3c li\u00ean t\u1ee5c mua b\u1ea3n quy\u1ec1n v\u00e0 xu\u1ea5t b\u1ea3n t\u1ea1i Vi\u1ec7t Nam, thu h\u00fat nhi\u1ec1u t\u1ea7ng l\u1edbp \u0111\u1ed9c gi\u1ea3. S\u00e1ch c\u1ee7a Nh\u00e3 Nam n\u1ed5i b\u1eadt b\u1edfi n\u1ed9i dung v\u0103n h\u1ecdc tinh t\u1ebf, b\u1edfi v\u1ebb \u0111\u1eb9p c\u1ee7a thi\u1ebft k\u1ebf hi\u1ec7n \u0111\u1ea1i \u1edf h\u00ecnh th\u1ee9c, b\u1edfi s\u1ef1 ch\u0103m ch\u00fat k\u1ef9 l\u01b0\u1ee1ng cho m\u1ed7i cu\u1ed1n s\u00e1ch nh\u01b0 m\u1ed9t con thuy\u1ec1n mang t\u1edbi ni\u1ec1m vui, tri th\u1ee9c, ng\u1ea1c nhi\u00ean, v\u00e0 \u0111\u1ed3ng c\u1ea3m.<\/p>\n\n[\/col]\n\n[\/row]\n<p style=\"text-align: left\">Hi\u1ec3u th\u1eddi \u0111\u1ea1i \u0111ang s\u1ed1ng th\u00f4ng qua s\u00e1ch, song h\u00e0nh v\u1edbi nh\u1eefng bi\u1ebfn chuy\u1ec3n s\u00e2u s\u1eafc trong l\u00f2ng x\u00e3 h\u1ed9i b\u1eb1ng nh\u1eefng ho\u1ea1t \u0111\u1ed9ng xu\u1ea5t b\u1ea3n mi\u1ec7t m\u00e0i v\u00e0 qu\u1ea3 c\u1ea3m, con \u0111\u01b0\u1eddng Nh\u00e3 Nam \u0111\u00e3 ch\u1ecdn \u0111\u1ec3 \u0111i s\u1ebd c\u00f2n d\u00e0i. Nhi\u1ec1u kh\u00f3 kh\u0103n, th\u1eed th\u00e1ch \u0111ang \u1edf ph\u00eda tr\u01b0\u1edbc. B\u01b0\u1edbc qua th\u1eddi k\u1ef3 s\u01a1 khai v\u1edbi nh\u1eefng b\u00e0i h\u1ecdc v\u00e0 nh\u1eefng kinh nghi\u1ec7m \u0111\u1ea7u ti\u00ean, Nh\u00e3 Nam gi\u1edd \u0111\u00e3 s\u1eb5n s\u00e0ng cho m\u1ed9t ch\u1eb7ng \u0111\u01b0\u1eddng ph\u00e1t tri\u1ec3n m\u1edbi. V\u00e0 ch\u00fang t\u00f4i mu\u1ed1n ho\u00e0n thi\u1ec7n m\u00ecnh trong s\u1ef1 c\u1ea7u th\u1ecb v\u00e0 c\u1ea9n tr\u1ecdng. T\u1ea5t c\u1ea3 v\u00ec m\u1ed9t gia s\u1ea3n s\u00e1ch to l\u1edbn, c\u00f3 s\u1ee9c s\u1ed1ng d\u00e0i l\u00e2u, c\u00f3 \u00fd ngh\u0129a v\u1edbi nhi\u1ec1u th\u1ebf h\u1ec7 b\u1ea1n \u0111\u1ecdc.<br \/>B\u1edfi v\u00ec s\u00e1ch l\u00e0 th\u1ebf gi\u1edbi.<\/p>\n<p><strong>\u0110\u00e2y l\u00e0 m\u1ed9t nh\u00e0 ph\u00e1t h\u00e0nh s\u00e1ch m\u00e0 SACHVIET.EU r\u1ea5t y\u00eau th\u00edch v\u00e0 tin t\u01b0\u1edfng. Nh\u00ecn \u0111\u01b0\u1ee3c t\u1ea7m \u1ea3nh h\u01b0\u1edfng c\u1ee7a Nh\u00e3 Nam qua t\u1eebng cu\u1ed1n s\u00e1ch, SACHVIET.EU li\u00ean h\u1ec7 h\u1ee3p t\u00e1c ngay v\u1edbi Nh\u00e3 Nam \u0111\u1ec3 \u0111em to\u00e0n b\u1ed9 nh\u1eefng t\u00e1c ph\u1ea9m m\u1edbi, hay nh\u1ea5t m\u00e0 Nh\u00e3 Nam c\u00f3 sang Ch\u00e2u \u00c2u, \u0111\u01b0a \u0111\u1ebfn cho \u0111\u1ed9c gi\u1ea3 c\u00f3 nhi\u1ec1u s\u1ef1 l\u1ef1a ch\u1ecdn phong ph\u00fa h\u01a1n c\u1ea3 s\u00e1ch cho tr\u1ebb em l\u1eabn ng\u01b0\u1eddi l\u1edbn.\u00a0<\/strong><\/p>\n\n<!-- \/wp:flatsome\/uxbuilder -->","post_title":"Nh\u00e3 Nam","post_excerpt":"","post_status":"publish","comment_status":"closed","ping_status":"closed","post_password":"","post_name":"nha-nam","to_ping":"","pinged":"","post_modified":"2022-12-19 23:15:33","post_modified_gmt":"2022-12-19 21:15:33","post_content_filtered":"","post_parent":0,"guid":"https:\/\/sachviet.eu\/?post_type=publisher&#038;p=1424","menu_order":0,"post_type":"publisher","post_mime_type":"","comment_count":"0","filter":"raw"}},"_links":{"self":[{"href":"https:\/\/sachviet.eu\/en\/wp-json\/wp\/v2\/product\/10935","targetHints":{"allow":["GET"]}}],"collection":[{"href":"https:\/\/sachviet.eu\/en\/wp-json\/wp\/v2\/product"}],"about":[{"href":"https:\/\/sachviet.eu\/en\/wp-json\/wp\/v2\/types\/product"}],"wp:featuredmedia":[{"embeddable":true,"href":"https:\/\/sachviet.eu\/en\/wp-json\/wp\/v2\/media\/10923"}],"wp:attachment":[{"href":"https:\/\/sachviet.eu\/en\/wp-json\/wp\/v2\/media?parent=10935"}],"wp:term":[{"taxonomy":"product_brand","embeddable":true,"href":"https:\/\/sachviet.eu\/en\/wp-json\/wp\/v2\/product_brand?post=10935"},{"taxonomy":"product_cat","embeddable":true,"href":"https:\/\/sachviet.eu\/en\/wp-json\/wp\/v2\/product_cat?post=10935"},{"taxonomy":"product_tag","embeddable":true,"href":"https:\/\/sachviet.eu\/en\/wp-json\/wp\/v2\/product_tag?post=10935"}],"curies":[{"name":"wp","href":"https:\/\/api.w.org\/{rel}","templated":true}]}}