{"id":10922,"date":"2021-06-03T01:07:10","date_gmt":"2021-06-02T22:07:10","guid":{"rendered":"https:\/\/sachviet.eu\/shop\/mau-sac-va-phuong-phap-su-dungtai-ban-2018\/"},"modified":"2021-06-07T16:22:31","modified_gmt":"2021-06-07T13:22:31","slug":"mau-sac-va-phuong-phap-su-dungtai-ban-2018","status":"publish","type":"product","link":"https:\/\/sachviet.eu\/en\/shop\/mau-sac-va-phuong-phap-su-dungtai-ban-2018\/","title":{"rendered":"M\u00e0u S\u1eafc V\u00e0 Ph\u01b0\u01a1ng Ph\u00e1p S\u1eed D\u1ee5ng(T\u00e1i B\u1ea3n 2018)"},"content":{"rendered":"<p>M\u00e0u S\u1eafc V\u00e0 Ph\u01b0\u01a1ng Ph\u00e1p S\u1eed D\u1ee5ng<br \/>\n\u201cTrong m\u1ef9 thu\u1eadt kh\u00f4ng c\u00f3 m\u00e0u n\u00e0y \u0111\u1eb9p, m\u00e0u kia x\u1ea5u m\u00e0 ch\u1ec9 c\u00f3 h\u00f2a s\u1eafc \u0111\u1eb9p hay x\u1ea5u m\u00e0 th\u00f4i. T\u00ecm ra m\u1ed9t h\u00f2a s\u1eafc \u0111\u1eb9p m\u00e0 \u00edt m\u00e0u th\u00ec kh\u00f3 h\u01a1n m\u1ed9t h\u00f2a s\u1eafc \u0111\u1eb9p m\u00e0 nhi\u1ec1u m\u00e0u. Mu\u1ed1n c\u00f3 h\u00f2a s\u1eafc \u0111\u1eb9p, tr\u01b0\u1edbc h\u1ebft ch\u1ee7 th\u1ec3 s\u00e1ng t\u1ea1o ph\u1ea3i c\u00f3 th\u1ecb hi\u1ebfu, s\u1ef1 c\u1ea3m th\u1ee5 t\u1ed1t v\u1ec1 m\u00e0u. V\u1eady l\u00e0m c\u00e1ch n\u00e0o \u0111\u1ec3 nh\u00ecn v\u00e0 ph\u00e1t hi\u1ec7n ngh\u1ec7 thu\u1eadt ph\u1ed1i h\u1ee3p m\u00e0u s\u1eafc, \u0111\u1ec3 t\u1eeb \u0111\u00f3 l\u00e0m n\u1ec1n t\u1ea3ng l\u00fd lu\u1eadn cho ph\u1ed1i h\u1ecdp m\u00e0u s\u1eafc?<\/p>\n<p>Ch\u00fang ta n\u00ean bi\u1ebft r\u1eb1ng: cho d\u00f9 b\u00ean trong m\u1ed9t t\u00e1c ph\u1ea9m m\u1ef9 thu\u1eadt hai chi\u1ec1u, ba chi\u1ec1u hay m\u00f4i tr\u01b0\u1eddng c\u00f3 \u0111\u1ebfn v\u00e0i ng\u00e0n ho\u1eb7c m\u1ed9t tri\u1ec7u m\u00e0u \u0111i n\u1eefa th\u00ec t\u1ef1u trung ch\u00fang ch\u1ec9 c\u00f3 ba lo\u1ea1i m\u00e0u m\u00e0 th\u00f4i. \u0110\u00f3 l\u00e0: m\u00e0u n\u1ec1n (m\u00e0u ch\u1ee7 \u0111\u1ea1o), m\u00e0u nh\u1ea5n v\u00e0 c\u00e1c m\u00e0u gi\u1eef vai tr\u00f2 t\u1ea1o s\u1ef1 li\u00ean k\u1ebft gi\u1eefa m\u00e0u n\u1ec1n v\u00e0 c\u00e1c m\u00e0u nh\u1ea5n.<\/p>\n<p>Ngo\u00e0i vi\u1ec7c ch\u1ecdn gam m\u00e0u h\u1ee3p v\u1edbi \u00fd t\u01b0\u1edfng, \u0111\u1ec1 t\u00e0i, ch\u1ee7 \u0111\u1ec1, m\u1ee5c \u0111\u00edch g\u00e2y \u1ea5n t\u01b0\u1ee3ng\u2026 th\u00ec ngh\u1ec7 thu\u1eadt ph\u1ed1i h\u1ee3p m\u00e0u s\u1eafc t\u1ed1t ch\u00ednh l\u00e0 ngh\u1ec7 thu\u1eadt x\u1eed l\u00fd t\u1ed1t m\u1ed1i quan h\u1ec7 h\u00ecnh th\u1ee9c, s\u1ef1 t\u01b0\u01a1ng t\u00e1c t\u1ed1t gi\u1eefa ba lo\u1ea1i m\u00e0u n\u00e0y; tinh t\u1ebf h\u01a1n n\u1eefa l\u00e0 c\u00f2n d\u1ef1a v\u00e0o th\u1ee7 ph\u00e1p, k\u1ef9 thu\u1eadt di\u1ec5n t\u1ea3\u2026\u201d<\/p>\n<p>T\u1ea5t c\u1ea3 nh\u1eefng ki\u1ebfn th\u1ee9c \u0111\u00f3 \u0111\u01b0\u1ee3c \u0111\u1ec1 c\u1eadp chi ti\u1ebft trong cu\u1ed1n s\u00e1ch M\u00c0U S\u1eaeC V\u00c0 PH\u01af\u01a0NG PH\u00c1P S\u1eec D\u1ee4NG do H\u1ecda s\u0129 Uy\u00ean Huy (Hu\u1ef3nh V\u0103n M\u01b0\u1eddi) &#8211; Nh\u00e0 gi\u00e1o \u01b0u t\u00fa, Tr\u01b0\u1edfng khoa M\u1ef9 thu\u1eadt \u1ee9ng d\u1ee5ng, Tr\u01b0\u1eddng \u0110\u1ea1i h\u1ecdc M\u1ef9 thu\u1eadt TP. HCM &#8211; bi\u00ean so\u1ea1n. S\u00e1ch \u0111\u01b0\u1ee3c t\u00e1i b\u1ea3n l\u1ea7n th\u1ee9 nh\u1ea5t, c\u00f3 ch\u1ec9nh s\u1eeda b\u1ed5 sung, m\u1ed7i trang s\u00e1ch c\u00f3 k\u00e8m bi\u1ec3u m\u00e0u v\u00e0 th\u00f4ng s\u1ed1 (Color Chart) h\u1ec7 m\u00e0u CMYK.<\/p>\n<p>&#8211; Theo Nh\u00e0 l\u00fd lu\u1eadn ph\u00ea b\u00ecnh M\u1ef9 thu\u1eadt, NG\u01afT Tr\u01b0\u01a1ng Phi \u0110\u1ee9c, Hi\u1ec7u tr\u01b0\u1edfng tr\u01b0\u1eddng \u0110\u1ea1i h\u1ecdc M\u1ef9 thu\u1eadt TP. HCM nh\u1eadn x\u00e9t &#8220;&#8230; N\u1ed9i dung quy\u1ec3n s\u00e1ch \u0111\u01b0\u1ee3c tr\u00ecnh b\u00e0y c\u00f3 t\u00ednh h\u1ec7 th\u1ed1ng, cung c\u1ea5p cho ng\u01b0\u1eddi \u0111\u1ecdc nh\u1eefng kh\u00e1i ni\u1ec7m, nh\u1eefng ki\u1ebfn th\u1ee9c t\u1eeb th\u1ea5p \u0111\u1ebfn cao, t\u1eeb \u0111\u01a1n gi\u1ea3n \u0111\u1ebfn ph\u1ee9c t\u1ea1p v\u1ec1 m\u00e0u s\u1eafc c\u0169ng nh\u01b0 nh\u1eefng nguy\u00ean t\u1eafc c\u01a1 b\u1ea3n trong vi\u1ec7c s\u1eed d\u1ee5ng m\u00e0u s\u1eafc \u0111\u1ec3 s\u00e1ng t\u00e1c ngh\u1ec7 thu\u1eadt hay vi\u1ec7c \u1ee9ng d\u1ee5ng ch\u00fang trong m\u1ed9t s\u1ed1 l\u00e3nh v\u1ef1c kh\u00e1c c\u1ee7a \u0111\u1eddi s\u1ed1ng&#8230;&#8221;.<\/p>\n<p>&#8211; V\u1edbi Nh\u00e0 \u0111i\u00eau kh\u1eafc L\u00ea Minh Huy &#8211; Tr\u01b0\u1edfng khoa \u0110i\u00eau kh\u1eafc Tr\u01b0\u1eddng \u0110\u1ea1i h\u1ecdc M\u1ef9 thu\u1eadt TP. HCM &#8220;&#8230; Quy\u1ec3n s\u00e1ch M\u00e0u S\u1eafc V\u00e0 Ph\u01b0\u01a1ng Ph\u00e1p S\u1eed D\u1ee5ng kh\u00f4ng ch\u1ec9 cung c\u1ea5p cho m\u1ecdi ng\u01b0\u1eddi nh\u1eefng s\u1ef1 h\u01b0\u1edbng d\u1eabn nh\u1eadp m\u00f4n v\u1ec1 m\u00e0u s\u1eafc m\u00e0 c\u00f2n gi\u00fap cho m\u1ecdi ng\u01b0\u1eddi c\u00f3 c\u00e1i nh\u00ecn kh\u00e1ch quan, nh\u1eefng hi\u1ec3u bi\u1ebft nh\u1ea5t \u0111\u1ecbnh v\u1ec1 l\u1ecbch s\u1eed c\u1ee7a vi\u1ec7c nghi\u00ean c\u1ee9u m\u00e0u s\u1eafc th\u00f4ng qua nh\u1eefng t\u01b0 li\u1ec7u qu\u00fd b\u00e1u m\u00e0 t\u00e1c gi\u1ea3 \u0111\u00e3 c\u00f3 c\u00f4ng t\u1eadp h\u1ee3p, h\u01b0\u1edbng d\u1eabn v\u00e0 l\u00fd gi\u1ea3i c\u1ee7a t\u00e1c gi\u1ea3&#8230;&#8221;.<\/p>\n<p>&#8211; H\u1ecda s\u0129 Nguy\u1ec5n H\u00e1o Tho\u1ea1i, Ph\u00f3 Hi\u1ec7u tr\u01b0\u1edfng Tr\u01b0\u1eddng Cao \u0111\u1eb3ng M\u1ef9 thu\u1eadt trang tr\u00ed \u0110\u1ed3ng Nai &#8220;&#8230; Quy\u1ec3n s\u00e1ch n\u00e0y s\u1ebd l\u00e0 m\u1ed9t t\u01b0 li\u1ec7u th\u1ea3m kh\u1ea3o d\u00e0nh cho gi\u1ea3ng vi\u00ean, sinh vi\u00ean c\u00e1c tr\u01b0\u1eddng m\u1ef9 thu\u1eadt. Nh\u01b0ng th\u1ef1c t\u1ebf, theo t\u00f4i, c\u00f3 th\u1ec3 xem \u0111\u00e2y l\u00e0 t\u00e1c ph\u1ea9m lu\u00f4n song h\u00e0nh v\u1edbi h\u1ecda s\u0129 hay c\u00e1c nh\u00e0 thi\u1ebft k\u1ebf tr\u1ebb ng\u00e0y nay, v\u00ec n\u00f3 cung c\u1ea5p nhi\u1ec1u th\u00f4ng tin b\u1ed5 \u00edch v\u1ec1 m\u1eb7t ki\u1ebfn th\u1ee9c, l\u1ecbch s\u1eed c\u1ee7a m\u00e0u s\u1eafc v\u00e0 nh\u1eefng \u1ee9ng d\u1ee5ng c\u1ee5 th\u1ec3 l\u00e0m n\u1ec1n t\u1ea3ng cho ho\u1ea1t \u0111\u1ed9ng ngh\u1ec1 nghi\u1ec7p sau n\u00e0y&#8230;&#8221;.<\/p>\n","protected":false},"excerpt":{"rendered":"<p>\u201cTrong m\u1ef9 thu\u1eadt kh\u00f4ng c\u00f3 m\u00e0u n\u00e0y \u0111\u1eb9p, m\u00e0u kia x\u1ea5u m\u00e0 ch\u1ec9 c\u00f3 h\u00f2a s\u1eafc \u0111\u1eb9p hay x\u1ea5u m\u00e0 th\u00f4i. T\u00ecm ra m\u1ed9t h\u00f2a s\u1eafc \u0111\u1eb9p m\u00e0 \u00edt m\u00e0u th\u00ec kh\u00f3 h\u01a1n m\u1ed9t h\u00f2a s\u1eafc \u0111\u1eb9p m\u00e0 nhi\u1ec1u m\u00e0u. Mu\u1ed1n c\u00f3 h\u00f2a s\u1eafc \u0111\u1eb9p, tr\u01b0\u1edbc h\u1ebft ch\u1ee7 th\u1ec3 s\u00e1ng t\u1ea1o ph\u1ea3i c\u00f3 th\u1ecb hi\u1ebfu, s\u1ef1 c\u1ea3m th\u1ee5 t\u1ed1t v\u1ec1 m\u00e0u. V\u1eady l\u00e0m c\u00e1ch n\u00e0o \u0111\u1ec3 nh\u00ecn v\u00e0 ph\u00e1t hi\u1ec7n ngh\u1ec7 thu\u1eadt ph\u1ed1i h\u1ee3p m\u00e0u s\u1eafc, \u0111\u1ec3 t\u1eeb \u0111\u00f3 l\u00e0m n\u1ec1n t\u1ea3ng l\u00fd lu\u1eadn cho ph\u1ed1i h\u1ecdp m\u00e0u s\u1eafc?<\/p>\n<p>Ch\u00fang ta n\u00ean bi\u1ebft r\u1eb1ng: cho d\u00f9 b\u00ean trong m\u1ed9t t\u00e1c ph\u1ea9m m\u1ef9 thu\u1eadt hai chi\u1ec1u, ba chi\u1ec1u hay m\u00f4i tr\u01b0\u1eddng c\u00f3 \u0111\u1ebfn v\u00e0i ng\u00e0n ho\u1eb7c m\u1ed9t tri\u1ec7u m\u00e0u \u0111i n\u1eefa th\u00ec t\u1ef1u trung ch\u00fang ch\u1ec9 c\u00f3 ba lo\u1ea1i m\u00e0u m\u00e0 th\u00f4i. \u0110\u00f3 l\u00e0: m\u00e0u n\u1ec1n (m\u00e0u ch\u1ee7 \u0111\u1ea1o), m\u00e0u nh\u1ea5n v\u00e0 c\u00e1c m\u00e0u gi\u1eef vai tr\u00f2 t\u1ea1o s\u1ef1 li\u00ean k\u1ebft gi\u1eefa m\u00e0u n\u1ec1n v\u00e0 c\u00e1c m\u00e0u nh\u1ea5n.<\/p>\n<p>Ngo\u00e0i vi\u1ec7c ch\u1ecdn gam m\u00e0u h\u1ee3p v\u1edbi \u00fd t\u01b0\u1edfng, \u0111\u1ec1 t\u00e0i, ch\u1ee7 \u0111\u1ec1, m\u1ee5c \u0111\u00edch g\u00e2y \u1ea5n t\u01b0\u1ee3ng\u2026 th\u00ec ngh\u1ec7 thu\u1eadt ph\u1ed1i h\u1ee3p m\u00e0u s\u1eafc t\u1ed1t ch\u00ednh l\u00e0 ngh\u1ec7 thu\u1eadt x\u1eed l\u00fd t\u1ed1t m\u1ed1i quan h\u1ec7 h\u00ecnh th\u1ee9c, s\u1ef1 t\u01b0\u01a1ng t\u00e1c t\u1ed1t gi\u1eefa ba lo\u1ea1i m\u00e0u n\u00e0y; tinh t\u1ebf h\u01a1n n\u1eefa l\u00e0 c\u00f2n d\u1ef1a v\u00e0o th\u1ee7 ph\u00e1p, k\u1ef9 thu\u1eadt di\u1ec5n t\u1ea3\u2026\u201d<\/p>\n","protected":false},"featured_media":10920,"template":"","meta":{"_acf_changed":false},"product_brand":[],"product_cat":[18],"product_tag":[],"class_list":{"0":"post-10922","1":"product","2":"type-product","3":"status-publish","4":"has-post-thumbnail","6":"product_cat-kinh-te","8":"first","9":"outofstock","10":"taxable","11":"shipping-taxable","12":"purchasable","13":"product-type-simple"},"supplier_id":null,"supplier_sku":"","barcode":null,"atum_controlled":true,"out_stock_date":"2021-06-07 13:22:31","out_stock_threshold":null,"inheritable":false,"inbound_stock":0,"stock_on_hold":0,"sold_today":0,"sales_last_days":0,"reserved_stock":0,"customer_returns":0,"warehouse_damage":0,"lost_in_post":0,"other_logs":0,"out_stock_days":1696,"lost_sales":0,"has_location":false,"update_date":"2026-01-28T23:10:47","atum_locations":[],"atum_stock_status":"outofstock","restock_status":false,"low_stock_amount":"","sales_update_date":"2026-01-28T23:10:47","calc_backorders":null,"acf":{"publisher":{"ID":10919,"post_author":"1","post_date":"2021-06-03 01:07:04","post_date_gmt":"2021-06-02 22:07:04","post_content":"","post_title":"NXB M\u1ef9 Thu\u1eadt","post_excerpt":"","post_status":"publish","comment_status":"closed","ping_status":"closed","post_password":"","post_name":"nxb-my-thuat","to_ping":"","pinged":"","post_modified":"2021-06-03 01:07:04","post_modified_gmt":"2021-06-02 22:07:04","post_content_filtered":"","post_parent":0,"guid":"https:\/\/sachviet.eu\/nha-phat-hanh\/nxb-my-thuat\/","menu_order":0,"post_type":"publisher","post_mime_type":"","comment_count":"0","filter":"raw"}},"_links":{"self":[{"href":"https:\/\/sachviet.eu\/en\/wp-json\/wp\/v2\/product\/10922","targetHints":{"allow":["GET"]}}],"collection":[{"href":"https:\/\/sachviet.eu\/en\/wp-json\/wp\/v2\/product"}],"about":[{"href":"https:\/\/sachviet.eu\/en\/wp-json\/wp\/v2\/types\/product"}],"wp:featuredmedia":[{"embeddable":true,"href":"https:\/\/sachviet.eu\/en\/wp-json\/wp\/v2\/media\/10920"}],"wp:attachment":[{"href":"https:\/\/sachviet.eu\/en\/wp-json\/wp\/v2\/media?parent=10922"}],"wp:term":[{"taxonomy":"product_brand","embeddable":true,"href":"https:\/\/sachviet.eu\/en\/wp-json\/wp\/v2\/product_brand?post=10922"},{"taxonomy":"product_cat","embeddable":true,"href":"https:\/\/sachviet.eu\/en\/wp-json\/wp\/v2\/product_cat?post=10922"},{"taxonomy":"product_tag","embeddable":true,"href":"https:\/\/sachviet.eu\/en\/wp-json\/wp\/v2\/product_tag?post=10922"}],"curies":[{"name":"wp","href":"https:\/\/api.w.org\/{rel}","templated":true}]}}