{"id":10918,"date":"2021-06-03T01:06:55","date_gmt":"2021-06-02T22:06:55","guid":{"rendered":"https:\/\/sachviet.eu\/shop\/hoa-sen-tren-tuyet-tai-ban-2020\/"},"modified":"2024-05-28T22:47:42","modified_gmt":"2024-05-28T19:47:42","slug":"hoa-sen-tren-tuyet-tai-ban-2020","status":"publish","type":"product","link":"https:\/\/sachviet.eu\/en\/shop\/hoa-sen-tren-tuyet-tai-ban-2020\/","title":{"rendered":"Hoa Sen Tr\u00ean Tuy\u1ebft (T\u00e1i B\u1ea3n 2020)"},"content":{"rendered":"<p>Kh\u00f4ng ph\u1ea3i cu\u1ed1n s\u00e1ch n\u00f3i v\u1ec1 tri\u1ebft h\u1ecdc hay Ph\u1eadt gi\u00e1o, c\u0169ng kh\u00f4ng h\u1eb3n l\u00e0 t\u1ef1 truy\u1ec7n \u0111\u01b0\u1ee3c k\u1ec3 b\u1edfi m\u1ed9t tri\u1ec7u ph\u00fa, d\u00f9 \u0111\u00f3 l\u00e0 nh\u00e2n v\u1eadt ch\u00ednh, Hoa sen tr\u00ean tuy\u1ebft l\u00e0 h\u00e0nh tr\u00ecnh t\u00ecm ki\u1ebfm b\u1ea3n th\u00e2n c\u1ee7a r\u1ea5t nhi\u1ec1u ng\u01b0\u1eddi. Ch\u1ec9 \u0111\u1ec3 tr\u1ea3 l\u1eddi cho c\u00e2u h\u1ecfi: C\u00e2u tr\u1ea3 l\u1eddi \u0111\u00edch th\u1ef1c v\u1ec1 \u00fd ngh\u0129a cu\u1ed9c s\u1ed1ng l\u00e0 g\u00ec?<\/p>\n<p>Tr\u00ean n\u1ec1n c\u00e2u chuy\u1ec7n cu\u1ed9c \u0111\u1eddi c\u1ee7a nh\u00e2n v\u1eadt c\u00f3 th\u1eadt, tri\u1ec7u ph\u00fa Alan Havey, Hoa sen tr\u00ean tuy\u1ebft gieo v\u00e0o \u0111\u1ed9c gi\u1ea3 nhi\u1ec1u \u0111i\u1ec1u ph\u1ea3i ngh\u0129. Xu\u1ea5t th\u00e2n t\u1eeb m\u1ed9t gia \u0111\u00ecnh ngh\u00e8o \u1edf M\u1ef9 v\u00e0 hi\u1ec3u r\u00f5 gi\u00e1 tr\u1ecb c\u1ee7a \u0111\u1ed3ng ti\u1ec1n. Alan Havey \u0111\u00e3 n\u1ed7 l\u1ef1c r\u1ea5t nhi\u1ec1u \u0111\u1ec3 l\u00e0m vi\u1ec7c, h\u1ecdc t\u1eadp v\u00e0 \u0111\u1ea1t \u0111\u01b0\u1ee3c nh\u1eefng th\u00e0nh c\u00f4ng nh\u1ea5t \u0111\u1ecbnh: bi\u1ec7t th\u1ef1 l\u1ed9ng l\u1eaby b\u00ean b\u1edd Michigan, c\u0103n nh\u00e0 ngh\u1ec9 m\u00e1t tr\u00ean n\u00fai Mt Vernon, du thuy\u1ec1n, t\u00e0i kho\u1ea3n k\u1ebfch x\u00f9 trong ng\u00e2n h\u00e0ng v\u00e0 m\u1ed9t c\u00f4 v\u1ee3 \u0111\u1eb9p nh\u01b0 di\u1ec5n vi\u00ean \u0111i\u1ec7n \u1ea3nh\u2026 Cu\u1ed9c s\u1ed1ng \u0111\u1ea7y \u0111\u1ee7 c\u1ee9 th\u1ebf di\u1ec5n ra cho t\u1edbi khi nh\u1eefng bi\u1ebfn c\u1ed1 l\u1ea7n l\u01b0\u1ee3t \u0111\u1ebfn trong cu\u1ed9c \u0111\u1eddi: \u00f4ng ph\u00e1t hi\u1ec7n b\u1ecb ung th\u01b0; m\u1ed9t s\u1ed1 kho\u1ea3n \u0111\u1ea7u t\u01b0 b\u1ecb thua l\u1ed7 v\u00e0 s\u1ef1 nghi\u1ec7p c\u1ee7a \u00f4ng c\u00f3 chi\u1ec1u h\u01b0\u1edbng \u0111i xu\u1ed1ng. V\u00e0, ng\u01b0\u1eddi v\u1ee3 &#8211; c\u0169ng l\u00e0 ni\u1ec1m t\u1ef1 h\u00e0o c\u1ee7a \u00f4ng v\u1edbi m\u1ecdi ng\u01b0\u1eddi \u0111\u00f2i ly h\u00f4n \u0111\u1ec3 chia t\u00e0i s\u1ea3n\u2026<\/p>\n<p>T\u1ea1i sao \u00f4ng l\u1ea1i ph\u1ea3i g\u00e1nh ch\u1ecbu nh\u1eefng vi\u1ec7c nh\u01b0 v\u1eady trong khi \u00f4ng \u0111\u00e3 d\u00e0nh ph\u1ea7n l\u1edbn th\u1eddi gian, c\u00f4ng s\u1ee9c c\u1ee7a m\u00ecnh \u0111\u1ec3 l\u00e0m vi\u1ec7c v\u00e0 n\u1ed7 l\u1ef1c? \u00d4ng \u0111\u1ec3 v\u1ee3 \u00f4ng c\u00f3 cu\u1ed9c s\u1ed1ng t\u1ed1t nh\u1ea5t nh\u01b0ng cu\u1ed1i c\u00f9ng \u00f4ng v\u1eabn b\u1ecb b\u1ecf r\u01a1i v\u1edbi h\u00e0ng lo\u1ea1t c\u00e1o bu\u1ed9c? Th\u1ef1c s\u1ef1, s\u1ed1ng t\u1ed1t, s\u1ed1ng l\u00e0nh l\u00e0 t\u1ed1t hay kh\u00f4ng? C\u00e2u tr\u1ea3 l\u1eddi  r\u1eb1m \u1edf h\u00e0nh tr\u00ecnh \u00f4ng r\u1eddi b\u1ecf nh\u1eefng b\u1ebf t\u1eafc, theo l\u1eddi khuy\u00ean c\u1ee7a m\u1ed9t ng\u01b0\u1eddi b\u1ea1n, \u0111\u1ec3 th\u1ef1c hi\u1ec7n m\u1ed9t chuy\u1ebfn du l\u1ecbch \u201ckh\u00f4ng m\u1ee5c \u0111\u00edch\u201d \u0111\u1ebfn Dharamsala &#8211; n\u01a1i \u0110\u1ee9c \u0110\u1ea1t Lai L\u1ea1t Ma v\u00e0 h\u00e0ng ch\u1ee5c ngh\u00ecn ng\u01b0\u1eddi T\u00e2y T\u1ea1ng \u0111ang t\u1ecb n\u1ea1n. C\u1ea3 cu\u1ed1n s\u00e1ch l\u00e0 nh\u1eefng ghi ch\u00e9p t\u1ec9 m\u1ec9 v\u1ec1 h\u00e0nh tr\u00ecnh c\u1ee7a \u00f4ng, nh\u1eefng ng\u01b0\u1eddi \u00f4ng g\u1eb7p \u0111\u1ec3 t\u1eeb \u0111\u00f3, mang \u0111\u1ebfn l\u1eddi gi\u1ea3i \u0111\u00e1p cho c\u00e2u h\u1ecfi c\u1ee7a chung r\u1ea5t nhi\u1ec1u ng\u01b0\u1eddi: \u201c\u00dd ngh\u0129a c\u1ee7a cu\u1ed9c s\u1ed1ng n\u00e0y l\u00e0 g\u00ec?\u201d. <\/p>\n<p>Kh\u00f4ng trung th\u00e0nh v\u1edbi nguy\u00ean t\u00e1c, v\u1edbi s\u1ef1 am hi\u1ec3u s\u00e2u s\u1eafc v\u1ec1 v\u0103n ho\u00e1 \u0110\u00f4ng ph\u01b0\u01a1ng, th\u00f4ng tu\u1ec7 tri\u1ebft l\u00fd nh\u00e0 Ph\u1eadt, gi\u00e1o s\u01b0 John V\u0169 \u2013 Nguy\u00ean Phong ph\u00f3ng t\u00e1c l\u1ea1i Hoa sen tr\u00ean tuy\u1ebft kh\u00e1 th\u00e0nh c\u00f4ng. B\u1eb1ng l\u1ed1i k\u1ec3 g\u1ea7n g\u0169i, ch\u00e2n t\u00ecnh \u0111\u1ec3 nh\u1eefng tr\u1ea3i nghi\u1ec7m v\u00e0 c\u1ea3m x\u00fac c\u1ee7a Alan Havey, ng\u01b0\u1eddi \u0111\u00e3 t\u1eebng \u0111\u1ee9ng \u1edf \u0111\u1ec9nh cao trong n\u1ea5c thang \u0111\u1ecba v\u1ecb cu\u1ed9c \u0111\u1eddi \u0111\u01b0\u1ee3c truy\u1ec1n t\u1ea3i, ch\u1ea1m \u0111\u1ebfn h\u1ea7u h\u1ebft ng\u01b0\u1eddi \u0111\u1ecdc. B\u1ea5t k\u1ef3 ai c\u0169ng s\u1ebd t\u00ecm th\u1ea5y b\u1ea3n th\u00e2n m\u00ecnh \u1edf m\u1ed9t kh\u00eda c\u1ea1nh n\u00e0o \u0111\u00f3 qua l\u1eddi k\u1ec3 c\u1ee7a Allan. <\/p>\n<p>\u0110\u1ecdc Hoa sen tr\u00ean tuy\u1ebft \u0111\u1ed9c gi\u1ea3 c\u0169ng s\u1ebd hi\u1ec3u th\u00eam v\u1ec1 \u0111\u1eddi s\u1ed1ng n\u01a1i v\u0103n h\u00f3a t\u00e2m linh \u0111ang di\u1ec5n ra \u1edf v\u00f9ng tuy\u1ebft s\u01a1n T\u00e2y T\u1ea1ng. Su\u1ed1t h\u00e0nh tr\u00ecnh c\u1ee7a v\u1ecb tri\u1ec7u ph\u00fa, c\u00e2u th\u1ea7n ch\u00fa Om Mani Padme Hum xu\u1ea5t hi\u1ec7n h\u00e0ng ngh\u00ecn l\u1ea7n, \u1edf kh\u1eafp m\u1ecdi n\u01a1i v\u00e0 \u0111i s\u00e2u v\u00e0o \u0111\u1eddi s\u1ed1ng c\u1ee7a ng\u01b0\u1eddi d\u00e2n T\u00e2y T\u1ea1ng. Om Mani Padme Hum l\u00e0 c\u00e2u th\u1ea7n ch\u00fa linh thi\u00eang nh\u1ea5t c\u1ee7a ng\u01b0\u1eddi T\u00e2y T\u1ea1ng v\u00e0 n\u00f3 c\u00f3 ngh\u0129a l\u00e0 \u201cHoa sen tr\u00ean tuy\u1ebft\u201d. Ng\u01b0\u1eddi T\u00e2y T\u1ea1ng tin r\u1eb1ng, gi\u00f3 s\u1ebd gi\u00fap h\u1ecd lan truy\u1ec1n \u0111i\u1ec1u t\u1ed1t \u0111\u1eb9p, linh thi\u00eang \u0111\u1ebfn m\u1ecdi n\u01a1i, mu\u00f4n lo\u00e0i. V\u00ec v\u1eady h\u1ecd kh\u1eafc n\u00f3 tr\u00ean \u0111\u00e1, tr\u00ean g\u1ed7, d\u1ec7t tr\u00ean v\u1ea3i\u2026 v\u00e0 c\u1ea7u nguy\u1ec7n ngay c\u1ea3 khi \u0111ang \u0111i tr\u00ean \u0111\u01b0\u1eddng hay ngo\u00e0i ch\u1ee3\u2026. <\/p>\n<p>Xu\u1ea5t hi\u1ec7n c\u00e2u th\u1ea7n ch\u00fa n\u00e0y nhi\u1ec1u l\u1ea7n trong t\u1eadp s\u00e1ch, c\u00f3 l\u1ebd, ng\u01b0\u1eddi k\u1ec3 chuy\u1ec7n, Alan Havey, nh\u1eefng mong, nh\u1eefng t\u1ed1t l\u00e0nh n\u00e0y c\u0169ng s\u1ebd \u0111\u1ebfn v\u1edbi m\u1ecdi ng\u01b0\u1eddi. S\u00e1ch do<\/p>\n<p>Th\u00f4ng tin th\u00eam:<\/p>\n<p>D\u1ecbch gi\u1ea3 Nguy\u00ean Phong t\u00ean th\u1eadt l\u00e0 V\u0169 V\u0103n Du, sinh n\u0103m 1950 t\u1ea1i H\u00e0 N\u1ed9i. \u00d4ng r\u1eddi Vi\u1ec7t Nam du h\u1ecdc \u1edf Hoa K\u1ef3 t\u1eeb n\u0103m 1968 v\u00e0 t\u1ed1t nghi\u1ec7p cao h\u1ecdc \u1edf hai ng\u00e0nh Sinh v\u1eadt h\u1ecdc v\u00e0 \u0110i\u1ec7n to\u00e1n. Ngo\u00e0i c\u00f4ng vi\u1ec7c ch\u00ednh l\u00e0 m\u1ed9t k\u1ef9 s\u01b0 cao c\u1ea5p t\u1ea1i Boeing trong h\u01a1n 20 n\u0103m, \u00f4ng v\u1eabn ti\u1ebfp t\u1ee5c nghi\u00ean c\u1ee9u trong vai tr\u00f2 nh\u00e0 khoa h\u1ecdc t\u1ea1i \u0110\u1ea1i h\u1ecdc Carnergie Mellon v\u00e0 \u0110\u1ea1i h\u1ecdc Seattle. \u00d4ng c\u00f2n gi\u1ea3ng d\u1ea1y t\u1ea1i m\u1ed9t s\u1ed1 tr\u01b0\u1eddng \u0111\u1ea1i h\u1ecdc qu\u1ed1c t\u1ebf t\u1ea1i Trung Hoa, H\u00e0n Qu\u1ed1c, Nh\u1eadt B\u1ea3n, \u1ea4n \u0110\u1ed9 v\u1ec1 l\u0129nh v\u1ef1c c\u00f4ng ngh\u1ec7 ph\u1ea7n m\u1ec1m.<\/p>\n<p>Song song v\u1edbi vai tr\u00f2 m\u1ed9t nh\u00e0 khoa h\u1ecdc, Nguy\u00ean Phong c\u00f2n l\u00e0 d\u1ecbch gi\u1ea3 n\u1ed5i ti\u1ebfng c\u1ee7a lo\u1ea1t s\u00e1ch v\u1ec1 v\u0103n h\u00f3a v\u00e0 t\u00e2m linh ph\u01b0\u01a1ng \u0110\u00f4ng, chuy\u1ec3n th\u1ec3 t\u1eeb nhi\u1ec1u t\u00e1c ph\u1ea9m c\u1ee7a c\u00e1c h\u1ecdc gi\u1ea3 ph\u01b0\u01a1ng T\u00e2y sau qu\u00e1 tr\u00ecnh t\u00ecm hi\u1ec3u v\u00e0 kh\u00e1m ph\u00e1 c\u00e1c gi\u00e1 tr\u1ecb tinh th\u1ea7n t\u1eeb ph\u01b0\u01a1ng \u0110\u00f4ng. Trong s\u1ed1 \u0111\u00f3, c\u00f3 th\u1ec3 k\u1ec3: H\u00e0nh Tr\u00ecnh v\u1ec1 ph\u01b0\u01a1ng \u0110\u00f4ng, Ng\u1ecdc s\u00e1ng trong hoa sen, B\u00ean r\u1eb7ng Tuy\u1ebft s\u01a1n,  Hoa sen tr\u00ean tuy\u1ebft, Huy\u1ec1n thu\u1eadt v\u00e0 \u0111\u1ea1o s\u0129 T\u00e2y T\u1ea1ng, Minh Tri\u1ebft trong \u0111\u1eddi s\u1ed1ng, \u0110\u01b0\u1eddng m\u00e2y qua x\u1ee9 tuy\u1ebft\u2026 <\/p>\n<p>\u0110am m\u00ea thi\u1ec1n h\u1ecdc, nghi\u00ean c\u1ee9u s\u00e2u s\u1eafc c\u00e1c v\u1ea5n \u0111\u1ec1 t\u00e2m linh d\u01b0\u1edbi g\u00f3c nh\u00ecn c\u1ee7a khoa h\u1ecdc, nh\u1eefng t\u00e1c ph\u1ea9m c\u1ee7a \u00f4ng, ph\u1ea7n l\u1edbn l\u00e0 ph\u00f3ng t\u00e1c, gi\u00fap ng\u01b0\u1eddi \u0111\u1ecdc ti\u1ebfp c\u1eadn c\u00e1c t\u00e1c ph\u1ea9m g\u1ed1c thu\u1eadn l\u1ee3i h\u01a1n, l\u00fd gi\u1ea3i \u0111\u01b0\u1ee3c nh\u1eefng v\u1ea5n \u0111\u1ec1 c\u00f2n nhi\u1ec1u \u1ea9n s\u1ed1 b\u1eb1ng c\u00e1i nh\u00ecn minh tri\u1ebft.<\/p>\n","protected":false},"excerpt":{"rendered":"<p>Kh\u00f4ng ph\u1ea3i cu\u1ed1n s\u00e1ch n\u00f3i v\u1ec1 tri\u1ebft h\u1ecdc hay Ph\u1eadt gi\u00e1o, c\u0169ng kh\u00f4ng h\u1eb3n l\u00e0 t\u1ef1 truy\u1ec7n \u0111\u01b0\u1ee3c k\u1ec3 b\u1edfi m\u1ed9t tri\u1ec7u ph\u00fa, d\u00f9 \u0111\u00f3 l\u00e0 nh\u00e2n v\u1eadt ch\u00ednh, Hoa sen tr\u00ean tuy\u1ebft l\u00e0 h\u00e0nh tr\u00ecnh t\u00ecm ki\u1ebfm b\u1ea3n th\u00e2n c\u1ee7a r\u1ea5t nhi\u1ec1u ng\u01b0\u1eddi. Ch\u1ec9 \u0111\u1ec3 tr\u1ea3 l\u1eddi cho c\u00e2u h\u1ecfi: C\u00e2u tr\u1ea3 l\u1eddi \u0111\u00edch th\u1ef1c v\u1ec1 \u00fd ngh\u0129a cu\u1ed9c s\u1ed1ng l\u00e0 g\u00ec?<\/p>\n<p>Tr\u00ean n\u1ec1n c\u00e2u chuy\u1ec7n cu\u1ed9c \u0111\u1eddi c\u1ee7a nh\u00e2n v\u1eadt c\u00f3 th\u1eadt, tri\u1ec7u ph\u00fa Alan Havey, Hoa sen tr\u00ean tuy\u1ebft gieo v\u00e0o \u0111\u1ed9c gi\u1ea3 nhi\u1ec1u \u0111i\u1ec1u ph\u1ea3i ngh\u0129. Xu\u1ea5t th\u00e2n t\u1eeb m\u1ed9t gia \u0111\u00ecnh ngh\u00e8o \u1edf M\u1ef9 v\u00e0 hi\u1ec3u r\u00f5 gi\u00e1 tr\u1ecb c\u1ee7a \u0111\u1ed3ng ti\u1ec1n. Alan Havey \u0111\u00e3 n\u1ed7 l\u1ef1c r\u1ea5t nhi\u1ec1u \u0111\u1ec3 l\u00e0m vi\u1ec7c, h\u1ecdc t\u1eadp v\u00e0 \u0111\u1ea1t \u0111\u01b0\u1ee3c nh\u1eefng th\u00e0nh c\u00f4ng nh\u1ea5t \u0111\u1ecbnh: bi\u1ec7t th\u1ef1 l\u1ed9ng l\u1eaby b\u00ean b\u1edd Michigan, c\u0103n nh\u00e0 ngh\u1ec9 m\u00e1t tr\u00ean n\u00fai Mt Vernon, du thuy\u1ec1n, t\u00e0i kho\u1ea3n k\u1ebfch x\u00f9 trong ng\u00e2n h\u00e0ng v\u00e0 m\u1ed9t c\u00f4 v\u1ee3 \u0111\u1eb9p nh\u01b0 di\u1ec5n vi\u00ean \u0111i\u1ec7n \u1ea3nh\u2026 Cu\u1ed9c s\u1ed1ng \u0111\u1ea7y \u0111\u1ee7 c\u1ee9 th\u1ebf di\u1ec5n ra cho t\u1edbi khi nh\u1eefng bi\u1ebfn c\u1ed1 l\u1ea7n l\u01b0\u1ee3t \u0111\u1ebfn trong cu\u1ed9c \u0111\u1eddi: \u00f4ng ph\u00e1t hi\u1ec7n b\u1ecb ung th\u01b0; m\u1ed9t s\u1ed1 kho\u1ea3n \u0111\u1ea7u t\u01b0 b\u1ecb thua l\u1ed7 v\u00e0 s\u1ef1 nghi\u1ec7p c\u1ee7a \u00f4ng c\u00f3 chi\u1ec1u h\u01b0\u1edbng \u0111i xu\u1ed1ng. V\u00e0, ng\u01b0\u1eddi v\u1ee3 &#8211; c\u0169ng l\u00e0 ni\u1ec1m t\u1ef1 h\u00e0o c\u1ee7a \u00f4ng v\u1edbi m\u1ecdi ng\u01b0\u1eddi \u0111\u00f2i ly h\u00f4n \u0111\u1ec3 chia t\u00e0i s\u1ea3n\u2026<\/p>\n<p>T\u1ea1i sao \u00f4ng l\u1ea1i ph\u1ea3i g\u00e1nh ch\u1ecbu nh\u1eefng vi\u1ec7c nh\u01b0 v\u1eady trong khi \u00f4ng \u0111\u00e3 d\u00e0nh ph\u1ea7n l\u1edbn th\u1eddi gian, c\u00f4ng s\u1ee9c c\u1ee7a m\u00ecnh \u0111\u1ec3 l\u00e0m vi\u1ec7c v\u00e0 n\u1ed7 l\u1ef1c? \u00d4ng \u0111\u1ec3 v\u1ee3 \u00f4ng c\u00f3 cu\u1ed9c s\u1ed1ng t\u1ed1t nh\u1ea5t nh\u01b0ng cu\u1ed1i c\u00f9ng \u00f4ng v\u1eabn b\u1ecb b\u1ecf r\u01a1i v\u1edbi h\u00e0ng lo\u1ea1t c\u00e1o bu\u1ed9c? Th\u1ef1c s\u1ef1, s\u1ed1ng t\u1ed1t, s\u1ed1ng l\u00e0nh l\u00e0 t\u1ed1t hay kh\u00f4ng? C\u00e2u tr\u1ea3 l\u1eddi  r\u1eb1m \u1edf h\u00e0nh tr\u00ecnh \u00f4ng r\u1eddi b\u1ecf nh\u1eefng b\u1ebf t\u1eafc, theo l\u1eddi khuy\u00ean c\u1ee7a m\u1ed9t ng\u01b0\u1eddi b\u1ea1n, \u0111\u1ec3 th\u1ef1c hi\u1ec7n m\u1ed9t chuy\u1ebfn du l\u1ecbch \u201ckh\u00f4ng m\u1ee5c \u0111\u00edch\u201d \u0111\u1ebfn Dharamsala &#8211; n\u01a1i \u0110\u1ee9c \u0110\u1ea1t Lai L\u1ea1t Ma v\u00e0 h\u00e0ng ch\u1ee5c ngh\u00ecn ng\u01b0\u1eddi T\u00e2y T\u1ea1ng \u0111ang t\u1ecb n\u1ea1n. C\u1ea3 cu\u1ed1n s\u00e1ch l\u00e0 nh\u1eefng ghi ch\u00e9p t\u1ec9 m\u1ec9 v\u1ec1 h\u00e0nh tr\u00ecnh c\u1ee7a \u00f4ng, nh\u1eefng ng\u01b0\u1eddi \u00f4ng g\u1eb7p \u0111\u1ec3 t\u1eeb \u0111\u00f3, mang \u0111\u1ebfn l\u1eddi gi\u1ea3i \u0111\u00e1p cho c\u00e2u h\u1ecfi c\u1ee7a chung r\u1ea5t nhi\u1ec1u ng\u01b0\u1eddi: \u201c\u00dd ngh\u0129a c\u1ee7a cu\u1ed9c s\u1ed1ng n\u00e0y l\u00e0 g\u00ec?\u201d. <\/p>\n<p>Kh\u00f4ng trung th\u00e0nh v\u1edbi nguy\u00ean t\u00e1c, v\u1edbi s\u1ef1 am hi\u1ec3u s\u00e2u s\u1eafc v\u1ec1 v\u0103n ho\u00e1 \u0110\u00f4ng ph\u01b0\u01a1ng, th\u00f4ng tu\u1ec7 tri\u1ebft l\u00fd nh\u00e0 Ph\u1eadt, gi\u00e1o s\u01b0 John V\u0169 \u2013 Nguy\u00ean Phong ph\u00f3ng t\u00e1c l\u1ea1i Hoa sen tr\u00ean tuy\u1ebft kh\u00e1 th\u00e0nh c\u00f4ng. B\u1eb1ng l\u1ed1i k\u1ec3 g\u1ea7n g\u0169i, ch\u00e2n t\u00ecnh \u0111\u1ec3 nh\u1eefng tr\u1ea3i nghi\u1ec7m v\u00e0 c\u1ea3m x\u00fac c\u1ee7a Alan Havey, ng\u01b0\u1eddi \u0111\u00e3 t\u1eebng \u0111\u1ee9ng \u1edf \u0111\u1ec9nh cao trong n\u1ea5c thang \u0111\u1ecba v\u1ecb cu\u1ed9c \u0111\u1eddi \u0111\u01b0\u1ee3c truy\u1ec1n t\u1ea3i, ch\u1ea1m \u0111\u1ebfn h\u1ea7u h\u1ebft ng\u01b0\u1eddi \u0111\u1ecdc. B\u1ea5t k\u1ef3 ai c\u0169ng s\u1ebd t\u00ecm th\u1ea5y b\u1ea3n th\u00e2n m\u00ecnh \u1edf m\u1ed9t kh\u00eda c\u1ea1nh n\u00e0o \u0111\u00f3 qua l\u1eddi k\u1ec3 c\u1ee7a Allan. <\/p>\n<p>\u0110\u1ecdc Hoa sen tr\u00ean tuy\u1ebft \u0111\u1ed9c gi\u1ea3 c\u0169ng s\u1ebd hi\u1ec3u th\u00eam v\u1ec1 \u0111\u1eddi s\u1ed1ng n\u01a1i v\u0103n h\u00f3a t\u00e2m linh \u0111ang di\u1ec5n ra \u1edf v\u00f9ng tuy\u1ebft s\u01a1n T\u00e2y T\u1ea1ng. Su\u1ed1t h\u00e0nh tr\u00ecnh c\u1ee7a v\u1ecb tri\u1ec7u ph\u00fa, c\u00e2u th\u1ea7n ch\u00fa Om Mani Padme Hum xu\u1ea5t hi\u1ec7n h\u00e0ng ngh\u00ecn l\u1ea7n, \u1edf kh\u1eafp m\u1ecdi n\u01a1i v\u00e0 \u0111i s\u00e2u v\u00e0o \u0111\u1eddi s\u1ed1ng c\u1ee7a ng\u01b0\u1eddi d\u00e2n T\u00e2y T\u1ea1ng. Om Mani Padme Hum l\u00e0 c\u00e2u th\u1ea7n ch\u00fa linh thi\u00eang nh\u1ea5t c\u1ee7a ng\u01b0\u1eddi T\u00e2y T\u1ea1ng v\u00e0 n\u00f3 c\u00f3 ngh\u0129a l\u00e0 \u201cHoa sen tr\u00ean tuy\u1ebft\u201d. Ng\u01b0\u1eddi T\u00e2y T\u1ea1ng tin r\u1eb1ng, gi\u00f3 s\u1ebd gi\u00fap h\u1ecd lan truy\u1ec1n \u0111i\u1ec1u t\u1ed1t \u0111\u1eb9p, linh thi\u00eang \u0111\u1ebfn m\u1ecdi n\u01a1i, mu\u00f4n lo\u00e0i. V\u00ec v\u1eady h\u1ecd kh\u1eafc n\u00f3 tr\u00ean \u0111\u00e1, tr\u00ean g\u1ed7, d\u1ec7t tr\u00ean v\u1ea3i\u2026 v\u00e0 c\u1ea7u nguy\u1ec7n ngay c\u1ea3 khi \u0111ang \u0111i tr\u00ean \u0111\u01b0\u1eddng hay ngo\u00e0i ch\u1ee3\u2026.<\/p>\n","protected":false},"featured_media":10917,"template":"","meta":{"_acf_changed":false},"product_brand":[],"product_cat":[15,76],"product_tag":[],"class_list":{"0":"post-10918","1":"product","2":"type-product","3":"status-publish","4":"has-post-thumbnail","6":"product_cat-sach-danh-cho-nguoi-lon","7":"product_cat-ton-giao-tam-linh","9":"first","10":"instock","11":"taxable","12":"shipping-taxable","13":"purchasable","14":"product-type-simple"},"supplier_id":null,"supplier_sku":"","barcode":null,"atum_controlled":true,"out_stock_date":null,"out_stock_threshold":null,"inheritable":false,"inbound_stock":0,"stock_on_hold":0,"sold_today":0,"sales_last_days":0,"reserved_stock":0,"customer_returns":0,"warehouse_damage":0,"lost_in_post":0,"other_logs":0,"out_stock_days":0,"lost_sales":0,"has_location":false,"update_date":"2026-01-28T23:10:47","atum_locations":[],"atum_stock_status":"instock","restock_status":false,"low_stock_amount":"","sales_update_date":"2026-01-28T23:10:47","calc_backorders":null,"acf":{"publisher":{"ID":6196,"post_author":"1","post_date":"2021-03-15 01:26:01","post_date_gmt":"2021-03-14 23:26:01","post_content":"","post_title":"FIRST NEWS","post_excerpt":"","post_status":"publish","comment_status":"closed","ping_status":"closed","post_password":"","post_name":"first-news","to_ping":"","pinged":"","post_modified":"2021-03-15 01:26:01","post_modified_gmt":"2021-03-14 23:26:01","post_content_filtered":"","post_parent":0,"guid":"https:\/\/sachviet.eu\/blog\/nha-phat-hanh\/first-news\/","menu_order":0,"post_type":"publisher","post_mime_type":"","comment_count":"0","filter":"raw"}},"_links":{"self":[{"href":"https:\/\/sachviet.eu\/en\/wp-json\/wp\/v2\/product\/10918","targetHints":{"allow":["GET"]}}],"collection":[{"href":"https:\/\/sachviet.eu\/en\/wp-json\/wp\/v2\/product"}],"about":[{"href":"https:\/\/sachviet.eu\/en\/wp-json\/wp\/v2\/types\/product"}],"wp:featuredmedia":[{"embeddable":true,"href":"https:\/\/sachviet.eu\/en\/wp-json\/wp\/v2\/media\/10917"}],"wp:attachment":[{"href":"https:\/\/sachviet.eu\/en\/wp-json\/wp\/v2\/media?parent=10918"}],"wp:term":[{"taxonomy":"product_brand","embeddable":true,"href":"https:\/\/sachviet.eu\/en\/wp-json\/wp\/v2\/product_brand?post=10918"},{"taxonomy":"product_cat","embeddable":true,"href":"https:\/\/sachviet.eu\/en\/wp-json\/wp\/v2\/product_cat?post=10918"},{"taxonomy":"product_tag","embeddable":true,"href":"https:\/\/sachviet.eu\/en\/wp-json\/wp\/v2\/product_tag?post=10918"}],"curies":[{"name":"wp","href":"https:\/\/api.w.org\/{rel}","templated":true}]}}