{"id":10908,"date":"2021-06-03T01:06:12","date_gmt":"2021-06-02T22:06:12","guid":{"rendered":"https:\/\/sachviet.eu\/shop\/harry-potter-va-hon-da-phu-thuy-tap-1-ban-dac-biet-co-tranh-minh-hoa-mau\/"},"modified":"2024-01-06T13:32:23","modified_gmt":"2024-01-06T11:32:23","slug":"harry-potter-va-hon-da-phu-thuy-tap-1-ban-dac-biet-co-tranh-minh-hoa-mau","status":"publish","type":"product","link":"https:\/\/sachviet.eu\/en\/shop\/harry-potter-va-hon-da-phu-thuy-tap-1-ban-dac-biet-co-tranh-minh-hoa-mau\/","title":{"rendered":"Harry Potter V\u00e0 H\u00f2n \u0110\u00e1 Ph\u00f9 Th\u1ee7y &#8211; T\u1eadp 1 (B\u1ea3n \u0110\u1eb7c Bi\u1ec7t C\u00f3 Tranh Minh H\u1ecda M\u00e0u)"},"content":{"rendered":"<p>Harry Potter V\u00e0 H\u00f2n \u0110\u00e1 Ph\u00f9 Th\u1ee7y (B\u1ea3n \u0110\u1eb7c Bi\u1ec7t C\u00f3 Tranh Minh H\u1ecda M\u00e0u)<br \/>\nT\u1eeb h\u00ecnh \u1ea3nh chi\u1ebfc m\u0169 ph\u00e2n lo\u1ea1i \u0111\u1ebfn v\u1ebb nham hi\u1ec3m c\u1ee7a gi\u00e1o s\u01b0 Snape hay m\u00e0u t\u00f3c \u0111\u1ecf r\u1ef1c \u0111\u1eb7c tr\u01b0ng c\u1ee7a Ron, h\u1ecda s\u0129 Jim Kay \u0111\u00e3 mang \u0111\u1ebfn cho ng\u01b0\u1eddi \u0111\u1ecdc nh\u1eefng h\u00ecnh \u1ea3nh v\u00f4 c\u00f9ng r\u1ef1c r\u1ee1 v\u00e0 sinh \u0111\u1ed9ng trong phi\u00ean b\u1ea3n s\u00e1ch \u1ea3nh c\u1ee7a ph\u1ea7n m\u1ed9t b\u1ed9 truy\u1ec7n \u201cHarry Potter v\u00e0 H\u00f2n \u0111\u00e1 ph\u00f9 th\u1ee7y\u201d. <\/p>\n<p>T\u00e1c gi\u1ea3 c\u1ee7a nh\u1eefng b\u1ee9c h\u00ecnh n\u00e0y l\u00e0 h\u1ecda s\u0129 Jim Kay. Jim Kay \u0111\u01b0\u1ee3c tin t\u01b0\u1edfng cho vai tr\u00f2 h\u1ecda s\u0129 tranh minh h\u1ecda c\u1ee7a cu\u1ed1n s\u00e1ch b\u1edfi nh\u1eefng n\u00e9t v\u1ebd m\u1ed9c m\u1ea1c nh\u01b0ng v\u1eabn l\u1ed9t t\u1ea3 \u0111\u01b0\u1ee3c b\u1ed1i c\u1ea3nh c\u00e2u truy\u1ec7n m\u1ed9t c\u00e1ch ch\u00e2n th\u1ef1c nh\u1ea5t t\u1eeb g\u00f3c c\u1ea7u thang nh\u00e0 d\u00ec Petuina &#8211; n\u01a1i Harry tr\u00fa th\u00e2n cho t\u1edbi nh\u1eefng nh\u00e2n v\u1eadt kh\u00e1c trong truy\u1ec7n. <\/p>\n<p>Cu\u1ed1n s\u00e1ch \u1ea3nh \u0111\u01b0\u1ee3c l\u1ef1a ch\u1ecdn k\u1ef9 c\u00e0ng b\u1edfi m\u1eb9 \u0111\u1ebb c\u1ee7a b\u1ed9 truy\u1ec7n, n\u1eef t\u00e1c gi\u1ea3 JK Rowling. H\u1ecda s\u0129 hy v\u1ecdng \u0111\u1ed9c gi\u1ea3 s\u1ebd th\u00edch th\u00fa v\u1edbi nh\u1eefng b\u1ee9c tranh \u0111\u01b0\u1ee3c th\u1ec3 hi\u1ec7n d\u01b0\u1edbi \u0111\u00f4i b\u00e0n tay t\u00e0i hoa c\u1ee7a m\u00ecnh.<\/p>\n","protected":false},"excerpt":{"rendered":"<p>Harry Potter V\u00e0 H\u00f2n \u0110\u00e1 Ph\u00f9 Th\u1ee7y (B\u1ea3n \u0110\u1eb7c Bi\u1ec7t C\u00f3 Tranh Minh H\u1ecda M\u00e0u)<br \/>\nT\u1eeb h\u00ecnh \u1ea3nh chi\u1ebfc m\u0169 ph\u00e2n lo\u1ea1i \u0111\u1ebfn v\u1ebb nham hi\u1ec3m c\u1ee7a gi\u00e1o s\u01b0 Snape hay m\u00e0u t\u00f3c \u0111\u1ecf r\u1ef1c \u0111\u1eb7c tr\u01b0ng c\u1ee7a Ron, h\u1ecda s\u0129 Jim Kay \u0111\u00e3 mang \u0111\u1ebfn cho ng\u01b0\u1eddi \u0111\u1ecdc nh\u1eefng h\u00ecnh \u1ea3nh v\u00f4 c\u00f9ng r\u1ef1c r\u1ee1 v\u00e0 sinh \u0111\u1ed9ng trong phi\u00ean b\u1ea3n s\u00e1ch \u1ea3nh c\u1ee7a ph\u1ea7n m\u1ed9t b\u1ed9 truy\u1ec7n \u201cHarry Potter v\u00e0 H\u00f2n \u0111\u00e1 ph\u00f9 th\u1ee7y\u201d. <\/p>\n<p>T\u00e1c gi\u1ea3 c\u1ee7a nh\u1eefng b\u1ee9c h\u00ecnh n\u00e0y l\u00e0 h\u1ecda s\u0129 Jim Kay. Jim Kay \u0111\u01b0\u1ee3c tin t\u01b0\u1edfng cho vai tr\u00f2 h\u1ecda s\u0129 tranh minh h\u1ecda c\u1ee7a cu\u1ed1n s\u00e1ch b\u1edfi nh\u1eefng n\u00e9t v\u1ebd m\u1ed9c m\u1ea1c nh\u01b0ng v\u1eabn l\u1ed9t t\u1ea3 \u0111\u01b0\u1ee3c b\u1ed1i c\u1ea3nh c\u00e2u truy\u1ec7n m\u1ed9t c\u00e1ch ch\u00e2n th\u1ef1c nh\u1ea5t t\u1eeb g\u00f3c c\u1ea7u thang nh\u00e0 d\u00ec Petuina &#8211; n\u01a1i Harry tr\u00fa th\u00e2n cho t\u1edbi nh\u1eefng nh\u00e2n v\u1eadt kh\u00e1c trong truy\u1ec7n. <\/p>\n<p>Cu\u1ed1n s\u00e1ch \u1ea3nh \u0111\u01b0\u1ee3c l\u1ef1a ch\u1ecdn k\u1ef9 c\u00e0ng b\u1edfi m\u1eb9 \u0111\u1ebb c\u1ee7a b\u1ed9 truy\u1ec7n, n\u1eef t\u00e1c gi\u1ea3 JK Rowling. H\u1ecda s\u0129 hy v\u1ecdng \u0111\u1ed9c gi\u1ea3 s\u1ebd th\u00edch th\u00fa v\u1edbi nh\u1eefng b\u1ee9c tranh \u0111\u01b0\u1ee3c th\u1ec3 hi\u1ec7n d\u01b0\u1edbi \u0111\u00f4i b\u00e0n tay t\u00e0i hoa c\u1ee7a m\u00ecnh.<\/p>\n","protected":false},"featured_media":10897,"template":"","meta":{"_acf_changed":false},"product_brand":[],"product_cat":[15,74],"product_tag":[85],"class_list":{"0":"post-10908","1":"product","2":"type-product","3":"status-publish","4":"has-post-thumbnail","6":"product_cat-sach-danh-cho-nguoi-lon","7":"product_cat-vien-tuong-kiem-hiep","8":"product_tag-special-editions","10":"first","11":"outofstock","12":"taxable","13":"shipping-taxable","14":"purchasable","15":"product-type-simple"},"supplier_id":null,"supplier_sku":"","barcode":null,"atum_controlled":true,"out_stock_date":"2024-01-06 11:32:23","out_stock_threshold":null,"inheritable":false,"inbound_stock":1,"stock_on_hold":0,"sold_today":0,"sales_last_days":0,"reserved_stock":0,"customer_returns":0,"warehouse_damage":0,"lost_in_post":0,"other_logs":0,"out_stock_days":753,"lost_sales":0,"has_location":false,"update_date":"2026-01-28T23:10:47","atum_locations":[],"atum_stock_status":"outofstock","restock_status":false,"low_stock_amount":"","sales_update_date":"2026-01-28T23:10:47","calc_backorders":null,"acf":{"publisher":{"ID":1517,"post_author":"1","post_date":"2021-02-17 01:14:41","post_date_gmt":"2021-02-16 23:14:41","post_content":"","post_title":"NXB Tr\u1ebb","post_excerpt":"","post_status":"publish","comment_status":"closed","ping_status":"closed","post_password":"","post_name":"nxb-tre","to_ping":"","pinged":"","post_modified":"2021-02-17 01:14:41","post_modified_gmt":"2021-02-16 23:14:41","post_content_filtered":"","post_parent":0,"guid":"https:\/\/sachviet.eu\/nha-phat-hanh\/nxb-tre\/","menu_order":0,"post_type":"publisher","post_mime_type":"","comment_count":"0","filter":"raw"}},"_links":{"self":[{"href":"https:\/\/sachviet.eu\/en\/wp-json\/wp\/v2\/product\/10908","targetHints":{"allow":["GET"]}}],"collection":[{"href":"https:\/\/sachviet.eu\/en\/wp-json\/wp\/v2\/product"}],"about":[{"href":"https:\/\/sachviet.eu\/en\/wp-json\/wp\/v2\/types\/product"}],"wp:featuredmedia":[{"embeddable":true,"href":"https:\/\/sachviet.eu\/en\/wp-json\/wp\/v2\/media\/10897"}],"wp:attachment":[{"href":"https:\/\/sachviet.eu\/en\/wp-json\/wp\/v2\/media?parent=10908"}],"wp:term":[{"taxonomy":"product_brand","embeddable":true,"href":"https:\/\/sachviet.eu\/en\/wp-json\/wp\/v2\/product_brand?post=10908"},{"taxonomy":"product_cat","embeddable":true,"href":"https:\/\/sachviet.eu\/en\/wp-json\/wp\/v2\/product_cat?post=10908"},{"taxonomy":"product_tag","embeddable":true,"href":"https:\/\/sachviet.eu\/en\/wp-json\/wp\/v2\/product_tag?post=10908"}],"curies":[{"name":"wp","href":"https:\/\/api.w.org\/{rel}","templated":true}]}}