{"id":10896,"date":"2021-06-03T01:05:47","date_gmt":"2021-06-02T22:05:47","guid":{"rendered":"https:\/\/sachviet.eu\/shop\/suc-manh-cua-ngon-tu\/"},"modified":"2023-04-21T22:41:41","modified_gmt":"2023-04-21T19:41:41","slug":"suc-manh-cua-ngon-tu","status":"publish","type":"product","link":"https:\/\/sachviet.eu\/en\/shop\/suc-manh-cua-ngon-tu\/","title":{"rendered":"S\u1ee9c M\u1ea1nh C\u1ee7a Ng\u00f4n T\u1eeb"},"content":{"rendered":"<p>B\u00ed quy\u1ebft thay \u0111\u1ed5i kh\u1ea3 n\u0103ng ng\u00f4n ng\u1eef c\u1ee7a ch\u00ednh b\u1ea1n!<\/p>\n<p>Cu\u1ed1n s\u00e1ch y\u00eau th\u00edch c\u1ee7a V &#8211; th\u00e0nh vi\u00ean nh\u00f3m nh\u1ea1c n\u1ed5i ti\u1ebfng to\u00e0n c\u1ea7u BTS.<\/p>\n<p>L\u1ecdt top nh\u1eefng cu\u1ed1n s\u00e1ch \u0111\u01b0\u1ee3c \u0111\u1ecdc nhi\u1ec1u nh\u1ea5t H\u00e0n Qu\u1ed1c n\u0103m 2019.<\/p>\n<p>Li\u00ean t\u1ee5c sold out tr\u00ean to\u00e0n h\u1ec7 th\u1ed1ng m\u1ed7i l\u1ea7n t\u00e1i b\u1ea3n.<\/p>\n<p>\u0110\u01b0\u1ee3c nhi\u1ec1u qu\u1ed1c gia mua b\u1ea3n quy\u1ec1n v\u00e0 chuy\u1ec3n ng\u1eef sang nhi\u1ec1u th\u1ee9 ti\u1ebfng nh\u01b0 Trung Qu\u1ed1c, \u0110\u00e0i Loan, Th\u00e1i Lan,\u2026<\/p>\n<p>\u1ea4n ph\u1ea9m gi\u1edbi thi\u1ec7u \u0111\u1ebfn \u0111\u1ed9c gi\u1ea3 t\u00e1m giai \u0111o\u1ea1n kh\u00e1c nhau \u0111\u1ec3 c\u1ea3i thi\u1ec7n k\u1ef9 n\u0103ng n\u00f3i c\u1ee7a b\u1ea1n t\u1eeb c\u01a1 b\u1ea3n \u0111\u1ebfn n\u00e2ng cao.<\/p>\n<p>K\u1ef9 n\u0103ng giao ti\u1ebfp l\u00e0 m\u1ed9t trong nh\u1eefng k\u1ef9 n\u0103ng s\u1ed1ng v\u00f4 c\u00f9ng quan tr\u1ecdng, tuy nhi\u00ean \u0111\u00f4i khi ch\u00fang ta l\u1ea1i kh\u00f4ng m\u1ea5y \u0111\u1ec3 \u00fd t\u1edbi ch\u00fang. \u0110\u1ec3 \u0111\u1ea1t \u0111\u01b0\u1ee3c \u0111i\u1ec1u b\u1ea1n mong mu\u1ed1n, ng\u00f4n t\u1eeb ch\u00ednh l\u00e0 chi\u1ebfc ch\u00eca kh\u00f3a \u0111\u1ea7u ti\u00ean. S\u1ee9c m\u1ea1nh c\u1ee7a ng\u00f4n t\u1eebc\u00f3 th\u1ec3 \u0111\u01b0a b\u1ea1n t\u1eeb s\u1ef1 vui s\u01b0\u1edbng t\u1ed9t \u0111\u1ed9 \u0111\u1ebfn t\u00e2m tr\u1ea1ng t\u1ee5t d\u1ed1c, bu\u1ed3n \u0111au,ch\u00e1n n\u1ea3n. Cu\u1ed9c s\u1ed1ng c\u1ee7a b\u1ea1n s\u1ebd tr\u1edf n\u00ean t\u1ed1t \u0111\u1eb9p v\u00e0 h\u1ea1nh ph\u00fac h\u01a1n n\u1ebfu th\u1ea5u hi\u1ec3u \u0111\u01b0\u1ee3c \u1ea9n \u00fd v\u00e0 c\u00e1ch s\u1eed d\u1ee5ng kh\u00e9o l\u00e9o v\u00e0 linh ho\u1ea1t  ng\u00f4n t\u1eeb trong giao ti\u1ebfp.<\/p>\n<p>Cu\u1ed1n s\u00e1ch n\u00e0y c\u00f2n bao g\u1ed3m c\u00e1c tr\u00edch d\u1eabn h\u1eefu \u00edch t\u1eeb l\u0129nh v\u1ef1c Nh\u00e2n v\u0103n h\u1ecdc, \u0111\u1eb7c bi\u1ec7t l\u00e0 nh\u1eefng c\u00e2u n\u00f3i kinh \u0111i\u1ec3n c\u1ee7a c\u00e1c b\u1eadc th\u00e1nh hi\u1ec1n \u1edf ph\u01b0\u01a1ng \u0110\u00f4ng v\u00e0 ph\u01b0\u01a1ng T\u00e2y. Nh\u00e2n v\u0103n h\u1ecdc kh\u00e1m ph\u00e1 ng\u00f4n t\u1eeb s\u00e2u s\u1eafc h\u01a1n v\u00e0 ti\u1ebfp c\u1eadn ch\u00fang m\u1ed9t c\u00e1ch tinh t\u1ebf h\u01a1n b\u1ea5t k\u1ef3 m\u00f4n h\u1ecdc n\u00e0o kh\u00e1c. Tuy nhi\u00ean, m\u1ee5c ti\u00eau cu\u1ed1i c\u00f9ng kh\u00f4ng n\u1eb1m \u1edf ng\u00f4n t\u1eeb. Thay v\u00e0o \u0111\u00f3, l\u1eddi n\u00f3i ch\u00ednh l\u00e0 m\u1ed9t ph\u01b0\u01a1ng ti\u1ec7n \u0111\u1ec3 th\u1ef1c hi\u1ec7n m\u01a1 \u01b0\u1edbc thay \u0111\u1ed5i b\u1ea3n th\u00e2n v\u00e0 th\u1ebf gi\u1edbi.<\/p>\n<p>William Carlos Williams \u0111\u00e3 t\u1eebng n\u00f3i: \u201c\u0110i\u1ec1u b\u1ea1n n\u00f3i kh\u00f4ng quan tr\u1ecdng m\u00e0 quan tr\u1ecdng l\u00e0 c\u00e1ch b\u1ea1n n\u00f3i\u201d. Giao ti\u1ebfp l\u00e0 k\u1ef9 n\u0103ng m\u00e0 b\u1ea1n c\u00f3 th\u1ec3 h\u1ecdc h\u1ecfi v\u00e0 r\u00e8n luy\u1ec7n \u0111\u01b0\u1ee3c. N\u00f3 c\u0169ng gi\u1ed1ng nh\u01b0 khi b\u1ea1n t\u1eadp m\u00faa, t\u1eadp \u0111i xe. Ch\u1ec9 c\u1ea7n b\u1ea1n s\u1eb5n s\u00e0ng b\u1ecf th\u1eddi gian v\u00e0 c\u00f4ng s\u1ee9c v\u00ec n\u00f3, b\u1ea1n c\u00f3 th\u1ec3 th\u00e0nh c\u00f4ng.<\/p>\n<p>\u201cL\u1ebd n\u00e0o cu\u1ed9c \u0111\u1eddi m\u1ed7i ng\u01b0\u1eddi kh\u00f4ng th\u1ec3 tr\u1edf th\u00e0nh m\u1ed9t t\u00e1c ph\u1ea9m ngh\u1ec7 thu\u1eadt?<\/p>\n<p>M\u1ed9t ng\u00f4i nh\u00e0 c\u0169ng c\u00f3 th\u1ec3 tr\u1edf th\u00e0nh \u0111\u1ed1i t\u01b0\u1ee3ng c\u1ee7a ngh\u1ec7 thu\u1eadt, v\u1eady t\u1ea1i sao cu\u1ed9c \u0111\u1eddi c\u1ee7a ch\u00fang ta l\u1ea1i kh\u00f4ng th\u1ec3?\u201d<\/p>\n<p>N\u1ebfu b\u1ea1n \u0111\u00e3 t\u1eebng kh\u00f4ng t\u1ef1 tin trong giao ti\u1ebfp, \u0103n n\u00f3i ng\u1eadp ng\u1eebng trong nh\u1eefng cu\u1ed9c h\u1ecdp hay ho\u00e0i nghi kh\u1ea3 n\u0103ng c\u1ee7a m\u00ecnh, h\u00e3y th\u1eed b\u1eaft \u0111\u1ea7u trau d\u1ed3i ng\u00f4n ng\u1eef b\u1eb1ng c\u00e1ch t\u1ef1 giao ti\u1ebfp v\u1edbi ch\u00ednh m\u00ecnh. T\u1eeb \u0111\u00f3 t\u00ecm ra gi\u00e1 tr\u1ecb ti\u1ec1m t\u00e0ng trong con ng\u01b0\u1eddi b\u1ea1n v\u00e0 ho\u00e0n thi\u1ec7n ch\u00ednh m\u00ecnh v\u00e0 nh\u1eefng ng\u01b0\u1eddi xung quanh.<\/p>\n<p>Th\u1ebf gi\u1edbi l\u00e0 s\u1ef1 giao ti\u1ebfp v\u00e0 t\u01b0\u01a1ng t\u00e1c l\u1eabn nhau, h\u00e3y b\u01b0\u1edbc ra kh\u1ecfi v\u1ecf b\u1ecdc suy ngh\u0129 \u201cb\u1ea1n kh\u00f4ng l\u00e0m \u0111\u01b0\u1ee3c\u201d \u0111\u1ebfn thay \u0111\u1ed5i nh\u1eadn th\u1ee9c \u201ct\u1ea1i sao t\u00f4i kh\u00f4ng th\u1ec3 l\u00e0m \u0111\u01b0\u1ee3c?\u201d<\/p>\n<p>Hy v\u1ecdng cu\u1ed1n s\u00e1ch n\u00e0y s\u1ebd gi\u00fap b\u1ea1n thay \u0111\u1ed5i m\u00f4 h\u00ecnh l\u1eddi n\u00f3i v\u00e0 t\u1eeb \u0111\u00f3 thay \u0111\u1ed5i cu\u1ed9c s\u1ed1ng c\u0169ng nh\u01b0 th\u1ebf gi\u1edbi b\u1ea1n \u0111ang s\u1ed1ng.  <\/p>\n","protected":false},"excerpt":{"rendered":"<p>B\u00ed quy\u1ebft thay \u0111\u1ed5i kh\u1ea3 n\u0103ng ng\u00f4n ng\u1eef c\u1ee7a ch\u00ednh b\u1ea1n!<\/p>\n<p>Cu\u1ed1n s\u00e1ch y\u00eau th\u00edch c\u1ee7a V &#8211; th\u00e0nh vi\u00ean nh\u00f3m nh\u1ea1c n\u1ed5i ti\u1ebfng to\u00e0n c\u1ea7u BTS.<\/p>\n<p>L\u1ecdt top nh\u1eefng cu\u1ed1n s\u00e1ch \u0111\u01b0\u1ee3c \u0111\u1ecdc nhi\u1ec1u nh\u1ea5t H\u00e0n Qu\u1ed1c n\u0103m 2019.<\/p>\n<p>Li\u00ean t\u1ee5c sold out tr\u00ean to\u00e0n h\u1ec7 th\u1ed1ng m\u1ed7i l\u1ea7n t\u00e1i b\u1ea3n.<\/p>\n<p>\u0110\u01b0\u1ee3c nhi\u1ec1u qu\u1ed1c gia mua b\u1ea3n quy\u1ec1n v\u00e0 chuy\u1ec3n ng\u1eef sang nhi\u1ec1u th\u1ee9 ti\u1ebfng nh\u01b0 Trung Qu\u1ed1c, \u0110\u00e0i Loan, Th\u00e1i Lan,\u2026<\/p>\n<p>\u1ea4n ph\u1ea9m gi\u1edbi thi\u1ec7u \u0111\u1ebfn \u0111\u1ed9c gi\u1ea3 t\u00e1m giai \u0111o\u1ea1n kh\u00e1c nhau \u0111\u1ec3 c\u1ea3i thi\u1ec7n k\u1ef9 n\u0103ng n\u00f3i c\u1ee7a b\u1ea1n t\u1eeb c\u01a1 b\u1ea3n \u0111\u1ebfn n\u00e2ng cao.<\/p>\n<p>K\u1ef9 n\u0103ng giao ti\u1ebfp l\u00e0 m\u1ed9t trong nh\u1eefng k\u1ef9 n\u0103ng s\u1ed1ng v\u00f4 c\u00f9ng quan tr\u1ecdng, tuy nhi\u00ean \u0111\u00f4i khi ch\u00fang ta l\u1ea1i kh\u00f4ng m\u1ea5y \u0111\u1ec3 \u00fd t\u1edbi ch\u00fang. \u0110\u1ec3 \u0111\u1ea1t \u0111\u01b0\u1ee3c \u0111i\u1ec1u b\u1ea1n mong mu\u1ed1n, ng\u00f4n t\u1eeb ch\u00ednh l\u00e0 chi\u1ebfc ch\u00eca kh\u00f3a \u0111\u1ea7u ti\u00ean. S\u1ee9c m\u1ea1nh c\u1ee7a ng\u00f4n t\u1eebc\u00f3 th\u1ec3 \u0111\u01b0a b\u1ea1n t\u1eeb s\u1ef1 vui s\u01b0\u1edbng t\u1ed9t \u0111\u1ed9 \u0111\u1ebfn t\u00e2m tr\u1ea1ng t\u1ee5t d\u1ed1c, bu\u1ed3n \u0111au,ch\u00e1n n\u1ea3n. Cu\u1ed9c s\u1ed1ng c\u1ee7a b\u1ea1n s\u1ebd tr\u1edf n\u00ean t\u1ed1t \u0111\u1eb9p v\u00e0 h\u1ea1nh ph\u00fac h\u01a1n n\u1ebfu th\u1ea5u hi\u1ec3u \u0111\u01b0\u1ee3c \u1ea9n \u00fd v\u00e0 c\u00e1ch s\u1eed d\u1ee5ng kh\u00e9o l\u00e9o v\u00e0 linh ho\u1ea1t  ng\u00f4n t\u1eeb trong giao ti\u1ebfp.<\/p>\n<p>Cu\u1ed1n s\u00e1ch n\u00e0y c\u00f2n bao g\u1ed3m c\u00e1c tr\u00edch d\u1eabn h\u1eefu \u00edch t\u1eeb l\u0129nh v\u1ef1c Nh\u00e2n v\u0103n h\u1ecdc, \u0111\u1eb7c bi\u1ec7t l\u00e0 nh\u1eefng c\u00e2u n\u00f3i kinh \u0111i\u1ec3n c\u1ee7a c\u00e1c b\u1eadc th\u00e1nh hi\u1ec1n \u1edf ph\u01b0\u01a1ng \u0110\u00f4ng v\u00e0 ph\u01b0\u01a1ng T\u00e2y. Nh\u00e2n v\u0103n h\u1ecdc kh\u00e1m ph\u00e1 ng\u00f4n t\u1eeb s\u00e2u s\u1eafc h\u01a1n v\u00e0 ti\u1ebfp c\u1eadn ch\u00fang m\u1ed9t c\u00e1ch tinh t\u1ebf h\u01a1n b\u1ea5t k\u1ef3 m\u00f4n h\u1ecdc n\u00e0o kh\u00e1c. Tuy nhi\u00ean, m\u1ee5c ti\u00eau cu\u1ed1i c\u00f9ng kh\u00f4ng n\u1eb1m \u1edf ng\u00f4n t\u1eeb. Thay v\u00e0o \u0111\u00f3, l\u1eddi n\u00f3i ch\u00ednh l\u00e0 m\u1ed9t ph\u01b0\u01a1ng ti\u1ec7n \u0111\u1ec3 th\u1ef1c hi\u1ec7n m\u01a1 \u01b0\u1edbc thay \u0111\u1ed5i b\u1ea3n th\u00e2n v\u00e0 th\u1ebf gi\u1edbi.<\/p>\n<p>William Carlos Williams \u0111\u00e3 t\u1eebng n\u00f3i: \u201c\u0110i\u1ec1u b\u1ea1n n\u00f3i kh\u00f4ng quan tr\u1ecdng m\u00e0 quan tr\u1ecdng l\u00e0 c\u00e1ch b\u1ea1n n\u00f3i\u201d. Giao ti\u1ebfp l\u00e0 k\u1ef9 n\u0103ng m\u00e0 b\u1ea1n c\u00f3 th\u1ec3 h\u1ecdc h\u1ecfi v\u00e0 r\u00e8n luy\u1ec7n \u0111\u01b0\u1ee3c. N\u00f3 c\u0169ng gi\u1ed1ng nh\u01b0 khi b\u1ea1n t\u1eadp m\u00faa, t\u1eadp \u0111i xe. Ch\u1ec9 c\u1ea7n b\u1ea1n s\u1eb5n s\u00e0ng b\u1ecf th\u1eddi gian v\u00e0 c\u00f4ng s\u1ee9c v\u00ec n\u00f3, b\u1ea1n c\u00f3 th\u1ec3 th\u00e0nh c\u00f4ng.<\/p>\n<p>\u201cL\u1ebd n\u00e0o cu\u1ed9c \u0111\u1eddi m\u1ed7i ng\u01b0\u1eddi kh\u00f4ng th\u1ec3 tr\u1edf th\u00e0nh m\u1ed9t t\u00e1c ph\u1ea9m ngh\u1ec7 thu\u1eadt?<\/p>\n<p>M\u1ed9t ng\u00f4i nh\u00e0 c\u0169ng c\u00f3 th\u1ec3 tr\u1edf th\u00e0nh \u0111\u1ed1i t\u01b0\u1ee3ng c\u1ee7a ngh\u1ec7 thu\u1eadt, v\u1eady t\u1ea1i sao cu\u1ed9c \u0111\u1eddi c\u1ee7a ch\u00fang ta l\u1ea1i kh\u00f4ng th\u1ec3?\u201d<\/p>\n<p>N\u1ebfu b\u1ea1n \u0111\u00e3 t\u1eebng kh\u00f4ng t\u1ef1 tin trong giao ti\u1ebfp, \u0103n n\u00f3i ng\u1eadp ng\u1eebng trong nh\u1eefng cu\u1ed9c h\u1ecdp hay ho\u00e0i nghi kh\u1ea3 n\u0103ng c\u1ee7a m\u00ecnh, h\u00e3y th\u1eed b\u1eaft \u0111\u1ea7u trau d\u1ed3i ng\u00f4n ng\u1eef b\u1eb1ng c\u00e1ch t\u1ef1 giao ti\u1ebfp v\u1edbi ch\u00ednh m\u00ecnh. T\u1eeb \u0111\u00f3 t\u00ecm ra gi\u00e1 tr\u1ecb ti\u1ec1m t\u00e0ng trong con ng\u01b0\u1eddi b\u1ea1n v\u00e0 ho\u00e0n thi\u1ec7n ch\u00ednh m\u00ecnh v\u00e0 nh\u1eefng ng\u01b0\u1eddi xung quanh.<\/p>\n<p>Th\u1ebf gi\u1edbi l\u00e0 s\u1ef1 giao ti\u1ebfp v\u00e0 t\u01b0\u01a1ng t\u00e1c l\u1eabn nhau, h\u00e3y b\u01b0\u1edbc ra kh\u1ecfi v\u1ecf b\u1ecdc suy ngh\u0129 \u201cb\u1ea1n kh\u00f4ng l\u00e0m \u0111\u01b0\u1ee3c\u201d \u0111\u1ebfn thay \u0111\u1ed5i nh\u1eadn th\u1ee9c \u201ct\u1ea1i sao t\u00f4i kh\u00f4ng th\u1ec3 l\u00e0m \u0111\u01b0\u1ee3c?\u201d<\/p>\n<p>Hy v\u1ecdng cu\u1ed1n s\u00e1ch n\u00e0y s\u1ebd gi\u00fap b\u1ea1n thay \u0111\u1ed5i m\u00f4 h\u00ecnh l\u1eddi n\u00f3i v\u00e0 t\u1eeb \u0111\u00f3 thay \u0111\u1ed5i cu\u1ed9c s\u1ed1ng c\u0169ng nh\u01b0 th\u1ebf gi\u1edbi b\u1ea1n \u0111ang s\u1ed1ng.<\/p>\n","protected":false},"featured_media":10895,"template":"","meta":{"_acf_changed":false},"product_brand":[],"product_cat":[15,46],"product_tag":[],"class_list":{"0":"post-10896","1":"product","2":"type-product","3":"status-publish","4":"has-post-thumbnail","6":"product_cat-sach-danh-cho-nguoi-lon","7":"product_cat-ky-nang-song","9":"first","10":"outofstock","11":"taxable","12":"shipping-taxable","13":"purchasable","14":"product-type-simple"},"supplier_id":null,"supplier_sku":"","barcode":null,"atum_controlled":true,"out_stock_date":"2023-04-21 19:41:41","out_stock_threshold":null,"inheritable":false,"inbound_stock":0,"stock_on_hold":0,"sold_today":0,"sales_last_days":0,"reserved_stock":0,"customer_returns":0,"warehouse_damage":0,"lost_in_post":0,"other_logs":0,"out_stock_days":1013,"lost_sales":0,"has_location":false,"update_date":"2026-01-28T23:10:47","atum_locations":[],"atum_stock_status":"outofstock","restock_status":false,"low_stock_amount":"","sales_update_date":"2026-01-28T23:10:47","calc_backorders":null,"acf":{"publisher":{"ID":1785,"post_author":"1","post_date":"2021-02-17 01:54:46","post_date_gmt":"2021-02-16 23:54:46","post_content":"<!-- wp:flatsome\/uxbuilder -->\n<h1 style=\"text-align: center;\"><strong>AZ VIETNAM<\/strong><\/h1>\n[row]\n\n[col span=\"8\" span__sm=\"12\"]\n\n<p>Th\u00e0nh l\u1eadp n\u0103m: 2015<br \/>V\u1ed1n \u0111\u1ea7u t\u01b0: 4,000,000,000 \u0111\u1ed3ng<br \/><strong>L\u0129nh v\u1ef1c:<\/strong><br \/>- Xu\u1ea5t b\u1ea3n v\u00e0 ph\u00e1t h\u00e0nh v\u0103n h\u00f3a ph\u1ea9m<br \/>- Cung c\u1ea5p v\u0103n h\u00f3a ph\u1ea9m, c\u00e1c s\u1ea3n ph\u1ea9m cho in \u1ea5n, trang thi\u1ebft b\u1ecb cho c\u00e1c th\u01b0 vi\u1ec7n v\u00e0 trung t\u00e2m s\u00e1ch tr\u00ean c\u1ea3 n\u01b0\u1edbc.<br \/>- Th\u1eddi trang v\u00e0 c\u00e1c s\u1ea3n ph\u1ea9m li\u00ean quan \u0111\u1ebfn l\u0129nh v\u1ef1c th\u1eddi trang<br \/>- Xu\u1ea5t nh\u1eadp kh\u1ea9u c\u00e1c s\u1ea3n ph\u1ea9m v\u0103n h\u00f3a<\/p>\n<p><strong>Quy m\u00f4:<\/strong> 60 nh\u00e2n vi\u00ean<br \/>Kh\u1edfi ngu\u1ed3n c\u1ee7a AZ Vi\u1ec7t Nam ng\u00e0y nay l\u00e0 C\u00f4ng ty TNHH Trung t\u00e2m S\u00e1ch v\u00e0 Thi\u1ebft b\u1ecb Th\u01b0 vi\u1ec7n, v\u1edbi ho\u1ea1t \u0111\u1ed9ng \u0111\u1ea7u ti\u00ean l\u00e0 cung c\u1ea5p s\u00e1ch, trang thi\u1ebft b\u1ecb, v\u0103n h\u00f3a ph\u1ea9m cho c\u00e1c th\u01b0 vi\u1ec7n v\u00e0 trung t\u00e2m s\u00e1ch tr\u00ean c\u1ea3 n\u01b0\u1edbc. T\u1eeb cu\u1ed1i n\u0103m 2010 \u0111\u1ebfn nay, ch\u00fang t\u00f4i \u0111\u00e3 kh\u00f4ng ng\u1eebng n\u1ed7 l\u1ef1c khai ph\u00e1 v\u00e0 ph\u00e1t tri\u1ec3n c\u00e1c d\u00f2ng s\u1ea3n ph\u1ea9m m\u1edbi v\u1edbi 8 th\u01b0\u01a1ng hi\u1ec7u uy t\u00edn. \u0110\u1ec3 \u0111\u00e1p \u1ee9ng nhu c\u1ea7u ph\u00e1t tri\u1ec3n ng\u00e0y m\u1ed9t l\u1edbn m\u1ea1nh v\u00e0 t\u1eadp h\u1ee3p c\u00e1c th\u01b0\u01a1ng hi\u1ec7u \u0111\u00e3 \u0111\u01b0\u1ee3c ch\u00fang t\u00f4i x\u00e2y d\u1ef1ng, 2015 C\u00f4ng ty TNHH AZ Vi\u1ec7t Nam \u0111\u00e3 ra \u0111\u1eddi v\u1edbi s\u1ee9 m\u1ec7nh mang \u0111\u1ebfn nhi\u1ec1u h\u01a1n n\u1eefa nh\u1eefng gi\u00e1 tr\u1ecb tinh th\u1ea7n, tri th\u1ee9c ti\u00ean ti\u1ebfn cho ng\u01b0\u1eddi ti\u00eau d\u00f9ng b\u1eb1ng vi\u1ec7c cung c\u1ea5p nh\u1eefng s\u1ea3n ph\u1ea9m c\u00f3 ch\u1ea5t l\u01b0\u1ee3ng.<\/p>\n\n[\/col]\n[col span=\"4\" span__sm=\"12\"]\n\n[ux_image id=\"1836\" image_size=\"medium\"]\n\n\n[\/col]\n\n[\/row]\n\n<!-- \/wp:flatsome\/uxbuilder -->","post_title":"AZ Vi\u1ec7t Nam","post_excerpt":"","post_status":"publish","comment_status":"closed","ping_status":"closed","post_password":"","post_name":"az-viet-nam","to_ping":"","pinged":"","post_modified":"2021-02-17 22:07:10","post_modified_gmt":"2021-02-17 20:07:10","post_content_filtered":"","post_parent":0,"guid":"https:\/\/sachviet.eu\/nha-phat-hanh\/az-viet-nam\/","menu_order":0,"post_type":"publisher","post_mime_type":"","comment_count":"0","filter":"raw"}},"_links":{"self":[{"href":"https:\/\/sachviet.eu\/en\/wp-json\/wp\/v2\/product\/10896","targetHints":{"allow":["GET"]}}],"collection":[{"href":"https:\/\/sachviet.eu\/en\/wp-json\/wp\/v2\/product"}],"about":[{"href":"https:\/\/sachviet.eu\/en\/wp-json\/wp\/v2\/types\/product"}],"wp:featuredmedia":[{"embeddable":true,"href":"https:\/\/sachviet.eu\/en\/wp-json\/wp\/v2\/media\/10895"}],"wp:attachment":[{"href":"https:\/\/sachviet.eu\/en\/wp-json\/wp\/v2\/media?parent=10896"}],"wp:term":[{"taxonomy":"product_brand","embeddable":true,"href":"https:\/\/sachviet.eu\/en\/wp-json\/wp\/v2\/product_brand?post=10896"},{"taxonomy":"product_cat","embeddable":true,"href":"https:\/\/sachviet.eu\/en\/wp-json\/wp\/v2\/product_cat?post=10896"},{"taxonomy":"product_tag","embeddable":true,"href":"https:\/\/sachviet.eu\/en\/wp-json\/wp\/v2\/product_tag?post=10896"}],"curies":[{"name":"wp","href":"https:\/\/api.w.org\/{rel}","templated":true}]}}