{"id":10894,"date":"2021-06-03T01:05:35","date_gmt":"2021-06-02T22:05:35","guid":{"rendered":"https:\/\/sachviet.eu\/shop\/chuyen-xu-lang-biang-set-4-quyen\/"},"modified":"2021-08-08T15:34:12","modified_gmt":"2021-08-08T12:34:12","slug":"chuyen-xu-lang-biang-set-4-quyen","status":"publish","type":"product","link":"https:\/\/sachviet.eu\/en\/shop\/chuyen-xu-lang-biang-set-4-quyen\/","title":{"rendered":"Chuy\u1ec7n X\u1ee9 Lang Biang &#8211; set 4 quy\u1ec3n"},"content":{"rendered":"<p>B\u1ed9 s\u00e1ch Chuy\u1ec7n x\u1ee9 Lang Biang l\u00e0 c\u00e2u chuy\u1ec7n k\u1ec3 v\u1ec1 chuy\u1ebfn phi\u00eau l\u01b0u k\u1ef3 th\u00fa c\u1ee7a hai nh\u00e2n ch\u00ednh Nguy\u00ean v\u00e0 K\u0103ply b\u1ecb l\u1ea1c v\u00e0o x\u1ee9 ph\u00f9 th\u1ee7y Lang Biang v\u00e0 t\u00ecnh c\u1edd tr\u1edf th\u00e0nh hai \u201cChi\u1ebfn binh gi\u1eef \u0111\u1ec1n\u201d c\u00f3 nhi\u1ec7m v\u1ee5 ti\u00eau di\u1ec7t phe H\u1eafc \u00c1m. B\u1ed9 truy\u1ec7n ra \u0111\u1eddi \u0111\u00e3 nh\u1eadn \u0111\u01b0\u1ee3c s\u1ef1 \u0111\u00f3n nh\u1eadn n\u1ed3ng nhi\u1ec7t t\u1eeb ph\u00eda \u0111\u1ed9c gi\u1ea3 b\u1edfi s\u1ef1 h\u1ea5p d\u1eabn c\u1ee7a ti\u1ebft t\u1ea5u nhanh nh\u01b0 phim h\u00e0nh \u0111\u1ed9ng, c\u1ed9ng th\u00eam nh\u1eefng chi ti\u1ebft d\u00ed d\u1ecfm, h\u00e0i h\u01b0\u1edbc v\u1ed1n c\u00f3, v\u00e0 nh\u1ea5t l\u00e0 k\u1ebft th\u00fac lu\u00f4n \u0111\u1eb9p nh\u00e2n h\u1eadu \u0111\u00fang phong c\u00e1ch Nguy\u1ec5n Nh\u1eadt \u00c1nh.<\/p>\n","protected":false},"excerpt":{"rendered":"<p>B\u1ed9 s\u00e1ch Chuy\u1ec7n x\u1ee9 Lang Biang l\u00e0 c\u00e2u chuy\u1ec7n k\u1ec3 v\u1ec1 chuy\u1ebfn phi\u00eau l\u01b0u k\u1ef3 th\u00fa c\u1ee7a hai nh\u00e2n ch\u00ednh Nguy\u00ean v\u00e0 K\u0103ply b\u1ecb l\u1ea1c v\u00e0o x\u1ee9 ph\u00f9 th\u1ee7y Lang Biang v\u00e0 t\u00ecnh c\u1edd tr\u1edf th\u00e0nh hai \u201cChi\u1ebfn binh gi\u1eef \u0111\u1ec1n\u201d c\u00f3 nhi\u1ec7m v\u1ee5 ti\u00eau di\u1ec7t phe H\u1eafc \u00c1m. B\u1ed9 truy\u1ec7n ra \u0111\u1eddi \u0111\u00e3 nh\u1eadn \u0111\u01b0\u1ee3c s\u1ef1 \u0111\u00f3n nh\u1eadn n\u1ed3ng nhi\u1ec7t t\u1eeb ph\u00eda \u0111\u1ed9c gi\u1ea3 b\u1edfi s\u1ef1 h\u1ea5p d\u1eabn c\u1ee7a ti\u1ebft t\u1ea5u nhanh nh\u01b0 phim h\u00e0nh \u0111\u1ed9ng, c\u1ed9ng th\u00eam nh\u1eefng chi ti\u1ebft d\u00ed d\u1ecfm, h\u00e0i h\u01b0\u1edbc v\u1ed1n c\u00f3, v\u00e0 nh\u1ea5t l\u00e0 k\u1ebft th\u00fac lu\u00f4n \u0111\u1eb9p nh\u00e2n h\u1eadu \u0111\u00fang phong c\u00e1ch Nguy\u1ec5n Nh\u1eadt \u00c1nh.<\/p>\n","protected":false},"featured_media":10886,"template":"","meta":{"_acf_changed":false},"product_brand":[],"product_cat":[15,45],"product_tag":[],"class_list":{"0":"post-10894","1":"product","2":"type-product","3":"status-publish","4":"has-post-thumbnail","6":"product_cat-sach-danh-cho-nguoi-lon","7":"product_cat-tieu-thuyet","9":"first","10":"outofstock","11":"taxable","12":"shipping-taxable","13":"purchasable","14":"product-type-simple"},"supplier_id":null,"supplier_sku":"","barcode":null,"atum_controlled":true,"out_stock_date":"2021-08-08 12:34:12","out_stock_threshold":null,"inheritable":false,"inbound_stock":0,"stock_on_hold":0,"sold_today":0,"sales_last_days":0,"reserved_stock":0,"customer_returns":0,"warehouse_damage":0,"lost_in_post":0,"other_logs":0,"out_stock_days":1634,"lost_sales":0,"has_location":false,"update_date":"2026-01-28T23:10:47","atum_locations":[],"atum_stock_status":"outofstock","restock_status":false,"low_stock_amount":"","sales_update_date":"2026-01-28T23:10:47","calc_backorders":null,"acf":{"publisher":{"ID":1517,"post_author":"1","post_date":"2021-02-17 01:14:41","post_date_gmt":"2021-02-16 23:14:41","post_content":"","post_title":"NXB Tr\u1ebb","post_excerpt":"","post_status":"publish","comment_status":"closed","ping_status":"closed","post_password":"","post_name":"nxb-tre","to_ping":"","pinged":"","post_modified":"2021-02-17 01:14:41","post_modified_gmt":"2021-02-16 23:14:41","post_content_filtered":"","post_parent":0,"guid":"https:\/\/sachviet.eu\/nha-phat-hanh\/nxb-tre\/","menu_order":0,"post_type":"publisher","post_mime_type":"","comment_count":"0","filter":"raw"}},"_links":{"self":[{"href":"https:\/\/sachviet.eu\/en\/wp-json\/wp\/v2\/product\/10894","targetHints":{"allow":["GET"]}}],"collection":[{"href":"https:\/\/sachviet.eu\/en\/wp-json\/wp\/v2\/product"}],"about":[{"href":"https:\/\/sachviet.eu\/en\/wp-json\/wp\/v2\/types\/product"}],"wp:featuredmedia":[{"embeddable":true,"href":"https:\/\/sachviet.eu\/en\/wp-json\/wp\/v2\/media\/10886"}],"wp:attachment":[{"href":"https:\/\/sachviet.eu\/en\/wp-json\/wp\/v2\/media?parent=10894"}],"wp:term":[{"taxonomy":"product_brand","embeddable":true,"href":"https:\/\/sachviet.eu\/en\/wp-json\/wp\/v2\/product_brand?post=10894"},{"taxonomy":"product_cat","embeddable":true,"href":"https:\/\/sachviet.eu\/en\/wp-json\/wp\/v2\/product_cat?post=10894"},{"taxonomy":"product_tag","embeddable":true,"href":"https:\/\/sachviet.eu\/en\/wp-json\/wp\/v2\/product_tag?post=10894"}],"curies":[{"name":"wp","href":"https:\/\/api.w.org\/{rel}","templated":true}]}}