{"id":10885,"date":"2021-06-03T01:04:43","date_gmt":"2021-06-02T22:04:43","guid":{"rendered":"https:\/\/sachviet.eu\/shop\/bo-cau-khong-dua-thu-tai-ban\/"},"modified":"2021-06-23T21:17:55","modified_gmt":"2021-06-23T18:17:55","slug":"bo-cau-khong-dua-thu-tai-ban","status":"publish","type":"product","link":"https:\/\/sachviet.eu\/en\/shop\/bo-cau-khong-dua-thu-tai-ban\/","title":{"rendered":"B\u1ed3 C\u00e2u Kh\u00f4ng \u0110\u01b0a Th\u01b0 (T\u00e1i B\u1ea3n)"},"content":{"rendered":"<p>C\u00e2u chuy\u1ec7n b\u1eaft \u0111\u1ea7u t\u1eeb l\u00e1 th\u01b0 l\u00e0m quen \u0111\u1ec3 trong h\u1ecdc b\u00e0n c\u1ee7a Th\u1ee5c, trong b\u1ed9 ba Xuy\u1ebfn, Th\u1ee5c, C\u00fac H\u01b0\u01a1ng. L\u00e1 th\u01b0 ch\u00e2n t\u00ecnh \u0111\u00e3 thu h\u00fat s\u1ef1 t\u00f2 m\u00f2 c\u1ee7a b\u1ed9 ba, v\u00e0 h\u1ecd b\u1ecb cu\u1ed1n h\u00fat v\u00e0o tr\u00f2 ch\u01a1i v\u1edbi ng\u01b0\u1eddi gi\u1ea5u m\u1eb7t, d\u1ea7n h\u1ed3i k\u00e9o theo Ph\u00e1n c\u1ee7i, anh ch\u00e0ng x\u1ea5u x\u00ed v\u1ee5ng v\u1ec1 c\u1ee7a l\u1edbp l\u00e0m qu\u00e2n s\u01b0 v\u00e0 gi\u00fap x\u01b0\u1edbng h\u1ecda th\u01a1. Cu\u1ed9c truy t\u00ecm d\u1eabn m\u1ecdi ng\u01b0\u1eddi \u0111\u1ebfn nhi\u1ec1u hi\u1ec3u l\u1ea7m tai h\u1ea1i v\u00e0 c\u1ea3 nh\u1eefng b\u1ea5t ng\u1edd th\u00fa v\u1ecb. V\u00e0 \u0111i\u1ec1u b\u1ea5t ng\u1edd cu\u1ed1i c\u00f9ng \u0111\u00e3 \u0111\u01b0\u1ee3c ph\u00e1t hi\u1ec7n qu\u00e1 mu\u1ed9n. V\u00ec sao? Xin \u0111\u1ec3 cho b\u1ea1n \u0111\u1ecdc t\u1ef1 kh\u00e1m ph\u00e1.<\/p>\n","protected":false},"excerpt":{"rendered":"<p>C\u00e2u chuy\u1ec7n b\u1eaft \u0111\u1ea7u t\u1eeb l\u00e1 th\u01b0 l\u00e0m quen \u0111\u1ec3 trong h\u1ecdc b\u00e0n c\u1ee7a Th\u1ee5c, trong b\u1ed9 ba Xuy\u1ebfn, Th\u1ee5c, C\u00fac H\u01b0\u01a1ng. L\u00e1 th\u01b0 ch\u00e2n t\u00ecnh \u0111\u00e3 thu h\u00fat s\u1ef1 t\u00f2 m\u00f2 c\u1ee7a b\u1ed9 ba, v\u00e0 h\u1ecd b\u1ecb cu\u1ed1n h\u00fat v\u00e0o tr\u00f2 ch\u01a1i v\u1edbi ng\u01b0\u1eddi gi\u1ea5u m\u1eb7t, d\u1ea7n h\u1ed3i k\u00e9o theo Ph\u00e1n c\u1ee7i, anh ch\u00e0ng x\u1ea5u x\u00ed v\u1ee5ng v\u1ec1 c\u1ee7a l\u1edbp l\u00e0m qu\u00e2n s\u01b0 v\u00e0 gi\u00fap x\u01b0\u1edbng h\u1ecda th\u01a1. Cu\u1ed9c truy t\u00ecm d\u1eabn m\u1ecdi ng\u01b0\u1eddi \u0111\u1ebfn nhi\u1ec1u hi\u1ec3u l\u1ea7m tai h\u1ea1i v\u00e0 c\u1ea3 nh\u1eefng b\u1ea5t ng\u1edd th\u00fa v\u1ecb. V\u00e0 \u0111i\u1ec1u b\u1ea5t ng\u1edd cu\u1ed1i c\u00f9ng \u0111\u00e3 \u0111\u01b0\u1ee3c ph\u00e1t hi\u1ec7n qu\u00e1 mu\u1ed9n. V\u00ec sao? Xin \u0111\u1ec3 cho b\u1ea1n \u0111\u1ecdc t\u1ef1 kh\u00e1m ph\u00e1.<\/p>\n","protected":false},"featured_media":10876,"template":"","meta":{"_acf_changed":false},"product_brand":[],"product_cat":[15,45],"product_tag":[],"class_list":{"0":"post-10885","1":"product","2":"type-product","3":"status-publish","4":"has-post-thumbnail","6":"product_cat-sach-danh-cho-nguoi-lon","7":"product_cat-tieu-thuyet","9":"first","10":"outofstock","11":"taxable","12":"shipping-taxable","13":"purchasable","14":"product-type-simple"},"supplier_id":null,"supplier_sku":"","barcode":null,"atum_controlled":true,"out_stock_date":"2021-06-23 18:17:55","out_stock_threshold":null,"inheritable":false,"inbound_stock":0,"stock_on_hold":0,"sold_today":0,"sales_last_days":0,"reserved_stock":0,"customer_returns":0,"warehouse_damage":0,"lost_in_post":0,"other_logs":0,"out_stock_days":1680,"lost_sales":0,"has_location":false,"update_date":"2026-01-28T23:10:47","atum_locations":[],"atum_stock_status":"outofstock","restock_status":false,"low_stock_amount":"","sales_update_date":"2026-01-28T23:10:47","calc_backorders":null,"acf":{"publisher":{"ID":1517,"post_author":"1","post_date":"2021-02-17 01:14:41","post_date_gmt":"2021-02-16 23:14:41","post_content":"","post_title":"NXB Tr\u1ebb","post_excerpt":"","post_status":"publish","comment_status":"closed","ping_status":"closed","post_password":"","post_name":"nxb-tre","to_ping":"","pinged":"","post_modified":"2021-02-17 01:14:41","post_modified_gmt":"2021-02-16 23:14:41","post_content_filtered":"","post_parent":0,"guid":"https:\/\/sachviet.eu\/nha-phat-hanh\/nxb-tre\/","menu_order":0,"post_type":"publisher","post_mime_type":"","comment_count":"0","filter":"raw"}},"_links":{"self":[{"href":"https:\/\/sachviet.eu\/en\/wp-json\/wp\/v2\/product\/10885","targetHints":{"allow":["GET"]}}],"collection":[{"href":"https:\/\/sachviet.eu\/en\/wp-json\/wp\/v2\/product"}],"about":[{"href":"https:\/\/sachviet.eu\/en\/wp-json\/wp\/v2\/types\/product"}],"wp:featuredmedia":[{"embeddable":true,"href":"https:\/\/sachviet.eu\/en\/wp-json\/wp\/v2\/media\/10876"}],"wp:attachment":[{"href":"https:\/\/sachviet.eu\/en\/wp-json\/wp\/v2\/media?parent=10885"}],"wp:term":[{"taxonomy":"product_brand","embeddable":true,"href":"https:\/\/sachviet.eu\/en\/wp-json\/wp\/v2\/product_brand?post=10885"},{"taxonomy":"product_cat","embeddable":true,"href":"https:\/\/sachviet.eu\/en\/wp-json\/wp\/v2\/product_cat?post=10885"},{"taxonomy":"product_tag","embeddable":true,"href":"https:\/\/sachviet.eu\/en\/wp-json\/wp\/v2\/product_tag?post=10885"}],"curies":[{"name":"wp","href":"https:\/\/api.w.org\/{rel}","templated":true}]}}